{"id":14785,"date":"2024-09-20T09:34:11","date_gmt":"2024-09-20T09:34:11","guid":{"rendered":"https:\/\/travelshelper.com\/staging\/?page_id=14785"},"modified":"2026-03-11T18:16:36","modified_gmt":"2026-03-11T18:16:36","slug":"quirguistao","status":"publish","type":"page","link":"https:\/\/travelshelper.com\/pt\/destinations\/asia\/kyrgyzstan\/","title":{"rendered":"Quirguist\u00e3o"},"content":{"rendered":"<p>O Quirguist\u00e3o, oficialmente Rep\u00fablica Quirguiz, ocupa uma faixa acidentada da \u00c1sia Central, com seu territ\u00f3rio definido pelas altas cristas das cordilheiras Tian Shan e Pamir. Com terras delimitadas pelo Cazaquist\u00e3o ao norte, Uzbequist\u00e3o a oeste, Tadjiquist\u00e3o ao sul e China a leste, a rep\u00fablica se estende entre 39\u00b0 e 44\u00b0 de latitude norte e 69\u00b0 e 81\u00b0 de longitude leste. Bishkek, seu centro administrativo, situa-se no sop\u00e9 norte, enquanto Osh \u2014 sua segunda cidade e um dos assentamentos urbanos mais antigos da regi\u00e3o \u2014 situa-se perto dos bra\u00e7os f\u00e9rteis do Vale de Fergana. O estado conta com pouco mais de sete milh\u00f5es de habitantes, principalmente de etnia quirguiz, al\u00e9m de consider\u00e1veis \u200b\u200bcomunidades uzbeque e russa. Este artigo analisa os contornos f\u00edsicos do Quirguist\u00e3o, seu passado complexo e as for\u00e7as sociais e econ\u00f4micas que moldam seu presente.<\/p>\n\n\n\n<p>A presen\u00e7a humana no atual Quirguist\u00e3o remonta a tribos n\u00f4mades que vagavam pelas estepes muito antes dos registros hist\u00f3ricos. Os quirguizes ienisseis estabeleceram um canato no in\u00edcio da Idade M\u00e9dia, apenas para serem subsumidos por sucessivas confedera\u00e7\u00f5es turcas. No s\u00e9culo XIII, o Imp\u00e9rio Mongol incorporou a regi\u00e3o; o dom\u00ednio ind\u00edgena ressurgiu intermitentemente sob os estados sucessores mong\u00f3is e, posteriormente, sob o Canato Dzungar. Ap\u00f3s a queda dos Dzungars, os quirguizes e grupos kipchaks relacionados formaram parte do Canato Kokand at\u00e9 1876, quando a R\u00fassia czarista anexou o territ\u00f3rio. Nas seis d\u00e9cadas seguintes, colonos eslavos transformaram pastagens baixas em terras cultivadas, enquanto revoltas locais contra o recrutamento imperial eclodiam ocasionalmente.<\/p>\n\n\n\n<p>Sob a administra\u00e7\u00e3o sovi\u00e9tica, o Oblast Aut\u00f4nomo de Kara-Quirguist\u00e3o tomou forma dentro da Rep\u00fablica Sovi\u00e9tica Russa, renomeada Rep\u00fablica Socialista Sovi\u00e9tica Aut\u00f4noma do Quirguist\u00e3o em 1926 e elevada ao status de rep\u00fablica sindical em 1936. Frunze \u2014 anteriormente Pishpek \u2014 tornou-se a capital, e a russifica\u00e7\u00e3o, a industrializa\u00e7\u00e3o e a coletiviza\u00e7\u00e3o remodelaram a sociedade. A l\u00edngua quirguiz adotou o latim e, posteriormente, o cir\u00edlico, a escolaridade obrigat\u00f3ria promoveu a alfabetiza\u00e7\u00e3o e a Epopeia de Manas entrou em forma escrita. O per\u00edodo sovi\u00e9tico tamb\u00e9m trouxe minorias deportadas \u2014 alem\u00e3es, chechenos e poloneses \u2014, aumentando a diversidade da regi\u00e3o.<\/p>\n\n\n\n<p>Em 1990, com as reformas de Mikhail Gorbachev afrouxando o controle de Moscou, o sentimento pr\u00f3-independ\u00eancia levou \u00e0 elei\u00e7\u00e3o de Askar Akayev como presidente. Em 31 de agosto de 1991, o Quirguist\u00e3o declarou sua soberania em rela\u00e7\u00e3o \u00e0 Uni\u00e3o Sovi\u00e9tica. A rep\u00fablica ajustou sua constitui\u00e7\u00e3o, alterou as grafias em ingl\u00eas e russo para corresponder ao end\u00f4nimo quirguiz e restaurou o nome ind\u00edgena da capital como Bishkek.<\/p>\n\n\n\n<p>Ap\u00f3s a independ\u00eancia, o Quirguist\u00e3o adotou um modelo presidencialista forte. O descontentamento com o mandato cada vez mais autorit\u00e1rio de Akayev impulsionou a &#034;Revolu\u00e7\u00e3o das Tulipas&#034; de 2005, que instalou Kurmanbek Bakiyev. O governo de Bakiyev tamb\u00e9m enfrentou disputas constitucionais e alega\u00e7\u00f5es de irregularidades eleitorais. Em 2010, a agita\u00e7\u00e3o popular levou a uma nova transi\u00e7\u00e3o, e surgiu um h\u00edbrido parlamentar-presidencialista. Na d\u00e9cada seguinte, a mudan\u00e7a no equil\u00edbrio de poder entre os \u00f3rg\u00e3os executivo e legislativo produziu um arranjo semipresidencialista at\u00e9 que as reformas de 2021 restauraram um papel presidencial dominante. Ao longo desse per\u00edodo, tens\u00f5es \u00e9tnicas \u2014 especialmente entre as comunidades quirguiz e uzbeque \u2014 aumentaram nas prov\u00edncias do sul, enquanto dificuldades econ\u00f4micas e elei\u00e7\u00f5es contestadas provocaram protestos peri\u00f3dicos.<\/p>\n\n\n\n<p>Cerca de 80% do Quirguist\u00e3o situa-se acima de 1.500 metros de altitude. Os picos das montanhas frequentemente ultrapassam os 7.000 metros; Jengish Chokusu (antigo Pico Pobeda) atinge 7.439 metros na fronteira com a China, marcando o cume mais setentrional do mundo acima de 7.000 metros. Vales \u2014 principalmente os dos rios Naryn e Kara Darya \u2014 serpenteando entre cumes alimentam o Syr Darya, que outrora alcan\u00e7ava o Mar de Aral antes de suas \u00e1guas serem desviadas para o cultivo de algod\u00e3o irrigado em estados a jusante. O Rio Chu atravessa o norte antes de prosseguir para o Cazaquist\u00e3o. Fortes nevascas no inverno desencadeiam enchentes na primavera que remodelam as margens dos rios e amea\u00e7am os assentamentos a jusante, enquanto o escoamento abastece in\u00fameras usinas hidrel\u00e9tricas.<\/p>\n\n\n\n<p>Issyk-Kul, um lago salino situado a 1.607 metros de altitude no setor nordeste de Tian Shan, representa o segundo maior lago alpino do mundo, depois do Lago Titicaca. Seu nome, que em quirguiz significa &#034;lago quente&#034;, reflete a aus\u00eancia de gelo no inverno, apesar das temperaturas frias do ar. As terras cultivadas representam menos de 8% da \u00e1rea total; as terras ar\u00e1veis \u200b\u200bconcentram-se nas plan\u00edcies do norte e nas margens da Bacia de Fergana. Encostas florestadas com con\u00edferas d\u00e3o lugar a prados alpinos, contrafortes semides\u00e9rticos e desertos em altitudes mais baixas, abrigando sete ecossistemas terrestres distintos. Em 2019, uma pesquisa global classificou o Quirguist\u00e3o em d\u00e9cimo terceiro lugar em integridade da paisagem florestal.<\/p>\n\n\n\n<p>As influ\u00eancias continentais dominam, mas a altitude impulsiona os contrastes regionais. O Vale Fergana experimenta calor subtropical, com m\u00e1ximas de ver\u00e3o pr\u00f3ximas a 40 \u00b0C e invernos amenos. Os contrafortes do norte apresentam condi\u00e7\u00f5es temperadas. Nas altas cordilheiras, as condi\u00e7\u00f5es variam de continentais secas a polares; a neve persiste durante grande parte do ano acima de 3.000 metros. Os invernos podem apresentar temperaturas abaixo de -20 \u00b0C em \u00e1reas expostas, provocando forte cobertura de neve mesmo em algumas bacias mais baixas por per\u00edodos que duram mais de um m\u00eas. Nas terras baixas, as m\u00e9dias de janeiro se aproximam de -6 \u00b0C, enquanto em julho, a m\u00e9dia \u00e9 de 24 \u00b0C.<\/p>\n\n\n\n<p>O Quirguist\u00e3o divide-se em sete regi\u00f5es (oblustar) e duas cidades de import\u00e2ncia nacional \u2014 Bisqueque e Osh \u2014 que operam fora da jurisdi\u00e7\u00e3o regional. As regi\u00f5es subdividem-se em quarenta e quatro distritos (aymaqtar), cada um supervisionado por um governador (akim) nomeado pelo presidente por meio de autoridades regionais. Os distritos subdividem-se ainda em munic\u00edpios rurais (ayyl \u00f6km\u00f6t\u00fc), que abrangem aldeias sem estatuto municipal separado. As regi\u00f5es s\u00e3o: Batken, Ch\u00fcy, Jalal-Abad, Naryn, Osh, Talas e Issyk-Kul. Cada regi\u00e3o reflete paisagens e perfis econ\u00f4micos distintos \u2014 desde o isolamento montanhoso de Naryn at\u00e9 as extens\u00f5es agr\u00e1rias de Ch\u00fcy.<\/p>\n\n\n\n<p>O Quirguist\u00e3o ocupa a 117\u00aa posi\u00e7\u00e3o no \u00cdndice de Desenvolvimento Humano e, depois do Tajiquist\u00e3o, \u00e9 o segundo pa\u00eds mais pobre da \u00c1sia Central. Sua economia em transi\u00e7\u00e3o depende fortemente das exporta\u00e7\u00f5es de minerais \u2014 particularmente ouro, carv\u00e3o e ur\u00e2nio \u2014 e das remessas de cerca de 800.000 quirguizes que trabalham no exterior, principalmente na R\u00fassia. O banco estatal, o Banco Nacional da Rep\u00fablica do Quirguist\u00e3o, administra a emiss\u00e3o de moeda \u2014 o som quirguiz (KGS) \u2014 e alinha a pol\u00edtica monet\u00e1ria com as reformas fiscais. Ap\u00f3s o colapso sovi\u00e9tico, os mercados de exporta\u00e7\u00e3o evaporaram, for\u00e7ando ajustes dolorosos: cessa\u00e7\u00e3o dos subs\u00eddios aos pre\u00e7os, introdu\u00e7\u00e3o de um imposto sobre valor agregado e redu\u00e7\u00e3o dos gastos p\u00fablicos. A ades\u00e3o \u00e0 Organiza\u00e7\u00e3o Mundial do Com\u00e9rcio em 20 de dezembro de 1998 sinalizou um compromisso com a liberaliza\u00e7\u00e3o.<\/p>\n\n\n\n<p>A agricultura contribuiu com mais de 35% do PIB em 2002 e empregou cerca de metade da for\u00e7a de trabalho. A pecu\u00e1ria domina, com ovelhas, gado e cavalos criados em pastagens de montanha, produzindo l\u00e3, carne e latic\u00ednios. O cultivo de culturas concentra-se em trigo, beterraba, batata, algod\u00e3o e tabaco, embora os altos custos de importa\u00e7\u00e3o de agroqu\u00edmicos e combust\u00edveis limitem a mecaniza\u00e7\u00e3o, obrigando muitos pequenos agricultores a empregar cavalos e m\u00e3o de obra manual. O processamento de produtos agr\u00edcolas, principalmente latic\u00ednios, carne e algod\u00e3o, oferece oportunidades de investimento.<\/p>\n\n\n\n<p>A riqueza mineral sustenta a metalurgia: a extra\u00e7\u00e3o de ouro na mina de Kumtor atraiu parceiros estrangeiros, apesar das preocupa\u00e7\u00f5es ambientais. O desenvolvimento hidrel\u00e9trico aproveita o escoamento das montanhas, com potencial para expandir a eletricidade export\u00e1vel. As reservas de petr\u00f3leo e g\u00e1s natural s\u00e3o insignificantes, o que leva \u00e0 importa\u00e7\u00e3o para atender \u00e0s necessidades nacionais.<\/p>\n\n\n\n<p>Em agosto de 2020, a popula\u00e7\u00e3o era de aproximadamente 6,59 milh\u00f5es, com 34,4% com menos de 15 anos e 6,2% com mais de 65 anos; moradores urbanos representam cerca de um ter\u00e7o do total, resultando em uma densidade m\u00e9dia de 25 pessoas por quil\u00f4metro quadrado. Os quirguizes \u00e9tnicos constituem 77,8%; os uzbeques representam 14,2%, principalmente no sul; os russos comp\u00f5em 3,8%, concentrados em torno de Bishkek e Chuy. Grupos menores incluem dunganos, tadjiques, uigures, cazaques e outros, totalizando mais de 80 comunidades distintas. Desde a independ\u00eancia, a propor\u00e7\u00e3o de quirguizes \u00e9tnicos aumentou de aproximadamente 50% em 1979 para mais de 70% em 2013, com a emigra\u00e7\u00e3o de muitos russos, ucranianos e alem\u00e3es.<\/p>\n\n\n\n<p>Tradicionalmente, os quirguizes praticavam o pastoreio sazonal, transferindo o gado para pastagens nas terras altas (jailoo) no ver\u00e3o, residindo em tendas redondas port\u00e1teis chamadas yurts. Uzbeques e tadjiques, por outro lado, praticavam agricultura irrigada na plan\u00edcie de Fergana. Embora a migra\u00e7\u00e3o urbana tenha aumentado, esses padr\u00f5es persistem nas \u00e1reas rurais. No \u00cdndice Global da Fome de 2024, o Quirguist\u00e3o ficou em 36\u00ba lugar entre 127 pa\u00edses, com uma pontua\u00e7\u00e3o de 6,8 classificada como baixa fome.<\/p>\n\n\n\n<p>O quirguiz, uma l\u00edngua turca do ramo kipchak, serve como l\u00edngua oficial; o russo tem status cooficial desde 2000. O quirguiz emprega a escrita cir\u00edlica introduzida em 1941. Uma reforma baseada no latim, modelada ap\u00f3s a mudan\u00e7a do vizinho Cazaquist\u00e3o, permanece em debate; em abril de 2023, a R\u00fassia suspendeu as exporta\u00e7\u00f5es de latic\u00ednios depois que o presidente da comiss\u00e3o de l\u00ednguas prop\u00f4s uma transi\u00e7\u00e3o para o latim. A m\u00eddia nacional de transmiss\u00e3o e impress\u00e3o opera em ambas as l\u00ednguas, embora os ve\u00edculos russos \u2014 apoiados por Moscou \u2014 mantenham forte audi\u00eancia, especialmente nos distritos urbanos e do norte. Em Bishkek, dados da pesquisa de 2020 indicaram que 55,6% das fam\u00edlias falavam russo em casa, 43,6% quirguiz; em todo o pa\u00eds, 70,9% usavam o quirguiz internamente. Neg\u00f3cios e assuntos oficiais ocorrem frequentemente em russo, embora as sess\u00f5es parlamentares agora sejam predefinidas para o quirguiz com interpreta\u00e7\u00e3o simult\u00e2nea.<\/p>\n\n\n\n<p>O islamismo predomina: o CIA World Factbook estimou em 2017 que 90% dos cidad\u00e3os se identificam como mu\u00e7ulmanos, principalmente n\u00e3o denominacionais ou sunitas sob a escola Hanafi, embora pesquisas de autoidentifica\u00e7\u00e3o em 2012 tenham encontrado 64% declarando simplesmente &#034;mu\u00e7ulmanos&#034;, com apenas 23% especificando sunitas. Durante os tempos sovi\u00e9ticos, o ate\u00edsmo tinha influ\u00eancia oficial; desde a independ\u00eancia, a observ\u00e2ncia religiosa e a constru\u00e7\u00e3o de mesquitas aumentaram, acompanhadas por apelos para restaurar os valores espirituais. Um relat\u00f3rio Pew de 2009 registrou 86,3% de ades\u00e3o ao islamismo. Pequenas minorias crist\u00e3s \u2014 predominantemente ortodoxas russas, ortodoxas ucranianas, luteranas, anabatistas e cat\u00f3licas romanas \u2014 compreendem cerca de 7%. As Testemunhas de Jeov\u00e1 somam entre 5.000 e 10.000 adeptos. Um punhado de judeus, principalmente bukharianos e asquenazes, permanecem. Tradi\u00e7\u00f5es populares e sufis persistem ao lado de costumes derivados do budismo, como amarrar bandeiras de ora\u00e7\u00e3o em \u00e1rvores sagradas.<\/p>\n\n\n\n<p>A topografia alpina limita as estradas a vales estreitos e passagens elevadas \u2014 frequentemente acima de 3.000 metros \u2014, expostas a avalanches e deslizamentos de terra. Uma moderna rodovia norte-sul ligando Bishkek e Osh, conclu\u00edda com o apoio do Banco Asi\u00e1tico de Desenvolvimento, melhorou o acesso entre os vales de Ch\u00fcy e Fergana. H\u00e1 planos para um ramal a leste, em dire\u00e7\u00e3o \u00e0 China. A extens\u00e3o total da estrada \u00e9 de aproximadamente 34.000 km, dos quais 22.600 km s\u00e3o pavimentados; trechos n\u00e3o pavimentados, totalizando 7.700 km, tornam-se perigosos em condi\u00e7\u00f5es de chuva.<\/p>\n\n\n\n<p>A infraestrutura ferrovi\u00e1ria, constru\u00edda sem levar em conta fronteiras posteriores, abrange atualmente cerca de 370 km de trilhos de bitola larga, utilizados com parcim\u00f4nia devido ao rompimento das liga\u00e7\u00f5es com o Uzbequist\u00e3o e o Cazaquist\u00e3o. Em 2022, foram iniciadas as obras de uma extens\u00e3o de 186 km de Balykchy a Karakeche para o transporte de carv\u00e3o; em junho de 2023, foi inaugurada a linha Balykchy-Bishkek. A Ferrovia China-Quirguist\u00e3o-Uzbequist\u00e3o, parte da Iniciativa Cintur\u00e3o e Rota, est\u00e1 prevista para come\u00e7ar a ser constru\u00edda em julho de 2025, abrangendo 523 km entre os tr\u00eas estados.<\/p>\n\n\n\n<p>O tr\u00e1fego a\u00e9reo concentra-se no Aeroporto Internacional de Manas, perto de Bishkek, com rotas para Moscou, Almaty, Istambul e Dubai; o Aeroporto de Osh oferece voos di\u00e1rios para a capital e voos para as principais cidades da R\u00fassia e da \u00c1sia Central. Jalal-Abad mant\u00e9m conex\u00f5es para Bishkek e conex\u00f5es sazonais para Issyk-Kul. Muitos aer\u00f3dromos da era sovi\u00e9tica permanecem inativos ou restritos ao uso militar. As companhias a\u00e9reas quirguizes aparecem na lista de aeronaves proibidas da Uni\u00e3o Europeia devido a preocupa\u00e7\u00f5es com a seguran\u00e7a.<\/p>\n\n\n\n<p>Paisagens montanhosas, lagos alpinos e patrim\u00f4nios culturais definem o charme do Quirguist\u00e3o. A costa norte de Issyk-Kul abriga resorts em Cholpon-Ata, Kara-Oi e Bosteri; o n\u00famero anual de visitantes atingiu um pico acima de um milh\u00e3o em 2006-07, antes que a instabilidade regional reduzisse o n\u00famero de visitantes. O Vale Alay e o Lago Son-Kul atraem pastores e praticantes de trekking durante o nomadismo de ver\u00e3o. A Reserva Natural Sary-Chelek oferece trilhas entre lagos glaciais e florestas mistas. O caravan\u00e7arai de pedra de Tash Rabat, datado do s\u00e9culo XV, situa-se ao longo das antigas rotas da Rota da Seda. A Torre Burana, um minarete do s\u00e9culo X perto de Tokmok, lembra a capital Balasagun. O Parque Nacional Ala Archa, a meia hora de Bishkek, apresenta picos com mais de 4.000 metros e trilhas sinalizadas.<\/p>\n\n\n\n<p>Visitantes urbanos exploram as pra\u00e7as, museus e bazares da era sovi\u00e9tica de Bishkek; o amplo mercado ao ar livre de Osh funciona diariamente perto de Sulaiman-Too, o \u00fanico Patrim\u00f4nio Mundial da UNESCO do pa\u00eds. Assentamentos rurais como Arslanbob, conhecido por suas florestas de nogueiras e peregrina\u00e7\u00e3o isl\u00e2mica, ou Kochkor, uma porta de entrada para as trilhas Song-Kul, exibem o artesanato local e o estilo de vida pastoral. Os viajantes podem se hospedar em yurts, experimentar beshbarmak e manti e participar de festivais que exibem esportes equestres, m\u00fasica e poesia oral. Servi\u00e7os de ca\u00e7a, pesca e heli-esqui tamb\u00e9m operam em vales selecionados.<\/p>\n\n\n\n<p>Dadas as normas sociais ocidentalizadas \u2014 apesar da maioria nominal mu\u00e7ulmana \u2014, os c\u00f3digos de vestimenta permanecem relaxados nas cidades, embora trajes conservadores sejam recomendados nas zonas rurais do sul. A criminalidade tem aumentado nos \u00faltimos anos; recomenda-se cautela ap\u00f3s o anoitecer nos centros urbanos. Os servi\u00e7os de emerg\u00eancia atendem pelos n\u00fameros 101 (bombeiros), 102 (pol\u00edcia) e 103 (m\u00e9dicos), com o c\u00f3digo de discagem internacional +996.<\/p>\n\n\n\n<p>O Quirguist\u00e3o equilibra sua geografia acidentada com pr\u00e1ticas culturais duradouras e uma hist\u00f3ria moldada pelo imp\u00e9rio e pela revolu\u00e7\u00e3o. Sua economia negocia a depend\u00eancia de remessas e ind\u00fastrias extrativas, enquanto busca diversifica\u00e7\u00e3o por meio da energia hidrel\u00e9trica e do turismo. A dualidade lingu\u00edstica ressalta identidades complexas, e a vida religiosa mescla tradi\u00e7\u00e3o com governan\u00e7a secular. Melhorias no transporte continuam a unir as montanhas, mesmo com a imin\u00eancia de projetos de integra\u00e7\u00e3o regional. Para aqueles que atravessam seus desfiladeiros e vales, o Quirguist\u00e3o apresenta uma paisagem desafiadora e envolvente, uma rep\u00fablica definida tanto por seus contornos quanto por seu povo.<\/p>","protected":false},"excerpt":{"rendered":"<p>O Quirguist\u00e3o, localizado na \u00c1sia Central, exemplifica a profunda hist\u00f3ria da regi\u00e3o e suas paisagens naturais deslumbrantes. Oficialmente chamado de Rep\u00fablica do Quirguist\u00e3o, este pa\u00eds sem litoral situa-se estrategicamente nas montanhas de Tian Shan e Pamir. Com uma popula\u00e7\u00e3o de mais de 7 milh\u00f5es, o centro pol\u00edtico e comercial do Quirguist\u00e3o \u00e9 Bishkek, a capital e maior cidade. Ao norte, o Cazaquist\u00e3o; a oeste, o Uzbequist\u00e3o; ao sul, o Tajiquist\u00e3o; e a leste e sudeste, a China. O pa\u00eds faz fronteira com cada uma dessas na\u00e7\u00f5es, estando, portanto, na jun\u00e7\u00e3o de muitas civiliza\u00e7\u00f5es e influ\u00eancias.<\/p>","protected":false},"author":1,"featured_media":3487,"parent":24063,"menu_order":0,"comment_status":"closed","ping_status":"closed","template":"elementor_theme","meta":{"_eb_attr":"","footnotes":""},"class_list":["post-14785","page","type-page","status-publish","has-post-thumbnail"],"_links":{"self":[{"href":"https:\/\/travelshelper.com\/pt\/wp-json\/wp\/v2\/pages\/14785","targetHints":{"allow":["GET"]}}],"collection":[{"href":"https:\/\/travelshelper.com\/pt\/wp-json\/wp\/v2\/pages"}],"about":[{"href":"https:\/\/travelshelper.com\/pt\/wp-json\/wp\/v2\/types\/page"}],"author":[{"embeddable":true,"href":"https:\/\/travelshelper.com\/pt\/wp-json\/wp\/v2\/users\/1"}],"replies":[{"embeddable":true,"href":"https:\/\/travelshelper.com\/pt\/wp-json\/wp\/v2\/comments?post=14785"}],"version-history":[{"count":0,"href":"https:\/\/travelshelper.com\/pt\/wp-json\/wp\/v2\/pages\/14785\/revisions"}],"up":[{"embeddable":true,"href":"https:\/\/travelshelper.com\/pt\/wp-json\/wp\/v2\/pages\/24063"}],"wp:featuredmedia":[{"embeddable":true,"href":"https:\/\/travelshelper.com\/pt\/wp-json\/wp\/v2\/media\/3487"}],"wp:attachment":[{"href":"https:\/\/travelshelper.com\/pt\/wp-json\/wp\/v2\/media?parent=14785"}],"curies":[{"name":"wp","href":"https:\/\/api.w.org\/{rel}","templated":true}]}}