{"id":14764,"date":"2024-09-20T09:03:31","date_gmt":"2024-09-20T09:03:31","guid":{"rendered":"https:\/\/travelshelper.com\/staging\/?page_id=14764"},"modified":"2026-03-11T18:19:15","modified_gmt":"2026-03-11T18:19:15","slug":"kuwait","status":"publish","type":"page","link":"https:\/\/travelshelper.com\/pt\/destinations\/asia\/kuwait\/","title":{"rendered":"Kuwait"},"content":{"rendered":"<p>O Kuwait ocupa uma estreita faixa de deserto onde a Pen\u00ednsula Ar\u00e1bica encontra o Golfo P\u00e9rsico. Sua fronteira norte faz fronteira com o Iraque, enquanto a Ar\u00e1bia Saudita fica ao sul; al\u00e9m de seus cerca de 500 km de litoral, o pa\u00eds faz frente ao Ir\u00e3 atrav\u00e9s das \u00e1guas do Golfo. Apesar de sua modesta \u00e1rea territorial \u2014 um dos menores estados do mundo \u2014, o Kuwait ancora um nexo regional de com\u00e9rcio, cultura e energia. Quase todos os seus 4,82 milh\u00f5es de habitantes concentram-se na expans\u00e3o metropolitana da Cidade do Kuwait, onde apenas 1,53 milh\u00e3o possuem cidadania e os demais s\u00e3o oriundos de mais de cem na\u00e7\u00f5es. Essa extraordin\u00e1ria mistura demogr\u00e1fica coloca o Kuwait entre as sociedades mais dependentes de expatriados do mundo.<\/p>\n\n\n\n<p>A presen\u00e7a humana na regi\u00e3o remonta \u00e0 antiguidade, atra\u00edda pelo acesso mar\u00edtimo pr\u00f3ximo \u00e0s fozes dos rios Tigre e Eufrates. No in\u00edcio do s\u00e9culo XVIII, a autoridade tribal passou para o emirado de Bani Khalid; logo depois, a lideran\u00e7a local se uniu \u00e0 fam\u00edlia Al Sabah e, \u200b\u200bem 1899, o Kuwait firmou um acordo de protetorado com a Gr\u00e3-Bretanha, que cedeu o controle da pol\u00edtica externa em troca de seguran\u00e7a militar. Um modesto porto comercial sustentou o xeque at\u00e9 a descoberta de petr\u00f3leo comercial em Burgan, em 1938. As exporta\u00e7\u00f5es come\u00e7aram em 1946, financiando um surto de moderniza\u00e7\u00e3o nas d\u00e9cadas subsequentes. A soberania plena chegou em junho de 1961, com a revoga\u00e7\u00e3o do tratado, e as institui\u00e7\u00f5es estatais tomaram forma em um cen\u00e1rio de turbul\u00eancia no mercado de a\u00e7\u00f5es no in\u00edcio da d\u00e9cada de 1980.<\/p>\n\n\n\n<p>As for\u00e7as iraquianas sob o comando de Saddam Hussein invadiram e anexaram o Kuwait em 2 de agosto de 1990, alegando disputas de produ\u00e7\u00e3o e reivindica\u00e7\u00f5es territoriais. Uma coaliz\u00e3o liderada pelos EUA libertou o pa\u00eds em uma breve campanha terrestre que terminou em 26 de fevereiro de 1991, data hoje comemorada como o Dia da Liberta\u00e7\u00e3o. O custo da reconstru\u00e7\u00e3o ultrapassou cinco bilh\u00f5es de d\u00f3lares americanos, concentrando-se principalmente na repara\u00e7\u00e3o da infraestrutura petrol\u00edfera e no enfrentamento das consequ\u00eancias ecol\u00f3gicas de mais de 500 inc\u00eandios deliberados em po\u00e7os de petr\u00f3leo. Essas conflagra\u00e7\u00f5es criaram cerca de 35,7 km\u00b2 de lagos de petr\u00f3leo, tornando as \u00e1reas des\u00e9rticas do leste inabit\u00e1veis \u200b\u200be contaminando o litoral com res\u00edduos de hidrocarbonetos que dizimaram os ecossistemas marinhos.<\/p>\n\n\n\n<p>O Kuwait continua sendo um emirado: a fam\u00edlia governante Al Sabah ocupa os cargos mais altos, e o emir serve como chefe de Estado sob uma constitui\u00e7\u00e3o que combina governo heredit\u00e1rio com uma Assembleia Nacional eleita. O islamismo da escola sunita de Maliki \u00e9 a f\u00e9 oficial, praticada por cerca de dois ter\u00e7os dos cidad\u00e3os; os mu\u00e7ulmanos xiitas constituem grande parte do restante. Uma popula\u00e7\u00e3o expatriada substancial introduz comunidades crist\u00e3s, hindus, sikhs e budistas, entre as quais os crist\u00e3os derivados de Kerala constituem quase 18% dos residentes. A l\u00edngua oficial \u00e9 o \u00e1rabe padr\u00e3o moderno; coloquialmente, o \u00e1rabe kuwaitiano prevalece, enriquecido por empr\u00e9stimos do persa, l\u00ednguas indianas, turco, ingl\u00eas e italiano. O ingl\u00eas funciona como l\u00edngua franca para os neg\u00f3cios, enquanto o franc\u00eas tem aplica\u00e7\u00e3o limitada no ensino de humanidades.<\/p>\n\n\n\n<p>Geograficamente, o Kuwait estende-se entre as latitudes 28\u00b0 N e 31\u00b0 N e as longitudes 46\u00b0 E e 49\u00b0 E. O terreno situa-se predominantemente ao n\u00edvel do mar, elevando-se a apenas 306 m na Serra de Mutla. Dez ilhas margeiam sua costa, lideradas por Bubiyan \u2014 a maior do pa\u00eds, com 860 km\u00b2 \u2014 ligadas por uma ponte de 2,38 km. Apenas 0,6% da terra se qualifica como ar\u00e1vel; o restante abriga vegeta\u00e7\u00e3o rasteira esparsa. A Ba\u00eda do Kuwait oferece um porto natural de \u00e1guas profundas, ancorando a orla da Cidade do Kuwait.<\/p>\n\n\n\n<p>O clima varia de invernos com temperaturas m\u00ednimas temperadas por ventos do norte a ver\u00f5es que est\u00e3o entre os mais quentes do mundo. Ventos shamal de junho e julho provocam tempestades de areia; as noites de inverno podem ser frias, devido \u00e0 latitude e \u00e0 proximidade com o Iraque e o Ir\u00e3. A temperatura m\u00e1xima recorde \u00e9 de 54,0 \u00b0C, registrada em Mitribah em 21 de julho de 2016. As chuvas s\u00e3o escassas e sazonais; a primavera traz dias quentes e tempestades ocasionais.<\/p>\n\n\n\n<p>O petr\u00f3leo sustenta a economia de alta renda do Kuwait, que det\u00e9m a sexta maior reserva comprovada do planeta \u2014 cerca de 70 bilh\u00f5es de barris somente no campo de Burgan. Os hidrocarbonetos representam quase 90% das exporta\u00e7\u00f5es, com aeronaves e produtos qu\u00edmicos org\u00e2nicos representando a maior parte do restante. O Kuwait ocupa uma posi\u00e7\u00e3o baixa em diversifica\u00e7\u00e3o econ\u00f4mica e as emiss\u00f5es de carbono per capita est\u00e3o entre as mais altas do mundo. A gest\u00e3o ambiental tem avan\u00e7ado gradualmente: existem cinco \u00e1reas protegidas reconhecidas pela UICN e, em 2018, a reserva Mubarak al-Kabeer, na Ilha de Bubiyan, recebeu a designa\u00e7\u00e3o Ramsar, servindo como um ponto de descanso cr\u00edtico para aves migrat\u00f3rias e abrigando a maior col\u00f4nia de reprodu\u00e7\u00e3o de tarambola-caranguejeira do planeta.<\/p>\n\n\n\n<p>Administrativamente, seis prov\u00edncias subdividem o territ\u00f3rio nacional: Capital (Al Asimah), Hawalli, Farwaniya, Mubarak Al-Kabeer, Ahmadi e Jahra. Cada prov\u00edncia compreende v\u00e1rias \u00e1reas; juntas, elas acomodam uma rede rodovi\u00e1ria que excede 5.700 km, dos quais mais de 4.800 km s\u00e3o rodovias pavimentadas. Os autom\u00f3veis dominam o transporte \u2014 n\u00e3o h\u00e1 ferrovia ou metr\u00f4 \u2014 apoiado pela estatal Kuwait Public Transportation Company e pelas operadoras privadas CityBus e Kuwait Gulf Link. Os t\u00e1xis, identificados por placas amarelas, operam em grande parte sem tax\u00edmetro, enquanto servi\u00e7os baseados em aplicativos, como o Careem, ganharam for\u00e7a. Os centros de viagens a\u00e9reas ficam no Aeroporto Internacional do Kuwait, sede da Kuwait Airways e sede da Base A\u00e9rea de Al Mubarak; duas companhias a\u00e9reas privadas, Jazeera e Wataniya, complementam os servi\u00e7os. Em maio de 2025, quatorze companhias a\u00e9reas estrangeiras suspenderam voos devido a preocupa\u00e7\u00f5es administrativas e competitivas, levantando quest\u00f5es sobre o papel regional do aeroporto.<\/p>\n\n\n\n<p>O com\u00e9rcio mar\u00edtimo depende dos portos de Shuwaikh e Shuaiba, que movimentaram mais de 750.000 TEU em 2006, juntamente com Mina al-Ahmadi. Um novo Porto Mubarak Al Kabeer na Ilha Bubiyan, em constru\u00e7\u00e3o, tem previs\u00e3o de movimentar dois milh\u00f5es de TEU anualmente. O setor de transporte mar\u00edtimo est\u00e1 entre os maiores da regi\u00e3o.<\/p>\n\n\n\n<p>Apesar da riqueza petrol\u00edfera, o turismo permanece modesto, limitado pela infraestrutura limitada e pela proibi\u00e7\u00e3o do consumo de \u00e1lcool. Os gastos com viagens dom\u00e9sticas atingiram US$ 6,1 bilh\u00f5es em 2020; o Conselho Mundial de Viagens e Turismo (WTC) citou o Kuwait como a economia de viagens com crescimento mais r\u00e1pido entre seus pares em 2019, com um aumento de 11,6% em rela\u00e7\u00e3o ao ano anterior. As atra\u00e7\u00f5es culturais incluem o festival Hala Febrayer, realizado todo m\u00eas de fevereiro, que marca a liberta\u00e7\u00e3o com concertos, desfiles e carnavais. O empreendimento Sabah Al Ahmad Sea City e o rec\u00e9m-inaugurado Distrito Cultural Nacional do Kuwait \u2014 um projeto de US$ 1 bilh\u00e3o que abrange centros culturais, parques e patrim\u00f4nios palacianos \u2014 sinalizam aspira\u00e7\u00f5es em dire\u00e7\u00e3o a uma economia criativa mais ampla.<\/p>\n\n\n\n<p>O Kuwait foi pioneiro nas artes \u00e1rabes do Golfo: os estudos visuais remontam aos retratos de Mojeb al-Dousari na d\u00e9cada de 1930 e \u00e0 teoria do &#034;circulismo&#034; de Khalifa Al-Qattan na d\u00e9cada de 1960. Hoje, mais de trinta galerias exibem obras de Sami Mohammad, Thuraya Al-Baqsami e Suzan Bushnaq. As artes teatrais remontam \u00e0 d\u00e9cada de 1920; teatros p\u00fablicos, subsidiados pelo governo por meio do Conselho Nacional de Cultura, Artes e Letras, realizam um festival anual e o teatro local atrai p\u00fablico de toda a regi\u00e3o. Seriados de televis\u00e3o \u2014 quinze ou mais produzidos anualmente \u2014 s\u00e3o transmitidos por todo o Golfo, rendendo ao Kuwait o apelido de &#034;Hollywood do Golfo&#034;. Novelas s\u00e3o exibidas durante o Ramad\u00e3, quando as fam\u00edlias se re\u00fanem ao anoitecer. Tradi\u00e7\u00f5es musicais como sawt e fijiri refletem a heran\u00e7a mar\u00edtima; As grava\u00e7\u00f5es come\u00e7aram em 1912. A m\u00fasica Khaliji contempor\u00e2nea desfruta de popularidade pan-\u00e1rabe, com artistas como Nawal El Kuwaiti e Abdallah Al Rowaished fazendo muitas turn\u00eas.<\/p>\n\n\n\n<p>As normas sociais aderem ao ethos de &#034;viva e deixe viver&#034;, com ampla liberdade de vestimenta e conduta, desde que as leis de dec\u00eancia p\u00fablica sejam observadas. Insultar outra figura p\u00fablica viola os estatutos de difama\u00e7\u00e3o amplamente definidos. Durante o Ramad\u00e3, o consumo p\u00fablico de alimentos, bebidas ou tabaco \u00e9 ilegal. Atos homossexuais continuam sendo criminalizados, embora express\u00f5es costumeiras de afeto entre pessoas do mesmo sexo ocorram sem estigma.<\/p>\n\n\n\n<p>Cidades pr\u00f3ximas \u00e0 Cidade do Kuwait revelam vidas contrastantes: os bairros hist\u00f3ricos de Jahra ficam a oeste, Ahmadi abriga infraestrutura para refinarias de petr\u00f3leo, Hawalli e Farwaniya oferecem densas zonas residenciais e portos, enquanto as praias e o mercado imobili\u00e1rio de Salmiya atraem fam\u00edlias e expatriados. Destinos remotos como Khairan e Bnaider abrigam clubes n\u00e1uticos e esportes aqu\u00e1ticos; a Ilha Failaka, marcada pela guerra, agora oferece acomoda\u00e7\u00f5es hist\u00f3ricas acess\u00edveis por balsas regulares.<\/p>\n\n\n\n<p>As regras de entrada variam de acordo com a nacionalidade. Cidad\u00e3os do Conselho de Coopera\u00e7\u00e3o do Golfo (CCG) viajam sem visto; residentes de muitos estados ocidentais e asi\u00e1ticos podem obt\u00ea-lo ao chegar aos terminais a\u00e9reos, enquanto outros exigem um visto pr\u00e9-agendado. Todos os que chegam devem evitar os carimbos israelenses, que invalidam a entrada. As op\u00e7\u00f5es de transporte p\u00fablico a partir do aeroporto incluem t\u00e1xis, servi\u00e7os de limusine e um \u00f4nibus de KWD 0,25 para o centro da cidade, embora hor\u00e1rios e informa\u00e7\u00f5es de rotas exijam planejamento antecipado.<\/p>\n\n\n\n<p>A evolu\u00e7\u00e3o do Kuwait \u2014 de um porto no deserto a uma pot\u00eancia petrol\u00edfera \u2014 carrega contrastes de riqueza e meio ambiente, de tradi\u00e7\u00e3o e modernidade. Sua geografia compacta esconde uma intrincada tape\u00e7aria de hist\u00f3ria, cultura e com\u00e9rcio. Enquanto os hidrocarbonetos sustentam as reservas fiscais, esfor\u00e7os emergentes nos setores criativo e de servi\u00e7os buscam ampliar horizontes. A na\u00e7\u00e3o encontra-se em uma encruzilhada onde seu passado molda a identidade presente e onde escolhas estrat\u00e9gicas moldar\u00e3o um futuro mais diversificado.<\/p>","protected":false},"excerpt":{"rendered":"<p>O Kuwait, formalmente conhecido como Estado do Kuwait, \u00e9 uma na\u00e7\u00e3o localizada na \u00c1sia Ocidental, perto da fronteira norte da Ar\u00e1bia Oriental, na extremidade do Golfo P\u00e9rsico. O Kuwait, com uma popula\u00e7\u00e3o de 4,93 milh\u00f5es em 2024 \u2014 um aumento de 1,98% em rela\u00e7\u00e3o ao ano anterior \u2014 ocupa uma posi\u00e7\u00e3o vital que separa o Iraque, ao norte, da Ar\u00e1bia Saudita, ao sul. Com um litoral de cerca de 500 quil\u00f4metros ao longo do Golfo P\u00e9rsico, o pa\u00eds tem fronteira mar\u00edtima com o Ir\u00e3.<\/p>","protected":false},"author":1,"featured_media":4387,"parent":24063,"menu_order":0,"comment_status":"closed","ping_status":"closed","template":"elementor_theme","meta":{"_eb_attr":"","footnotes":""},"class_list":["post-14764","page","type-page","status-publish","has-post-thumbnail"],"_links":{"self":[{"href":"https:\/\/travelshelper.com\/pt\/wp-json\/wp\/v2\/pages\/14764","targetHints":{"allow":["GET"]}}],"collection":[{"href":"https:\/\/travelshelper.com\/pt\/wp-json\/wp\/v2\/pages"}],"about":[{"href":"https:\/\/travelshelper.com\/pt\/wp-json\/wp\/v2\/types\/page"}],"author":[{"embeddable":true,"href":"https:\/\/travelshelper.com\/pt\/wp-json\/wp\/v2\/users\/1"}],"replies":[{"embeddable":true,"href":"https:\/\/travelshelper.com\/pt\/wp-json\/wp\/v2\/comments?post=14764"}],"version-history":[{"count":0,"href":"https:\/\/travelshelper.com\/pt\/wp-json\/wp\/v2\/pages\/14764\/revisions"}],"up":[{"embeddable":true,"href":"https:\/\/travelshelper.com\/pt\/wp-json\/wp\/v2\/pages\/24063"}],"wp:featuredmedia":[{"embeddable":true,"href":"https:\/\/travelshelper.com\/pt\/wp-json\/wp\/v2\/media\/4387"}],"wp:attachment":[{"href":"https:\/\/travelshelper.com\/pt\/wp-json\/wp\/v2\/media?parent=14764"}],"curies":[{"name":"wp","href":"https:\/\/api.w.org\/{rel}","templated":true}]}}