{"id":14752,"date":"2024-09-20T08:45:57","date_gmt":"2024-09-20T08:45:57","guid":{"rendered":"https:\/\/travelshelper.com\/staging\/?page_id=14752"},"modified":"2026-03-11T18:13:30","modified_gmt":"2026-03-11T18:13:30","slug":"tripoli","status":"publish","type":"page","link":"https:\/\/travelshelper.com\/pt\/destinations\/asia\/lebanon\/tripoli\/","title":{"rendered":"Tr\u00edpoli"},"content":{"rendered":"<p>Tr\u00edpoli situa-se num promont\u00f3rio rochoso a oitenta e um quil\u00f3metros a norte de Beirute, com vista para o Mediterr\u00e2neo oriental. Como segunda maior cidade do L\u00edbano e capital da sua prov\u00edncia do Norte, marca o porto mar\u00edtimo mais setentrional do pa\u00eds. Ao longo dos s\u00e9culos, serviu como encruzilhada de imp\u00e9rios e religi\u00f5es, com o seu tecido urbano a testemunhar marinheiros fen\u00edcios, colonos gregos, cavaleiros cruzados, governadores mamelucos e administradores otomanos. Em camadas sucessivas, cada civiliza\u00e7\u00e3o deixou pedra e hist\u00f3ria entrela\u00e7adas, moldando tanto o seu horizonte como os seus contornos sociais.<\/p>\n\n\n\n<p>O nome mais antigo registrado, Athar, aparece nos anais fen\u00edcios do s\u00e9culo XIV a.C. Os colonos gregos que o sucederam a renomearam para Tr\u00edpolis \u2014 literalmente, &#034;tr\u00eas cidades&#034; \u2014 e da\u00ed surgiu o \u00e1rabe moderno \u1e6car\u0101bulus. No mundo \u00e1rabe, recebeu o qualificativo ash-Sh\u0101m, &#034;do Levante&#034;, para distingui-la de seu hom\u00f4nimo l\u00edbio. Sob o dom\u00ednio cruzado, Raymond de Saint-Gilles ergueu a primeira fortaleza em 1102, batizando-a de Monte P\u00e9lerin. A cidadela foi incendiada em 1289 e reerguida sob o emir Essendemir Kurgi em 1307-1308. Seu enorme portal, com a inscri\u00e7\u00e3o de Solim\u00e3o, o Magn\u00edfico, atesta a restaura\u00e7\u00e3o otomana posterior; uma nova campanha no in\u00edcio do s\u00e9culo XIX, sob o governador Mustafa Agha Barbar, refor\u00e7ou suas muralhas e c\u00e2maras.<\/p>\n\n\n\n<p>A Cidade Velha de Tr\u00edpoli preserva a marca de seus renovadores mamelucos. Ruas estreitam-se para desencorajar m\u00e1quinas de cerco; pontes abobadadas atravessam vielas com muros altos; brechas ocultas outrora abrigavam sentinelas. Ao redor de vielas sinuosas erguem-se mercados e caravan\u00e7arais, os khans que outrora hospedavam mercadores com destino a Aleppo ou Damasco. Nessas vielas, artes\u00e3os d\u00e3o continuidade a of\u00edcios ancestrais \u2014 saboeiros prensando azeite em p\u00e3es duros; caldeireiros martelando bandejas; carpinteiros esculpindo caixas incrustadas. Um zumbido dom\u00e9stico coexiste com os chamados comedidos \u00e0 ora\u00e7\u00e3o e os sinos das igrejas maronitas e ortodoxas.<\/p>\n\n\n\n<p>A arquitetura religiosa da era mameluca tamb\u00e9m perdura. A Grande Mesquita de Mansouri, uma s\u00e9rie de hammams urbanos e a vizinha Madrassa al-Uthmaniyya ilustram a intera\u00e7\u00e3o entre fun\u00e7\u00e3o e ornamento do per\u00edodo. Cinco casas de banho sobrevivem: Abed, Izz El-Din, Hajeb, Jadid e An-Nouri, a \u00faltima fundada em 1333 pelo governador Nur El-Din perto da Grande Mesquita. Quando Ibn Battutah visitou o local em 1355, notou &#034;belos banhos&#034; em meio a jardins com canais de \u00e1gua \u2014 uma descri\u00e7\u00e3o que ainda ressoa nessas c\u00e2maras frescas e abobadadas.<\/p>\n\n\n\n<p>A uma curta caminhada da Cidade Velha, fica a Pra\u00e7a Al-Tell e sua Torre do Rel\u00f3gio, erguida em 1906 para marcar o trig\u00e9simo anivers\u00e1rio do reinado do Sult\u00e3o Abdul Hamid II. Doada pela corte otomana, suas quatro faces ainda marcam o tempo ap\u00f3s uma reforma em 1992, que restaurou seus mecanismos. Perto dali, a Cidadela permanece como sentinela, com suas paredes de arenito marcadas por quatro eras distintas.<\/p>\n\n\n\n<p>Ao largo da costa, um quarteto de ilhotas \u2014 as Ilhas Palmeiras \u2014 forma uma reserva natural. A maior, conhecida localmente como Ilha dos Coelhos, abrange cerca de vinte hectares. Coelhos europeus introduzidos pastavam em suas areias durante o Mandato Franc\u00eas; hoje, oferece santu\u00e1rio para tartarugas-cabe\u00e7udas, raras focas-monge e aves migrat\u00f3rias, amea\u00e7adas de extin\u00e7\u00e3o. Escava\u00e7\u00f5es em 1973 revelaram habita\u00e7\u00f5es do per\u00edodo das Cruzadas, ligando a vegeta\u00e7\u00e3o costeira \u00e0 presen\u00e7a humana secular. A UNESCO declarou as ilhas protegidas em 1992, proibindo fogueiras ou acampamentos para preservar a vida selvagem e o patrim\u00f4nio.<\/p>\n\n\n\n<p>Al\u00e9m da Ilha dos Coelhos, encontram-se as Ilhas Bakar, outrora arrendadas como estaleiro sob o dom\u00ednio otomano a Adel e Khiereddine Abdulwahab, e que ainda servem a empreiteiros mar\u00edtimos. A oeste, a Ilha Ramkin apresenta uma ampla praia de areia, ladeada por penhascos de calc\u00e1rio escarpado. Juntas, essas ilhas emolduram o distrito portu\u00e1rio de Tr\u00edpoli, El Mina, que se funde com a cidade propriamente dita para formar uma conurba\u00e7\u00e3o costeira cont\u00edgua.<\/p>\n\n\n\n<p>A composi\u00e7\u00e3o demogr\u00e1fica da cidade reflete o mosaico mais amplo do L\u00edbano. Os eleitores registrados somavam mais de 92% de mu\u00e7ulmanos em 2014, dos quais cerca de 82% se identificaram como sunitas e 8,7% como alau\u00edtas; os crist\u00e3os representavam pouco mais de 7%. Hoje, os crist\u00e3os \u2014 ortodoxos gregos, maronitas, melquitas, sir\u00edacos e arm\u00eanios \u2014 representam menos de 5% da popula\u00e7\u00e3o urbana. Bairros sunitas como Bab al-Tabbaneh ficam perigosamente pr\u00f3ximos de Jabal Mohsen, de maioria alau\u00edta, e as tens\u00f5es t\u00eam se intensificado repetidamente desde 2011, \u00e0 medida que os conflitos na vizinha S\u00edria atra\u00edam alian\u00e7as semelhantes. Esses confrontos minaram a estabilidade de Tr\u00edpoli, agravando as dificuldades econ\u00f4micas em uma cidade h\u00e1 muito dividida entre comerciantes mais ricos e bairros desfavorecidos.<\/p>\n\n\n\n<p>O clima de Tr\u00edpoli ameniza os extremos. As chuvas de inverno caem entre dezembro e mar\u00e7o, enquanto os ver\u00f5es permanecem \u00e1ridos. A corrente mar\u00edtima pr\u00f3xima ameniza as m\u00ednimas de inverno em cerca de dez graus Celsius em compara\u00e7\u00e3o com os vales do interior; no ver\u00e3o, as brisas costeiras reduzem as temperaturas em cerca de sete graus. A neve pode atingir a cidade no m\u00e1ximo uma vez por d\u00e9cada, mas as tempestades de granizo de inverno ocorrem com alguma regularidade.<\/p>\n\n\n\n<p>Na cidade, a diversidade religiosa encontra express\u00e3o arquitet\u00f4nica. Al\u00e9m da Mesquita Mansouri e dos hammams medievais, encontram-se duas d\u00fazias de mesquitas de diferentes \u00e9pocas: edif\u00edcios mamelucos como a Mesquita Taynal, Arghoun Shah e Al-Attar; funda\u00e7\u00f5es otomanas, como Abou Bakr Al-Siddeeq e Al-Rahma; e a imponente Omar Ibn El-Khattab, nos limites da cidade velha. Marcos crist\u00e3os incluem a Catedral de S\u00e3o Miguel (Maronita), Santo Elias (Ortodoxa Grega), Santo Efr\u00e9m (Ortodoxa Sir\u00edaca), S\u00e3o Francisco (Cat\u00f3lico Romano), S\u00e3o Jorge (Melquita), S\u00e3o Hokekalousd (Ortodoxa Arm\u00eania), Nossa Senhora da Anuncia\u00e7\u00e3o (Melquita) e a Igreja Evang\u00e9lica Nacional de Tr\u00edpoli.<\/p>\n\n\n\n<p>Uma interven\u00e7\u00e3o moderna, o Parque de Exposi\u00e7\u00f5es Internacional Rachid Karami, ergue-se na entrada sul da cidade. Concebido em 1962 pelo arquiteto brasileiro Oscar Niemeyer para uma feira mundial, a constru\u00e7\u00e3o foi interrompida em 1975 com o in\u00edcio da guerra civil no L\u00edbano. Quinze estruturas esquel\u00e9ticas e incompletas permanecem em cerca de 75 hectares, com seus telhados curvos e pilotis sugerindo uma vis\u00e3o ut\u00f3pica congelada no tempo. A in\u00e9rcia administrativa e a agita\u00e7\u00e3o epis\u00f3dica deixaram o local praticamente inutilizado, ladeado por um hotel que se desintegra em meio ao abandono. Em 2023, a UNESCO inscreveu o complexo na Lista do Patrim\u00f4nio Mundial e na Lista do Patrim\u00f4nio Mundial em Perigo, reconhecendo seu valor cultural e seu estado prec\u00e1rio.<\/p>\n\n\n\n<p>O transporte para Tr\u00edpoli segue rotas tradicionais. Da esta\u00e7\u00e3o Charles Helou, em Beirute, os visitantes podem embarcar em um \u00f4nibus com identifica\u00e7\u00e3o em \u00e1rabe \u2014 frequentemente chamado de &#034;Trablos Express&#034; \u2014 ou dividir um t\u00e1xi, cuja tarifa equivale ao custo para quatro ocupantes. Micro-\u00f4nibus partem das esta\u00e7\u00f5es Cola e Daoura; no centro de Tr\u00edpoli, t\u00e1xis de servi\u00e7o compartilhado cobram 1.000 LL por passageiro, subindo para 2.000 LL para rotas mais longas. O porto movimenta principalmente carga, mas a Med Star opera a \u00fanica balsa regular de passageiros do L\u00edbano.<\/p>\n\n\n\n<p>O mercado da Cidade Velha de Tr\u00edpoli continua sendo um ponto central da heran\u00e7a culin\u00e1ria e artesanal do L\u00edbano. Nas manh\u00e3s de domingo, grupos de Beirute se re\u00fanem nas confeitarias de Hallab, atra\u00eddos pelos doces maamoul e knafeh. Embora muitos vendedores usem o nome Hallab, Rafaat Hallab (fundado em 1881) e Abdel Rahman Al Hallab preservam uma linhagem ininterrupta com o confeiteiro do s\u00e9culo XIX que primeiro refinou os doces tripolitanos.<\/p>\n\n\n\n<p>Em uma paisagem marcada pela disparidade econ\u00f4mica e por conflitos espor\u00e1dicos, Tr\u00edpoli perdura como um reposit\u00f3rio de camadas arquitet\u00f4nicas e do esfor\u00e7o humano. Suas ruas estreitas e p\u00e1tios escondidos revelam a marca de marinheiros, comerciantes e governantes que moldaram uma cidade que permanece resiliente e inst\u00e1vel. Aqui, pedras antigas e ru\u00ednas modernas evocam um di\u00e1logo cont\u00ednuo entre passado e presente, convidando aqueles que permanecem a descobrir hist\u00f3rias inscritas em cada arco e viela.<\/p>","protected":false},"excerpt":{"rendered":"<p>Tr\u00edpoli, o segundo maior centro urbano do L\u00edbano, est\u00e1 localizado a 81 quil\u00f4metros ao norte de Beirute e tem uma popula\u00e7\u00e3o estimada em cerca de 730.000 habitantes. Situada no leste do Mar Mediterr\u00e2neo e atuando como o porto mar\u00edtimo mais ao norte do L\u00edbano, esta cidade vibrante \u00e9 a sede do Distrito de Tr\u00edpoli e da Prov\u00edncia do Norte. Complementando a pequena popula\u00e7\u00e3o de alau\u00edtas e uma variedade de denomina\u00e7\u00f5es crist\u00e3s, incluindo maronitas e arm\u00eanios, que refor\u00e7am a variedade cultural da cidade, a composi\u00e7\u00e3o demogr\u00e1fica da cidade \u00e9 majoritariamente mu\u00e7ulmana sunita.<\/p>","protected":false},"author":1,"featured_media":2828,"parent":14746,"menu_order":0,"comment_status":"closed","ping_status":"closed","template":"elementor_theme","meta":{"_eb_attr":"","footnotes":""},"class_list":["post-14752","page","type-page","status-publish","has-post-thumbnail"],"_links":{"self":[{"href":"https:\/\/travelshelper.com\/pt\/wp-json\/wp\/v2\/pages\/14752","targetHints":{"allow":["GET"]}}],"collection":[{"href":"https:\/\/travelshelper.com\/pt\/wp-json\/wp\/v2\/pages"}],"about":[{"href":"https:\/\/travelshelper.com\/pt\/wp-json\/wp\/v2\/types\/page"}],"author":[{"embeddable":true,"href":"https:\/\/travelshelper.com\/pt\/wp-json\/wp\/v2\/users\/1"}],"replies":[{"embeddable":true,"href":"https:\/\/travelshelper.com\/pt\/wp-json\/wp\/v2\/comments?post=14752"}],"version-history":[{"count":0,"href":"https:\/\/travelshelper.com\/pt\/wp-json\/wp\/v2\/pages\/14752\/revisions"}],"up":[{"embeddable":true,"href":"https:\/\/travelshelper.com\/pt\/wp-json\/wp\/v2\/pages\/14746"}],"wp:featuredmedia":[{"embeddable":true,"href":"https:\/\/travelshelper.com\/pt\/wp-json\/wp\/v2\/media\/2828"}],"wp:attachment":[{"href":"https:\/\/travelshelper.com\/pt\/wp-json\/wp\/v2\/media?parent=14752"}],"curies":[{"name":"wp","href":"https:\/\/api.w.org\/{rel}","templated":true}]}}