{"id":14746,"date":"2024-09-20T08:40:01","date_gmt":"2024-09-20T08:40:01","guid":{"rendered":"https:\/\/travelshelper.com\/staging\/?page_id=14746"},"modified":"2026-03-11T18:14:02","modified_gmt":"2026-03-11T18:14:02","slug":"libano","status":"publish","type":"page","link":"https:\/\/travelshelper.com\/pt\/destinations\/asia\/lebanon\/","title":{"rendered":"L\u00edbano"},"content":{"rendered":"<p>O L\u00edbano ocupa uma estreita faixa de terra na costa leste do Mediterr\u00e2neo, onde cristas calc\u00e1rias se erguem abruptamente de uma estreita plan\u00edcie costeira, abrindo caminho para o interior, at\u00e9 o f\u00e9rtil Vale do Beqaa e, al\u00e9m dele, para a cordilheira do Antil\u00edbano. Abrangendo pouco mais de dez mil quil\u00f4metros quadrados, faz fronteira com a S\u00edria ao norte e leste, Israel ao sul e o Mar Mediterr\u00e2neo a oeste. Pouco mais de cinco milh\u00f5es de pessoas vivem dentro de suas fronteiras, concentradas principalmente em Beirute e arredores, a capital e principal porto do pa\u00eds.<\/p>\n\n\n\n<p>A presen\u00e7a humana remonta a pelo menos 5000 a.C. Do terceiro mil\u00eanio a.C. at\u00e9 meados do primeiro mil\u00eanio a.C., as cidades costeiras formaram o n\u00facleo da Fen\u00edcia, cujos mercadores e construtores navais estabeleceram col\u00f4nias por todo o Mediterr\u00e2neo. Em 64 a.C., o governo romano trouxe novas estradas, teatros e templos. No s\u00e9culo VII d.C., o controle passou para sucessivos califados isl\u00e2micos; s\u00e9culos posteriores viram os governos cruzados serem suplantados pelos ai\u00fabidas e, em seguida, pelos mamelucos. A administra\u00e7\u00e3o otomana se consolidou no in\u00edcio do s\u00e9culo XV, embora, sob o sult\u00e3o Abdulmejid I, as reformas Tanzimat de meados do s\u00e9culo XIX tenham criado o Mutasarrifate do Monte L\u00edbano, um distrito semiaut\u00f4nomo projetado para proteger os crist\u00e3os maronitas.<\/p>\n\n\n\n<p>O colapso do poder otomano ap\u00f3s a Primeira Guerra Mundial colocou o L\u00edbano sob mandato franc\u00eas. Em 1920, surgiu o Grande L\u00edbano, com suas fronteiras estendendo-se para o leste, incluindo o Vale do Beqaa. A independ\u00eancia chegou em 1943, sob uma constitui\u00e7\u00e3o que atribu\u00eda cargos pol\u00edticos de acordo com a filia\u00e7\u00e3o religiosa \u2014 um sistema que visava equilibrar as comunidades crist\u00e3, mu\u00e7ulmana e drusa. A paz permaneceu at\u00e9 1975, quando as tens\u00f5es sect\u00e1rias eclodiram em guerra civil. Os combates continuaram at\u00e9 1990, per\u00edodo em que as for\u00e7as s\u00edrias intervieram (1976-2005) e as incurs\u00f5es israelenses persistiram no sul. O conflito com Israel recome\u00e7ou intermitentemente, culminando em v\u00e1rias invas\u00f5es; o confronto mais recente come\u00e7ou em outubro de 2023 e permanece sem solu\u00e7\u00e3o.<\/p>\n\n\n\n<p>A topografia divide o L\u00edbano em quatro regi\u00f5es distintas. Uma estreita plan\u00edcie costeira, formada por sedimentos marinhos e aluvi\u00f5es fluviais, alarga-se perto da fronteira com a S\u00edria e estreita-se at\u00e9 promont\u00f3rios rochosos na fronteira com Israel. No interior, a cordilheira do L\u00edbano \u2014 picos de calc\u00e1rio e arenito com mais de tr\u00eas mil metros de altura em Qurnat as Sawda\u02be \u2014 corre paralela \u00e0 costa, esculpida por desfiladeiros \u00edngremes e coberta de neve a cada inverno. Mais a leste, o Vale do Beqaa situa-se numa fenda que se estende at\u00e9 \u00e0 \u00c1frica Oriental. Os seus solos profundos sustentam vinhas e pomares. Para al\u00e9m do vale, ergue-se o maci\u00e7o do Antil\u00edbano, culminando no Monte Hermon, cujas encostas atravessam as disputadas Quintas de Shebaa.<\/p>\n\n\n\n<p>Os rios do L\u00edbano s\u00e3o curtos e n\u00e3o naveg\u00e1veis. Treze nascem nas montanhas ocidentais, correndo para oeste em dire\u00e7\u00e3o ao mar; o Litani \u00e9 o mais longo, fluindo para o norte atrav\u00e9s do Beqaa antes de curvar para oeste. Torrentes sazonais reabastecem seus leitos a cada inverno, enquanto nascentes e canais de irriga\u00e7\u00e3o sustentam a agricultura durante os meses secos do ver\u00e3o.<\/p>\n\n\n\n<p>O clima varia com a altitude. As zonas costeiras recebem mais chuvas entre novembro e mar\u00e7o, com invernos frios e ver\u00f5es \u00famidos. Acima de mil metros, as temperaturas no inverno caem abaixo de zero, e fortes nevascas podem persistir at\u00e9 maio. Em fevereiro de 2025, um sistema clim\u00e1tico polar chamado Tempestade Adam trouxe neve a altitudes de at\u00e9 trezentos metros e temperaturas m\u00ednimas recordes em todas as montanhas.<\/p>\n\n\n\n<p>Administrativamente, nove prov\u00edncias subdividem-se em vinte e cinco distritos e v\u00e1rios munic\u00edpios. A estrutura econ\u00f4mica do L\u00edbano baseia-se nos princ\u00edpios do laissez-faire. A maioria das transa\u00e7\u00f5es utiliza o d\u00f3lar americano. Os fluxos de capital atravessam fronteiras sem restri\u00e7\u00f5es. A Autoridade de Desenvolvimento de Investimentos do L\u00edbano, criada em 1994 e fortalecida pela Lei de Investimentos n\u00ba 360 de 2001, promove o investimento estrangeiro direto em tecnologia, agroneg\u00f3cio e energia renov\u00e1vel.<\/p>\n\n\n\n<p>No entanto, nos \u00faltimos anos, a economia entrou em colapso. De 2018 a 2023, o PIB contraiu-se em quarenta por cento. A libra libanesa perdeu noventa e cinco por cento do seu valor em rela\u00e7\u00e3o ao d\u00f3lar. A infla\u00e7\u00e3o subiu acima de duzentos por cento. A taxa de c\u00e2mbio oficial foi abandonada pela primeira vez em vinte e cinco anos. Os bancos impuseram controlos informais de capital. Em 2023, tr\u00eas em cada quatro libaneses viviam abaixo da linha da pobreza. O Banco Mundial classifica esta recess\u00e3o entre as mais graves desde o s\u00e9culo XIX. As suas ra\u00edzes residem num esquema de financiamento de longa dura\u00e7\u00e3o do banco central, que tomou d\u00f3lares emprestados a juros elevados para financiar os d\u00e9fices p\u00fablicos. Quando o crescimento dos dep\u00f3sitos desacelerou, o sistema entrou em colapso, culminando na incumprimento em 2020 e na explos\u00e3o do porto de Beirute no mesmo ano.<\/p>\n\n\n\n<p>Antes desta crise, da era otomana at\u00e9 a d\u00e9cada de 1960, o L\u00edbano prosperou como um polo banc\u00e1rio regional e centro de distribui\u00e7\u00e3o. O com\u00e9rcio de processamento de alimentos, t\u00eaxteis, joias e tapetes sustentou a eleva\u00e7\u00e3o do padr\u00e3o de vida. A reconstru\u00e7\u00e3o do p\u00f3s-guerra redirecionou a economia para o setor de servi\u00e7os \u2014 bancos, im\u00f3veis e turismo agora empregam dois ter\u00e7os da for\u00e7a de trabalho e respondem por uma parcela semelhante do PIB. As remessas de uma di\u00e1spora extensa contribu\u00edram com cerca de um quinto da renda nacional em 2008. Essas redes se estendem \u00e0 \u00c1frica, \u00e0s Am\u00e9ricas e \u00e0 Austr\u00e1lia, onde comunidades libanesas operam empresas que v\u00e3o desde lojas de varejo at\u00e9 a constru\u00e7\u00e3o civil.<\/p>\n\n\n\n<p>O turismo j\u00e1 representou um d\u00e9cimo do PIB. Em seu pico em 2009, as chegadas ultrapassaram 1,8 milh\u00e3o; Beirute foi eleita o principal destino do mundo por um jornal internacional. Dez anos depois, conflitos regionais na vizinha S\u00edria precipitaram uma queda de 37% no n\u00famero de visitantes. Em maio de 2025, os Emirados \u00c1rabes Unidos suspenderam sua proibi\u00e7\u00e3o de viagens de longa data, renovando as esperan\u00e7as de recupera\u00e7\u00e3o.<\/p>\n\n\n\n<p>A demografia da popula\u00e7\u00e3o do L\u00edbano permanece sens\u00edvel. Nenhum censo foi realizado desde 1932, quando os crist\u00e3os constitu\u00edam uma ligeira maioria. Estimativas para 2021 indicam um total de 5,6 milh\u00f5es de residentes, incluindo quase um milh\u00e3o de refugiados da S\u00edria e da Palestina. Os libaneses somam cerca de 4,7 milh\u00f5es. A diversidade religiosa est\u00e1 entre as mais altas da regi\u00e3o. Quatro seitas mu\u00e7ulmanas, doze igrejas crist\u00e3s, al\u00e9m de drusos e uma pequena comunidade judaica s\u00e3o oficialmente reconhecidas. Estudos recentes sugerem que os mu\u00e7ulmanos (incluindo os drusos) constituem cerca de dois ter\u00e7os dos cidad\u00e3os e os crist\u00e3os, um ter\u00e7o. Dados de pesquisas apontam para um modesto decl\u00ednio na observ\u00e2ncia religiosa entre as gera\u00e7\u00f5es mais jovens.<\/p>\n\n\n\n<p>A l\u00edngua reflete essa pluralidade. O \u00e1rabe \u00e9 a l\u00edngua oficial, com o \u00e1rabe padr\u00e3o moderno reservado para a m\u00eddia impressa e discursos formais. O \u00e1rabe coloquial liban\u00eas prevalece na vida cotidiana. O franc\u00eas mant\u00e9m status legal e aparece nos neg\u00f3cios e na educa\u00e7\u00e3o; quase quarenta por cento dos libaneses se identificam como franc\u00f3fonos. O ingl\u00eas ganhou espa\u00e7o na ci\u00eancia e no com\u00e9rcio, e ambas as l\u00ednguas europeias suplantaram o \u00e1rabe entre muitos jovens urbanos. As l\u00ednguas arm\u00eania, grega e ass\u00edria persistem entre essas respectivas comunidades.<\/p>\n\n\n\n<p>A vida cultural carrega marcas de suas origens fen\u00edcias, legados romanos, heran\u00e7a \u00e1rabe e administra\u00e7\u00e3o otomana e francesa. A m\u00fasica mistura formas modais com instrumenta\u00e7\u00e3o ocidental. A literatura confronta a guerra, o ex\u00edlio e a identidade. Festivais \u2014 religiosos e seculares \u2014 refletem tradi\u00e7\u00f5es locais e celebra\u00e7\u00f5es da di\u00e1spora. Em todo o mundo, chefs libaneses operam quase dez mil restaurantes, apresentando pratos como kibbe \u2014 uma mistura de carneiro mo\u00eddo e trigo mo\u00eddo \u2014 e tabule, uma salada de salsa, tomate e burghul, al\u00e9m de varia\u00e7\u00f5es regionais de pastas de mezze.<\/p>\n\n\n\n<p>As cidades oferecem perfis distintos. Beirute combina fachadas da era otomana com modernas torres de vidro, formando um mosaico de bairros onde caf\u00e9s se espalham pelas cal\u00e7adas e a vida noturna pulsa tanto em clubes fechados quanto em bares \u00e0 beira-mar. Tr\u00edpoli, que ainda conserva a arquitetura mameluca e a cidadela dos cruzados, exibe cicatrizes persistentes da guerra civil e definha em relativa pobreza. Sidon preserva seus caravan\u00e7arai, souks medievais e cal\u00e7ad\u00f5es costeiros. Tiro ostenta ru\u00ednas fen\u00edcias e romanas em suas amplas praias. Biblos afirma ser um dos assentamentos continuamente habitados mais antigos do mundo, com seu castelo e antigo porto cercados por mercados animados.<\/p>\n\n\n\n<p>Os visitantes chegam principalmente por via a\u00e9rea, atrav\u00e9s do Aeroporto Internacional de Beirute, com conex\u00f5es da Middle East Airlines e de diversas companhias a\u00e9reas regionais e europeias. \u00d4nibus e t\u00e1xis compartilhados conectam Damasco e outras cidades s\u00edrias. Uma balsa com sa\u00eddas duas vezes por semana liga Tr\u00edpoli \u00e0 Turquia. No L\u00edbano, os carros continuam sendo o meio de transporte mais eficiente em estradas irregulares; as tarifas de aluguel exigem negocia\u00e7\u00e3o, assim como as tarifas de t\u00e1xis de &#034;servi\u00e7o&#034; que funcionam como micro-\u00f4nibus informais. A Uber opera em Beirute para quem tem acesso \u00e0 internet, e as rodovias cortam montanhas e plan\u00edcies, embora buracos e dire\u00e7\u00e3o irregular exijam vigil\u00e2ncia.<\/p>\n\n\n\n<p>Os costumes sociais enfatizam o respeito pelos mais velhos, a comunica\u00e7\u00e3o indireta e a hospitalidade. Os c\u00f3digos de vestimenta variam: trajes modestos combinam com locais religiosos e bairros conservadores; os centros urbanos permitem estilos mais ocidentais. Os visitantes devem evitar discuss\u00f5es sobre temas pol\u00edticos delicados perto das fronteiras e abster-se de gestos considerados rudes, como acenar com o dedo. As \u00e1reas do sul sob influ\u00eancia da mil\u00edcia apresentam riscos adicionais; Arsal, no norte de Beqaa, tem registrado sequestros espor\u00e1dicos e continua sendo desaconselh\u00e1vel.<\/p>\n\n\n\n<p>Peregrinos, acad\u00eamicos e turistas podem encontrar no L\u00edbano uma mistura de civiliza\u00e7\u00f5es e climas: olivais ao n\u00edvel do mar, picos nevados na primavera e vales onde as videiras produzem vinhos desconhecidos h\u00e1 um s\u00e9culo. A geografia compacta concentra contrastes \u2014 litoral e montanha, riqueza e dificuldades, tradi\u00e7\u00e3o e inova\u00e7\u00e3o \u2014 cada um moldando uma sociedade que persiste apesar dos conflitos e do colapso econ\u00f4mico. Nessa converg\u00eancia de hist\u00f3rias e paisagens, o L\u00edbano perdura como um testemunho da adapta\u00e7\u00e3o sob press\u00e3o e da persist\u00eancia das comunidades humanas no Mediterr\u00e2neo Oriental.<\/p>","protected":false},"excerpt":{"rendered":"<p>O L\u00edbano, localizado na regi\u00e3o do Levante, na \u00c1sia Ocidental, tem uma popula\u00e7\u00e3o de mais de cinco milh\u00f5es de habitantes em sua \u00e1rea limitada de 10.452 quil\u00f4metros quadrados. Com fronteiras com a S\u00edria ao norte e leste, Israel ao sul e o Mar Mediterr\u00e2neo a oeste, este pequeno, mas culturalmente rico pa\u00eds est\u00e1 deliberadamente situado na jun\u00e7\u00e3o da Bacia do Mediterr\u00e2neo com o interior da Ar\u00e1bia. A proximidade de Chipre \u2014 a uma curta dist\u00e2ncia da costa do L\u00edbano \u2014 destaca ainda mais sua posi\u00e7\u00e3o vital na regi\u00e3o.<\/p>","protected":false},"author":1,"featured_media":3645,"parent":24063,"menu_order":0,"comment_status":"closed","ping_status":"closed","template":"elementor_theme","meta":{"_eb_attr":"","footnotes":""},"class_list":["post-14746","page","type-page","status-publish","has-post-thumbnail"],"_links":{"self":[{"href":"https:\/\/travelshelper.com\/pt\/wp-json\/wp\/v2\/pages\/14746","targetHints":{"allow":["GET"]}}],"collection":[{"href":"https:\/\/travelshelper.com\/pt\/wp-json\/wp\/v2\/pages"}],"about":[{"href":"https:\/\/travelshelper.com\/pt\/wp-json\/wp\/v2\/types\/page"}],"author":[{"embeddable":true,"href":"https:\/\/travelshelper.com\/pt\/wp-json\/wp\/v2\/users\/1"}],"replies":[{"embeddable":true,"href":"https:\/\/travelshelper.com\/pt\/wp-json\/wp\/v2\/comments?post=14746"}],"version-history":[{"count":0,"href":"https:\/\/travelshelper.com\/pt\/wp-json\/wp\/v2\/pages\/14746\/revisions"}],"up":[{"embeddable":true,"href":"https:\/\/travelshelper.com\/pt\/wp-json\/wp\/v2\/pages\/24063"}],"wp:featuredmedia":[{"embeddable":true,"href":"https:\/\/travelshelper.com\/pt\/wp-json\/wp\/v2\/media\/3645"}],"wp:attachment":[{"href":"https:\/\/travelshelper.com\/pt\/wp-json\/wp\/v2\/media?parent=14746"}],"curies":[{"name":"wp","href":"https:\/\/api.w.org\/{rel}","templated":true}]}}