{"id":14637,"date":"2024-09-19T21:47:03","date_gmt":"2024-09-19T21:47:03","guid":{"rendered":"https:\/\/travelshelper.com\/staging\/?page_id=14637"},"modified":"2026-03-11T22:25:22","modified_gmt":"2026-03-11T22:25:22","slug":"ereva","status":"publish","type":"page","link":"https:\/\/travelshelper.com\/pt\/destinations\/europe\/armenia\/yerevan\/","title":{"rendered":"Erev\u00e3"},"content":{"rendered":"<p>Erevan permanece hoje como guardi\u00e3 e benefici\u00e1ria de uma continuidade que remonta a quase tr\u00eas mil\u00eanios. Desde sua primeira encarna\u00e7\u00e3o como Erebuni, uma fortaleza urartiana fundada em 782 a.C. pelo Rei Argishti I, a cidade testemunhou as mudan\u00e7as de destino dos imp\u00e9rios, o fluxo e refluxo de povos e a persistente vontade de seus habitantes de reconstruir e se adaptar. Situada em um planalto do Planalto Arm\u00eanio, a cidade ocupa a borda ocidental da Plan\u00edcie de Ararat, com seus bairros superiores cercados por montanhas em tr\u00eas lados, antes de descer para o desfiladeiro \u00edngreme do Rio Hrazdan. Em sua forma moderna, Erevan serve como o cora\u00e7\u00e3o administrativo da Arm\u00eania, seu caldeir\u00e3o cultural e seu motor industrial; no entanto, a cada passo, vest\u00edgios do passado permanecem entrela\u00e7ados no tecido urbano.<\/p>\n<p>A cidadela de Erebuni, erguida no topo de uma colina rochosa a cerca de oito quil\u00f4metros a sudeste do centro atual, foi concebida como mais do que um basti\u00e3o militar. Inscri\u00e7\u00f5es contempor\u00e2neas e evid\u00eancias arqueol\u00f3gicas revelam que Argishti I imaginou uma sede de governo e culto \u2014 um local onde o ritual teocr\u00e1tico e a cerim\u00f4nia real se fundissem. Apesar de suas imponentes muralhas e sal\u00f5es cerimoniais, a capital urartiana n\u00e3o manteve a primazia por muito tempo. Com o surgimento de reinos arm\u00eanios subsequentes, novas sedes de poder eclipsaram Erebuni, e o assentamento decaiu at\u00e9 que o per\u00edodo medieval praticamente apagou sua import\u00e2ncia.<\/p>\n<p>No in\u00edcio do s\u00e9culo XVII, a sorte de Erevan havia chegado ao fundo do po\u00e7o. Durante o Grande Surgun, de 1603 a 1605, os governantes saf\u00e1vidas da P\u00e9rsia deportaram \u00e0 for\u00e7a centenas de milhares de arm\u00eanios, deixando a cidade praticamente desabitada. Um terremoto catastr\u00f3fico em 1679 destruiu o que restava da cidade, reduzindo seu modesto conjunto de habita\u00e7\u00f5es a escombros. A reconstru\u00e7\u00e3o seguiu em escala bastante reduzida, com a cidade reconstru\u00edda retomando algumas de suas atuais ruas daquele per\u00edodo.<\/p>\n<p>A assinatura do Tratado de Turkmenchay em 1828 trouxe Yerevan para o Imp\u00e9rio Russo. Sob a administra\u00e7\u00e3o czarista, os arm\u00eanios que haviam sido dispersos pela P\u00e9rsia e pelos territ\u00f3rios otomanos come\u00e7aram a retornar aos poucos. Uma nova onda de colonos impulsionou um renascimento que transformou Yerevan de um retiro provincial em um centro regional. Quando a Primeira Rep\u00fablica da Arm\u00eania tomou forma em 1918, Yerevan \u2014 ent\u00e3o lar de milhares de sobreviventes do genoc\u00eddio arm\u00eanio \u2014 foi proclamada capital nacional, a d\u00e9cima quarta na hist\u00f3ria da Arm\u00eania e a s\u00e9tima na Plan\u00edcie de Ararat.<\/p>\n<p>A era sovi\u00e9tica inaugurou ent\u00e3o um per\u00edodo de r\u00e1pida transforma\u00e7\u00e3o. Ao longo de algumas d\u00e9cadas, Yerevan cresceu em popula\u00e7\u00e3o e ambi\u00e7\u00e3o. Amplas avenidas e edif\u00edcios p\u00fablicos monumentais, executados em um estilo neocl\u00e1ssico contido e infundidos com motivos nacionais, suplantaram fileiras de casas de madeira. Com o fim do dom\u00ednio sovi\u00e9tico, Yerevan havia consolidado seu papel como polo cultural e industrial da Arm\u00eania.<\/p>\n<p>A turbul\u00eancia econ\u00f4mica do in\u00edcio da d\u00e9cada de 1990 desencadeou um \u00eaxodo. Entre 1989 e 2003, a popula\u00e7\u00e3o da cidade diminuiu de aproximadamente 1,25 milh\u00e3o para cerca de 1,09 milh\u00e3o. Os que permaneceram enfrentaram a infraestrutura decadente e a estagna\u00e7\u00e3o econ\u00f4mica. No entanto, a virada do s\u00e9culo marcou um renascimento. Investimentos renovados em habita\u00e7\u00e3o, transporte e espa\u00e7os p\u00fablicos alteraram o horizonte e a vida nas ruas. Caf\u00e9s, butiques e cal\u00e7ad\u00f5es \u2014 escassos durante os anos sovi\u00e9ticos \u2014 proliferaram ao longo da revitalizada Pra\u00e7a da Rep\u00fablica, da rec\u00e9m-constru\u00edda Avenida Norte e do verdejante complexo Cascade. Em 2011, a popula\u00e7\u00e3o da cidade havia ultrapassado um milh\u00e3o e, em 2022, atingiu cerca de 1.086.677 habitantes.<\/p>\n<p>Em reconhecimento \u00e0s suas profundas tradi\u00e7\u00f5es liter\u00e1rias e acad\u00eamicas, a UNESCO designou Yerevan como a Capital Mundial do Livro de 2012. A filia\u00e7\u00e3o \u00e0 Eurocidades integrou ainda mais a capital arm\u00eania a uma rede europeia de coopera\u00e7\u00e3o municipal. No entanto, essa r\u00e1pida renova\u00e7\u00e3o urbana teve seus cr\u00edticos: a demoli\u00e7\u00e3o de estruturas hist\u00f3ricas da era russa e do in\u00edcio do s\u00e9culo XX \u00e0s vezes deixou seus antigos moradores desabrigados, e os debates sobre a preserva\u00e7\u00e3o do patrim\u00f4nio continuam a ecoar nas sess\u00f5es de planejamento municipal.<\/p>\n<p>A altitude de Erevan varia de 865 metros acima do n\u00edvel do mar, nas margens do Hrazdan, a 1.390 metros em suas altitudes a nordeste, colocando-a entre as cinquenta cidades mais altas do mundo, com popula\u00e7\u00f5es superiores a um milh\u00e3o. Um clima de estepe continental semi\u00e1rido rege o ritmo do ano. Os ver\u00f5es s\u00e3o extremamente secos, com term\u00f4metros diurnos em agosto ocasionalmente atingindo 40 \u00b0C \u2014 o recorde de 43,7 \u00b0C estabelecido em 12 de julho de 2018 ainda est\u00e1 entre os mais altos dos anais meteorol\u00f3gicos arm\u00eanios. Os invernos, embora breves, podem cair para -15 \u00b0C ou menos, e a neve cobre os parques da cidade. A precipita\u00e7\u00e3o anual \u00e9 de apenas 318 mil\u00edmetros, enquanto o c\u00e9u limpo proporciona cerca de 2.700 horas de sol por ano.<\/p>\n<p>Administrativamente, Yerevan \u00e9 distinta das prov\u00edncias da Arm\u00eania (marzer). Ocupa um status especial, sendo cont\u00edgua \u00e0 prov\u00edncia de Kotayk ao norte e leste, \u00e0 prov\u00edncia de Ararat ao sul e sudoeste, \u00e0 prov\u00edncia de Armavir a oeste e \u00e0 prov\u00edncia de Aragatsotn a noroeste. Dentro de seus limites municipais, encontram-se doze distritos, cada um com caracter\u00edsticas e espa\u00e7os p\u00fablicos \u00fanicos.<\/p>\n<p>Apesar de sua densidade \u2014 cerca de 4.900 pr\u00e9dios de apartamentos, cerca de 65.000 postes de luz e mais de 1.080 quil\u00f4metros de ruas \u2014 a cidade preserva importantes \u00e1reas verdes. O Parque Lyon, no distrito de Erebuni, ocupa o terreno ajardinado mais antigo, estabelecido e irrigado artificialmente ao lado da fortaleza no s\u00e9culo VIII a.C. O Parque Ingl\u00eas, pr\u00f3ximo ao centro, e o Parque dos Amantes, ao longo da Avenida Marechal Baghramyan, datam dos s\u00e9culos XVIII e XIX. O Jardim Bot\u00e2nico de Yerevan, inaugurado em 1935, e o Parque da Vit\u00f3ria, da d\u00e9cada de 1950, oferecem ampla \u00e1rea verde, enquanto o Lago dos Cisnes, no Parque do Teatro da \u00d3pera, oferece patina\u00e7\u00e3o recreativa no inverno. Em todos os distritos, jardins de bairro \u2014 o Parque Buenos Aires em Ajapnyak, o Parque Komitas em Shengavit, o Parque Fridtjof Nansen em Nor Nork e outros \u2014 atendem aos moradores locais. Em 1967, a cidade criou um reservat\u00f3rio artificial no antigo leito do rio Hrazdan; Os 0,65 quil\u00f4metros quadrados de superf\u00edcie reflexiva do Lago Yerevan agora abrigam passeios recreativos.<\/p>\n<p>A Fortaleza de Erebuni permanece como um marco das origens da cidade, com seu port\u00e3o urartiano e inscri\u00e7\u00f5es em pedra evocando uma \u00e9poca de bronze e ferro. A Igreja de Katoghike, constru\u00edda em 1264, sobrevive como um fragmento de uma bas\u00edlica maior, com sua nave simples de pedra contrastando com a humildade dos arcos amplos da Pra\u00e7a da Rep\u00fablica da era sovi\u00e9tica. Na periferia leste da cidade, a Catedral de S\u00e3o Greg\u00f3rio, o Iluminador, consagrada em 2001, reina como a maior catedral arm\u00eania do mundo, com sua fachada de tufo branco, um testemunho do arco de 1.700 anos do cristianismo arm\u00eanio.<\/p>\n<p>Perto dali, o complexo Memorial Tsitsernakaberd preserva a mem\u00f3ria do genoc\u00eddio de 1915. Seus trios de lajes de granito e a chama eterna ficam ao lado do Museu do Genoc\u00eddio Arm\u00eanio, onde fotografias e depoimentos de sobreviventes testemunham os eventos que remodelaram a na\u00e7\u00e3o. A biblioteca Matenadaran, na Avenida Mashtots, abriga cerca de 17.000 manuscritos \u2014 iluminuras e margin\u00e1lias que narram a evolu\u00e7\u00e3o das letras arm\u00eanias, gregas e do Oriente M\u00e9dio. Compartilhando o pr\u00e9dio na Pra\u00e7a da Rep\u00fablica, a Galeria Nacional e o Museu de Hist\u00f3ria exibem obras de arte nacionais e europeias, refletindo o papel de Erevan como um ponto de encontro da cultura eurasiana.<\/p>\n<p>A curiosidade cient\u00edfica encontra espa\u00e7o em institui\u00e7\u00f5es especializadas: a Reserva Erebuni preserva estepes semides\u00e9rticas e flora end\u00eamica; o Museu de Ci\u00eancias Interativo Little Einstein envolve crian\u00e7as com exposi\u00e7\u00f5es interativas; e o Museu Espacial e os museus de comunica\u00e7\u00f5es e medicina registram avan\u00e7os tecnol\u00f3gicos.<\/p>\n<p>Ao longo de \u00e9pocas de conquista e ex\u00edlio, o cristianismo apost\u00f3lico arm\u00eanio persistiu. A Diocese Pontif\u00edcia de Ararat, sediada na Catedral de Surp Sarkis, est\u00e1 entre as dioceses mais antigas do mundo. Hoje, a cidade conta com dezessete igrejas ativas e quatro capelas, cada uma delas um locus de ritual e comunidade. O arm\u00eanio cl\u00e1ssico, ou grabar, perdura no uso lit\u00fargico, enquanto o dialeto vern\u00e1culo de Yerevan \u2014 moldado pelo menos desde o s\u00e9culo XIII \u2014 traz palavras emprestadas do russo e do persa e continua sendo a variante mais difundida do arm\u00eanio oriental.<\/p>\n<p>Em termos demogr\u00e1ficos, Yerevan passou de uma maioria arm\u00eania medieval para uma popula\u00e7\u00e3o mista de mu\u00e7ulmanos e arm\u00eanios no s\u00e9culo XIX, e retornou a um car\u00e1ter predominantemente arm\u00eanio no final do s\u00e9culo XX. Expuls\u00f5es otomanas, repatria\u00e7\u00f5es russas e as tr\u00e1gicas migra\u00e7\u00f5es da era do genoc\u00eddio forjaram ondas de retorno e reassentamento que alteraram indelevelmente o mosaico urbano.<\/p>\n<p>Antigas capelas de pedra \u2014 a capela da Santa M\u00e3e de Deus em Avan e a Igreja de Tsiranavor \u2014 permanecem nos sub\u00farbios ao norte, em meio aos escombros de torres medievais. Ao longo do Hrazdan, uma ponte vermelha do s\u00e9culo XVII fala tanto de ru\u00edna quanto de reconstru\u00e7\u00e3o. As eras sovi\u00e9ticas s\u00e3o homenageadas na est\u00e1tua da M\u00e3e Arm\u00eania, no alto do Parque da Vit\u00f3ria, e nas fachadas em estilo sovi\u00e9tico do Teatro de \u00d3pera e do Cinema de Moscou. Marcadores mais recentes incluem o monumento Garegin Nzhdeh (2016) e os terra\u00e7os em cascata repletos de arte do Centro Cafesjian, onde concertos gratuitos e instala\u00e7\u00f5es escult\u00f3ricas animam o passeio pedestre.<\/p>\n<p>O Aeroporto Internacional de Zvartnots, a doze quil\u00f4metros a oeste da cidade, opera voos comerciais, enquanto o adjacente Aeroporto de Erebuni atende \u00e0 avia\u00e7\u00e3o militar e privada. Dentro da cidade, o transporte \u00e9 uma colcha de retalhos de tr\u00f3lebus municipais, \u00f4nibus urbanos e vans de marshrutka operadas por particulares. Embora as marshrutkas representem mais da metade das viagens de passageiros, a falta de uma tarifa unificada e padr\u00f5es vari\u00e1veis \u200b\u200bdesafiam os reguladores. O Metr\u00f4 de Yerevan, nomeado em homenagem a Karen Demirchyan, atende a capital desde 1981 e transporta cerca de 60.000 passageiros diariamente em suas dez esta\u00e7\u00f5es. As conex\u00f5es ferrovi\u00e1rias de longa dist\u00e2ncia operam principalmente para Tbilisi e dentro da Arm\u00eania; as rotas para a Turquia e o Azerbaij\u00e3o permanecem fechadas.<\/p>\n<p>A ind\u00fastria, outrora abalada pelo colapso p\u00f3s-sovi\u00e9tico, mant\u00e9m seus pontos fortes nos setores qu\u00edmico, metal\u00fargico, de m\u00e1quinas, t\u00eaxtil e de processamento de alimentos. Quase 41% da produ\u00e7\u00e3o industrial da Arm\u00eania tem origem em Yerevan. O turismo agora complementa a ind\u00fastria: hot\u00e9is de luxo \u2014 Marriott, Hyatt, Radisson Blu \u2014 e novos shopping centers como o Dalma Garden Mall, o Yerevan Mall e o Rossia Mall atendem a visitantes internacionais. As fontes dan\u00e7antes da Pra\u00e7a da Rep\u00fablica e a vista panor\u00e2mica do Monte Ararat atraem milhares de pessoas todos os anos.<\/p>\n<p>No centro, Kentron \u2014 a planta conc\u00eantrica do arquiteto Alexander Tamanian \u2014 abra\u00e7a a Pra\u00e7a da Rep\u00fablica e o bairro da \u00d3pera, unificados pelas fachadas de vidro e caf\u00e9s da Avenida Norte. Ao norte, o bazar interno de Barekamutyun relembra s\u00e9culos de com\u00e9rcio. A \u00e1rea conhecida coloquialmente como Monumento ergue-se ao redor dos degraus em cascata e do memorial da vit\u00f3ria sovi\u00e9tica. Mais adiante, as ru\u00ednas antigas de Erebuni jazem sob a sombra dos trens de passageiros, enquanto o bairro apelidado de Bangladesh \u2014 assim chamado por sua dist\u00e2ncia do centro \u2014 abriga o maior mercado ao ar livre da cidade. Nor Nork, a \u00faltima extens\u00e3o residencial da era sovi\u00e9tica em Yerevan, direciona os viajantes aos templos de Garni e Geghard.<\/p>\n<p>Numa cidade arrasada e reconstru\u00edda, cantada e lamentada, Erevan hoje exala uma confian\u00e7a silenciosa. Equilibra o peso da antiguidade com o discurso urgente da renova\u00e7\u00e3o. Em qualquer manh\u00e3 de primavera, pode-se passear sob pl\u00e1tanos rec\u00e9m-plantados, ao lado de pedras do s\u00e9culo XVII, ouvir frases coloquiais salpicadas de vest\u00edgios persas e vislumbrar atrav\u00e9s da n\u00e9voa os picos g\u00eameos do Ararat. Quem caminha por suas ruas se envolve com camadas de mem\u00f3ria: cada avenida e caminho de jardim, cada igreja e fonte, carrega a marca de in\u00fameras vidas, entre elas sacerdotes urartianos, engenheiros russos, poetas sovi\u00e9ticos e cidad\u00e3os atuais que continuam a moldar a hist\u00f3ria em constante desenvolvimento desta cidade.<\/p>","protected":false},"excerpt":{"rendered":"<p>Situada \u00e0s margens do rio Hrazdan, Yerevan, a capital e maior cidade da Arm\u00eania, contava com 1.092.800 habitantes em 2022, mais de 35% do total nacional. Sendo uma das cidades permanentemente habitadas mais antigas do mundo, esta cidade milenar \u00e9 um testemunho da resist\u00eancia humana e da continuidade cultural. Por mil\u00eanios, a localiza\u00e7\u00e3o estrat\u00e9gica de Yerevan, na extremidade ocidental da Plan\u00edcie de Ararat, dominou a hist\u00f3ria, a cultura e a economia arm\u00eanias.<\/p>","protected":false},"author":1,"featured_media":3901,"parent":14631,"menu_order":0,"comment_status":"closed","ping_status":"closed","template":"elementor_theme","meta":{"_eb_attr":"","footnotes":""},"class_list":["post-14637","page","type-page","status-publish","has-post-thumbnail"],"_links":{"self":[{"href":"https:\/\/travelshelper.com\/pt\/wp-json\/wp\/v2\/pages\/14637","targetHints":{"allow":["GET"]}}],"collection":[{"href":"https:\/\/travelshelper.com\/pt\/wp-json\/wp\/v2\/pages"}],"about":[{"href":"https:\/\/travelshelper.com\/pt\/wp-json\/wp\/v2\/types\/page"}],"author":[{"embeddable":true,"href":"https:\/\/travelshelper.com\/pt\/wp-json\/wp\/v2\/users\/1"}],"replies":[{"embeddable":true,"href":"https:\/\/travelshelper.com\/pt\/wp-json\/wp\/v2\/comments?post=14637"}],"version-history":[{"count":0,"href":"https:\/\/travelshelper.com\/pt\/wp-json\/wp\/v2\/pages\/14637\/revisions"}],"up":[{"embeddable":true,"href":"https:\/\/travelshelper.com\/pt\/wp-json\/wp\/v2\/pages\/14631"}],"wp:featuredmedia":[{"embeddable":true,"href":"https:\/\/travelshelper.com\/pt\/wp-json\/wp\/v2\/media\/3901"}],"wp:attachment":[{"href":"https:\/\/travelshelper.com\/pt\/wp-json\/wp\/v2\/media?parent=14637"}],"curies":[{"name":"wp","href":"https:\/\/api.w.org\/{rel}","templated":true}]}}