{"id":14631,"date":"2024-09-19T21:40:05","date_gmt":"2024-09-19T21:40:05","guid":{"rendered":"https:\/\/travelshelper.com\/staging\/?page_id=14631"},"modified":"2026-03-11T21:52:53","modified_gmt":"2026-03-11T21:52:53","slug":"armenia","status":"publish","type":"page","link":"https:\/\/travelshelper.com\/pt\/destinations\/europe\/armenia\/","title":{"rendered":"Arm\u00e9nia"},"content":{"rendered":"<p>A Arm\u00eania ocupa uma modesta faixa de territ\u00f3rio montanhoso na encruzilhada de continentes, onde os contornos de antigos imp\u00e9rios ainda moldam a vida cotidiana. Aninhada nas Terras Altas Arm\u00eanias da \u00c1sia Ocidental e frequentemente inclu\u00edda entre as na\u00e7\u00f5es do C\u00e1ucaso Meridional, faz fronteira com a Turquia a oeste, a Ge\u00f3rgia ao norte, o Azerbaij\u00e3o a leste e o Ir\u00e3, al\u00e9m do enclave azerbaijano de Nakhchivan ao sul. Yerevan, sua capital e principal centro financeiro, situa-se \u00e0s margens do rio Hrazdan e se destaca como uma metr\u00f3pole moderna e guardi\u00e3 de tradi\u00e7\u00f5es milenares.<\/p>\n<p>A g\u00eanese da identidade arm\u00eania reside nos volumosos anais das Terras Altas da Arm\u00eania, territ\u00f3rio outrora habitado pelas confedera\u00e7\u00f5es Hayasa-Azzi, Shupria e Nairi. Por volta do s\u00e9culo VI a.C., uma forma mais antiga do proto-arm\u00eanio, ela pr\u00f3pria um desdobramento da fam\u00edlia indo-europeia, havia se entrela\u00e7ado nas l\u00ednguas locais. Em 860 a.C., Urartu surgiu como a primeira na\u00e7\u00e3o arm\u00eania consolidada. Suas ambi\u00e7\u00f5es diminu\u00edram, cedendo, no s\u00e9culo VI a.C., ao dom\u00ednio satrapal aquem\u00eanida. No entanto, foi no s\u00e9culo I a.C., sob Tigranes II, que um reino arm\u00eanio atingiu seu apogeu, estendendo-se do Mar Negro \u00e0 Mesopot\u00e2mia. Um breve s\u00e9culo depois, em 301 d.C., a Arm\u00eania fez hist\u00f3ria como o primeiro estado a endossar o cristianismo como seu credo oficial \u2014 um ato que confere \u00e0 Igreja Apost\u00f3lica Arm\u00eania a distin\u00e7\u00e3o de ser a primeira igreja nacional do mundo.<\/p>\n<p>Os s\u00e9culos subsequentes viram a Arm\u00eania dividida entre Biz\u00e2ncio e a P\u00e9rsia Sass\u00e2nida, com cada pot\u00eancia impondo suas pr\u00f3prias formas administrativas. O s\u00e9culo IX trouxe um renascimento moment\u00e2neo sob a dinastia Bagratuni, que reconstituiu um reino arm\u00eanio at\u00e9 1045. Seguiu-se o decl\u00ednio, mas no s\u00e9culo XI, nobres arm\u00eanios j\u00e1 haviam estabelecido um principado mar\u00edtimo na Cil\u00edcia, no Mediterr\u00e2neo oriental. Essa pol\u00edtica perdurou at\u00e9 o s\u00e9culo XIV, preservando as institui\u00e7\u00f5es jur\u00eddicas e eclesi\u00e1sticas arm\u00eanias mesmo com a Anat\u00f3lia caindo sob o dom\u00ednio otomano.<\/p>\n<p>Com a ascens\u00e3o da hegemonia otomana e persa no s\u00e9culo XVI, a Arm\u00eania dividiu-se em duas metades, oriental e ocidental, negociadas como moedas em guerras sucessivas. No s\u00e9culo XIX, a R\u00fassia havia absorvido a Arm\u00eania Oriental, enquanto a Arm\u00eania Ocidental permanecia sob dom\u00ednio otomano. A Primeira Guerra Mundial causou devasta\u00e7\u00e3o quando as for\u00e7as otomanas submeteram at\u00e9 1,5 milh\u00e3o de arm\u00eanios ao exterm\u00ednio sistem\u00e1tico. Na turbul\u00eancia provocada pela Revolu\u00e7\u00e3o Russa, a Arm\u00eania emergiu brevemente como uma rep\u00fablica em 1918, apenas para ser subsumida pela Uni\u00e3o Sovi\u00e9tica em 1920. Permaneceria como a Rep\u00fablica Socialista Sovi\u00e9tica da Arm\u00eania at\u00e9 a dissolu\u00e7\u00e3o sovi\u00e9tica em 1991, quando a atual Rep\u00fablica da Arm\u00eania recuperou sua soberania.<\/p>\n<p>A geografia se imp\u00f5e em todos os cantos do pa\u00eds. Com cerca de 29.743 quil\u00f4metros quadrados, a Arm\u00eania \u00e9 predominantemente montanhosa \u2014 mais de oitenta e cinco por cento de sua superf\u00edcie est\u00e1 acima de 1.000 metros. Rios caudalosos cortam desfiladeiros profundos, e o terreno raramente desce abaixo de 390 metros. O Monte Aragats eleva-se a 4.090 metros acima do n\u00edvel do mar, enquanto o c\u00e9lebre Monte Ararat, agora dentro das fronteiras da Turquia, eleva-se a 5.137 metros e permanece como um poderoso emblema no bras\u00e3o arm\u00eanio. Duas ecorregi\u00f5es principais \u2014 as florestas mistas do C\u00e1ucaso e a estepe montanhosa da Anat\u00f3lia Oriental \u2014 abrigam uma rica biodiversidade.<\/p>\n<p>O clima reflete a altitude. Os ver\u00f5es s\u00e3o quentes, secos e ensolarados, temperados pela baixa umidade e pelas brisas noturnas das montanhas que se espalham pelos vales. Primaveras curtas d\u00e3o lugar a outonos prolongados, quando a folhagem amadurece em tons vibrantes. Os invernos trazem muita neve e temperaturas que chegam a -10 \u00b0C, convidando os entusiastas \u00e0s encostas de Tsaghkadzor, a apenas meia hora de Yerevan. O Lago Sevan, com 1.900 metros de altitude, o segundo maior lago do mundo, congela no inverno, mas serve como local para recrea\u00e7\u00e3o e pesca nos meses mais quentes.<\/p>\n<p>Administrativamente, a Arm\u00eania \u00e9 dividida em dez prov\u00edncias, cada uma supervisionada por um governador nomeado pelo governo nacional. Erevan se destaca com um prefeito eleito diretamente e doze distritos semiaut\u00f4nomos. As prov\u00edncias se subdividem em comunidades aut\u00f4nomas, totalizando novecentas e quinze, das quais quarenta e nove s\u00e3o urbanas e oitocentas e sessenta e seis rurais. Essas unidades municipais abrangem cidades e vilas, refletindo um relevo que alternadamente abriga assentamentos densos e aldeias isoladas.<\/p>\n<p>A economia moderna assenta numa combina\u00e7\u00e3o de ind\u00fastria e extra\u00e7\u00e3o mineral, complementada pelas remessas de uma extensa di\u00e1spora. Antes de 1991, a economia da Arm\u00e9nia na era sovi\u00e9tica era industrializada, produzindo m\u00e1quinas, eletr\u00f3nica, alimentos processados \u200b\u200be t\u00eaxteis. Ap\u00f3s a independ\u00eancia, a participa\u00e7\u00e3o da agricultura no emprego aumentou para 40%, impulsionada por imperativos de seguran\u00e7a alimentar, antes de se estabilizar em cerca de 20% do PIB em meados dos anos 2000. Hoje, o investimento estrangeiro \u2014 frequentemente canalizado por arm\u00e9nios que vivem no estrangeiro \u2014 desempenha um papel fundamental no desenvolvimento da infraestrutura, da tecnologia e do turismo.<\/p>\n<p>Demograficamente, a Arm\u00eania contava com aproximadamente 3.081.100 habitantes em 2025, tornando-se uma das mais densamente povoadas entre as ex-rep\u00fablicas sovi\u00e9ticas. A emigra\u00e7\u00e3o aumentou na d\u00e9cada de 1990, mas desde ent\u00e3o diminuiu, com um modesto crescimento populacional observado a partir de 2012. Al\u00e9m de suas fronteiras, uma vasta di\u00e1spora \u2014 estimada em oito milh\u00f5es \u2014 prospera na R\u00fassia, Fran\u00e7a, Estados Unidos, Ir\u00e3, L\u00edbano e outros lugares. Comunidades hist\u00f3ricas persistem na Turquia, notadamente nos arredores de Istambul, e pequenos enclaves arm\u00eanios perduram na Cidade Velha de Jerusal\u00e9m e na ilha de S\u00e3o L\u00e1zaro, perto de Veneza, onde o mosteiro mequitarista preserva s\u00e9culos de erudi\u00e7\u00e3o.<\/p>\n<p>Os arm\u00eanios \u00e9tnicos constituem 98,1% da popula\u00e7\u00e3o. Os yazidis formam a maior minoria, com cerca de 1,1%, enquanto os russos representam cerca de 0,5%. Outros grupos \u2014 ass\u00edrios, gregos, georgianos, curdos, judeus e outros \u2014 complementam o mosaico. At\u00e9 o conflito de Nagorno-Karabakh, os azerbaijanos eram uma minoria significativa, mas praticamente todos partiram em 1990. Por outro lado, ondas de refugiados arm\u00eanios do Azerbaij\u00e3o contribu\u00edram para a relativa homogeneidade do pa\u00eds.<\/p>\n<p>A l\u00edngua arm\u00eania, escrita em um alfabeto criado por volta de 405 d.C. por Mesrop Mashtots, continua sendo a \u00fanica l\u00edngua oficial. Suas trinta e nove letras \u2014 originalmente trinta e seis, com tr\u00eas adicionadas posteriormente \u2014 destacam uma tradi\u00e7\u00e3o liter\u00e1ria que se estende por dezesseis s\u00e9culos. O russo persiste como uma segunda l\u00edngua amplamente falada, refletindo d\u00e9cadas sob o dom\u00ednio sovi\u00e9tico, enquanto o ingl\u00eas ganhou espa\u00e7o nas escolas e nos centros urbanos.<\/p>\n<p>A religi\u00e3o est\u00e1 presente em cada vila e cidade. Mais de noventa e tr\u00eas por cento dos arm\u00eanios aderem \u00e0 Igreja Apost\u00f3lica Arm\u00eania. Enraizada nas miss\u00f5es dos ap\u00f3stolos Tadeu e Bartolomeu no s\u00e9culo I d.C., ela pertence \u00e0 comunh\u00e3o ortodoxa oriental. A sede do Catholicos em Etchmiadzin, com sua nave do s\u00e9culo V, \u00e9 uma das catedrais mais antigas do mundo. Congrega\u00e7\u00f5es cat\u00f3licas \u2014 tanto arm\u00eanias quanto latinas \u2014 mant\u00eam presen\u00e7a, assim como comunidades protestantes, grupos molokans de origem russa e uma pequena comunidade judaica concentrada em Yerevan e Sevan.<\/p>\n<p>O yazidismo sobrevive entre as aldeias das terras altas ocidentais, onde, em 2019, o templo Quba M\u00ear\u00ea D\u00eewan\u00ea foi inaugurado, revivendo ritos antigos. Essas correntes religiosas coexistem sob uma constitui\u00e7\u00e3o que reconhece a Igreja Apost\u00f3lica Arm\u00eania, ao mesmo tempo em que defende a liberdade de culto para todos.<\/p>\n<p>A arquitetura arm\u00eania carrega a marca dos imperativos s\u00edsmicos. Grossos muros de pedra e perfis baixos protegem contra tremores, enquanto a abund\u00e2ncia de tufo e basalto locais produz edif\u00edcios de distin\u00e7\u00e3o duradoura. Embora poucas estruturas de madeira da antiguidade permane\u00e7am, as capitais medievais de Ani e outras ecoam os contornos de assentamentos desaparecidos. Em cada vale, igrejas e mosteiros \u2014 Geghard escavado em penhascos, as colunas sim\u00e9tricas de Garni, os portais elaboradamente esculpidos de Noravank \u2014 falam de uma fus\u00e3o de artesanato utilit\u00e1rio e aspira\u00e7\u00e3o sagrada.<\/p>\n<p>A culin\u00e1ria reflete a converg\u00eancia entre o Oriente e o Ocidente. As receitas priorizam a qualidade dos ingredientes em detrimento dos temperos fortes. Ervas frescas, leguminosas, nozes e frutas como o damasco \u2014 a fruta nacional da Arm\u00eania \u2014 d\u00e3o sabor aos pratos, enquanto folhas de videira ou repolho servem como recipientes para recheios temperados. A rom\u00e3, s\u00edmbolo da fertilidade, permeia receitas e iconografia. P\u00e3es em formato de khachkar, ensopados enriquecidos com ameixa \u00e1cida e p\u00e3es achatados leves assados \u200b\u200bem fornos tandoor definem o card\u00e1pio di\u00e1rio, acompanhados por trutas de riachos de montanha ou lagostins do Lago Sevan.<\/p>\n<p>Os turistas encontram na Arm\u00eania uma riqueza de diversidade regional. A Arm\u00eania Central, ancorada por Yerevan e pelo centro religioso de Etchmiadzin, apresenta o Mosteiro de Geghard e a reserva arqueol\u00f3gica de Khor Virap, ambos oferecendo encontros viscerais com o patrim\u00f4nio. A regi\u00e3o do Lago Sevan, envolta por um lago de alta altitude, revela antigos cemit\u00e9rios de pedras em forma de cruz e praias de ver\u00e3o onde restaurantes locais se especializam em peixes de \u00e1gua doce. As prov\u00edncias do norte, margeadas pela Ge\u00f3rgia, abrigam mosteiros isolados, acess\u00edveis apenas por trilhas estreitas, e abrigam Dilijan, um resort florestal cuja cena culin\u00e1ria em evolu\u00e7\u00e3o evoca o charme alpino. Ao sul, os desfiladeiros de Vorotan e Amaghu abrigam os mosteiros de Tatev e Noravank, enquanto as ru\u00ednas dos caravan\u00e7arai em Selim e as aldeias de Hin Khndzoresk, nas fal\u00e9sias, sugerem um interior outrora movimentado da Rota da Seda.<\/p>\n<p>Entre os centros urbanos, Yerevan se destaca por suas avenidas largas e pela seguran\u00e7a confort\u00e1vel ap\u00f3s o anoitecer, apesar de pequenos furtos ocasionais. Gyumri, que sofreu com o terremoto de 1988, est\u00e1 passando por um renascimento cultural; Vanadzor, a terceira maior cidade, mant\u00e9m a tranquilidade da era sovi\u00e9tica; e a cidade termal de Jermuk atrai visitantes para suas fontes termais. Tsaghkadzor, com seus telef\u00e9ricos e pistas bem cuidadas, continua sendo o principal destino de esportes de inverno do pa\u00eds.<\/p>\n<p>Viajantes usam o dram (AMD) para transa\u00e7\u00f5es cotidianas. As moedas variam de 10 a 500 drams; as notas chegam a 100.000 drams. O c\u00e2mbio para d\u00f3lares, euros ou rublos \u00e9 simples, geralmente sem comiss\u00e3o; caixas eletr\u00f4nicos das principais redes est\u00e3o espalhados pelas \u00e1reas urbanas, mas fora de Yerevan, o dinheiro em esp\u00e9cie costuma ser indispens\u00e1vel.<\/p>\n<p>A seguran\u00e7a na Arm\u00eania \u00e9 not\u00e1vel. Os moradores locais prezam a hospitalidade, e as cal\u00e7adas em Yerevan e arredores parecem seguras mesmo depois de escurecer. Recomenda-se cautela com motoristas de t\u00e1xi sem licen\u00e7a \u2014 combinar uma tarifa com anteced\u00eancia ou usar aplicativos oficiais pode evitar disputas. Desde a Revolu\u00e7\u00e3o de Veludo de 2018, a pequena corrup\u00e7\u00e3o que afeta os turistas diminuiu. Os olhares dos transeuntes geralmente refletem curiosidade em vez de hostilidade, e o racismo expl\u00edcito \u00e9 raro. No entanto, visitantes LGBT devem ser discretos, pois a aceita\u00e7\u00e3o social permanece limitada e as uni\u00f5es entre pessoas do mesmo sexo n\u00e3o s\u00e3o reconhecidas internamente.<\/p>\n<p>Respeitar os costumes locais enriquece qualquer estadia. Trajes modestos e coberturas de cabe\u00e7a para mulheres s\u00e3o adequados para visitas \u00e0 igreja; homens tiram o chap\u00e9u em ambientes fechados. Acender uma vela na capela de um mosteiro \u00e9 um gesto opcional de rever\u00eancia. Conversar com arm\u00eanios sobre hist\u00f3ria ou cultura desperta interesse genu\u00edno, mas entrar abruptamente em neg\u00f3cios sem a costumeira conversa informal pode parecer abrupto. A defer\u00eancia aos mais velhos \u00e9 esperada no transporte p\u00fablico, e o princ\u00edpio da hospitalidade convida os anfitri\u00f5es a garantir o conforto dos h\u00f3spedes \u2014 recusar mais comida ou bebida pode testar a polidez arm\u00eania.<\/p>\n<p>Para cidad\u00e3os com dupla nacionalidade, o direito \u00e0 cidadania m\u00faltipla coexiste com obriga\u00e7\u00f5es: homens arm\u00eanios com idades entre 18 e 27 anos devem prestar servi\u00e7o militar, independentemente de outros passaportes. Evitar tal dever acarreta penalidades legais. O conflito de longa data com o Azerbaij\u00e3o recomenda cautela perto das zonas de fronteira, onde escaramu\u00e7as ocasionais persistem e for\u00e7as de paz russas monitoram o corredor de Lachin.<\/p>\n<p>A Arm\u00eania se apresenta como uma cr\u00f4nica viva de civiliza\u00e7\u00f5es e, ao mesmo tempo, como uma na\u00e7\u00e3o que trilha seu caminho no s\u00e9culo XXI. Suas colinas e planaltos tra\u00e7am os passos de n\u00f4mades, cruzados e mercadores. Na textura de seus muros de pedra, nas ora\u00e7\u00f5es em suas capelas e no sabor de suas refei\u00e7\u00f5es preparadas com seriedade, o pa\u00eds se revela n\u00e3o por meio de grandes declara\u00e7\u00f5es, mas pela resist\u00eancia silenciosa de um povo que conheceu tanto a perda quanto a renova\u00e7\u00e3o. Para aqueles que se envolvem em seus ritmos, a Arm\u00eania oferece um relato puro e eloquente do alcance da hist\u00f3ria at\u00e9 o presente.<\/p>","protected":false},"excerpt":{"rendered":"<p>Situada no Planalto Arm\u00eanio, na \u00c1sia Ocidental, a Arm\u00eania ocupa uma localiza\u00e7\u00e3o estrat\u00e9gica na jun\u00e7\u00e3o da Europa com a \u00c1sia. \u00c9 um pa\u00eds pequeno, por\u00e9m importante, no C\u00e1ucaso Meridional, com uma popula\u00e7\u00e3o de cerca de 2,9 milh\u00f5es de habitantes. Com quase um ter\u00e7o da popula\u00e7\u00e3o nacional vivendo em Erevan, a capital e maior cidade do pa\u00eds atua como seu centro energ\u00e9tico de cultura e neg\u00f3cios.<\/p>","protected":false},"author":1,"featured_media":3821,"parent":24078,"menu_order":0,"comment_status":"closed","ping_status":"closed","template":"elementor_theme","meta":{"_eb_attr":"","footnotes":""},"class_list":["post-14631","page","type-page","status-publish","has-post-thumbnail"],"_links":{"self":[{"href":"https:\/\/travelshelper.com\/pt\/wp-json\/wp\/v2\/pages\/14631","targetHints":{"allow":["GET"]}}],"collection":[{"href":"https:\/\/travelshelper.com\/pt\/wp-json\/wp\/v2\/pages"}],"about":[{"href":"https:\/\/travelshelper.com\/pt\/wp-json\/wp\/v2\/types\/page"}],"author":[{"embeddable":true,"href":"https:\/\/travelshelper.com\/pt\/wp-json\/wp\/v2\/users\/1"}],"replies":[{"embeddable":true,"href":"https:\/\/travelshelper.com\/pt\/wp-json\/wp\/v2\/comments?post=14631"}],"version-history":[{"count":0,"href":"https:\/\/travelshelper.com\/pt\/wp-json\/wp\/v2\/pages\/14631\/revisions"}],"up":[{"embeddable":true,"href":"https:\/\/travelshelper.com\/pt\/wp-json\/wp\/v2\/pages\/24078"}],"wp:featuredmedia":[{"embeddable":true,"href":"https:\/\/travelshelper.com\/pt\/wp-json\/wp\/v2\/media\/3821"}],"wp:attachment":[{"href":"https:\/\/travelshelper.com\/pt\/wp-json\/wp\/v2\/media?parent=14631"}],"curies":[{"name":"wp","href":"https:\/\/api.w.org\/{rel}","templated":true}]}}