{"id":14616,"date":"2024-09-19T21:24:23","date_gmt":"2024-09-19T21:24:23","guid":{"rendered":"https:\/\/travelshelper.com\/staging\/?page_id=14616"},"modified":"2026-03-11T22:25:06","modified_gmt":"2026-03-11T22:25:06","slug":"bielorrussia","status":"publish","type":"page","link":"https:\/\/travelshelper.com\/pt\/destinations\/europe\/belarus\/","title":{"rendered":"Bielorr\u00fassia"},"content":{"rendered":"<p>A Bielorr\u00fassia, formalmente designada Rep\u00fablica da Bielorr\u00fassia, ocupa uma posi\u00e7\u00e3o central na Europa Oriental. Abrangendo 207.600 quil\u00f4metros quadrados, situa-se entre as latitudes 51\u00b0 e 57\u00b0 N e as longitudes 23\u00b0 e 33\u00b0 E, compartilhando fronteiras com a R\u00fassia a leste e nordeste, a Ucr\u00e2nia ao sul, a Pol\u00f4nia a oeste e a Litu\u00e2nia e a Let\u00f4nia a noroeste. Com cerca de 9,1 milh\u00f5es de habitantes, a rep\u00fablica est\u00e1 organizada em seis regi\u00f5es administrativas, enquanto sua capital, Minsk, se destaca por seu status especial. Este territ\u00f3rio relativamente plano, caracterizado por extensos p\u00e2ntanos e amplas \u00e1reas florestais, apresenta uma paisagem ao mesmo tempo discreta e discretamente variada.<\/p>\n<p>Elevando-se n\u00e3o mais do que 345 metros acima do n\u00edvel do mar em Dzyarzhynskaya Hara e mergulhando para 90 metros na margem mais baixa do rio Neman, o relevo da Bielorr\u00fassia \u00e9 suave. Seu clima hemiboreal traz invernos em que as m\u00ednimas m\u00e9dias em janeiro variam de -4 \u00b0C no sudoeste, em torno de Brest, a -8 \u00b0C no nordeste, perto de Vitebsk, enquanto os ver\u00f5es permanecem frescos e \u00famidos, com m\u00e9dia de 18 \u00b0C. A precipita\u00e7\u00e3o anual oscila entre 550 e 700 mil\u00edmetros, refletindo uma posi\u00e7\u00e3o de transi\u00e7\u00e3o entre os regimes continental e mar\u00edtimo. Uma densa rede de riachos e cerca de 11.000 lagos complementam tr\u00eas rios principais \u2014 o Neman, o Pripyat e o Dnieper \u2014 que ligam a terra aos mares B\u00e1ltico e Negro por seus cursos.<\/p>\n<p>Quase 43% da \u00e1rea da Bielorr\u00fassia estava coberta por floresta em 2020, um aumento em rela\u00e7\u00e3o aos cerca de 37% registrados em 1990. Dos 8,8 milh\u00f5es de hectares de floresta, cerca de 6,6 milh\u00f5es de hectares se regeneram naturalmente, enquanto 2,2 milh\u00f5es de hectares devem sua origem ao reflorestamento planejado. Apenas uma pequena fra\u00e7\u00e3o, talvez 2%, mant\u00e9m as caracter\u00edsticas de floresta prim\u00e1ria, mas cerca de 16% de todas as florestas est\u00e3o dentro de zonas formalmente protegidas. Essa abund\u00e2ncia arb\u00f3rea coexiste com plan\u00edcies pantanosas, notadamente na regi\u00e3o de Polesie, onde os dep\u00f3sitos de turfa representam tanto uma caracter\u00edstica ecol\u00f3gica quanto um recurso explor\u00e1vel.<\/p>\n<p>Sob seus solos, a Bielorr\u00fassia abriga quantidades modestas de petr\u00f3leo e g\u00e1s natural, al\u00e9m de recursos minerais mais abundantes: granito, dolomita, marga, giz, areia, cascalho e argila. No entanto, o legado da cat\u00e1strofe de Chernobyl de 1986 permanece aqui: cerca de setenta por cento da precipita\u00e7\u00e3o radioativa do reator ucraniano danificado se depositou em territ\u00f3rio bielorrusso, contaminando cerca de um quinto de suas terras, principalmente no sudeste. Esfor\u00e7os internacionais, liderados pelas Na\u00e7\u00f5es Unidas e ag\u00eancias aliadas, t\u00eam buscado diminuir as concentra\u00e7\u00f5es de c\u00e9sio-137 no solo por meio de interven\u00e7\u00f5es agr\u00edcolas \u2013 entre elas, o cultivo de colza e a aplica\u00e7\u00e3o de agentes aglutinantes \u2013 enquanto a silvicultura e o manejo da terra se adaptam \u00e0s restri\u00e7\u00f5es de radia\u00e7\u00e3o de longo prazo.<\/p>\n<p>As fronteiras modernas da Bielorr\u00fassia tomaram forma em grande parte no s\u00e9culo XX. Ap\u00f3s o decl\u00ednio da Comunidade Polaco-Lituana no final do s\u00e9culo XVIII, as terras foram subsumidas pelo Imp\u00e9rio Russo. Ap\u00f3s o tumulto da Revolu\u00e7\u00e3o Russa, uma s\u00e9rie de Estados de curta dura\u00e7\u00e3o disputaram o controle, culminando no estabelecimento da Rep\u00fablica Socialista Sovi\u00e9tica da Bielorr\u00fassia em 1919. A Guerra Polaco-Sovi\u00e9tica (1918-1921) cedeu quase metade desses territ\u00f3rios \u00e0 Pol\u00f4nia, apenas para a invas\u00e3o sovi\u00e9tica do leste da Pol\u00f4nia em 1939 reverter muitas dessas perdas. As demarca\u00e7\u00f5es finais se cristalizaram ap\u00f3s a Segunda Guerra Mundial, \u00e0 medida que a pr\u00e1tica administrativa sovi\u00e9tica consolidava as seis regi\u00f5es da Bielorr\u00fassia e o status especial de Minsk.<\/p>\n<p>A Segunda Guerra Mundial devastou a sociedade e a economia da Bielorr\u00fassia: opera\u00e7\u00f5es militares e ocupa\u00e7\u00e3o ceifaram a vida de quase um quarto de seus cidad\u00e3os e destru\u00edram metade de sua capacidade industrial e agr\u00edcola. Em meio a essa destrui\u00e7\u00e3o, surgiu um movimento partid\u00e1rio resiliente \u2014 unido pela determina\u00e7\u00e3o antinazista e com composi\u00e7\u00e3o notavelmente diversa \u2014 que moldou a pol\u00edtica do p\u00f3s-guerra por d\u00e9cadas. Em 1945, como membro fundador das Na\u00e7\u00f5es Unidas, juntamente com a pr\u00f3pria Uni\u00e3o Sovi\u00e9tica, a RSS da Bielorr\u00fassia embarcou em uma r\u00e1pida transforma\u00e7\u00e3o de um interior agr\u00e1rio em uma rep\u00fablica industrial, guiada pelo planejamento central e pela coletiviza\u00e7\u00e3o.<\/p>\n<p>Com os ventos da mudan\u00e7a soprando pela Europa Oriental, o Soviete Supremo da Bielorr\u00fassia proclamou a soberania em 27 de julho de 1990. Em um ano, a dissolu\u00e7\u00e3o da Uni\u00e3o Sovi\u00e9tica resultou na independ\u00eancia total em 25 de agosto de 1991. Uma nova constitui\u00e7\u00e3o foi promulgada tr\u00eas anos depois, e em 1994 Alexander Lukashenko foi eleito presidente no \u00fanico voto livre do pa\u00eds desde a independ\u00eancia. Seu mandato, que agora se aproxima de tr\u00eas d\u00e9cadas, permitiu a manuten\u00e7\u00e3o de ampla propriedade estatal, a supress\u00e3o da m\u00eddia independente e da sociedade civil, e a concentra\u00e7\u00e3o de poder em um executivo altamente centralizado. As liberdades de imprensa e de reuni\u00e3o est\u00e3o entre as mais restritas da Europa, e a pena de morte continua em vigor.<\/p>\n<p>A Bielorr\u00fassia mant\u00e9m uma rede de afilia\u00e7\u00f5es internacionais: pertence \u00e0s Na\u00e7\u00f5es Unidas, \u00e0 Comunidade de Estados Independentes, \u00e0 Organiza\u00e7\u00e3o do Tratado de Seguran\u00e7a Coletiva e \u00e0 Uni\u00e3o Econ\u00f4mica Eurasi\u00e1tica, e participa da Organiza\u00e7\u00e3o para a Seguran\u00e7a e Coopera\u00e7\u00e3o na Europa e do Movimento dos Pa\u00edses N\u00e3o Alinhados. Uma rela\u00e7\u00e3o bilateral com a Uni\u00e3o Europeia perdura, embora a ades\u00e3o nunca tenha sido buscada. Os esfor\u00e7os para ingressar no Conselho da Europa em 1993 foram rejeitados devido a irregularidades eleitorais e preocupa\u00e7\u00f5es com direitos humanos, e seu envolvimento limitado com esse \u00f3rg\u00e3o terminou completamente em 2022, ap\u00f3s o papel da Bielorr\u00fassia em facilitar a invas\u00e3o da Ucr\u00e2nia pela R\u00fassia.<\/p>\n<p>Economicamente, a Bielorr\u00fassia ocupa o sexag\u00e9simo lugar no \u00cdndice de Desenvolvimento Humano das Na\u00e7\u00f5es Unidas, o que demonstra um desenvolvimento humano muito elevado, apesar de seu status de pa\u00eds em desenvolvimento. Em 2019, a ind\u00fastria manufatureira contribuiu com cerca de 31% do PIB e empregou pouco menos de 35% da for\u00e7a de trabalho, embora seu crescimento tenha ficado aqu\u00e9m do da economia em geral. A agricultura sustenta os meios de subsist\u00eancia rurais, com batatas e gado entre os principais produtos. O controle estatal sobre as grandes empresas persiste, mesmo com as limitadas reformas de mercado e o com\u00e9rcio internacional sustentando uma modesta diversifica\u00e7\u00e3o econ\u00f4mica.<\/p>\n<p>A hist\u00f3ria monet\u00e1ria tem sido marcada por per\u00edodos de instabilidade. O rublo bielorrusso foi introduzido em maio de 1992 para suplantar a moeda sovi\u00e9tica e passou por duas redenomina\u00e7\u00f5es: a primeira em 2000 e a segunda em julho de 2016, quando 10.000 rublos antigos se tornaram um novo rublo (BYN). Uma forte desvaloriza\u00e7\u00e3o em maio de 2011 \u2014 quando a moeda perdeu cerca de 56% de seu valor em rela\u00e7\u00e3o ao d\u00f3lar americano em um \u00fanico dia \u2014 levou a um pedido de resgate do Fundo Monet\u00e1rio Internacional (FMI). Epis\u00f3dios de controle de pre\u00e7os, incluindo um congelamento anunciado em outubro de 2022 para conter a infla\u00e7\u00e3o dos alimentos, ilustram a postura intervencionista do governo. Em janeiro de 2023, a legisla\u00e7\u00e3o legalizou o uso n\u00e3o autorizado de propriedade intelectual de na\u00e7\u00f5es consideradas &#034;hostis&#034;.<\/p>\n<p>O setor banc\u00e1rio \u00e9 composto por dois n\u00edveis: o Banco Nacional da Rep\u00fablica da Bielorr\u00fassia, em seu \u00e1pice, e 25 institui\u00e7\u00f5es comerciais abaixo dele. A pol\u00edtica monet\u00e1ria, a aloca\u00e7\u00e3o de cr\u00e9dito e a gest\u00e3o da taxa de c\u00e2mbio permanecem sob rigorosa supervis\u00e3o governamental, refletindo o padr\u00e3o mais amplo de envolvimento estatal em toda a economia.<\/p>\n<p>A popula\u00e7\u00e3o da Bielorr\u00fassia, de cerca de 9,41 milh\u00f5es de habitantes (censo de 2019), \u00e9 predominantemente bielorrussa, com cerca de 84,9%. As minorias russa, polonesa e ucraniana constituem 7,5%, 3,1% e 1,7%, respectivamente. Com uma densidade m\u00e9dia pr\u00f3xima a cinquenta pessoas por quil\u00f4metro quadrado, cerca de setenta por cento da popula\u00e7\u00e3o reside em \u00e1reas urbanas. Minsk, com quase dois milh\u00f5es de habitantes, destaca-se como o centro pol\u00edtico, cultural e econ\u00f4mico; outras cidades importantes incluem Gomel (481.000 habitantes), Mogilev (365.100 habitantes), Vitebsk (342.400 habitantes), Grodno (314.800 habitantes) e Brest (298.300 habitantes).<\/p>\n<p>O decl\u00ednio natural da popula\u00e7\u00e3o foi compensado marginalmente pela imigra\u00e7\u00e3o l\u00edquida. Em 2007, a Bielorr\u00fassia apresentou uma taxa de crescimento negativa de 0,41%, sustentada por uma taxa de fecundidade de 1,22 filhos por mulher \u2014 bem abaixo do n\u00edvel de reposi\u00e7\u00e3o. A migra\u00e7\u00e3o l\u00edquida, de aproximadamente +0,38 por mil, contrasta com as sa\u00eddas observadas em outras partes da regi\u00e3o. O perfil demogr\u00e1fico tende a ser mais velho: em 2015, cerca de quatorze por cento tinham 65 anos ou mais, e a idade m\u00e9dia de 34 anos dever\u00e1 ultrapassar os 60 anos at\u00e9 meados do s\u00e9culo. A expectativa de vida m\u00e9dia \u00e9 de 72,15 anos \u2014 78,1 para mulheres e 66,5 para homens \u2014 e a alfabetiza\u00e7\u00e3o ultrapassa 99% entre aqueles com 15 anos ou mais.<\/p>\n<p>A filia\u00e7\u00e3o religiosa reflete a predomin\u00e2ncia da Ortodoxia Oriental, \u00e0 qual adere aproximadamente 48% da popula\u00e7\u00e3o. Dados do censo de 2011 indicam que 59% endossam uma identidade religiosa: destes, cerca de 82% se alinham com o Exarcado Bielorrusso da Igreja Ortodoxa Russa, enquanto tamb\u00e9m existem entidades ortodoxas menores e uma Igreja Ortodoxa Autoc\u00e9fala Bielorrussa. Os cat\u00f3licos romanos representam cerca de 7,1% \u2014 principalmente nas regi\u00f5es ocidentais \u2014 enquanto denomina\u00e7\u00f5es protestantes, cat\u00f3licos gregos, judeus, mu\u00e7ulmanos e grupos neopag\u00e3os comp\u00f5em o restante. Aproximadamente 41% dos bielorrussos se descrevem como n\u00e3o religiosos.<\/p>\n<p>Duas l\u00ednguas t\u00eam status oficial: o bielorrusso e o russo. No censo de 2009, 53% dos entrevistados declararam o bielorrusso como l\u00edngua materna, com 41% citando o russo. No entanto, o russo domina a fala cotidiana em cerca de 70% dos domic\u00edlios, em compara\u00e7\u00e3o com 23% do bielorrusso. Desde meados da d\u00e9cada de 1990, a educa\u00e7\u00e3o urbana tem se voltado para o ensino do russo, e a produ\u00e7\u00e3o anual de literatura em l\u00edngua bielorrussa diminuiu acentuadamente.<\/p>\n<p>A Bielorr\u00fassia preserva um quarteto de Patrim\u00f4nios Mundiais da UNESCO. O Complexo do Castelo de Mir e o conjunto residencial-defensivo do Castelo de Nesvizh exemplificam a arquitetura medieval tardia e o planejamento aristocr\u00e1tico. O Arco Geod\u00e9sico de Struve, de car\u00e1ter transnacional, comemora os esfor\u00e7os geod\u00e9sicos do s\u00e9culo XIX, marcando pontos de levantamento em dez pa\u00edses. Por fim, as cepas primitivas da Floresta Bia\u0142owie\u017ca \u2014 conhecida como Belovezhskaya Pushcha no lado bielorrusso \u2014 abrigam bis\u00f5es-europeus entre carvalhos e pinheiros primitivos, oferecendo um vislumbre vivo da Europa pr\u00e9-industrial.<\/p>\n<p>Al\u00e9m desses marcos, os visitantes encontram vest\u00edgios de um passado arquitet\u00f4nico mais rico, grande parte do qual pereceu durante a Segunda Guerra Mundial ou devido ao planejamento do p\u00f3s-guerra. Minsk, inteiramente reconstru\u00edda ap\u00f3s sua destrui\u00e7\u00e3o durante a guerra, agora combina estruturas monumentais socialistas-realistas com caf\u00e9s, museus e espa\u00e7os culturais contempor\u00e2neos. A Pra\u00e7a da Independ\u00eancia ancora a vida c\u00edvica da cidade, emoldurada pela antiga sede da KGB e pelo Museu Nacional do Estado; nas proximidades, o Monumento Judaico Zaslavsky homenageia comunidades perdidas.<\/p>\n<p>Em Brest, na fronteira oeste, a fortaleza do s\u00e9culo XIX ergue-se como um monumento \u00e0 resist\u00eancia sovi\u00e9tica durante a Opera\u00e7\u00e3o Barbarossa. Para admirar o artesanato rural do s\u00e9culo XIX, os viajantes podem visitar o Museu ao Ar Livre de Dudutki, onde estruturas de madeira e palha abrigam demonstra\u00e7\u00f5es de cer\u00e2mica, carpintaria, panifica\u00e7\u00e3o e artesanato. Para ref\u00fagios naturais, a Reserva Natural de Pripyat e a regi\u00e3o dos Lagos Braslau oferecem p\u00e2ntanos, ilhas e margens arborizadas. Quatro parques nacionais \u2014 Belovezhskaya Pushcha, Pripyatsky, Lagos Braslav e Osipovichsky \u2014 oferecem habitats diversos para a vida selvagem e oportunidades para explora\u00e7\u00f5es tranquilas.<\/p>\n<p>As considera\u00e7\u00f5es de seguran\u00e7a assemelham-se \u00e0s de um Estado rigorosamente supervisionado. Pequenos crimes contra visitantes s\u00e3o raros, mas recomenda-se cautela em transa\u00e7\u00f5es financeiras, visto que fraudes e crimes cibern\u00e9ticos ocorrem. As autoridades mant\u00eam vigil\u00e2ncia constante: quartos de hotel, comunica\u00e7\u00f5es e pertences pessoais podem estar sujeitos a inspe\u00e7\u00e3o. Fotografias de instala\u00e7\u00f5es militares, governamentais ou de fronteira podem provocar censura oficial. A embriaguez em p\u00fablico e o uso de palavr\u00f5es resultam em multas ou deten\u00e7\u00e3o.<\/p>\n<p>Manifesta\u00e7\u00f5es pol\u00edticas correm o risco de supress\u00e3o abrupta; a dissid\u00eancia \u00e9 penalizada e a liberdade de express\u00e3o \u00e9 severamente restringida. Manifestantes frequentemente carregam a hist\u00f3rica bandeira branca-vermelha-branca de 1918-1995, s\u00edmbolo da di\u00e1spora e da oposi\u00e7\u00e3o; sua apari\u00e7\u00e3o em p\u00fablico sinaliza um risco elevado de pris\u00e3o. Mesmo gestos t\u00e3o in\u00f3cuos como aplausos podem atrair aten\u00e7\u00e3o indesejada, tendo sido adotados por cr\u00edticos do regime. Jornalistas estrangeiros, particularmente os de origem polonesa, j\u00e1 sofreram com a entrada negada, deten\u00e7\u00f5es e interrogat\u00f3rios.<\/p>\n<p>As atitudes em rela\u00e7\u00e3o a visitantes LGBT permanecem conservadoras. Embora a legisla\u00e7\u00e3o n\u00e3o criminalize mais rela\u00e7\u00f5es consensuais entre pessoas do mesmo sexo, a aceita\u00e7\u00e3o social \u00e9 limitada \u2014 especialmente entre as gera\u00e7\u00f5es mais velhas \u2014 e demonstra\u00e7\u00f5es p\u00fablicas de afeto n\u00e3o s\u00e3o recomendadas. As condi\u00e7\u00f5es de dire\u00e7\u00e3o variam de satisfat\u00f3rias nas rodovias principais a perigosas no inverno: buracos, ilumina\u00e7\u00e3o escassa, comportamento imprevis\u00edvel dos pedestres e o desrespeito ocasional \u00e0s regras de tr\u00e2nsito exigem vigil\u00e2ncia.<\/p>\n<p>A assist\u00eancia m\u00e9dica fica aqu\u00e9m dos padr\u00f5es ocidentais. As instala\u00e7\u00f5es frequentemente carecem de equipamentos modernos, e as barreiras lingu\u00edsticas agravam as dificuldades para pessoas que n\u00e3o falam russo ou bielorrusso. O tempo de resposta da ambul\u00e2ncia pode exceder trinta minutos, tornando a evacua\u00e7\u00e3o m\u00e9dica o caminho mais confi\u00e1vel para cuidados avan\u00e7ados. A tuberculose representa desafios crescentes, e a \u00e1gua da torneira n\u00e3o \u00e9 segura para consumo direto; \u00e1gua engarrafada \u00e9 fortemente recomendada. Os alimentos s\u00e3o submetidos a inspe\u00e7\u00f5es bacterianas e radiol\u00f3gicas, embora produtos provenientes de um raio de cinquenta quil\u00f4metros do reator de Chernobyl continuem proibidos.<\/p>\n<p>A etiqueta na Bielorr\u00fassia reflete uma cultura mais reservada. Os bielorrussos valorizam a retic\u00eancia em p\u00fablico, onde sorrisos para estranhos podem ser interpretados como insinceridade ou zombaria. Os primeiros encontros frequentemente provocam respostas concisas em vez de calor efusivo; a confian\u00e7a e a abertura se desenvolvem gradualmente. O cavalheirismo permanece costumeiro: os homens frequentemente oferecem assist\u00eancia pr\u00e1tica \u00e0s mulheres, que por sua vez aguardam tais cortesias. Discursos pol\u00edticos, particularmente sobre o presidente Lukashenko ou legados sovi\u00e9ticos, devem ser evitados, pois tais assuntos podem provocar desconforto ou repres\u00e1lias oficiais.<\/p>\n<p>Tanto nas tranquilas aldeias da Bielorr\u00fassia quanto em seus modernos centros urbanos, a intera\u00e7\u00e3o entre ruptura hist\u00f3rica e persist\u00eancia cultural molda um ambiente desafiador e silenciosamente envolvente. Embora grande parte de seu passado tenha se perdido \u2014 pela viol\u00eancia da guerra e pela reconstru\u00e7\u00e3o uniforme \u2014, vest\u00edgios perduram nas florestas devastadas, na alvenaria dos castelos e nos ritmos estoicos da vida cotidiana. Para aqueles dispostos a olhar al\u00e9m das impress\u00f5es superficiais, a Bielorr\u00fassia oferece uma experi\u00eancia de resili\u00eancia e continuidade, marcada pelas realidades cruas de seu povo e pela beleza sutil de uma terra em constante, ainda que contida, transforma\u00e7\u00e3o.<\/p>","protected":false},"excerpt":{"rendered":"<p>Com uma popula\u00e7\u00e3o estimada de quase 9,1 milh\u00f5es de pessoas, a Bielorr\u00fassia \u2014 formalmente conhecida como Rep\u00fablica da Bielorr\u00fassia \u2014 \u00e9 um pa\u00eds sem litoral na Europa Oriental. A localiza\u00e7\u00e3o estrat\u00e9gica da Bielorr\u00fassia \u2014 a jun\u00e7\u00e3o da Europa e da \u00c1sia \u2014 influenciou seu desenvolvimento hist\u00f3rico, identidade cultural e relev\u00e2ncia geopol\u00edtica. Classificada em 13\u00ba lugar na Europa em extens\u00e3o territorial, a na\u00e7\u00e3o ostenta uma \u00e1rea de 207.600 quil\u00f4metros quadrados (80.200 milhas quadradas). A R\u00fassia a leste e nordeste, a Ucr\u00e2nia ao sul, a Pol\u00f4nia a oeste, a Litu\u00e2nia e a Let\u00f4nia a noroeste, circundam toda a Bielorr\u00fassia. O desenvolvimento do pa\u00eds e suas intera\u00e7\u00f5es hist\u00f3ricas com os estados vizinhos foram muito influenciados por sua localiza\u00e7\u00e3o geogr\u00e1fica.<\/p>","protected":false},"author":1,"featured_media":2825,"parent":24078,"menu_order":0,"comment_status":"closed","ping_status":"closed","template":"elementor_theme","meta":{"_eb_attr":"","footnotes":""},"class_list":["post-14616","page","type-page","status-publish","has-post-thumbnail"],"_links":{"self":[{"href":"https:\/\/travelshelper.com\/pt\/wp-json\/wp\/v2\/pages\/14616","targetHints":{"allow":["GET"]}}],"collection":[{"href":"https:\/\/travelshelper.com\/pt\/wp-json\/wp\/v2\/pages"}],"about":[{"href":"https:\/\/travelshelper.com\/pt\/wp-json\/wp\/v2\/types\/page"}],"author":[{"embeddable":true,"href":"https:\/\/travelshelper.com\/pt\/wp-json\/wp\/v2\/users\/1"}],"replies":[{"embeddable":true,"href":"https:\/\/travelshelper.com\/pt\/wp-json\/wp\/v2\/comments?post=14616"}],"version-history":[{"count":0,"href":"https:\/\/travelshelper.com\/pt\/wp-json\/wp\/v2\/pages\/14616\/revisions"}],"up":[{"embeddable":true,"href":"https:\/\/travelshelper.com\/pt\/wp-json\/wp\/v2\/pages\/24078"}],"wp:featuredmedia":[{"embeddable":true,"href":"https:\/\/travelshelper.com\/pt\/wp-json\/wp\/v2\/media\/2825"}],"wp:attachment":[{"href":"https:\/\/travelshelper.com\/pt\/wp-json\/wp\/v2\/media?parent=14616"}],"curies":[{"name":"wp","href":"https:\/\/api.w.org\/{rel}","templated":true}]}}