{"id":14435,"date":"2024-09-19T14:14:16","date_gmt":"2024-09-19T14:14:16","guid":{"rendered":"https:\/\/travelshelper.com\/staging\/?page_id=14435"},"modified":"2026-03-11T22:48:07","modified_gmt":"2026-03-11T22:48:07","slug":"croacia","status":"publish","type":"page","link":"https:\/\/travelshelper.com\/pt\/destinations\/europe\/croatia\/","title":{"rendered":"Cro\u00e1cia"},"content":{"rendered":"<p>A Cro\u00e1cia situa-se na conflu\u00eancia da Europa Central e do Sudeste, com o seu litoral recortado que percorre mais de 1.700 quil\u00f3metros do Mar Adri\u00e1tico. Dentro das suas fronteiras \u2014 56.594 quil\u00f3metros quadrados de terra e 128 quil\u00f3metros quadrados de \u00e1guas interiores \u2014 esta rep\u00fablica abarca uma not\u00e1vel diversidade de terrenos e culturas. A noroeste, a Eslov\u00e9nia partilha uma fronteira suave; a nordeste, estendem-se as plan\u00edcies da Hungria; a leste, a S\u00e9rvia; e mais a sul, a B\u00f3snia e Herzegovina e Montenegro. Do outro lado de uma estreita faixa de mar a oeste, encontra-se a It\u00e1lia. No extremo sul, em redor de Dubrovnik, a Ponte Pelje\u0161ac atravessa agora o canal que outrora separava o enclave costeiro do continente. Internamente, a Cro\u00e1cia divide-se em Zagreb e vinte condados, com Zagreb \u2014 a sua capital e maior cidade \u2014 a funcionar tanto como um centro urbano como como uma unidade administrativa pr\u00f3pria. Outros grandes polos urbanos incluem Split, Rijeka e Osijek, cada um ancorando regi\u00f5es distintas da hist\u00f3ria e da economia. Quase 3,9 milh\u00f5es de pessoas vivem entre as colinas ondulantes de Hrvatsko Zagorje, as plan\u00edcies f\u00e9rteis da Eslav\u00f4nia, as alturas calc\u00e1rias dos Alpes Din\u00e1ricos e as in\u00fameras ilhas que pontilham a costa do Adri\u00e1tico.<\/p>\n<p>As origens do regime pol\u00edtico croata remontam ao final do s\u00e9culo VI, quando tribos eslavas \u2014 mais tarde conhecidas como croatas \u2014 se estabeleceram na Il\u00edria romana. No s\u00e9culo VII, formaram dois ducados ao longo do litoral d\u00e1lmata. Em 879, o Duque Branimir obteve o reconhecimento formal da independ\u00eancia croata, forjando la\u00e7os com o Papado que perdurariam como salvaguarda pol\u00edtica. Sob o Rei Tomislav, coroado em 925, a Cro\u00e1cia emergiu como um reino, consolidando seu dom\u00ednio sobre a costa e o interior. Uma crise din\u00e1stica no final da linhagem Trpimirovi\u0107 levou a uma uni\u00e3o pessoal com a Hungria em 1102, mas s\u00e9culos sucessivos viram a nobreza croata preservar tradi\u00e7\u00f5es jur\u00eddicas e administrativas distintas, mesmo sob o dom\u00ednio dos Habsburgos. Confrontado com incurs\u00f5es otomanas em 1527, o Parlamento croata voltou-se novamente para os Habsburgos, elegendo Fernando I ao trono.<\/p>\n<p>O s\u00e9culo XX trouxe turbul\u00eancia e transforma\u00e7\u00e3o. Em outubro de 1918, o Estado dos Eslovenos, Croatas e S\u00e9rvios declarou-se independente do decadente Imp\u00e9rio Austro-H\u00fangaro, apenas para se juntar ao Reino dos S\u00e9rvios, Croatas e Eslovenos dois meses depois. Ap\u00f3s a invas\u00e3o da Iugosl\u00e1via pelo Eixo em 1941, a maior parte da Cro\u00e1cia moderna formou o Estado Independente da Cro\u00e1cia, um fantoche. Uma resist\u00eancia liderada pelos comunistas acabou prevalecendo, e a Rep\u00fablica Socialista da Cro\u00e1cia tornou-se um constituinte federal da Rep\u00fablica Socialista Federativa da Iugosl\u00e1via. Em 25 de junho de 1991, a Cro\u00e1cia proclamou sua soberania. Seguiu-se um conflito de quatro anos, que s\u00f3 chegou ao fim com a restaura\u00e7\u00e3o da integridade territorial e a reintegra\u00e7\u00e3o das popula\u00e7\u00f5es deslocadas em 1995.<\/p>\n<p>Hoje, a Cro\u00e1cia funciona como uma rep\u00fablica democr\u00e1tica com um sistema parlamentar. Participa plenamente das institui\u00e7\u00f5es europeias e internacionais: a Uni\u00e3o Europeia e sua Zona do Euro e Espa\u00e7o Schengen; a OTAN; as Na\u00e7\u00f5es Unidas; o Conselho da Europa; a OSCE; a Organiza\u00e7\u00e3o Mundial do Com\u00e9rcio; e a Uni\u00e3o para o Mediterr\u00e2neo. Candidata \u00e0 ades\u00e3o \u00e0 OCDE, contribuiu com tropas para as opera\u00e7\u00f5es de paz das Na\u00e7\u00f5es Unidas e j\u00e1 ocupou um assento n\u00e3o permanente no Conselho de Seguran\u00e7a da ONU.<\/p>\n<p>Economicamente, a Cro\u00e1cia est\u00e1 entre as na\u00e7\u00f5es desenvolvidas de alta renda. Seu PIB nominal est\u00e1 projetado para atingir aproximadamente US$ 88 bilh\u00f5es em 2024, cerca de US$ 22.966 per capita, enquanto o PIB por paridade de poder de compra se aproxima de US$ 175 bilh\u00f5es ou US$ 45.702 por pessoa. O crescimento real em 2023 foi de 2,8%, com o PIB per capita em aproximadamente 76% da m\u00e9dia da UE. O setor de servi\u00e7os representa cerca de 70% da produ\u00e7\u00e3o econ\u00f4mica, a ind\u00fastria cerca de 26% e a agricultura menos de 4%. Constru\u00e7\u00e3o naval, processamento de alimentos, produtos farmac\u00eauticos, tecnologia da informa\u00e7\u00e3o e madeira est\u00e3o entre os pilares industriais. O turismo continua especialmente vital, gerando cerca de \u20ac 10,5 bilh\u00f5es em 2019 e atraindo quase 20 milh\u00f5es de visitantes antes da pandemia. Est\u00e2ncias mar\u00edtimas e festivais culturais ao longo da costa da Dalm\u00e1cia, agroturismo no interior e atra\u00e7\u00f5es urbanas em Zagreb contribuem para seu apelo. O governo tem investido pesadamente desde o in\u00edcio dos anos 2000 em estradas e ferrovias ao longo de quatro corredores pan-europeus e em um terminal de importa\u00e7\u00e3o de g\u00e1s natural liquefeito offshore, o LNG Hrvatska, na Ilha de Krk.<\/p>\n<p>Geograficamente, o perfil da Cro\u00e1cia \u00e9 impressionante. As eleva\u00e7\u00f5es elevam-se at\u00e9 o cume do Dinara, a 1.831 metros acima do n\u00edvel do mar, mergulhando at\u00e9 a costa do Adri\u00e1tico. No interior, a Bacia da Pan\u00f4nia produz plan\u00edcies e vales fluviais \u2014 o Dan\u00fabio e o Drava fornecem transporte e irriga\u00e7\u00e3o \u2014 enquanto os Alpes Din\u00e1ricos e os planaltos c\u00e1rsticos formam uma espinha dorsal acidentada. Mais de mil ilhas e ilhotas, das quais 48 s\u00e3o permanentemente habitadas, espalham-se ao longo da costa; Cres e Krk abrangem cada uma cerca de 405 quil\u00f4metros quadrados. Dolinas c\u00e1rsticas, rios subterr\u00e2neos e cavernas com mais de mil metros de profundidade testemunham as funda\u00e7\u00f5es calc\u00e1rias da regi\u00e3o. Entre suas maravilhas naturais mais c\u00e9lebres est\u00e3o os lagos de Plitvice, onde uma s\u00e9rie de dezesseis lagos com barreiras de tufo descem em cascata em meio \u00e0 floresta, com tons de \u00e1gua que variam do azul-celeste ao verde-menta.<\/p>\n<p>O clima varia consideravelmente. A Cro\u00e1cia continental apresenta invernos frios, com temperaturas m\u00e9dias em janeiro em torno de -3 \u00b0C, e ver\u00f5es quentes pr\u00f3ximos a 18 \u00b0C em julho. Lika e Gorski Kotar, em altitudes acima de 1.200 metros, apresentam queda de neve substancial. Ao longo do Adri\u00e1tico, a influ\u00eancia mediterr\u00e2nea modera os extremos: os ver\u00f5es s\u00e3o quentes e secos, os invernos amenos e chuvosos. A precipita\u00e7\u00e3o varia de 600 mil\u00edmetros anuais nas plan\u00edcies orientais a mais de 3.500 mil\u00edmetros no topo dos picos din\u00e1ricos. Os locais mais ensolarados s\u00e3o as ilhas externas \u2014 Hvar e Kor\u010dula \u2014, que desfrutam de mais de 2.700 horas de sol por ano. Os ventos incluem o seco e tempestuoso bura do nordeste e o \u00famido jugo do sul.<\/p>\n<p>A infraestrutura da Cro\u00e1cia expandiu-se rapidamente desde a virada do mil\u00eanio. Em dezembro de 2020, sua rede de autoestradas se estendia por mais de 1.300 quil\u00f4metros, ligando as principais cidades pela A1 de Zagreb a Split e pela A3 atrav\u00e9s da Eslav\u00f4nia. Estradas estaduais alimentam essa rede, e a EuroTAP e a EuroTest reconheceram seus altos padr\u00f5es de seguran\u00e7a. As ferrovias se estendem por cerca de 2.600 quil\u00f4metros, quase 1.000 quil\u00f4metros deles eletrificados. Investimentos significativos em 2024 \u2014 mais notavelmente um empr\u00e9stimo de \u20ac 400 milh\u00f5es do Banco Europeu de Investimento \u2014 visam modernizar as ferrovias e adquirir seis unidades m\u00faltiplas eletrodiesel para melhorar o servi\u00e7o entre Split e Zagreb. Inaugurada em julho de 2022, a Ponte Pelje\u0161ac, com 2,4 quil\u00f4metros, agora une o enclave sul com o continente, encurtando as rotas para Kor\u010dula e Lastovo em mais de 32 quil\u00f4metros.<\/p>\n<p>Uma rede de sete aeroportos internacionais atende viajantes nacionais e estrangeiros. O Aeroporto Franjo Tu\u0111man, em Zagreb, \u00e9 o maior, enquanto Split, Dubrovnik, Zadar, Pula, Rijeka e Osijek atendem tr\u00e1fego sazonal e regional. A partir de meados de 2024, a Croatia Airlines come\u00e7ou a integrar aeronaves Airbus A220-300, projetando uma redu\u00e7\u00e3o de 25% no consumo de combust\u00edvel e nas emiss\u00f5es. A companhia a\u00e9rea tamb\u00e9m expandiu suas rotas, inaugurando voos diretos entre Zagreb e cidades como Tirana, Berlim, Estocolmo e Hamburgo.<\/p>\n<p>O transporte mar\u00edtimo continua indispens\u00e1vel. O Porto de Rijeka movimenta o maior volume de carga, enquanto o tr\u00e1fego de passageiros atinge seu pico em Split e Zadar. O com\u00e9rcio fluvial flui por Vukovar, no Dan\u00fabio, conectando-se ao Corredor Pan-Europeu VII.<\/p>\n<p>Em termos demogr\u00e1ficos, a popula\u00e7\u00e3o da Cro\u00e1cia \u00e9 de cerca de 3,87 milh\u00f5es, uma densidade de aproximadamente 73 habitantes por quil\u00f4metro quadrado \u2014 inferior \u00e0 de muitos estados europeus. A expectativa de vida ao nascer atingiu 76,3 anos em 2018. A guerra de independ\u00eancia precipitou deslocamentos substanciais: mais de 400.000 croatas fugiram ou foram expulsos de \u00e1reas predominantemente ocupadas, e 150.000 a 200.000 s\u00e9rvios partiram antes da Opera\u00e7\u00e3o Tempestade. Nos anos seguintes, houve muitos retornos, al\u00e9m do reassentamento de croatas deslocados da B\u00f3snia e Herzegovina.<\/p>\n<p>Oficialmente laica, a Cro\u00e1cia garante a liberdade religiosa. De acordo com o censo de 2011, os crist\u00e3os representam mais de 91% da popula\u00e7\u00e3o, com predomin\u00e2ncia da Igreja Cat\u00f3lica Romana (86%), seguida pelas comunidades ortodoxa e protestante. O islamismo representa cerca de 1,5%, enquanto 4,6% se identificam como n\u00e3o religiosos. A frequ\u00eancia regular \u00e0 igreja, no entanto, permanece abaixo de 25%.<\/p>\n<p>O croata \u00e9 a \u00fanica l\u00edngua oficial, uma l\u00edngua eslava do sul escrita em alfabeto latino. L\u00ednguas minorit\u00e1rias \u2014 tcheco, h\u00fangaro, italiano, s\u00e9rvio e eslovaco \u2014 gozam de status oficial em munic\u00edpios onde seus falantes representam mais de um ter\u00e7o da popula\u00e7\u00e3o local; outras, como o alban\u00eas, o b\u00f3snio e o turco, tamb\u00e9m s\u00e3o reconhecidas. Tr\u00eas dialetos principais \u2014 shtokavian, chakavian e kajkavian \u2014 refletem padr\u00f5es hist\u00f3ricos de povoamento.<\/p>\n<p>A cultura croata mistura influ\u00eancias da Europa Central, do Mediterr\u00e2neo, dos Balc\u00e3s e do Imp\u00e9rio Bizantino. O Minist\u00e9rio da Cultura salvaguarda dez Patrim\u00f4nios Mundiais da UNESCO em terra e quinze elementos do patrim\u00f4nio imaterial, ocupando o quarto lugar globalmente em tais designa\u00e7\u00f5es. O legado do movimento il\u00edrio do s\u00e9culo XIX permanece fundamental, tendo impulsionado um renascimento nacional na literatura, arte e estudos. Hoje, mais de noventa teatros profissionais, quarenta orquestras e corais, e mais de duzentos museus atendem a milh\u00f5es de espectadores anualmente. Bibliotecas e arquivos, como o sistema nacional de 1.768 bibliotecas que abrigam 26,8 milh\u00f5es de volumes, preservam uma rica tradi\u00e7\u00e3o escrita. A contribui\u00e7\u00e3o da Cro\u00e1cia para a moda global come\u00e7ou no s\u00e9culo XVII com a gravata, ancestral da gravata moderna.<\/p>\n<p>Os padr\u00f5es culin\u00e1rios variam de acordo com a regi\u00e3o. Ao longo da costa, predominam os sabores mediterr\u00e2neos: azeite, alho, frutos do mar e massas; no interior, influ\u00eancias da Europa Central e dos Balc\u00e3s resultam em pratos substanciosos de carne, peixes de \u00e1gua doce e ensopados de legumes. Duas regi\u00f5es vin\u00edcolas dividem o mapa. Na Eslav\u00f4nia continental, as vin\u00edcolas produzem vinhos brancos frescos; ao longo da pen\u00ednsula da \u00cdstria e da costa norte, os vinhos assemelham-se aos estilos italianos; e na Dalm\u00e1cia, os tintos florescem sob o sol mediterr\u00e2neo. A produ\u00e7\u00e3o anual de vinho ultrapassa 72 milh\u00f5es de litros. As tradi\u00e7\u00f5es cervejeiras surgiram no final do s\u00e9culo XVIII, tornando a cerveja a bebida alco\u00f3lica mais consumida no pa\u00eds. Onze restaurantes ganharam estrelas Michelin, com outros oitenta e oito reconhecidos pela excel\u00eancia culin\u00e1ria.<\/p>\n<p>O turismo molda a imagem internacional da Cro\u00e1cia. Cidades costeiras medievais \u2014 entre elas, Dubrovnik, Split, \u0160ibenik e Zadar \u2014 oferecem basti\u00f5es da arquitetura medieval e festivais de ver\u00e3o. O primeiro resort, Opatija, ganhou destaque em meados do s\u00e9culo XIX como um retiro de sa\u00fade para a elite europeia. Marinas para barcos acomodam mais de dezesseis mil iates, atraindo visitantes n\u00e1uticos atra\u00eddos pela clareza das \u00e1guas impolutas e pelas 116 praias com Bandeira Azul. As atra\u00e7\u00f5es do interior incluem os parques nacionais de Plitvice e Krka, spas de montanha e fazendas de agroturismo. Zagreb, com suas avenidas austro-h\u00fangaras e a cultura dos caf\u00e9s de rua, rivaliza com os destinos costeiros em seu apelo durante todo o ano. Notavelmente, a Cro\u00e1cia foi pioneira em resorts naturistas comerciais na Europa; cerca de quinze por cento dos visitantes anuais \u2014 mais de um milh\u00e3o de pessoas \u2014 participam do naturismo em praias designadas e informais marcadas com &#034;FKK&#034;.<\/p>\n<p>Al\u00e9m do turismo de lazer, as viagens m\u00e9dicas cresceram como um nicho de mercado. Cl\u00ednicas odontol\u00f3gicas em Zagreb, Split e Rijeka, alinhadas aos padr\u00f5es educacionais da UE, atendem clientes que buscam tratamento de curto prazo.<\/p>\n<p>Os visitantes s\u00e3o aconselhados a prestar aten\u00e7\u00e3o \u00e0s considera\u00e7\u00f5es de seguran\u00e7a e sa\u00fade. Os servi\u00e7os de emerg\u00eancia s\u00e3o contatados pelo 112, e os indiv\u00edduos s\u00e3o legalmente obrigados a portar identifica\u00e7\u00e3o. As taxas de criminalidade permanecem baixas para os padr\u00f5es regionais, e incidentes de corrup\u00e7\u00e3o ou extors\u00e3o s\u00e3o incomuns. Entusiastas de atividades ao ar livre devem consultar as autoridades locais sobre campos minados residuais em \u00e1reas rurais \u2013 um legado do conflito de 1991-95 \u2013 mas as rotas pavimentadas s\u00e3o consideradas seguras. O vento bura, especialmente ao longo do maci\u00e7o de Velebit, pode atingir velocidades superiores a 200 km\/h; as autoridades fecham estradas quando as condi\u00e7\u00f5es se tornam perigosas. Os turistas s\u00e3o desencorajados a frequentar estabelecimentos ilegais de clubes de striptease propensos a cobran\u00e7as excessivas. Embora a discrimina\u00e7\u00e3o contra indiv\u00edduos LGBT seja poss\u00edvel, especialmente em \u00e1reas rurais, os centros urbanos tendem a ser mais receptivos. A \u00e1gua da torneira \u00e9 amplamente considerada excepcionalmente pura, embora os visitantes possam preferir marcas engarrafadas como Jamnica ou Jana. Viajantes que se aventuram em florestas continentais durante os meses de ver\u00e3o devem se proteger contra carrapatos e doen\u00e7as relacionadas usando roupas de prote\u00e7\u00e3o e repelente. N\u00e3o h\u00e1 vacina\u00e7\u00e3o obrigat\u00f3ria para a entrada.<\/p>\n<p>A tape\u00e7aria de paisagens, camadas hist\u00f3ricas e vitalidade cultural da Cro\u00e1cia oferece um encontro singular com os in\u00fameros legados da Europa. Das muralhas fortificadas de suas cidades adri\u00e1ticas aos interiores esculpidos em relevo c\u00e1rstico, do calor das ruas de Zagreb \u00e0s profundezas silenciosas de suas cavernas, o pa\u00eds apresenta um estudo de contrastes. Sua jornada \u2014 dos primeiros ducados, passando pelos reinos medievais, imp\u00e9rio e federa\u00e7\u00e3o, at\u00e9 a rep\u00fablica moderna \u2014 ressoa em cada pedra e riacho, nos festivais e nas mesas em torno das quais familiares e amigos se re\u00fanem. Nessa complexidade vivida reside o fasc\u00ednio duradouro da Cro\u00e1cia.<\/p>","protected":false},"excerpt":{"rendered":"<p>A Cro\u00e1cia, localizada na Europa Central e do Sudeste, ocupa uma posi\u00e7\u00e3o estrat\u00e9gica ao longo da costa do Adri\u00e1tico. Com cerca de 3,9 milh\u00f5es de habitantes, este pa\u00eds de extraordin\u00e1ria riqueza e diversidade abrange 56.594 quil\u00f4metros quadrados (21.851 milhas quadradas). Ao longo de mil\u00eanios, a topografia incomum do pa\u00eds foi crucial para determinar sua relev\u00e2ncia geopol\u00edtica, identidade cultural e crescimento econ\u00f4mico.<\/p>","protected":false},"author":1,"featured_media":4899,"parent":24078,"menu_order":0,"comment_status":"closed","ping_status":"closed","template":"elementor_theme","meta":{"_eb_attr":"","footnotes":""},"class_list":["post-14435","page","type-page","status-publish","has-post-thumbnail"],"_links":{"self":[{"href":"https:\/\/travelshelper.com\/pt\/wp-json\/wp\/v2\/pages\/14435","targetHints":{"allow":["GET"]}}],"collection":[{"href":"https:\/\/travelshelper.com\/pt\/wp-json\/wp\/v2\/pages"}],"about":[{"href":"https:\/\/travelshelper.com\/pt\/wp-json\/wp\/v2\/types\/page"}],"author":[{"embeddable":true,"href":"https:\/\/travelshelper.com\/pt\/wp-json\/wp\/v2\/users\/1"}],"replies":[{"embeddable":true,"href":"https:\/\/travelshelper.com\/pt\/wp-json\/wp\/v2\/comments?post=14435"}],"version-history":[{"count":0,"href":"https:\/\/travelshelper.com\/pt\/wp-json\/wp\/v2\/pages\/14435\/revisions"}],"up":[{"embeddable":true,"href":"https:\/\/travelshelper.com\/pt\/wp-json\/wp\/v2\/pages\/24078"}],"wp:featuredmedia":[{"embeddable":true,"href":"https:\/\/travelshelper.com\/pt\/wp-json\/wp\/v2\/media\/4899"}],"wp:attachment":[{"href":"https:\/\/travelshelper.com\/pt\/wp-json\/wp\/v2\/media?parent=14435"}],"curies":[{"name":"wp","href":"https:\/\/api.w.org\/{rel}","templated":true}]}}