{"id":14401,"date":"2024-09-19T13:12:23","date_gmt":"2024-09-19T13:12:23","guid":{"rendered":"https:\/\/travelshelper.com\/staging\/?page_id=14401"},"modified":"2026-03-11T22:44:06","modified_gmt":"2026-03-11T22:44:06","slug":"chipre","status":"publish","type":"page","link":"https:\/\/travelshelper.com\/pt\/destinations\/europe\/cyprus\/","title":{"rendered":"Chipre"},"content":{"rendered":"<p>Chipre ocupa um espa\u00e7o peculiar na encruzilhada dos continentes, com suas costas moldadas por mil\u00eanios de encontros e seu presente definido tanto pela divis\u00e3o quanto pela unidade. Espalhada pelo Mediterr\u00e2neo oriental, a massa terrestre da ilha \u2014 longa e estreita, com n\u00e3o mais de 240 quil\u00f4metros de ponta a ponta \u2014 fica mais pr\u00f3xima do Levante do que do cora\u00e7\u00e3o da Europa. No entanto, a l\u00edngua, os costumes e as estruturas pol\u00edticas que prevalecem no sul ressoam mais fortemente com o mundo hel\u00eanico. Ao norte, uma administra\u00e7\u00e3o separada atribui sua autoridade a la\u00e7os com a Anat\u00f3lia. Ao mesmo tempo, duas bases militares brit\u00e2nicas soberanas se apegam \u00e0 costa sul, rel\u00edquias de um imp\u00e9rio cuja presen\u00e7a aqui perdura nas conven\u00e7\u00f5es de tr\u00e2nsito e no zumbido das cabines telef\u00f4nicas vermelhas.<\/p>\n<p>Geograficamente, a silhueta da ilha \u00e9 definida por duas cadeias de montanhas que ladeiam uma f\u00e9rtil plan\u00edcie central. As montanhas Troodos, robustas e curvas, dominam o sudoeste, elevando-se a quase 1.952 metros no Monte Olimpo. De suas alturas frescas e cobertas de cedros, flui o rio Pedieos, o curso de \u00e1gua mais longo do Chipre, que serpenteia para o leste antes de se dissipar nos solos argilosos da plan\u00edcie de Mesaoria. Ao longo da costa norte, a esguia Cordilheira de Kyrenia oferece uma subida mais suave, com seus picos mal atingindo mil metros antes de cair abruptamente para uma costa rochosa. Entre essas eleva\u00e7\u00f5es, a terra se estende por campos de trigo, cevada e vegetais que alimentam os ilh\u00e9us desde o Neol\u00edtico.<\/p>\n<p>As pegadas humanas em Chipre remontam a cerca de 13.000 anos, quando pequenos grupos de ca\u00e7adores-coletores se abrigavam em cavernas costeiras. Alguns mil\u00eanios depois, eles dominaram a terra com as primeiras aldeias agr\u00edcolas, lan\u00e7ando as bases para uma sociedade est\u00e1vel. No final da Idade do Bronze, a ilha era chamada de Alashiya nos registros eg\u00edpcios e hititas, famosa por seus la\u00e7os de cobre e tecelagem que a conectavam \u00e0 rede mediterr\u00e2nea mais ampla. Quando os gregos mic\u00eanicos chegaram por volta de 1400 a.C., trouxeram consigo dialetos, ritos funer\u00e1rios e estilos de cer\u00e2mica que perduraram mesmo quando imp\u00e9rios posteriores reivindicaram a ilha como um tesouro.<\/p>\n<p>Os persas dominaram a ilha no s\u00e9culo VI a.C., mas Alexandre, o Grande, tomou o poder em 333 a.C. Sob os Ptolomeus e, posteriormente, Roma, Chipre manteve seu car\u00e1ter hel\u00eanico, absorvendo o direito e a infraestrutura romanos: estradas, vilas e anfiteatros pontilham sua paisagem at\u00e9 hoje. A metade oriental do Imp\u00e9rio Romano governou a ilha at\u00e9 os ataques \u00e1rabes do s\u00e9culo VII, quando enclaves costeiros e fortalezas no interior foram abandonados em favor de retiros mon\u00e1sticos no alto dos picos de Troodos. S\u00e9culos depois, reis lusignanos e mercadores venezianos fortificaram cidades, erguendo muros de pedra e fossos que ainda cercam os antigos bairros de Nic\u00f3sia e Famagusta.<\/p>\n<p>Soldados otomanos cruzaram a ilha em 1571, inaugurando uma era que se estenderia at\u00e9 o final do s\u00e9culo XIX. Sob o dom\u00ednio otomano, o sistema feudal concedeu terras aos colonos turcos, juntamente com os camponeses gregos, estabelecendo as comunidades duais que permanecem no cerne da complexidade moderna de Chipre. Igrejas bizantinas foram convertidas em mesquitas, mas as aldeias continuaram a adorar em seus santu\u00e1rios centen\u00e1rios. Em 1878, a ilha passou para a administra\u00e7\u00e3o brit\u00e2nica e, em 1914, foi anexada definitivamente. Os selos e legados brit\u00e2nicos \u2014 dirigir \u00e0 esquerda, o sistema de escolas p\u00fablicas e at\u00e9 mesmo os hor\u00e1rios de \u00f4nibus \u2014 perdurariam muito al\u00e9m da independ\u00eancia.<\/p>\n<p>A rep\u00fablica nascida em 1960 foi um delicado compromisso entre os interesses brit\u00e2nicos, gregos e turcos. O presidente fundador, Makarios III, um arcebispo que se tornou estadista, personificava a esperan\u00e7a de autodetermina\u00e7\u00e3o da maioria greco-cipriota. Os cipriotas turcos, cautelosos com as ambi\u00e7\u00f5es hel\u00eanicas, viam que a uni\u00e3o com a Gr\u00e9cia \u2014 a enosis \u2014 poderia ocorrer em breve. \u00c0 medida que a d\u00e9cada de 1960 avan\u00e7ava, o impasse constitucional se agravou e se transformou em viol\u00eancia. Conflitos intercomunit\u00e1rios for\u00e7aram milhares de cipriotas turcos a se refugiarem em enclaves. No in\u00edcio da d\u00e9cada de 1970, as esperan\u00e7as de reconcilia\u00e7\u00e3o praticamente desapareceram.<\/p>\n<p>Em 15 de julho de 1974, um golpe apoiado por elementos da junta grega instalou um governo nacionalista em Nic\u00f3sia. Cinco dias depois, for\u00e7as turcas desembarcaram na costa norte, ostensivamente para proteger sua comunidade. Em poucos dias, controlaram cerca de um ter\u00e7o da ilha, e centenas de milhares de pessoas foram desalojadas de ambas as comunidades. Em 1983, a zona controlada pela Turquia declarou-se uma rep\u00fablica, reconhecida internacionalmente apenas por Ancara. Uma Zona Tamp\u00e3o das Na\u00e7\u00f5es Unidas \u2014 fina e verde \u2014 agora divide a ilha de leste a oeste, enquanto as negocia\u00e7\u00f5es de paz e a media\u00e7\u00e3o europeia continuam na longa sombra de hist\u00f3rias contestadas.<\/p>\n<p>Apesar de suas fissuras pol\u00edticas, Chipre construiu uma economia avan\u00e7ada e de alta renda, ancorada pelo turismo, servi\u00e7os financeiros e transporte mar\u00edtimo. Desde que aderiu \u00e0 Uni\u00e3o Europeia em maio de 2004 e adotou o euro em janeiro de 2008, a Rep\u00fablica de Chipre atraiu investimentos em im\u00f3veis, hospitalidade e servi\u00e7os profissionais. As bases soberanas brit\u00e2nicas em Akrotiri e Dhekelia mant\u00eam import\u00e2ncia estrat\u00e9gica e, em 2024, Nic\u00f3sia confirmou sua inten\u00e7\u00e3o de ingressar na OTAN \u2014 mais uma etapa no complexo c\u00e1lculo de pol\u00edtica externa da ilha. O norte turco, sob embargos e reconhecimento limitado, depende fortemente dos subs\u00eddios de Ancara e da economia informal.<\/p>\n<p>Plan\u00edcies f\u00e9rteis, montanhas escarpadas e quase 1.000 quil\u00f4metros de litoral se combinam para atrair cerca de quatro milh\u00f5es de visitantes a cada ano. Praias ensolaradas \u2014 longas extens\u00f5es de areia e cascalho \u2014 parecem quase cont\u00ednuas, interrompidas apenas por portos de pesca e retiros mon\u00e1sticos ocasionais. No interior, as terras altas de Troodos abrigam vilas onde vinhedos se estendem por encostas em socalcos e igrejas centen\u00e1rias brilham com afrescos bizantinos. Ao norte, a antiga cidade de Salamina e as ru\u00ednas cl\u00e1ssicas de Pafos se erguem como museus a c\u00e9u aberto de uma antiguidade compartilhada. No entanto, na capital, Nic\u00f3sia, caf\u00e9s e galerias modernos se espalham pelas ruas muradas pelos venezianos h\u00e1 quinhentos anos.<\/p>\n<p>O clima da ilha, mediterr\u00e2neo ao longo da costa e semi\u00e1rido no nordeste, est\u00e1 entre os mais quentes da UE. Os invernos trazem chuva \u2014 principalmente de novembro a mar\u00e7o \u2014 e neve ocasional nas terras altas. Os ver\u00f5es se estendem por quase oito meses, temperados pelas brisas mar\u00edtimas, mas pontuados por ondas de calor. A luz solar ofusca por mais de tr\u00eas mil horas por ano, em m\u00e9dia, quase o dobro da das capitais do norte da Europa. Essa luz moldou tanto a agricultura quanto o lazer: pomares de frutas c\u00edtricas, olivais e vinhedos prosperam; nata\u00e7\u00e3o e iatismo definem a longa alta temporada.<\/p>\n<p>Uma moderna rede rodovi\u00e1ria se estende da faixa costeira, onde rodovias ligam os principais portos de Limassol e Larnaca a Nic\u00f3sia, de Larnaca a Pafos e de Nic\u00f3sia a leste e oeste. \u00d4nibus atendem todas as principais cidades, embora a propriedade de carros particulares continue alta. No norte da Turquia, micro-\u00f4nibus menores operam com mais frequ\u00eancia, mas com menos previsibilidade. Dois aeroportos internacionais \u2014 Larnaca e Pafos \u2014 recebem voos regulares da Europa, Oriente M\u00e9dio e outros lugares, enquanto o Aeroporto de Ercan, no norte, opera pela Turquia. As balsas, renovadas em 2022, conectam Limassol ao Pireu, na Gr\u00e9cia, oferecendo uma alternativa de acesso tranquilo \u00e0 ilha.<\/p>\n<p>A popula\u00e7\u00e3o de Chipre, de pouco mais de novecentos mil habitantes no sul controlado pelo governo, permanece predominantemente ortodoxa grega, com um pequeno mosaico de minorias arm\u00eanias, maronitas, cat\u00f3licas latinas e protestantes. Os \u00edndices de educa\u00e7\u00e3o e sa\u00fade est\u00e3o entre os mais altos da Europa. No norte, os mu\u00e7ulmanos sunitas constituem a maioria, coexistindo \u2014 ainda que um tanto distantes \u2014 com tradi\u00e7\u00f5es culin\u00e1rias e musicais compartilhadas que antecedem as divis\u00f5es do s\u00e9culo XX. Ambas as comunidades prezam a hospitalidade: oferecem aos h\u00f3spedes caf\u00e9 ou uma ta\u00e7a de zivania gelada e convidam \u00e0 participa\u00e7\u00e3o em casamentos, festivais e celebra\u00e7\u00f5es das colheitas.<\/p>\n<p>A linguagem reflete essa dualidade. O grego e o turco permanecem como l\u00ednguas oficiais, enquanto o ingl\u00eas persiste como uma forte segunda l\u00edngua, um legado do dom\u00ednio colonial e uma ferramenta para o com\u00e9rcio e o turismo. O arm\u00eanio e o \u00e1rabe maronita cipriota t\u00eam status reconhecido como l\u00ednguas minorit\u00e1rias. Na vida cotidiana, os dialetos vern\u00e1culos do grego cipriota e do turco cipriota divergem acentuadamente de suas formas padr\u00e3o, carregando express\u00f5es idiom\u00e1ticas e sons moldados pela hist\u00f3ria local. Mais recentemente, o russo tornou-se proeminente em Limassol e Pafos, onde placas e com\u00e9rcios em l\u00edngua russa atendem a uma crescente comunidade de expatriados.<\/p>\n<p>A express\u00e3o cultural aqui \u00e9 insepar\u00e1vel do lugar. As igrejas pintadas das Montanhas Troodos \u2014 dez s\u00edtios tombados pela UNESCO \u2014 ostentam afrescos v\u00edvidos que mapeiam narrativas teol\u00f3gicas em paredes de pedra. Hammams restaurados no centro hist\u00f3rico de Nic\u00f3sia evocam as camadas franca e otomana da cidade, oferecendo vapor e massagens sob c\u00fapulas antigas. O Carnaval em Limassol explode todos os anos em fevereiro, um interl\u00fadio colorido que come\u00e7ou apenas no s\u00e9culo XX, mas que homenageia costumes de performances com m\u00e1scaras que remontam a tempos ainda mais antigos. A dan\u00e7a tradicional, do tsifteteli \u00e0 sousta, anima casamentos e feiras de aldeia, unindo os ilh\u00e9us independentemente da l\u00edngua e da f\u00e9.<\/p>\n<p>No entanto, por baixo da superf\u00edcie acolhedora, esconde-se uma consci\u00eancia de fragilidade. Ca\u00e7adores com espingardas licenciadas vagam por campos abertos no inverno, e proj\u00e9teis perdidos podem se perder nas rotas dos caminhantes. A Linha Verde permanece na consci\u00eancia cotidiana: escolas ensinam hist\u00f3rias paralelas e esfor\u00e7os de reconcilia\u00e7\u00e3o persistem em iniciativas art\u00edsticas e empreendimentos econ\u00f4micos conjuntos. Os \u00edndices de criminalidade permanecem baixos, mas os visitantes s\u00e3o aconselhados a proteger suas propriedades contra roubos oportunistas, e a cautela prevalece nos distritos de vida noturna, onde os clubes de cabar\u00e9 \u00e0s vezes escondem uma corrente oculta mais sombria.<\/p>\n<p>O mosaico de Chipre \u2014 sua geologia, hist\u00f3ria, comunidades e economias \u2014 desafia narrativas simples. \u00c9 ao mesmo tempo um testemunho da tenacidade humana e um corredor de contesta\u00e7\u00e3o, onde imp\u00e9rios se chocaram e vizinhos ainda pisam cautelosamente em zonas de prote\u00e7\u00e3o. No entanto, o calor do sol e do mar, a generosidade oferecida em mesas com aroma c\u00edtrico e a resili\u00eancia das tradi\u00e7\u00f5es que combinam elementos hel\u00eanicos, levantinos e anat\u00f3lios, tudo isso perdura. Para aqueles que param para observar, Chipre oferece uma cr\u00f4nica \u00edntima de uma ilha que conheceu tanto a unidade quanto a divis\u00e3o, onde a vida cotidiana continua sob um c\u00e9u mediterr\u00e2neo t\u00e3o constante e complexo quanto as pr\u00f3prias mar\u00e9s.<\/p>","protected":false},"excerpt":{"rendered":"<p>A na\u00e7\u00e3o insular de Chipre, localizada no Mar Mediterr\u00e2neo Oriental, ocupa uma posi\u00e7\u00e3o estrat\u00e9gica na intersec\u00e7\u00e3o entre Europa, \u00c1sia e \u00c1frica. Com uma popula\u00e7\u00e3o de aproximadamente 1,2 milh\u00e3o de habitantes, Chipre \u00e9 a terceira maior e mais populosa ilha do Mediterr\u00e2neo, oferecendo uma combina\u00e7\u00e3o \u00fanica de hist\u00f3ria antiga, cultura diversificada e desenvolvimento contempor\u00e2neo. Esta na\u00e7\u00e3o insular, oficialmente denominada Rep\u00fablica de Chipre, est\u00e1 geograficamente situada na \u00c1sia Ocidental; no entanto, suas conex\u00f5es culturais e associa\u00e7\u00f5es pol\u00edticas alinham-se predominantemente com o Sudeste Europeu, estabelecendo assim uma posi\u00e7\u00e3o geopol\u00edtica significativa para a na\u00e7\u00e3o.<\/p>","protected":false},"author":1,"featured_media":3022,"parent":24078,"menu_order":0,"comment_status":"closed","ping_status":"closed","template":"elementor_theme","meta":{"_eb_attr":"","footnotes":""},"class_list":["post-14401","page","type-page","status-publish","has-post-thumbnail"],"_links":{"self":[{"href":"https:\/\/travelshelper.com\/pt\/wp-json\/wp\/v2\/pages\/14401","targetHints":{"allow":["GET"]}}],"collection":[{"href":"https:\/\/travelshelper.com\/pt\/wp-json\/wp\/v2\/pages"}],"about":[{"href":"https:\/\/travelshelper.com\/pt\/wp-json\/wp\/v2\/types\/page"}],"author":[{"embeddable":true,"href":"https:\/\/travelshelper.com\/pt\/wp-json\/wp\/v2\/users\/1"}],"replies":[{"embeddable":true,"href":"https:\/\/travelshelper.com\/pt\/wp-json\/wp\/v2\/comments?post=14401"}],"version-history":[{"count":0,"href":"https:\/\/travelshelper.com\/pt\/wp-json\/wp\/v2\/pages\/14401\/revisions"}],"up":[{"embeddable":true,"href":"https:\/\/travelshelper.com\/pt\/wp-json\/wp\/v2\/pages\/24078"}],"wp:featuredmedia":[{"embeddable":true,"href":"https:\/\/travelshelper.com\/pt\/wp-json\/wp\/v2\/media\/3022"}],"wp:attachment":[{"href":"https:\/\/travelshelper.com\/pt\/wp-json\/wp\/v2\/media?parent=14401"}],"curies":[{"name":"wp","href":"https:\/\/api.w.org\/{rel}","templated":true}]}}