{"id":14301,"date":"2024-09-19T08:21:38","date_gmt":"2024-09-19T08:21:38","guid":{"rendered":"https:\/\/travelshelper.com\/staging\/?page_id=14301"},"modified":"2026-03-11T23:25:07","modified_gmt":"2026-03-11T23:25:07","slug":"copenhague","status":"publish","type":"page","link":"https:\/\/travelshelper.com\/pt\/destinations\/europe\/denmark\/copenhagen\/","title":{"rendered":"Copenhague"},"content":{"rendered":"<p>Copenhague \u00e9 um testemunho da sobreposi\u00e7\u00e3o de s\u00e9culos \u2014 outrora um modesto assentamento de pescadores, hoje uma pr\u00f3spera capital do norte da Europa, onde ruas medievais se misturam a elegantes fachadas modernas e onde institui\u00e7\u00f5es culturais e ind\u00fastrias de ponta compartilham igual destaque. Desde sua funda\u00e7\u00e3o no s\u00e9culo X, \u00e0s margens das \u00e1guas sinuosas do que hoje \u00e9 Gammel Strand, a cidade testemunhou a ascens\u00e3o e queda de imp\u00e9rios, os terrores da peste e dos bombardeios e o constante desenvolvimento da vis\u00e3o urbana. Hoje, Copenhague abriga 1,4 milh\u00e3o de habitantes em seu n\u00facleo urbano, que abrange as ilhas de Zealand e Amager e atravessa o \u00d8resund at\u00e9 Malm\u00f6, passando pela graciosa ponte que une as costas dinamarquesa e sueca. Como sede pol\u00edtica, motor econ\u00f4mico e cora\u00e7\u00e3o cultural da Dinamarca, a cidade combina os legados da ambi\u00e7\u00e3o real e do aprendizado do Iluminismo com o impulso de um centro do s\u00e9culo XXI em produtos farmac\u00eauticos, tecnologia da informa\u00e7\u00e3o e energia limpa, tudo isso preservando a escala humana e os espa\u00e7os verdes que a tornam uma das cidades mais habit\u00e1veis \u200b\u200bdo mundo.<\/p>\n<p>O cora\u00e7\u00e3o medieval da cidade pulsava pela primeira vez sob os ausp\u00edcios vikings, com suas humildes cabanas de pesca dando lugar \u00e0s muralhas fortificadas que um dia definiriam o Anel de Fortifica\u00e7\u00e3o. No in\u00edcio do s\u00e9culo XV, Copenhague havia sido convocada ao status de capital e, no s\u00e9culo XVI, serviu como a sede mon\u00e1rquica de fato da Uni\u00e3o de Kalmar, unindo Dinamarca, Su\u00e9cia e Noruega sob uma \u00fanica coroa. O com\u00e9rcio flu\u00eda por suas vias renascentistas, e a cidade floresceu como o caldeir\u00e3o cultural da Escandin\u00e1via. O s\u00e9culo XVII solidificou ainda mais seu papel como centro de poder \u2014 pal\u00e1cios, arsenais e minist\u00e9rios governamentais irradiavam autoridade de um n\u00facleo urbano que se espalhava gradualmente para al\u00e9m de suas antigas muralhas. No entanto, o s\u00e9culo XVIII trouxe calamidade e renova\u00e7\u00e3o: pestes e grandes inc\u00eandios devastaram trechos de casas de madeira, apenas para os planejadores urbanos responderem com Frederiksstaden, um prestigioso distrito de mans\u00f5es rococ\u00f3 e largas avenidas. Foi durante essa \u00e9poca que o Teatro Real e a Academia de Belas Artes ancoraram as ambi\u00e7\u00f5es culturais de Copenhague, mesmo que a cidade infelizmente lucrasse com o tr\u00e1fico de escravos que passava por suas frotas mercantes.<\/p>\n<p>As convuls\u00f5es das Guerras Napole\u00f4nicas chegaram \u00e0s portas de Copenhague em 1807, quando uma frota brit\u00e2nica bombardeou a cidade at\u00e9 sua submiss\u00e3o. Das cinzas desse infort\u00fanio emergiu a Era de Ouro dinamarquesa \u2014 um per\u00edodo de arquitetura neocl\u00e1ssica, inova\u00e7\u00e3o art\u00edstica e fermenta\u00e7\u00e3o filos\u00f3fica que remodelou a apar\u00eancia da cidade. No s\u00e9culo XX, a reconstru\u00e7\u00e3o do p\u00f3s-guerra deu origem ao Plano Finger, um projeto vision\u00e1rio que direcionou o crescimento ao longo de cinco corredores ferrovi\u00e1rios, garantindo que a habita\u00e7\u00e3o e o com\u00e9rcio progredissem em harmonia com a infraestrutura de transporte. A conclus\u00e3o da Ponte de \u00d8resund na virada do mil\u00eanio ampliou ainda mais o alcance de Copenhague, integrando-a \u00e0 regi\u00e3o de \u00d6resund, mais ampla, com a Su\u00e9cia, e fomentando o interc\u00e2mbio econ\u00f4mico e cultural em todo o estreito.<\/p>\n<p>Geograficamente, Copenhague \u00e9 definida por seu abra\u00e7o mar\u00edtimo. Ocupa a costa leste da Zel\u00e2ndia, estende-se para o sul at\u00e9 Amager e reivindica uma constela\u00e7\u00e3o de ilhotas que pairam na enseada entre a Dinamarca e a Su\u00e9cia. Do outro lado do \u00d8resund, Malm\u00f6 fica a 42 quil\u00f4metros a sudeste por estrada; N\u00e6stved e Odense ficam, respectivamente, a 85 e 164 quil\u00f4metros a sudoeste; Aarhus fica a cerca de 188 quil\u00f4metros a noroeste por mar e estrada. Dentro dessas dist\u00e2ncias, a influ\u00eancia da cidade irradia \u2014 pol\u00edtica, comercial e cultural \u2014 ligando a ilha ao continente com a mesma destreza com que sua rede de pontes, balsas e t\u00faneis conecta um distrito ao outro.<\/p>\n<p>As antigas muralhas que outrora protegiam Copenhague ainda moldam o Anel de Fortifica\u00e7\u00e3o, agora uma faixa verdejante que circunda o n\u00facleo medieval. Al\u00e9m, os bairros oper\u00e1rios do s\u00e9culo XIX \u2014 \u00d8sterbro, N\u00f8rrebro, Vesterbro, Amagerbro \u2014 surgiram entre 1870 e 1915, com suas ruas quadriculadas ladeadas por pr\u00e9dios de tijolos e pontuadas por pequenos parques. Os sub\u00farbios que se seguiram entre 1920 e 1960 \u2014 Kongens Enghave, Valby, Vanl\u00f8se e outros \u2014 assumiram um car\u00e1ter mais ameno, onde conjuntos habitacionais baixos compartilhavam espa\u00e7o com \u00e1reas verdes. A rede de parques da cidade e seu litoral s\u00e3o parte integrante da vida cotidiana: o Amager Strandpark, uma paisagem de praia artificial inaugurada em 2005, oferece 4,6 quil\u00f4metros de areias e cal\u00e7ad\u00f5es a menos de quinze minutos de bicicleta do centro, enquanto a Bellevue Beach ao norte e os famosos Harbour Baths em Islands Brygge convidam para nadar e relaxar o ano todo.<\/p>\n<p>O clima oce\u00e2nico de Copenhague proporciona uma intera\u00e7\u00e3o caprichosa entre as baixas temperaturas do Atl\u00e2ntico, ver\u00f5es amenos e invernos frios. A precipita\u00e7\u00e3o \u00e9 moderada, embora de julho a setembro possa ser ligeiramente mais chuvosa, e a neve geralmente cai entre o final de dezembro e o in\u00edcio de mar\u00e7o, ocasionalmente acumulando at\u00e9 meio metro em 24 horas. As horas de sol oscilam drasticamente \u2014 de cerca de oito por dia em junho a apenas uma e meia no meio do inverno \u2014, tornando ainda mais pronunciado o contraste entre um dia de ver\u00e3o, que se estende das 04:26 \u00e0s 21:58, e a breve luz do dia de inverno, das 08:37 \u00e0s 15:39. As m\u00e1ximas de temperatura m\u00e9dia s\u00e3o de 21 \u00b0C no quente m\u00eas de julho, enquanto as semanas mais frias ficam pr\u00f3ximas de zero.<\/p>\n<p>Demograficamente, Copenhague \u00e9 o maior munic\u00edpio da Dinamarca, com cerca de 644.000 habitantes em 2022, chegando a 764.000 quando seus sub\u00farbios em Frederiksberg, Drag\u00f8r e T\u00e5rnby s\u00e3o inclu\u00eddos para fins estat\u00edsticos. A imigra\u00e7\u00e3o moldou seu crescimento recente: quase 27% da popula\u00e7\u00e3o do munic\u00edpio no in\u00edcio de 2022 tinha ra\u00edzes fora da Dinamarca, com as maiores comunidades estrangeiras vindas do Paquist\u00e3o, Turquia, Iraque, Alemanha e Pol\u00f4nia. A vida religiosa reflete essa diversidade. A Igreja Nacional Dinamarquesa representa pouco mais da metade da popula\u00e7\u00e3o, enquanto o islamismo se tornou a segunda maior f\u00e9, abrangendo cerca de 10% dos habitantes e ancorando comunidades vibrantes em N\u00f8rrebro e Vestegnen. A heran\u00e7a judaica de Copenhague remonta ao s\u00e9culo XVII e permanece vis\u00edvel em sinagogas ativas e no Museu Judaico Dinamarqu\u00eas.<\/p>\n<p>Como sede do governo dinamarqu\u00eas, Copenhague abriga o Folketing e os minist\u00e9rios que dirigem a pol\u00edtica nacional. \u00c9 tamb\u00e9m o centro financeiro do pa\u00eds, ancorado pela Bolsa de Valores de Copenhague, e uma pot\u00eancia no setor de servi\u00e7os \u2014 transporte, comunica\u00e7\u00f5es, com\u00e9rcio e finan\u00e7as empregam a maioria de seus 350.000 funcion\u00e1rios. No in\u00edcio do s\u00e9culo XXI, investimentos em tecnologia da informa\u00e7\u00e3o, produtos farmac\u00eauticos e tecnologias limpas impulsionaram a r\u00e1pida expans\u00e3o do setor de servi\u00e7os. A Regi\u00e3o da Capital registrou um PIB de aproximadamente \u20ac 120 bilh\u00f5es em 2017, colocando-a entre as regi\u00f5es mais bem classificadas da Europa em produ\u00e7\u00e3o per capita. A reputa\u00e7\u00e3o de Copenhague como l\u00edder global na economia verde baseia-se em compromissos de longo prazo com o crescimento de baixo carbono, efici\u00eancia energ\u00e9tica e design urbano sustent\u00e1vel.<\/p>\n<p>A vida acad\u00eamica pulsa por toda a cidade. A Universidade de Copenhague, fundada em 1479, est\u00e1 entre as institui\u00e7\u00f5es de ensino superior mais antigas da Europa, enquanto a Universidade T\u00e9cnica da Dinamarca, a Escola de Neg\u00f3cios de Copenhague e a Universidade de TI de Copenhague atraem acad\u00eamicos de todo o mundo. O esporte tamb\u00e9m tem destaque: o FC Copenhagen e o Br\u00f8ndby IF conquistam fervorosos f\u00e3s no futebol, a Maratona de Copenhague anual percorre suas avenidas desde 1980 e as ruas famosas por serem favor\u00e1veis \u200b\u200b\u00e0s bicicletas escondem uma rede de transporte p\u00fablico \u2014 \u00f4nibus Movia, o Metr\u00f4 de Copenhague desde 2002, o S-train, as linhas Lokaltog e a Coast Line \u2014 todos convergindo para atender tanto passageiros quanto turistas. O Aeroporto de Kastrup, com 2,5 milh\u00f5es de passageiros mensais, \u00e9 considerado o mais movimentado dos pa\u00edses n\u00f3rdicos.<\/p>\n<p>O horizonte de Copenhague \u00e9 o produto de conten\u00e7\u00e3o deliberada e inova\u00e7\u00e3o ousada. O n\u00facleo medieval conhecido como Middelalderbyen perdura em vielas estreitas e igrejas antigas, ancoradas pelo Pal\u00e1cio de Christiansborg, em Slotsholmen. Frederiksstaden, concebido sob Frederico V no s\u00e9culo XVIII, coloca as quatro mans\u00f5es de Amalienborg e a c\u00fapula da Igreja de Frederik em harmonia rococ\u00f3. Al\u00e9m do centro hist\u00f3rico, projetos contempor\u00e2neos erguem-se na plan\u00edcie de \u00d8restad e em Holmen, incluindo a \u00d3pera e modernos complexos de escrit\u00f3rios, mas a vontade pol\u00edtica h\u00e1 muito tempo protege o centro da cidade da invas\u00e3o de arranha-c\u00e9us. O resultado \u00e9 uma cidade que honra seus acentos verticais \u2014 as igrejas de Nosso Salvador e S\u00e3o Nicolau com pin\u00e1culos, a torre da bolsa de valores com cauda de drag\u00e3o de Cristiano IV \u2014 enquanto preserva um horizonte em escala humana.<\/p>\n<p>Cada distrito oferece seu pr\u00f3prio cen\u00e1rio. Indre By pulsa com a extens\u00e3o pedestre de Str\u00f8get, as exposi\u00e7\u00f5es de arte em Charlottenborg e o charme \u00e0 beira do canal de Nyhavn. Christianshavn, com seus canais em estilo holand\u00eas e o enclave aut\u00f4nomo de Christiania, evoca um esp\u00edrito de toler\u00e2ncia e criatividade; sua Igreja de Nosso Salvador se eleva em espiral ao lado de casas flutuantes e armaz\u00e9ns agora reaproveitados para a culin\u00e1ria n\u00f3rdica. Os Jardins Tivoli de Vesterbro evocam a fantasia sob as luzes da roda-gigante, enquanto o Bairro Carlsberg preserva monumentos de cervejarias em meio a espa\u00e7os culturais. N\u00f8rrebro se transformou de ra\u00edzes da classe trabalhadora em vibrantes vias multiculturais, ancoradas por Sankt Hans Torv e o conforto frondoso do Cemit\u00e9rio de Assistens. As embaixadas e a orla de \u00d8sterbro oferecem passeios imponentes at\u00e9 a est\u00e1tua da Pequena Sereia, sua Fonte Gefion com esculturas m\u00edticas perto das muralhas de Kastellet. Frederiksberg se destaca, um munic\u00edpio verde com seu pr\u00f3prio pal\u00e1cio, zool\u00f3gico e avenidas de teatros. Ao sul da ponte para Amager, as lojas e caf\u00e9s de Amagerbro lembram aos visitantes que a vida cotidiana aqui se desenvolve em um ritmo animado e local.<\/p>\n<p>Os museus de Copenhague mapeiam as correntes culturais da cidade. O Museu Nacional explora a hist\u00f3ria dinamarquesa e mundial; o Museu Statens de Arte explora a arte desde ret\u00e1bulos medievais at\u00e9 instala\u00e7\u00f5es contempor\u00e2neas. A Ny Carlsberg Glyptotek abriga est\u00e1tuas cl\u00e1ssicas e pinturas impressionistas sob galerias com teto de vidro; o Louisiana se ergue na costa norte da cidade, combinando arte moderna com jardins de esculturas com vista para o \u00d8resund. O Museu Dinamarqu\u00eas do Design, o Museu Thorvaldsens de escultura neocl\u00e1ssica, as galerias subterr\u00e2neas de Cisternerne e a cole\u00e7\u00e3o Ordrupgaard de arte do s\u00e9culo XIX completam uma constela\u00e7\u00e3o de institui\u00e7\u00f5es que recompensam a curiosidade e estimulam o di\u00e1logo.<\/p>\n<p>No palco e nas salas de concerto, as artes c\u00eanicas de Copenhague conquistam respeito internacional. O Royal Danish Playhouse e a \u00f3pera em Holmen recebem concertos de bal\u00e9, teatro e sinf\u00f4nicos em locais aclamados tanto pela ac\u00fastica quanto pela ousadia arquitet\u00f4nica. O Tivoli Concert Hall e o Jazz Festival \u2014 que atraem expatriados americanos e talentos locais todo m\u00eas de julho \u2014 testemunham uma tradi\u00e7\u00e3o jazz\u00edstica viva desde a d\u00e9cada de 1960. O Vega em Vesterbro, considerado um dos melhores locais de concerto da Europa, e eventos de nicho como o Festival of Endless Gratitude revelam uma cidade sintonizada tanto com artistas tradicionais quanto com a experimenta\u00e7\u00e3o underground. No ver\u00e3o, Str\u00f8get se transforma em um teatro ao ar livre para artistas de rua, m\u00e1gicos e m\u00fasicos, onde apresenta\u00e7\u00f5es improvisadas pontuam o fluxo de pedestres.<\/p>\n<p>O renascimento culin\u00e1rio de Copenhague a impulsionou para a vanguarda da gastronomia global. Chefs formados nos Estados Unidos e vision\u00e1rios dinamarqueses promoveram a Nova Cozinha N\u00f3rdica, com Noma e Geranium conquistando reconhecimento internacional. Quinze estrelas Michelin decoram as mesas da cidade, de menus degusta\u00e7\u00e3o refinados a misturas experimentais de ingredientes locais. Al\u00e9m da alta gastronomia, a cidade venera o sm\u00f8rrebr\u00f8d \u2014 sandu\u00edches abertos de centeio que combinam coberturas simples com o artesanato \u2014 e a confeitaria dinamarquesa que carrega a doce heran\u00e7a de s\u00e9culos. A Conditori La Glace, em opera\u00e7\u00e3o cont\u00ednua desde 1870, permanece como um arquivo vivo da arte da confeitaria. Enquanto isso, tradi\u00e7\u00e3o e inova\u00e7\u00e3o coexistem no cen\u00e1rio cervejeiro de Copenhague: a hist\u00f3rica cervejaria da Carlsberg preside ao lado de microcervejarias que cultivam cervejas com l\u00fapulo em antigos espa\u00e7os industriais.<\/p>\n<p>Ao cair da noite, Copenhague revela uma vibra\u00e7\u00e3o que desmente a percep\u00e7\u00e3o da conten\u00e7\u00e3o escandinava. Bares e casas noturnas em Vesterbro, N\u00f8rrebro, Frederiksberg e Amagerbro funcionam at\u00e9 tarde \u2014 alguns at\u00e9 o amanhecer \u2014, enquanto uma cultura liberal de bebidas alco\u00f3licas equilibra a indulg\u00eancia com a responsabilidade social. Locais como Culture Box, Jolene e ARCH recebem p\u00fablicos diversificados atra\u00eddos pela m\u00fasica eletr\u00f4nica e apresenta\u00e7\u00f5es ao vivo. Festivais pontuam o calend\u00e1rio: o Carnaval de Copenhague transforma o F\u00e6lledparken todo Domingo de Pentecostes, Copenhell convida metaleiros para um estaleiro reformado, o Orgulho LGBTQ+ chega \u00e0 Pra\u00e7a da Prefeitura em agosto e o Copenhagen Distortion anima as ruas da cidade no in\u00edcio de junho, consolidando sua reputa\u00e7\u00e3o de celebra\u00e7\u00e3o comunit\u00e1ria.<\/p>\n<p>\u00c9 essa intera\u00e7\u00e3o \u2014 entre hist\u00f3ria profunda e design inovador, pompa real e criatividade popular, parques serenos e ruas vibrantes \u2014 que define Copenhague. Sob suas torres e atrav\u00e9s de seus cal\u00e7ad\u00f5es \u00e0 beira-mar, a cidade se revela n\u00e3o como um monumento est\u00e1tico, mas como uma narrativa viva, continuamente criada por aqueles que percorrem suas avenidas, percorrem seus canais e moldam seu horizonte. Para cada visitante ou morador, Copenhague oferece um convite: testemunhar como um antigo assentamento se transformou em uma capital moderna sem abrir m\u00e3o da escala humana e da consci\u00eancia ambiental que permanecem seus maiores legados.<\/p>","protected":false},"excerpt":{"rendered":"<p>Copenhague, a capital e maior cidade da Dinamarca, tem uma popula\u00e7\u00e3o de 1,4 milh\u00e3o de habitantes em sua \u00e1rea urbana. Localizada nas ilhas de Zealand e Amager, esta cidade exemplifica uma longa hist\u00f3ria, import\u00e2ncia cultural e for\u00e7a econ\u00f4mica. A localiza\u00e7\u00e3o estrat\u00e9gica de Copenhague, separada de Malm\u00f6 pelo estreito de \u00d8resund, influenciou significativamente seu papel como participante proeminente nos assuntos escandinavos e europeus.<\/p>","protected":false},"author":1,"featured_media":3002,"parent":14261,"menu_order":0,"comment_status":"closed","ping_status":"closed","template":"elementor_theme","meta":{"_eb_attr":"","footnotes":""},"class_list":["post-14301","page","type-page","status-publish","has-post-thumbnail"],"_links":{"self":[{"href":"https:\/\/travelshelper.com\/pt\/wp-json\/wp\/v2\/pages\/14301","targetHints":{"allow":["GET"]}}],"collection":[{"href":"https:\/\/travelshelper.com\/pt\/wp-json\/wp\/v2\/pages"}],"about":[{"href":"https:\/\/travelshelper.com\/pt\/wp-json\/wp\/v2\/types\/page"}],"author":[{"embeddable":true,"href":"https:\/\/travelshelper.com\/pt\/wp-json\/wp\/v2\/users\/1"}],"replies":[{"embeddable":true,"href":"https:\/\/travelshelper.com\/pt\/wp-json\/wp\/v2\/comments?post=14301"}],"version-history":[{"count":0,"href":"https:\/\/travelshelper.com\/pt\/wp-json\/wp\/v2\/pages\/14301\/revisions"}],"up":[{"embeddable":true,"href":"https:\/\/travelshelper.com\/pt\/wp-json\/wp\/v2\/pages\/14261"}],"wp:featuredmedia":[{"embeddable":true,"href":"https:\/\/travelshelper.com\/pt\/wp-json\/wp\/v2\/media\/3002"}],"wp:attachment":[{"href":"https:\/\/travelshelper.com\/pt\/wp-json\/wp\/v2\/media?parent=14301"}],"curies":[{"name":"wp","href":"https:\/\/api.w.org\/{rel}","templated":true}]}}