{"id":14292,"date":"2024-09-19T08:09:57","date_gmt":"2024-09-19T08:09:57","guid":{"rendered":"https:\/\/travelshelper.com\/staging\/?page_id=14292"},"modified":"2026-03-11T23:25:28","modified_gmt":"2026-03-11T23:25:28","slug":"aalborg","status":"publish","type":"page","link":"https:\/\/travelshelper.com\/pt\/destinations\/europe\/denmark\/aalborg\/","title":{"rendered":"Aalborg"},"content":{"rendered":"<p>Aalborg se estende ao longo do trecho mais estreito do Limfjord, com sua orla baixa firmemente enraizada a uma altitude m\u00e9dia de apenas cinco metros acima do n\u00edvel do mar, mas cercada por colinas que se elevam a mais de sessenta metros. Deste ponto de vista, a cidade olha para o leste em dire\u00e7\u00e3o ao Kattegat, cerca de trinta e cinco quil\u00f4metros adiante, enquanto seus veios de com\u00e9rcio e cultura se estendem para o norte at\u00e9 N\u00f8rresundby e para sudoeste em dire\u00e7\u00e3o a Randers, Aarhus e Copenhague. A quarta maior \u00e1rea urbana da Dinamarca \u2014 com cerca de 144.000 habitantes em meados de 2022 \u2014 Aalborg tamb\u00e9m ancora a regi\u00e3o da Jutl\u00e2ndia do Norte, servindo como seu principal porto, polo industrial e centro acad\u00eamico.<\/p>\n<p>Vest\u00edgios arqueol\u00f3gicos apontam para os primeiros assentamentos por volta de 700 d.C., quando as correntes sinuosas e a rica pesca do Limfjord atra\u00edram os resistentes habitantes da Jutl\u00e2ndia do Norte para suas margens. Na Idade M\u00e9dia, a posi\u00e7\u00e3o de Aalborg, no ponto mais estreito do fiorde, conferia vantagem estrat\u00e9gica: navios com destino ao Kattegat ou que transportavam mercadorias para o sul, \u00e0s margens do rio, passavam por seus cais. Um modesto posto comercial transformou-se em uma movimentada cidade medieval, cuja prosperidade se reflete hoje nas mans\u00f5es de enxaimel dos mercadores que margeiam \u00d8ster\u00e5gade, vest\u00edgios de uma sociedade mercantil baseada em guildas.<\/p>\n<p>No final do s\u00e9culo XIV, a igreja paroquial de Budolfi foi transformada em uma catedral g\u00f3tica dedicada a S\u00e3o Botolfo \u2014 um monumento de tijolos e arco pontiagudo que sobrevive como sede episcopal de Aalborg. N\u00e3o muito longe dali, em um promont\u00f3rio com vista para a \u00e1gua, ergue-se o Castelo de Aalborghus, erguido em 1550 pelo rei Cristiano III. Seus pain\u00e9is caiados e vigas pintadas de vermelho lembram uma \u00e9poca em que a administra\u00e7\u00e3o real da Dinamarca coletava impostos dentro de suas muralhas de enxaimel. Embora o castelo agora abrigue escrit\u00f3rios municipais, seus jardins exclusivos para o ver\u00e3o e as c\u00e2maras das masmorras ainda evocam a pompa da corte inspirada no estilo Tudor do s\u00e9culo XVI.<\/p>\n<p>Duas das mais belas casas geminadas do s\u00e9culo XVII da Dinamarca permanecem em \u00d8ster\u00e5gade: a Casa de Jens Bang (1624) e a Casa de J\u00f8rgen Olufsen (1616). Ambas constru\u00eddas em arenito no estilo renascentista holand\u00eas, exibem front\u00f5es altos, molduras auriculares esculpidas e, no caso de Olufsen, um p\u00f3rtico de armaz\u00e9m intacto, completo com gancho de ferro para balan\u00e7as. Por mais de tr\u00eas s\u00e9culos, a resid\u00eancia de quatro andares de Jens Bang abrigou a farm\u00e1cia mais antiga da cidade; do outro lado da rua, a antiga casa de Olufsen demonstra a estreita liga\u00e7\u00e3o entre a autoridade c\u00edvica e a riqueza mercantil, pois seu propriet\u00e1rio original tamb\u00e9m ocupava a prefeitura.<\/p>\n<p>No s\u00e9culo XIX, Aalborg j\u00e1 havia superado sua presen\u00e7a medieval. O final do s\u00e9culo XIX viu a fus\u00e3o das vilas vizinhas \u2014 \u00d8ster Sundby, R\u00f8rdal Fabriksby e Tranders \u2014 em uma conurba\u00e7\u00e3o industrial cuja popula\u00e7\u00e3o aumentou de quatorze mil habitantes em 1880 para cerca de trinta e um mil em 1901. A produ\u00e7\u00e3o de cimento, a moagem de gr\u00e3os e a destila\u00e7\u00e3o de aquavita ancoraram a economia local. Empresas como a Aalborg Portland Cement e a De Danske Spritfabrikker (Destilarias Dinamarquesas) alcan\u00e7aram destaque global, e as pedreiras de giz ainda existentes em R\u00f8rdal e Vokslev sustentaram as f\u00e1bricas de cimento regionais.<\/p>\n<p>Nas \u00faltimas d\u00e9cadas, o zumbido das m\u00e1quinas pesadas deu lugar \u00e0 precis\u00e3o das ind\u00fastrias baseadas no conhecimento. A fabrica\u00e7\u00e3o de rotores de turbinas e\u00f3licas na Siemens Gamesa Renewable Energy, a engenharia de caldeiras mar\u00edtimas na Alfa Laval e a pesquisa em energia verde na Universidade de Aalborg agora impulsionam a economia da cidade. No entanto, as instala\u00e7\u00f5es portu\u00e1rias continuam a transportar gr\u00e3os, cimento e bebidas alco\u00f3licas para o mundo todo, enquanto a pr\u00f3pria orla est\u00e1 sendo reinventada como um espa\u00e7o para ind\u00fastrias criativas e lazer.<\/p>\n<p>O centro da cidade, disposto sobre margens de argila leste-oeste formadas pelos c\u00f3rregos Vester\u00e5 e Lille\u00e5, h\u00e1 muito desaparecidos, mant\u00e9m sua malha medieval de Algade (a antiga rua do mercado), ladeada por Bispengade e culminando em Gammeltorv, a antiga pra\u00e7a do mercado. Aqui, a Catedral de Budolfi olha para o oeste, atrav\u00e9s da fachada barroca da prefeitura de 1762, com seu telhado de telhas pretas e entrada em pilastras marcando uma mudan\u00e7a em dire\u00e7\u00e3o \u00e0 formalidade iluminista. Al\u00e9m da \u00e1rea da esta\u00e7\u00e3o, a oeste, Hasseris cresceu no s\u00e9culo XX como um bairro de vilas, enquanto o foco principal da constru\u00e7\u00e3o agora se voltou para o leste do centro, onde conjuntos habitacionais ladeiam as docas de trabalho de \u00d8sthavnen e o Centro Utzon fica de sentinela ao lado da rec\u00e9m-concebida sala de concertos Musikkens Hus.<\/p>\n<p>A reputa\u00e7\u00e3o de Aalborg como um centro cultural se baseia em uma constela\u00e7\u00e3o de institui\u00e7\u00f5es. O Museu Hist\u00f3rico de Aalborg (fundado em 1863) e o Museu de Arte Moderna KUNSTEN ancoram o bairro dos museus, este \u00faltimo not\u00e1vel pelo edif\u00edcio de Alvar Aalto de 1972 e seu jardim de esculturas. Obras contempor\u00e2neas encontram abrigo na Nordkraft \u2014 uma usina hidrel\u00e9trica reabilitada \u2014 enquanto o Centro Utzon, em homenagem ao arquiteto local J\u00f8rn Utzon, exibe exposi\u00e7\u00f5es sobre sua obra e temas mais amplos do design. A orquestra sinf\u00f4nica, a companhia de \u00f3pera e o Teatro de Aalborg (1878) da cidade animam os palcos durante todo o ano; seu multifuncional Kongres &amp; Kultur Center \u2014 inaugurado em 1952 e ampliado em 1991 \u2014 recebe at\u00e9 2.500 espectadores para shows de bal\u00e9, concertos pop e estrelas internacionais.<\/p>\n<p>No entanto, o evento mais democr\u00e1tico \u00e9 o Carnaval de Aalborg, realizado anualmente no final de maio. Ao longo de tr\u00eas dias, cerca de 100.000 participantes se re\u00fanem para desfiles infantis, competi\u00e7\u00f5es de bandas carnavalescas e a grande prociss\u00e3o de m\u00e1scaras \u2014 a maior do g\u00eanero no norte da Europa. Igualmente vener\u00e1vel \u00e9 o Mercado de Hjallerup, uma feira equestre de tr\u00eas dias que atrai mais de 200.000 visitantes todo m\u00eas de junho para comprar, vender e negociar cavalos nas vilas a nordeste da cidade.<\/p>\n<p>Desde a sua funda\u00e7\u00e3o em 1974, a Universidade de Aalborg (AAU) tornou-se a principal institui\u00e7\u00e3o acad\u00eamica da Jutl\u00e2ndia do Norte, com mais de 20.000 alunos matriculados at\u00e9 2018. Seu modelo de aprendizagem baseado em problemas conquistou reconhecimento internacional, e seu corpo docente abrange engenharia, ci\u00eancias sociais, humanidades e ci\u00eancias da sa\u00fade. Nas proximidades, o Col\u00e9gio Universit\u00e1rio do Norte da Dinamarca e a Escola Real de Biblioteconomia e Ci\u00eancia da Informa\u00e7\u00e3o oferecem cursos profissionalizantes e especializados, enquanto o Hospital Universit\u00e1rio de Aalborg, fundado em 1881, continua sendo o principal centro m\u00e9dico da regi\u00e3o. A log\u00edstica militar e o treinamento m\u00e9dico de emerg\u00eancia s\u00e3o fornecidos pelo Tr\u00e6nregimentet, que guarnece a cidade.<\/p>\n<p>A Nordjyske Arena, casa do clube de futebol Aalborg BK desde sua funda\u00e7\u00e3o em 1885, testemunhou quatro triunfos na Superliga dinamarquesa (1994-95, 1998-99, 2007-08 e 2013-14). Outros clubes incluem o Aalborg Pirates, que joga h\u00f3quei no gelo, o Aalborg H\u00e5ndbold, que joga handebol, al\u00e9m de associa\u00e7\u00f5es de r\u00fagbi e cr\u00edquete. Parques p\u00fablicos \u2014 entre eles, \u00d8stre Anl\u00e6g, Lindholm Fjordpark, Kildeparken e M\u00f8lleparken \u2014 oferecem trilhas para corrida, campos de golfe e \u00e1reas \u00famidas com santu\u00e1rios de p\u00e1ssaros. Todos os anos, o \u00d8stre Anl\u00e6g atrai cerca de 175.000 visitantes aos seus gramados e ao seu lago, outrora um po\u00e7o de argila, agora com vista para a Igreja de S\u00e3o Marcos. Enquanto isso, o Lindholm Fjordpark, restaurado de seu antigo status de aterro sanit\u00e1rio, abriga gansos migrat\u00f3rios e ma\u00e7aricos, al\u00e9m de oferecer windsurfe e um campo de seis buracos.<\/p>\n<p>As atividades zool\u00f3gicas encontram um lar no Zool\u00f3gico de Aalborg (1935), com cerca de 1.300 animais de 138 esp\u00e9cies \u2014 tigres, ursos polares e pinguins entre eles \u2014 abrigados em habitats recriados. O Karolinelund, o extinto parque de divers\u00f5es de 1946, foi reativado por volunt\u00e1rios da Platform4, cujos semin\u00e1rios, concertos e exposi\u00e7\u00f5es mant\u00eam o parque como um espa\u00e7o de artes e tecnologia, embora sem seus antigos brinquedos mec\u00e2nicos.<\/p>\n<p>Um clima mar\u00edtimo influenciado pelos navios tempera as esta\u00e7\u00f5es de Aalborg: os ver\u00f5es raramente ultrapassam os vinte graus Celsius e os invernos t\u00eam uma m\u00e9dia entre -3 e +2, com raras quedas abaixo de -15 graus. A precipita\u00e7\u00e3o cai o ano todo \u2014 outubro registra a maior precipita\u00e7\u00e3o \u2014 e junho, em m\u00e9dia, tem o maior n\u00famero de horas de sol. A sudeste fica Lille Vildmose, o maior p\u00e2ntano elevado do norte da Europa, enquanto as charnecas da Floresta Rold, incluindo as Colinas Rebild, se estendem por cerca de trinta quil\u00f4metros dos port\u00f5es da cidade. A Nibe Bredning do Limfjord, com seus extensos cintur\u00f5es de ervas marinhas, abriga milhares de aves migrat\u00f3rias e sinaliza a vitalidade ecol\u00f3gica da regi\u00e3o.<\/p>\n<p>As liga\u00e7\u00f5es ferrovi\u00e1rias ligam Aalborg a Randers e al\u00e9m desde 1869, com os servi\u00e7os Nordjyske Jernbaner e DSB convergindo para a esta\u00e7\u00e3o reformada de 1902 em John F. Kennedy&#039;s Plads. O acesso rodovi\u00e1rio chega pela E45 \u2014 que se estende de Finnmark, na Noruega, \u00e0 Cal\u00e1bria, na It\u00e1lia \u2014 bem como pelas rodovias nacionais para Aarhus, Frederikshavn e Copenhague, esta \u00faltima pela liga\u00e7\u00e3o fixa do Great Belt, a cerca de 414 quil\u00f4metros de dist\u00e2ncia. O transporte a\u00e9reo \u00e9 servido pelo Aeroporto de Aalborg, seis quil\u00f4metros a noroeste do centro, que recebe 1,4 milh\u00e3o de passageiros anualmente em vinte rotas diretas pela Europa e conex\u00f5es sazonais para outros lugares. A Base A\u00e9rea de Aalborg, adjacente, complementa o tr\u00e1fego civil com opera\u00e7\u00f5es militares.<\/p>\n<p>O transporte p\u00fablico local evoluiu do programa gratuito de bicicletas urbanas (2009-14) para uma rede de \u00f4nibus r\u00e1pidos \u2014 Plusbus \u2014 lan\u00e7ada em setembro de 2023. As linhas de \u00f4nibus atravessam o centro da cidade e os sub\u00farbios, enquanto 44% dos habitantes pedalam v\u00e1rias vezes por semana e 27% se deslocam de bicicleta. Pontes e t\u00faneis conectam as cidades g\u00eameas: a ponte rodovi\u00e1ria de Limfjordsbroen (1933), a ponte ferrovi\u00e1ria basculante de nove v\u00e3os (1938) \u2014 elevada cerca de 4.000 vezes por ano para a passagem de embarca\u00e7\u00f5es \u2014 e o T\u00fanel de Limfjord (1969), o primeiro t\u00fanel rodovi\u00e1rio da Dinamarca, cujas tr\u00eas faixas transportam o tr\u00e1fego da E45 sob o fiorde.<\/p>\n<p>Antes dominada por estaleiros, destilarias e fornos de cimento, Aalborg hoje harmoniza sua heran\u00e7a industrial com a reinven\u00e7\u00e3o cultural e a gest\u00e3o ambiental. Cais \u00e0 beira-mar deram lugar a salas de exposi\u00e7\u00e3o, caf\u00e9s e cal\u00e7ad\u00f5es; antigos bairros fabris agora abrigam startups, galerias e incubadoras universit\u00e1rias. Os telhados sinuosos do Utzon Center espreitam atrav\u00e9s da \u00e1gua em dire\u00e7\u00e3o ao antigo \u00d8stre Havn, onde guindastes descarregavam carv\u00e3o, agora transformado em rampas para clubes de caiaque e escolas de windsurf.<\/p>\n<p>Ao longo de cada s\u00e9culo de seus quase 1.300 anos de hist\u00f3ria, Aalborg foi moldada pela \u00e1gua \u2014 suas correntes, seu com\u00e9rcio e sua capacidade de conectar comunidades. No momento presente, esse mesmo fiorde convida moradores e visitantes a refletir sobre um futuro t\u00e3o din\u00e2mico quanto as mar\u00e9s que ele canaliza, um futuro onde tradi\u00e7\u00e3o e inova\u00e7\u00e3o convergem \u00e0s margens do Limfjord.<\/p>","protected":false},"excerpt":{"rendered":"<p>Aalborg, o quarto maior aglomerado urbano da Dinamarca, conta com uma popula\u00e7\u00e3o de 119.862 habitantes na cidade propriamente dita e uma popula\u00e7\u00e3o urbana de 143.598 habitantes em 1\u00ba de julho de 2022. Localizada na parte norte da pen\u00ednsula da Jutl\u00e2ndia, esta cidade din\u00e2mica funciona como um centro econ\u00f4mico e cultural essencial para a regi\u00e3o. A localiza\u00e7\u00e3o estrat\u00e9gica de Aalborg, no ponto mais estreito do Limfjord, foi crucial para influenciar seu desenvolvimento hist\u00f3rico e sua import\u00e2ncia na Dinamarca.<\/p>","protected":false},"author":1,"featured_media":2734,"parent":14261,"menu_order":0,"comment_status":"closed","ping_status":"closed","template":"elementor_theme","meta":{"_eb_attr":"","footnotes":""},"class_list":["post-14292","page","type-page","status-publish","has-post-thumbnail"],"_links":{"self":[{"href":"https:\/\/travelshelper.com\/pt\/wp-json\/wp\/v2\/pages\/14292","targetHints":{"allow":["GET"]}}],"collection":[{"href":"https:\/\/travelshelper.com\/pt\/wp-json\/wp\/v2\/pages"}],"about":[{"href":"https:\/\/travelshelper.com\/pt\/wp-json\/wp\/v2\/types\/page"}],"author":[{"embeddable":true,"href":"https:\/\/travelshelper.com\/pt\/wp-json\/wp\/v2\/users\/1"}],"replies":[{"embeddable":true,"href":"https:\/\/travelshelper.com\/pt\/wp-json\/wp\/v2\/comments?post=14292"}],"version-history":[{"count":0,"href":"https:\/\/travelshelper.com\/pt\/wp-json\/wp\/v2\/pages\/14292\/revisions"}],"up":[{"embeddable":true,"href":"https:\/\/travelshelper.com\/pt\/wp-json\/wp\/v2\/pages\/14261"}],"wp:featuredmedia":[{"embeddable":true,"href":"https:\/\/travelshelper.com\/pt\/wp-json\/wp\/v2\/media\/2734"}],"wp:attachment":[{"href":"https:\/\/travelshelper.com\/pt\/wp-json\/wp\/v2\/media?parent=14292"}],"curies":[{"name":"wp","href":"https:\/\/api.w.org\/{rel}","templated":true}]}}