{"id":14282,"date":"2024-09-19T08:01:29","date_gmt":"2024-09-19T08:01:29","guid":{"rendered":"https:\/\/travelshelper.com\/staging\/?page_id=14282"},"modified":"2026-03-11T23:24:36","modified_gmt":"2026-03-11T23:24:36","slug":"vejle","status":"publish","type":"page","link":"https:\/\/travelshelper.com\/pt\/destinations\/europe\/denmark\/vejle\/","title":{"rendered":"Vejle"},"content":{"rendered":"<p>Vejle, a nona maior cidade da Dinamarca, com 62.011 habitantes em 1\u00ba de janeiro de 2025, desenvolve-se onde dois vales fluviais encontram a cabeceira do Fiorde de Vejle, na Pen\u00ednsula da Jutl\u00e2ndia. Aqui, colinas arborizadas erguem-se abruptamente de ambos os lados de uma ilha glacial que outrora ancorou os primeiros assentamentos. Ao longo dos s\u00e9culos, seu porto, entroncamentos ferrovi\u00e1rios, liga\u00e7\u00f5es rodovi\u00e1rias e arquitetura inovadora moldaram tanto sua ind\u00fastria quanto seu car\u00e1ter. O di\u00e1logo cont\u00ednuo de Vejle entre contornos naturais e ambi\u00e7\u00e3o humana revela-se em cada curva do fiorde, em cada orla restaurada e em cada silhueta moderna do horizonte.<\/p>\n<p>\u00c0 beira d&#039;\u00e1gua, o Fiorde de Vejle se estende para o interior a partir do Pequeno Cintur\u00e3o, atraindo embarca\u00e7\u00f5es para o norte, em dire\u00e7\u00e3o ao B\u00e1ltico, e depois atrav\u00e9s de Kattegat at\u00e9 o Atl\u00e2ntico. O n\u00facleo original da cidade se ergue sobre uma ilha de till depositada pela \u00faltima era glacial; aqui, Torvegade segue caminhos escavados pelos primeiros comerciantes, enquanto pain\u00e9is de vidro embutidos na cal\u00e7ada de pedestres agora exp\u00f5em vest\u00edgios da rua comercial medieval abaixo. Embora a cidade tenha come\u00e7ado como um modesto aglomerado ribeirinho, sua posi\u00e7\u00e3o em dois cursos d&#039;\u00e1gua convergentes \u2014 o Rio Vejle e o mais estreito Rio Grejs \u2014 garantiu um fluxo constante de mercadorias, pessoas e ideias.<\/p>\n<p>Acima da cidade, as modestas eleva\u00e7\u00f5es da regi\u00e3o assumem um car\u00e1ter dram\u00e1tico descomunal. Com o ponto natural mais alto da Dinamarca mal ultrapassando 170 metros, as colinas ao norte e ao sul de Vejle emolduram seu horizonte. O Vale do Rio Vejle, estendendo-se ininterruptamente como o mais longo vale de t\u00fanel do pa\u00eds, canaliza as \u00e1guas pluviais em dire\u00e7\u00e3o ao fiorde atrav\u00e9s de margens suavemente inclinadas; o Vale de Grejs corta-se de forma mais acentuada, esculpindo a ravina mais profunda da Dinamarca. Ambos os vales j\u00e1 abrigaram pequenas comunidades agr\u00edcolas; hoje, s\u00e3o atravessados \u200b\u200bpor trilhas que revelam camadas de afloramentos calc\u00e1rios, rochas cobertas de musgo e o farfalhar de faias e carvalhos.<\/p>\n<p>O cora\u00e7\u00e3o pedonal da cidade fica ao longo da Algade, uma rua larga e pavimentada com pedras, repleta de lojas, caf\u00e9s e o shopping center Bryggen. Inaugurado no final do s\u00e9culo XX, o Bryggen abriga 38 lojas sob uma \u00fanica cobertura de vidro, cujos \u00e2ngulos n\u00edtidos refletem a luz do fiorde. Perto dali, o conceito Paladspassagen Social Dining ocupa o antigo Shopping Center Mary&#039;s, convertendo antigos andares de lojas de departamento em mesas compridas comunit\u00e1rias e cozinhas abertas, onde produtores regionais apresentam pratos t\u00edpicos de comida de rua em mesas compridas comunit\u00e1rias, dando nova vida a corredores antes tranquilos.<\/p>\n<p>O espa\u00e7o p\u00fablico de Vejle foi remodelado com igual cuidado. Na d\u00e9cada de 1990, os urbanistas adotaram a primeira pol\u00edtica formal de arquitetura da Dinamarca, exigindo qualidade e coes\u00e3o para novos empreendimentos. \u00c0 beira d&#039;\u00e1gua, The Wave \u2014 B\u00f8lgen \u2014 ergue-se em quatro n\u00edveis sinuosos de concreto branco e vidro, cada andar em balan\u00e7o elevando-se para o c\u00e9u em um eco do mar agitado. Nas proximidades, instala\u00e7\u00f5es de arte pontuam antigos cais industriais; e em um projeto recente, o bueiro que outrora enterrou o Rio Grejs sob as ruas do centro foi desenterrado. Hoje, suas \u00e1guas cristalinas correm ao longo de um canal paisag\u00edstico, margeado por blocos de granito e plantas nativas.<\/p>\n<p>O porto em si data de 1827, quando a primeira bacia foi aberta ao com\u00e9rcio costeiro. Em meados do s\u00e9culo XX, Vejle havia se tornado o segundo porto mais movimentado da Dinamarca, depois de Copenhague. Barcos a vapor como o Hvidbjerg e o Jeppe Jensen j\u00e1 navegaram pelo fiorde e pela costa, ligando Vejle a resorts e propriedades \u00e0 beira-mar. Embora os modernos terminais de carga continuem a movimentar mercadorias a granel, os planejadores urbanos agora prop\u00f5em converter as docas do norte em parques e moradias \u00e0 beira-mar \u2014 iniciativas que restaurariam uma liga\u00e7\u00e3o visual e f\u00edsica direta entre a cidade e o mar.<\/p>\n<p>A rede de transportes de Vejle estende-se muito al\u00e9m do seu fiorde e porto. A autoestrada europeia E45 atravessa o Pequeno Cintur\u00e3o atrav\u00e9s da Ponte do Fiorde de Vejle, com seus arcos g\u00eameos que se estendem sobre a \u00e1gua e o c\u00e9u. Logo ap\u00f3s a ponte, fica a Sa\u00edda 59 \u2014 carinhosamente apelidada de &#034;Porta de Entrada E45&#034; \u2014 onde centros log\u00edsticos, restaurantes de fast-food e estacionamentos de ve\u00edculos compartilhados marcam um dos cruzamentos de carga mais movimentados da Dinamarca, ancorado pelo Centro Nacional de Transportes (DTC). Ao norte, a Rodovia Mid-Jutland e a Rota Prim\u00e1ria 28 atravessam terras agr\u00edcolas onduladas, conectando Vejle a Herning e al\u00e9m.<\/p>\n<p>As liga\u00e7\u00f5es ferrovi\u00e1rias convergem aqui t\u00e3o decisivamente quanto os rios. A esta\u00e7\u00e3o ferrovi\u00e1ria de Vejle \u2014 inaugurada em 1868 \u2014 serve como elo entre a Linha da Jutl\u00e2ndia Oriental, de Aarhus, e a Linha da Jutl\u00e2ndia Central, de Struer. Em dire\u00e7\u00e3o ao sul, a linha continua por Fredericia, onde as rotas se ramificam para Odense e Copenhague, para Esbjerg, via Kolding, e at\u00e9 mesmo para Hamburgo. No entanto, o futuro da esta\u00e7\u00e3o permanece em debate: alguns formuladores de pol\u00edticas defendem uma segunda travessia de fiorde para encurtar o tempo de viagem entre Odense e Aarhus, uma proposta que poderia ignorar completamente a Esta\u00e7\u00e3o de Vejle.<\/p>\n<p>Os bairros da cidade oferecem uma tape\u00e7aria de contrastes. Perto do centro, N\u00f8rremarken se estende por encostas arborizadas onde o Est\u00e1dio Vejle se ergue em meio a pinheiros. Ao sul, S\u00f8ndermarken se estende onde antes ficava uma antiga mans\u00e3o; seu moinho de vento ergue-se no topo do penhasco, pintado de branco contra a linha das \u00e1rvores e servindo como um emblema da cidade. Mais adiante, o vale de Grejsdalen abriga casas de fam\u00edlia e vielas estreitas; Hover, Lille Grundet e Store Grundet aglomeram-se nas colinas adjacentes. A leste, M\u00f8lholm e Vinding t\u00eam vista para o fiorde, enquanto a oeste ficam Skibet e Knabberup, marcando a fronteira da cidade com a expans\u00e3o rural.<\/p>\n<p>A ind\u00fastria e o com\u00e9rcio sempre moldaram a b\u00fassola de Vejle. F\u00e1bricas t\u00eaxteis e metal\u00fargicas locais atra\u00edam trabalhadores de toda a Jutl\u00e2ndia; hoje, empresas de alta tecnologia, prestadores de servi\u00e7os e empresas de log\u00edstica dominam as estat\u00edsticas de emprego na Regi\u00e3o do Tri\u00e2ngulo, juntamente com Kolding e Fredericia. O com\u00e9rcio varejista ainda mant\u00e9m a import\u00e2ncia local: moradores e visitantes encontram uma sele\u00e7\u00e3o variada de lojas de rede e especializadas ao longo do cal\u00e7ad\u00e3o principal \u2014 e em todas as dire\u00e7\u00f5es, a partir do centro de transporte, \u00f4nibus locais circulam em nove linhas para atender cada distrito.<\/p>\n<p>Mas Vejle \u00e9 mais do que ind\u00fastria e arquitetura; \u00e9 tamb\u00e9m um centro de artes e aprendizado. O Museu de Arte de Vejle, reformado em um antigo galp\u00e3o industrial, exibe a cole\u00e7\u00e3o W\u00f6rzner \u2014 com obras COBRA de meados do s\u00e9culo XX \u2014, al\u00e9m de uma rara gravura em cobre de Rembrandt. No Museu da Cidade, exposi\u00e7\u00f5es tra\u00e7am o crescimento da cidade, desde o mercado medieval at\u00e9 o centro moderno, instalado na antiga fia\u00e7\u00e3o. Do outro lado da cidade, o \u00d8kolariet oferece exposi\u00e7\u00f5es interativas sobre ecologia e reciclagem, com exposi\u00e7\u00f5es interativas atraindo fam\u00edlias e grupos escolares.<\/p>\n<p>As tradi\u00e7\u00f5es musicais ecoam de forma t\u00e3o pungente quanto as arquitet\u00f4nicas. O compositor Jacob Gade, c\u00e9lebre por seu Tango Jalousie, nasceu perto; suas melodias ainda ressoam na programa\u00e7\u00e3o do Vejle Musikteater, cujo moderno audit\u00f3rio tem vista para o rio. Figuras liter\u00e1rias como Ulrik Gr\u00e4s e Inger Christensen tamb\u00e9m se inspiraram nas colinas ondulantes. A cuidadosa aten\u00e7\u00e3o do poeta aos detalhes reflete a narrativa em camadas da cidade, onde cada muro de pedra e margem do rio guarda uma hist\u00f3ria de ind\u00fastria, f\u00e9, arte e comunidade.<\/p>\n<p>Curiosidades hist\u00f3ricas povoam os recintos mais antigos de Vejle. A Igreja de S\u00e3o Nicolau, datada de meados do s\u00e9culo XIII, abriga um corpo de p\u00e2ntano conhecido como a mulher de Haraldsk\u00e6r, exumado de uma turfeira pr\u00f3xima, com pele e cabelo intactos. Em uma parede, leves marcas seriam marcas de cr\u00e2nios de ladr\u00f5es executados que se escondiam na floresta \u2014 uma lenda local que confere um ar inquietante \u00e0 cripta de pedra. A antiga Cadeia adjacente, integrada \u00e0 Prefeitura, recebeu um pr\u00eamio de embelezamento ap\u00f3s sua restaura\u00e7\u00e3o em 1984, e suas pequenas celas agora ecoam hist\u00f3rias de visitas guiadas em vez de c\u00e2nticos da pris\u00e3o.<\/p>\n<p>Logo al\u00e9m do fiorde, encontram-se outras atra\u00e7\u00f5es. Fam\u00edlias fazem peregrina\u00e7\u00f5es \u00e0 Legoland original em Billund, trinta quil\u00f4metros a sudoeste, chegando l\u00e1 por \u00f4nibus regulares a partir do centro de tr\u00e2nsito de Vejle. Entusiastas da hist\u00f3ria se aventuram em Jelling, cujas runas e t\u00famulos do s\u00e9culo X constituem o principal Patrim\u00f4nio Mundial da UNESCO na Dinamarca, comemorando as convers\u00f5es reais da Era Viking. A proximidade de Vejle com esses locais enriquece sua pr\u00f3pria rede cultural, posicionando a cidade como porta de entrada e destino.<\/p>\n<p>Embora modestos em escala, os arcos narrativos de Vejle s\u00e3o expansivos. \u00c9 um lugar onde a geologia glacial encontra o design de vanguarda, onde ruas de mercado medievais se escondem sob cal\u00e7ad\u00f5es modernos e onde vales desgastados por cursos d&#039;\u00e1gua se transformam em art\u00e9rias verdes para explora\u00e7\u00e3o. Em suas lojas e salas de concerto, seus moinhos e museus, Vejle mant\u00e9m um di\u00e1logo entre passado e futuro. Aqui, nas dobras de colinas arborizadas e ao longo da curva de um fiorde, a cidade continua a se definir \u2014 n\u00e3o por uma ret\u00f3rica vazia, mas pela intera\u00e7\u00e3o duradoura entre paisagem, trabalho e vis\u00e3o criativa.<\/p>","protected":false},"excerpt":{"rendered":"<p>Vejle, uma pitoresca cidade fiorde localizada na Jutl\u00e2ndia do Sul, Dinamarca, tinha uma popula\u00e7\u00e3o de 61.706 habitantes em 2024, o que a coloca como a nona maior cidade do pa\u00eds. Localizada na intersec\u00e7\u00e3o de Vejle\u00c5dal e Grejsdalen, onde convergem com a parte interna do Fiorde de Vejle, esta \u00e1rea exemplifica a import\u00e2ncia hist\u00f3rica e a est\u00e9tica natural da Dinamarca.<\/p>","protected":false},"author":1,"featured_media":4494,"parent":14261,"menu_order":0,"comment_status":"closed","ping_status":"closed","template":"elementor_theme","meta":{"_eb_attr":"","footnotes":""},"class_list":["post-14282","page","type-page","status-publish","has-post-thumbnail"],"_links":{"self":[{"href":"https:\/\/travelshelper.com\/pt\/wp-json\/wp\/v2\/pages\/14282","targetHints":{"allow":["GET"]}}],"collection":[{"href":"https:\/\/travelshelper.com\/pt\/wp-json\/wp\/v2\/pages"}],"about":[{"href":"https:\/\/travelshelper.com\/pt\/wp-json\/wp\/v2\/types\/page"}],"author":[{"embeddable":true,"href":"https:\/\/travelshelper.com\/pt\/wp-json\/wp\/v2\/users\/1"}],"replies":[{"embeddable":true,"href":"https:\/\/travelshelper.com\/pt\/wp-json\/wp\/v2\/comments?post=14282"}],"version-history":[{"count":0,"href":"https:\/\/travelshelper.com\/pt\/wp-json\/wp\/v2\/pages\/14282\/revisions"}],"up":[{"embeddable":true,"href":"https:\/\/travelshelper.com\/pt\/wp-json\/wp\/v2\/pages\/14261"}],"wp:featuredmedia":[{"embeddable":true,"href":"https:\/\/travelshelper.com\/pt\/wp-json\/wp\/v2\/media\/4494"}],"wp:attachment":[{"href":"https:\/\/travelshelper.com\/pt\/wp-json\/wp\/v2\/media?parent=14282"}],"curies":[{"name":"wp","href":"https:\/\/api.w.org\/{rel}","templated":true}]}}