{"id":14240,"date":"2024-09-18T22:41:43","date_gmt":"2024-09-18T22:41:43","guid":{"rendered":"https:\/\/travelshelper.com\/staging\/?page_id=14240"},"modified":"2026-03-11T23:33:52","modified_gmt":"2026-03-11T23:33:52","slug":"estonia","status":"publish","type":"page","link":"https:\/\/travelshelper.com\/pt\/destinations\/europe\/estonia\/","title":{"rendered":"Est\u00f4nia"},"content":{"rendered":"<p>A Est\u00f4nia situa-se na costa leste do Mar B\u00e1ltico, uma esbelta rep\u00fablica com cerca de 1,37 milh\u00e3o de habitantes, cujo solo e esp\u00edrito testemunharam tanto ritos pag\u00e3os quanto revolu\u00e7\u00f5es digitais. Com uma \u00e1rea de 45.335 km\u00b2 \u2014 incluindo mais de 2.300 ilhas \u2014, esta terra setentrional evoluiu de seus assentamentos neol\u00edticos de 9.000 a.C. para uma das democracias digitalmente mais avan\u00e7adas da Europa, ostentando a ades\u00e3o \u00e0 Zona do Euro, a alian\u00e7a com a OTAN e uma reputa\u00e7\u00e3o de governan\u00e7a transparente. Dos penhascos calc\u00e1rios de sua costa norte aos p\u00e2ntanos cobertos de turfa de suas terras altas ao sul, o territ\u00f3rio e o povo da Est\u00f4nia tra\u00e7am uma hist\u00f3ria de dom\u00ednio estrangeiro, despertar nacional, ocupa\u00e7\u00e3o sovi\u00e9tica e uma pac\u00edfica &#034;Revolu\u00e7\u00e3o Cantante&#034; que restaurou a independ\u00eancia em 20 de agosto de 1991.<\/p>\n<p>Desde tempos imemoriais, tribos estonianas se agrupam ao longo de rios e lagos. A convers\u00e3o medieval ao cristianismo foi imposta somente ap\u00f3s as Cruzadas do Norte, no s\u00e9culo XIII, mas vest\u00edgios de costumes pr\u00e9-crist\u00e3os perduraram no folclore e nas can\u00e7\u00f5es r\u00fanicas. S\u00e9culos de dom\u00ednio dos Cavaleiros Teut\u00f4nicos, monarcas dinamarqueses, reis poloneses, senhores suecos e, finalmente, do Imp\u00e9rio Russo pouco fizeram para extinguir uma identidade vernacular que irrompeu no despertar nacional de meados do s\u00e9culo XIX. A Declara\u00e7\u00e3o de Independ\u00eancia, em fevereiro de 1918, inaugurou uma rep\u00fablica entre guerras fundada em ideais democr\u00e1ticos, apenas para que a neutralidade ru\u00edsse sob as ocupa\u00e7\u00f5es sovi\u00e9tica e alem\u00e3. Ao longo da Guerra Fria, diplomatas emigrados e o governo no ex\u00edlio preservaram a continuidade jur\u00eddica da Est\u00f4nia at\u00e9 que o Estado B\u00e1ltico recuperou sua soberania por meio de protestos em massa n\u00e3o violentos e resist\u00eancia coral.<\/p>\n<p>Topograficamente, a rep\u00fablica se desenvolve em suaves declives. As terras baixas do norte e do oeste d\u00e3o lugar \u00e0s terras altas de Pandivere, Sakala e Otep\u00e4\u00e4, enquanto Suur Munam\u00e4gi, a 318 metros de altitude, domina as colinas de Haanja. Dos 1.560 lagos naturais da Est\u00f4nia, o vasto lago Peipus faz fronteira com a R\u00fassia, e o V\u00f5rtsj\u00e4rv fica totalmente dentro dele. Menos de uma d\u00fazia de rios ultrapassam 100 quil\u00f4metros, sendo os principais o V\u00f5handu e o P\u00e4rnu. Quase um quarto do territ\u00f3rio \u00e9 delimitado por turfeiras e lama\u00e7ais \u2014 \u00e1reas \u00famidas emaranhadas onde turfa e floresta pantanosa convergem \u2014, oferecendo ref\u00fagio para esp\u00e9cies desaparecidas em outras partes da Europa.<\/p>\n<p>O clima aqui n\u00e3o \u00e9 totalmente continental nem puramente mar\u00edtimo, mas moldado pelos ciclones do Atl\u00e2ntico Norte e pelo alcance moderado do B\u00e1ltico. O degelo do inverno chega prematuramente \u00e0s costas costeiras, enquanto o calor do ver\u00e3o persiste enquanto as brisas de oeste amenizam o calor do interior. As temperaturas m\u00e9dias oscilam entre -3,8 \u00b0C em fevereiro e 17,8 \u00b0C em julho, com extremos registrados de -43,5 \u00b0C em 1940 e 35,6 \u00b0C em 1992. A precipita\u00e7\u00e3o m\u00e9dia anual \u00e9 de 662 mm; a insola\u00e7\u00e3o varia de apenas tr\u00eas d\u00fazias de horas em dezembro a quase 300 em agosto. A luz do dia se estende por 18 horas e 40 minutos no meio do ver\u00e3o e diminui para seis horas ap\u00f3s o solst\u00edcio de inverno, proporcionando &#034;noites brancas&#034; de maio a julho.<\/p>\n<p>O mosaico de florestas, campos, ilhas e zonas h\u00famidas sustenta uma das mais ricas biodiversidades da Europa. Aproximadamente 19,4% do territ\u00f3rio da Est\u00f4nia \u00e9 formalmente protegido \u2014 seis parques nacionais, mais de duzentas \u00e1reas de conserva\u00e7\u00e3o e mais de cem reservas paisag\u00edsticas. Corredores migrat\u00f3rios canalizam milh\u00f5es de passeriformes e aves aqu\u00e1ticas por seu c\u00e9u, estabelecendo recordes europeus de variedade e volume. Pinheiros, b\u00e9tulas e abetos dominam suas florestas, abrigando grandes mam\u00edferos, desde linces e ursos-pardos at\u00e9 o vison-europeu reintroduzido em Hiiumaa. Reinos bigodudos de anf\u00edbios e r\u00e9pteis prosperam em meio a 330 esp\u00e9cies de aves registradas em todo o pa\u00eds, entre elas a andorinha-das-chamin\u00e9s, o s\u00edmbolo avi\u00e1rio nacional.<\/p>\n<p>Uma rep\u00fablica parlamentar de quinze maakond, a Est\u00f4nia desfruta de uma das administra\u00e7\u00f5es menos corruptas da Europa. Sua transforma\u00e7\u00e3o da depend\u00eancia do petr\u00f3leo de xisto \u2014 antes respons\u00e1vel por mais de oitenta e cinco por cento da produ\u00e7\u00e3o de energia \u2014 para uma mistura diversificada de energias renov\u00e1veis \u200b\u200bressalta a vontade adaptativa do pa\u00eds. O nadir financeiro causado pela crise de 2008 deu lugar, em 2012, ao \u00fanico super\u00e1vit or\u00e7ament\u00e1rio da zona do euro e \u00e0 d\u00edvida nacional de apenas seis por cento do PIB. Hoje, telecomunica\u00e7\u00f5es, bancos, servi\u00e7os de software, t\u00eaxteis, eletr\u00f4nicos e constru\u00e7\u00e3o naval impulsionam uma economia avan\u00e7ada com PIB per capita de aproximadamente US$ 46.385 (dados de 2023). A Est\u00f4nia est\u00e1 entre as primeiras do mundo em desenvolvimento humano, liberdade de imprensa, resultados educacionais \u2014 gratuitos do ensino fundamental ao superior \u2014 e servi\u00e7os de governo eletr\u00f4nico.<\/p>\n<p>As art\u00e9rias mar\u00edtimas convergem para o Porto de Tallinn e seu sat\u00e9lite livre de gelo em Muuga, onde elevadores de gr\u00e3os, armaz\u00e9ns refrigerados e ancoradouros para petroleiros atendem ao com\u00e9rcio do B\u00e1ltico. As balsas Tallink conectam rotas mar\u00edtimas para Helsinque e Estocolmo, enquanto as linhas locais transportam passageiros para Saaremaa e Hiiumaa. Por via terrestre, mais de dezesseis mil quil\u00f4metros de estradas estaduais, incluindo as art\u00e9rias E20, E263 e E67, sustentam uma alta taxa de propriedade de carros particulares. A Rail Baltica, em constru\u00e7\u00e3o desde 2017, promete liga\u00e7\u00e3o em bitola europeia de Tallinn, passando por Riga, at\u00e9 Vars\u00f3via, complementando a rede Eesti Raudtee existente e seu hist\u00f3rico bonde de bitola estreita na capital. Os aeroportos de Tallinn, Tartu, P\u00e4rnu, Kuressaare e K\u00e4rdla conectam a Est\u00f4nia \u00e0 Europa do Norte e Central por meio de companhias a\u00e9reas como AirBaltic e LOT.<\/p>\n<p>Etnicamente, a Est\u00f4nia \u00e9 amplamente homog\u00eanea: os estonianos \u00e9tnicos comp\u00f5em quase setenta por cento da popula\u00e7\u00e3o, com uma minoria de l\u00edngua russa de cerca de vinte e quatro por cento, concentrada em Ida-Viru e arredores de Tallinn. Desde 1991, a popula\u00e7\u00e3o aumentou para 1.369.285 (1\u00ba de janeiro de 2025), refletindo a migra\u00e7\u00e3o e um modesto excedente de natalidade. O n\u00edvel educacional \u00e9 excepcional \u2014 quarenta e tr\u00eas por cento dos adultos entre 25 e 64 anos possuem diploma universit\u00e1rio \u2014 e a diversidade aumentou, com mais de duzentas etnias e quase o mesmo n\u00famero de l\u00ednguas maternas. A comunidade alem\u00e3 do B\u00e1ltico j\u00e1 sinalizou a hegemonia cultural alem\u00e3 at\u00e9 meados do s\u00e9culo XX; hoje, finlandeses da \u00cdngria e suecos da Est\u00f4nia desfrutam de autonomia cultural, al\u00e9m de uma pequena presen\u00e7a de ciganos.<\/p>\n<p>A filia\u00e7\u00e3o religiosa diminuiu, tornando a Est\u00f4nia um dos Estados mais seculares da Europa. Pouco menos de um ter\u00e7o dos cidad\u00e3os professa alguma f\u00e9, a maioria dentro de denomina\u00e7\u00f5es crist\u00e3s. A Ortodoxia Oriental, praticada por muitos da minoria russa e da etnia ind\u00edgena Seto, agora supera o Luteranismo em n\u00famero de adeptos. As saunas de fuma\u00e7a da tradi\u00e7\u00e3o V\u00f5ru \u2014 inscritas na UNESCO desde 2014 \u2014 preservam rituais ancestrais, assim como as fogueiras de Jaanip\u00e4ev no solst\u00edcio de ver\u00e3o e os desfiles do Dia da Independ\u00eancia, cada um marcando a mem\u00f3ria coletiva em 24 de junho e 24 de fevereiro, respectivamente.<\/p>\n<p>Em termos de linguagem, o estoniano predomina, com cerca de 84% da popula\u00e7\u00e3o usando-o como primeira ou segunda l\u00edngua. Os dialetos do sul da Est\u00f4nia \u2014 v\u00f5ro, seto, mulgi e tartu \u2014 persistem entre quase cem mil falantes. O ingl\u00eas e o russo servem como l\u00ednguas estrangeiras ou de heran\u00e7a comuns, amplificadas pela educa\u00e7\u00e3o p\u00fablica; o alem\u00e3o e o franc\u00eas v\u00eam em seguida. A L\u00edngua de Sinais Estoniana, formalmente reconhecida em 2007, atende cerca de 4.500 cidad\u00e3os surdos.<\/p>\n<p>A identidade cultural se entrela\u00e7a com a terra. Can\u00e7\u00f5es r\u00fanicas folcl\u00f3ricas recontam cosmogonia e gigantes como Kalevipoeg. A campanha do folclorista Jakob Hurt no s\u00e9culo XIX reuniu mais de doze mil p\u00e1ginas de tradi\u00e7\u00e3o oral; Matthias Johann Eisen compilaria mais noventa mil, agora guardadas nos Arquivos Folcl\u00f3ricos da Est\u00f4nia. A arquitetura abrange fazendas de madeira rehielamu, fortalezas medievais de pedra nas colinas, igrejas rom\u00e2nicas e sal\u00f5es g\u00f3ticos de comerciantes \u2014 mais vividamente preservados no Centro Hist\u00f3rico de Tallinn, tombado pela UNESCO. O edif\u00edcio do parlamento do entreguerras na colina Toompea se destaca como a \u00fanica c\u00e2mara legislativa expressionista do mundo, enquanto as tend\u00eancias do s\u00e9culo XX oscilaram do classicismo despojado \u00e0 pr\u00e9-fabrica\u00e7\u00e3o sovi\u00e9tica e, mais recentemente, \u00e0s torres de escrit\u00f3rios revestidas de vidro de arquitetos como Vilen K\u00fcnnapu.<\/p>\n<p>A culin\u00e1ria estoniana, nascida dos campos, florestas e mar, permanece baseada no p\u00e3o de centeio, batatas, carne de porco e latic\u00ednios, com toques de frutas vermelhas da esta\u00e7\u00e3o, ervas e cogumelos. Sandu\u00edches abertos com arenque do B\u00e1ltico ou espadilha simbolizam a afinidade do pa\u00eds pelos pratos mais simples e frescos. Cerveja, vinhos de frutas e vinho destilado acompanham as refei\u00e7\u00f5es, como fazem h\u00e1 s\u00e9culos na vida agr\u00e1ria e costeira.<\/p>\n<p>Para os viajantes, a Est\u00f4nia se desdobra em regi\u00f5es, mas sem a tirania da dist\u00e2ncia: quatro horas separam as colinas do sul das praias do norte, e duas horas bastam entre Tallinn e qualquer grande cidade. O norte da Est\u00f4nia pulsa com ind\u00fastria e charme urbano, com a capital medieval em meio a vilas litor\u00e2neas e as mans\u00f5es de Lahemaa. O leste da Est\u00f4nia carrega sua influ\u00eancia russa no Castelo Hermann de Narva e em vilarejos termais ao longo do Golfo. As ilhas e a costa oeste oferecem as vilas varridas pelo vento de Saaremaa, a grandiosidade do ver\u00e3o de P\u00e4rnu e a heran\u00e7a ressurgente dos suecos costeiros em Ruhnu. No sul, o agito acad\u00eamico de Tartu d\u00e1 lugar \u00e0s casas de ora\u00e7\u00e3o de Setomaa, \u00e0s tradi\u00e7\u00f5es musicais de Mulgimaa e \u00e0s pistas de esqui de Otep\u00e4\u00e4.<\/p>\n<p>O fasc\u00ednio da Est\u00f4nia reside nesses contrastes: uma rep\u00fablica digital prosperando em meio a florestas cobertas de musgo, p\u00e2ntanos antigos e muralhas hanse\u00e1ticas; um povo que canta a independ\u00eancia e acolhe os visitantes ao mesmo tempo. Esta \u00e9 uma terra definida menos pelas correntes que a prendiam do que pela resili\u00eancia que une seu passado a cada clique, cada can\u00e7\u00e3o e cada passo em seu terreno hist\u00f3rico.<\/p>","protected":false},"excerpt":{"rendered":"<p>A Est\u00f4nia, localizada no norte da Europa, \u00e0s margens do pitoresco Mar B\u00e1ltico, \u00e9 um exemplo de resist\u00eancia, inventividade e diversidade cultural. Situada na intersec\u00e7\u00e3o entre o norte e o leste da Europa, a Est\u00f4nia possui uma posi\u00e7\u00e3o estrat\u00e9gica que historicamente definiu sua trajet\u00f3ria e continua a impactar suas circunst\u00e2ncias atuais. Apesar de sua popula\u00e7\u00e3o de cerca de 1,4 milh\u00e3o de habitantes, a Est\u00f4nia impacta significativamente a tecnologia, a governan\u00e7a digital e a prote\u00e7\u00e3o ambiental.<\/p>","protected":false},"author":1,"featured_media":3347,"parent":24078,"menu_order":0,"comment_status":"closed","ping_status":"closed","template":"elementor_theme","meta":{"_eb_attr":"","footnotes":""},"class_list":["post-14240","page","type-page","status-publish","has-post-thumbnail"],"_links":{"self":[{"href":"https:\/\/travelshelper.com\/pt\/wp-json\/wp\/v2\/pages\/14240","targetHints":{"allow":["GET"]}}],"collection":[{"href":"https:\/\/travelshelper.com\/pt\/wp-json\/wp\/v2\/pages"}],"about":[{"href":"https:\/\/travelshelper.com\/pt\/wp-json\/wp\/v2\/types\/page"}],"author":[{"embeddable":true,"href":"https:\/\/travelshelper.com\/pt\/wp-json\/wp\/v2\/users\/1"}],"replies":[{"embeddable":true,"href":"https:\/\/travelshelper.com\/pt\/wp-json\/wp\/v2\/comments?post=14240"}],"version-history":[{"count":0,"href":"https:\/\/travelshelper.com\/pt\/wp-json\/wp\/v2\/pages\/14240\/revisions"}],"up":[{"embeddable":true,"href":"https:\/\/travelshelper.com\/pt\/wp-json\/wp\/v2\/pages\/24078"}],"wp:featuredmedia":[{"embeddable":true,"href":"https:\/\/travelshelper.com\/pt\/wp-json\/wp\/v2\/media\/3347"}],"wp:attachment":[{"href":"https:\/\/travelshelper.com\/pt\/wp-json\/wp\/v2\/media?parent=14240"}],"curies":[{"name":"wp","href":"https:\/\/api.w.org\/{rel}","templated":true}]}}