{"id":13934,"date":"2024-09-18T13:52:16","date_gmt":"2024-09-18T13:52:16","guid":{"rendered":"https:\/\/travelshelper.com\/staging\/?page_id=13934"},"modified":"2026-03-11T23:36:51","modified_gmt":"2026-03-11T23:36:51","slug":"lahti","status":"publish","type":"page","link":"https:\/\/travelshelper.com\/pt\/destinations\/europe\/finland\/lahti\/","title":{"rendered":"Lahti"},"content":{"rendered":"<p>Lahti, situada na margem sul do Lago Vesij\u00e4rvi, a cerca de 100 quil\u00f4metros a nordeste de Helsinque, destaca-se como uma cidade de contrastes moderados: uma heran\u00e7a industrial temperada por uma gest\u00e3o ambiental pioneira, um centro regional de 121.000 habitantes que pulsa no cruzamento das principais rodovias e ferrovias da Finl\u00e2ndia e um polo cultural cuja orquestra sinf\u00f4nica e arquitetura de vanguarda atraem visitantes de al\u00e9m de suas verdejantes serras de Salpausselk\u00e4. Em sua compacta \u00e1rea urbana, Lahti abrange o primeiro esker de Salpausselk\u00e4, colinas rochosas que se costuram em lagos fragmentados ao norte, e florestas ricas em argila e riachos sinuosos ao sul. Sua identidade, encapsulada por um bras\u00e3o representando uma roda de trem envolta em chamas, fala do nascimento da cidade no cruzamento da ferrovia Riihim\u00e4ki\u2013S\u00e3o Petersburgo \u2014 uma conflagra\u00e7\u00e3o de ind\u00fastria e aspira\u00e7\u00e3o que moldou seu car\u00e1ter desde o final do s\u00e9culo XIX.<\/p>\n<p>Situada no encontro da Rodovia 4 com a Rodovia 12, Lahti serve h\u00e1 muito tempo como um elo log\u00edstico entre Helsinque e Jyv\u00e4skyl\u00e4, Tampere e Kouvola, e para a R\u00fassia e a Finl\u00e2ndia Central, passando pelo Lago P\u00e4ij\u00e4nne. Sua pra\u00e7a do mercado e o moderno Centro de Viagens, conclu\u00eddo em 2016 ao lado da esta\u00e7\u00e3o ferrovi\u00e1ria de 1935, unem \u00f4nibus locais e de longa dist\u00e2ncia, trens urbanos e intermunicipais, e at\u00e9 mesmo estacionamentos automatizados, unindo mobilidade com renova\u00e7\u00e3o urbana. O trem Z VR de hora em hora para Helsinque, o trem G para Riihim\u00e4ki e os servi\u00e7os tr\u00eas vezes ao dia para Kouvola atestam o papel duradouro de Lahti como um nexo de transporte; propostas para novas paradas em Hennala e Karisto refletem ambi\u00e7\u00f5es de estender a conectividade dentro dos limites da cidade, mesmo com os planos para uma liga\u00e7\u00e3o direta para o leste, para Heinola ou Jyv\u00e4skyl\u00e4, aguardando um compromisso financeiro mais amplo.<\/p>\n<p>O tecido demogr\u00e1fico de Lahti \u00e9 t\u00e3o diversificado quanto seu relevo. No in\u00edcio de 2025, os 121.386 habitantes da cidade representavam cerca de dois por cento da popula\u00e7\u00e3o da Finl\u00e2ndia, com uma sub-regi\u00e3o mais ampla atingindo mais de 204.000 habitantes. O monolinguismo finland\u00eas prevalece \u2014 89,2% falam finland\u00eas como primeira l\u00edngua, enquanto os falantes de sueco somam menos de seiscentos \u2014, mas o bilinguismo funcional, ou trilinguismo, \u00e9 comum, nutrido pelo ensino obrigat\u00f3rio em ingl\u00eas e sueco. Pelo menos cem outras l\u00ednguas ecoam nas ruas de Lahti, lideradas pelo russo (2,8%), \u00e1rabe (1,1%), estoniano e ucraniano, testemunho de uma diversidade modesta, por\u00e9m apreci\u00e1vel, compar\u00e1vel \u00e0s m\u00e9dias nacionais fora da \u00e1rea metropolitana de Helsinque. Religiosamente, a Igreja Evang\u00e9lica Luterana mant\u00e9m uma maioria de pouco mais de sessenta por cento, enquanto 36,5% afirmam n\u00e3o ter filia\u00e7\u00e3o e comunidades menores comp\u00f5em o restante.<\/p>\n<p>Em termos clim\u00e1ticos, Lahti apresenta as caracter\u00edsticas de um regime continental \u00famido, com ver\u00f5es quentes \u2014 os dias de julho frequentemente ultrapassam os 23 \u00b0C, chegando a 35 \u00b0C durante a onda de calor de 2010 \u2014 e invernos que, embora longos e frequentemente cobertos de neve, amenizaram-se nas \u00faltimas d\u00e9cadas sob a influ\u00eancia do aquecimento global. A precipita\u00e7\u00e3o cai com relativa uniformidade ao longo do ano, diminuindo apenas na primavera e intensificando-se no outono e no in\u00edcio do inverno. As \u00e1guas pl\u00e1cidas do Vesij\u00e4rvi amenizam as oscila\u00e7\u00f5es de temperatura, enquanto o Pikku-Vesij\u00e4rvi, menor, aninhado ao lado do Lanu-puisto, oferece um contraste \u00edntimo com as vistas do lago maior.<\/p>\n<p>A situa\u00e7\u00e3o econ\u00f4mica de Lahti teve altos e baixos. Outrora apelidada de &#034;Chicago da Finl\u00e2ndia&#034; por suas hist\u00f3ricas ind\u00fastrias frigor\u00edficas e paralelos de dificuldades urbanas, Lahti sofreu uma grave retra\u00e7\u00e3o no in\u00edcio da d\u00e9cada de 1990, quando o colapso do com\u00e9rcio finland\u00eas-sovi\u00e9tico e a recess\u00e3o nacional eliminaram cerca de 20.000 empregos na ind\u00fastria, t\u00eaxteis e m\u00f3veis. De um ponto baixo de menos de 70.000 empregos regionais em 1993, a recupera\u00e7\u00e3o foi gradual \u2014 em 1999, o n\u00famero era de pouco menos de 80.000. No entanto, essa adversidade galvanizou uma reinven\u00e7\u00e3o: iniciativas ambientais que datam do final da d\u00e9cada de 1980 se consolidaram e resultaram no pr\u00eamio de Capital Verde da Europa em 2021, que representa o compromisso com as energias renov\u00e1veis, a redu\u00e7\u00e3o de res\u00edduos e o transporte sustent\u00e1vel.<\/p>\n<p>A ambi\u00e7\u00e3o cultural se manifesta em madeira e vidro. O Sibelius Hall, conclu\u00eddo em 2000 e concebido por Kimmo Lintula e Hannu Tikka, transforma uma antiga f\u00e1brica de carpintaria no maior edif\u00edcio de madeira da Finl\u00e2ndia em um s\u00e9culo. Seu Sal\u00e3o Principal, famoso por sua ac\u00fastica acolhedora, compartilha o espa\u00e7o com uma ala para congressos e o Forest Hall, de estrutura aberta, cujas janelas emolduram a extens\u00e3o de Vesij\u00e4rvi. A Sinfonia Lahti, orquestra residente do sal\u00e3o, recebeu reconhecimento internacional por suas interpreta\u00e7\u00f5es da obra de Jean Sibelius e muito mais, recebendo convites da BBC Radio 3 e concursos em todo o mundo. A cada ano, o calend\u00e1rio musical da cidade se desdobra para incluir o Festival de \u00d3rg\u00e3o na hist\u00f3rica pra\u00e7a do mercado, um encontro de jazz que reverbera pelas ruas de paralelep\u00edpedos e o pr\u00f3prio Festival Sibelius, que presta homenagem ao lend\u00e1rio compositor finland\u00eas em meio \u00e0 luz persistente do ver\u00e3o.<\/p>\n<p>Marcos de orgulho c\u00edvico estendem-se para al\u00e9m do Sibelius Hall. A C\u00e2mara Municipal de Eliel Saarinen, de 1911, projeta uma silhueta digna sobre as vias p\u00fablicas, enquanto a Igreja da Cruz (1978), de Alvar Aalto, exemplifica o seu austero modernismo em ab\u00f3badas de bet\u00e3o. A vener\u00e1vel Igreja de Nastola, de 1804, e a Igreja de Joutj\u00e4rvi remetem a \u00e9pocas anteriores, contrastando com o Teatro Municipal de Pekka Salminen, de 1983, e a Biblioteca de Arto Sipinen, de 1990, onde a luz e a madeira encerram as prateleiras e os leitores em silenciosa contempla\u00e7\u00e3o. O Pavilh\u00e3o do Piano (2008), de Gert Wing\u00e5rdh, e o Centro de Viagens JKMM, de 2016, acrescentam floreios contempor\u00e2neos, enquanto pequenas interven\u00e7\u00f5es dos vencedores do pr\u00e9mio Spirit of Wood, Kengo Kuma e Richard Leplastrier, articulam um di\u00e1logo cont\u00ednuo entre o design global e os materiais locais.<\/p>\n<p>Al\u00e9m da arquitetura e do transporte, as op\u00e7\u00f5es de lazer de Lahti se espalham por todos os bairros. Na \u00e1rea portu\u00e1ria, ao lado do Sibelius Hall, caf\u00e9s e bares se espalham pelos cal\u00e7ad\u00f5es, refletindo um esfor\u00e7o concentrado para reposicionar a orla como um ponto de encontro e conv\u00edvio. De l\u00e1, um barco a vapor preservado desliza por Vesij\u00e4rvi, proporcionando um vislumbre de casas \u00e0 beira-mar e praias cercadas por pinheiros. Radiom\u00e4ki, a colina de r\u00e1dio hom\u00f4nima da cidade, exibe um museu com os primeiros equipamentos de transmiss\u00e3o, ao lado de dois mastros de ondas longas que pontuam o horizonte, relembrando o papel de Lahti na eletrifica\u00e7\u00e3o rural e na hist\u00f3ria da m\u00eddia na Finl\u00e2ndia.<\/p>\n<p>Arte e hist\u00f3ria compartilham proximidade no centro da cidade: o Museu Hist\u00f3rico em Lahdenkatu mapeia o desenvolvimento municipal por meio de artefatos e exposi\u00e7\u00f5es, enquanto o Museu de Arte em Vesij\u00e4rvenkatu abriga exposi\u00e7\u00f5es rotativas de pintores finlandeses e internacionais. Entusiastas do automobilismo encontram o \u00fanico Museu de Motocicletas da Finl\u00e2ndia em Veist\u00e4m\u00f6nkatu, onde m\u00e1quinas reluzentes tra\u00e7am a evolu\u00e7\u00e3o das duas rodas, desde modelos pioneiros at\u00e9 cl\u00e1ssicos contempor\u00e2neos. Para as fam\u00edlias, o trem urbano Puksu percorre o porto de Vesij\u00e4rvi, o Parque Laune e um P\u00e1tio de Animais de Fazenda 4H, onde os animais do campo oferecem um contraponto pastoral \u00e0s ruas urbanas.<\/p>\n<p>Atividades ativas abundam no Centro Esportivo, onde colinas de salto de esqui dominam o horizonte e um museu registra a hist\u00f3rica tradi\u00e7\u00e3o dos esportes de inverno de Lahti. No ver\u00e3o, uma piscina externa se aninha na base do salto de esqui, com sua parte funda chegando a tr\u00eas metros abaixo da rampa imponente. Perto dali, o futebol no Est\u00e1dio Lahden ancora a temporada da Ykk\u00f6sliiga para o FC Lahti, enquanto o Parque Esportivo Kisapuisto convida para t\u00eanis, v\u00f4lei, beisebol e muito mais, em ambientes fechados e ao ar livre. O gin\u00e1sio municipal de nata\u00e7\u00e3o em Svinhufvudinkatu amplia o bem-estar aqu\u00e1tico com piscinas terap\u00eauticas, saunas a vapor e jacuzzis.<\/p>\n<p>Para excurs\u00f5es al\u00e9m dos limites da cidade, uma locomotiva a vapor transporta os entusiastas at\u00e9 Heinola por uma ferrovia desativada de 37 quil\u00f4metros, enquanto o aluguel de barcos no porto de Niemi \u2014 de barcos a remo a pranchas de stand-up paddle \u2014 coloca a tranquila enseada de Vesij\u00e4rvi \u00e0 disposi\u00e7\u00e3o dos h\u00f3spedes. Os cruzeiros P\u00e4ij\u00e4nneristeilyt se aventuram pelo canal V\u00e4\u00e4ksy at\u00e9 o Lago P\u00e4ij\u00e4nne, oferecendo op\u00e7\u00f5es de almo\u00e7o e jantar ou passeios de um dia inteiro at\u00e9 Heinola ou Jyv\u00e4skyl\u00e4, na extremidade oposta do lago. Trilhas no interior tamb\u00e9m convidam: a \u00e1rea de recrea\u00e7\u00e3o de Salpausselk\u00e4 oferece dezenas de quil\u00f4metros de trilhas para caminhadas, ciclismo e, no inverno, esqui cross-country.<\/p>\n<p>A \u00e1rea verde urbana se estende at\u00e9 o Parque Familiar Laune, onde as crian\u00e7as percorrem minicircuitos de tr\u00e2nsito de bicicleta e os brinquedos aqu\u00e1ticos convidam \u00e0 explora\u00e7\u00e3o sob o descanso atento dos pais. Em Pikku-Vesij\u00e4rvi, a fonte de \u00f3rg\u00e3o de \u00e1gua coreografa m\u00fasica e jatos todas as tardes, espalhando melodias sobre um pequeno anfiteatro de pedras. A Praia de Ankkuri, um quil\u00f4metro ao norte do porto, oferece op\u00e7\u00f5es de nata\u00e7\u00e3o em meio a vesti\u00e1rios e \u00e0 vegeta\u00e7\u00e3o litor\u00e2nea, com sua qualidade de \u00e1gua emblem\u00e1tica da gradual recupera\u00e7\u00e3o ecol\u00f3gica de Vesij\u00e4rvi.<\/p>\n<p>Festivais completam o ritmo anual de Lahti. O inverno traz os Jogos Salpaussel\u00e4n, um campeonato internacional de salto de esqui e de esqui n\u00f3rdico que atrai atletas e espectadores \u00e0s colinas imponentes do Centro Esportivo. O Classic Motor Show, na primavera, exibe carros e motocicletas colecion\u00e1veis \u200b\u200bda era de ouro do design americano, com seus cromados polidos e o ronco do V-oito enchendo o Lahti Hall com uma grandiosidade nost\u00e1lgica. Ao longo do ano, pequenos concertos, exposi\u00e7\u00f5es e encontros comunit\u00e1rios articulam uma vida c\u00edvica que equilibra a calma reflexiva com a energia laboriosa.<\/p>\n<p>A evolu\u00e7\u00e3o de Lahti, de um entroncamento ferrovi\u00e1rio incipiente a uma capital regional de cultura e sustentabilidade, ilustra tanto resili\u00eancia quanto reinven\u00e7\u00e3o. Suas largas avenidas, pontuadas por monumentos c\u00edvicos modernistas, margeiam florestas onde as serras de Salpausselk\u00e4 se arqueiam em dire\u00e7\u00e3o ao horizonte. Os cal\u00e7ad\u00f5es \u00e0 beira do lago, outrora dom\u00ednio de estivadores e galp\u00f5es de embalagem, agora abrigam saraus orquestrais e jantares de ver\u00e3o. Embora o legado de dificuldades persista nas f\u00e1bricas suburbanas e na mem\u00f3ria das crises econ\u00f4micas, Lahti teceu essa hist\u00f3ria em uma narrativa de renova\u00e7\u00e3o. A confian\u00e7a silenciosa da cidade n\u00e3o deriva de um espet\u00e1culo desenfreado, mas de um teor de autenticidade: preciso nos detalhes, sincero na observa\u00e7\u00e3o, humano no foco \u2014 um lugar onde o cintilar das rodas do trem no bras\u00e3o ainda ressoa sob os pinheiros, convidando os visitantes a olhar para al\u00e9m da ba\u00eda.<\/p>","protected":false},"excerpt":{"rendered":"<p>Lahti, uma cidade localizada na pitoresca regi\u00e3o de Lakeland, na Finl\u00e2ndia, exemplifica o legado cultural e o crescimento urbano contempor\u00e2neo do pa\u00eds. Localizada a cerca de 100 quil\u00f4metros a nordeste de Helsinque, a capital, Lahti funciona como capital regional de P\u00e4ij\u00e4t-H\u00e4me. Com uma popula\u00e7\u00e3o de cerca de 121.000 habitantes, \u00e9 o nono munic\u00edpio mais populoso da Finl\u00e2ndia e a sexta \u00e1rea urbana mais populosa do pa\u00eds. A sub-regi\u00e3o que abrange Lahti tem mais de 204.000 habitantes, destacando sua import\u00e2ncia como um importante polo populacional no sul da Finl\u00e2ndia.<\/p>","protected":false},"author":1,"featured_media":2921,"parent":13916,"menu_order":0,"comment_status":"closed","ping_status":"closed","template":"elementor_theme","meta":{"_eb_attr":"","footnotes":""},"class_list":["post-13934","page","type-page","status-publish","has-post-thumbnail"],"_links":{"self":[{"href":"https:\/\/travelshelper.com\/pt\/wp-json\/wp\/v2\/pages\/13934","targetHints":{"allow":["GET"]}}],"collection":[{"href":"https:\/\/travelshelper.com\/pt\/wp-json\/wp\/v2\/pages"}],"about":[{"href":"https:\/\/travelshelper.com\/pt\/wp-json\/wp\/v2\/types\/page"}],"author":[{"embeddable":true,"href":"https:\/\/travelshelper.com\/pt\/wp-json\/wp\/v2\/users\/1"}],"replies":[{"embeddable":true,"href":"https:\/\/travelshelper.com\/pt\/wp-json\/wp\/v2\/comments?post=13934"}],"version-history":[{"count":0,"href":"https:\/\/travelshelper.com\/pt\/wp-json\/wp\/v2\/pages\/13934\/revisions"}],"up":[{"embeddable":true,"href":"https:\/\/travelshelper.com\/pt\/wp-json\/wp\/v2\/pages\/13916"}],"wp:featuredmedia":[{"embeddable":true,"href":"https:\/\/travelshelper.com\/pt\/wp-json\/wp\/v2\/media\/2921"}],"wp:attachment":[{"href":"https:\/\/travelshelper.com\/pt\/wp-json\/wp\/v2\/media?parent=13934"}],"curies":[{"name":"wp","href":"https:\/\/api.w.org\/{rel}","templated":true}]}}