{"id":13857,"date":"2024-09-18T12:20:08","date_gmt":"2024-09-18T12:20:08","guid":{"rendered":"https:\/\/travelshelper.com\/staging\/?page_id=13857"},"modified":"2026-03-12T00:29:14","modified_gmt":"2026-03-12T00:29:14","slug":"bonn","status":"publish","type":"page","link":"https:\/\/travelshelper.com\/pt\/destinations\/europe\/germany\/bonn\/","title":{"rendered":"Bonn"},"content":{"rendered":"<p>Bonn, com pouco mais de 300.000 habitantes em 141 km\u00b2 em ambas as margens do Reno, fica 24 km ao sul-sudeste de Col\u00f4nia, na Ren\u00e2nia do Norte-Vestf\u00e1lia. Antiga capital provis\u00f3ria da Alemanha Ocidental de 1949 a 1990 \u2014 e sede do governo at\u00e9 1999 \u2014, esta cidade combina um papel na pol\u00edtica europeia com camadas de antiguidade. Fundada pelos \u00dabios no s\u00e9culo I a.C. e posteriormente incorporada \u00e0 estrutura da prov\u00edncia romana da Germ\u00e2nia Inferior, a malha urbana de Bonn carrega a marca de arcebispos, pr\u00edncipes-eleitores e minist\u00e9rios federais modernos.<\/p>\n<p>A ampla extens\u00e3o da hist\u00f3ria de Bonn come\u00e7a com sua posse romana. Vest\u00edgios arqueol\u00f3gicos tra\u00e7am o assentamento ao longo do Reno, onde antes havia uma fortifica\u00e7\u00e3o militar. Com o decl\u00ednio de Roma, a regi\u00e3o passou a ser dominada pelo Eleitorado de Col\u00f4nia no final do s\u00e9culo XVI. Por dois s\u00e9culos, arcebispos e pr\u00edncipes-eleitores moldaram a vida c\u00edvica em suas resid\u00eancias resplandecentes: o Kurf\u00fcrstliches Schloss, agora o n\u00facleo da Universidade de Bonn, e o Poppelsdorfer Schloss, cujos jardins bot\u00e2nicos sobrevivem como um jardim universit\u00e1rio. Em 1737, a Antiga Prefeitura da cidade foi erguida em estilo rococ\u00f3 na pra\u00e7a do mercado, sua fachada ornamentada um testemunho do florescimento barroco de Bonn sob Clemente Augusto da Baviera.<\/p>\n<p>Em transi\u00e7\u00e3o para a modernidade, Bonn adquiriu nova import\u00e2ncia em 1949, quando a Lei Fundamental, a constitui\u00e7\u00e3o alem\u00e3 do p\u00f3s-guerra, foi ratificada aqui. Historiadores frequentemente se referem \u00e0 era que se seguiu como a &#034;Rep\u00fablica de Bonn&#034;. A Bundeskanzlerplatz em Gronau marca o centro geogr\u00e1fico da cidade e testemunha esse per\u00edodo. Embora a capital tenha retornado a Berlim em 1999, Bonn manteve o status de Bundesstadt, abrigando assentos secund\u00e1rios do presidente, chanceler e Bundesrat. Aproximadamente um ter\u00e7o dos cargos ministeriais permanecem em Bonn, al\u00e9m dos escrit\u00f3rios principais de seis minist\u00e9rios federais e vinte autoridades. Esse arranjo reflete um compromisso pol\u00edtico sob a Lei Berlim-Bonn, garantindo o papel cont\u00ednuo de Bonn na governan\u00e7a nacional.<\/p>\n<p>A presen\u00e7a institucional de Bonn vai al\u00e9m dos minist\u00e9rios alem\u00e3es. Ela est\u00e1 entre os principais centros mundiais de organiza\u00e7\u00f5es internacionais, abrigando vinte \u00f3rg\u00e3os das Na\u00e7\u00f5es Unidas \u2014 mais do que qualquer outra cidade alem\u00e3. O secretariado da Conven\u00e7\u00e3o-Quadro das Na\u00e7\u00f5es Unidas sobre Mudan\u00e7as Clim\u00e1ticas, o secretariado da Conven\u00e7\u00e3o das Na\u00e7\u00f5es Unidas para o Combate \u00e0 Desertifica\u00e7\u00e3o e o programa de Volunt\u00e1rios da ONU mant\u00eam sedes aqui, atra\u00eddos pela rede de recursos acad\u00eamicos e diplom\u00e1ticos da cidade. A Universidade de Bonn, fundada em 1818, enriquece a cidade com bolsas de estudo e pesquisa, enquanto o legado da Deutsche Post DHL e da Deutsche Telekom \u2014 ambas listadas no DAX \u2014 ancora o perfil corporativo de Bonn.<\/p>\n<p>O compositor Ludwig van Beethoven nasceu em Bonngasse, pr\u00f3ximo \u00e0 pra\u00e7a do mercado. Seu local de nascimento, convertido em museu, preserva a modesta resid\u00eancia onde ele veio ao mundo em dezembro de 1770. Perto dali, ergue-se o Monumento a Beethoven na M\u00fcnsterplatz, com vista para a Catedral de Bonn, uma das estruturas eclesi\u00e1sticas mais antigas da Alemanha. Esses locais, situados em meio aos contornos do vale do Reno ao sul \u2014 uma das zonas clim\u00e1ticas mais quentes da Alemanha \u2014, atraem visitantes o ano todo, muitos durante o carnaval anual da Ren\u00e2nia, quando os costumes locais animam ruas e pra\u00e7as com desfiles de m\u00e1scaras e conjuntos musicais.<\/p>\n<p>Topograficamente, Bonn se estende por 15 km de norte a sul e 12,5 km de oeste a leste, com limites definidos pelo curso do Reno, o rio Sieg a nordeste e as Siebengebirge \u2014 as Sete Colinas \u2014 a leste. Quase tr\u00eas quartos da cidade ocupam a margem esquerda do Reno, o restante formando o Beuel na margem oposta. Ao sul e oeste, contrafortes arborizados baixos levam \u00e0 regi\u00e3o de Eifel e ao Parque Natural da Ren\u00e2nia; ao norte, a Plan\u00edcie de Col\u00f4nia se aplana em dire\u00e7\u00e3o ao Ruhr. Dentro da cidade, o Arboreto Park H\u00e4rle preserva esp\u00e9cimes de \u00e1rvores que datam de 1870, enquanto a reserva Kottenforst abrange cerca de 40 km\u00b2 de floresta protegida.<\/p>\n<p>Espa\u00e7os verdes p\u00fablicos s\u00e3o abundantes. O parque Rheinaue ocupa antigas plan\u00edcies aluviais ao longo do rio, com seus extensos gramados e canais servindo como um ref\u00fagio urbano. Ao lado, encontra-se o Alter Zoll, um antigo posto alfandeg\u00e1rio transformado em cal\u00e7ad\u00e3o. Nos arredores da universidade, o Jardim Bot\u00e2nico se estende da Poppelsdorfer Allee \u2014 uma avenida ladeada por castanheiras que antigamente abrigava o tr\u00e1fego de charretes \u2014 at\u00e9 os jardins do Castelo de Poppelsdorfer. Al\u00e9m disso, trilhas nas encostas do extinto vulc\u00e3o Rodderberg, oferecendo vistas panor\u00e2micas do vale do Reno, e caminhos que sobem o baixo Siebengebirge em dire\u00e7\u00e3o a K\u00f6nigswinter. Do outro lado do rio, balsas regulares e tr\u00eas pontes \u2014 Konrad-Adenauer-Br\u00fccke, Friedrich-Ebert-Br\u00fccke e Kennedybr\u00fccke \u2014 ligam as duas metades de Bonn.<\/p>\n<p>Dentro do Museumsmeile, cinco grandes institui\u00e7\u00f5es registram facetas da identidade alem\u00e3. A Haus der Geschichte narra os desenvolvimentos nacionais a partir de 1945, incorporando o pr\u00f3prio cap\u00edtulo de Bonn como capital da Alemanha Ocidental em suas galerias permanentes. O Kunstmuseum Bonn concentra-se no expressionismo renano e na arte do p\u00f3s-guerra, exibindo obras de August Macke, Joseph Beuys e Anselm Kiefer. No Bundeskunsthalle, exposi\u00e7\u00f5es exploram interse\u00e7\u00f5es entre arte, cultura e ci\u00eancia, enquanto o Museu Koenig apresenta hist\u00f3ria natural e pesquisa zool\u00f3gica nas mesmas salas onde o conselho parlamentar elaborou a Lei Fundamental. O Deutsches Museum Bonn oferece um panorama interativo das conquistas cient\u00edficas alem\u00e3s ap\u00f3s 1945. Espa\u00e7os complementares \u2014 o Rheinisches Landesmuseum, o museu da Casa Beethoven, o Museu das Mulheres, o Malermuseum e o Arithmeum \u2014 enriquecem o circuito cultural.<\/p>\n<p>A infraestrutura de transportes carrega a marca do papel regional de Bonn. O Aeroporto de Col\u00f4nia-Bonn, nomeado em homenagem a Konrad Adenauer, fica a 15 km a nordeste da cidade. Em 2015, movimentou mais de 10 milh\u00f5es de passageiros e ficou em s\u00e9timo lugar na Alemanha em volume de passageiros e em quinto em tr\u00e1fego combinado de carga e passageiros. Companhias a\u00e9reas e operadoras de frete mant\u00eam hor\u00e1rios 24 horas, facilitados pela rodovia A59 e uma liga\u00e7\u00e3o ferrovi\u00e1ria ao terminal. Dentro da cidade, a Bonn Hauptbahnhof atende mais de 67.000 passageiros di\u00e1rios em trens S-Bahn, IC e ICE; a esta\u00e7\u00e3o Siegburg\/Bonn na linha de alta velocidade Col\u00f4nia-Frankfurt fica a 25 minutos de dist\u00e2ncia pela Stadtbahn. A rede de bonde e trem leve Stadtbahn de Bonn compreende quatro linhas norte-sul e duas leste-oeste, complementadas por cerca de 30 linhas de \u00f4nibus sob a Verkehrsverbund Rhein-Sieg. Muitas linhas funcionam durante a noite nos fins de semana.<\/p>\n<p>As conex\u00f5es rodovi\u00e1rias incluem a A555 em dire\u00e7\u00e3o a Col\u00f4nia, a A59 em dire\u00e7\u00e3o a D\u00fcsseldorf e Duisburg, a A562 cruzando o Reno ao sul da cidade e a A565 conectando-se \u00e0 A61. Tr\u00eas rodovias federais \u2014 B9, B42 e B56 \u2014 atendem aos sub\u00farbios pr\u00f3ximos a um limite padr\u00e3o de 100 km\/h. O transporte fluvial opera atrav\u00e9s do porto de Graurheindorf, onde navios porta-cont\u00eaineres e fluviais movimentam meio milh\u00e3o de toneladas de carga por ano; barcos de passageiros operam em dire\u00e7\u00e3o a Col\u00f4nia e D\u00fcsseldorf.<\/p>\n<p>A vida econ\u00f4mica se estende de minist\u00e9rios e organismos internacionais a fabricantes tradicionais. A Deutsche Telekom e a Deutsche Post sediam aqui, juntamente com o Servi\u00e7o Alem\u00e3o de Interc\u00e2mbio Acad\u00eamico e a SolarWorld. A Universidade de Bonn e a empresa de servi\u00e7os p\u00fablicos local, Stadtwerke Bonn, est\u00e3o entre as maiores empregadoras da cidade. Empresas artesanais e aliment\u00edcias \u2014 o licor Verpoorten, a confeitaria Kessko, o \u00f3rg\u00e3o Klais e a f\u00e1brica de bandeiras de Bonn \u2014 preservam o artesanato regional.<\/p>\n<p>Demograficamente, Bonn contava com 327.913 habitantes em 2011, cerca de 70% de origem alem\u00e3 e 30% parcialmente n\u00e3o alem\u00e3es. Em 2020, sua popula\u00e7\u00e3o atingiu 330.000 habitantes, tornando-a a segunda maior cidade da Baixada de Col\u00f4nia, atr\u00e1s apenas da pr\u00f3pria Col\u00f4nia. Proje\u00e7\u00f5es de crescimento sugerem que Bonn ultrapassar\u00e1 Wuppertal e Bochum antes de 2030. Embora formalmente uma cidade com centenas de milhares de habitantes, Bonn mant\u00e9m uma escala intimista: ruas baixas, um centro hist\u00f3rico concentrado e caf\u00e9s e cervejarias estudantis que evocam uma atmosfera mediterr\u00e2nea, o que lhe rendeu o apelido informal de cidade mais setentrional da It\u00e1lia.<\/p>\n<p>Como base para excurs\u00f5es, Bonn facilita visitas a D\u00fcsseldorf, ao rom\u00e2ntico trecho do M\u00e9dio Reno, Patrim\u00f4nio Mundial, de Bingen a Koblenz, e aos lagos vulc\u00e2nicos do Eifel. Dentro dos limites da cidade, por\u00e9m, a mistura de heran\u00e7a pol\u00edtica, ambiente universit\u00e1rio, diplomacia das Na\u00e7\u00f5es Unidas e comemora\u00e7\u00e3o musical oferece um encontro duradouro com a hist\u00f3ria alem\u00e3. Nos sal\u00f5es das galerias, nos cal\u00e7ad\u00f5es ribeirinhos e sob as copas das castanheiras, Bonn se revela como uma cidade moldada por correntes \u2014 de \u00e1gua, pensamento e governan\u00e7a \u2014, mas alicer\u00e7ada em pedra e solo resistentes. Estadias prolongadas proporcionam o prazer tranquilo da rotina di\u00e1ria em meio a essa converg\u00eancia de \u00e9pocas.<\/p>\n<p>O car\u00e1ter da cidade emerge gradualmente: no colapso medido das colunas da catedral ao amanhecer, no eco das primeiras sonatas de Beethoven, no sil\u00eancio dos corredores do museu e no curso constante das barca\u00e7as do Reno sob pontes em arco. Bonn pede aten\u00e7\u00e3o em vez de exig\u00eancia; suas recompensas residem em revela\u00e7\u00f5es incrementais. \u00c0 medida que o dia cede lugar \u00e0 luz do entardecer, as torres da universidade e os escrit\u00f3rios federais adotam um calor suave, e o rio flui para o oeste em dire\u00e7\u00e3o ao mar, carregando vest\u00edgios de um antigo assentamento que, ao longo de dois mil\u00eanios, se adaptou e direcionou o curso da hist\u00f3ria. Nesse encontro entre passado e presente, Bonn afirma seu lugar entre as cidades europeias cuja import\u00e2ncia reside n\u00e3o no espet\u00e1culo, mas no desenvolvimento gradual da vida c\u00edvica.<\/p>","protected":false},"excerpt":{"rendered":"<p>Bonn, uma cidade federal situada \u00e0s margens do Rio Reno, na Ren\u00e2nia do Norte-Vestf\u00e1lia, Alemanha, com uma popula\u00e7\u00e3o de mais de 300.000 habitantes. Localizada a aproximadamente 24 quil\u00f4metros ao sul-sudeste de Col\u00f4nia, Bonn est\u00e1 estrategicamente posicionada no extremo sul da regi\u00e3o do Reno-Ruhr, a \u00e1rea metropolitana mais populosa da Alemanha e a segunda maior em PIB da Uni\u00e3o Europeia, com uma popula\u00e7\u00e3o superior a 11 milh\u00f5es de habitantes. Esta cidade, de import\u00e2ncia hist\u00f3rica e pol\u00edtica, foi fundamental na forma\u00e7\u00e3o da Alemanha contempor\u00e2nea, atuando como capital da Alemanha Ocidental de 1949 a 1990 e, posteriormente, como capital da Alemanha reunificada de 1990 a 1999, antes da transfer\u00eancia do governo para Berlim.<\/p>","protected":false},"author":1,"featured_media":2918,"parent":13736,"menu_order":0,"comment_status":"closed","ping_status":"closed","template":"elementor_theme","meta":{"_eb_attr":"","footnotes":""},"class_list":["post-13857","page","type-page","status-publish","has-post-thumbnail"],"_links":{"self":[{"href":"https:\/\/travelshelper.com\/pt\/wp-json\/wp\/v2\/pages\/13857","targetHints":{"allow":["GET"]}}],"collection":[{"href":"https:\/\/travelshelper.com\/pt\/wp-json\/wp\/v2\/pages"}],"about":[{"href":"https:\/\/travelshelper.com\/pt\/wp-json\/wp\/v2\/types\/page"}],"author":[{"embeddable":true,"href":"https:\/\/travelshelper.com\/pt\/wp-json\/wp\/v2\/users\/1"}],"replies":[{"embeddable":true,"href":"https:\/\/travelshelper.com\/pt\/wp-json\/wp\/v2\/comments?post=13857"}],"version-history":[{"count":0,"href":"https:\/\/travelshelper.com\/pt\/wp-json\/wp\/v2\/pages\/13857\/revisions"}],"up":[{"embeddable":true,"href":"https:\/\/travelshelper.com\/pt\/wp-json\/wp\/v2\/pages\/13736"}],"wp:featuredmedia":[{"embeddable":true,"href":"https:\/\/travelshelper.com\/pt\/wp-json\/wp\/v2\/media\/2918"}],"wp:attachment":[{"href":"https:\/\/travelshelper.com\/pt\/wp-json\/wp\/v2\/media?parent=13857"}],"curies":[{"name":"wp","href":"https:\/\/api.w.org\/{rel}","templated":true}]}}