{"id":13839,"date":"2024-09-18T11:58:16","date_gmt":"2024-09-18T11:58:16","guid":{"rendered":"https:\/\/travelshelper.com\/staging\/?page_id=13839"},"modified":"2026-03-12T00:28:38","modified_gmt":"2026-03-12T00:28:38","slug":"colonia","status":"publish","type":"page","link":"https:\/\/travelshelper.com\/pt\/destinations\/europe\/germany\/cologne\/","title":{"rendered":"Col\u00f4nia"},"content":{"rendered":"<p>Col\u00f4nia, com 1,08 milh\u00e3o de habitantes em seus 405 quil\u00f4metros quadrados e ancorada na margem ocidental do Baixo Reno, ocupa um corredor estrat\u00e9gico 35 quil\u00f4metros a sudeste de D\u00fcsseldorf e 25 quil\u00f4metros a noroeste de Bonn. Como a cidade mais populosa da Ren\u00e2nia do Norte-Vestf\u00e1lia e a quarta maior da Alemanha, ancora uma conurba\u00e7\u00e3o de mais de 3,5 milh\u00f5es de habitantes na regi\u00e3o de Col\u00f4nia-Bonn e forma um n\u00f3 crucial na \u00e1rea metropolitana polic\u00eantrica do Reno-Ruhr. Seu horizonte, dominado por torres e guindastes, reflete uma cidade moldada por mil\u00eanios de esfor\u00e7o e resili\u00eancia humanos.<\/p>\n<p>Um vest\u00edgio de suas origens romanas perdura no nome Col\u00f4nia Agripina, dado ao assentamento dos \u00dabios no s\u00e9culo I da Era Comum. S\u00e9culos mais tarde, como centro administrativo da Germ\u00e2nia Inferior e baluarte do poder militar romano, tornou-se um cruzamento de com\u00e9rcio e cultura. Ocupa\u00e7\u00f5es sucessivas pelos francos em 462, pelos franceses entre 1794 e 1815 e pelos brit\u00e2nicos ap\u00f3s 1918 deixaram marcas discretas no tecido urbano. A proemin\u00eancia medieval de Col\u00f4nia derivou de sua posi\u00e7\u00e3o em art\u00e9rias comerciais leste-oeste, como a Via R\u00e9gia e a Estrada Brabante, permitindo seu surgimento como uma cidade imperial livre e influente membro hanse\u00e1tico, cuja popula\u00e7\u00e3o rivalizava com a de Londres e Paris no final da Europa medieval.<\/p>\n<p>O apogeu medieval da cidade \u00e9 personificado de forma mais v\u00edvida pelo edif\u00edcio g\u00f3tico que ofusca o centro hist\u00f3rico: a catedral erguida para consagrar o Santu\u00e1rio dos Tr\u00eas Reis Magos. Concebida com a ambi\u00e7\u00e3o acalentada do s\u00e9culo XII e consagrada apenas em 1880, reinou como a estrutura mais alta do mundo por uma d\u00e9cada. Hoje, continua sendo a catedral mais alta e a terceira igreja mais alta do mundo, atraindo peregrinos e novos visitantes. Suas ab\u00f3badas imponentes, seus traceriados intrincados e o peso dos s\u00e9culos convidam \u00e0 reflex\u00e3o sobre a continuidade fundamental da aspira\u00e7\u00e3o humana.<\/p>\n<p>A silhueta de Col\u00f4nia \u00e9 ainda mais definida por uma constela\u00e7\u00e3o de doze igrejas rom\u00e2nicas, erguidas entre 1150 e 1250, cuja solidez austera contrasta com a verticalidade da catedral. Cada uma delas testemunha a devo\u00e7\u00e3o e o orgulho c\u00edvico de uma cidade cujas pedras sagradas mapeiam a intera\u00e7\u00e3o entre o mecenato local, a inova\u00e7\u00e3o arquitet\u00f4nica e a vida espiritual. Al\u00e9m dos monumentos eclesi\u00e1sticos, vest\u00edgios de fortifica\u00e7\u00f5es romanas e medievais pontuam o tra\u00e7ado das ruas: fragmentos de muralhas e torres da cidade, rel\u00edquias de port\u00f5es agora reaproveitados como limiares entre o passado e o presente. Atrav\u00e9s deles, os visitantes atravessam um palimpsesto arqueol\u00f3gico, onde o pr\u00f3prio solo registra transforma\u00e7\u00f5es de \u00e9poca.<\/p>\n<p>Essa transforma\u00e7\u00e3o assumiu uma magnitude tr\u00e1gica na Segunda Guerra Mundial. Os bombardeios aliados reduziram a popula\u00e7\u00e3o em 93% e destru\u00edram oito d\u00e9cimos do centro da cidade. A reconstru\u00e7\u00e3o subsequente combinou o modernismo dos anos 1950 com restaura\u00e7\u00f5es meticulosas de marcos hist\u00f3ricos. Consequentemente, apenas um em cada quatro edif\u00edcios \u00e9 anterior a 1945, mas cerca de nove mil estruturas mant\u00eam ou reproduzem fachadas hist\u00f3ricas, preservando um senso de continuidade. Alguns projetos de reconstru\u00e7\u00e3o \u2014 principalmente a \u00f3pera de Wilhelm Riphahn \u2014 tornaram-se marcos da arquitetura moderna, com suas linhas intransigentes afirmando a renova\u00e7\u00e3o n\u00e3o apenas por meio da replica\u00e7\u00e3o, mas tamb\u00e9m por meio de novas express\u00f5es c\u00edvicas.<\/p>\n<p>A Col\u00f4nia moderna se afirma como um polo de educa\u00e7\u00e3o, pesquisa, cultura e com\u00e9rcio. A Universidade de Col\u00f4nia, uma das institui\u00e7\u00f5es mais antigas da Europa, ancora um ecossistema acad\u00eamico que inclui a Universidade T\u00e9cnica de Col\u00f4nia e a Universidade Alem\u00e3 de Esportes. Tr\u00eas institutos Max Planck e a sede do Centro Aeroespacial Alem\u00e3o atestam um pr\u00f3spero polo de pesquisa. A sede da Lufthansa ilustra o papel da cidade na avia\u00e7\u00e3o, enquanto fabricantes de produtos qu\u00edmicos e automotivos sustentam sua base industrial. O Aeroporto de Col\u00f4nia-Bonn e a feira K\u00f6ln Messe consolidam seu status como um centro de tr\u00e2nsito e exposi\u00e7\u00f5es.<\/p>\n<p>Institui\u00e7\u00f5es culturais enriquecem ainda mais a vida c\u00edvica. Mais de trinta museus abrangem desde arqueologia at\u00e9 arte contempor\u00e2nea. O Museu Ludwig, ao lado da catedral, abriga uma renomada cole\u00e7\u00e3o de arte moderna; o Museu Wallraf-Richartz oferece um panorama da pintura medieval ao in\u00edcio do s\u00e9culo XX. O Museu Romano-Germ\u00e2nico preserva artefatos romanos, enquanto o museu etnol\u00f3gico Rautenstrauch-Joest explora culturas mundiais. Um MuseumsCard garante acesso a esses e outros locais ao longo de dois dias, dobrando o valor da passagem de transporte no primeiro dia. A arte eclesi\u00e1stica encontra express\u00e3o no Kolumba, o museu contemplativo de Peter Zumthor, constru\u00eddo sobre funda\u00e7\u00f5es medievais.<\/p>\n<p>Um ritmo de festivais anima o calend\u00e1rio. O Carnaval come\u00e7a anualmente em 11 de novembro, \u00e0s 11h11, crescendo em exuber\u00e2ncia at\u00e9 a folia de rua dos &#034;dias loucos&#034; que antecedem a Quarta-feira de Cinzas. Os bairros da cidade \u2014 nove Stadtbezirke subdivididos em Stadtteile \u2014 acolhem essas celebra\u00e7\u00f5es com o entusiasmo caracter\u00edstico. A Cidade Velha, ou Innenstadt, atravessa o Reno com Altstadt-Nord e Altstadt-S\u00fcd, circundada pelo anel de avenidas Gr\u00fcng\u00fcrtel. Neustadt-Nord e Neustadt-S\u00fcd abra\u00e7am o n\u00facleo em um crescente de avenidas do s\u00e9culo XIX. A leste do rio fica Deutz, um bairro que oferece vistas panor\u00e2micas da catedral do outro lado da \u00e1gua e abriga o terra\u00e7o Panorama do K\u00f6lnTriangle com vista para a metr\u00f3pole.<\/p>\n<p>Bairros fora do centro possuem caracter\u00edsticas distintas. Em Agnesviertel, butiques independentes e galerias de arte se aglomeram ao redor do Port\u00e3o Norte da Cidade, enquanto o ambiente bo\u00eamio se estende aos cinemas que exibem filmes em l\u00edngua original. O bairro estudantil de Kwartier Lat\u00e4ng, na Z\u00fclpicher Stra\u00dfe, pulsa com vida noturna e restaurantes de comida \u00e1rabe. O Bairro Belga oferece caf\u00e9s e lojas de design perto da Moltkestra\u00dfe, enquanto a energia multicultural de Ehrenfeld se desenvolve ao redor da K\u00f6rnerstra\u00dfe.<\/p>\n<p>Espa\u00e7os verdes ocupam mais de um quarto da cidade. O anel interno do Gr\u00fcng\u00fcrtel abriga o Volksgarten e o Stadtgarten, enquanto o Rheinpark, na margem leste, se estende em dire\u00e7\u00e3o a Deutz. O Parque Hiroshima-Nagasaki e outros convidam \u00e0 recrea\u00e7\u00e3o. O Flora, o jardim bot\u00e2nico adjacente ao zool\u00f3gico, apresenta casas tropicais e de cactos aguardando a conclus\u00e3o das reformas. O Jardim Zool\u00f3gico, fundado no s\u00e9culo XIX, abriga esp\u00e9cies de todo o mundo e contribui para a pesquisa e a conserva\u00e7\u00e3o.<\/p>\n<p>Al\u00e9m dos modais terrestres, o pr\u00f3prio Reno serve como via de comunica\u00e7\u00e3o e atra\u00e7\u00e3o. Os portos operados pela HGK facilitam o transporte fluvial. Pontes \u2014 principalmente a Hohenzollern, coberta por cadeados \u2014 conectam margens e sinalizam o status de Col\u00f4nia como um nexo. A rede ferrovi\u00e1ria concentra-se na K\u00f6ln Hauptbahnhof, oferecendo conex\u00f5es InterCity e ICE para Frankfurt, Berlim, Amsterd\u00e3, Bruxelas e Paris. Os planos de alta velocidade para Londres permanecem n\u00e3o concretizados. As conex\u00f5es Stadtbahn e S-Bahn interligam centros urbanos adjacentes, enquanto \u00f4nibus e linhas de \u00f4nibus complementam a mobilidade local.<\/p>\n<p>O roteiro da cidade reflete as ambi\u00e7\u00f5es do in\u00edcio do s\u00e9culo XX: a Bundesautobahn 555, a primeira rodovia de acesso limitado da Alemanha, data do final da d\u00e9cada de 1920, e um anel vi\u00e1rio completo circunda Col\u00f4nia desde 1965. As rodovias urbanas planejadas encontraram resist\u00eancia ambiental, deixando a B 55a como uma stadtautobahn parcial. Uma via expressa norte-sul foi conclu\u00edda no in\u00edcio da d\u00e9cada de 1970. Apesar dessa infraestrutura, as ciclovias permanecem limitadas em rela\u00e7\u00e3o a outras cidades alem\u00e3s, uma disparidade observada pelas associa\u00e7\u00f5es nacionais de ciclistas.<\/p>\n<p>A popula\u00e7\u00e3o de Col\u00f4nia atingiu a marca de um milh\u00e3o pela primeira vez em 1975 \u2014 temporariamente refor\u00e7ada por expans\u00f5es municipais \u2014 e definitivamente em 2009. No n\u00facleo urbano, a densidade populacional \u00e9 de 2.700 pessoas por quil\u00f4metro quadrado. Uma heran\u00e7a religiosa diversificada persiste: cerca de 35% dos moradores s\u00e3o filiados \u00e0 Igreja Cat\u00f3lica e 15% a denomina\u00e7\u00f5es protestantes. As primeiras tradi\u00e7\u00f5es crist\u00e3s remontam aos soldados romanos e ao primeiro bispado da cidade. Entre os ex-alunos da escola da catedral medieval est\u00e1 Tom\u00e1s de Aquino, que estudou com Alberto Magno em 1244.<\/p>\n<p>Ao longo de sua hist\u00f3ria multifacetada, Col\u00f4nia manteve um car\u00e1ter duplo: capital cultural e centro econ\u00f4mico. Seguradoras e empresas de m\u00eddia competem com a pesquisa e a ind\u00fastria pela supremacia. Feiras, festivais e um fluxo constante de visitantes sustentam uma economia de servi\u00e7os cujo sabor local deriva de s\u00e9culos de abertura e adapta\u00e7\u00e3o. Essa atmosfera perdura nos bairros compactos da cidade, nos cal\u00e7ad\u00f5es ribeirinhos e nas fachadas centen\u00e1rias entrela\u00e7adas em quarteir\u00f5es modernos.<\/p>\n<p>Col\u00f4nia oferece sua narrativa atrav\u00e9s da pedra e da rua, do museu e do mercado, da busca acad\u00eamica e da celebra\u00e7\u00e3o espirituosa. Uma cidade resiliente \u00e0 destrui\u00e7\u00e3o causada pela guerra, receptiva \u00e0 inova\u00e7\u00e3o e atenta \u00e0 sua heran\u00e7a cultural, ela convida o viajante a observar n\u00e3o apenas seus marcos, mas tamb\u00e9m as correntes sob eles: a conflu\u00eancia entre hist\u00f3ria e presente, tradi\u00e7\u00e3o e transforma\u00e7\u00e3o, que definem a metr\u00f3pole mais antiga da Europa \u00e0s margens do Reno. Apesar de toda a sua magnitude, ela continua sendo um lugar onde o encontro individual com a arquitetura, o rio e o bairro proporciona insights sobre a vida em camadas de uma cidade duradoura.<\/p>","protected":false},"excerpt":{"rendered":"<p>Col\u00f4nia, a cidade mais populosa da Ren\u00e2nia do Norte-Vestf\u00e1lia, exemplifica a intrincada intera\u00e7\u00e3o entre a hist\u00f3ria europeia e o crescimento urbano contempor\u00e2neo. Localizada na margem ocidental do Rio Reno, esta cidade tem cerca de 1,1 milh\u00e3o de habitantes dentro de seus limites, embora a regi\u00e3o metropolitana de Col\u00f4nia-Bonn tenha uma popula\u00e7\u00e3o superior a 3,1 milh\u00f5es. Essa proemin\u00eancia demogr\u00e1fica posiciona Col\u00f4nia como a quarta cidade mais populosa da Alemanha, enfatizando sua relev\u00e2ncia no contexto nacional. Al\u00e9m disso, a localiza\u00e7\u00e3o estrat\u00e9gica de Col\u00f4nia dentro da regi\u00e3o metropolitana do Reno-Ruhr, a segunda maior em PIB da Uni\u00e3o Europeia, consolida seu papel como uma entidade econ\u00f4mica significativa em n\u00edvel continental.<\/p>","protected":false},"author":1,"featured_media":2737,"parent":13736,"menu_order":0,"comment_status":"closed","ping_status":"closed","template":"elementor_theme","meta":{"_eb_attr":"","footnotes":""},"class_list":["post-13839","page","type-page","status-publish","has-post-thumbnail"],"_links":{"self":[{"href":"https:\/\/travelshelper.com\/pt\/wp-json\/wp\/v2\/pages\/13839","targetHints":{"allow":["GET"]}}],"collection":[{"href":"https:\/\/travelshelper.com\/pt\/wp-json\/wp\/v2\/pages"}],"about":[{"href":"https:\/\/travelshelper.com\/pt\/wp-json\/wp\/v2\/types\/page"}],"author":[{"embeddable":true,"href":"https:\/\/travelshelper.com\/pt\/wp-json\/wp\/v2\/users\/1"}],"replies":[{"embeddable":true,"href":"https:\/\/travelshelper.com\/pt\/wp-json\/wp\/v2\/comments?post=13839"}],"version-history":[{"count":0,"href":"https:\/\/travelshelper.com\/pt\/wp-json\/wp\/v2\/pages\/13839\/revisions"}],"up":[{"embeddable":true,"href":"https:\/\/travelshelper.com\/pt\/wp-json\/wp\/v2\/pages\/13736"}],"wp:featuredmedia":[{"embeddable":true,"href":"https:\/\/travelshelper.com\/pt\/wp-json\/wp\/v2\/media\/2737"}],"wp:attachment":[{"href":"https:\/\/travelshelper.com\/pt\/wp-json\/wp\/v2\/media?parent=13839"}],"curies":[{"name":"wp","href":"https:\/\/api.w.org\/{rel}","templated":true}]}}