{"id":13445,"date":"2024-09-17T17:54:42","date_gmt":"2024-09-17T17:54:42","guid":{"rendered":"https:\/\/travelshelper.com\/staging\/?page_id=13445"},"modified":"2026-03-12T22:11:36","modified_gmt":"2026-03-12T22:11:36","slug":"servia","status":"publish","type":"page","link":"https:\/\/travelshelper.com\/pt\/destinations\/europe\/serbia\/","title":{"rendered":"S\u00e9rvia"},"content":{"rendered":"<p>A S\u00e9rvia apresenta-se como uma rep\u00fablica soberana com aproximadamente 6,6 milh\u00f5es de habitantes (excluindo Kosovo), espalhados por cerca de 88.499 quil\u00f4metros quadrados no cora\u00e7\u00e3o da Pen\u00ednsula Balc\u00e2nica, fazendo fronteira com a Hungria ao norte, a Rom\u00eania a nordeste, a Bulg\u00e1ria a sudeste, a Maced\u00f4nia do Norte ao sul, a Cro\u00e1cia e a B\u00f3snia e Herzegovina a oeste e Montenegro a sudoeste. Situada entre as latitudes 41\u00b0 e 47\u00b0 N e as longitudes 18\u00b0 e 23\u00b0 E, esta na\u00e7\u00e3o sem litoral ocupa um cruzamento entre a Europa Central e a do Sudeste, oferecendo uma complexa mistura de terrenos que abrange desde as plan\u00edcies f\u00e9rteis da Voivodina, ao norte, at\u00e9 os picos imponentes das cadeias montanhosas Din\u00e1rica e dos C\u00e1rpatos, ao sul.<\/p>\n<p>Habitado continuamente desde o Paleol\u00edtico, o territ\u00f3rio da S\u00e9rvia moderna absorveu sucessivas ondas de colonos eslavos durante o s\u00e9culo VI d.C., lan\u00e7ando as bases para uma pol\u00edtica eslava que se cristalizaria em reinos e principados medievais. Em 1217, o reconhecimento tanto da Santa S\u00e9 quanto de Constantinopla elevou o reino s\u00e9rvio \u00e0 categoria de reino, que, sob Du\u0161an, o Poderoso, atingiu seu apogeu em 1346 como um imp\u00e9rio que abrangia grandes \u00e1reas dos B\u00e1lc\u00e3s. A conquista otomana em meados do s\u00e9culo XVI aniquilou essa independ\u00eancia, embora incurs\u00f5es intermitentes dos Habsburgos vindas do oeste tenham preservado enclaves cat\u00f3licos na plan\u00edcie da Pan\u00f4nia, na Voivodina.<\/p>\n<p>O alvorecer do s\u00e9culo XIX viu a Revolu\u00e7\u00e3o S\u00e9rvia forjar a primeira monarquia constitucional moderna da regi\u00e3o, cuja jurisdi\u00e7\u00e3o se expandiu continuamente at\u00e9 que, ap\u00f3s a Primeira Guerra Mundial, o Reino da S\u00e9rvia se fundiu com as terras vizinhas eslavas do sul para formar o primeiro estado iugoslavo. D\u00e9cadas de federa\u00e7\u00f5es unit\u00e1rias e socialistas se seguiram, apenas para se fragmentarem durante a tumultuada d\u00e9cada de 1990. Uma separa\u00e7\u00e3o pac\u00edfica final de Montenegro em 2006 restaurou a plena soberania da S\u00e9rvia, enquanto a declara\u00e7\u00e3o unilateral de independ\u00eancia pela assembleia de maioria albanesa do Kosovo em 2008 permanece n\u00e3o reconhecida por Belgrado, que considera Kosovo um distrito administrativo sob supervis\u00e3o compartilhada.<\/p>\n<p>Geograficamente, o ter\u00e7o norte da S\u00e9rvia situa-se sob a vastid\u00e3o alt\u00edssima da Plan\u00edcie da Pan\u00f4nia, com seus solos argilosos entrecortados pelas \u00e1guas dos rios Dan\u00fabio, Tisza e Begej. Ao sul, colinas ondulantes d\u00e3o lugar aos Alpes Din\u00e1ricos ao longo da fronteira oeste, aos C\u00e1rpatos e aos B\u00e1lc\u00e3s ao longo do leste e aos antigos planaltos dos R\u00f3dopes no sudeste. As eleva\u00e7\u00f5es v\u00e3o do pico Mid\u017eor, nas Montanhas Balc\u00e2nicas, a 2.169 metros \u2014 o ponto mais alto da S\u00e9rvia, excluindo Kosovo \u2014, a apenas 17 metros acima do n\u00edvel do mar em Prahovo, no Dan\u00fabio. O curso de \u00e1gua mais longo do pa\u00eds, o Dan\u00fabio, percorre 587 quil\u00f4metros por seu territ\u00f3rio, criando art\u00e9rias econ\u00f4micas que conectam a Europa Central ao Mar Negro e al\u00e9m. O Lago \u0110erdap, com 163 quil\u00f4metros quadrados, \u00e9 o maior reservat\u00f3rio artificial da S\u00e9rvia, aproveitando o fluxo do Dan\u00fabio no desfiladeiro do Port\u00e3o de Ferro.<\/p>\n<p>Em termos clim\u00e1ticos, a S\u00e9rvia ocupa uma zona de transi\u00e7\u00e3o moldada pela continentalidade eurasiana, frentes atl\u00e2nticas e correntes mediterr\u00e2nicas. As temperaturas m\u00e9dias oscilam em torno de 0 \u00b0C em janeiro e atingem cerca de 22 \u00b0C em julho, delineando um clima continental quente-\u00famido no norte e um regime mais subtropical com ver\u00f5es mais secos no sul. A topografia irregular canaliza o vento Ko\u0161ava, uma rajada feroz que se acelera atrav\u00e9s do Port\u00e3o de Ferro em dire\u00e7\u00e3o a Belgrado, onde pode agitar os telhados da cidade e a superf\u00edcie do Dan\u00fabio. Planaltos como Pe\u0161ter suportam invernos rigorosos sob picos circundantes, enquanto a influ\u00eancia do Adri\u00e1tico suaviza as condi\u00e7\u00f5es nos vales do sul.<\/p>\n<p>Em termos demogr\u00e1ficos, o censo de 2022 registrou 6.647.003 habitantes (excluindo Kosovo), resultando em uma densidade m\u00e9dia de 85,8 habitantes por quil\u00f4metro quadrado. O decl\u00ednio demogr\u00e1fico persistente desde a d\u00e9cada de 1990 fez com que as taxas de natalidade ca\u00edssem abaixo da mortalidade e a emigra\u00e7\u00e3o reduzisse a popula\u00e7\u00e3o em centenas de milhares, principalmente entre os jovens adultos com alto n\u00edvel de escolaridade. Com uma m\u00e9dia de idade de 43,3 anos, a S\u00e9rvia est\u00e1 entre as sociedades mais envelhecidas da Europa. Fam\u00edlias unipessoais constituem um quinto de todas as moradias, a expectativa de vida \u00e9 de 76,1 anos e a di\u00e1spora emigrada mant\u00e9m fortes la\u00e7os com a terra natal.<\/p>\n<p>A Constitui\u00e7\u00e3o consagra o secularismo e a liberdade religiosa, embora a identidade da S\u00e9rvia permane\u00e7a intimamente ligada \u00e0 Igreja Ortodoxa S\u00e9rvia. Aproximadamente 84,5% dos habitantes se identificam como crist\u00e3os ortodoxos, incluindo s\u00e9rvios, romenos, val\u00e1quios e outras minorias. Comunidades isl\u00e2micas, cat\u00f3licas e protestantes t\u00eam suas ra\u00edzes nas migra\u00e7\u00f5es otomana, austro-h\u00fangara e moderna, enriquecendo o mosaico religioso do pa\u00eds.<\/p>\n<p>Em termos de l\u00edngua, o s\u00e9rvio reina como a \u00fanica l\u00edngua oficial, falado nativamente por cerca de 88% da popula\u00e7\u00e3o. \u00danico entre as l\u00ednguas europeias, o s\u00e9rvio emprega as escritas cir\u00edlica e latina; a constitui\u00e7\u00e3o nomeia o cir\u00edlico como a &#034;escrita oficial&#034;, embora a prefer\u00eancia do p\u00fablico seja quase igualmente dividida.<\/p>\n<p>Economicamente, a S\u00e9rvia \u00e9 classificada como uma economia de mercado de renda m\u00e9dia-alta, com PIB nominal em 2024 estimado em US$ 81,9 bilh\u00f5es (aproximadamente US$ 12.385 per capita) e PIB de paridade de poder de compra em US$ 185 bilh\u00f5es (US$ 27.985 per capita). Os servi\u00e7os impulsionam 67,9% da produ\u00e7\u00e3o, a ind\u00fastria responde por 26,1% e a agricultura contribui com cerca de 6%. Um legado de pesquisa e investimento em defesa da era iugoslava \u2014 sua ind\u00fastria de armamentos continua sendo a principal exportadora dos Balc\u00e3s Ocidentais e a vig\u00e9sima quinta maior do mundo, gerando mais de US$ 1,6 bilh\u00e3o em 2023 \u2014 complementa uma base industrial diversificada que abrange componentes automotivos, minera\u00e7\u00e3o, processamento de alimentos e produtos farmac\u00eauticos. O dinar s\u00e9rvio, administrado pelo Banco Nacional da S\u00e9rvia, sustenta a estabilidade monet\u00e1ria; a Bolsa de Valores de Belgrado, embora modesta, com uma capitaliza\u00e7\u00e3o de mercado de US$ 8,65 bilh\u00f5es, ancora os mercados de capitais por meio de seu \u00edndice BELEX15. Em indicadores internacionais, a S\u00e9rvia ocupa o quinquag\u00e9simo segundo lugar no \u00cdndice de Progresso Social e o quinquag\u00e9simo quarto lugar no \u00cdndice de Paz Global.<\/p>\n<p>A infraestrutura da S\u00e9rvia capitaliza sua posi\u00e7\u00e3o estrat\u00e9gica na encruzilhada leste-oeste e norte-sul da Europa. O Vale do Morava fornece um corredor terrestre natural da Europa continental \u00e0 \u00c1sia Menor. A malha rodovi\u00e1ria se estende por 45.419 quil\u00f4metros \u2014 dos quais 962 quil\u00f4metros s\u00e3o autoestradas \u2014 embora a falta de manuten\u00e7\u00e3o ao longo de duas d\u00e9cadas tenha deixado muitas rotas secund\u00e1rias abaixo dos padr\u00f5es da Europa Ocidental. Investimentos recentes adicionaram mais de 300 quil\u00f4metros de autoestradas, com novos trechos da A2 e A5 em constru\u00e7\u00e3o. O transporte rodovi\u00e1rio de passageiros conecta at\u00e9 mesmo as aldeias mais remotas a centros regionais, enquanto a propriedade de autom\u00f3veis particulares atinge um carro para cada 3,5 habitantes.<\/p>\n<p>Os 3.819 quil\u00f4metros de linhas ferrovi\u00e1rias da S\u00e9rvia, 1.279 quil\u00f4metros eletrificados, ligam Belgrado e Ni\u0161 a Budapeste, Bar, Zagreb, S\u00f3fia e Tessal\u00f4nica ao longo de corredores pan-europeus. A ferrovia de alta velocidade Belgrado-Novi Sad, com 75 quil\u00f4metros de extens\u00e3o, inaugurada em 2022, agora se estende at\u00e9 Subotica, com uma nova expans\u00e3o para Ni\u0161 programada para conectar as quatro maiores cidades do pa\u00eds at\u00e9 o final da d\u00e9cada. Os servi\u00e7os de passageiros da Srbija Voz e de carga da Srbija Kargo complementam as art\u00e9rias ferrovi\u00e1rias.<\/p>\n<p>As viagens a\u00e9reas passam por tr\u00eas aeroportos internacionais, liderados pelo Aeroporto Nikola Tesla de Belgrado, que movimentou 2,75 milh\u00f5es de passageiros em 2022. A companhia a\u00e9rea Air Serbia conecta Belgrado a cerca de 80 destinos em 32 pa\u00edses, incluindo rotas intercontinentais para Nova York, Chicago e Tianjin. As hidrovias interiores, centradas no Dan\u00fabio, mas tamb\u00e9m nos rios Sava, Tisza e Begej, sustentam mais de 1.700 quil\u00f4metros de canais naveg\u00e1veis, movimentando mais de oito milh\u00f5es de toneladas de carga em 2018. Os portos fluviais de Novi Sad, Belgrado, Pan\u010devo e outros conectam a S\u00e9rvia ao Mar do Norte, atrav\u00e9s do Canal Reno-Meno-Dan\u00fabio, e ao Mar Negro, atrav\u00e9s do Port\u00e3o de Ferro.<\/p>\n<p>O turismo, embora modesto em volume em compara\u00e7\u00e3o com os vizinhos costeiros, oferece uma variedade de spas termais, resorts de montanha e centros urbanos vibrantes. Em 2019, mais de 3,6 milh\u00f5es de h\u00f3spedes se hospedaram em acomoda\u00e7\u00f5es registradas, metade dos quais vieram do exterior, gerando cerca de US$ 1,5 bilh\u00e3o em divisas. Visitantes dom\u00e9sticos lotam Kopaonik, Stara Planina e Zlatibor para esportes de inverno e recrea\u00e7\u00e3o de ver\u00e3o, enquanto Vrnja\u010dka Banja, Soko Banja e Banja Kovilja\u010da atraem os buscadores de spa para fontes termais. Belgrado e Novi Sad atraem dois ter\u00e7os dos turistas estrangeiros, e seus festivais culturais \u2014 EXIT em Novi Sad e o festival de trompete Gu\u010da \u2014 atraem a aten\u00e7\u00e3o internacional. Espet\u00e1culos naturais remotos, como a forma\u00e7\u00e3o rochosa \u0110avolja Varo\u0161, rotas de peregrina\u00e7\u00e3o ortodoxa para mosteiros medievais e cruzeiros pelo Dan\u00fabio ao longo do Port\u00e3o de Ferro, diversificam ainda mais as ofertas da S\u00e9rvia.<\/p>\n<p>S\u00e9culos de altern\u00e2ncia de dom\u00ednio helen\u00edstico, romano, bizantino, otomano e habsburgo forjaram um dualismo cultural: as plan\u00edcies do norte do pa\u00eds exibem afinidades com a Europa Central, da arquitetura barroca \u00e0 coexist\u00eancia multi\u00e9tnica, enquanto as terras altas do sul ecoam tradi\u00e7\u00f5es balc\u00e2nicas e mediterr\u00e2neas mais amplas. Influ\u00eancias venezianas permearam o com\u00e9rcio e a literatura medievais, deixando vest\u00edgios espor\u00e1dicos na arte e na arquitetura de influ\u00eancia costeira.<\/p>\n<p>O reconhecimento pela UNESCO destaca a heran\u00e7a da S\u00e9rvia. Cinco Patrim\u00f4nios Mundiais abrangem a capital medieval de Stari Ras, com o mosteiro de Sopo\u0107ani, o complexo Studenica do s\u00e9culo XII, o pal\u00e1cio romano de Gamzigrad-Felix Romuliana, as l\u00e1pides medievais de Ste\u0107ci e os mosteiros amea\u00e7ados de extin\u00e7\u00e3o do Kosovo, incluindo Visoki De\u010dani, Gra\u010danica e o Mosteiro Patriarcal de Pe\u0107. O Registro da Mem\u00f3ria do Mundo preserva o Evangelho de Miroslav, os arquivos de Nikola Tesla, o telegrama de declara\u00e7\u00e3o de guerra austro-h\u00fangaro e os documentos de funda\u00e7\u00e3o do secretariado do Movimento dos Pa\u00edses N\u00e3o Alinhados. Itens do patrim\u00f4nio imaterial \u2014 venera\u00e7\u00e3o \u00e0 padroeira slava, dan\u00e7a folcl\u00f3rica kolo, canto de baladas gusle, cer\u00e2mica Zlakusa, destila\u00e7\u00e3o slivovitz e pintores na\u00eff de Kova\u010dica \u2014 atestam tradi\u00e7\u00f5es comunit\u00e1rias duradouras.<\/p>\n<p>As delimita\u00e7\u00f5es regionais dividem a S\u00e9rvia em Belgrado; Podunavlje; Podrinje; \u0160umadija, famosa por suas ma\u00e7\u00e3s, uvas e ameixas; e a prov\u00edncia multi\u00e9tnica de Voivodina, lar de mosteiros ortodoxos, museus de estilo austro-h\u00fangaro e o campo de dunas Deliblatska Pe\u0161\u010dara. Kosovo, embora reivindicado pela S\u00e9rvia, funciona como uma rep\u00fablica independente de fato, com suas pr\u00f3prias atra\u00e7\u00f5es, desde mesquitas da era otomana at\u00e9 trilhas alpinas.<\/p>\n<p>Os centros urbanos enriquecem ainda mais o mosaico nacional. Belgrado, a capital e maior cidade, situa-se na conflu\u00eancia dos rios Sava e Dan\u00fabio, com suas camadas de fortifica\u00e7\u00f5es romanas, otomanas e austro-h\u00fangaras pontuadas por bairros contempor\u00e2neos de vida noturna ao longo das margens do rio. Kragujevac, sede da primeira capital moderna da S\u00e9rvia, equilibra a produ\u00e7\u00e3o industrial com institui\u00e7\u00f5es culturais; o vizinho Lago Gru\u017eansko convida \u00e0 reflex\u00e3o tranquila. Kraljevo, aninhado entre os rios Morava e Ibar, preside o mosteiro de \u017di\u010da, uma igreja medieval de coroa\u00e7\u00e3o e fontes termais adjacentes. Ni\u0161, local de nascimento de Constantino, o Grande, aproveita sua posi\u00e7\u00e3o estrat\u00e9gica como um nexo de transporte e cultiva suas instala\u00e7\u00f5es universit\u00e1rias e m\u00e9dicas ao lado de s\u00edtios hist\u00f3ricos como o spa Ni\u0161ka Banja e a antiga fortaleza de Ni\u0161. Novi Sad, aclamada como a &#034;Atenas S\u00e9rvia&#034;, margeia o Dan\u00fabio com edif\u00edcios barrocos, abriga o recinto festivo da fortaleza de Petrovaradin e \u00e9 vizinha de Fru\u0161ka Gora, cujos vinhedos ondulantes e s\u00edtios mon\u00e1sticos lhe renderam o apelido de &#034;Segunda Montanha Sagrada&#034;. Po\u017earevac, uma das cidades mais antigas da S\u00e9rvia, fica ao lado de Velika Morava e perto da cidade fronteiri\u00e7a romana de Viminacium, enquanto a Prefeitura em estilo art nouveau de Subotica tem vista para os cal\u00e7ad\u00f5es de ver\u00e3o do Lago Pali\u0107. Sremska Mitrovica relembra seu passado romano como Sirmium, resid\u00eancia imperial no s\u00e9culo IV, e Vr\u0161ac ancora colinas cobertas de videiras perto da fronteira com a Rom\u00eania.<\/p>\n<p>Al\u00e9m das cidades, cidades termais como Sokobanja, situadas entre os picos de Rtanj e Ozren, atraem visitantes para fontes minerais e encostas arborizadas; as densas florestas do Parque Nacional de Tara, cavernas de calc\u00e1rio e desfiladeiros do Rio Drina oferecem vida selvagem e bem-estar; os pastos e aldeias \u00e9tnicas de Zlatibor exibem a vida rural no topo de seu planalto de 1.000 metros.<\/p>\n<p>A culin\u00e1ria s\u00e9rvia reflete sua conflu\u00eancia cultural com pratos herdados do dom\u00ednio otomano e da governan\u00e7a austro-h\u00fangara. As carnes reinam supremas: \u0107evap\u010di\u0107i, lingui\u00e7as mo\u00eddas grelhadas; pljeskavica, hamb\u00fargueres de carne temperados; sarma, rolinhos de repolho; e o ic\u00f4nico Kara\u0111or\u0111eva \u0161nicla. Past\u00e9is burek, tortas de queijo gibanica e sopas pasulj \u00e0 base de feij\u00e3o refletem tradi\u00e7\u00f5es camponesas ainda saboreadas em mesas festivas. P\u00e3o e sal d\u00e3o as boas-vindas aos h\u00f3spedes com hospitalidade ritual, enquanto o slivovitz \u00e0 base de damasco \u2014 a rakia orgulhosa da S\u00e9rvia \u2014 ganhou o status de patrim\u00f4nio imaterial da UNESCO em 2021. Os vinhedos se estendem por 22 denomina\u00e7\u00f5es, produzindo vinhos predominantemente brancos, enquanto cervejas nacionais como Jelen e Lav espumam nas tavernas. A cultura do caf\u00e9, herdada das cafeterias otomanas, perdura na forma do caf\u00e9 s\u00e9rvio forte e n\u00e3o filtrado, servido em pequenas x\u00edcaras em todos os caf\u00e9s.<\/p>\n<p>Em meio \u00e0s vicissitudes do imp\u00e9rio e da federa\u00e7\u00e3o, ao fluxo e refluxo de conquistadores e revolu\u00e7\u00f5es, a S\u00e9rvia persiste como um reino de colinas suaves e picos imponentes, de rios que guiaram ex\u00e9rcitos e mercadores, e de um povo que une o sagrado e o secular em igual medida. As luzes de sua capital brilham em muralhas antigas, enquanto os resorts de montanha ecoam com esquis na neve, e as \u00e1guas termais prometem al\u00edvio em todas as esta\u00e7\u00f5es. Em meio \u00e0s fronteiras mut\u00e1veis \u200b\u200bda hist\u00f3ria, o esp\u00edrito hospitaleiro da S\u00e9rvia, seu compromisso sincero com a educa\u00e7\u00e3o e a sa\u00fade, e sua busca pela integra\u00e7\u00e3o europeia at\u00e9 2030, s\u00e3o o testemunho de uma na\u00e7\u00e3o que honra seu passado ao mesmo tempo em que trilha um caminho para um futuro est\u00e1vel e pac\u00edfico.<\/p>","protected":false},"excerpt":{"rendered":"<p>A S\u00e9rvia, formalmente conhecida como Rep\u00fablica da S\u00e9rvia, \u00e9 uma rep\u00fablica sem litoral localizada na conflu\u00eancia do Sudeste e do Centro da Europa, entre os B\u00e1lc\u00e3s e a Plan\u00edcie da Pan\u00f4nia. A S\u00e9rvia, com uma popula\u00e7\u00e3o de aproximadamente 6,6 milh\u00f5es de habitantes, sem incluir a \u00e1rea disputada do Kosovo, \u00e9 uma na\u00e7\u00e3o not\u00e1vel na regi\u00e3o. Belgrado, a capital e maior cidade, atua como o cora\u00e7\u00e3o pol\u00edtico, econ\u00f4mico e cultural do pa\u00eds, definido por uma hist\u00f3ria que se estende por mil\u00eanios.<\/p>","protected":false},"author":1,"featured_media":4507,"parent":24078,"menu_order":0,"comment_status":"closed","ping_status":"closed","template":"elementor_theme","meta":{"_eb_attr":"","footnotes":""},"class_list":["post-13445","page","type-page","status-publish","has-post-thumbnail"],"_links":{"self":[{"href":"https:\/\/travelshelper.com\/pt\/wp-json\/wp\/v2\/pages\/13445","targetHints":{"allow":["GET"]}}],"collection":[{"href":"https:\/\/travelshelper.com\/pt\/wp-json\/wp\/v2\/pages"}],"about":[{"href":"https:\/\/travelshelper.com\/pt\/wp-json\/wp\/v2\/types\/page"}],"author":[{"embeddable":true,"href":"https:\/\/travelshelper.com\/pt\/wp-json\/wp\/v2\/users\/1"}],"replies":[{"embeddable":true,"href":"https:\/\/travelshelper.com\/pt\/wp-json\/wp\/v2\/comments?post=13445"}],"version-history":[{"count":1,"href":"https:\/\/travelshelper.com\/pt\/wp-json\/wp\/v2\/pages\/13445\/revisions"}],"predecessor-version":[{"id":88936,"href":"https:\/\/travelshelper.com\/pt\/wp-json\/wp\/v2\/pages\/13445\/revisions\/88936"}],"up":[{"embeddable":true,"href":"https:\/\/travelshelper.com\/pt\/wp-json\/wp\/v2\/pages\/24078"}],"wp:featuredmedia":[{"embeddable":true,"href":"https:\/\/travelshelper.com\/pt\/wp-json\/wp\/v2\/media\/4507"}],"wp:attachment":[{"href":"https:\/\/travelshelper.com\/pt\/wp-json\/wp\/v2\/media?parent=13445"}],"curies":[{"name":"wp","href":"https:\/\/api.w.org\/{rel}","templated":true}]}}