{"id":13402,"date":"2024-09-17T17:06:15","date_gmt":"2024-09-17T17:06:15","guid":{"rendered":"https:\/\/travelshelper.com\/staging\/?page_id=13402"},"modified":"2026-03-12T23:27:24","modified_gmt":"2026-03-12T23:27:24","slug":"ptuj","status":"publish","type":"page","link":"https:\/\/travelshelper.com\/pt\/destinations\/europe\/slovenia\/ptuj\/","title":{"rendered":"Ptuj"},"content":{"rendered":"<p>Ptuj, a cidade mais antiga registrada na Eslov\u00eania, fica a 232 m acima do n\u00edvel do mar em uma plataforma diluvial abaixo da Colina do Castelo, abrangendo 66,7 km\u00b2 na regi\u00e3o nordeste da Est\u00edria e servindo como sede de seu munic\u00edpio; com 18.000 habitantes em seu n\u00facleo urbano e quase 24.000 em suas comunidades distritais em 2023, ela ocupa posi\u00e7\u00e3o estrat\u00e9gica na travessia do Rio Drava, que antigamente ligava os mares B\u00e1ltico e Adri\u00e1tico.<\/p>\n<p>Dos vest\u00edgios de assentamentos da Idade da Pedra Tardia at\u00e9 a ocupa\u00e7\u00e3o celta da Idade do Ferro Tardia, o terreno de Ptuj testemunhou mil\u00eanios de esfor\u00e7o humano. O s\u00e9culo I a.C. viu a comunidade nascente ser incorporada \u00e0 prov\u00edncia romana da Pan\u00f4nia, e sua import\u00e2ncia foi ampliada quando a Legio XIII Gemina estabeleceu uma fortaleza \u2014 castrum \u2014 em Poetovium. Em 69 d.C., em meio \u00e0s legi\u00f5es da prov\u00edncia, Vespasiano garantiu sua ascens\u00e3o a imperador nessas mesmas margens, deixando a primeira refer\u00eancia escrita existente ao assentamento. Sob o imperador Trajano, em 103, alcan\u00e7ou o status de munic\u00edpio como Col\u00f4nia \u00dalpia Traiana Poetovio, consolidando seu papel como um centro militar, comercial e administrativo; no in\u00edcio do s\u00e9culo IV, figuras eclesi\u00e1sticas como o bispo Vitorino emergiram, e o subsequente drama imperial \u2014 a pris\u00e3o de Const\u00e2ncio Galo em 354 e a vit\u00f3ria de Teod\u00f3sio I sobre M\u00e1ximo em 388 \u2014 se desenrolou contra suas muralhas fortificadas.<\/p>\n<p>A era romana atingiu seu auge por volta de meados do s\u00e9culo V, quando aproximadamente 40.000 habitantes lotavam a cidade, at\u00e9 que os hunos de \u00c1tila a destru\u00edram em 450, fragmentando sua estrutura c\u00edvica. Os s\u00e9culos seguintes trouxeram os \u00e1varos eurasianos e as tribos eslavas em 570, e no final do s\u00e9culo VIII Ptuj passou para o dom\u00ednio franco. Entre 840 e 874, fez parte do Principado Eslavo de Balaton, passando posteriormente a estar sob o duplo dom\u00ednio espiritual e temporal dos arcebispos de Salzburgo \u2014 um arranjo que perdurou at\u00e9 a concess\u00e3o dos direitos de cidade em 1376, que deu in\u00edcio a um renascimento econ\u00f4mico e \u00e0 constru\u00e7\u00e3o de muralhas defensivas.<\/p>\n<p>Reintegrada \u00e0 esfera dos Habsburgos em 1490, ap\u00f3s as revoltas de Matias Corvino, Ptuj \u2014 conhecida pelos falantes de alem\u00e3o como Pettau \u2014 passou a fazer parte do Ducado da Est\u00edria em 1555, com sua governan\u00e7a municipal agora alinhada a Viena, em vez de Salzburgo. As incurs\u00f5es otomanas dos s\u00e9culos XVI e XVII transformaram a cidade em um campo de batalha, ainda mais amea\u00e7ada pelas conflagra\u00e7\u00f5es de 1684, 1705, 1710 e 1744. Essas calamidades, agravadas por inunda\u00e7\u00f5es e epidemias peri\u00f3dicas, prenunciavam um decl\u00ednio gradual; embora o n\u00facleo medieval da cidade permanecesse intacto, seus comerciantes e artes\u00e3os se viram cada vez mais eclipsados \u200b\u200bpelos emergentes centros regionais.<\/p>\n<p>O advento da Ferrovia Austr\u00edaca do Sul, em meados do s\u00e9culo XIX, acelerou a marginaliza\u00e7\u00e3o de Ptuj: a linha Maribor-Trieste contornava a cidade, redirecionando o fluxo comercial para Marburg (Maribor). No entanto, o censo austro-h\u00fangaro de 1910 registrou que cerca de 86% dos moradores do centro hist\u00f3rico falavam alem\u00e3o, enquanto o esloveno prevalecia nas aldeias vizinhas. O colapso da Monarquia Dual em 1918 precipitou a inclus\u00e3o na Rep\u00fablica da \u00c1ustria Alem\u00e3, apenas para a interven\u00e7\u00e3o do General Rudolf Maister garantir a Baixa Est\u00edria para o rec\u00e9m-formado Estado dos Eslovenos, Croatas e S\u00e9rvios \u2014 mais tarde Iugosl\u00e1via.<\/p>\n<p>No per\u00edodo entreguerras, Ptuj testemunhou uma r\u00e1pida diminui\u00e7\u00e3o de sua popula\u00e7\u00e3o \u00e9tnica alem\u00e3, mesmo com a persist\u00eancia de uma minoria not\u00e1vel. O cataclismo da Segunda Guerra Mundial novamente lan\u00e7ou a cidade em turbul\u00eancia: de 1941 a 1944, as autoridades de ocupa\u00e7\u00e3o nazistas desapropriaram e deportaram eslovenos, realocando suas casas para refugiados de l\u00edngua alem\u00e3 do Tirol do Sul e Gottschee. Com o fim da guerra em 1945, esses rec\u00e9m-chegados juntaram-se aos Pettauer, nativos alem\u00e3es, em um \u00eaxodo para a \u00c1ustria e al\u00e9m, deixando Ptuj novamente quase totalmente eslovena.<\/p>\n<p>Sob a Rep\u00fablica Socialista Federativa da Iugosl\u00e1via, Ptuj serviu como um n\u00facleo administrativo e cultural da regi\u00e3o de Lower Podravje. O per\u00edodo p\u00f3s-guerra viu a reorganiza\u00e7\u00e3o municipal em 1965, unindo o centro hist\u00f3rico e os sub\u00farbios adjacentes \u2014 Breg, Budino, Kr\u010devino, Ore\u0161je, Spuhlja, \u0160tuke, Rabel\u010dja vas e Vi\u010dava \u2014 e, em 1977, ampliando seu territ\u00f3rio com Rogoznica e Zgornja Hajdina. As d\u00e9cadas subsequentes testemunharam a delimita\u00e7\u00e3o de comunidades distritais individuais, mesmo com a expans\u00e3o residencial avan\u00e7ando para noroeste em dire\u00e7\u00e3o ao vale de Grajena, para norte at\u00e9 o sop\u00e9 das montanhas de Ptuj e para nordeste ao longo do riacho Rogoznica.<\/p>\n<p>A marca cultural duradoura de Ptuj \u00e9 o Kurentovanje, um carnaval de dez dias enraizado em antigos ritos eslavos de primavera e fertilidade. No centro do espet\u00e1culo est\u00e1 o Kurent \u2014 ou Korant \u2014 cuja figura vestida de pele de carneiro, m\u00e1scara, l\u00edngua vermelha saliente, chocalhos e fitas multicoloridas (e, em aldeias vizinhas, penas ou chifres) simbolizam uma divindade de renova\u00e7\u00e3o hedonista, talvez ecoando o m\u00edtico Pr\u00edapo. Organizados em comboios, os Kurents atravessam a cidade, percuss\u00e3o em punho, para expulsar a malevol\u00eancia do inverno e anunciar o renascimento da esta\u00e7\u00e3o.<\/p>\n<p>Fortificado acima da cidade propriamente dita, o Castelo de Ptuj domina o horizonte, com suas origens na era medieval agora entrela\u00e7adas com reformas renascentistas e barrocas. Em sua base fica o Museu Regional, guardi\u00e3o de cole\u00e7\u00f5es arqueol\u00f3gicas, etnol\u00f3gicas e de belas artes que tra\u00e7am a evolu\u00e7\u00e3o da cidade, desde acampamentos da Idade da Pedra at\u00e9 a metr\u00f3pole romana. Nas proximidades, o Hospital Jo\u017ee Potr\u010d e o Teatro Municipal de Ptuj destacam o papel da cidade como \u00e2ncora m\u00e9dica e cultural, enquanto a Galeria Municipal de Ptuj e a Galeria Miheli\u010d exibem as correntes art\u00edsticas modernas e contempor\u00e2neas da Eslov\u00eania.<\/p>\n<p>Empreendimentos cient\u00edficos e educacionais encontraram seu espa\u00e7o no Centro de Ci\u00eancia e Pesquisa Bistra Ptuj, uma interface entre institui\u00e7\u00f5es p\u00fablicas e empresas privadas que promovem a inova\u00e7\u00e3o regional. Ao lado, encontra-se o Centro Regional de Ensino Superior de Ptuj, que abriga a Faculdade de Ptuj, sob a \u00e9gide do REVIVIS \u2014 um centro incipiente de estudos aplicados que demonstra o compromisso da cidade com a dissemina\u00e7\u00e3o do conhecimento e o desenvolvimento da for\u00e7a de trabalho.<\/p>\n<p>Geograficamente, Ptuj habita o Baixo Podravje, na Plan\u00edcie da Pan\u00f4nia, ladeada pelas suaves ondula\u00e7\u00f5es das montanhas Slovenske Gorice e Haloze, bem como pelos extensos campos de Drava e Ptuj. Seu clima subpan\u00f4nico proporciona uma temperatura m\u00e9dia anual de 10 \u00b0C, amenizada pelas brisas fluviais e pelo abrigo das terras altas circundantes. A oeste, as \u00e1guas do Drava s\u00e3o represadas pela usina hidrel\u00e9trica de Formin, enquanto o Lago Ptuj resultante \u2014 o maior reservat\u00f3rio artificial permanente do pa\u00eds \u2014 oferece tanto recrea\u00e7\u00e3o quanto habitat ecol\u00f3gico.<\/p>\n<p>Art\u00e9rias de transporte modernas convergem para Ptuj: a autoestrada A4 liga Maribor \u00e0 fronteira com a Cro\u00e1cia em Gru\u0161kovje e depois a Zagreb, enquanto a principal art\u00e9ria rodovi\u00e1ria de Slovenska Bistrica serpenteia para leste, passando por Ormo\u017e e Sredi\u0161\u010de ob Drava, a caminho da Cro\u00e1cia. Estradas regionais se espalham pelos campos de Drava e Ptuj, e a ferrovia Pragersko-Ormo\u017e serve como um canal para Murska Sobota, Hungria e Cro\u00e1cia, garantindo que, apesar de sua ancestralidade, Ptuj permane\u00e7a integralmente conectada aos sistemas circulat\u00f3rios da Europa Central.<\/p>\n<p>Embora s\u00e9culos tenham alterado sua sorte, Ptuj resistiu \u00e0s vicissitudes do imp\u00e9rio, da guerra e do fogo para emergir como uma cidade de feiras, adegas e fontes termais, onde o turismo de bem-estar contempor\u00e2neo complementa seu magnetismo hist\u00f3rico. Seus arredores vit\u00edcolas \u2013 aninhados em Haloze e Slovenske Gorice \u2013 d\u00e3o continuidade a uma tradi\u00e7\u00e3o de cultivo de uvas que remonta \u00e0 \u00e9poca romana, com suas adegas e salas de degusta\u00e7\u00e3o convidando os visitantes a degustar variedades que refletem a topografia e o terroir da regi\u00e3o.<\/p>\n<p>As fontes termais \u2014 aproveitadas em modernos complexos de spa \u2014 oferecem ref\u00fagio a visitantes e moradores locais, com suas \u00e1guas ricas em minerais, conhecidas por acalmar a musculatura e revigorar a circula\u00e7\u00e3o. Nessas instala\u00e7\u00f5es, sente-se a mesma intera\u00e7\u00e3o entre recursos naturais e engenhosidade humana que, mil\u00eanios atr\u00e1s, levou os colonos a estabelecer acampamento nesta passagem de Drava.<\/p>\n<p>A narrativa de Ptuj \u00e9, portanto, uma de adapta\u00e7\u00e3o cont\u00ednua: de ca\u00e7adores-coletores pr\u00e9-hist\u00f3ricos a legion\u00e1rios romanos; de burgueses medievais a mercadores austro-h\u00fangaros; da desapropria\u00e7\u00e3o em tempos de guerra \u00e0 reconstru\u00e7\u00e3o socialista; de acad\u00eamicos contempor\u00e2neos a vinicultores artesanais. Cada era deixou sua marca \u2014 estratos arqueol\u00f3gicos sob paralelep\u00edpedos, fachadas g\u00f3ticas e barrocas ao longo de ruas estreitas, edif\u00edcios educacionais modernos na periferia da cidade \u2014 de tal forma que o visitante, transitando entre o passado e o presente, vivencia n\u00e3o apenas uma sequ\u00eancia de rel\u00edquias, mas um continuum vivo.<\/p>\n<p>Em sua manifesta\u00e7\u00e3o atual, Ptuj n\u00e3o se destaca apenas como um s\u00edtio arqueol\u00f3gico ou uma pe\u00e7a de museu, mas como uma capital regional din\u00e2mica, cujas institui\u00e7\u00f5es de sa\u00fade, cultura, ci\u00eancia e educa\u00e7\u00e3o atestam sua centralidade duradoura. Permanece um locus onde os ritmos do rio e da estrada cruzam a cad\u00eancia dos s\u00e9culos, onde a tradi\u00e7\u00e3o cerimonial coexiste com a busca acad\u00eamica e onde a p\u00e1tina da hist\u00f3ria aprofunda, em vez de obscurecer, a vibra\u00e7\u00e3o da vida urbana contempor\u00e2nea.<\/p>","protected":false},"excerpt":{"rendered":"<p>Ptuj, localizada na regi\u00e3o nordeste da Eslov\u00eania, \u00e9 um tributo \u00e0 rica hist\u00f3ria europeia, com uma popula\u00e7\u00e3o de aproximadamente 18.000 habitantes. Convenientemente situada \u00e0s margens do rio Drava, este antigo assentamento \u00e9 a cidade mais antiga conhecida na Eslov\u00eania, tendo surgido no final da Idade da Pedra. Al\u00e9m da mera antiguidade, Ptuj \u00e9 uma declara\u00e7\u00e3o viva das conflu\u00eancias culturais e hist\u00f3ricas que moldaram esta parte da Europa ao longo de mil\u00eanios.<\/p>","protected":false},"author":1,"featured_media":4587,"parent":13345,"menu_order":0,"comment_status":"closed","ping_status":"closed","template":"elementor_theme","meta":{"_eb_attr":"","footnotes":""},"class_list":["post-13402","page","type-page","status-publish","has-post-thumbnail"],"_links":{"self":[{"href":"https:\/\/travelshelper.com\/pt\/wp-json\/wp\/v2\/pages\/13402","targetHints":{"allow":["GET"]}}],"collection":[{"href":"https:\/\/travelshelper.com\/pt\/wp-json\/wp\/v2\/pages"}],"about":[{"href":"https:\/\/travelshelper.com\/pt\/wp-json\/wp\/v2\/types\/page"}],"author":[{"embeddable":true,"href":"https:\/\/travelshelper.com\/pt\/wp-json\/wp\/v2\/users\/1"}],"replies":[{"embeddable":true,"href":"https:\/\/travelshelper.com\/pt\/wp-json\/wp\/v2\/comments?post=13402"}],"version-history":[{"count":0,"href":"https:\/\/travelshelper.com\/pt\/wp-json\/wp\/v2\/pages\/13402\/revisions"}],"up":[{"embeddable":true,"href":"https:\/\/travelshelper.com\/pt\/wp-json\/wp\/v2\/pages\/13345"}],"wp:featuredmedia":[{"embeddable":true,"href":"https:\/\/travelshelper.com\/pt\/wp-json\/wp\/v2\/media\/4587"}],"wp:attachment":[{"href":"https:\/\/travelshelper.com\/pt\/wp-json\/wp\/v2\/media?parent=13402"}],"curies":[{"name":"wp","href":"https:\/\/api.w.org\/{rel}","templated":true}]}}