{"id":13339,"date":"2024-09-17T16:20:37","date_gmt":"2024-09-17T16:20:37","guid":{"rendered":"https:\/\/travelshelper.com\/staging\/?page_id=13339"},"modified":"2026-03-12T22:34:54","modified_gmt":"2026-03-12T22:34:54","slug":"bratislava","status":"publish","type":"page","link":"https:\/\/travelshelper.com\/pt\/destinations\/europe\/slovakia\/bratislava\/","title":{"rendered":"Bratislava"},"content":{"rendered":"<p data-pm-slice=\"1 1 []\">Bratislava, a capital e maior cidade da Rep\u00fablica Eslovaca, com uma popula\u00e7\u00e3o oficial de aproximadamente 475.000 habitantes \u2014 embora algumas estimativas coloquem o fluxo di\u00e1rio pr\u00f3ximo de 570.000 \u2014 fica na conflu\u00eancia dos rios Dan\u00fabio e Morava, no sudoeste da Eslov\u00e1quia, em um territ\u00f3rio de 367,58 quil\u00f4metros quadrados, com uma posi\u00e7\u00e3o \u00fanica no sop\u00e9 dos Pequenos C\u00e1rpatos e fazendo fronteira com a \u00c1ustria e a Hungria, tornando-se a \u00fanica capital nacional do mundo a fazer fronteira com dois estados soberanos.<\/p>\n<p>Uma trajet\u00f3ria que abrange mil\u00eanios moldou o car\u00e1ter de Bratislava. Os primeiros habitantes conhecidos da cidade deixaram vest\u00edgios na colina do castelo na era de transi\u00e7\u00e3o entre a Idade da Pedra e a Idade do Bronze. \u00c9pocas subsequentes ilustram uma acr\u00f3pole celta, uma fortaleza romana na fronteira, um centro pol\u00edtico da Grande Mor\u00e1via e, mais tarde, um basti\u00e3o do Reino medieval da Hungria. De 1536 a 1783, serviu como sede legislativa e local de coroa\u00e7\u00e3o daquele reino, onde onze reis e oito rainhas receberam suas coroas dentro dos limites abobadados da Catedral de S\u00e3o Martinho. O edif\u00edcio, erguido entre os s\u00e9culos XIII e XVI, permanece um monumento g\u00f3tico a essas cerim\u00f4nias, enquanto o Port\u00e3o de S\u00e3o Miguel, o \u00fanico remanescente de fortifica\u00e7\u00f5es medievais, permanece como sentinela sobre as estreitas vias que outrora ecoavam os passos de dignit\u00e1rios, cl\u00e9rigos e mercadores.<\/p>\n<p>Aninhada na bacia do M\u00e9dio Dan\u00fabio, em altitudes que variam de 126 metros ao longo do rio a 514 metros em Dev\u00ednska Kobyla, Bratislava se estende por plan\u00edcies ribeirinhas e pelas colinas florestadas do distrito. Dentro de seus limites administrativos, os rios Pequeno Dan\u00fabio e Vydrica convergem com o Dan\u00fabio, esculpindo bosques ribeirinhos que abrigam texugos europeus, raposas vermelhas, javalis e veados vermelhos e cor\u00e7os. O perfil clim\u00e1tico registra-se como subtropical \u00famido (Cfa), flertando com continental (Dfa), definido por uma temperatura m\u00e9dia anual pr\u00f3xima a 11,1 \u00b0C, meses mais quentes com m\u00e9dia de 22,0 \u00b0C e ondas de frio caindo para 0,3 \u00b0C. A precipita\u00e7\u00e3o se dispersa uniformemente ao longo do ano, embora r\u00e1pidas transi\u00e7\u00f5es sazonais agora trunquem a primavera e o outono, enquanto term\u00f4metros extremos registraram m\u00e1ximas de 39,4 \u00b0C e m\u00ednimas de -24,6 \u00b0C. Defesas contra enchentes se alinham em ambas as margens em bairros vulner\u00e1veis \u200b\u200bcomo Dev\u00edn e Dev\u00ednska Nov\u00e1 Ves, uma necessidade gerada por s\u00e9culos de din\u00e2mica fluvial.<\/p>\n<p>A forma urbana de Bratislava justap\u00f5e torres medievais com ambi\u00e7\u00f5es dos s\u00e9culos XX e XXI. A Cidade Velha concentra pal\u00e1cios barrocos, entre eles o Pal\u00e1cio Grassalkovich, uma estrutura de meados do s\u00e9culo XVIII que agora abriga a resid\u00eancia presidencial, e o antigo Pal\u00e1cio Arquiepiscopal, a sede contempor\u00e2nea do governo. A Prefeitura, composta por edif\u00edcios dos s\u00e9culos XIV e XV, abriga o Museu da Cidade de Bratislava e evoca a autoridade c\u00edvica de sua \u00e9poca. Perto dali, a Biblioteca da Universidade, erguida em 1756, sediou a Dieta H\u00fangara de 1802 at\u00e9 a Era da Reforma, quando as leis que aboliram a servid\u00e3o e fundaram a Academia H\u00fangara de Ci\u00eancias foram proclamadas dentro de seus muros. Resid\u00eancias menores preservam o patrim\u00f4nio imaterial: a casa onde Johann Nepomuk Hummel nasceu \u00e9 um exemplo t\u00edpico da arquitetura dom\u00e9stica do s\u00e9culo XVIII.<\/p>\n<p>Estruturas religiosas formam um fio condutor luminoso na narrativa da cidade. A Igreja e Mosteiro Franciscano, datados do final do s\u00e9culo XIII, registram-se como o edif\u00edcio sacro mais antigo preservado e j\u00e1 serviram como local para cerim\u00f4nias de nomea\u00e7\u00e3o de cavaleiros. A Igreja Azul de Santa Isabel, uma obra-prima do secessionismo h\u00fangaro, exibe uma fachada monocrom\u00e1tica singular e ainda atrai visitantes em busca de suas linhas n\u00e3o convencionais. A \u00fanica sinagoga sobrevivente de Bratislava testemunha uma comunidade judaica outrora vibrante, enquanto sob a colina do castelo, um segmento escavado dos muros do cemit\u00e9rio do s\u00e9culo XIX marca o local de descanso do rabino Moses Sofer. Ap\u00f3s a Segunda Guerra Mundial, o cemit\u00e9rio militar de Slav\u00edn foi inaugurado em uma colina com vista para a cidade, e seus memoriais s\u00e3o dedicados aos soldados sovi\u00e9ticos perdidos na liberta\u00e7\u00e3o de abril de 1945.<\/p>\n<p>Entre as interven\u00e7\u00f5es modernas, destaca-se a Most SNP, a Ponte da Revolta Nacional Eslovaca, com seu restaurante em forma de pires, empoleirado sobre o Dan\u00fabio, pontuando o horizonte. A sede da R\u00e1dio Eslovaca, em forma de pir\u00e2mide invertida, e a silhueta esguia da Torre de TV Kamz\u00edk, com sua sala de jantar girat\u00f3ria, atestam as diferentes agendas est\u00e9ticas do s\u00e9culo XX. Um novo mil\u00eanio inaugurou um r\u00e1pido desenvolvimento: a forma arqueada da Ponte Apollo e o edif\u00edcio contempor\u00e2neo do Teatro Nacional Eslovaco reafirmam uma nova ambi\u00e7\u00e3o c\u00edvica, enquanto projetos imobili\u00e1rios privados transformam antigos terrenos industriais em torres residenciais com fachadas de vidro.<\/p>\n<p>Bem acima do rio, o Castelo de Bratislava coroa um planalto a 85 metros acima do Dan\u00fabio. Camadas arqueol\u00f3gicas revelam uma bas\u00edlica pr\u00e9-rom\u00e2nica que precedeu uma fortaleza de pedra do s\u00e9culo X, constru\u00edda sob influ\u00eancia h\u00fangara. Os aprimoramentos g\u00f3ticos do s\u00e9culo XV, sob Sigismundo de Luxemburgo, deram lugar a modifica\u00e7\u00f5es renascentistas e, posteriormente, barrocas, encomendadas em 1649. Uma conflagra\u00e7\u00e3o em 1811 reduziu a estrutura a ru\u00ednas, e ela permaneceu assim at\u00e9 que uma restaura\u00e7\u00e3o em meados do s\u00e9culo XX restaurou o vocabul\u00e1rio estil\u00edstico de Maria Teresa. Hoje, o castelo abriga uma parte do Museu Nacional Eslovaco, realizando eventos cerimoniais em sal\u00f5es que outrora acolheram a realeza dos Habsburgos.<\/p>\n<p>Rio abaixo, situado onde o Morava rompe o Dan\u00fabio, ficam as ru\u00ednas do Castelo de Dev\u00edn, documentado j\u00e1 em 864. Seu promont\u00f3rio rochoso permaneceu como um posto de fronteira estrat\u00e9gico para a Grande Mor\u00e1via e a Hungria at\u00e9 que as for\u00e7as de Napole\u00e3o destru\u00edram suas defesas em 1809. Os esfor\u00e7os de conserva\u00e7\u00e3o expuseram funda\u00e7\u00f5es de pedra e montaram um museu que retrata Dev\u00edn como um marco arqueol\u00f3gico e um s\u00edmbolo da identidade eslovaca.<\/p>\n<p>No distrito de Rusovce, ao sul, uma mans\u00e3o neog\u00f3tica inglesa constru\u00edda em meados do s\u00e9culo XIX domina jardins paisag\u00edsticos, enquanto nas proximidades, as ru\u00ednas do acampamento romano de Gerulata evocam a fronteira do Dan\u00fabio do limes Romanus. O palimpsesto em camadas de Rusovce encapsula dois mil\u00eanios de alcance imperial, de legi\u00f5es \u00e0 nobreza rural.<\/p>\n<p>Espa\u00e7os verdes permeiam Bratislava: parques p\u00fablicos ocupam 46,8 quil\u00f4metros quadrados, o que equivale a 110 metros quadrados por habitante. O Parque Horsk\u00fd, no Centro Hist\u00f3rico, e o Parque Bratislavsk\u00fd lesn\u00fd, nos Pequenos C\u00e1rpatos, oferecem ref\u00fagios arborizados, completos com trilhas que levam a \u017delezn\u00e1 studienka e Koliba. Na margem direita do Dan\u00fabio, o Parque Janko Kr\u00e1\u013e, fundado no s\u00e9culo XVIII, estende-se por um cal\u00e7ad\u00e3o \u00e0 beira do rio, enquanto futuros empreendimentos em Petr\u017ealka prometem novas \u00e1reas verdes entre dois lagos. Lagos recreativos cor de biscoito \u2014 Zlat\u00e9 piesky, Kuchajda, Vajnory e Rusovce \u2014 atraem nadadores e amantes do sol, enquanto Mlynsk\u00e1 dolina abriga o zool\u00f3gico da cidade, onde 152 esp\u00e9cies circulam, e o Jardim Bot\u00e2nico da Universidade Comenius cultiva mais de 120 variedades de plantas.<\/p>\n<p>Como epicentro econ\u00f4mico da Eslov\u00e1quia, Bratislava responde por cerca de um quarto da produ\u00e7\u00e3o nacional e \u00e9 considerada a d\u00e9cima nona regi\u00e3o mais rica da Uni\u00e3o Europeia em PIB per capita, quase o triplo da m\u00e9dia de outras regi\u00f5es eslovacas. Baixos \u00edndices de desemprego, um sal\u00e1rio m\u00e9dio mensal superior a \u20ac 2.150 em 2024 e a presen\u00e7a de grandes sedes corporativas atestam sua vitalidade financeira. Em 2023, quase um milh\u00e3o de turistas passaram mais de 1,7 milh\u00e3o de noites em suas fronteiras, com a maioria dos visitantes vindos da vizinha Rep\u00fablica Tcheca, Alemanha, \u00c1ustria e Pol\u00f4nia. A infraestrutura para visitantes inclui oito grandes shopping centers \u2014 do Aupark e Eurovea Galleria ao Nivy Centrum \u2014 e uma concentra\u00e7\u00e3o de caf\u00e9s e restaurantes espalhados pelas ruas revitalizadas do Centro Hist\u00f3rico.<\/p>\n<p>O transporte p\u00fablico opera sob a bandeira da Mestsk\u00e1 hromadn\u00e1 doprava, utilizando \u00f4nibus, bondes e tr\u00f3lebus pintados em vermelho e preto. A integra\u00e7\u00e3o com transportadoras regionais via IDS BK permite viagens cont\u00ednuas para distritos adjacentes. As conex\u00f5es ferrovi\u00e1rias da Esta\u00e7\u00e3o Principal de Bratislava e Petr\u017ealka fornecem v\u00e1rios servi\u00e7os de hora em hora para Viena, Budapeste, Praga e al\u00e9m. O subterr\u00e2neo Autobusov\u00e1 stanica Nivy, inaugurado em setembro de 2021 sob um complexo de arranha-c\u00e9us e shopping, lembra terminais de aeroporto em seu layout e comodidades. Quatro art\u00e9rias de rodovias irradiam em dire\u00e7\u00e3o a Brno, Viena, Budapeste e centros dom\u00e9sticos, enquanto o Porto de Bratislava se conecta aos Mares Negro e do Norte por meio de hidrovias interiores. O Aeroporto MR \u0160tef\u00e1nik, a nove quil\u00f4metros do centro, atendeu mais de dois milh\u00f5es de passageiros em seus primeiros anos, complementado pelo uso frequente do Aeroporto Internacional de Viena, a quarenta e nove quil\u00f4metros de dist\u00e2ncia.<\/p>\n<p>A escala humana de Bratislava reside em seu n\u00facleo medieval, onde vielas estreitas serpenteiam entre duas pra\u00e7as principais \u2014 Hlavn\u00e9 n\u00e1mestie e Hviezdoslavovo n\u00e1mestie \u2014, cada uma animada por caf\u00e9s com mesas na cal\u00e7ada. Uma profus\u00e3o de patrim\u00f4nios hist\u00f3ricos \u2014 da casa mais esbelta da Europa \u00e0 torre do rel\u00f3gio do Museu da Cidade \u2014 coexiste com os blocos monol\u00edticos de Petr\u017ealka, um testemunho das estrat\u00e9gias habitacionais de meados do s\u00e9culo. Al\u00e9m dos limites da cidade, vinhedos e fazendas produzem produtos frescos que influenciam a culin\u00e1ria local, desde o prato nacional bryndzov\u00e9 hal\u00fasky \u2014 bolinhos temperados com queijo de ovelha e peda\u00e7os de bacon \u2014 at\u00e9 a robusta sopa de alho e vinhos brancos crocantes.<\/p>\n<p>No inverno, a pra\u00e7a da Antiga Prefeitura abriga um mercado tradicional, com suas centenas de barracas oferecendo sandu\u00edches de porco ou frango assado com mostarda e cebola, panquecas de batata recheadas com gordura de ganso ou semente de papoula e p\u00e3o coberto com gordura de porco e cebola. Vinho quente, vinho de mel, ch\u00e1s com rum e grogue quente animam os foli\u00f5es sob o brilho suave das luzes do mercado, tornando a temporada festiva de Bratislava intimista e inesquec\u00edvel.<\/p>\n<p>A curiosidade urbana coexiste com a calma pastoral: uma curta viagem de \u00f4nibus at\u00e9 Kamz\u00edk revela Partiz\u00e1nska l\u00faka e Sne\u017eienka, clareiras extensas cercadas por bosques mistos de carvalhos e carpinos, ligadas por um telef\u00e9rico que funciona de quinta a domingo, proporcionando aos caminhantes um interl\u00fadio tranquilo acima das copas das \u00e1rvores por uma tarifa modesta. Esses enclaves reafirmam a dupla natureza de Bratislava como capital e guardi\u00e3 de fronteiras verdejantes.<\/p>\n<p>Em suas camadas de terra e pedra, em suas correntes de com\u00e9rcio e cultura, Bratislava apresenta uma narrativa matizada das converg\u00eancias hist\u00f3ricas da Europa Central. Suas ruas testemunham tanto a pompa din\u00e1stica quanto o com\u00e9rcio cotidiano, sua arquitetura abrangendo pin\u00e1culos g\u00f3ticos, fachadas barrocas e modernismo arrojado. Do fluxo suave do Dan\u00fabio \u00e0s encostas arborizadas dos C\u00e1rpatos, a cidade perdura como um ponto de encontro entre povos, economias e \u00e9pocas.<\/p>","protected":false},"excerpt":{"rendered":"<p>Bratislava, a capital e maior cidade da Eslov\u00e1quia, exemplifica a intrincada intera\u00e7\u00e3o entre a hist\u00f3ria europeia e o desenvolvimento urbano contempor\u00e2neo. \u00c0s margens do rio Dan\u00fabio, esta vibrante cidade ostenta uma popula\u00e7\u00e3o oficial de cerca de 475.000 habitantes, embora algumas estimativas sugiram que a popula\u00e7\u00e3o real possa ultrapassar 660.000. Como centro pol\u00edtico, cultural e econ\u00f4mico da Eslov\u00e1quia, Bratislava molda os rumos do pa\u00eds no s\u00e9culo XXI fora de seus limites municipais.<\/p>","protected":false},"author":1,"featured_media":3996,"parent":13300,"menu_order":0,"comment_status":"closed","ping_status":"closed","template":"elementor_theme","meta":{"_eb_attr":"","footnotes":""},"class_list":["post-13339","page","type-page","status-publish","has-post-thumbnail"],"_links":{"self":[{"href":"https:\/\/travelshelper.com\/pt\/wp-json\/wp\/v2\/pages\/13339","targetHints":{"allow":["GET"]}}],"collection":[{"href":"https:\/\/travelshelper.com\/pt\/wp-json\/wp\/v2\/pages"}],"about":[{"href":"https:\/\/travelshelper.com\/pt\/wp-json\/wp\/v2\/types\/page"}],"author":[{"embeddable":true,"href":"https:\/\/travelshelper.com\/pt\/wp-json\/wp\/v2\/users\/1"}],"replies":[{"embeddable":true,"href":"https:\/\/travelshelper.com\/pt\/wp-json\/wp\/v2\/comments?post=13339"}],"version-history":[{"count":0,"href":"https:\/\/travelshelper.com\/pt\/wp-json\/wp\/v2\/pages\/13339\/revisions"}],"up":[{"embeddable":true,"href":"https:\/\/travelshelper.com\/pt\/wp-json\/wp\/v2\/pages\/13300"}],"wp:featuredmedia":[{"embeddable":true,"href":"https:\/\/travelshelper.com\/pt\/wp-json\/wp\/v2\/media\/3996"}],"wp:attachment":[{"href":"https:\/\/travelshelper.com\/pt\/wp-json\/wp\/v2\/media?parent=13339"}],"curies":[{"name":"wp","href":"https:\/\/api.w.org\/{rel}","templated":true}]}}