{"id":13330,"date":"2024-09-17T16:12:03","date_gmt":"2024-09-17T16:12:03","guid":{"rendered":"https:\/\/travelshelper.com\/staging\/?page_id=13330"},"modified":"2026-03-12T22:41:13","modified_gmt":"2026-03-12T22:41:13","slug":"zilina","status":"publish","type":"page","link":"https:\/\/travelshelper.com\/pt\/destinations\/europe\/slovakia\/zilina\/","title":{"rendered":"\u017dilina"},"content":{"rendered":"<p>\u017dilina, situada na conflu\u00eancia dos rios V\u00e1h, Kysuca e Raj\u010danka, no noroeste da Eslov\u00e1quia, ocupa oitenta quil\u00f4metros quadrados de bacia cercada pelas cadeias de montanhas Mal\u00e1 Fatra, S\u00fa\u013eovsk\u00e9 vrchy, Javorn\u00edky e Kysuck\u00e1 vrchovina; a uma altitude de 342 metros acima do n\u00edvel do mar e a cerca de 170 quil\u00f4metros de Bratislava, perto das fronteiras tcheca e polonesa, \u00e9 o quarto maior munic\u00edpio do pa\u00eds \u2014 lar de 80.020 habitantes em 31 de outubro de 2024 \u2014 e funciona como sede administrativa da regi\u00e3o e do distrito de \u017dilina, um n\u00facleo industrial fundamental e a principal aglomera\u00e7\u00e3o urbana no V\u00e1h, cuja resson\u00e2ncia hist\u00f3rica e cultural lhe rendeu o apelido de &#034;p\u00e9rola no V\u00e1h&#034;.<\/p>\n<p>Desde os assentamentos paleol\u00edticos que datam de cerca de 20.000 a.C., passando pelo influxo migrat\u00f3rio de tribos eslavas no s\u00e9culo V, o terreno de \u017dilina testemunhou sucessivos estratos de esfor\u00e7o humano; no entanto, foi no surgimento medieval \u2014 documentado pela primeira vez em 1208 como terra de Selinan \u2014 que a identidade c\u00edvica da cidade se cristalizou. No in\u00edcio do s\u00e9culo XIV, a localidade havia se consolidado em uma cidade, seu status elevado a distrito real livre pelo Rei Carlos I em 1321 e posteriormente definido em 1381, quando o Privilegium pro Slavis do Rei Lu\u00eds I garantiu paridade de representa\u00e7\u00e3o entre cidad\u00e3os eslavos e alem\u00e3es no conselho municipal. A conflagra\u00e7\u00e3o de 1431, provocada pelas incurs\u00f5es hussitas, marcou um momento de devasta\u00e7\u00e3o, mas a capacidade de renova\u00e7\u00e3o do assentamento provou ser duradoura.<\/p>\n<p>O s\u00e9culo XVII testemunhou a ascens\u00e3o de \u017dilina como centro de com\u00e9rcio, artesanato e erudi\u00e7\u00e3o; a sensibilidade barroca moldou o horizonte com a constru\u00e7\u00e3o de mosteiros, igrejas e o fortificado Castelo de Budat\u00edn. Durante o fervor revolucion\u00e1rio de 1848, volunt\u00e1rios eslovacos, dentro da estrutura militar dos Habsburgos, obtiveram uma vit\u00f3ria t\u00e1tica contra destacamentos de honved e gardist h\u00fangaros nas proximidades, emblem\u00e1tica dos complexos alinhamentos pol\u00edticos da regi\u00e3o. O advento da conectividade ferrovi\u00e1ria na segunda metade do s\u00e9culo XIX \u2014 exemplificado pela conclus\u00e3o da linha Kassa-Oderberg em 1872 e a liga\u00e7\u00e3o a Bratislava em 1883 \u2014 precipitou um florescimento industrial: a funda\u00e7\u00e3o da f\u00e1brica de tecidos eslovenos em 1891 e a inaugura\u00e7\u00e3o da f\u00e1brica qu\u00edmica de Pova\u017eie em 1892 sinalizaram a integra\u00e7\u00e3o da cidade em redes mais amplas de produ\u00e7\u00e3o e troca.<\/p>\n<p>Com a dissolu\u00e7\u00e3o do Imp\u00e9rio Austro-H\u00fangaro no final de outubro de 1918, \u017dilina emergiu como um dos primeiros munic\u00edpios a apor seu endosso \u00e0 Declara\u00e7\u00e3o de Martin, hospedando o nascente governo provis\u00f3rio eslovaco at\u00e9 mar\u00e7o do ano seguinte; duas d\u00e9cadas depois, no doloroso rescaldo do Acordo de Munique, a cidade tornou-se o palco para a proclama\u00e7\u00e3o da autonomia eslovaca dentro da Rep\u00fablica Tchecoslovaca. O per\u00edodo de guerra tamb\u00e9m foi um testemunho sombrio da deporta\u00e7\u00e3o de dezenas de milhares de residentes judeus \u2014 um cap\u00edtulo sombrio em contraste com a trag\u00e9dia mais ampla do Holocausto na Eslov\u00e1quia. A liberta\u00e7\u00e3o chegou em 30 de abril de 1945, quando as for\u00e7as tchecoslovacas e sovi\u00e9ticas da 4\u00aa Frente Ucraniana recapturaram a cidade, restaurando-a \u00e0 soberania tchecoslovaca. As d\u00e9cadas do p\u00f3s-guerra testemunharam a expans\u00e3o de instala\u00e7\u00f5es fabris, institui\u00e7\u00f5es educacionais e empreendimentos residenciais; ap\u00f3s um per\u00edodo como capital regional de 1949 a 1960, \u017dilina retomou esse papel com a reconstitui\u00e7\u00e3o da Regi\u00e3o de \u017dilina em 1996.<\/p>\n<p>Em sua vers\u00e3o contempor\u00e2nea, \u017dilina \u00e9 o terceiro polo industrial mais significativo da Eslov\u00e1quia e abriga a \u017dilinsk\u00e1 univerzita, fundada em 1953, cuja \u00eanfase acad\u00eamica reflete o compromisso de longa data da cidade com a educa\u00e7\u00e3o t\u00e9cnica e profissional. Desde as transforma\u00e7\u00f5es pol\u00edticas de 1990, o centro hist\u00f3rico passou por uma extensa restaura\u00e7\u00e3o e, em 1994, a cidade inaugurou servi\u00e7os de tr\u00f3lebus, complementados em mar\u00e7o de 2019 pela rede de compartilhamento de bicicletas BikeKIA, com vinte esta\u00e7\u00f5es e 120 bicicletas.<\/p>\n<p>Em termos clim\u00e1ticos, \u017dilina est\u00e1 localizada na zona temperada do norte, sob um regime continental. Suas oscila\u00e7\u00f5es anuais abrangem ver\u00f5es quentes \u2014 quando a temperatura m\u00e9dia em julho chega a 18 \u00b0C \u2014 e meses de inverno, marcados por m\u00e9dias de janeiro de -4 \u00b0C, com cobertura de neve persistindo por cerca de sessenta a oitenta dias e precipita\u00e7\u00e3o anual totalizando entre 600 e 700 mm, concentrada no in\u00edcio do ver\u00e3o.<\/p>\n<p>Demograficamente, a cidade propriamente dita contava com 82.664 habitantes em setembro de 2020, com seus distritos urbanos mais amplos respondendo por 108.114 residentes e o dom\u00ednio metropolitano abrangendo 159.729 indiv\u00edduos; o censo de 2001 registrou uma popula\u00e7\u00e3o de 96,9% eslovaca, juntamente com minorias tchecas, ciganas, h\u00fangaras e mor\u00e1vias, e uma distribui\u00e7\u00e3o religiosa composta predominantemente por cat\u00f3licos romanos (74,9%), n\u00e3o filiados (16,7%) e luteranos (3,7%).<\/p>\n<p>O quadro econ\u00f4mico \u00e9 caracterizado por uma base industrial diversificada, ancorada pelo investimento substancial da Kia Motors \u2014 sua f\u00e1brica eslovaca, inaugurada em 2006, atingiu, em 2009, uma produ\u00e7\u00e3o anual de 300.000 ve\u00edculos e empregou cerca de 3.000 funcion\u00e1rios, com aporte direto de capital superior a US$ 1,5 bilh\u00e3o \u2014 produzindo modelos como o Cee&#039;d, Sportage e Hyundai ix35, e atualmente expandindo para abranger a fabrica\u00e7\u00e3o de motores de combust\u00e3o interna em colabora\u00e7\u00e3o com as opera\u00e7\u00f5es tchecas da Hyundai em No\u0161ovice. A empresa de engenharia de constru\u00e7\u00e3o e transporte V\u00e1hostav det\u00e9m destaque local, enquanto o setor qu\u00edmico \u00e9 representado pela Pova\u017esk\u00e9 chemick\u00e9 z\u00e1vody e pela fabricante de papel Tento; o conglomerado global de tecnologia Siemens mant\u00e9m um centro de engenharia de mobilidade na cidade.<\/p>\n<p>Cultural e arquitetonicamente, o centro hist\u00f3rico \u2014 designado como reserva monumental da cidade \u2014 irradia-se da extens\u00e3o arcada de Mari\u00e1nske n\u00e1mestie, onde 106 passagens abobadadas emolduram 44 casas burguesas e as vistas s\u00e3o dominadas pela Igreja de S\u00e3o Paulo Ap\u00f3stolo, o antigo edif\u00edcio da C\u00e2mara Municipal e uma est\u00e1tua mariana barroca. Pr\u00f3ximo fica a sacra Igreja da Sant\u00edssima Trindade, erguida por volta de 1400 e elevada em fevereiro de 2008 \u00e0 categoria de catedral pela Diocese de \u017dilina. Na periferia, a Igreja de Santo Est\u00eav\u00e3o Rei \u2014 datada do in\u00edcio do s\u00e9culo XIII e um dos primeiros santu\u00e1rios rom\u00e2nicos da Eslov\u00e1quia \u2014 conserva afrescos descobertos por volta de 1950 por Mojm\u00edr Vlkol\u00e1\u010dek, tornando-se um local privilegiado para ritos nupciais. Perto dali, o Castelo de Budat\u00edn abriga o Museu Pova\u017eie, cujas cole\u00e7\u00f5es apresentam o artesanato hist\u00f3rico dos artes\u00e3os da regi\u00e3o; a Igreja de S\u00e3o Jorge, de madeira, em Trnov\u00e9, est\u00e1 entre os raros exemplos de trabalhos em madeira eclesi\u00e1stica dos C\u00e1rpatos al\u00e9m do nordeste do pa\u00eds; e a antiga sinagoga ortodoxa e a Nova Sinagoga \u2014 agora transformadas em um centro cultural \u2014 testemunham a outrora vibrante comunidade judaica da cidade.<\/p>\n<p>A posi\u00e7\u00e3o estrat\u00e9gica de \u017dilina a tornou, h\u00e1 muito tempo, um nexo de rotas terrestres: j\u00e1 em 1364, o Rei Lu\u00eds I encomendou uma estrada ligando Ko\u0161ice a Pova\u017eie, e registros de 1438 citam a primeira ponte sobre o V\u00e1h, perto de Budat\u00edn. Hoje, a cidade \u00e9 atravessada por tr\u00eas rodovias transnacionais \u2014 E 50, E 75 e E 442 \u2014 cuja converg\u00eancia \u00e9 gerenciada por um anel vi\u00e1rio que desvia o tr\u00e1fego pesado do centro urbano; a rodovia D1 flanqueia o sudoeste, estendendo-se de Bratislava em dire\u00e7\u00e3o a Ko\u0161ice com um alimentador para Lietask\u00e1 L\u00fa\u010dka, enquanto a D3, conclu\u00edda em 2017, projeta-se para noroeste em dire\u00e7\u00e3o a \u010cadca e Pol\u00f4nia, complementada por conectores urbanos para ambas as rodovias principais.<\/p>\n<p>A conectividade ferrovi\u00e1ria reflete o papel duradouro de \u017dilina no tr\u00e2nsito continental, j\u00e1 que o entroncamento ferrovi\u00e1rio cruza o Corredor Pan-Europeu V e oferece suporte a servi\u00e7os expressos no eixo Bratislava\u2013Ko\u0161ice, atendido pelas linhas 120, 126, 127 e 180. O aer\u00f3dromo pr\u00f3ximo de Doln\u00fd Hri\u010dov, operacional desde 1975 com uma pista de 1.200 metros, acomoda treinamento universit\u00e1rio e avia\u00e7\u00e3o privada, embora n\u00e3o tenha servi\u00e7o comercial regular.<\/p>\n<p>Para o visitante que entra em \u017dilina, o bairro hist\u00f3rico se desdobra diretamente em frente \u00e0 esta\u00e7\u00e3o: a Rua N\u00e1rodn\u00e1 \u2014 sua principal via comercial \u2014 leva \u00e0 Pra\u00e7a Andrej Hlinka, onde as torres g\u00eameas da Catedral da Sant\u00edssima Trindade e seu campan\u00e1rio se erguem em relevo austero contra a balaustrada do teatro da cidade; de \u200b\u200bl\u00e1, sobe-se a escadaria Farsk\u00e9 schody, percorre-se uma viela estreita e chega-se ao cal\u00e7ad\u00e3o com arcadas da Mari\u00e1nske n\u00e1mestie. Este itiner\u00e1rio constitui uma introdu\u00e7\u00e3o por excel\u00eancia, ap\u00f3s a qual os intr\u00e9pidos podem aventurar-se para noroeste em dire\u00e7\u00e3o \u00e0 jun\u00e7\u00e3o das ruas JM Hurbana e Kuzm\u00e1nyho, onde o Pal\u00e1cio Rosenfeld, a Nova Sinagoga e a Casa Cat\u00f3lica aguardam aprecia\u00e7\u00e3o.<\/p>\n<p>Al\u00e9m de sua heran\u00e7a medieval e barroca, \u017dilina ostenta um significativo conjunto de arquitetura funcionalista que remonta \u00e0 Primeira Rep\u00fablica Tchecoslovaca: a Nova Sinagoga de Peter Behrens personifica a austeridade geom\u00e9trica do estilo; a Igreja Luterana de MM Harminc exemplifica sua \u00eanfase na forma e na materialidade; e a esta\u00e7\u00e3o ferrovi\u00e1ria e o mercado municipal ilustram ainda mais a ades\u00e3o da cidade aos princ\u00edpios modernistas no in\u00edcio do s\u00e9culo XX. Juntos, esses edif\u00edcios ressaltam o car\u00e1ter multifacetado de \u017dilina \u2014 um lugar onde rios convergem e hist\u00f3rias se cruzam, onde o vigor industrial e o patrim\u00f4nio cultural se fundem em uma paisagem ao mesmo tempo elementar e urbana.<\/p>","protected":false},"excerpt":{"rendered":"<p>\u017dilina, uma cidade aninhada no noroeste da Eslov\u00e1quia, \u00e9 o quinto centro urbano mais populoso do pa\u00eds, com 85.399 habitantes. Situada perto da tr\u00edplice fronteira com a Rep\u00fablica Tcheca e a Pol\u00f4nia, esta cidade hist\u00f3rica ocupa uma posi\u00e7\u00e3o estrat\u00e9gica na conflu\u00eancia dos rios Kisu\u0107a e Raj\u010danka, onde estes se juntam ao V\u00e1h. A localiza\u00e7\u00e3o da cidade em uma bacia cercada pelos majestosos C\u00e1rpatos Ocidentais a tornou, h\u00e1 muito tempo, uma encruzilhada crucial, conectando regi\u00f5es d\u00edspares da Europa, desde os tempos antigos at\u00e9 os dias atuais.<\/p>","protected":false},"author":1,"featured_media":3578,"parent":13300,"menu_order":0,"comment_status":"closed","ping_status":"closed","template":"elementor_theme","meta":{"_eb_attr":"","footnotes":""},"class_list":["post-13330","page","type-page","status-publish","has-post-thumbnail"],"_links":{"self":[{"href":"https:\/\/travelshelper.com\/pt\/wp-json\/wp\/v2\/pages\/13330","targetHints":{"allow":["GET"]}}],"collection":[{"href":"https:\/\/travelshelper.com\/pt\/wp-json\/wp\/v2\/pages"}],"about":[{"href":"https:\/\/travelshelper.com\/pt\/wp-json\/wp\/v2\/types\/page"}],"author":[{"embeddable":true,"href":"https:\/\/travelshelper.com\/pt\/wp-json\/wp\/v2\/users\/1"}],"replies":[{"embeddable":true,"href":"https:\/\/travelshelper.com\/pt\/wp-json\/wp\/v2\/comments?post=13330"}],"version-history":[{"count":0,"href":"https:\/\/travelshelper.com\/pt\/wp-json\/wp\/v2\/pages\/13330\/revisions"}],"up":[{"embeddable":true,"href":"https:\/\/travelshelper.com\/pt\/wp-json\/wp\/v2\/pages\/13300"}],"wp:featuredmedia":[{"embeddable":true,"href":"https:\/\/travelshelper.com\/pt\/wp-json\/wp\/v2\/media\/3578"}],"wp:attachment":[{"href":"https:\/\/travelshelper.com\/pt\/wp-json\/wp\/v2\/media?parent=13330"}],"curies":[{"name":"wp","href":"https:\/\/api.w.org\/{rel}","templated":true}]}}