{"id":13318,"date":"2024-09-17T16:05:30","date_gmt":"2024-09-17T16:05:30","guid":{"rendered":"https:\/\/travelshelper.com\/staging\/?page_id=13318"},"modified":"2026-03-12T22:41:53","modified_gmt":"2026-03-12T22:41:53","slug":"trencin","status":"publish","type":"page","link":"https:\/\/travelshelper.com\/pt\/destinations\/europe\/slovakia\/trencin\/","title":{"rendered":"Tren\u010d\u00edn"},"content":{"rendered":"<p>Tren\u010d\u00edn \u00e9 uma cidade hist\u00f3rica com aproximadamente 54.107 habitantes, abrangendo uma \u00e1rea de aproximadamente 82 quil\u00f4metros quadrados em dez territ\u00f3rios cadastrais no noroeste da Eslov\u00e1quia. Situada a cerca de 120 quil\u00f4metros a nordeste de Bratislava, no cora\u00e7\u00e3o da regi\u00e3o central de Pova\u017eie, ocupa uma curva estrat\u00e9gica no rio V\u00e1h, onde um promont\u00f3rio rochoso outrora abra\u00e7ava um leito de rio mais antigo. Como sede administrativa da regi\u00e3o de Tren\u010d\u00edn \u2014 uma das oito unidades regionais da Eslov\u00e1quia \u2014, ancora um continuum de assentamentos urbanos que se estende por vinte quil\u00f4metros a nordeste, ininterruptos de Nem\u0161ov\u00e1 a Ilava. Um centro de com\u00e9rcio, cultura, esporte e moda, Tren\u010d\u00edn evoluiu em torno de seu castelo imponente, entrela\u00e7ando legados romanos, fortifica\u00e7\u00f5es medievais, edif\u00edcios barrocos e infraestrutura moderna em um tecido urbano coeso.<\/p>\n<p>Das alturas do contraforte ocidental dos C\u00e1rpatos at\u00e9 o eixo norte-sul do V\u00e1h, a geografia de Tren\u010d\u00edn molda cada faceta da vida urbana. O rio V\u00e1h, o mais longo da Eslov\u00e1quia, corta o assentamento, recebendo o Canal Nosick\u00fd logo ap\u00f3s a usina de Skalka, acima do centro hist\u00f3rico, e se separando do Canal Biskupick\u00fd ao retomar seu curso. No distrito de Sihot, o riacho Tepli\u010dka atravessa o canal Nosick\u00fd, com afluentes como os riachos Opatovsk\u00fd e Kubransk\u00fd alimentando seu fluxo. O riacho Orechovsk\u00fd se junta ao V\u00e1h pelo leste, enquanto a oeste, o riacho Zlatovsk\u00fd converge com o Drietomica abaixo da periferia urbana. Ao longo da periferia sul, o riacho Lavi\u010dkov\u00fd mergulha no terreno de Soblahovsk\u00fd, tra\u00e7ando os limites do ambiente constru\u00eddo da cidade. At\u00e9 o modesto curso de \u00e1gua de Z\u00e1brani, sob o maci\u00e7o Kozieho vrch, chega ao Tepli\u010dka, perto de Sihot IV.<\/p>\n<p>Essas hidrovias articulam a forma da cidade, mas as terras altas ao redor definem seus contornos. Tren\u010d\u00edn se situa entre os limites ocidentais dos C\u00e1rpatos Brancos e os maci\u00e7os orientais de Pova\u017esk\u00fd Inovec e Str\u00e1\u017eovsk\u00e9 vrchy. Sob a coroa de Kozieho vrch \u2014 uma colina de 363 metros que antes impedia o tr\u00e1fego \u2014 encontra-se o parque florestal de Brezina, cujas encostas arborizadas temperam a malha urbana. A presen\u00e7a da colina confere uma forma irregular \u00e0 cidade, alongando as rotas de transporte e confinando o desenvolvimento a bols\u00f5es irregulares entre cumes e margens de rios. Nesse cen\u00e1rio, o espa\u00e7o constru\u00eddo se intercala com corredores verdes, preservando vistas da rocha do castelo de m\u00faltiplos pontos de vista.<\/p>\n<p>Situado no topo da escarpa rochosa, o Castelo de Tren\u010d\u00edn ocupa a posi\u00e7\u00e3o mais emblem\u00e1tica da cidade. Desde a sua amplia\u00e7\u00e3o no s\u00e9culo XIII, a fortaleza foi palco de casas nobres e governantes soberanos, de Mat\u00fa\u0161 \u010c\u00e1k Tren\u010d\u00ednsky a \u013dudov\u00edt, o Grande, \u017digmund de Luxemburgo, os irm\u00e3os Z\u00e1po\u013esk\u00fd e a fam\u00edlia Ilesh\u00e1zi ap\u00f3s 1600. Um inc\u00eandio em 1790 reduziu partes do complexo a ru\u00ednas, e somente em 1955 teve in\u00edcio a conserva\u00e7\u00e3o e a reconstru\u00e7\u00e3o sistem\u00e1ticas. Outras prova\u00e7\u00f5es se abateram sobre as fortifica\u00e7\u00f5es ocidentais quando uma parte desabou em 7 de mar\u00e7o de 2003. Abaixo do castelo, o centro da cidade jaz na sombra, com suas ruas serpenteando ao redor do antigo leito do rio, agora atravessado por uma via moderna.<\/p>\n<p>Abaixo da fortaleza, uma escadaria g\u00f3tica sobe da pra\u00e7a at\u00e9 a igreja paroquial e as defesas adjacentes. Erguida em 1568 para facilitar a movimenta\u00e7\u00e3o dos defensores entre as muralhas da cidade e o arsenal constru\u00eddo alguns anos antes, essa &#034;escadaria paroquial&#034; sofreu danos causados \u200b\u200bpor um inc\u00eandio em 1708 e foi restaurada \u00e0 sua forma atual entre 1978 e 1981. Sua ab\u00f3bada abriga tanto o peregrino quanto o seu olhar, emoldurando a vista do castelo acima.<\/p>\n<p>A Igreja da Natividade da Virgem Maria preside o centro hist\u00f3rico, com sua torre elevando-se acima das ruas estreitas. Ao lado dela, ergue-se a \u00fanica estrutura g\u00f3tica preservada em Tren\u010d\u00edn: a capela funer\u00e1ria e o ossu\u00e1rio de S\u00e3o Miguel, um testemunho sombrio da piedade medieval da cidade. Perto dali, a Igreja de S\u00e3o Cosme e Dami\u00e3o, no distrito de Biskupice, data de meados do s\u00e9culo XIII, e suas linhas simples remetem \u00e0s origens rurais do que hoje \u00e9 um bairro urbano.<\/p>\n<p>Um port\u00e3o solit\u00e1rio da cidade sobrevive do conjunto completo de portais medievais. Conhecido como Port\u00e3o Inferior, ou Port\u00e3o Turco, ele ostenta um arco g\u00f3tico pontiagudo sobre o qual duas inscri\u00e7\u00f5es em latim proclamam prote\u00e7\u00e3o divina e c\u00edvica. Uma delas diz: &#034;Si Deus non custodit civitatem, frustra vigilat qui custodit eam&#034; \u2014 uma advert\u00eancia de que mesmo o guarda mais vigilante permanece indefeso sem uma prote\u00e7\u00e3o superior. O bras\u00e3o da cidade, estampado entre as inscri\u00e7\u00f5es, afirma a identidade municipal de Tren\u010d\u00edn.<\/p>\n<p>Muito antes de os governantes medievais moldarem Tren\u010d\u00edn, legi\u00f5es romanas passavam o inverno aqui. Uma inscri\u00e7\u00e3o em latim esculpida na rocha do castelo em 179 d.C. marca a evid\u00eancia mais ao norte das Guerras Marcomanicas, quando o acampamento de Laugar\u00edcio suportou os rigores de um inverno centro-europeu. Redescoberto no s\u00e9culo XIX, a inscri\u00e7\u00e3o agora reside atr\u00e1s do Hotel Elizabeth, um marco moderno que leva o nome da imperatriz \u00e0 qual foi dedicado.<\/p>\n<p>A Pra\u00e7a da Paz, onde antigamente desfilavam prociss\u00f5es da corte, agora \u00e9 adornada por uma Coluna da Peste coroada com a Sant\u00edssima Trindade. Erguida em 1712 a mando do Conde Mikul\u00e1\u0161 Ile\u0161h\u00e1zi, ela comemora a grande epidemia de 1710. A coluna de pedra branca perfura o espa\u00e7o axial da pra\u00e7a, relembrando tanto a fragilidade da vida quanto a resili\u00eancia da cidade.<\/p>\n<p>No flanco oeste da pra\u00e7a principal, ergue-se a Igreja Piarista de S\u00e3o Francisco Xavier, antiga institui\u00e7\u00e3o jesu\u00edta, cuja fachada barroca foi restaurada mais recentemente em maio de 2016. Nas proximidades, uma igreja evang\u00e9lica constru\u00edda por volta de 1795 marca a crescente diversidade religiosa da cidade, enquanto a modesta Capela de Santa Ana, constru\u00edda em 1789, ocupa seu pr\u00f3prio nicho em uma pra\u00e7a pr\u00f3xima. Em 1913, a comunidade judaica concluiu uma sinagoga neocl\u00e1ssica no local de uma antiga casa de culto; hoje, ela serve como um centro cultural, abrigando exposi\u00e7\u00f5es e concertos que relembram a outrora vibrante presen\u00e7a da comunidade. Na Rua Mat\u00fa\u0161ov\u00e1, a Casa do Carrasco se ergue como uma rara rel\u00edquia urbana da justi\u00e7a medieval, abrigando tanto os aposentos do carrasco quanto uma arrepiante c\u00e2mara de tortura.<\/p>\n<p>A posi\u00e7\u00e3o de Tren\u010d\u00edn em um importante cruzamento de estradas fomentou o com\u00e9rcio desde a \u00e9poca romana. Sua localiza\u00e7\u00e3o ribeirinha permitia o transporte de madeira, sal e produtos agr\u00edcolas rio abaixo, enquanto rotas terrestres a conectavam a Bratislava, \u017dilina e outras regi\u00f5es. Hoje, a cidade continua sendo um polo de com\u00e9rcio e ind\u00fastria, abrigando sedes e filiais de empresas nacionais e internacionais. As feiras de moda t\u00eam suas origens nas primeiras exposi\u00e7\u00f5es realizadas no p\u00e1tio do castelo; a reputa\u00e7\u00e3o da cidade como um centro de exibi\u00e7\u00e3o de vestu\u00e1rio perdura em eventos sazonais que atraem estilistas e compradores para suas ruas.<\/p>\n<p>Sendo a oitava maior cidade em popula\u00e7\u00e3o da Eslov\u00e1quia, Tren\u010d\u00edn administra nove distritos vizinhos - B\u00e1novce nad Bebravou, Ilava, Myjava, Nov\u00e9 Mesto nad V\u00e1hom, Partiz\u00e1nske, Pova\u017esk\u00e1 Bystrica, Prievidza, P\u00fachov e o pr\u00f3prio Tren\u010d\u00edn - fornecendo governa\u00e7\u00e3o e servi\u00e7os regionais. A sua pr\u00f3pria aglomera\u00e7\u00e3o estende-se para nordeste ao longo do V\u00e1h, abrangendo as cidades de Nem\u0161ov\u00e1, Tren\u010dianske Teplice, Nov\u00e1 Dubnica, Dubnica nad V\u00e1hom e Ilava. Este corredor urbanizado cont\u00ednuo exemplifica o desenvolvimento da regi\u00e3o central de Pova\u017eie, onde zonas industriais e bairros residenciais se entrela\u00e7am com manchas de floresta e terras agr\u00edcolas.<\/p>\n<p>O transporte ferrovi\u00e1rio liga Tren\u010d\u00edn a Bratislava e \u017dilina pela Linha 120, cuja moderniza\u00e7\u00e3o foi conclu\u00edda, e a Chynorany pela Linha 143. Em 2017, uma nova ponte ferrovi\u00e1ria foi inaugurada, o que levou \u00e0 constru\u00e7\u00e3o de uma piscina de ver\u00e3o substituta e de moradias adicionais ao longo das ruas Slivkov\u00e1 e \u0160afr\u00e1nov\u00e1. Os planos para uma esta\u00e7\u00e3o rodovi\u00e1ria remodelada prometem um terminal moderno diretamente conectado ao centro ferrovi\u00e1rio, refletindo o compromisso da cidade com o transporte intermodal. Quatro esta\u00e7\u00f5es atendem Tren\u010d\u00edn: a esta\u00e7\u00e3o principal de Tren\u010d\u00edn em ambas as linhas, Tren\u010d\u00edn\u2013Predmestie na Linha 143, Tren\u010d\u00edn\u2013Zlatovce na Linha 120 e o ponto de parada Tren\u010d\u00edn\u2013Opatov\u00e1.<\/p>\n<p>A infraestrutura vi\u00e1ria \u00e9 ancorada pelo trecho Chocholn\u00e1\u2013Nem\u0161ov\u00e1 da Rodovia D1 e pelas rodovias estaduais I\/61 e II\/507. A planejada via expressa R2 aliviar\u00e1 o tr\u00e1fego da I\/9 ao longo da borda sudoeste da cidade. Desde mar\u00e7o de 2015, o desvio sudeste \u2014 com uma segunda ponte V\u00e1h \u2014 desvia os ve\u00edculos do centro hist\u00f3rico, percorrendo quatro faixas da Rua Elektri\u010dn\u00e1 em dire\u00e7\u00e3o a Dubnica. Sua segunda etapa ser\u00e1 um t\u00fanel atrav\u00e9s do maci\u00e7o de Brezina, ligando a Rua V\u00fdchodn\u00e1 a Kubr\u00e1 e aliviando o congestionamento ao redor da Pra\u00e7a SNP, perto do Hotel Elizabeth.<\/p>\n<p>Acima do distrito de Biskupice, o Aeroporto de Tren\u010d\u00edn oferece suporte \u00e0 avia\u00e7\u00e3o militar e civil. A empresa local, Leteck\u00e9 opravovne Tren\u010d\u00edn, realiza a manuten\u00e7\u00e3o de aeronaves e helic\u00f3pteros de todo o mundo. Embora os voos comerciais regulares sejam limitados, as opera\u00e7\u00f5es do aeroporto refor\u00e7am o papel de Tren\u010d\u00edn na aeron\u00e1utica e log\u00edstica regionais.<\/p>\n<p>Dentro dos limites da cidade, a Transdev Tren\u010d\u00edn opera uma rede de linhas de \u00f4nibus numeradas de 1 a 31, cumprindo obriga\u00e7\u00f5es de servi\u00e7o p\u00fablico. Propostas que antes eram consideradas extens\u00f5es de tr\u00f3lebus para Dubnica deram lugar a rotas exclusivas para \u00f4nibus, enquanto ambi\u00e7\u00f5es futuras incluem elevar os trilhos da linha ferrovi\u00e1ria de B\u00e1novec ao n\u00edvel da rua, estabelecendo uma liga\u00e7\u00e3o entre o centro e os distritos do sul.<\/p>\n<p>No curso projetado da Hidrovia V\u00e1h, Tren\u010d\u00edn construiu uma eclusa para controlar as diferen\u00e7as de n\u00edvel do rio em sua barragem. Um modesto cais acomoda navios de cruzeiro, barcos esportivos e embarca\u00e7\u00f5es de resgate, e os planos para um porto em grande escala ainda est\u00e3o em estudo. Esse transporte aquavi\u00e1rio reafirmaria o antigo papel de Tren\u010d\u00edn como um n\u00f3 fluvial, mesmo com a predomin\u00e2ncia das redes terrestres e a\u00e9reas.<\/p>\n<p>Em termos demogr\u00e1ficos, o censo de 2001 de Tren\u010d\u00edn registrou 65,8% de adeptos do catolicismo romano, 7,1% de luteranos e 22,3% de pessoas sem afilia\u00e7\u00e3o religiosa; etnicamente, a popula\u00e7\u00e3o era de 95,3% eslovacos e 2,4% tchecos. Em 2018, a popula\u00e7\u00e3o havia aumentado modestamente para mais de 55.000 habitantes, refletindo um crescimento econ\u00f4mico constante, baixo desemprego e um padr\u00e3o de vida relativamente alto. Os invernos permanecem abaixo das altitudes circundantes, os ver\u00f5es permanecem temperados pelos padr\u00f5es nacionais e os ventos predominantes entre as cadeias de montanhas moldam os padr\u00f5es clim\u00e1ticos di\u00e1rios.<\/p>\n<p>A vida cultural em Tren\u010d\u00edn pulsa com m\u00fasica e esporte. Desde 1997, o festival Pohoda atrai o maior p\u00fablico de todos os eventos musicais eslovacos, ocupando o aeroporto todo ver\u00e3o com uma programa\u00e7\u00e3o ecl\u00e9tica. No h\u00f3quei no gelo, o clube local est\u00e1 entre os de elite do pa\u00eds, e sua pista de patina\u00e7\u00e3o \u00e9 um ponto de encontro para torcedores fervorosos. Exposi\u00e7\u00f5es e feiras continuam nos recintos do castelo e nos sal\u00f5es municipais, mantendo uma tradi\u00e7\u00e3o que remonta aos primeiros encontros comerciais.<\/p>\n<p>Tren\u010d\u00edn olha para o futuro, equilibrando patrim\u00f4nio e inova\u00e7\u00e3o. A restaura\u00e7\u00e3o gradual de seus monumentos \u2014 igrejas, sinagogas e fortifica\u00e7\u00f5es \u2014 \u00e9 acompanhada por investimentos em transporte e espa\u00e7o p\u00fablico. Novos empreendimentos habitacionais surgem em antigas terras agr\u00edcolas, enquanto os esfor\u00e7os de planejamento buscam preservar corredores verdes ao longo de riachos e colinas. A cidade se esfor\u00e7a para fortalecer seu perfil como destino tur\u00edstico regional, promovendo seu conjunto arquitet\u00f4nico e cen\u00e1rio natural sem recorrer a apelos estereotipados. Sua narrativa permanece de continuidade e adapta\u00e7\u00e3o: uma cidade moldada por rios, colinas e hist\u00f3ria, que carrega seu passado para a constru\u00e7\u00e3o do futuro.<\/p>","protected":false},"excerpt":{"rendered":"<p>Tren\u010d\u00edn, uma cidade com mais de 55.000 habitantes, \u00e9 o oitavo maior munic\u00edpio da Eslov\u00e1quia. Situado na parte ocidental do pa\u00eds, este centro urbano hist\u00f3rico est\u00e1 estrategicamente posicionado no vale central do rio V\u00e1h, a aproximadamente 95 quil\u00f4metros da capital, Bratislava. Sua proximidade com a fronteira tcheca, aliada \u00e0 sua rica heran\u00e7a cultural, fez de Tren\u010d\u00edn um importante ponto de encontro entre a hist\u00f3ria da Europa Central e a vida eslovaca contempor\u00e2nea.<\/p>","protected":false},"author":1,"featured_media":3989,"parent":13300,"menu_order":0,"comment_status":"closed","ping_status":"closed","template":"elementor_theme","meta":{"_eb_attr":"","footnotes":""},"class_list":["post-13318","page","type-page","status-publish","has-post-thumbnail"],"_links":{"self":[{"href":"https:\/\/travelshelper.com\/pt\/wp-json\/wp\/v2\/pages\/13318","targetHints":{"allow":["GET"]}}],"collection":[{"href":"https:\/\/travelshelper.com\/pt\/wp-json\/wp\/v2\/pages"}],"about":[{"href":"https:\/\/travelshelper.com\/pt\/wp-json\/wp\/v2\/types\/page"}],"author":[{"embeddable":true,"href":"https:\/\/travelshelper.com\/pt\/wp-json\/wp\/v2\/users\/1"}],"replies":[{"embeddable":true,"href":"https:\/\/travelshelper.com\/pt\/wp-json\/wp\/v2\/comments?post=13318"}],"version-history":[{"count":0,"href":"https:\/\/travelshelper.com\/pt\/wp-json\/wp\/v2\/pages\/13318\/revisions"}],"up":[{"embeddable":true,"href":"https:\/\/travelshelper.com\/pt\/wp-json\/wp\/v2\/pages\/13300"}],"wp:featuredmedia":[{"embeddable":true,"href":"https:\/\/travelshelper.com\/pt\/wp-json\/wp\/v2\/media\/3989"}],"wp:attachment":[{"href":"https:\/\/travelshelper.com\/pt\/wp-json\/wp\/v2\/media?parent=13318"}],"curies":[{"name":"wp","href":"https:\/\/api.w.org\/{rel}","templated":true}]}}