{"id":13266,"date":"2024-09-17T15:24:30","date_gmt":"2024-09-17T15:24:30","guid":{"rendered":"https:\/\/travelshelper.com\/staging\/?page_id=13266"},"modified":"2026-03-12T23:23:08","modified_gmt":"2026-03-12T23:23:08","slug":"cordoba","status":"publish","type":"page","link":"https:\/\/travelshelper.com\/pt\/destinations\/europe\/spain\/cordoba\/","title":{"rendered":"C\u00f3rdoba"},"content":{"rendered":"<p>C\u00f3rdoba, o terceiro munic\u00edpio mais populoso da Andaluzia, ocupa uma \u00e1rea de 1.254,25 km\u00b2 na margem direita do Guadalquivir, no extremo sul da Pen\u00ednsula Ib\u00e9rica. Fundada como col\u00f4nia romana no in\u00edcio do s\u00e9culo I a.C., a cidade carrega em sua estrutura a marca da hegemonia visig\u00f3tica e, posteriormente, a partir do s\u00e9culo VIII, do Emirado e Califado Om\u00edadas, que a transformaram em um importante centro de aprendizado e governan\u00e7a em todo o Andaluzia. Com uma temperatura m\u00e9dia m\u00e1xima de 37 \u00b0C no ver\u00e3o, o extremo vigor t\u00e9rmico define seu clima; no entanto, os invernos amenos, pontuados por tempestades de inverno vindas do Atl\u00e2ntico, sustentam um mosaico verdejante ao longo do rio e da Campi\u00f1a circundante, das escarpas abruptas da Serra e das suaves ondula\u00e7\u00f5es de seus terra\u00e7os fluviais.<\/p>\n<p>Os primeiros vest\u00edgios de C\u00f3rdoba emergem da Ponte Romana, encomendada por Augusto e reformada no s\u00e9culo VIII, um v\u00e3o de 250 metros com dezesseis arcos que, por dois mil\u00eanios, permaneceu como a \u00fanica travessia da cidade. Perto dali, encontram-se o mausol\u00e9u no Paseo de la Victoria, o Teatro Romano, as ru\u00ednas do F\u00f3rum Adiectum e o pal\u00e1cio de Maximiano \u2014 testemunhos silenciosos da ambi\u00e7\u00e3o imperial. O dom\u00ednio visig\u00f3tico deixou poucas rel\u00edquias tang\u00edveis, mas a transi\u00e7\u00e3o para a soberania isl\u00e2mica em 711 d.C. inaugurou uma obra arquitet\u00f4nica incompar\u00e1vel no Ocidente. Entre 784 e 786 d.C., Abd al-Rahman I lan\u00e7ou as funda\u00e7\u00f5es da Grande Mesquita, que, por meio de sucessivas expans\u00f5es om\u00edadas \u2014 incluindo uma amplia\u00e7\u00e3o no s\u00e9culo X que introduziu o famoso mihrab e um ornamentado sal\u00e3o de ora\u00e7\u00f5es \u2014 tornou-se, durante s\u00e9culos, a terceira maior mesquita do mundo. Os arcos em ferradura e as arcadas entrela\u00e7adas, repletos de antecedentes romanos e visig\u00f3ticos, agora sustentam a nave abobadada da Catedral, um palimpsesto consagrado no s\u00e9culo XVI, mas que preserva o vasto sal\u00e3o hipostilo reconhecido como Patrim\u00f4nio Mundial da UNESCO em 1984.<\/p>\n<p>Al\u00e9m da mesquita, a heran\u00e7a isl\u00e2mica de C\u00f3rdoba se desdobra no esbelto Minarete de San Juan \u2014 sua dupla fenestra\u00e7\u00e3o em arco de ferradura marca o local de uma mesquita perdida \u2014 bem como ao longo das margens do rio, onde moinhos de \u00e1gua como o de Albolafia e o de Lope Garc\u00eda registram a engenhosidade hidr\u00e1ulica de eras sucessivas. A fortificada Torre de Calahorra, atribu\u00edda aos alm\u00f3adas, emoldura a extremidade sul da Ponte Romana e agora abriga o Museu Vivo de Al-Andalus, um reposit\u00f3rio da mem\u00f3ria cultural. Adjacente ao Alc\u00e1zar de los Reyes Cristianos, ele pr\u00f3prio um locus da Inquisi\u00e7\u00e3o e antiga resid\u00eancia real, encontram-se as Termas Califas, um hammam parcialmente reconstru\u00eddo, cujos banhos do s\u00e9culo X agora comunicam a precis\u00e3o ritual do cotidiano isl\u00e2mico.<\/p>\n<p>Na periferia da cidade, Madinat al-Zahra ergue-se sobre a vegeta\u00e7\u00e3o baixa \u2014 sua cidade-pal\u00e1cio iniciada no s\u00e9culo X e escavada desde 1911 \u2014 projetando as ambi\u00e7\u00f5es pol\u00edticas e est\u00e9ticas da corte califal. No centro hist\u00f3rico, ruas estreitas convergem para a Juder\u00eda, o antigo bairro judeu cuja planta irregular abriga a Sinagoga de 1315 e a Casa de Sefarad, palcos da complexa coexist\u00eancia de religi\u00f5es at\u00e9 a Reconquista do s\u00e9culo XIII. Ap\u00f3s a conquista do Rei Fernando III em 1236, C\u00f3rdoba foi absorvida pela Coroa de Castela como chefe de seu reino hom\u00f4nimo, e as doze igrejas encomendadas nos bairros reconquistados \u2014 entre elas Santa Marina de Aguas Santas, San Nicol\u00e1s de la Villa e San Miguel \u2014 serviram tanto a fun\u00e7\u00f5es eclesi\u00e1sticas quanto municipais, com suas fachadas combinando motivos rom\u00e2nicos, mud\u00e9jares e g\u00f3ticos.<\/p>\n<p>A marca crist\u00e3 tamb\u00e9m se manifesta nos port\u00f5es remanescentes das muralhas romanas: a Puerta de Almod\u00f3var, a Puerta de Sevilha e a Puerta del Puente, ladeadas pela Torre de la Malmuerta e pela Torre de Bel\u00e9n. Na parte sul do Centro Hist\u00f3rico, a Plaza del Potro preserva a Posada del Potro \u2014 imortalizada no Dom Quixote de Cervantes \u2014 enquanto o Arco del Portillo se ergue sobre um portal do s\u00e9culo XIV. Os jardins do Alc\u00e1zar, as Cavalari\u00e7as Reais, onde se criam \u00e9guas andaluzas, e as resid\u00eancias palacianas de Viana e Merced remetem \u00e0 pompa aristocr\u00e1tica de C\u00f3rdoba, enquanto vias menos conhecidas, como a Cuesta del Bail\u00edo, permitem vislumbrar a estratifica\u00e7\u00e3o vertical da cidade.<\/p>\n<p>Memoriais escult\u00f3ricos pontuam os espa\u00e7os p\u00fablicos: dez Triunfos de S\u00e3o Rafael marcam a presen\u00e7a do protetor celestial em pontes e pra\u00e7as; na Pra\u00e7a das Tendillas, ergue-se a figura equestre de Gonzalo Fern\u00e1ndez de C\u00f3rdoba; perto da Porta da Lua e da Porta de Almod\u00f3var, est\u00e1tuas de Averr\u00f3is e S\u00eaneca atestam a linhagem intelectual da cidade; e nos jardins do Alc\u00e1zar, monumentos homenageiam os Reis Cat\u00f3licos e Colombo. Ao longo do curso do Guadalquivir, a Ilha das Esculturas e o &#034;Homem R\u00edo&#034; personificam um di\u00e1logo contempor\u00e2neo entre arte e \u00e1gua, mudando sutilmente de orienta\u00e7\u00e3o com a corrente.<\/p>\n<p>As pontes de C\u00f3rdoba, al\u00e9m disso, registram a engenharia moderna: a Ponte San Rafael, inaugurada em 29 de abril de 1953, estende-se por 217 metros em oito arcos de 25 metros; a Ponte Andaluzia com v\u00e3o suspenso e a Puente de Miraflores (2003) em tons de ferrugem dispersam a circula\u00e7\u00e3o de ve\u00edculos e pedestres; a Ponte Autov\u00eda del Sur e a Ponte Abbas Ibn Firnas \u2014 inauguradas em janeiro de 2011 como parte do desvio oeste \u2014 ampliam a conectividade; e a Puente del Arenal liga o Campo de la Verdad ao Recinto Ferial.<\/p>\n<p>Os espa\u00e7os verdes da cidade articulam o di\u00e1logo entre a forma constru\u00edda e a natureza: os Jardines de la Victoria ficam ao lado de fontes modernistas e da p\u00e9rgola de Duque de Rivas; os Jardines de la Agricultura se unem ao redor do lago dos patos e de um jardim de rosas artisticamente organizado, apesar da aus\u00eancia de densos labirintos topi\u00e1rios; o Parque de Miraflores desce em terra\u00e7os em dire\u00e7\u00e3o \u00e0s pontes Salam e Miraflores; o Parque Cruz Conde se desdobra como uma extens\u00e3o aberta e sem barreiras no idioma dos jardins ingleses; o Paseo de C\u00f3rdoba, situado acima de trilhos ferrovi\u00e1rios enterrados, estende-se por fontes \u2014 algumas em cascata sobre bacias de v\u00e1rios n\u00edveis \u2014 e incorpora a antiga esta\u00e7\u00e3o RENFE; os Jardines Juan Carlos I e Jardines del Conde de Vallellano encerram lagoas, vest\u00edgios arqueol\u00f3gicos e cisternas romanas; o Parque de la Asomadilla, com 27 hectares, \u00e9 considerado o segundo maior parque urbano da Andaluzia; e os Sotos de la Albolafia, um monumento natural de 21,36 hectares, abriga a avifauna migrat\u00f3ria ao longo do rio.<\/p>\n<p>Entre os museus de C\u00f3rdoba, o Museu Arqueol\u00f3gico e Etnol\u00f3gico \u2014 instalado desde 1960 no Pal\u00e1cio renascentista de P\u00e1ez de Castillo \u2014 tra\u00e7a a presen\u00e7a humana desde a Idade do Bronze at\u00e9 a cultura isl\u00e2mica; o Museu Julio Romero de Torres preserva a obra do pintor em seu domic\u00edlio \u00e0 beira-rio; o Museu de Belas Artes, antigo Hospital da Caridade, apresenta obras do Barroco at\u00e9 a era moderna; o Museu Diocesano, instalado no Pal\u00e1cio Episcopal (sobreposto a um alc\u00e1zar om\u00edada), exibe arte e mobili\u00e1rio eclesi\u00e1sticos; e o complexo das Termas Califas oferece imers\u00e3o arqueol\u00f3gica nos rituais de banho do s\u00e9culo X.<\/p>\n<p>Os ritmos culturais atingem o auge em maio, quando C\u00f3rdoba sedia tr\u00eas festivais sucessivos que animam pra\u00e7as e p\u00e1tios com flora e m\u00fasica: Las Cruces de Mayo, durante os quais cruzes de tr\u00eas metros de altura, enfeitadas com flores, formam o ponto central de concursos florais e encontros de conv\u00edvio; Los Patios de C\u00f3rdoba, nos quais p\u00e1tios privados abertos ao p\u00fablico s\u00e3o julgados pelo m\u00e9rito arquitet\u00f4nico e pela arte hort\u00edcola (uma designa\u00e7\u00e3o inscrita como Patrim\u00f4nio Cultural Imaterial da UNESCO); e La Feria de C\u00f3rdoba, uma feira semelhante \u00e0 sua hom\u00f3loga sevilhana, mas caracterizada por casetas predominantemente p\u00fablicas. A disponibilidade de acomoda\u00e7\u00f5es diminui drasticamente, refletindo a intensidade da peregrina\u00e7\u00e3o \u2014 tanto secular quanto acad\u00eamica \u2014 a esta cidade rica em patrim\u00f4nio.<\/p>\n<p>A moderna infraestrutura de transporte garante que C\u00f3rdoba continue sendo um nexo essencial: o AVE de alta velocidade a conecta a Madri, Barcelona, \u200b\u200bSevilha, M\u00e1laga e Zaragoza; a esta\u00e7\u00e3o de C\u00f3rdoba despacha mais de vinte servi\u00e7os di\u00e1rios para M\u00e1laga Mar\u00eda Zambrano em cinquenta e quatro minutos, facilitando as viagens ao longo da Costa del Sol; embora seu pr\u00f3prio aeroporto n\u00e3o receba voos comerciais, a cidade fica a uma curta dist\u00e2ncia \u2014 110 km at\u00e9 Sevilha, 118 km at\u00e9 Granada e 136 km at\u00e9 os aeroportos de M\u00e1laga; as rodovias A-45 e A-4 ligam C\u00f3rdoba \u00e0s redes andaluzas e portuguesas; e o terminal de \u00f4nibus intermunicipal adjacente amplia o alcance de conex\u00f5es menos r\u00e1pidas, mas mais econ\u00f4micas, por toda a pen\u00ednsula.<\/p>\n<p>C\u00f3rdoba perdura como uma cr\u00f4nica multifacetada \u2014 sua grade romana impregnada de res\u00edduos visig\u00f3ticos, sobreposta pela ousadia arquitet\u00f4nica om\u00edada e refratada por molduras castelhanas e modernas. Os extremos t\u00e9rmicos da cidade, moldados por sua posi\u00e7\u00e3o na depress\u00e3o do Guadalquivir e sua proximidade com a Serra Morena e o Sistema Penib\u00e9tico, contrastam com o fluxo persistente do rio e o repouso cultivado de seus jardins. Das colunatas da Grande Mesquita \u00e0s est\u00e1tuas dispersas de poetas, fil\u00f3sofos e santos; dos pal\u00e1cios com afrescos \u00e0 cad\u00eancia aberta de suas callejas; dos p\u00e1tios escaldados pelo sol de maio \u00e0s brisas refrescantes do rio, C\u00f3rdoba permanece ao mesmo tempo um testemunho da longa dura\u00e7\u00e3o da civiliza\u00e7\u00e3o mediterr\u00e2nea e um testemunho vivo da s\u00edntese cultural cont\u00ednua. Sua hist\u00f3ria \u2014 enraizada na antiguidade, remodelada sob califas e monarcas crist\u00e3os e revigorada no presente \u2014 permanece como um convite duradouro \u00e0 observa\u00e7\u00e3o acad\u00eamica e \u00e0 sutil admira\u00e7\u00e3o.<\/p>","protected":false},"excerpt":{"rendered":"<p>C\u00f3rdoba, uma cidade rica em import\u00e2ncia hist\u00f3rica e cultural, est\u00e1 localizada na regi\u00e3o central da Andaluzia, Espanha. Com uma popula\u00e7\u00e3o de cerca de 325.000 habitantes, o terceiro munic\u00edpio mais populoso da regi\u00e3o andaluza \u00e9 sede da prov\u00edncia hom\u00f4nima. Originalmente localizada principalmente na margem direita do rio Guadalquivir, no sul da Pen\u00ednsula Ib\u00e9rica, esta cidade hist\u00f3rica testemunhou a ascens\u00e3o e o decl\u00ednio de muitas civiliza\u00e7\u00f5es, cada uma delas influenciando significativamente seu ambiente e car\u00e1ter.<\/p>","protected":false},"author":1,"featured_media":3242,"parent":13090,"menu_order":0,"comment_status":"closed","ping_status":"closed","template":"elementor_theme","meta":{"_eb_attr":"","footnotes":""},"class_list":["post-13266","page","type-page","status-publish","has-post-thumbnail"],"_links":{"self":[{"href":"https:\/\/travelshelper.com\/pt\/wp-json\/wp\/v2\/pages\/13266","targetHints":{"allow":["GET"]}}],"collection":[{"href":"https:\/\/travelshelper.com\/pt\/wp-json\/wp\/v2\/pages"}],"about":[{"href":"https:\/\/travelshelper.com\/pt\/wp-json\/wp\/v2\/types\/page"}],"author":[{"embeddable":true,"href":"https:\/\/travelshelper.com\/pt\/wp-json\/wp\/v2\/users\/1"}],"replies":[{"embeddable":true,"href":"https:\/\/travelshelper.com\/pt\/wp-json\/wp\/v2\/comments?post=13266"}],"version-history":[{"count":0,"href":"https:\/\/travelshelper.com\/pt\/wp-json\/wp\/v2\/pages\/13266\/revisions"}],"up":[{"embeddable":true,"href":"https:\/\/travelshelper.com\/pt\/wp-json\/wp\/v2\/pages\/13090"}],"wp:featuredmedia":[{"embeddable":true,"href":"https:\/\/travelshelper.com\/pt\/wp-json\/wp\/v2\/media\/3242"}],"wp:attachment":[{"href":"https:\/\/travelshelper.com\/pt\/wp-json\/wp\/v2\/media?parent=13266"}],"curies":[{"name":"wp","href":"https:\/\/api.w.org\/{rel}","templated":true}]}}