{"id":13232,"date":"2024-09-17T14:59:10","date_gmt":"2024-09-17T14:59:10","guid":{"rendered":"https:\/\/travelshelper.com\/staging\/?page_id=13232"},"modified":"2026-03-12T23:39:36","modified_gmt":"2026-03-12T23:39:36","slug":"saragoca","status":"publish","type":"page","link":"https:\/\/travelshelper.com\/pt\/destinations\/europe\/spain\/zaragoza\/","title":{"rendered":"Sarago\u00e7a"},"content":{"rendered":"<p>Sarago\u00e7a, frequentemente traduzida em portugu\u00eas como Sarago\u00e7a, situa-se no cora\u00e7\u00e3o de Arag\u00e3o e da bacia do Ebro, com seus tend\u00f5es entrela\u00e7ados por cursos d&#039;\u00e1gua, pedras antigas e ambi\u00e7\u00f5es modernas. Com 675.301 habitantes registrados no in\u00edcio de 2021 \u2014 n\u00fameros que a situam entre os cinco maiores munic\u00edpios da Espanha em popula\u00e7\u00e3o e como o 26\u00ba mais populoso da Uni\u00e3o Europeia \u2014 a cidade se estende por 973,78 quil\u00f4metros quadrados, um dom\u00ednio que abrange mais da metade da popula\u00e7\u00e3o total de sua comunidade aut\u00f4noma. Situada a uma altitude de aproximadamente 208 metros acima do n\u00edvel do mar, Sarago\u00e7a mant\u00e9m um equil\u00edbrio sutil entre a plan\u00edcie ribeirinha e as eleva\u00e7\u00f5es que margeiam seu per\u00edmetro, elevando-se em alguns setores a alturas que se aproximam de 750 metros.<\/p>\n<p>Desde a antiguidade, o rio Ebro corta a cidade em uma diagonal de oeste-noroeste para leste-sudeste, com suas \u00e1guas entrando em Sarago\u00e7a a uma altitude de 205 metros e saindo a 180 metros. Seus afluentes \u2014 o modesto Huerva, hoje submerso em grande parte de sua extens\u00e3o urbana, e o mais prodigioso G\u00e1llego, nascido nos Pireneus \u2014 guiaram a expans\u00e3o da cidade, moldando tanto seus contornos literais quanto as correntes intang\u00edveis do interc\u00e2mbio cultural. Em termos geol\u00f3gicos, o munic\u00edpio ocupa uma depress\u00e3o semi\u00e1rida cercada por montanhas que barram a umidade do ar tanto do Atl\u00e2ntico quanto do Mediterr\u00e2neo. A precipita\u00e7\u00e3o anual gira em torno de escassos 328 mil\u00edmetros, a maior parte da qual desce durante a primavera e o outono; julho e agosto, bem como os meses de inverno de dezembro a mar\u00e7o, s\u00e3o marcados por uma seca relativa, pontuada ocasionalmente pelas rajadas frias e secas do Cierzo, geadas noturnas, nevascas espor\u00e1dicas e nevoeiro persistente no final do outono.<\/p>\n<p>Estar \u00e0s margens do Ebro, em Sarago\u00e7a, \u00e9 perceber as camadas conc\u00eantricas do esfor\u00e7o humano, desde a col\u00f4nia romana de Cesaraugusta \u2014 fundada na margem direita, na conflu\u00eancia do Huerva \u2014 at\u00e9 os suntuosos pal\u00e1cios, igrejas mud\u00e9jares e pontes modernas que atestam dois mil\u00eanios de opul\u00eancia e habita\u00e7\u00e3o cont\u00ednua. A marca romana permanece vis\u00edvel nas ru\u00ednas do f\u00f3rum, do porto, das termas e do teatro, com as pr\u00f3prias pedras sussurrando sobre o legado de C\u00e9sar, mesmo estando semienterradas sob os pavimentos da cidade. Durante a \u00e9poca medieval, a reconstru\u00e7\u00e3o crist\u00e3 do espa\u00e7o urbano se desenrolou por meio da constru\u00e7\u00e3o de igrejas sobre antigas mesquitas, um processo mais vividamente personificado pela Catedral do Salvador \u2014 La Seo \u2014, onde absides rom\u00e2nicas do s\u00e9culo XII se erguem como sentinelas ao lado de ab\u00f3badas g\u00f3ticas e ornamentos mud\u00e9jares. Perto dali, a Bas\u00edlica del Pilar preside a margem do rio com majestade barroca, com suas torres e c\u00fapulas consagradas pelos afrescos de Francisco Goya no interior abobadado \u2014 um testemunho da pot\u00eancia duradoura da devo\u00e7\u00e3o mariana e da posi\u00e7\u00e3o da cidade como um nexo de peregrina\u00e7\u00e3o e identidade.<\/p>\n<p>Al\u00e9m de seu cora\u00e7\u00e3o antigo, Sarago\u00e7a revela uma paisagem ao mesmo tempo austera e variada: as margens do rio s\u00e3o planas, mas o interior imediato d\u00e1 lugar a muelas \u2014 colinas de topo plano \u2014 e escarpas que se estendem em pared\u00f5es \u00edngremes. Dentro desses sub\u00farbios ondulados, solos ricos em gesso deram lugar a dolinas que se transformam em lagoas ef\u00eameras e, ao sul, a bacia sazonal conhecida como la Sulf\u00farica se manifesta apenas quando a \u00e1gua de irriga\u00e7\u00e3o aflora em cavidades subterr\u00e2neas. Uma vastid\u00e3o de espa\u00e7o permeia o terreno, pontuada pelo eixo estrat\u00e9gico que conecta Sarago\u00e7a a Madri, Barcelona, \u200b\u200bVal\u00eancia, Bilbao e, atrav\u00e9s da linha divis\u00f3ria dos Pireneus, Bord\u00e9us e Toulouse. \u00c9 esse fulcro geogr\u00e1fico \u2014 um hex\u00e1gono irregular de grandes cidades europeias \u2014 que h\u00e1 muito tempo dota Sarago\u00e7a de vitalidade comercial e permeabilidade cultural.<\/p>\n<p>A fortaleza isl\u00e2mica medieval do Pal\u00e1cio da Aljafer\u00eda, concebida no s\u00e9culo XI sob a dinastia Hudid, ainda conserva sua ornamenta\u00e7\u00e3o interna de intrincados trabalhos em estuque e tetos dourados, um prel\u00fadio ao estilo mud\u00e9jar reconhecido pela UNESCO, juntamente com La Seo e outros edif\u00edcios. Atualmente, o antigo pal\u00e1cio mouro abriga o parlamento aragon\u00eas, conectando o passado distante com a governan\u00e7a atual. A poucos quarteir\u00f5es de dist\u00e2ncia, os arcos esbeltos da prefeitura e as galerias de pedra da Lonja \u2014 outrora sede da casa de c\u00e2mbio medieval \u2014 ancoram um eixo c\u00edvico que flui em dire\u00e7\u00e3o ao Ebro. Ao longo do centro hist\u00f3rico, encontram-se n\u00e3o apenas as catedrais g\u00eameas, mas tamb\u00e9m uma d\u00fazia de igrejas de linhagens divergentes: San Pablo, Santa Mar\u00eda Magdalena e San Gil Abad, cujas torres podem, de fato, ser minaretes vestigiais; San Miguel e Santiago, ambas repletas de detalhes barrocos e tetos mud\u00e9jares do s\u00e9culo XVII; e Santa Engr\u00e1cia, uma bas\u00edlica cujo nome evoca tanto o mart\u00edrio quanto a santidade. Coletivamente, esses monumentos testemunham o di\u00e1logo incessante entre artes\u00e3os crist\u00e3os e mu\u00e7ulmanos, uma s\u00edntese de tijolo, telha e madeira que transcende o mero estilo para definir o vern\u00e1culo arquitet\u00f4nico da regi\u00e3o.<\/p>\n<p>Em espa\u00e7os extramuros, Sarago\u00e7a abriga uma profus\u00e3o de resid\u00eancias palacianas erguidas no s\u00e9culo XVI pela sua nobreza fundi\u00e1ria: os pal\u00e1cios dos Condes de Morata e Luna, a resid\u00eancia do De\u00e3o e a Real Maestranza, cada um um exerc\u00edcio de talha em pedra e detalhe escultural; as casas de Torrero e de Don Lope, esta \u00faltima agora dedicada a fun\u00e7\u00f5es c\u00edvicas; e as casas palacianas dos Condes de S\u00e1stago e Argillo, esta \u00faltima transformada no Museu Pablo Gargallo dedicado \u00e0s obras do escultor aragon\u00eas. Os museus da cidade estendem-se muito al\u00e9m destes antigos sal\u00f5es privados: o Museu Municipal de Sarago\u00e7a, gratuito e elogiado tanto pelos seus mosaicos da \u00e9poca romana como pela sua cole\u00e7\u00e3o de pinturas de Goya; o Museo Goya\u2013Colecci\u00f3n Ibercaja no edif\u00edcio Cam\u00f3n Aznar, que apresenta tanto obras permanentes como exposi\u00e7\u00f5es rotativas; e o Museu Educacional de Origami, situado no Centro de Hist\u00f3rias \u2014 um curioso testemunho da geometria universal do of\u00edcio.<\/p>\n<p>No ver\u00e3o de 2008, Zaragoza se reformulou como um f\u00f3rum internacional para a feira mundial dedicada \u00e0 \u00e1gua e ao desenvolvimento sustent\u00e1vel. A Expo 2008 inaugurou novos recintos ao longo do rio, entre eles a Torre del Agua e as linhas sinuosas da Ponte do Terceiro Mil\u00eanio. Esta \u00faltima, uma estrutura de concreto em arco de amarra\u00e7\u00e3o com v\u00e3o sem precedentes, possui seis faixas de tr\u00e1fego, duas ciclovias e duas passarelas de pedestres envidra\u00e7adas sobre o Ebro, incorporando tanto a ambi\u00e7\u00e3o utilit\u00e1ria quanto a gra\u00e7a escultural. O recinto da exposi\u00e7\u00e3o agora forma um enclave moderno onde os visitantes podem passear entre pavilh\u00f5es projetados por luminares como Zaha Hadid. A \u00fanica instala\u00e7\u00e3o que permanece aberta \u00e9 o Aqu\u00e1rio do Rio, que abriga esp\u00e9cies de \u00e1gua doce em uma sequ\u00eancia de tanques que simulam os diversos ecossistemas do Ebro.<\/p>\n<p>O transporte em Sarago\u00e7a \u00e9 orquestrado por uma rede integrada de ruas, bondes, \u00f4nibus, bicicletas e trens. Autoestradas irradiam da cidade em dire\u00e7\u00e3o \u00e0s principais metr\u00f3poles da Espanha \u2014 Madri, Barcelona, \u200b\u200bVal\u00eancia e Bilbao \u2014 cada uma delas a cerca de trezentos quil\u00f4metros de dist\u00e2ncia. Dentro da malha urbana, os \u00d4nibus Urbanos de Sarago\u00e7a operam trinta e uma rotas regulares \u2014 incluindo duas linhas circulares \u2014 dois corredores regulares, seis \u00f4nibus circulares (um dos quais gratuito) e sete linhas noturnas que operam nos fins de semana e datas festivas. Uma rede adicional de linhas interurbanas gerenciada pelo Cons\u00f3rcio de Transporte da \u00c1rea de Sarago\u00e7a estende o alcance da cidade a cidades e vilas adjacentes por meio de dezessete rotas regulares. O bonde de Sarago\u00e7a, cuja primeira linha liga Valdespartera ao Parque Goya, atravessa as avenidas da cidade em sil\u00eancio eletrificado, enquanto as ciclovias p\u00fablicas e o sistema bici zaragoza da cidade incentivam o transporte a pedal.<\/p>\n<p>As conex\u00f5es ferrovi\u00e1rias elevaram a import\u00e2ncia estrat\u00e9gica de Sarago\u00e7a: os trens de alta velocidade AVE da Renfe ligam a cidade a Madri em aproximadamente setenta e cinco minutos e a Barcelona em cerca de noventa minutos, enquanto a rede de trens urbanos Cercan\u00edas une esta\u00e7\u00f5es suburbanas sob a \u00e9gide da Renfe. A esta\u00e7\u00e3o Zaragoza\u2013Delicias atende ao tr\u00e1fego ferrovi\u00e1rio e de \u00f4nibus, sua arquitetura um contraponto modernista \u00e0s fachadas de pedra do centro hist\u00f3rico. Dez quil\u00f4metros a oeste, no distrito de Garrapinillos, fica o Aeroporto de Sarago\u00e7a. Suas opera\u00e7\u00f5es de carga superaram as de Barcelona\u2013El Prat em 2012, marcando-o como o principal centro de carga a\u00e9rea da Espanha; tamb\u00e9m acomoda o 15\u00ba Grupo da For\u00e7a A\u00e9rea Espanhola e, historicamente, serviu como local de pouso de conting\u00eancia para o \u00d4nibus Espacial da NASA no caso de um Aborto de Pouso Transoce\u00e2nico.<\/p>\n<p>O cotidiano em Sarago\u00e7a se desenvolve em meio a essas camadas de infraestrutura. Os passageiros gastam, em m\u00e9dia, 48 minutos por dia \u00fatil em transporte p\u00fablico; 9% enfrentam viagens que excedem duas horas, enquanto a espera m\u00e9dia nos pontos \u00e9 de 11 minutos e 12% dos passageiros esperam mais de 20. Uma \u00fanica viagem percorre, em m\u00e9dia, 4,2 quil\u00f4metros, embora 5% dos passageiros percorram mais de 12 quil\u00f4metros em uma \u00fanica dire\u00e7\u00e3o. Esses n\u00fameros ressaltam tanto a extens\u00e3o espacial da cidade quanto os ritmos de trabalho e lazer que conectam seus habitantes a locais de trabalho, escolas e locais culturais.<\/p>\n<p>O lazer em si assume muitas formas aqui. Na \u00e1rea norte, o Parque Grande Jos\u00e9 Antonio Labordeta se estende por hectares de gramados esculpidos, escadarias monumentais e jardins bot\u00e2nicos. Originalmente batizado em homenagem ao ditador Primo de Rivera, o parque foi rededicado em 2008 para homenagear Jos\u00e9 Antonio Labordeta, o cantor, compositor e figura pol\u00edtica aragon\u00eas cujas melodias animaram a Espanha democr\u00e1tica. Perto dos limites ocidentais do parque, a Puerta del Carmen se destaca como uma das doze entradas sobreviventes para as antigas fortifica\u00e7\u00f5es de Zaragoza; embora reconstru\u00edda em estilo neocl\u00e1ssico em 1789, sua apar\u00eancia desgastada \u2014 marcada por cicatrizes de cerco e, mais recentemente, por um acidente de \u00f4nibus em 1997 \u2014 mant\u00e9m uma aut\u00eantica aura de tristeza marcial. Mais abaixo, a Puente de Piedra, erguida no s\u00e9culo XV e reconstru\u00edda v\u00e1rias vezes ap\u00f3s as enchentes, agora \u00e9 frequentada principalmente por pedestres e tem em cada extremidade le\u00f5es esculpidos que simbolizam o bras\u00e3o her\u00e1ldico da cidade.<\/p>\n<p>Para quem busca descanso durante os ver\u00f5es escaldantes, Zaragoza oferece piscinas p\u00fablicas mantidas pela prefeitura em locais como o Centro Deportivo Municipal Actur, com sua extensa \u00e1rea de piscinas e gramados; o centro Salduba, dentro do Parque Primo de Rivera, com uma piscina ol\u00edmpica; e o Pal\u00e1cio Municipal de Esportes, onde \u00e1rvores que proporcionam sombra circundam piscinas menores. At\u00e9 o futebol tem seu palco em La Romareda, o est\u00e1dio do Real Zaragoza \u2014 que compete na Segunda Divis\u00e3o \u2014, com suas arquibancadas recebendo 33 mil espectadores a dois quil\u00f4metros a sudoeste da pra\u00e7a central.<\/p>\n<p>As tradi\u00e7\u00f5es culin\u00e1rias e folcl\u00f3ricas permanecem vitais. As Fiestas del Pilar, realizadas todo m\u00eas de outubro em homenagem \u00e0 suposta apari\u00e7\u00e3o da Virgem Maria a Santiago, atraem multid\u00f5es \u00e0s margens do rio, onde m\u00fasica, dan\u00e7a e banquetes comunit\u00e1rios transformam a Plaza del Pilar em um ponto central de identidade coletiva. Ao lado da fonte conhecida como Fuente de la Hispanidad \u2014 uma escultura aleg\u00f3rica que comemora a viagem de Colombo \u2014 encontra-se o posto de turismo, um portal para informa\u00e7\u00f5es selecionadas sobre a gastronomia local, apresenta\u00e7\u00f5es teatrais e os becos labir\u00ednticos do centro hist\u00f3rico.<\/p>\n<p>As compras tamb\u00e9m ocupam um lugar central na narrativa urbana. A Calle Alfonso I, exclusiva para pedestres, e seus arredores \u2014 que v\u00e3o do Residencial Para\u00edso, em Sagasta, \u00e0 Plaza de Espa\u00f1a \u2014 abrigam uma variedade de butiques, que v\u00e3o da alta costura na Francisco de Vitoria ao artesanato na Jaime I, passando pelos antiqu\u00e1rios da regi\u00e3o de San Bruno. Nas manh\u00e3s de domingo, o mercado de pulgas que se re\u00fane na Plaza de San Bruno oferece curiosidades de segunda m\u00e3o e objetos populares que refletem a heran\u00e7a mercantil da cidade.<\/p>\n<p>Para o visitante mais exigente, o Cart\u00e3o Zaragoza consolida entradas nos principais monumentos e museus, uso ilimitado do \u00f4nibus tur\u00edstico, viagens pr\u00e9-pagas em transporte p\u00fablico, visitas guiadas e at\u00e9 mesmo uma bebida e tapa de cortesia em estabelecimentos selecionados. Dispon\u00edvel nos formatos 24 e 48 horas, funciona como passaporte e livro-raz\u00e3o, facilitando o acesso \u00e0s diversas atra\u00e7\u00f5es da cidade sem sucumbir \u00e0 mercantiliza\u00e7\u00e3o.<\/p>\n<p>Assim, Zaragoza emerge em relevo: uma cidade ao mesmo tempo monumental e intimista, onde colunas romanas dialogam com arcos medievais, onde igrejas barrocas dominam fachadas Art Nouveau e onde os caprichos do clima \u2014 ver\u00f5es escaldantes, invernos ventosos \u2014 imprimem-se no ritual di\u00e1rio. \u00c9 uma capital que, apesar do seu tamanho, permanece fora do radar do turismo de massa, um lugar cujos baixos custos de hospedagem recompensam o viajante atento. Seja considerada um ponto de passagem conveniente entre Madri e Barcelona ou adotada como um destino por si s\u00f3, Zaragoza oferece um continuum de experi\u00eancias \u2014 arquitet\u00f4nicas, gastron\u00f4micas, perform\u00e1ticas e c\u00eanicas \u2014 que se coadunam em um retrato do interior profundo da Espanha, um interior moldado por rios, imp\u00e9rios e o pulso resoluto do esfor\u00e7o humano.<\/p>","protected":false},"excerpt":{"rendered":"<p>Sarago\u00e7a, a din\u00e2mica capital da prov\u00edncia espanhola de Arag\u00e3o, exemplifica a rica hist\u00f3ria e cultura da Pen\u00ednsula Ib\u00e9rica. Aninhada no meio do Vale do Ebro, esta cidade incr\u00edvel ocupa o quarto ou quinto lugar entre os munic\u00edpios mais populosos da Espanha, com 675.301 habitantes em 1\u00ba de janeiro de 2021. Com 973,78 quil\u00f4metros quadrados de topografia variada, incluindo a conflu\u00eancia dos rios Ebro, Huerva e G\u00e1llego, Sarago\u00e7a fica a cerca de 208 metros acima do n\u00edvel do mar.<\/p>","protected":false},"author":1,"featured_media":4200,"parent":13090,"menu_order":0,"comment_status":"closed","ping_status":"closed","template":"elementor_theme","meta":{"_eb_attr":"","footnotes":""},"class_list":["post-13232","page","type-page","status-publish","has-post-thumbnail"],"_links":{"self":[{"href":"https:\/\/travelshelper.com\/pt\/wp-json\/wp\/v2\/pages\/13232","targetHints":{"allow":["GET"]}}],"collection":[{"href":"https:\/\/travelshelper.com\/pt\/wp-json\/wp\/v2\/pages"}],"about":[{"href":"https:\/\/travelshelper.com\/pt\/wp-json\/wp\/v2\/types\/page"}],"author":[{"embeddable":true,"href":"https:\/\/travelshelper.com\/pt\/wp-json\/wp\/v2\/users\/1"}],"replies":[{"embeddable":true,"href":"https:\/\/travelshelper.com\/pt\/wp-json\/wp\/v2\/comments?post=13232"}],"version-history":[{"count":0,"href":"https:\/\/travelshelper.com\/pt\/wp-json\/wp\/v2\/pages\/13232\/revisions"}],"up":[{"embeddable":true,"href":"https:\/\/travelshelper.com\/pt\/wp-json\/wp\/v2\/pages\/13090"}],"wp:featuredmedia":[{"embeddable":true,"href":"https:\/\/travelshelper.com\/pt\/wp-json\/wp\/v2\/media\/4200"}],"wp:attachment":[{"href":"https:\/\/travelshelper.com\/pt\/wp-json\/wp\/v2\/media?parent=13232"}],"curies":[{"name":"wp","href":"https:\/\/api.w.org\/{rel}","templated":true}]}}