{"id":12648,"date":"2024-09-16T18:01:50","date_gmt":"2024-09-16T18:01:50","guid":{"rendered":"https:\/\/travelshelper.com\/staging\/?page_id=12648"},"modified":"2026-03-13T00:14:59","modified_gmt":"2026-03-13T00:14:59","slug":"reino-unido","status":"publish","type":"page","link":"https:\/\/travelshelper.com\/pt\/destinations\/europe\/united-kingdom\/","title":{"rendered":"Reino Unido"},"content":{"rendered":"<p>O Reino Unido da Gr\u00e3-Bretanha e Irlanda do Norte, um reino arquipel\u00e1gico de 94.354 milhas quadradas (244.376 km\u00b2) aninhado na borda noroeste da Europa continental, sustenta mais de 68,2 milh\u00f5es de habitantes em 2023. Abrangendo a ilha principal da Gr\u00e3-Bretanha, o sexto nordeste da Irlanda e uma constela\u00e7\u00e3o de ilhas menores espalhadas entre o Atl\u00e2ntico, Mar do Norte, Canal da Mancha, Mar C\u00e9ltico e Mar da Irlanda, esta uni\u00e3o de quatro na\u00e7\u00f5es \u2014 Inglaterra, Esc\u00f3cia, Pa\u00eds de Gales e Irlanda do Norte \u2014 se destaca como uma tape\u00e7aria geogr\u00e1fica e pol\u00edtica, suas extremidades separadas do norte da Fran\u00e7a por apenas 22 milhas abaixo do Canal da Mancha, mas ligadas \u00e0 Europa pelo T\u00fanel do Canal da Mancha de 31 milhas.<\/p>\n<p>Desde as primeiras pegadas no solo neol\u00edtico at\u00e9 a varredura das legi\u00f5es romanas em 43 d.C., as Ilhas Brit\u00e2nicas testemunharam o incessante esfor\u00e7o humano. Ap\u00f3s dois s\u00e9culos de dom\u00ednio romano, a partida das legi\u00f5es deu lugar a assentamentos anglo-sax\u00f5es que, ao longo dos s\u00e9culos, uniram reinos d\u00edspares. A conquista normanda em 1066 recalibrou a trajet\u00f3ria da Inglaterra, forjando uma ordem feudal que, ao final da Guerra das Rosas, no final do s\u00e9culo XV, produziria uma monarquia inglesa centralizada, pronta para a expans\u00e3o. No s\u00e9culo XVI, o Pa\u00eds de Gales estava anexado; ao longo dos s\u00e9culos seguintes, uma ambi\u00e7\u00e3o imperial se fundiu no Imp\u00e9rio Brit\u00e2nico, cujo dom\u00ednio, em seu auge na d\u00e9cada de 1920, se estenderia por mais de um quarto da massa terrestre e da popula\u00e7\u00e3o do planeta. No entanto, a gravidade de duas guerras mundiais e a mar\u00e9 inexor\u00e1vel da descoloniza\u00e7\u00e3o iriam corroer esse alcance global, deixando para tr\u00e1s uma Comunidade moderna de estados independentes e o atual Reino Unido, estabelecido pela Lei de T\u00edtulos Reais e Parlamentares de 1927.<\/p>\n<p>A resid\u00eancia da Coroa no topo do Pal\u00e1cio de Westminster, embora outrora monol\u00edtica em poder, foi restringida ao longo do s\u00e9culo XVII \u2014 principalmente pela Guerra Civil Inglesa \u2014 e gradualmente deu origem ao cargo de primeiro-ministro durante a era georgiana. Os Atos de Uni\u00e3o de 1707 fundiram a Inglaterra e a Esc\u00f3cia na Gr\u00e3-Bretanha, enquanto os Atos de Uni\u00e3o de 1800 uniram a Irlanda, formando o Reino Unido da Gr\u00e3-Bretanha e Irlanda. A secess\u00e3o da maior parte da Irlanda em 1922 remodelou o reino em sua itera\u00e7\u00e3o contempor\u00e2nea, compreendendo quatro jurisdi\u00e7\u00f5es distintas: Inglaterra e Pa\u00eds de Gales, Esc\u00f3cia e Irlanda do Norte. Desde 1999, Esc\u00f3cia, Pa\u00eds de Gales e Irlanda do Norte exercem autoridade descentralizada em quest\u00f5es que v\u00e3o da educa\u00e7\u00e3o \u00e0 sa\u00fade, embora Westminster mantenha a supervis\u00e3o da defesa, rela\u00e7\u00f5es exteriores e pol\u00edtica macroecon\u00f4mica.<\/p>\n<p>Geograficamente, o Reino Unido abrange as latitudes 49\u00b0 a 61\u00b0 N e as longitudes 9\u00b0 O a 2\u00b0 E. Os 17.820 km de litoral de sua ilha principal contribuem para uma faixa insular total de quase 31.368 km \u2014 embora o n\u00famero exato flutue com as medidas onduladas do paradoxo do litoral. A fronteira terrestre de 499 km da Irlanda do Norte com a Rep\u00fablica da Irlanda demonstra a complexa divis\u00e3o da ilha, enquanto o litoral de 650 km do pa\u00eds emoldura suas colinas onduladas e lagos dispersos. Sob o clima temperado mar\u00edtimo, dominado por ventos de sudoeste amenos e \u00famidos, aquecidos pela Corrente do Golfo, o Reino Unido raramente experimenta extremos \u2014 as geadas de inverno raramente descem muito abaixo de 0 \u00b0C (32 \u00b0F), nem as m\u00e1ximas de ver\u00e3o persistem acima de 30 \u00b0C (86 \u00b0F) \u2014 mesmo quando os enclaves de terras altas da Esc\u00f3cia se aproximam das condi\u00e7\u00f5es sub\u00e1rticas e da tundra. A m\u00e9dia anual de sol \u00e9 de cerca de 1.340 horas, embora a varia\u00e7\u00e3o regional registre totais entre aproximadamente 1.200 e 1.580 horas, um n\u00famero que tem apresentado tend\u00eancia de aumento desde o final da d\u00e9cada de 1990.<\/p>\n<p>Sob esse guarda-chuva clim\u00e1tico, encontram-se quatro ecorregi\u00f5es terrestres: florestas celtas de folhas largas, florestas de faias das Terras Baixas Inglesas, florestas mistas \u00famidas do Atl\u00e2ntico Norte e florestas de con\u00edferas da Caled\u00f4nia. Aproximadamente 3,25 milh\u00f5es de hectares \u2014 cerca de 13% do territ\u00f3rio \u2014 s\u00e3o cobertos por florestas, um testemunho tanto da persist\u00eancia natural quanto da conserva\u00e7\u00e3o coordenada. A malha belga de rodovias e art\u00e9rias ferrovi\u00e1rias encontra a linha meridiana do Observat\u00f3rio Real de Greenwich inscrita na longitude zero, um marco duradouro do papel fundamental da Gr\u00e3-Bretanha no mapeamento do globo.<\/p>\n<p>Como a primeira na\u00e7\u00e3o industrializada do mundo, os avan\u00e7os tecnol\u00f3gicos, a agricultura mecanizada e a produ\u00e7\u00e3o industrial da Gr\u00e3-Bretanha durante os s\u00e9culos XVIII e XIX a impulsionaram \u00e0 proemin\u00eancia econ\u00f4mica. Londres floresceu como o principal centro financeiro do mundo, orquestrando transa\u00e7\u00f5es di\u00e1rias de c\u00e2mbio que agora representam 38,1% de um mercado de US$ 7,5 trilh\u00f5es. Mesmo com o imp\u00e9rio, sustentado por robustas redes comerciais e uma vasta frota mercante, contra\u00eddo ap\u00f3s dois conflitos globais e ondas de descoloniza\u00e7\u00e3o, o Reino Unido manteve grande parte de sua influ\u00eancia financeira. Hoje, o Reino Unido est\u00e1 entre as maiores economias em termos de PIB nominal, com sua moeda \u2014 a libra esterlina \u2014 sendo a quarta mais negociada e a quarta maior moeda de reserva do mundo, e sua paridade hist\u00f3rica intacta pela redenomina\u00e7\u00e3o.<\/p>\n<p>No entanto, por tr\u00e1s dessas fachadas de prosperidade, escondem-se desigualdades marcantes. A economia social de mercado do Reino Unido, embora apresente um alto \u00cdndice de Desenvolvimento Humano (IDH), tamb\u00e9m registra uma das maiores disparidades de renda da OCDE. A pol\u00edtica fiscal h\u00e1 muito busca conciliar o dinamismo do mercado com o bem-estar social, mesmo com a persist\u00eancia de debates sobre o equil\u00edbrio no parlamento e entre a popula\u00e7\u00e3o. Apesar dessas tens\u00f5es, o soft power brit\u00e2nico mant\u00e9m sua formid\u00e1vel influ\u00eancia: estruturas jur\u00eddicas modeladas no direito consuetudin\u00e1rio ingl\u00eas, a ubiquidade da l\u00edngua inglesa \u2014 agora a mais falada no mundo e a terceira l\u00edngua nativa mais comum \u2014 e a difus\u00e3o global de exporta\u00e7\u00f5es culturais, de Shakespeare aos Beatles, atestam uma resson\u00e2ncia cultural que se estende muito al\u00e9m dessas ilhas.<\/p>\n<p>A Inglaterra, o maior constituinte tanto em \u00e1rea quanto em popula\u00e7\u00e3o \u2014 representando 53% do territ\u00f3rio total, com 130.395 km\u00b2 (50.350 milhas quadradas) \u2014 \u00e9 caracterizada por terrenos dicot\u00f4micos de plan\u00edcies e terras altas. Abaixo da diagonal da linha Tees-Exe, encontram-se plan\u00edcies pastoris: Norfolk Broads, South Downs, New Forest e as vistas onduladas da Cornualha. A noroeste, as colinas e vales do Distrito dos Lagos sobem em dire\u00e7\u00e3o aos 978 metros de Scafell Pike (3.209 p\u00e9s); os Peninos e os Yorkshire Dales em outras partes esculpem uma silhueta acidentada, enquanto Exmoor e Dartmoor evocam charnecas primitivas.<\/p>\n<p>A Esc\u00f3cia, que abrange 32% do reino com 78.772 km\u00b2 (30.410 milhas quadradas), \u00e9 uma terra de contrastes. Quase 800 ilhas se espalham ao longo da costa \u2014 H\u00e9bridas, \u00d3rcades, Shetland \u2014 enquanto as Terras Altas concentram a maior parte do territ\u00f3rio montanhoso. No interior, o Lago Lomond e as Trossachs apresentam \u00e1guas cristalinas emolduradas por florestas antigas; mais ao norte, Ben Nevis preside como o pico mais alto das Ilhas Brit\u00e2nicas, com 1.345 metros (4.413 p\u00e9s). Al\u00e9m de panoramas acidentados, as cosmopolitas Edimburgo e Glasgow pulsam com arquitetura, festivais e ind\u00fastria.<\/p>\n<p>O Pa\u00eds de Gales, que ocupa menos de 9% da \u00e1rea do Reino Unido (20.779 km\u00b2 ou 8.020 milhas quadradas), afirma seu car\u00e1ter montanhoso em Snowdonia, lar de Yr Wyddfa \u2014 Snowdon \u2014, que se eleva a 1.085 metros (3.560 p\u00e9s). A costa de Pembrokeshire, com mais de 2.704 km de litoral, convida \u00e0 explora\u00e7\u00e3o itinerante, e Anglesey se destaca como a maior das v\u00e1rias ilhas costeiras, preservando antigas tradi\u00e7\u00f5es celtas e a vida moderna.<\/p>\n<p>A Irlanda do Norte, com uma \u00e1rea de 14.160 km\u00b2, \u00e9 caracterizada por planaltos ondulados, o extenso Lough Neagh \u2014 388 km\u00b2, o maior lago das Ilhas Brit\u00e2nicas \u2014 e as c\u00e9lebres colunas de basalto da Cal\u00e7ada dos Gigantes, Patrim\u00f4nio Mundial da UNESCO. Seu pico mais alto, Slieve Donard, nas Mournes, atinge 852 metros (2.795 p\u00e9s), uma sentinela silenciosa de s\u00e9culos de interc\u00e2mbio e conflito cultural.<\/p>\n<p>Al\u00e9m do Reino Unido propriamente dito, encontram-se as Depend\u00eancias da Coroa \u2014 Guernsey e seus sat\u00e9lites Alderney, Herm e Sark, e Jersey \u2014 cada uma oferecendo vest\u00edgios da heran\u00e7a anglo-normanda e, por vezes, climas inesperados moldados pela proximidade com a Fran\u00e7a continental. A Ilha de Man, no meio do Canal da Mancha, preserva seus costumes celtas, uma corrida anual de motocicletas TT e o parlamento mais antigo do mundo. Mais distantes, quatorze Territ\u00f3rios Ultramarinos \u2014 da beleza subtropical das Bermudas e das Ilhas Cayman \u00e0s extens\u00f5es varridas pelo vento da Ant\u00e1rtida Brit\u00e2nica \u2014 estendem o alcance da Coroa, cada um governado por estatutos distintos e trilhas geograficamente remotas.<\/p>\n<p>Dentro das quatro na\u00e7\u00f5es, cidades e vilas apresentam um mosaico de hist\u00f3rias. Londres, uma metr\u00f3pole incompar\u00e1vel em influ\u00eancia global, transborda de marcos hist\u00f3ricos \u2014 Westminster, a Torre de Londres, o Museu Brit\u00e2nico \u2014 cada um deles um fio condutor de uma narrativa em constante desenvolvimento. Belfast, emergindo da renova\u00e7\u00e3o urbana, pulsa com energia criativa, enquanto Bristol equilibra fachadas georgianas e artes modernas com a heran\u00e7a mar\u00edtima. O passado de Cardiff, movido a carv\u00e3o, d\u00e1 lugar a uma vibrante cena art\u00edstica \u00e0 beira da ba\u00eda; Edimburgo, perdendo apenas para Londres em n\u00famero de visitantes, sedia o maior festival de artes do mundo todo m\u00eas de agosto, em meio a clareiras medievais e penhascos vulc\u00e2nicos. Glasgow une o esplendor vitoriano \u00e0 inova\u00e7\u00e3o art\u00edstica, Liverpool retoma seu legado de cidade portu\u00e1ria por meio da m\u00fasica e do esporte, e Manchester, ao longo de d\u00e9cadas, se remodelou de epicentro industrial a centro cultural. As antigas muralhas e vest\u00edgios romanos de York falam de mil\u00eanios de tape\u00e7aria humana entrela\u00e7ados em seu plano urbano.<\/p>\n<p>No entanto, mesmo al\u00e9m desses encontros urbanos, o Reino Unido se desdobra em locais singulares de drama elementar. As colunas poligonais da Cal\u00e7ada dos Gigantes erguem-se do Atl\u00e2ntico, os penhascos da Pen\u00ednsula de Gower emolduram as brisas salgadas da Ba\u00eda de Swansea e as pedras em ru\u00ednas da Muralha de Adriano tra\u00e7am as ambi\u00e7\u00f5es mais distantes de Roma. A Ilha de Arran, frequentemente descrita como &#034;Esc\u00f3cia em miniatura&#034;, condensa montanhas, florestas e litoral em uma \u00fanica excurs\u00e3o, enquanto as bacias hidrogr\u00e1ficas do Distrito dos Lagos refletem os versos melanc\u00f3licos de Wordsworth. Nas profundezas do Lago Ness, o folclore agita-se ao longo de antigas linhas costeiras, e o Distrito dos Picos atrai milh\u00f5es para suas alturas acess\u00edveis. Os picos cobertos de ard\u00f3sia de Snowdonia convidam a desafios tanto musculares quanto mentais, e as pedras monol\u00edticas de Stonehenge, desgastadas por 4.500 anos, continuam a seduzir estudiosos e peregrinos.<\/p>\n<p>Culturalmente rico e ecologicamente variado, politicamente matizado, mas unificado por institui\u00e7\u00f5es compartilhadas, o Reino Unido encontra-se hoje numa encruzilhada entre hist\u00f3ria e modernidade. A sua monarquia constitucional e a sua democracia parlamentar \u2013 divididas entre tr\u00eas sistemas jur\u00eddicos distintos, mas unidos sob uma \u00fanica Coroa \u2013 forjam um equil\u00edbrio entre costumes antigos e governa\u00e7\u00e3o contempor\u00e2nea. A sua economia, simultaneamente orientada para o mercado e socialmente consciente, luta contra a desigualdade, mesmo enquanto domina os mercados financeiros e comerciais globais. A sua l\u00edngua, literatura, m\u00fasica e desporto projetam um soft power que ultrapassa em muito as suas fronteiras f\u00edsicas, moldando o discurso e a identidade globais. Para o viajante, o acad\u00e9mico ou o residente, estas ilhas apresentam n\u00e3o um quadro est\u00e1tico, mas uma narrativa em constante desenvolvimento \u2013 na qual o passado e o presente dialogam continuamente, cada um informando o outro num di\u00e1logo que \u00e9 ao mesmo tempo \u00edntimo e grandioso.<\/p>","protected":false},"excerpt":{"rendered":"<p>O Reino Unido da Gr\u00e3-Bretanha e Irlanda do Norte, frequentemente chamado de Reino Unido (UK) ou Gr\u00e3-Bretanha, \u00e9 uma na\u00e7\u00e3o soberana situada na costa noroeste da Europa continental. Com uma popula\u00e7\u00e3o de cerca de 67,6 milh\u00f5es em 2022, o Reino Unido se estende pelo Canal da Mancha ao sul e pelo Mar do Norte a leste, ocupando uma posi\u00e7\u00e3o estrat\u00e9gica no Oceano Atl\u00e2ntico Norte. Composta por quatro pa\u00edses distintos \u2014 Inglaterra, Esc\u00f3cia, Pa\u00eds de Gales e Irlanda do Norte \u2014 esta na\u00e7\u00e3o insular cobre uma \u00e1rea total de 244.376 km\u00b2 (94.354 milhas quadradas).<\/p>","protected":false},"author":1,"featured_media":4691,"parent":24078,"menu_order":0,"comment_status":"closed","ping_status":"closed","template":"elementor_theme","meta":{"_eb_attr":"","footnotes":""},"class_list":["post-12648","page","type-page","status-publish","has-post-thumbnail"],"_links":{"self":[{"href":"https:\/\/travelshelper.com\/pt\/wp-json\/wp\/v2\/pages\/12648","targetHints":{"allow":["GET"]}}],"collection":[{"href":"https:\/\/travelshelper.com\/pt\/wp-json\/wp\/v2\/pages"}],"about":[{"href":"https:\/\/travelshelper.com\/pt\/wp-json\/wp\/v2\/types\/page"}],"author":[{"embeddable":true,"href":"https:\/\/travelshelper.com\/pt\/wp-json\/wp\/v2\/users\/1"}],"replies":[{"embeddable":true,"href":"https:\/\/travelshelper.com\/pt\/wp-json\/wp\/v2\/comments?post=12648"}],"version-history":[{"count":0,"href":"https:\/\/travelshelper.com\/pt\/wp-json\/wp\/v2\/pages\/12648\/revisions"}],"up":[{"embeddable":true,"href":"https:\/\/travelshelper.com\/pt\/wp-json\/wp\/v2\/pages\/24078"}],"wp:featuredmedia":[{"embeddable":true,"href":"https:\/\/travelshelper.com\/pt\/wp-json\/wp\/v2\/media\/4691"}],"wp:attachment":[{"href":"https:\/\/travelshelper.com\/pt\/wp-json\/wp\/v2\/media?parent=12648"}],"curies":[{"name":"wp","href":"https:\/\/api.w.org\/{rel}","templated":true}]}}