{"id":12613,"date":"2024-09-16T17:14:40","date_gmt":"2024-09-16T17:14:40","guid":{"rendered":"https:\/\/travelshelper.com\/staging\/?page_id=12613"},"modified":"2026-03-13T00:17:05","modified_gmt":"2026-03-13T00:17:05","slug":"ucrania","status":"publish","type":"page","link":"https:\/\/travelshelper.com\/pt\/destinations\/europe\/ukraine\/","title":{"rendered":"Ucr\u00e2nia"},"content":{"rendered":"<p>A Ucr\u00e2nia, o segundo maior pa\u00eds da Europa, estende-se por 603.550 quil\u00f4metros quadrados de plan\u00edcie praticamente desimpedida, pontuada por planaltos, florestas e duas modestas cadeias de montanhas. Abrangendo latitudes de 44\u00b0 a 53\u00b0 norte e longitudes de 22\u00b0 a 41\u00b0 leste, faz fronteira com sete na\u00e7\u00f5es \u2014 Bielorr\u00fassia ao norte, Pol\u00f4nia e Eslov\u00e1quia a oeste, Hungria, Rom\u00eania e Mold\u00e1via a sudoeste, e R\u00fassia a leste e nordeste \u2014 e tem frente para o Mar Negro e o Mar de Azov ao sul e sudeste. Sua capital, Kiev, abriga uma popula\u00e7\u00e3o que j\u00e1 ultrapassou 40 milh\u00f5es de habitantes antes das convuls\u00f5es dos \u00faltimos anos, e a l\u00edngua oficial do pa\u00eds, o ucraniano, ressoa desde o sop\u00e9 dos C\u00e1rpatos at\u00e9 a costa da Crimeia.<\/p>\n<p>Os humanos pisaram pela primeira vez nesta extens\u00e3o h\u00e1 trinta e dois mil\u00eanios, e sua presen\u00e7a \u00e9 atestada por artefatos paleol\u00edticos que emergem esporadicamente da terra negra. No s\u00e9culo IX, surgiu um estado, mais tarde denominado Rus&#039; de Kiev, que nos s\u00e9culos X e XI figurava entre as grandes pot\u00eancias da Europa, com suas principais cidades brilhando com c\u00fapulas douradas e suas rotas mercantis estendendo-se pela estepe. No entanto, rivalidades internas fragmentaram esse reino e, em 1240, o avan\u00e7o dos mong\u00f3is extinguiu seus \u00faltimos vest\u00edgios, enviando os sobreviventes para o leste ou oeste sob o dom\u00ednio da Litu\u00e2nia, Pol\u00f4nia, dos Imp\u00e9rios Otomano e Austr\u00edaco, ou do czarismo de Moscou.<\/p>\n<p>No s\u00e9culo XVII, o Hetmanato Cossaco surgiu nas estepes centrais, proporcionando um breve gostinho de autogoverno antes de sua divis\u00e3o entre a R\u00fassia e a Pol\u00f4nia e sua absor\u00e7\u00e3o final pelo Imp\u00e9rio Russo. O alvorecer do s\u00e9culo XX viu o surgimento do nacionalismo ucraniano. Em meio \u00e0s convuls\u00f5es de 1917, a Ucr\u00e2nia declarou-se rep\u00fablica, apenas para ser incorporada \u00e0 Uni\u00e3o Sovi\u00e9tica em 1922 como a Rep\u00fablica Socialista Sovi\u00e9tica Ucraniana. No in\u00edcio da d\u00e9cada de 1930, uma fome provocada pelo homem, o Holodomor, ceifou milh\u00f5es de vidas, e durante a Segunda Guerra Mundial o territ\u00f3rio sofreu duas ocupa\u00e7\u00f5es e perdas civis impressionantes, incluindo a maioria de sua popula\u00e7\u00e3o judaica.<\/p>\n<p>Com a dissolu\u00e7\u00e3o da Uni\u00e3o Sovi\u00e9tica em 1991, a Ucr\u00e2nia proclamou sua independ\u00eancia e, em 1996, adotou uma nova constitui\u00e7\u00e3o, comprometendo-se com a governan\u00e7a democr\u00e1tica e a economia de mercado \u2014 uma ambi\u00e7\u00e3o dificultada pela corrup\u00e7\u00e3o end\u00eamica e pela persist\u00eancia de legados estatistas. A Revolu\u00e7\u00e3o Laranja de 2004-2005 trouxe reformas eleitorais, enquanto em 2014 manifesta\u00e7\u00f5es em massa culminaram na anexa\u00e7\u00e3o da Crimeia pelo Kremlin e na eclos\u00e3o do conflito em Donbass. Uma invas\u00e3o em larga escala em 2022 aprofundou tanto a determina\u00e7\u00e3o nacional quanto a preocupa\u00e7\u00e3o global.<\/p>\n<p>Hoje, a Ucr\u00e2nia mant\u00e9m seu status de rep\u00fablica unit\u00e1ria e semipresidencialista, com o sexto maior ex\u00e9rcito do planeta e um or\u00e7amento de defesa entre os dez maiores do mundo. Solos f\u00e9rteis e negros produzem vastas colheitas de gr\u00e3os, h\u00e1 muito essenciais para a seguran\u00e7a alimentar global, embora essas colheitas tenham sido amea\u00e7adas por conflitos. Sua economia ocupa o pior lugar em termos nominais per capita na Europa, assolada pela corrup\u00e7\u00e3o, mesmo com a expans\u00e3o de seus la\u00e7os com a Uni\u00e3o Europeia e a candidatura \u00e0 ades\u00e3o \u00e0 OTAN em 2022.<\/p>\n<p>A geografia do pa\u00eds se estende a partir da ampla Plan\u00edcie do Leste Europeu, onde os rios Dnieper, Dniester, Bug do Sul e Seversky Donets cortam as estepes em sua jornada para o sul, em dire\u00e7\u00e3o ao Mar Negro e ao Mar de Azov, um pouco menor. No sudoeste, o Delta do Dan\u00fabio marca uma fronteira aqu\u00e1tica com a Rom\u00eania, com seus canais entrela\u00e7ados entre p\u00e2ntanos, e mais ao sul, as Montanhas da Crimeia se erguem em cristas modestas e r\u00edgidas, com seu pico mais alto a apenas dois mil metros acima do n\u00edvel do mar. A oeste, os C\u00e1rpatos elevam-se at\u00e9 os 2.061 metros de Hoverla, entrela\u00e7ando o c\u00e9u acima das florestas que anunciam as mudan\u00e7as das esta\u00e7\u00f5es. Entre essas terras altas, encontram-se planaltos \u2014 Volyn-Podillia, Pr\u00f3ximo-Dnipro, a Cordilheira de Donets, Pr\u00f3ximo-Azov \u2014 conferindo uma ondula\u00e7\u00e3o sutil \u00e0 plan\u00edcie.<\/p>\n<p>Sob o solo, encontram-se riquezas naturais substanciais: l\u00edtio em demanda incipiente, caulim e madeira, vastas reservas de g\u00e1s natural e, acima de tudo, terra cuja fertilidade revolvida confere \u00e0 Ucr\u00e2nia o seu ep\u00edteto hist\u00f3rico de &#034;celeiro da Europa&#034;. No entanto, as tens\u00f5es ambientais decorrem da polui\u00e7\u00e3o industrial, do desmatamento, da escassez de \u00e1gua em algumas regi\u00f5es e da persistente contamina\u00e7\u00e3o radioativa ao redor de Chernobyl, remanescentes da cat\u00e1strofe do reator de 1986. A guerra causou novas feridas ecol\u00f3gicas: a destrui\u00e7\u00e3o deliberada da Represa de Kakhovka e milh\u00f5es de toneladas de entulho contaminado infligiram o que os especialistas chamam de ecoc\u00eddio, com custos de recupera\u00e7\u00e3o estimados em dezenas de bilh\u00f5es de d\u00f3lares.<\/p>\n<p>Em termos clim\u00e1ticos, a configura\u00e7\u00e3o de latitude m\u00e9dia da Ucr\u00e2nia produz um regime continental na maior parte de sua extens\u00e3o. As temperaturas m\u00e9dias anuais no norte oscilam entre 5,5 \u00b0C e 7 \u00b0C, enquanto a costa sul apresenta leituras mais amenas, de 11 \u00b0C a 13 \u00b0C. A precipita\u00e7\u00e3o diminui de oeste para leste, alimentando os C\u00e1rpatos com quase 1,2 metro de chuva anualmente e deixando o litoral do Mar Negro com apenas 0,4 metro. Os invernos congelam os rios, restringindo o com\u00e9rcio mar\u00edtimo; os ver\u00f5es, em alguns setores, s\u00e3o amea\u00e7ados pela contra\u00e7\u00e3o dos fluxos de \u00e1gua, que colocam em risco a economia agr\u00e1ria \u00e0 medida que as mudan\u00e7as clim\u00e1ticas se intensificam.<\/p>\n<p>Art\u00e9rias de transporte atravessam o pa\u00eds. Mais de 1.600 km de vias fluviais naveg\u00e1veis \u200b\u200batravessam sete rios \u2014 predominantemente o Dan\u00fabio, o Dnieper e o Pripyat \u2014, mas o gelo as restringe a cada inverno. As ferrovias, mais densas na regi\u00e3o industrial de Donbass, estendem-se de cidades portu\u00e1rias a f\u00e1bricas e campos, preservando a posi\u00e7\u00e3o da Ucr\u00e2nia como uma das na\u00e7\u00f5es mais dependentes de ferrovias do mundo. A companhia a\u00e9rea nacional do pa\u00eds, a Ukraine International Airlines, conectava o centro de Boryspil, em Kiev, \u00e0 Europa, Oriente M\u00e9dio, Am\u00e9rica do Norte e \u00c1sia, at\u00e9 que adversidades em tempos de guerra restringiram os voos civis.<\/p>\n<p>Antes de 2022, mais de oito milh\u00f5es de viajantes chegavam anualmente, tornando a Ucr\u00e2nia o oitavo destino mais visitado da Europa. Os principais atrativos inclu\u00edam Kiev, com seus tesouros ortodoxos dourados; os terra\u00e7os de Odesa sobre o mar; as largas avenidas de Kharkiv; e os trechos ribeirinhos de Dnipro. Lviv, a joia ocidental, preserva paisagens urbanas medievais intocadas sob a prote\u00e7\u00e3o da UNESCO. Seu Pal\u00e1cio Korniakt e suas igrejas com afrescos evocam a influ\u00eancia multifacetada da regi\u00e3o, enquanto a Galeria Nacional de Arte preserva legados barrocos e modernistas. A Catedral de Santa Sofia de Kiev e os mosteiros de Pechersk Lavra brilham no topo de c\u00fapulas cer\u00faleas, presidindo Andriyivsky Uzviz, onde artistas e artes\u00e3os convergem em um fluxo de cor e artesanato. Os visitantes antigamente partiam do porto de Odesa para Istambul ou Varna, e balsas navegavam pelo Mar Negro sob a bandeira da Ukrferry.<\/p>\n<p>As riquezas naturais da Ucr\u00e2nia estendem-se dos cumes arredondados dos C\u00e1rpatos \u2014 onde trilhas levam por corredores florestais at\u00e9 alturas panor\u00e2micas \u2014 at\u00e9 a Reserva da Biosfera do Delta do Dan\u00fabio, onde canais ladeados por juncos fervilham de aves aqu\u00e1ticas. Em Vylkovo, a &#034;Veneza ucraniana&#034;, canais estreitos guiam barcos de madeira sob salgueiros e gaivotas, enquanto os esportes de inverno florescem em meio \u00e0s encostas nevadas mais a oeste.<\/p>\n<p>Os n\u00fameros populacionais antes do conflito de 2022 somavam mais de 41 milh\u00f5es de habitantes, dos quais cerca de 67% residiam em cidades, principalmente nas regi\u00f5es industrializadas do leste e sudeste. A modesta densidade urbana de 69,5 habitantes por quil\u00f4metro quadrado contrasta com a m\u00e9dia europeia, mas in\u00fameras aldeias est\u00e3o diminuindo \u00e0 medida que as press\u00f5es demogr\u00e1ficas aumentam. A expectativa de vida ao nascer atingiu 73 anos no total, com uma diferen\u00e7a de g\u00eanero \u2014 78 para mulheres e 68 para homens.<\/p>\n<p>F\u00e9 e costumes se entrela\u00e7am. A Ucr\u00e2nia abriga a segunda maior comunidade ortodoxa oriental do mundo, e suas liturgias ecoam tanto nos corredores das catedrais quanto nas igrejas das aldeias. Uma pesquisa de 2021 registrou a cren\u00e7a em oitenta e dois por cento dos entrevistados, com as regi\u00f5es ocidentais sendo as mais devotas e o Donbass e as prov\u00edncias orientais as menos. As tradi\u00e7\u00f5es populares perduram: os av\u00f3s costumam ser os principais respons\u00e1veis \u200b\u200bpelas crian\u00e7as, e o calend\u00e1rio ortodoxo molda as festividades. Artes decorativas como a pintura Petrykivka e a cer\u00e2mica Kosiv tra\u00e7am s\u00e9culos de artesanato rural, enquanto as can\u00e7\u00f5es cossacas preservam coreografias marciais e versos \u00e9picos.<\/p>\n<p>A express\u00e3o liter\u00e1ria e art\u00edstica carrega a marca da convuls\u00e3o pol\u00edtica. Sob o decreto de realismo socialista de Stalin, de 1932, as vozes criativas foram restringidas, mas, na d\u00e9cada de 1980, a glasnost restaurou a liberdade para experimenta\u00e7\u00e3o, gerando um renascimento que continua sob governan\u00e7a independente. A UNESCO reconheceu oito s\u00edtios ucranianos e, em 2023, verificou danos a mais de duzentos bens culturais em meio \u00e0 guerra. O centro hist\u00f3rico de Odessa est\u00e1 agora inscrito na Lista do Patrim\u00f4nio Mundial em Perigo, um testemunho de um patrim\u00f4nio amea\u00e7ado por conflitos.<\/p>\n<p>Os ovos de P\u00e1scoa, ou pysanky, exemplificam uma arte mais antiga que o cristianismo nestas plan\u00edcies. Um processo complexo de aplica\u00e7\u00e3o de cera e camadas de tinta transforma cada ovo numa cr\u00f4nica em miniatura de s\u00edmbolos e cores. O Museu Kolomyia de Pysanka, inaugurado em 2000, personifica esse legado, sendo ele pr\u00f3prio aclamado como um marco moderno ucraniano.<\/p>\n<p>Desde 2012, o Minist\u00e9rio da Cultura do estado compilou um invent\u00e1rio do patrim\u00f4nio imaterial, enumerando 103 itens at\u00e9 julho de 2024 \u2014 abrangendo desde tradi\u00e7\u00f5es orais at\u00e9 observ\u00e2ncias rituais \u2014 cada um deles um fio condutor da hist\u00f3ria nacional. A arquitetura espelha a hist\u00f3ria: c\u00fapulas bizantinas da R\u00fassia de Kiev, o Renascimento polon\u00eas na Gal\u00edcia, ornamentos austro-h\u00fangaros em Lviv, o barroco russo em Kiev, as Khrushchyovkas da era sovi\u00e9tica que se estendem pelas periferias urbanas. Os horizontes atuais justap\u00f5em a austeridade sovi\u00e9tica com interven\u00e7\u00f5es contempor\u00e2neas, sugerindo o di\u00e1logo n\u00e3o resolvido entre passado e presente.<\/p>\n<p>As pr\u00e1ticas culin\u00e1rias refletem a conflu\u00eancia entre solo e costumes. O frango domina o consumo de carne, seguido pela carne de porco e bovina; vegetais \u2014 batata, repolho, cogumelos e beterraba \u2014 fornecem sustento fundamental. Variedades em conserva s\u00e3o consideradas iguarias, enquanto o salo, gordura de porco salgada, \u00e9 aclamado nacionalmente. O p\u00e3o feito de centeio e trigo \u2014 ambos prosperando no f\u00e9rtil chernozem \u2014 comp\u00f5e as refei\u00e7\u00f5es, e o repert\u00f3rio inclui varenyky (bolinhos de massa), nalysnyky (crepes), kapusnyak (sopa de repolho), borscht (sopa de beterraba azeda) e holubtsi (rolinhos de repolho). Paska e korovai marcam a P\u00e1scoa e os ritos matrimoniais, e o bolo doce de Kiev comemora a tradi\u00e7\u00e3o da capital. As bebidas variam de uzvar (compota de frutas secas) e ryazhanka (creme fermentado) a horilka, com o consumo per capita de bebidas destiladas entre os mais altos do mundo, apesar dos decl\u00ednios recentes.<\/p>\n<p>O vigor industrial, o peso agr\u00edcola e a heran\u00e7a cultural da Ucr\u00e2nia se unem para definir uma pot\u00eancia m\u00e9dia nos assuntos mundiais, um membro fundador das Na\u00e7\u00f5es Unidas que luta contra agress\u00f5es externas enquanto aprofunda la\u00e7os com estruturas europeias. Seus abundantes recursos naturais e seu passado hist\u00f3rico moldaram um povo resiliente em meio \u00e0 turbul\u00eancia. Das margens congeladas do Dnieper \u00e0s encostas verdejantes dos C\u00e1rpatos, das torres douradas de Kiev aos canais de Vylkovo, os diversos reinos da Ucr\u00e2nia tra\u00e7am uma narrativa t\u00e3o vasta e f\u00e9rtil quanto as pr\u00f3prias plan\u00edcies.<\/p>","protected":false},"excerpt":{"rendered":"<p>A Ucr\u00e2nia, localizada na Europa Oriental, \u00e9 o segundo maior pa\u00eds europeu depois da R\u00fassia, com uma popula\u00e7\u00e3o de cerca de 44 milh\u00f5es em 2021. Estrategicamente localizada na jun\u00e7\u00e3o da Europa e da \u00c1sia, a Ucr\u00e2nia abrange 603.548 quil\u00f4metros quadrados e, portanto, \u00e9 um ator importante no cen\u00e1rio geopol\u00edtico da regi\u00e3o. R\u00fassia a leste e nordeste; Bielorr\u00fassia ao norte; Pol\u00f4nia e Eslov\u00e1quia a oeste; Hungria, Rom\u00eania e Mold\u00e1via a sudoeste; o pa\u00eds faz fronteira com v\u00e1rios outros pa\u00edses. Al\u00e9m disso, seu extenso litoral ao longo do Mar Negro e do Mar de Azov ao sul e sudeste proporciona \u00e0 Ucr\u00e2nia um acesso mar\u00edtimo significativo.<\/p>","protected":false},"author":1,"featured_media":3198,"parent":24078,"menu_order":0,"comment_status":"closed","ping_status":"closed","template":"elementor_theme","meta":{"_eb_attr":"","footnotes":""},"class_list":["post-12613","page","type-page","status-publish","has-post-thumbnail"],"_links":{"self":[{"href":"https:\/\/travelshelper.com\/pt\/wp-json\/wp\/v2\/pages\/12613","targetHints":{"allow":["GET"]}}],"collection":[{"href":"https:\/\/travelshelper.com\/pt\/wp-json\/wp\/v2\/pages"}],"about":[{"href":"https:\/\/travelshelper.com\/pt\/wp-json\/wp\/v2\/types\/page"}],"author":[{"embeddable":true,"href":"https:\/\/travelshelper.com\/pt\/wp-json\/wp\/v2\/users\/1"}],"replies":[{"embeddable":true,"href":"https:\/\/travelshelper.com\/pt\/wp-json\/wp\/v2\/comments?post=12613"}],"version-history":[{"count":0,"href":"https:\/\/travelshelper.com\/pt\/wp-json\/wp\/v2\/pages\/12613\/revisions"}],"up":[{"embeddable":true,"href":"https:\/\/travelshelper.com\/pt\/wp-json\/wp\/v2\/pages\/24078"}],"wp:featuredmedia":[{"embeddable":true,"href":"https:\/\/travelshelper.com\/pt\/wp-json\/wp\/v2\/media\/3198"}],"wp:attachment":[{"href":"https:\/\/travelshelper.com\/pt\/wp-json\/wp\/v2\/media?parent=12613"}],"curies":[{"name":"wp","href":"https:\/\/api.w.org\/{rel}","templated":true}]}}