{"id":12305,"date":"2024-09-15T22:10:07","date_gmt":"2024-09-15T22:10:07","guid":{"rendered":"https:\/\/travelshelper.com\/staging\/?page_id=12305"},"modified":"2026-03-12T18:44:28","modified_gmt":"2026-03-12T18:44:28","slug":"macedonia-do-norte","status":"publish","type":"page","link":"https:\/\/travelshelper.com\/pt\/destinations\/europe\/north-macedonia\/","title":{"rendered":"Maced\u00f3nia do Norte"},"content":{"rendered":"<p>A Rep\u00fablica da Maced\u00f4nia do Norte ocupa uma extens\u00e3o sem litoral no extremo sul da Pen\u00ednsula Balc\u00e2nica, abrangendo aproximadamente 25.436 quil\u00f4metros quadrados. Abrangendo latitudes de 40\u00b0 a 43\u00b0 N e longitudes de 20\u00b0 a 23\u00b0 E, constitui o ter\u00e7o norte da regi\u00e3o geogr\u00e1fica mais ampla historicamente conhecida como Maced\u00f4nia. O pa\u00eds \u00e9 limitado ao norte pela S\u00e9rvia, a noroeste pelo Kosovo, a oeste pela Alb\u00e2nia, ao sul pela Gr\u00e9cia e a leste pela Bulg\u00e1ria, com uma fronteira terrestre total de cerca de 748 quil\u00f4metros. Esc\u00f3pia, a capital do pa\u00eds e maior centro urbano, sustenta cerca de um quarto de sua popula\u00e7\u00e3o, que excede 1,83 milh\u00e3o de habitantes. A maioria demogr\u00e1fica compreende maced\u00f4nios \u00e9tnicos, um povo eslavo do sul, enquanto os albaneses constituem cerca de um quarto da popula\u00e7\u00e3o; comunidades menores incluem turcos, ciganos, s\u00e9rvios, b\u00f3snios, aromenos e outros grupos.<\/p>\n<p>O registro de assentamento humano no territ\u00f3rio hoje conhecido como Maced\u00f4nia do Norte remonta ao antigo reino da Pe\u00f4nia. No final do s\u00e9culo VI a.C., a regi\u00e3o caiu sob o dom\u00ednio dos persas aquem\u00eanidas, sendo incorporada ao crescente Reino da Maced\u00f4nia no s\u00e9culo IV a.C. A Rep\u00fablica Romana anexou a \u00e1rea no s\u00e9culo II a.C., integrando-a \u00e0 prov\u00edncia da Maced\u00f4nia. Ap\u00f3s a divis\u00e3o do reino romano, o territ\u00f3rio permaneceu sob autoridade bizantina, apesar das repetidas incurs\u00f5es e assentamentos de tribos eslavas a partir do s\u00e9culo VI d.C. Ao longo dos s\u00e9culos seguintes, o controle oscilou entre as pot\u00eancias b\u00falgaras, bizantinas e s\u00e9rvias, at\u00e9 que o Imp\u00e9rio Otomano subjugou a regi\u00e3o em meados do s\u00e9culo XIV. O dom\u00ednio otomano perdurou at\u00e9 o in\u00edcio do s\u00e9culo XX, quando as Guerras Balc\u00e2nicas de 1912 e 1913 colocaram as fronteiras modernas da Maced\u00f4nia do Norte sob a soberania s\u00e9rvia.<\/p>\n<p>As convuls\u00f5es do s\u00e9culo XX trouxeram novas mudan\u00e7as na governan\u00e7a. Durante a Primeira Guerra Mundial, a Bulg\u00e1ria administrou o territ\u00f3rio, mas o fim da guerra restaurou o dom\u00ednio s\u00e9rvio dentro do rec\u00e9m-constitu\u00eddo Reino dos S\u00e9rvios, Croatas e Eslovenos. Na Segunda Guerra Mundial, o controle passou novamente para a Bulg\u00e1ria e, com o estabelecimento da Rep\u00fablica Socialista Federativa da Iugosl\u00e1via em 1945, a regi\u00e3o tornou-se uma de suas seis rep\u00fablicas constituintes. Uma secess\u00e3o pac\u00edfica em 1991 resultou na independ\u00eancia total e, em 1993, o pa\u00eds ingressou nas Na\u00e7\u00f5es Unidas sob a denomina\u00e7\u00e3o provis\u00f3ria de &#034;antiga Rep\u00fablica Iugoslava da Maced\u00f4nia&#034; (ARJM Maced\u00f4nia), devido a uma disputa de nomenclatura com a Gr\u00e9cia. Ap\u00f3s negocia\u00e7\u00f5es prolongadas, o Acordo de Prespa de 2018 resolveu essa disputa estipulando o t\u00edtulo oficial de Rep\u00fablica da Maced\u00f4nia do Norte, que entrou em vigor no in\u00edcio de 2019.<\/p>\n<p>Desde a independ\u00eancia, a Maced\u00f4nia do Norte busca a integra\u00e7\u00e3o \u00e0s estruturas euro-atl\u00e2nticas. Aderiu \u00e0 OTAN em 2020 e \u00e9 membro do Conselho da Europa, do Banco Mundial, da Organiza\u00e7\u00e3o para a Seguran\u00e7a e Coopera\u00e7\u00e3o na Europa (OSCE), do Acordo de Livre Com\u00e9rcio da Europa Central (CEFTA), da Organiza\u00e7\u00e3o para a Coopera\u00e7\u00e3o Econ\u00f4mica do Mar Negro (BSEC) e da Organiza\u00e7\u00e3o Mundial do Com\u00e9rcio (OMC). Candidato \u00e0 ades\u00e3o \u00e0 Uni\u00e3o Europeia desde 2005, o pa\u00eds implementou amplas reformas econ\u00f4micas para a transi\u00e7\u00e3o de um sistema socialista de planejamento centralizado para uma economia de mercado aberto. Classificada pelo Banco Mundial como uma na\u00e7\u00e3o de renda m\u00e9dia-alta, a Maced\u00f4nia do Norte apresenta um perfil de pa\u00eds em desenvolvimento com um \u00cdndice de Desenvolvimento Humano muito alto, baixa desigualdade de renda e seguridade social com financiamento p\u00fablico, assist\u00eancia m\u00e9dica universal e ensino fundamental e m\u00e9dio gratuito.<\/p>\n<p>A topografia da Maced\u00f4nia do Norte \u00e9 dominada por um vale central esculpido pelo rio Vardar e cercado por cadeias de montanhas. Estendendo-se entre as montanhas \u0160ar, a noroeste, e a cadeia de montanhas Osogovo-Belasica, a sudeste, o terreno \u00e9 bastante acidentado. Tr\u00eas grandes lagos \u2014 Ohrid, Prespa e Dojran \u2014 atravessam as fronteiras meridionais do pa\u00eds, parcialmente compartilhados com a Alb\u00e2nia e a Gr\u00e9cia. O Lago Ohrid est\u00e1 entre os lagos mais antigos do mundo, juntamente com seu ecossistema aqu\u00e1tico \u00fanico. A regi\u00e3o est\u00e1 localizada em uma zona s\u00edsmica ativa; mais notavelmente, um terremoto devastador em 1963 danificou severamente Skopje e resultou em mais de 1.000 mortes.<\/p>\n<p>Dois principais sistemas montanhosos definem o relevo do pa\u00eds. Os Montes \u0160ar e a cordilheira Vardar Ocidental\/Pelagonia, que compreende picos como o Monte Baba, Nid\u017ee, Ko\u017euf e Jakupica, fazem parte do sistema Din\u00e1rico e s\u00e3o geologicamente mais jovens e mais elevados do que a cadeia Osogovo-Belasica (Rodope). O Monte Korab, com 2.764 metros de altitude na fronteira com a Alb\u00e2nia, representa o cume mais alto do pa\u00eds. Hidrologicamente, os cursos de \u00e1gua da Maced\u00f4nia do Norte drenam para tr\u00eas bacias: o Mar Egeu, o Adri\u00e1tico e o Mar Negro. A bacia do Mar Egeu cobre cerca de 22.075 quil\u00f4metros quadrados \u2014 aproximadamente 87% do territ\u00f3rio \u2014 com o Rio Vardar sozinho canalizando \u00e1gua de 80% da \u00e1rea terrestre. A bacia do Adri\u00e1tico, definida pelo Rio Drin Negro e alimentada pelos Lagos Prespa e Ohrid, abrange 3.320 quil\u00f4metros quadrados ou 13% do pa\u00eds. A bacia do Mar Negro \u00e9 a menor, drenando apenas 37 quil\u00f4metros quadrados ao norte do Monte Skopska Crna Gora, atrav\u00e9s do Bina\u010dka Morava e do sistema Morava-Dan\u00fabio. Al\u00e9m dos tr\u00eas lagos naturais, o pa\u00eds possui cerca de cinquenta lagoas artificiais e abriga nove cidades termais e resorts famosos por suas \u00e1guas minerais.<\/p>\n<p>Climaticamente, a Maced\u00f4nia do Norte apresenta quatro esta\u00e7\u00f5es distintas. Os ver\u00f5es tendem a ser quentes e secos, com temperaturas ocasionalmente subindo at\u00e9 40 \u00b0C, particularmente nas localidades meridionais de Demir Kapija e Gevgelija, onde as press\u00f5es subtropicais do Mar Egeu e as influ\u00eancias do Oriente M\u00e9dio criam ondas de calor prolongadas. Os invernos s\u00e3o moderadamente frios e com neve, com temperaturas baixas caindo at\u00e9 -20 \u00b0C sob a influ\u00eancia dos ventos do norte. O clima se subdivide em tr\u00eas zonas principais: um regime continental moderado no norte, um padr\u00e3o mediterr\u00e2neo temperado no sul e um clima montanhoso em altitudes mais elevadas. A precipita\u00e7\u00e3o anual varia significativamente, de 1.700 mm nas montanhas ocidentais a 500 mm nas plan\u00edcies orientais; o vale do Vardar registra, de forma semelhante, cerca de 500 mm por ano. Essas disparidades clim\u00e1ticas e de irriga\u00e7\u00e3o favorecem o cultivo de diversas culturas, incluindo trigo, milho, batata, papoula, amendoim e arroz. Trinta esta\u00e7\u00f5es meteorol\u00f3gicas principais em todo o pa\u00eds monitoram o tempo e o clima.<\/p>\n<p>Administrativamente, a Maced\u00f4nia do Norte \u00e9 dividida em oito regi\u00f5es estat\u00edsticas, concebidas exclusivamente para fins jur\u00eddicos e estat\u00edsticos: Oriental, Nordeste, Pelag\u00f4nia, Polog, Esc\u00f3pia, Sudeste, Sudoeste e Vardar. Em agosto de 2004, uma reforma estabeleceu 84 munic\u00edpios, dos quais dez formam a Cidade de Esc\u00f3pia \u2014 uma unidade aut\u00f4noma distinta e capital nacional. A reforma consolidou muitos dos 123 munic\u00edpios existentes desde 1996, revisando fronteiras e fundindo unidades menores conforme necess\u00e1rio. Antes da introdu\u00e7\u00e3o dos munic\u00edpios, a governan\u00e7a local operava por meio de 34 distritos administrativos ou comunas.<\/p>\n<p>O turismo constitui um segmento significativo da economia do pa\u00eds, respondendo por 6,7% do produto interno bruto em 2016 e gerando aproximadamente 38,5 bilh\u00f5es de denars (\u20ac 616 milh\u00f5es) em receita. O conflito armado de 2001 representou o rev\u00e9s mais severo para o turismo ap\u00f3s a independ\u00eancia; no entanto, o n\u00famero de visitantes se recuperou desde ent\u00e3o, aumentando 14,6% em 2011. Em 2019, o pa\u00eds recebeu 1.184.963 turistas, dos quais 757.593 eram estrangeiros, principalmente da Turquia, das vizinhas S\u00e9rvia, Gr\u00e9cia e Bulg\u00e1ria, bem como da Pol\u00f4nia e de outras na\u00e7\u00f5es da Europa Ocidental. Aproximadamente 60% dos visitantes se concentram em Skopje e na regi\u00e3o sudoeste, atra\u00eddos pelo patrim\u00f4nio cultural, pelas comodidades urbanas e pelas paisagens naturais. O turismo lacustre, centrado em Ohrid, Prespa e Dojran, constitui o ramo mais proeminente, apoiado por mais de cinquenta lagos glaciais menores. O turismo de montanha tamb\u00e9m \u00e9 bem desenvolvido, com dezesseis picos ultrapassando 2.000 metros, enquanto o turismo rural e ecotur\u00edstico, o turismo urbano e o turismo cultural florescem por meio da gastronomia, m\u00fasica tradicional, festivais e locais hist\u00f3ricos.<\/p>\n<p>A infraestrutura de transporte continua sendo crucial para o desenvolvimento econ\u00f4mico da Maced\u00f4nia do Norte. Como um estado sem litoral no cora\u00e7\u00e3o dos B\u00e1lc\u00e3s, o pa\u00eds serve como um corredor de tr\u00e2nsito para mercadorias que se deslocam do porto de Tessal\u00f4nica, na Gr\u00e9cia, atrav\u00e9s do interior dos B\u00e1lc\u00e3s para a Europa Ocidental, Central e Oriental, bem como atrav\u00e9s da Bulg\u00e1ria para o leste. Em 2019, a rede rodovi\u00e1ria se estendia por aproximadamente 10.591 quil\u00f4metros, dos quais cerca de 6.000 quil\u00f4metros eram pavimentados. A principal rota arterial segue o eixo norte-sul do vale do Vardar, notadamente a rota europeia E75 que conecta a Gr\u00e9cia \u00e0 S\u00e9rvia e al\u00e9m. A rede ferrovi\u00e1ria, operada pela Makedonski \u017deleznici, abrange 922 quil\u00f4metros; sua linha principal vai da fronteira com a S\u00e9rvia, passando por Kumanovo, Esc\u00f3pia e Veles, at\u00e9 Gevgelija, na fronteira grega. Desde 2001, uma linha que liga a Maced\u00f4nia do Norte \u00e0 Bulg\u00e1ria em Beljakovci facilitou a futura conex\u00e3o Esc\u00f3pia-S\u00f3fia. Esc\u00f3pia serve como o principal centro ferrovi\u00e1rio, com Veles e Kumanovo como cruzamentos secund\u00e1rios.<\/p>\n<p>Os servi\u00e7os postais s\u00e3o prestados pela empresa estatal Correios da Maced\u00f4nia do Norte, fundada em 1992 como PTT Maced\u00f4nia e admitida na Uni\u00e3o Postal Universal em 1993. Em 1997, as fun\u00e7\u00f5es postais e de telecomunica\u00e7\u00f5es foram separadas, dando origem \u00e0 Telekom da Maced\u00f4nia do Norte e aos Correios da Maced\u00f4nia do Norte. O transporte aquavi\u00e1rio limita-se ao tr\u00e1fego lacustre em Ohrid e Prespa, principalmente para fins tur\u00edsticos. A infraestrutura de avia\u00e7\u00e3o inclui dezessete aer\u00f3dromos, onze com pistas pavimentadas, e dois aeroportos internacionais: o Aeroporto Internacional de Esc\u00f3pia e o Aeroporto de S\u00e3o Paulo Ap\u00f3stolo, em Ohrid.<\/p>\n<p>De acordo com o censo nacional de 2021, a popula\u00e7\u00e3o da Maced\u00f4nia do Norte era de 1.836.713 habitantes, resultando em uma densidade populacional de 72,2 pessoas por quil\u00f4metro quadrado e uma idade m\u00e9dia de 40,08 anos. O censo registrou 598.632 domic\u00edlios, com m\u00e9dia de 3,06 membros cada, e um equil\u00edbrio de g\u00eanero quase uniforme, com 50,4% de mulheres e 49,6% de homens. Etnicamente, os maced\u00f4nios predominam, seguidos pelos albaneses \u2014 que se concentram no noroeste \u2014 e pelos turcos, que oficialmente somam cerca de 70.000, mas sujeitos a estimativas n\u00e3o oficiais de at\u00e9 200.000, e possivelmente at\u00e9 260.000 ciganos em algumas avalia\u00e7\u00f5es. Grupos menores incluem s\u00e9rvios, b\u00f3snios e aromenos.<\/p>\n<p>A vida cultural na Maced\u00f4nia do Norte reflete uma rica heran\u00e7a em arte, arquitetura, literatura e m\u00fasica, com numerosos monumentos religiosos antigos protegidos como tesouros nacionais. A arquitetura eclesi\u00e1stica \u00e9 rica em afrescos bizantinos que datam dos s\u00e9culos XI ao XVI; v\u00e1rios milhares de metros quadrados dessas pinturas sobrevivem em excelentes condi\u00e7\u00f5es, exemplificando a escola maced\u00f4nia de iconografia. Eventos anuais incluem o Festival de Ver\u00e3o de Ohrid, de m\u00fasica cl\u00e1ssica e drama, as Noites de Poesia de Struga \u2014 que re\u00fanem poetas de mais de cinquenta pa\u00edses \u2014, o Festival Internacional de C\u00e2mera em Bitola, o Festival de Teatro Aberto para Jovens e o Festival de Jazz de Esc\u00f3pia. A \u00d3pera Nacional, inaugurada em 1947 como \u00d3pera da Maced\u00f4nia, encenou sua primeira produ\u00e7\u00e3o de Cavalleria rusticana sob a reg\u00eancia de Branko Pomori\u0161ac; desde 1972, as Noites de \u00d3pera de Maio em Esc\u00f3pia apresentam de duas a tr\u00eas semanas de apresenta\u00e7\u00f5es noturnas, come\u00e7ando com Czar Samuel, de Kiril Makedonski.<\/p>\n<p>As tradi\u00e7\u00f5es culin\u00e1rias refletem a posi\u00e7\u00e3o do pa\u00eds na encruzilhada das influ\u00eancias balc\u00e2nicas, mediterr\u00e2neas e do Oriente M\u00e9dio. O clima quente produz abundantes vegetais, ervas e frutas, enquanto os latic\u00ednios e vinhedos locais produzem queijos e vinhos apreciados. Rakija, uma aguardente de frutas, acompanha tav\u010de grav\u010de \u2014 feij\u00e3o cozido com piment\u00f5es vermelhos \u2014, amplamente considerado o prato nacional. Mastika, um licor com sabor de anis, \u00e9 a bebida nacional. Outras especialidades populares incluem salada \u0160opska, ajvar (pasta de piment\u00e3o vermelho assado), piment\u00f5es recheados e pastrmajlija (um tipo de torta de carne).<\/p>\n<p>Os centros urbanos variam da extensa \u00e1rea metropolitana de Esc\u00f3pia, lar de mais de meio milh\u00e3o de habitantes e repleta de mesquitas otomanas, fachadas neocl\u00e1ssicas, a fortaleza medieval de Kale e a ic\u00f4nica Ponte de Pedra sobre o Vardar, a cidades menores como Bitola \u2014 com suas antigas muralhas, bazares otomanos e caf\u00e9s contempor\u00e2neos \u2014 Kratovo, aninhada em uma cratera vulc\u00e2nica extinta, e Kru\u0161evo, a cidade mais alta do pa\u00eds e palco de uma revolta em 1878. A cidade lacustre de Ohrid, Patrim\u00f4nio Mundial da UNESCO por seus monumentos culturais e ambiente natural, ostenta uma riqueza de igrejas bizantinas, a Igreja de S\u00e3o Jo\u00e3o em Kaneo, aninhada em um penhasco sobre a \u00e1gua, e uma das melhores cole\u00e7\u00f5es de \u00edcones eslavos do mundo. Sua cidade irm\u00e3, Struga, oferece charme semelhante com um ambiente mais tranquilo.<\/p>\n<p>Al\u00e9m das \u00e1reas urbanas, o interior do pa\u00eds est\u00e1 repleto de atra\u00e7\u00f5es. O Parque Nacional Pelister, o mais antigo do pa\u00eds, abriga flora e fauna end\u00eamicas e dois lagos glaciais, os &#034;Olhos da Montanha&#034;. O Parque Nacional Mavrovo abrange o pico mais alto do pa\u00eds, Golem Korab, o profundo desfiladeiro do rio Debar e o Mosteiro Sveti Jovan Bigorski. A raramente visitada reserva Jasen, perto de Skopje, oferece habitat para a vida selvagem e florestas intocadas. Outros locais de interesse incluem a Cidade de Pedra de Kuklica, perto de Kratovo, as torres medievais de Markovi Kuli, de Prilep, e o s\u00edtio arqueol\u00f3gico de Stobi, que preserva ru\u00ednas das fases helen\u00edstica, romana e do cristianismo primitivo.<\/p>\n<p>Em suma, a Maced\u00f4nia do Norte apresenta uma tape\u00e7aria de camadas hist\u00f3ricas, paisagens diversas, zonas clim\u00e1ticas e tradi\u00e7\u00f5es culturais. Desde suas origens antigas, passando por sucessivos imp\u00e9rios, federa\u00e7\u00e3o socialista e independ\u00eancia pac\u00edfica, o pa\u00eds construiu uma identidade distinta no cora\u00e7\u00e3o dos B\u00e1lc\u00e3s. Seu relevo montanhoso, vales sismicamente ativos, lagos cristalinos e marcos urbanos testemunham uma geografia f\u00edsica complexa, enquanto seu mosaico demogr\u00e1fico, especialidades culin\u00e1rias e festivais vibrantes refletem uma heran\u00e7a plural. Como polo de tr\u00e2nsito e candidata \u00e0 ades\u00e3o \u00e0 Uni\u00e3o Europeia, a Maced\u00f4nia do Norte continua a equilibrar reforma econ\u00f4mica e preserva\u00e7\u00e3o cultural, convidando visitantes e acad\u00eamicos a explorar seus legados duradouros e seu futuro em evolu\u00e7\u00e3o.<\/p>","protected":false},"excerpt":{"rendered":"<p>A Maced\u00f4nia do Norte, oficialmente Rep\u00fablica da Maced\u00f4nia do Norte, \u00e9 uma na\u00e7\u00e3o sem litoral localizada no sudeste da Europa, com uma popula\u00e7\u00e3o de aproximadamente 1,83 milh\u00e3o de habitantes. Situada na encruzilhada dos B\u00e1lc\u00e3s, esta pequena na\u00e7\u00e3o faz fronteira com a Gr\u00e9cia ao sul, a Alb\u00e2nia a oeste, a Bulg\u00e1ria a leste, o Kosovo a noroeste e a S\u00e9rvia ao norte. A posi\u00e7\u00e3o estrat\u00e9gica da na\u00e7\u00e3o foi muito importante na forma\u00e7\u00e3o de sua rica e variada hist\u00f3ria, cultura e popula\u00e7\u00e3o.<\/p>","protected":false},"author":1,"featured_media":2831,"parent":24078,"menu_order":0,"comment_status":"closed","ping_status":"closed","template":"elementor_theme","meta":{"_eb_attr":"","footnotes":""},"class_list":["post-12305","page","type-page","status-publish","has-post-thumbnail"],"_links":{"self":[{"href":"https:\/\/travelshelper.com\/pt\/wp-json\/wp\/v2\/pages\/12305","targetHints":{"allow":["GET"]}}],"collection":[{"href":"https:\/\/travelshelper.com\/pt\/wp-json\/wp\/v2\/pages"}],"about":[{"href":"https:\/\/travelshelper.com\/pt\/wp-json\/wp\/v2\/types\/page"}],"author":[{"embeddable":true,"href":"https:\/\/travelshelper.com\/pt\/wp-json\/wp\/v2\/users\/1"}],"replies":[{"embeddable":true,"href":"https:\/\/travelshelper.com\/pt\/wp-json\/wp\/v2\/comments?post=12305"}],"version-history":[{"count":0,"href":"https:\/\/travelshelper.com\/pt\/wp-json\/wp\/v2\/pages\/12305\/revisions"}],"up":[{"embeddable":true,"href":"https:\/\/travelshelper.com\/pt\/wp-json\/wp\/v2\/pages\/24078"}],"wp:featuredmedia":[{"embeddable":true,"href":"https:\/\/travelshelper.com\/pt\/wp-json\/wp\/v2\/media\/2831"}],"wp:attachment":[{"href":"https:\/\/travelshelper.com\/pt\/wp-json\/wp\/v2\/media?parent=12305"}],"curies":[{"name":"wp","href":"https:\/\/api.w.org\/{rel}","templated":true}]}}