{"id":12252,"date":"2024-09-15T20:08:02","date_gmt":"2024-09-15T20:08:02","guid":{"rendered":"https:\/\/travelshelper.com\/staging\/?page_id=12252"},"modified":"2026-03-12T19:24:46","modified_gmt":"2026-03-12T19:24:46","slug":"noruega","status":"publish","type":"page","link":"https:\/\/travelshelper.com\/pt\/destinations\/europe\/norway\/","title":{"rendered":"Noruega"},"content":{"rendered":"<p>O Reino da Noruega ocupa a por\u00e7\u00e3o ocidental e setentrional da Pen\u00ednsula Escandinava, no norte da Europa, e abrange as remotas ilhas \u00e1rticas de Jan Mayen e o arquip\u00e9lago de Svalbard. A Ilha Bouvet, na Ant\u00e1rtida, \u00e9 uma depend\u00eancia, enquanto a Noruega reivindica os territ\u00f3rios ant\u00e1rticos da Ilha Pedro I e da Terra da Rainha Maud. No quarto trimestre de 2024, sua popula\u00e7\u00e3o era de 5.585.044 habitantes, com Oslo servindo como capital e maior cidade. A \u00e1rea total do reino mede 385.207 quil\u00f4metros quadrados, incluindo Svalbard e Jan Mayen, ou 323.808 quil\u00f4metros quadrados sem elas.<\/p>\n<p>Estendendo-se entre as latitudes 57\u00b0 e 81\u00b0 N e as longitudes 4\u00b0 e 32\u00b0 E, a Noruega compartilha uma fronteira terrestre de 1.619 quil\u00f4metros com a Su\u00e9cia, 727 quil\u00f4metros com a Finl\u00e2ndia e 196 quil\u00f4metros com a R\u00fassia. Seu extenso litoral est\u00e1 voltado para o estreito de Skagerrak, o Mar do Norte, o Mar da Noruega e o Mar de Barents. A linha de base costeira continental mede 2.532 quil\u00f4metros, enquanto a linha costeira total \u2014 considerando os fiordes \u2014 se estende por 28.953 quil\u00f4metros. Incluindo ilhas, esse n\u00famero sobe para cerca de 100.915 quil\u00f4metros. As Montanhas Escandinavas formam grande parte da fronteira leste com a Su\u00e9cia.<\/p>\n<p>Grande parte do relevo da Noruega reflete mil\u00eanios de escultura glacial. Os fiordes, mais notavelmente o Sognefjorden, com 204 quil\u00f4metros de extens\u00e3o e considerado o segundo mais profundo do mundo, esculpem enseadas profundas na costa. O Hornindalsvatnet, o lago mais profundo da Europa, atinge bem mais de 500 metros de profundidade. A Noruega cont\u00e9m aproximadamente 400.000 lagos e 239.057 ilhas registradas. O permafrost persiste durante todo o ano em regi\u00f5es montanhosas elevadas e no interior do condado de Finnmark, enquanto as geleiras permanecem numerosas nas terras altas. O leito rochoso \u00e9 predominantemente composto por granito duro e gnaisse, com ard\u00f3sia, arenito e calc\u00e1rio em altitudes mais baixas, e dep\u00f3sitos marinhos ao longo das plan\u00edcies costeiras.<\/p>\n<p>O clima da Noruega varia acentuadamente do litoral \u00e0s terras altas do interior. A Corrente do Golfo e os ventos predominantes de oeste elevam as temperaturas costeiras acima das expectativas para essas latitudes setentrionais e aumentam a precipita\u00e7\u00e3o. As terras baixas ao redor de Oslo experimentam os ver\u00f5es mais quentes, mas ainda sofrem com neve e invernos frios. As \u00e1reas costeiras expostas \u00e0s tempestades do Atl\u00e2ntico recebem chuvas abundantes, enquanto os lados a sotavento das montanhas costeiras ficam na sombra da chuva e registram menor precipita\u00e7\u00e3o. Troms\u00f8, no norte do \u00c1rtico, j\u00e1 registrou 430 horas de sol em um \u00fanico m\u00eas. Acima do C\u00edrculo Polar \u00c1rtico, o sol da meia-noite prevalece do final de maio ao final de julho; abaixo dele, a luz do dia pode atingir at\u00e9 20 horas por dia. Por outro lado, a noite polar dura do final de novembro ao final de janeiro nos territ\u00f3rios do norte, com luz do dia m\u00ednima em outras partes. As zonas clim\u00e1ticas variam de oce\u00e2nicas e subpolares ao longo das costas, passando pelas continentais \u00famidas em partes do sudeste, at\u00e9 a tundra sub\u00e1rtica mar\u00edtima e \u00e1rtica no extremo norte e em Svalbard.<\/p>\n<p>O reino unificado da Noruega tem suas origens na consolida\u00e7\u00e3o de pequenos reinos em 872. De 1537 a 1814, fez parte da uni\u00e3o Dinamarca-Noruega, ap\u00f3s o que entrou em uni\u00e3o pessoal com a Su\u00e9cia at\u00e9 1905. A Noruega permaneceu neutra na Primeira Guerra Mundial e inicialmente na Segunda Guerra Mundial at\u00e9 a invas\u00e3o alem\u00e3 de abril de 1940, sofrendo ocupa\u00e7\u00e3o at\u00e9 1945.<\/p>\n<p>De acordo com a Constitui\u00e7\u00e3o de 1814, a Noruega funciona como um Estado unit\u00e1rio com uma monarquia constitucional. O Rei Harald V, da Casa de Gl\u00fccksburg, ocupa o trono, enquanto Jonas Gahr St\u00f8re ocupa o cargo de primeiro-ministro desde 2021. A autoridade legislativa reside no parlamento unicameral (Storting), o poder executivo no gabinete e a autoridade judici\u00e1ria na Suprema Corte. As divis\u00f5es administrativas consistem em condados (fylker) e munic\u00edpios (kommuner). O Parlamento S\u00e1mi, respaldado pela Lei Finnmark, concede ao povo ind\u00edgena S\u00e1mi autodetermina\u00e7\u00e3o limitada sobre os territ\u00f3rios tradicionais.<\/p>\n<p>A Noruega mant\u00e9m la\u00e7os diplom\u00e1ticos e econ\u00f4micos estreitos com a Uni\u00e3o Europeia por meio do Espa\u00e7o Econ\u00f4mico Europeu, participa do Espa\u00e7o Schengen e coopera extensivamente com os Estados Unidos. \u00c9 membro fundador das Na\u00e7\u00f5es Unidas, da OTAN, da Associa\u00e7\u00e3o Europeia de Livre Com\u00e9rcio, do Conselho da Europa, do Tratado da Ant\u00e1rtida e do Conselho N\u00f3rdico, al\u00e9m de pertencer \u00e0 Organiza\u00e7\u00e3o Mundial do Com\u00e9rcio e \u00e0 OCDE. Os dialetos noruegueses permanecem mutuamente intelig\u00edveis com os da Dinamarca e da Su\u00e9cia.<\/p>\n<p>O modelo de bem-estar social noruegu\u00eas oferece assist\u00eancia m\u00e9dica universal e seguridade social abrangente, fundamentada em princ\u00edpios igualit\u00e1rios. O Estado mant\u00e9m a participa\u00e7\u00e3o majorit\u00e1ria ou substancial em setores estrat\u00e9gicos, incluindo petr\u00f3leo, g\u00e1s natural, minerais, madeira, frutos do mar e energia hidrel\u00e9trica. A extra\u00e7\u00e3o de petr\u00f3leo e g\u00e1s contribui com cerca de um quarto do Produto Interno Bruto (PIB), e a Noruega \u00e9 o maior produtor per capita desses recursos fora do Oriente M\u00e9dio. A renda per capita coloca a Noruega entre os pa\u00edses com maior renda global \u2014 quarto lugar segundo as m\u00e9tricas do Banco Mundial e oitavo segundo o FMI. Os ativos de fundos soberanos somam aproximadamente US$ 1,3 trilh\u00e3o, o maior do mundo.<\/p>\n<p>Em termos de PIB per capita, a Noruega ocupa o segundo lugar entre as na\u00e7\u00f5es europeias, depois de Luxemburgo, e o sexto lugar no mundo em paridade de poder de compra. O pa\u00eds atuou como credor externo l\u00edquido de d\u00edvida e recuperou a primeira posi\u00e7\u00e3o no \u00cdndice de Desenvolvimento Humano do Programa das Na\u00e7\u00f5es Unidas para o Desenvolvimento (PNUD) em 2009. A estabilidade e a integridade institucional da Noruega lhe renderam a classifica\u00e7\u00e3o mais baixa no \u00cdndice de Estados Fracassados \u200b\u200btanto em 2009 quanto em 2023.<\/p>\n<p>A economia mista conta com uma forte iniciativa privada, al\u00e9m de significativa participa\u00e7\u00e3o estatal. O sistema p\u00fablico de sa\u00fade cobra uma taxa anual modesta para adultos maiores de 16 anos, e a licen\u00e7a parental se estende por 46 semanas remuneradas. Em fevereiro de 2025, o desemprego era de 3,9%, com 69,7% das pessoas de 15 a 74 anos empregadas. Os benef\u00edcios por invalidez atingiram 10,6% das pessoas de 18 a 67 anos, e o emprego p\u00fablico representava 30% da for\u00e7a de trabalho. A produtividade hor\u00e1ria m\u00e9dia e os sal\u00e1rios est\u00e3o entre os mais altos do mundo.<\/p>\n<p>A dispers\u00e3o geogr\u00e1fica e o terreno acidentado moldaram a infraestrutura de transporte. O transporte p\u00fablico \u00e9 subdesenvolvido em rela\u00e7\u00e3o a outros estados europeus, especialmente al\u00e9m dos centros urbanos. A rede ferrovi\u00e1ria da Noruega compreende 4.114 quil\u00f4metros de bitola padr\u00e3o, dos quais 62% s\u00e3o eletrificados a 15 kV 16,7 Hz CA; 64 quil\u00f4metros suportam velocidades de at\u00e9 210 km\/h. Em 2023, as ferrovias transportaram 78,22 milh\u00f5es de passageiros em 3.153 milh\u00f5es de passageiros-quil\u00f4metros e transportaram 32,23 milh\u00f5es de toneladas de carga em 3.928 milh\u00f5es de toneladas-quil\u00f4metros. A Bane NOR \u00e9 propriet\u00e1ria da rede; as operadoras incluem Vy, SJ, Go-Ahead e Flytoget para servi\u00e7os de passageiros, e CargoNet e OnRail para frete. Os or\u00e7amentos estaduais financiam o investimento e a manuten\u00e7\u00e3o, complementados por subs\u00eddios operacionais.<\/p>\n<p>A rede rodovi\u00e1ria p\u00fablica estende-se por 95.120 quil\u00f4metros, sendo 72.033 quil\u00f4metros pavimentados e 664 quil\u00f4metros designados como autoestradas. Rotas classificadas como estradas nacionais e principais distritos integram-se ao sistema europeu de estradas E, notadamente a E6, que percorre todo o pa\u00eds de norte a sul, e a E39, que contorna a costa oeste. A Administra\u00e7\u00e3o Norueguesa de Estradas P\u00fablicas supervisiona as estradas nacionais e distritos.<\/p>\n<p>A Noruega lidera o mundo em ve\u00edculos el\u00e9tricos plug-in per capita; em mar\u00e7o de 2014, mais de um em cada 100 carros de passeio em suas estradas era movido a eletricidade. A parcela de vendas de carros novos representada por modelos el\u00e9tricos continua sendo a mais alta do mundo. Propostas legislativas visam proibir a venda de carros a gasolina e diesel j\u00e1 em 2025.<\/p>\n<p>A avia\u00e7\u00e3o abrange cerca de 146 aeroportos, 52 p\u00fablicos e 43 operados pela estatal Avinor. Sete aeroportos recebem mais de um milh\u00e3o de passageiros anualmente; o movimento total de passageiros ultrapassou 41 milh\u00f5es em 2007. O Aeroporto de Oslo, Gardermoen, fica 35 quil\u00f4metros a nordeste da capital e serve como a principal porta de entrada internacional. Ele funciona como um hub para a Scandinavian Airlines, a Norwegian Air Shuttle e companhias a\u00e9reas regionais, oferecendo conex\u00f5es diretas por toda a Europa e para destinos intercontinentais selecionados. Um trem de alta velocidade liga o aeroporto \u00e0 Esta\u00e7\u00e3o Central de Oslo a cada dez minutos, em um trajeto de 20 minutos.<\/p>\n<p>O turismo contribuiu com 4,2% do PIB em 2016, com um em cada quinze noruegueses empregados no setor. A sazonalidade atinge o pico entre maio e agosto, quando mais da metade de todos os visitantes chegam. As paisagens variadas \u2014 fiordes, montanhas, esta\u00e7\u00f5es de esqui, lagos e florestas \u2014 ancoram o apelo da Noruega. Os principais destinos urbanos incluem Oslo, \u00c5lesund, Bergen, Stavanger, Trondheim, Kristiansand, Troms\u00f8, Fredrikstad e T\u00f8nsberg. Os visitantes tamb\u00e9m frequentam s\u00edtios naturais como a Estrada do Oceano Atl\u00e2ntico, o planalto de Hardangervidda, a geleira Jostedalsbreen, as montanhas Jotunheimen, as ilhas Lofoten e o penhasco em Nordkapp. Os marcos culturais variam do salto de esqui de Holmenkollen e da instala\u00e7\u00e3o Vigeland em Oslo ao Cais de Bryggen em Bergen, a Catedral de Nidaros em Trondheim e as ru\u00ednas da fortaleza em T\u00f8nsberg e Fredrikstad.<\/p>\n<p>Os noruegueses \u00e9tnicos formam um povo germ\u00e2nico do norte. A taxa de fecundidade total em 2023 era de 1,40 filhos por mulher, abaixo do n\u00edvel de reposi\u00e7\u00e3o de 2,1 e do pico de 4,69 em 1877. A idade m\u00e9dia atingiu 40 anos em 2024. Os Sami, ind\u00edgenas das regi\u00f5es \u00e1rticas da Noruega, Su\u00e9cia, Finl\u00e2ndia e Pen\u00ednsula de Kola, na R\u00fassia, e os Kven, descendentes de imigrantes finlandeses, constituem minorias reconhecidas. As pol\u00edticas estatais de noruegiza\u00e7\u00e3o durante os s\u00e9culos XIX e XX levaram muitos com ascend\u00eancia Sami ou Kven a se identificarem como noruegueses \u00e9tnicos.<\/p>\n<p>A cultura norueguesa mant\u00e9m fortes la\u00e7os com seu passado agr\u00e1rio. O nacionalismo rom\u00e2ntico do s\u00e9culo XIX, que emergiu em torno das tradi\u00e7\u00f5es agr\u00edcolas, moldou a l\u00edngua, a literatura, a arte e a m\u00fasica \u2014 uma influ\u00eancia ainda evidente hoje por meio do apoio governamental a institui\u00e7\u00f5es e projetos culturais. O patrim\u00f4nio arquitet\u00f4nico abrange desde igrejas de madeira medievais \u2014 a Igreja de Madeira de Urnes \u00e9 Patrim\u00f4nio Mundial da UNESCO \u2014 at\u00e9 as fachadas de madeira do Cais de Bryggen. Catedrais de pedra, igrejas barrocas em Kongsberg e moradias de madeira de mineiros em R\u00f8ros testemunham eras sucessivas. Os projetos de Christian H. Grosch do in\u00edcio do s\u00e9culo XIX incluem a Universidade de Oslo e a Bolsa de Valores de Oslo. A reconstru\u00e7\u00e3o de \u00c5lesund em 1904 introduziu a Art Nouveau na Noruega, enquanto o funcionalismo ganhou destaque na d\u00e9cada de 1930. Arquitetos do final do s\u00e9culo XX conquistaram reconhecimento internacional; a c\u00e2mara de debates revestida de madeira do Parlamento S\u00e1mi, perto de K\u00e1r\u00e1\u0161johka, evoca o tradicional lavvo.<\/p>\n<p>A culin\u00e1ria reflete os recursos mar\u00edtimos e agr\u00edcolas. Frutos do mar como salm\u00e3o, arenque, truta e bacalhau s\u00e3o destaque, juntamente com queijos como brunost, jarlsberg e gamalost, latic\u00ednios e p\u00e3es densos. As especialidades sazonais incluem lefse, um p\u00e3o achatado de batata servido com manteiga e a\u00e7\u00facar; pratos em conserva e fermentados como lutefisk, smalahove, pinnekj\u00f8tt, raspeball, f\u00e5rik\u00e5l e rakefisk; e o popular vaffel.<\/p>\n<p>As seis regi\u00f5es continentais da Noruega \u2014 \u00d8stlandet, ao redor de Oslo; Tr\u00f8ndelag; Norte da Noruega; Agder; Oeste da Noruega; e os condados do interior \u2014 apresentam terrenos e tradi\u00e7\u00f5es culturais variados. O ambiente \u00e1rtico de Svalbard abriga ursos polares e instala\u00e7\u00f5es de sat\u00e9lite, enquanto Jan Mayen permanece em grande parte inacess\u00edvel sem permiss\u00e3o especial.<\/p>\n<p>Desde a sua unifica\u00e7\u00e3o em 872, a Noruega mant\u00e9m a sua soberania ininterrupta h\u00e1 mais de onze s\u00e9culos. A sua combina\u00e7\u00e3o de monarquia constitucional, democracia parlamentar e disposi\u00e7\u00f5es abrangentes de bem-estar social sustenta elevados padr\u00f5es de vida, resili\u00eancia econ\u00f3mica e estabilidade pol\u00edtica. Ricas riquezas naturais, desde reservas de petr\u00f3leo a energia hidroel\u00e9ctrica e pesca, sustentam uma economia mista e o maior fundo soberano do mundo. A diversidade clim\u00e1tica e paisag\u00edstica proporciona um grande apelo tur\u00edstico, desde experi\u00eancias sob o sol da meia-noite sobre o C\u00edrculo Polar \u00c1rtico a excurs\u00f5es pelos fiordes da Noruega Ocidental. A marca cultural duradoura das tradi\u00e7\u00f5es agr\u00edcolas, das realiza\u00e7\u00f5es liter\u00e1rias e arquitect\u00f3nicas e dos vibrantes centros urbanos informa uma identidade nacional moldada pela geografia, hist\u00f3ria e igualdade social.<\/p>","protected":false},"excerpt":{"rendered":"<p>A Noruega, formalmente conhecida como Reino da Noruega, \u00e9 uma na\u00e7\u00e3o n\u00f3rdica localizada no norte da Europa, na Pen\u00ednsula Escandinava, com uma popula\u00e7\u00e3o de 5.576.660 habitantes em 2024. Fazem parte do Reino da Noruega tamb\u00e9m a ilha isolada de Jan Mayen, no \u00c1rtico, e o arquip\u00e9lago de Svalbard. A Ilha Bouvet, na Ant\u00e1rtida, n\u00e3o faz parte do Reino; a Noruega tamb\u00e9m reivindica o territ\u00f3rio ant\u00e1rtico da Ilha Pedro I e da Terra da Rainha Maud. Oslo \u00e9 a capital e a maior cidade da Noruega.<\/p>","protected":false},"author":1,"featured_media":3041,"parent":24078,"menu_order":0,"comment_status":"closed","ping_status":"closed","template":"elementor_theme","meta":{"_eb_attr":"","footnotes":""},"class_list":["post-12252","page","type-page","status-publish","has-post-thumbnail"],"_links":{"self":[{"href":"https:\/\/travelshelper.com\/pt\/wp-json\/wp\/v2\/pages\/12252","targetHints":{"allow":["GET"]}}],"collection":[{"href":"https:\/\/travelshelper.com\/pt\/wp-json\/wp\/v2\/pages"}],"about":[{"href":"https:\/\/travelshelper.com\/pt\/wp-json\/wp\/v2\/types\/page"}],"author":[{"embeddable":true,"href":"https:\/\/travelshelper.com\/pt\/wp-json\/wp\/v2\/users\/1"}],"replies":[{"embeddable":true,"href":"https:\/\/travelshelper.com\/pt\/wp-json\/wp\/v2\/comments?post=12252"}],"version-history":[{"count":0,"href":"https:\/\/travelshelper.com\/pt\/wp-json\/wp\/v2\/pages\/12252\/revisions"}],"up":[{"embeddable":true,"href":"https:\/\/travelshelper.com\/pt\/wp-json\/wp\/v2\/pages\/24078"}],"wp:featuredmedia":[{"embeddable":true,"href":"https:\/\/travelshelper.com\/pt\/wp-json\/wp\/v2\/media\/3041"}],"wp:attachment":[{"href":"https:\/\/travelshelper.com\/pt\/wp-json\/wp\/v2\/media?parent=12252"}],"curies":[{"name":"wp","href":"https:\/\/api.w.org\/{rel}","templated":true}]}}