{"id":12118,"date":"2024-09-15T14:33:35","date_gmt":"2024-09-15T14:33:35","guid":{"rendered":"https:\/\/travelshelper.com\/staging\/?page_id=12118"},"modified":"2026-03-12T19:45:22","modified_gmt":"2026-03-12T19:45:22","slug":"cascais","status":"publish","type":"page","link":"https:\/\/travelshelper.com\/pt\/destinations\/europe\/portugal\/cascais\/","title":{"rendered":"Cascais"},"content":{"rendered":"<p>Cascais, um munic\u00edpio com 214.158 habitantes e 97,40 quil\u00f4metros quadrados na Riviera Portuguesa, situa-se na conflu\u00eancia da margem ocidental do estu\u00e1rio do Tejo com o Oceano Atl\u00e2ntico. Situada a quarenta quil\u00f4metros a oeste de Lisboa, ocupa uma posi\u00e7\u00e3o costeira estrat\u00e9gica entre a serra de Sintra e o mar aberto. Esta cidade, considerada uma das mais ricas de Portugal e da Pen\u00ednsula Ib\u00e9rica, evoluiu de um tranquilo porto de pesca para um resort \u00e0 beira-mar e centro cultural de primeira linha, atraindo visitantes sazonais e uma comunidade internacional durante todo o ano. Sua reputa\u00e7\u00e3o se baseia em uma combina\u00e7\u00e3o de resson\u00e2ncia hist\u00f3rica, beleza natural e comodidades modernas que, juntas, definem um destino de apelo duradouro.<\/p>\n<p>A narrativa moderna de Cascais como um ref\u00fagio procurado come\u00e7ou na d\u00e9cada de 1870, quando o Rei Lu\u00eds I de Portugal estabeleceu ali sua resid\u00eancia em setembro. Sua escolha levou a nobreza portuguesa a segui-la, erguendo vilas de veraneio e criando um enclave aristocr\u00e1tico coeso. Nas d\u00e9cadas seguintes, as margens da cidade atra\u00edram a realeza estrangeira \u2014 incluindo o Duque de Windsor, mais tarde Rei Eduardo VIII do Reino Unido; o Rei Juan Carlos I da Espanha; e o Rei Umberto II da It\u00e1lia \u2014 bem como figuras exiladas como o presidente cubano Fulg\u00eancio Batista. A presen\u00e7a de moradores t\u00e3o ilustres consolidou o status de Cascais como um ref\u00fagio aristocr\u00e1tico. Seu cassino local no Estoril inspirou o romance inaugural de James Bond, Cassino Royale, de Ian Fleming, inscrevendo ainda mais a regi\u00e3o no mapa cultural global.<\/p>\n<p>Al\u00e9m das suas associa\u00e7\u00f5es reais, os limites municipais de Cascais abrangem quatro freguesias: Alcabideche; Carcavelos e Parede; Cascais e Estoril; e S\u00e3o Domingos de Rana. Estas divis\u00f5es administrativas refletem uma diversidade de ambientes urbanos e rurais, desde o centro hist\u00f3rico de Cascais, com as suas ruas calcetadas e ru\u00ednas do castelo, at\u00e9 \u00e0s zonas residenciais mais tranquilas no interior. O munic\u00edpio ocupa o nono lugar entre os munic\u00edpios portugueses em densidade populacional e o sexto em propor\u00e7\u00e3o da sua popula\u00e7\u00e3o empregada formalmente, indicadores da sua vitalidade econ\u00f3mica sustentada e da sua atratividade como local para viver e trabalhar.<\/p>\n<p>O litoral de Cascais se estende por cerca de vinte quil\u00f4metros e abriga dezessete praias, cada uma com seu pr\u00f3prio car\u00e1ter e patroc\u00ednio. As \u00e1guas mais calmas a leste atraem banhistas para locais como a Praia da Concei\u00e7\u00e3o e a Praia da Rainha, onde a luz do entardecer suaviza os promont\u00f3rios da antiga cidadela. A oeste, a Praia do Guincho e a Praia de Carcavelos s\u00e3o famosas por seus picos de surfe, alimentados por ondula\u00e7\u00f5es do Atl\u00e2ntico e brisas constantes da costa. Adjacente \u00e0 Praia do Guincho fica a Duna da Cresmina, uma crista em constante mudan\u00e7a esculpida por ventos persistentes que exemplifica a intera\u00e7\u00e3o din\u00e2mica de areia, mar e c\u00e9u. Mais ao longo da costa, fal\u00e9sias dram\u00e1ticas d\u00e3o origem \u00e0 enseada rochosa conhecida como Boca do Inferno, onde ondas impulsionadas por tempestades estrondeiam contra as forma\u00e7\u00f5es e que j\u00e1 serviu como cen\u00e1rio da c\u00e9lebre falsa morte travessa de Aleister Crowley em 1930.<\/p>\n<p>O clima de Cascais \u00e9 classificado como mediterr\u00e2nico, com ver\u00f5es quentes e secos e invernos frios e h\u00famidos. As temperaturas moderadas pelo mar raramente descem abaixo dos 5 \u00b0C ou ultrapassam os 30 \u00b0C, enquanto o efeito de ilha de calor urbana no centro da cidade garante invernos amenos e dias amenos durante grande parte do ano. Esta consist\u00eancia clim\u00e1tica refor\u00e7a o apelo da regi\u00e3o para atividades ao ar livre em qualquer esta\u00e7\u00e3o.<\/p>\n<p>O acesso a partir de Lisboa \u00e9 direto pela autoestrada A5 ou pela pitoresca estrada marginal costeira. Uma alternativa \u00e9 o servi\u00e7o ferrovi\u00e1rio suburbano frequente a partir da esta\u00e7\u00e3o do Cais do Sodr\u00e9, que cobre a dist\u00e2ncia em aproximadamente quarenta minutos por uma tarifa de ida e volta que, em junho de 2018, era de cinco euros. As m\u00e1quinas de bilhetes nas esta\u00e7\u00f5es emitem cart\u00f5es por cinquenta c\u00eantimos que permanecem v\u00e1lidos at\u00e9 \u00e0 data de validade impressa. T\u00e1xis e uma rede de autocarros municipais complementam estas liga\u00e7\u00f5es principais. A Rota 27 circunscreve a cidade, servindo residentes e visitantes a uma tarifa de dois euros por viagem. Para percursos mais longos, um extenso terminal de autocarros interurbanos opera por baixo do centro comercial em frente \u00e0 esta\u00e7\u00e3o ferrovi\u00e1ria. As transfer\u00eancias rodovi\u00e1rias para o Aeroporto Humberto Delgado, em Lisboa, variam entre trinta minutos e uma hora e quinze minutos, dependendo do tr\u00e1fego, enquanto o Aer\u00f3dromo Municipal de Cascais, em Tires, acomoda aeronaves ligeiras e servi\u00e7os regulares da Sevenair para destinos como Bragan\u00e7a, Portim\u00e3o, Vila Real e Viseu.<\/p>\n<p>Dentro do pr\u00f3prio centro hist\u00f3rico de Cascais, convida \u00e0 explora\u00e7\u00e3o a p\u00e9. Uma rede de ruas estreitas e calcetadas sobe para al\u00e9m da marina at\u00e9 bairros residenciais onde a arquitetura de \u00e9poca se mistura com a vegeta\u00e7\u00e3o subtropical. Para quem prefere a mobilidade em duas rodas, uma ciclovia dedicada percorre a orla mar\u00edtima desde a Avenida Rei Humberto II de It\u00e1lia at\u00e9 \u00e0 Praia do Guincho, uma dist\u00e2ncia de aproximadamente dez quil\u00f3metros. Os ventos de noroeste podem tornar o percurso de regresso desafiante, mas garantem um regresso r\u00e1pido com tempo bom. O programa municipal de partilha de bicicletas BiCas oferece alugueres gratuitos em troca de identifica\u00e7\u00e3o e comprovativo de morada, embora a procura local e problemas mec\u00e2nicos ocasionais possam limitar a disponibilidade. Pontos de aluguer privados e operadores nacionais tamb\u00e9m disponibilizam bicicletas coloridas perto da esta\u00e7\u00e3o de Cascais.<\/p>\n<p>A infraestrutura cultural da cidade inclui o Pal\u00e1cio do Conde de Castro Guimar\u00e3es, uma resid\u00eancia rom\u00e2ntica do in\u00edcio do s\u00e9culo XX que abriga um extenso acervo de mais de 25 mil volumes e manuscritos raros, como o livro ilustrado do s\u00e9culo XV de Duarte Galv\u00e3o. O Museu do Mar Rei D. Carlos documenta o patrim\u00f4nio mar\u00edtimo de Cascais e sua antiga vida como porto de pesca, enquanto o Museu do Farol de Santa Marta ocupa o terreno de uma antiga fortaleza, preservando o aparato operacional da ilumina\u00e7\u00e3o costeira. A Casa das Hist\u00f3rias Paula Rego, um impressionante museu moderno situado em um parque adjacente, \u00e9 dedicado \u00e0 obra da artista portuguesa Paula Rego e seu marido, apresentando exposi\u00e7\u00f5es rotativas. O pr\u00f3prio edif\u00edcio da C\u00e2mara Municipal abriga um compacto museu municipal que contextualiza a evolu\u00e7\u00e3o da cidade de fortaleza a resort, sem cobran\u00e7a de entrada.<\/p>\n<p>A vida desportiva em Cascais \u00e9 variada e vigorosa. A marina, conclu\u00edda em 1999 com seiscentos e cinquenta lugares, acolheu eventos de alto n\u00edvel, como o Campeonato do Mundo de Vela ISAF de 2007 para botes e iates de corrida. Competi\u00e7\u00f5es regulares de t\u00e9nis e motociclismo acrescentam ainda mais dimens\u00e3o, e durante muitos anos o Circuito do Estoril, nas proximidades, acolheu o Grande Pr\u00e9mio de Portugal de F\u00f3rmula 1 da FIA. O Casino do Estoril, adjacente, destaca-se como um dos maiores estabelecimentos de jogo da Europa, e o Hotel Pal\u00e1cio, nas proximidades, apareceu no filme de James Bond &#034;A Servi\u00e7o Secreto de Sua Majestade&#034;. Entusiastas da \u00e1gua frequentam a ba\u00eda para aulas de vela, aluguer de esqui aqu\u00e1tico e kitesurf, enquanto competi\u00e7\u00f5es de surf e windsurf decorrem nas praias do Guincho, Grande e Ribeira d&#039;Ilhas. Em terra, o clube de futebol Estoril Praia compete na primeira divis\u00e3o de Portugal no Est\u00e1dio Ant\u00f3nio Coimbra da Mota, e a regi\u00e3o apoia uma equipa feminina emergente no mesmo escal\u00e3o.<\/p>\n<p>Os golfistas encontram um denso aglomerado de campos projetados por arquitetos renomados. O Belas Country Club, o Belas Clube de Campo e o Lisbon Sports Club ficam ao norte, cada um oferecendo dezoito buracos com comprimentos que ultrapassam os cinco mil metros e instala\u00e7\u00f5es que variam de academias a restaurantes. O Penha Longa Golf Resort, no lado de Sintra, oferece um campo com vista para o Atl\u00e2ntico e um campo de nove buracos situado dentro dos terrenos do mosteiro. A Quinta da Marinha e o Oitavos Golf Course, ambos aninhados entre pinheiros mar\u00edtimos e sistemas de dunas, completam o portf\u00f3lio local; o primeiro oferece diversos restaurantes, quadras de t\u00eanis e piscinas, enquanto o segundo apresenta dezoito buracos desafiadores ao longo da costa do Atl\u00e2ntico. Buggies, tacos e aulas est\u00e3o dispon\u00edveis universalmente, garantindo acesso para golfistas de todos os n\u00edveis de habilidade em meio ao clima ameno.<\/p>\n<p>As atividades equestres t\u00eam uma presen\u00e7a consolidada, com escolas de equita\u00e7\u00e3o e centros h\u00edpicos como o Centro H\u00edpico da Costa do Estoril, o Centro H\u00edpico da Quinta da Marinha e o Centro H\u00edpico Manuel Possolo, que oferecem aulas e passeios a cavalo pelas matas adjacentes. A cada primavera, o hip\u00f3dromo Manuel Possolo recebe o Global Champions Tour, um evento de saltos de obst\u00e1culos cinco estrelas que re\u00fane cavaleiros profissionais e amadores para competi\u00e7\u00f5es e eventos sociais.<\/p>\n<p>O interesse pelo patrim\u00f4nio remonta ainda mais ao passado, incluindo as Grutas de Alapraia e do Po\u00e7o Velho, sistemas de cavernas pr\u00e9-hist\u00f3ricas descobertos no final do s\u00e9culo XIX e que datam do per\u00edodo Neol\u00edtico. Artefatos e restos de esqueletos forneceram insights sobre os padr\u00f5es de ocupa\u00e7\u00e3o primitivos na costa da Estremadura, e pe\u00e7as selecionadas est\u00e3o expostas em cole\u00e7\u00f5es de museus locais. Embora visitas guiadas \u00e0s cavernas n\u00e3o sejam programadas regularmente, os s\u00edtios em si continuam sendo pontos de interesse acad\u00eamico e, ocasionalmente, de explora\u00e7\u00e3o guiada.<\/p>\n<p>Os costumes culin\u00e1rios em Cascais centram-se nos frutos do mar. Pratos de bacalhau \u2014 bacalhau \u2014 proliferam em mais de cem prepara\u00e7\u00f5es tradicionais, enquanto robalo e lula grelhados s\u00e3o pratos b\u00e1sicos em modestas tascas familiares. Os visitantes s\u00e3o aconselhados a procurar os pratos locais favoritos em bairros residenciais ou ao longo da costa a leste do centro da cidade, onde a qualidade e o valor muitas vezes superam as redes internacionais mais conhecidas. Especialidades \u00e0 base de carne, como o leit\u00e3o assado de Negrais e a carne de porco preparada \u00e0 moda das Merc\u00eas, complementam as ofertas mar\u00edtimas. A do\u00e7aria derivada da gema de ovo, incluindo os travesseiros de Sintra, as queijadas de Sintra, os fofos de Belas, as Areias de Cascais e as trouxas de Malveira, proporciona um final adequado para uma refei\u00e7\u00e3o, harmonizado soberbamente com o vinho do Porto local ou os vinhos leves da regi\u00e3o de Carcavelos e Colares. Noutros locais, o Vinho Verde e as denomina\u00e7\u00f5es tintas consagradas do Douro, D\u00e3o e Alentejo continuam prontamente dispon\u00edveis como acompanhamentos tanto de frutos do mar como de carne.<\/p>\n<p>Em 2017, com o n\u00famero de visitantes superando recordes hist\u00f3ricos \u2014 aproximadamente 1,2 milh\u00e3o de estadias em hot\u00e9is foram registradas em 2016 \u2014, o munic\u00edpio introduziu uma modesta taxa tur\u00edstica para apoiar os servi\u00e7os p\u00fablicos e os esfor\u00e7os de conserva\u00e7\u00e3o. Essa medida reflete o reconhecimento da dupla identidade de Cascais como comunidade residencial e destino tur\u00edstico global. Seja de carro pela A5, de trem vindo de Lisboa, de avi\u00e3o no aer\u00f3dromo local ou de iate na moderna marina, Cascais apresenta um am\u00e1lgama de heran\u00e7a real, cultura esportiva vibrante, ambientes naturais diversificados e um ambiente soci\u00e1vel e refinado.<\/p>\n<p>A for\u00e7a duradoura de Cascais reside na sua capacidade de conciliar tradi\u00e7\u00e3o e inova\u00e7\u00e3o. Continua a ser um laborat\u00f3rio para a vida em resorts costeiros, onde grutas neol\u00edticas e pal\u00e1cios em estilo Bourbon coexistem com espa\u00e7os de arte contempor\u00e2nea e marinas de luxo. Atrav\u00e9s da gest\u00e3o cuidadosa dos seus recursos naturais e constru\u00eddos, a cidade mant\u00e9m uma autenticidade que continua a atrair visitantes exigentes, ao mesmo tempo que promove uma elevada qualidade de vida para os seus residentes. Em cada ruela estreita e em cada trecho de costa arenosa, Cascais oferece um convite n\u00e3o para se isolar do mundo, mas para se envolver com ele num cen\u00e1rio moldado por s\u00e9culos de esfor\u00e7o humano e maravilhas naturais.<\/p>","protected":false},"excerpt":{"rendered":"<p>Cascais, a town and municipality in the Lisbon District of Portugal, is located along the Portuguese Riviera. Covering an area of 97.40 km\u00b2 and home to 214,158 people, this coastal treasure has grown to be a major travel destination and center of international events. Pressed as [k\u0250\u0283\u02c8kaj\u0283] in European Portuguese, the town&#8217;s name conjures visions of sun-soaked beaches, old elegance, and opulent living.<\/p>\n","protected":false},"author":1,"featured_media":3582,"parent":12065,"menu_order":0,"comment_status":"closed","ping_status":"closed","template":"elementor_theme","meta":{"_eb_attr":"","footnotes":""},"class_list":["post-12118","page","type-page","status-publish","has-post-thumbnail"],"_links":{"self":[{"href":"https:\/\/travelshelper.com\/pt\/wp-json\/wp\/v2\/pages\/12118","targetHints":{"allow":["GET"]}}],"collection":[{"href":"https:\/\/travelshelper.com\/pt\/wp-json\/wp\/v2\/pages"}],"about":[{"href":"https:\/\/travelshelper.com\/pt\/wp-json\/wp\/v2\/types\/page"}],"author":[{"embeddable":true,"href":"https:\/\/travelshelper.com\/pt\/wp-json\/wp\/v2\/users\/1"}],"replies":[{"embeddable":true,"href":"https:\/\/travelshelper.com\/pt\/wp-json\/wp\/v2\/comments?post=12118"}],"version-history":[{"count":0,"href":"https:\/\/travelshelper.com\/pt\/wp-json\/wp\/v2\/pages\/12118\/revisions"}],"up":[{"embeddable":true,"href":"https:\/\/travelshelper.com\/pt\/wp-json\/wp\/v2\/pages\/12065"}],"wp:featuredmedia":[{"embeddable":true,"href":"https:\/\/travelshelper.com\/pt\/wp-json\/wp\/v2\/media\/3582"}],"wp:attachment":[{"href":"https:\/\/travelshelper.com\/pt\/wp-json\/wp\/v2\/media?parent=12118"}],"curies":[{"name":"wp","href":"https:\/\/api.w.org\/{rel}","templated":true}]}}