{"id":12053,"date":"2024-09-15T12:59:22","date_gmt":"2024-09-15T12:59:22","guid":{"rendered":"https:\/\/travelshelper.com\/staging\/?page_id=12053"},"modified":"2026-03-12T21:52:09","modified_gmt":"2026-03-12T21:52:09","slug":"ecaterimburgo","status":"publish","type":"page","link":"https:\/\/travelshelper.com\/pt\/destinations\/europe\/russian-federation\/yekaterinburg\/","title":{"rendered":"Ecaterimburgo"},"content":{"rendered":"<p>Ecaterimburgo, situada \u00e0s margens do rio Iset, na extremidade leste dos Montes Urais, \u00e9 a quarta maior cidade da R\u00fassia e o centro administrativo do Oblast de Sverdlovsk e do Distrito Federal dos Urais. Abrangendo uma \u00e1rea de 1.111 quil\u00f4metros quadrados e abrigando 1.544.376 habitantes, segundo o censo de 2021, ocupa uma posi\u00e7\u00e3o estrat\u00e9gica entre a Europa e a Sib\u00e9ria. Fundada em 1723 e brevemente renomeada Sverdlovsk entre 1924 e 1991, a cidade \u00e9 tanto uma pot\u00eancia industrial quanto um polo cultural, com seu horizonte agora pontuado por arranha-c\u00e9us modernos e suas ruas caracterizadas por uma impressionante arquitetura construtivista.<\/p>\n<p>Ecaterimburgo foi fundada por decreto do Imperador Pedro, o Grande, em 18 de novembro de 1723, nomeada em homenagem \u00e0 sua consorte, a Imperatriz Catarina I. Desde sua cria\u00e7\u00e3o, serviu como capital da minera\u00e7\u00e3o do Imp\u00e9rio Russo, explorando os ricos min\u00e9rios dos Urais e atuando como um elo vital na Rota Siberiana, inaugurada por Catarina, a Grande, em 1781. Essa via transformou a cidade em uma porta de entrada para viajantes e mercadorias com destino \u00e0 vasta regi\u00e3o selvagem da Sib\u00e9ria. No final do s\u00e9culo XIX, Ecaterimburgo emergiu como um centro de agita\u00e7\u00e3o social e pol\u00edtica, um palco para movimentos revolucion\u00e1rios que moldariam o curso da hist\u00f3ria russa. Ap\u00f3s a Revolu\u00e7\u00e3o Bolchevique, a cidade foi renomeada Sverdlovsk em homenagem a Yakov Sverdlov, refletindo seu novo papel como centro administrativo e industrial sob o regime sovi\u00e9tico. Com a dissolu\u00e7\u00e3o da Uni\u00e3o Sovi\u00e9tica, recuperou seu nome hist\u00f3rico em 23 de setembro de 1991.<\/p>\n<p>Localizada na extremidade nordeste da Europa, Ecaterimburgo ocupa colinas arborizadas que se abrem para as encostas suaves dos Montes Urais. O rio Iset corta o tecido urbano, fluindo das montanhas para o Tobol. Dentro de seus limites encontram-se dois lagos, Shuvakish e Shartash, enquanto reservat\u00f3rios e lagoas pr\u00f3ximos sustentam tanto a recrea\u00e7\u00e3o quanto a gest\u00e3o da \u00e1gua. O clima continental \u00famido da cidade proporciona esta\u00e7\u00f5es bem definidas. Os invernos podem cair para -40\u00b0C sob intrus\u00f5es \u00e1rticas e, em seguida, subir acima de zero durante degelos repentinos, enquanto as temperaturas do ver\u00e3o podem oscilar de geadas leves a m\u00e1ximas superiores a 35\u00b0C, \u00e0 medida que as massas de ar quente avan\u00e7am da \u00c1sia Central. Essas flutua\u00e7\u00f5es dr\u00e1sticas ressaltam a posi\u00e7\u00e3o da cidade na encruzilhada de correntes de ar contrastantes.<\/p>\n<p>O crescimento demogr\u00e1fico acompanhou a expans\u00e3o econ\u00f4mica de Ecaterimburgo. Entre 2010 e 2021, sua popula\u00e7\u00e3o aumentou quase 15%, refletindo tanto a migra\u00e7\u00e3o interna quanto o crescimento natural. A cidade se estende al\u00e9m de seus limites oficiais, formando uma aglomera\u00e7\u00e3o urbana de cerca de 2,2 milh\u00f5es de habitantes. Essa expans\u00e3o coincide com um boom na constru\u00e7\u00e3o civil que produziu mais de vinte arranha-c\u00e9us, incluindo a Torre Iset, que, com 209 metros, \u00e9 a estrutura mais alta dos Montes Urais.<\/p>\n<p>Em termos de produ\u00e7\u00e3o econ\u00f4mica, Ecaterimburgo ocupa o terceiro lugar entre as cidades russas, superada apenas por Moscou e S\u00e3o Petersburgo. O \u00edndice global City-600 da McKinsey a coloca entre as principais economias urbanas do mundo, respondendo por 60% do Produto Interno Bruto (PIB) global. Com um PIB urbano de 898 bilh\u00f5es de rublos em 2015 e um PIB metropolitano superior a 50 bilh\u00f5es de d\u00f3lares internacionais, Ecaterimburgo consolidou sua posi\u00e7\u00e3o como um polo financeiro e industrial.<\/p>\n<p>As bases econ\u00f4micas da cidade repousam na ind\u00fastria pesada, em usinas metal\u00fargicas e em empresas de defesa que datam do seu auge sovi\u00e9tico. Antes de 1991, Sverdlovsk derivava 90% de sua atividade da ind\u00fastria, tr\u00eas quartos da qual sustentavam a produ\u00e7\u00e3o militar. Desde as reformas de mercado da d\u00e9cada de 1990, a diversifica\u00e7\u00e3o industrial avan\u00e7ou, atraindo investimentos em tecnologia, log\u00edstica e servi\u00e7os empresariais. A sede do Distrito Militar Central e a Filial Ural da Academia Russa de Ci\u00eancias destacam o duplo papel de Ecaterimburgo como centro estrat\u00e9gico e intelectual.<\/p>\n<p>O turismo tornou-se um contribuinte significativo para o perfil da cidade. Designada como um dos cinco principais destinos da R\u00fassia no \u00cdndice Global de Cidades de Destino de 2015, recebeu 2,1 milh\u00f5es de visitantes naquele ano. A mudan\u00e7a do turismo de neg\u00f3cios para o turismo de lazer \u00e9 evidente: enquanto os viajantes de neg\u00f3cios representavam 80% das chegadas, em 2015 eles representavam apenas 67%. Os visitantes chegam para explorar locais associados ao \u00faltimo czar russo, para seguir a tradi\u00e7\u00e3o bazhov da geologia e do folclore dos Urais e para participar de eventos que v\u00e3o desde as c\u00fapulas da Organiza\u00e7\u00e3o de Coopera\u00e7\u00e3o de Xangai de 2008-09 at\u00e9 a exposi\u00e7\u00e3o internacional Innoprom. Como cidade-sede da Copa do Mundo da FIFA de 2018, Ecaterimburgo exibiu seu est\u00e1dio moderno ao lado de marcos hist\u00f3ricos.<\/p>\n<p>Uma rede de transporte abrangente sustenta tanto o com\u00e9rcio quanto o turismo. Seis rodovias federais e sete grandes linhas ferrovi\u00e1rias convergem aqui, tornando-se o terceiro maior centro de transporte da R\u00fassia, depois de Moscou e S\u00e3o Petersburgo. O n\u00f3 de Ecaterimburgo faz parte da Ferrovia Transiberiana, conectando o oeste europeu com o leste do Pac\u00edfico. O Aeroporto Internacional de Koltsovo atende mais de cinco milh\u00f5es de passageiros anualmente, enquanto um aer\u00f3dromo secund\u00e1rio em Aramil acomoda voos regionais. Dentro da cidade, um metr\u00f4 de linha \u00fanica com nove esta\u00e7\u00f5es transporta quase cinquenta milh\u00f5es de passageiros por ano, juntamente com servi\u00e7os de bonde, tr\u00f3lebus e \u00f4nibus que antes transportavam centenas de milh\u00f5es anualmente. Um anel vi\u00e1rio em expans\u00e3o e uma rede de interc\u00e2mbios de v\u00e1rios n\u00edveis resolvem o congestionamento cr\u00f4nico causado pelo r\u00e1pido crescimento da propriedade de autom\u00f3veis, que agora \u00e9 de aproximadamente 410 ve\u00edculos por 1.000 habitantes.<\/p>\n<p>A paisagem cultural de Ecaterimburgo \u00e9 profunda e variada. Cerca de cinquenta bibliotecas, incluindo a Biblioteca Cient\u00edfica Universal do Oblast de Sverdlovsk e a Biblioteca Central da Cidade A.I. Herzen, apoiam atividades acad\u00eamicas. Existem mais de cinquenta museus, com cole\u00e7\u00f5es que v\u00e3o desde os \u00edcones de Nevyansk, do Museu de \u00cdcones de Nevyansk, at\u00e9 a Cole\u00e7\u00e3o Shigir, a escultura de madeira mais antiga do mundo, datada de aproximadamente 11.500 anos atr\u00e1s. O Museu de Belas Artes de Ecaterimburgo abriga telas renomadas da pintura russa, enquanto o pavilh\u00e3o de ferro fundido Kasli, uma obra-prima de 1900 tombada pela UNESCO, abriga seu acervo.<\/p>\n<p>A vida teatral prospera em locais que incluem o Teatro Acad\u00eamico de Com\u00e9dia Musical, o teatro dram\u00e1tico, o teatro juvenil e um renomado teatro de marionetes. O Teatro de \u00d3pera e Bal\u00e9 de Ecaterimburgo recebeu quatro pr\u00eamios M\u00e1scara de Ouro em 2020, incluindo o de Melhor Espet\u00e1culo de \u00d3pera. A heran\u00e7a cinematogr\u00e1fica da cidade se estende desde seu primeiro cinema, em 1909, at\u00e9 o Est\u00fadio de Cinema de Sverdlovsk, fundado em 1943, cujas produ\u00e7\u00f5es alcan\u00e7aram o p\u00fablico nacional. Mais de vinte cinemas agora exibem filmes nacionais e internacionais.<\/p>\n<p>A m\u00fasica tamb\u00e9m pulsa pelas ruas da cidade. Bandas de rock como Chaif, Agata Kristi e Nautilus Pompilius se originaram aqui, contribuindo para o movimento Ural Rock. O Conservat\u00f3rio Estadual dos Urais formou luminares da \u00f3pera como Boris Shtokolov e Vera Bayeva, e a Orquestra Filarm\u00f4nica dos Urais, sob a reg\u00eancia de Dmitry Liss, se apresenta internacionalmente. As artes circenses florescem no Circo Estadual V. I. Filatov, eleito o Circo do Ano da R\u00fassia em 2012.<\/p>\n<p>Ecaterimburgo abra\u00e7a a arte p\u00fablica e a arquitetura em igual medida. Os marcos construtivistas ultrapassam 140, da Torre Branca de Uralmash \u00e0 editora &#034;Uralskiy Rabochiy&#034;. A arte de rua rendeu \u00e0 cidade o apelido de &#034;capital russa da arte de rua&#034;. Os edif\u00edcios hist\u00f3ricos variam de conjuntos neocl\u00e1ssicos do arquiteto Michael Malakhov, ativo de 1815 a 1842, a estruturas barrocas e ecl\u00e9ticas, como a \u00d3pera e a esta\u00e7\u00e3o ferrovi\u00e1ria, erguidas no in\u00edcio do s\u00e9culo XX. O neoclassicismo da era sovi\u00e9tica adornou edif\u00edcios p\u00fablicos nas d\u00e9cadas de 1930 e 1950, enquanto os blocos de apartamentos da era Khrushchev refletem as doutrinas racionalistas das d\u00e9cadas de 1960 e 1980. As reformas de mercado da d\u00e9cada de 1990 testemunharam a restaura\u00e7\u00e3o e o fen\u00f4meno da &#034;fachada&#034;, preservando fachadas hist\u00f3ricas enquanto se juntavam a preenchimentos modernos. A virada do mil\u00eanio trouxe torres de alta tecnologia, centros empresariais e complexos de luxo, culminando no Central Business District, projetado por Jean Pistre, e na Iset Tower.<\/p>\n<p>No bairro cultural, o Centro Presidencial Boris Yeltsin foi inaugurado em 2015 e eleito o melhor museu da Europa em 2017 pelo Conselho da Europa. A Sociedade Ural de Amantes das Ci\u00eancias Naturais criou um zool\u00f3gico que hoje abriga mais de 1.000 animais de 350 esp\u00e9cies. Desde 2011, a rota de pedestres &#034;Linha Vermelha&#034; guia os visitantes por trinta e quatro marcos hist\u00f3ricos no cora\u00e7\u00e3o da cidade, conectando pal\u00e1cios, catedrais e pra\u00e7as p\u00fablicas em um passeio autoguiado.<\/p>\n<p>A hist\u00f3ria de Ecaterimburgo \u00e9 uma hist\u00f3ria de constante transforma\u00e7\u00e3o no encontro de continentes e \u00e9pocas. Sua g\u00eanese como posto avan\u00e7ado de minera\u00e7\u00e3o, sua matura\u00e7\u00e3o como centro industrial imperial e sovi\u00e9tico e sua emerg\u00eancia como metr\u00f3pole moderna de finan\u00e7as, arte e arquitetura ressaltam sua import\u00e2ncia duradoura. Da \u00e9poca de Catarina, a Grande, \u00e0 era digital, a cidade equilibrou extra\u00e7\u00e3o de recursos e express\u00e3o criativa, import\u00e2ncia estrat\u00e9gica e inova\u00e7\u00e3o cultural. Em suas ruas e horizonte, percebe-se n\u00e3o apenas o peso da hist\u00f3ria, mas tamb\u00e9m a ambi\u00e7\u00e3o incans\u00e1vel de uma cidade perpetuamente voltada para o leste e o oeste, para o passado e para o futuro.<\/p>","protected":false},"excerpt":{"rendered":"<p>Ecaterimburgo, o centro administrativo do Oblast de Sverdlovsk e do Distrito Federal dos Urais na R\u00fassia, est\u00e1 localizada \u00e0s margens do rio Iset, entre a regi\u00e3o do Volga-Urais e a Sib\u00e9ria. Ecaterimburgo, com uma popula\u00e7\u00e3o de cerca de 1,5 milh\u00e3o de habitantes dentro dos limites da cidade e at\u00e9 2,2 milh\u00f5es na aglomera\u00e7\u00e3o metropolitana, \u00e9 a quarta maior cidade da R\u00fassia e a maior do Distrito Federal dos Urais.<\/p>","protected":false},"author":1,"featured_media":4521,"parent":11976,"menu_order":0,"comment_status":"closed","ping_status":"closed","template":"elementor_theme","meta":{"_eb_attr":"","footnotes":""},"class_list":["post-12053","page","type-page","status-publish","has-post-thumbnail"],"_links":{"self":[{"href":"https:\/\/travelshelper.com\/pt\/wp-json\/wp\/v2\/pages\/12053","targetHints":{"allow":["GET"]}}],"collection":[{"href":"https:\/\/travelshelper.com\/pt\/wp-json\/wp\/v2\/pages"}],"about":[{"href":"https:\/\/travelshelper.com\/pt\/wp-json\/wp\/v2\/types\/page"}],"author":[{"embeddable":true,"href":"https:\/\/travelshelper.com\/pt\/wp-json\/wp\/v2\/users\/1"}],"replies":[{"embeddable":true,"href":"https:\/\/travelshelper.com\/pt\/wp-json\/wp\/v2\/comments?post=12053"}],"version-history":[{"count":0,"href":"https:\/\/travelshelper.com\/pt\/wp-json\/wp\/v2\/pages\/12053\/revisions"}],"up":[{"embeddable":true,"href":"https:\/\/travelshelper.com\/pt\/wp-json\/wp\/v2\/pages\/11976"}],"wp:featuredmedia":[{"embeddable":true,"href":"https:\/\/travelshelper.com\/pt\/wp-json\/wp\/v2\/media\/4521"}],"wp:attachment":[{"href":"https:\/\/travelshelper.com\/pt\/wp-json\/wp\/v2\/media?parent=12053"}],"curies":[{"name":"wp","href":"https:\/\/api.w.org\/{rel}","templated":true}]}}