{"id":12022,"date":"2024-09-15T12:33:42","date_gmt":"2024-09-15T12:33:42","guid":{"rendered":"https:\/\/travelshelper.com\/staging\/?page_id=12022"},"modified":"2026-03-12T21:59:02","modified_gmt":"2026-03-12T21:59:02","slug":"novosibirsk","status":"publish","type":"page","link":"https:\/\/travelshelper.com\/pt\/destinations\/europe\/russian-federation\/novosibirsk\/","title":{"rendered":"Novosibirsk"},"content":{"rendered":"<p>Novosibirsk \u00e9 a cidade mais populosa da Sib\u00e9ria, com 1.633.595 habitantes, segundo o censo de 2021, e serve como centro administrativo do Oblast de Novosibirsk e do Distrito Federal Siberiano. Situada a 55\u00b0N, \u00e0s margens do rio Ob, na Plan\u00edcie Siberiana Ocidental, ocupa um ponto de tr\u00e2nsito crucial \u2014 2.811 quil\u00f4metros a leste de Moscou \u2014 e se estende pela fronteira sul delimitada pelo reservat\u00f3rio de Novosibirsk, criado pela usina hidrel\u00e9trica local. Fundada em 1893 no futuro cruzamento da Ferrovia Transiberiana, a cidade evoluiu de suas origens como Novonikolayevsk para um polo multifacetado de ind\u00fastria, pesquisa e cultura.<\/p>\n<p>Novonikolayevsk surgiu na plan\u00edcie aluvial baixa e pantanosa do Rio Ob, onde o \u00edmpeto dos engenheiros ferrovi\u00e1rios imperiais se cruzava com a geografia natural. Em 1897, a conclus\u00e3o da Ponte Ferrovi\u00e1ria de Novosibirsk ligou a R\u00fassia europeia ao vasto interior da Sib\u00e9ria e, em 1907, a popula\u00e7\u00e3o do assentamento havia aumentado de apenas 8.000 habitantes na inaugura\u00e7\u00e3o da ponte para mais de 47.000. Concedida ao status de cidade com plenos direitos municipais, recebeu o nome de &#034;Nova Nicolau&#034; em homenagem ao Imperador Nicolau II. As revoltas da Guerra Civil Russa infligiram graves danos \u00e0 comunidade em crescimento, mas, com a consolida\u00e7\u00e3o do poder sovi\u00e9tico, a cidade n\u00e3o apenas se recuperou, mas acelerou seu desenvolvimento. Em 1926, adotou o nome Novosibirsk \u2014 literalmente &#034;Nova Sib\u00e9ria&#034; \u2014 sinalizando sua identidade emergente como um centro da modernidade sovi\u00e9tica.<\/p>\n<p>Sob o impulso de industrializa\u00e7\u00e3o de Joseph Stalin, Novosibirsk tornou-se uma das principais capitais industriais da Sib\u00e9ria. F\u00e1bricas transferidas da parte europeia da URSS durante a Segunda Guerra Mundial encontraram aqui um porto seguro, transformando a cidade numa grande produtora de m\u00e1quinas, equipamentos e materiais militares. A expans\u00e3o do p\u00f3s-guerra incluiu a cria\u00e7\u00e3o de Akademgorodok em 1957, cerca de trinta quil\u00f4metros ao sul do centro urbano, marcando a ascens\u00e3o da cidade como polo de pesquisa cient\u00edfica. A marca populacional de um milh\u00e3o de habitantes foi atingida em 1962, e as d\u00e9cadas subsequentes testemunharam o crescimento de uma economia diversificada que hoje abrange a ind\u00fastria aeroespacial, a produ\u00e7\u00e3o de combust\u00edvel nuclear, a fabrica\u00e7\u00e3o de turbinas e geradores, m\u00e1quinas t\u00eaxteis e agr\u00edcolas, componentes eletr\u00f4nicos e metalurgia.<\/p>\n<p>O complexo industrial compreende cerca de 214 empresas de grande e m\u00e9dio porte. A F\u00e1brica de Aeronaves de Novosibirsk, de Chkalov, representa o setor aeroespacial, enquanto a F\u00e1brica de Concentrados Qu\u00edmicos de Novosibirsk impulsiona a ind\u00fastria de combust\u00edvel nuclear. A NPO ELSIB produz geradores turbo e hidrel\u00e9tricos, e a Textilmach e a NPO Sibselmash fornecem m\u00e1quinas t\u00eaxteis e agr\u00edcolas, respectivamente. A fabrica\u00e7\u00e3o de eletr\u00f4nicos \u00e9 representada pela F\u00e1brica e Escrit\u00f3rio de Design de Dispositivos Semicondutores de Novosibirsk e pela F\u00e1brica de Componentes de R\u00e1dio OXID de Novosibirsk. Obras metal\u00fargicas como a Usina Metal\u00fargica de Novosibirsk de Kuzmina e a Usina de Estanho de Novosibirsk destacam o papel da cidade na metalurgia e no processamento de metais raros.<\/p>\n<p>Administrativamente, Novosibirsk \u00e9 incorporada como uma unidade com status igual ao dos distritos vizinhos, formando a Cidade de Novosibirsk. Ela tamb\u00e9m serve como centro administrativo do Distrito de Novosibirsky, embora n\u00e3o esteja sob sua jurisdi\u00e7\u00e3o. Municipalmente, todo o territ\u00f3rio urbano constitui o Okrug Urbano de Novosibirsk. A popula\u00e7\u00e3o da cidade aumentou de 1.473.754 no censo de 2010 para 1.633.595 em 2021, refletindo o crescimento demogr\u00e1fico cont\u00ednuo que abrange mais de oitenta etnias e nacionalidades. Etnicamente, os maiores grupos s\u00e3o russos, tadjiques, t\u00e1rtaros, uzbeques, ucranianos e quirguizes.<\/p>\n<p>O tecido urbano de Novosibirsk evoluiu por meio de sucessivas fases de planejamento. Antes de 1917, conjuntos de edif\u00edcios como a sede da administra\u00e7\u00e3o ferrovi\u00e1ria, a esta\u00e7\u00e3o principal e a Catedral de Alexandre Nevsky, de estilo neobizantina, estavam dispersos pela plan\u00edcie de inunda\u00e7\u00e3o. A Revolu\u00e7\u00e3o inaugurou um arranjo c\u00edvico mais coerente: em 1925, a Casa Lenin foi erguida na Krasny Prospekt, a avenida que se tornaria a principal via da cidade, e um monumento a Lenin foi erguido na Rua Barnaulskaya, perto da esta\u00e7\u00e3o. No final da d\u00e9cada de 1920, um centro de fato come\u00e7ou a se consolidar em torno da antiga Pra\u00e7a do Mercado \u2014 Bazarnaya Ploschad \u2014 onde a constru\u00e7\u00e3o do Teatro de \u00d3pera e Bal\u00e9 de Novosibirsk come\u00e7ou em 1931. O Parque Stalin de Cultura e Repouso, estabelecido na periferia urbana, criou um eixo radial que conectava lazer, administra\u00e7\u00e3o e artes.<\/p>\n<p>A arquitetura de Novosibirsk abrange um espectro de estilos. Edif\u00edcios ecl\u00e9ticos e modernistas datados da R\u00fassia Imperial permanecem ao lado do neoclassicismo stalinista da d\u00e9cada de 1930 e das linhas retas do modernismo sovi\u00e9tico. Estruturas brutalistas sovi\u00e9ticas tardias conferem uma qualidade monumental, enquanto mosaicos, relevos e esculturas p\u00fablicas pontuam as fachadas, refletindo a inclina\u00e7\u00e3o da \u00e9poca pela arte c\u00edvica. O Teatro de \u00d3pera e Bal\u00e9 de Novosibirsk, frequentemente chamado de &#034;Coliseu Siberiano&#034;, exemplifica a escala ousada e a ambi\u00e7\u00e3o do design sovi\u00e9tico inicial. Seu imponente telhado de concha e seu vasto audit\u00f3rio expressam as aspira\u00e7\u00f5es culturais da cidade. Perto dali, a Catedral de Alexander Nevsky oferece uma dimens\u00e3o espiritual contrastante, com suas c\u00fapulas lembrando a arquitetura eclesi\u00e1stica pr\u00e9-revolucion\u00e1ria.<\/p>\n<p>O Rio Ob molda tanto a geografia quanto o transporte. Tr\u00eas pontes rodovi\u00e1rias \u2014 Kommunalny, Dimitrovsky e Bugrinsky \u2014 atravessam o curso d&#039;\u00e1gua, juntamente com dois viadutos ferrovi\u00e1rios e a ponte do metr\u00f4 de Novosibirsk. A barragem da Usina Hidrel\u00e9trica de Novosibirsk, situada no extremo sul da cidade, desempenha fun\u00e7\u00f5es duplas: geradora de energia e condutora de tr\u00e1fego. O reservat\u00f3rio formado pela barragem, que corta o Planalto Ob, marca o limite sul da cidade. Embora Novosibirsk esteja a cerca de 2.811 quil\u00f4metros de Moscou, mant\u00e9m la\u00e7os estreitos com centros regionais como Omsk, Barnaul, Kemerovo e Tomsk.<\/p>\n<p>O Aeroporto de Tolmachevo, o hub a\u00e9reo mais movimentado da Sib\u00e9ria, conecta Novosibirsk com as principais cidades e destinos da R\u00fassia na Europa e na \u00c1sia. Ele funciona como a base principal da S7 Airlines. As instala\u00e7\u00f5es auxiliares de avia\u00e7\u00e3o incluem o Aeroporto de Yeltsovka, que oferece servi\u00e7os auxiliares, enquanto o antigo campo de avia\u00e7\u00e3o geral de Severny encerrou suas opera\u00e7\u00f5es em 2012. A ferrovia continua sendo um pilar fundamental: a esta\u00e7\u00e3o Novosibirsk-Glavny fica no cora\u00e7\u00e3o do distrito da margem direita, complementada pelas esta\u00e7\u00f5es Novosibirsk-Zapadny, Novosibirsk-Vostochny e Novosibirsk-Yuzhny, que juntas acomodam todo o tr\u00e1fego intermunicipal. Paradas suburbanas como Inskaya e Seyatel complementam a rede. A cidade fica na conflu\u00eancia da Ferrovia Transiberiana e da Ferrovia Turquest\u00e3o-Sib\u00e9ria, posicionando-a como um nexo para viagens ferrovi\u00e1rias dom\u00e9sticas e internacionais para a China, Mong\u00f3lia, Bielorr\u00fassia e \u00c1sia Central.<\/p>\n<p>O transporte de \u00f4nibus intermunicipal e internacional anteriormente se concentrava na esta\u00e7\u00e3o Krasny Avenue, inaugurada em 1964 e desativada em abril de 2020. Novas esta\u00e7\u00f5es perif\u00e9ricas est\u00e3o em desenvolvimento, a primeira das quais foi inaugurada em Gusinobrodskoe Chaussee em dezembro de 2019. Enquanto isso, paradas provis\u00f3rias continuam a servir \u00f4nibus de longa dist\u00e2ncia ligando Novosibirsk a cidades da Sib\u00e9ria Ocidental e da \u00c1sia Central. Os servi\u00e7os fluviais de passageiros operam a partir do terminal estabelecido em 1974, adjacente \u00e0 esta\u00e7\u00e3o de metr\u00f4 de mesmo nome. Embora um inc\u00eandio em mar\u00e7o de 2003 tenha deixado parte do pr\u00e9dio irrepar\u00e1vel, o terminal agora suporta duas linhas regulares \u2014 conectando a cidade com ilhas e assentamentos perif\u00e9ricos \u2014 e cruzeiros sazonais para Tomsk e Barnaul. Os navios navegam pelo Canal de Navega\u00e7\u00e3o de Novosibirsk, que possui uma eclusa de c\u00e2mara tripla que facilita o tr\u00e2nsito entre o rio e o reservat\u00f3rio quando o per\u00edodo naveg\u00e1vel, normalmente do final de abril ao final de setembro, est\u00e1 em vigor.<\/p>\n<p>O transporte p\u00fablico urbano compreende metr\u00f4, bonde, tr\u00f3lebus, \u00f4nibus, \u00f4nibus aqu\u00e1tico e micro-\u00f4nibus de rota fixa conhecidos como marshrutkas. Inaugurado em 1985, o Metr\u00f4 de Novosibirsk foi o primeiro na Sib\u00e9ria e o quarto na R\u00fassia, operando duas linhas de via dupla com treze esta\u00e7\u00f5es em 2022. A rede de bondes, lan\u00e7ada em 1934, inclui dez rotas \u2014 seis na margem esquerda e quatro na direita. Os tr\u00f3lebus percorrem as ruas da cidade desde 1957, agora em quatorze rotas. O sistema de \u00f4nibus data de 1923 e, em 2022, abrangia cinquenta e duas linhas de \u00f4nibus longos e dezessete servi\u00e7os de micro-\u00f4nibus. A rede de \u00f4nibus aqu\u00e1tico, documentada em 2021, conecta o terminal fluvial com locais como a praia de Bugrinskaya Roshcha e a Ilha Korablik; uma rota planejada para o parque aqu\u00e1tico permaneceu suspensa. As marshrutkas surgiram pela primeira vez no final da d\u00e9cada de 1970, com a entrada de transportadoras privadas em 1989; Atualmente, cinquenta e seis rotas operam, embora nos \u00faltimos anos tenha havido uma substitui\u00e7\u00e3o gradual de micro-\u00f4nibus por \u00f4nibus comuns.<\/p>\n<p>O clima de Novosibirsk reflete sua posi\u00e7\u00e3o continental, longe da modera\u00e7\u00e3o mar\u00edtima. Classificada como continental \u00famido (K\u00f6ppen Dfb), a cidade apresenta ver\u00f5es quentes, com m\u00e1ximas m\u00e9dias de 15 \u00b0C a 26 \u00b0C, e invernos extremamente frios, onde m\u00ednimas m\u00e9dias de -20 \u00b0C a -12 \u00b0C d\u00e3o lugar a extremos de at\u00e9 -35 \u00b0C. As m\u00e1ximas de ver\u00e3o podem chegar a 35 \u00b0C, resultando em uma amplitude t\u00e9rmica anual de 82 \u00b0C entre os extremos registrados. A neve cai em quase metade dos dias de inverno, embora eventos individuais sejam tipicamente leves. Os anticiclones siberianos impulsionam o ar frio para o sul, sem impedimentos por barreiras montanhosas, tornando Novosibirsk a segunda grande cidade mais interiorana do mundo. No entanto, os invernos aqui s\u00e3o comparativamente mais amenos do que os do leste da Sib\u00e9ria e do Extremo Oriente russo em latitudes mais baixas. O perfil t\u00e9rmico geral de Novosibirsk \u00e9 paralelo ao de Winnipeg, no Canad\u00e1.<\/p>\n<p>A vida cultural em Novosibirsk se estende al\u00e9m de seus monumentos arquitet\u00f4nicos. O Zool\u00f3gico de Novosibirsk, fundado em 1933, abriga uma extensa cole\u00e7\u00e3o de esp\u00e9cies \u00e1rticas e tropicais, contribuindo para a pesquisa sobre conserva\u00e7\u00e3o. Os teatros, galerias e museus da cidade refletem sua dupla heran\u00e7a: tradi\u00e7\u00e3o russa e inova\u00e7\u00e3o sovi\u00e9tica. Festivais anuais exibem literatura, m\u00fasica e cinema, enquanto a Akademgorodok permanece uma vibrante comunidade cient\u00edfica, com institutos de pesquisa dedicados \u00e0 f\u00edsica, biologia, matem\u00e1tica e ecologia. A presen\u00e7a de estudantes e acad\u00eamicos de toda a R\u00fassia e do exterior promove uma atmosfera de interc\u00e2mbio intelectual.<\/p>\n<p>A diversidade \u00e9tnica permeia o tecido social da cidade. O russo continua sendo a l\u00edngua e a cultura predominantes, mas comunidades de origem centro-asi\u00e1tica e turca \u2014 tadjique, uzbeque, t\u00e1rtaro e quirguiz \u2014 enriquecem a paisagem urbana com suas tradi\u00e7\u00f5es, culin\u00e1ria e pr\u00e1ticas religiosas. Influ\u00eancias ucranianas e outras influ\u00eancias eslavas tamb\u00e9m contribuem para o mosaico. Apesar da preval\u00eancia do russo, as gera\u00e7\u00f5es mais jovens aprendem cada vez mais o ingl\u00eas, facilitando o engajamento internacional, mesmo que os moradores mais velhos tendam a se basear apenas no russo.<\/p>\n<p>Infraestrutura de transporte, proezas industriais e institui\u00e7\u00f5es culturais convergem na identidade contempor\u00e2nea de Novosibirsk. A evolu\u00e7\u00e3o da cidade de um modesto posto ferrovi\u00e1rio para uma metr\u00f3pole em expans\u00e3o reflete mais de um s\u00e9culo de planejamento estrat\u00e9gico, desenvolvimento liderado pelo Estado e resili\u00eancia comunit\u00e1ria. A Novosibirsk moderna equilibra sua heran\u00e7a sovi\u00e9tica com as demandas do s\u00e9culo XXI, com novos projetos arquitet\u00f4nicos e empreendimentos tecnol\u00f3gicos surgindo ao lado de teatros hist\u00f3ricos e complexos universit\u00e1rios.<\/p>\n<p>Ao longo de sua hist\u00f3ria, Novosibirsk enfrentou desafios impostos pelo clima rigoroso, geografia remota e mudan\u00e7as nas correntes pol\u00edticas. Sua capacidade de absorver deslocamentos em tempos de guerra, de adotar as diretrizes centralizadas da era Stalin e de fomentar a pesquisa cient\u00edfica em Akademgorodok atesta uma adaptabilidade subjacente. O rio Ob, outrora um obst\u00e1culo \u00e0 travessia da Sib\u00e9ria, agora serve como uma t\u00e1bua de salva\u00e7\u00e3o para o com\u00e9rcio, a recrea\u00e7\u00e3o e o crescimento urbano. Pontes e t\u00faneis ligam as margens norte e sul, enquanto a usina hidrel\u00e9trica fornece energia e controle de enchentes.<\/p>\n<p>Como cidade de entrada da Sib\u00e9ria, Novosibirsk continua a mediar entre os setores europeu e asi\u00e1tico da R\u00fassia. Suas ferrovias transportam mercadorias e passageiros por todo o continente. Seu aeroporto conecta destinos dom\u00e9sticos e internacionais. Seus institutos de pesquisa investigam quest\u00f5es fundamentais em cosmologia e gen\u00e9tica. Suas f\u00e1bricas produzem componentes para naves espaciais e usinas de energia. Seus teatros recebem espet\u00e1culos de classe mundial. Suas ruas refletem a fus\u00e3o de diversas culturas atra\u00eddas pela promessa de oportunidades da Sib\u00e9ria.<\/p>\n<p>O futuro da cidade depende da adapta\u00e7\u00e3o \u00e0s mudan\u00e7as p\u00f3s-industriais, aos imperativos ambientais e \u00e0s tend\u00eancias demogr\u00e1ficas. Esfor\u00e7os para modernizar as redes de transporte, conservar o patrim\u00f4nio arquitet\u00f4nico e diversificar a economia para al\u00e9m da ind\u00fastria pesada j\u00e1 est\u00e3o em andamento. Espa\u00e7os verdes como o Parque Stalin e as margens do reservat\u00f3rio Ob oferecem um ref\u00fagio da intensidade urbana, enquanto os planos para novas linhas de \u00f4nibus e bondes buscam aprimorar a mobilidade. A import\u00e2ncia duradoura de Akademgorodok ressalta o potencial das ind\u00fastrias baseadas no conhecimento para complementar a manufatura tradicional.<\/p>\n<p>A hist\u00f3ria de Novosibirsk \u00e9 uma hist\u00f3ria de transforma\u00e7\u00e3o, enraizada na conflu\u00eancia de rios, ferrovias e esfor\u00e7os humanos. Desde sua funda\u00e7\u00e3o como Novonikolayevsk at\u00e9 sua atual estatura como a maior cidade russa na \u00c1sia, a cidade incorporou a din\u00e2mica de expans\u00e3o, reconstru\u00e7\u00e3o e inova\u00e7\u00e3o. Sua popula\u00e7\u00e3o de mais de 1,6 milh\u00e3o de habitantes transita por um clima de extremos, atravessa uma paisagem moldada pela engenharia hidrel\u00e9trica e participa de uma vida c\u00edvica que une catedrais aristocr\u00e1ticas e pesquisas de vanguarda. Em suas ruas e sub\u00farbios, em teatros e laborat\u00f3rios, os ecos do passado da Sib\u00e9ria ressoam juntamente com as aspira\u00e7\u00f5es de uma cidade equilibrada entre continentes.<\/p>","protected":false},"excerpt":{"rendered":"<p>Novosibirsk, a cidade mais populosa e centro administrativo do Oblast de Novosibirsk e do Distrito Federal Siberiano na R\u00fassia, tem uma popula\u00e7\u00e3o de 1.633.595 habitantes, segundo o censo de 2021. Essa estat\u00edstica not\u00e1vel a estabelece como a cidade mais populosa da Sib\u00e9ria e a terceira mais populosa da R\u00fassia, superada apenas por Moscou e S\u00e3o Petersburgo. Significativamente, Novosibirsk \u00e9 a cidade mais populosa da parte asi\u00e1tica da R\u00fassia. Situada no sudoeste da Sib\u00e9ria, a cidade se estende ao longo do Rio Ob, uma localiza\u00e7\u00e3o crucial para seu crescimento e desenvolvimento.<\/p>","protected":false},"author":1,"featured_media":3474,"parent":11976,"menu_order":0,"comment_status":"closed","ping_status":"closed","template":"elementor_theme","meta":{"_eb_attr":"","footnotes":""},"class_list":["post-12022","page","type-page","status-publish","has-post-thumbnail"],"_links":{"self":[{"href":"https:\/\/travelshelper.com\/pt\/wp-json\/wp\/v2\/pages\/12022","targetHints":{"allow":["GET"]}}],"collection":[{"href":"https:\/\/travelshelper.com\/pt\/wp-json\/wp\/v2\/pages"}],"about":[{"href":"https:\/\/travelshelper.com\/pt\/wp-json\/wp\/v2\/types\/page"}],"author":[{"embeddable":true,"href":"https:\/\/travelshelper.com\/pt\/wp-json\/wp\/v2\/users\/1"}],"replies":[{"embeddable":true,"href":"https:\/\/travelshelper.com\/pt\/wp-json\/wp\/v2\/comments?post=12022"}],"version-history":[{"count":0,"href":"https:\/\/travelshelper.com\/pt\/wp-json\/wp\/v2\/pages\/12022\/revisions"}],"up":[{"embeddable":true,"href":"https:\/\/travelshelper.com\/pt\/wp-json\/wp\/v2\/pages\/11976"}],"wp:featuredmedia":[{"embeddable":true,"href":"https:\/\/travelshelper.com\/pt\/wp-json\/wp\/v2\/media\/3474"}],"wp:attachment":[{"href":"https:\/\/travelshelper.com\/pt\/wp-json\/wp\/v2\/media?parent=12022"}],"curies":[{"name":"wp","href":"https:\/\/api.w.org\/{rel}","templated":true}]}}