{"id":11663,"date":"2024-09-13T15:44:11","date_gmt":"2024-09-13T15:44:11","guid":{"rendered":"https:\/\/travelshelper.com\/staging\/?page_id=11663"},"modified":"2026-03-12T16:03:56","modified_gmt":"2026-03-12T16:03:56","slug":"italy","status":"publish","type":"page","link":"https:\/\/travelshelper.com\/pt\/destinations\/europe\/italy\/","title":{"rendered":"It\u00e1lia"},"content":{"rendered":"<p>A It\u00e1lia, localizada no sul e oeste da Europa, tem uma popula\u00e7\u00e3o de quase 60 milh\u00f5es de habitantes, o que a torna o terceiro estado-membro mais populoso da Uni\u00e3o Europeia. Esta pen\u00ednsula em forma de bota se projeta no Mar Mediterr\u00e2neo, com os magn\u00edficos Alpes delineando sua fronteira norte. O territ\u00f3rio do pa\u00eds abrange v\u00e1rias ilhas, incluindo a Sic\u00edlia e a Sardenha. A It\u00e1lia, com uma \u00e1rea de 301.340 quil\u00f4metros quadrados, \u00e9 o d\u00e9cimo maior pa\u00eds da Europa. Faz fronteira com a Fran\u00e7a, Su\u00ed\u00e7a, \u00c1ustria e Eslov\u00eania e inclui dois enclaves soberanos: a Cidade do Vaticano e San Marino. Roma, a capital e maior cidade, exemplifica a profunda hist\u00f3ria e a import\u00e2ncia cultural do pa\u00eds. Outros centros urbanos proeminentes s\u00e3o Mil\u00e3o, N\u00e1poles, Turim, Floren\u00e7a e Veneza, cada um aprimorando a paisagem multifacetada de arte, cultura e inova\u00e7\u00e3o da It\u00e1lia.<\/p>\n<p>A Pen\u00ednsula It\u00e1lica serviu como ber\u00e7o da civiliza\u00e7\u00e3o ao longo da antiguidade, abrigando muitos povos e culturas ancestrais. Roma, inicialmente estabelecida como um reino, transformou-se em uma formid\u00e1vel rep\u00fablica que, por fim, dominou e governou a regi\u00e3o do Mediterr\u00e2neo como um imp\u00e9rio por s\u00e9culos. A era da supremacia romana impactou profundamente a cultura ocidental, moldando a l\u00edngua, o direito, a arquitetura e a administra\u00e7\u00e3o em toda a Europa e al\u00e9m. Com a prolifera\u00e7\u00e3o do cristianismo, Roma emergiu como o epicentro da Igreja Cat\u00f3lica e do Papado, consolidando assim sua import\u00e2ncia em quest\u00f5es globais.<\/p>\n<p>O decl\u00ednio do Imp\u00e9rio Romano do Ocidente na Alta Idade M\u00e9dia deu in\u00edcio a um per\u00edodo de consider\u00e1vel transforma\u00e7\u00e3o para a It\u00e1lia. A pen\u00ednsula recebeu migra\u00e7\u00e3o de tribos germ\u00e2nicas, alterando seu ambiente cultural e pol\u00edtico. No s\u00e9culo XI, a It\u00e1lia ressurgiu com a expans\u00e3o do poder de cidades-estados e rep\u00fablicas mar\u00edtimas. Esse per\u00edodo testemunhou o surgimento do capitalismo moderno, quando comerciantes e banqueiros italianos inovaram em sistemas econ\u00f4micos que influenciariam o futuro do com\u00e9rcio mundial.<\/p>\n<p>O Renascimento italiano, uma \u00e9poca de not\u00e1veis \u200b\u200brealiza\u00e7\u00f5es culturais e intelectuais, floresceu ao longo dos s\u00e9culos XV e XVI. Essa era florescente de arte, literatura e explora\u00e7\u00e3o cient\u00edfica permeou a Europa, moldando significativamente a evolu\u00e7\u00e3o da civiliza\u00e7\u00e3o ocidental. Exploradores italianos, como Crist\u00f3v\u00e3o Colombo e Am\u00e9rico Vesp\u00facio, foram fundamentais na Era dos Descobrimentos Europeus, estabelecendo novas rotas comerciais para o Extremo Oriente e mapeando as Am\u00e9ricas. Essas expedi\u00e7\u00f5es n\u00e3o apenas ampliaram a compreens\u00e3o geogr\u00e1fica, mas tamb\u00e9m inauguraram uma nova era de engajamento e interc\u00e2mbio global.<\/p>\n<p>Apesar dessas conquistas, o cen\u00e1rio pol\u00edtico italiano persistiu fragmentado por d\u00e9cadas. A competi\u00e7\u00e3o e a disc\u00f3rdia entre as cidades-estado dificultaram o estabelecimento de um pa\u00eds coeso, resultando em uma pen\u00ednsula fragmentada e suscet\u00edvel \u00e0 influ\u00eancia externa. A aus\u00eancia de unidade teve repercuss\u00f5es consider\u00e1veis, visto que a import\u00e2ncia econ\u00f4mica da It\u00e1lia diminuiu ao longo dos s\u00e9culos XVII e XVIII, enquanto outras na\u00e7\u00f5es europeias ascenderam em destaque.<\/p>\n<p>O projeto de unifica\u00e7\u00e3o italiana, denominado Risorgimento, acelerou-se durante o s\u00e9culo XIX. Ap\u00f3s d\u00e9cadas de fragmenta\u00e7\u00e3o pol\u00edtica e territorial, a It\u00e1lia alcan\u00e7ou a unifica\u00e7\u00e3o quase total em 1861. Essa conquista significativa resultou das lutas pela independ\u00eancia e da renomada Expedi\u00e7\u00e3o dos Mil, liderada por Giuseppe Garibaldi. O rec\u00e9m-formado Reino da It\u00e1lia enfrentou v\u00e1rios obst\u00e1culos em sua busca por uma identidade nacional e moderniza\u00e7\u00e3o econ\u00f4mica.<\/p>\n<p>Entre o final do s\u00e9culo XIX e o in\u00edcio do s\u00e9culo XX, a It\u00e1lia passou por uma r\u00e1pida industrializa\u00e7\u00e3o, especialmente nas regi\u00f5es do norte. Essa transi\u00e7\u00e3o econ\u00f4mica, no entanto, n\u00e3o foi consistente em todo o pa\u00eds. O sul permaneceu predominantemente desfavorecido, resultando em um cisma interno substancial e levando \u00e0 emigra\u00e7\u00e3o em massa para as Am\u00e9ricas. Esse \u00eaxodo teria impactos duradouros tanto na cultura italiana quanto nas na\u00e7\u00f5es que acolheram esses imigrantes.<\/p>\n<p>A participa\u00e7\u00e3o da It\u00e1lia em batalhas internacionais influenciou sua hist\u00f3ria ao longo do s\u00e9culo XX. De 1915 a 1918, a na\u00e7\u00e3o se envolveu na Primeira Guerra Mundial em alian\u00e7a com os pa\u00edses da Entente contra os pa\u00edses centrais. As consequ\u00eancias da guerra resultaram em turbul\u00eancia social e pol\u00edtica, levando \u00e0 forma\u00e7\u00e3o de uma ditadura fascista sob Benito Mussolini em 1922. Essa ditadura ligou a It\u00e1lia \u00e0 Alemanha nazista durante a Segunda Guerra Mundial, primeiro como membro das pot\u00eancias do Eixo, de 1940 a 1943. Ap\u00f3s a queda de Mussolini, a It\u00e1lia alterou sua alian\u00e7a, alinhando-se como cobeligerante com os Aliados durante a Resist\u00eancia Italiana e a Liberta\u00e7\u00e3o da It\u00e1lia, de 1943 a 1945.<\/p>\n<p>O p\u00f3s-guerra foi um momento crucial para a It\u00e1lia. A monarquia foi desmantelada e a rep\u00fablica foi institu\u00edda em 1946. Apesar dos danos causados \u200b\u200bpela guerra, a It\u00e1lia teve um ressurgimento econ\u00f4mico significativo, \u00e0s vezes chamado de &#034;milagre econ\u00f4mico italiano&#034;. Essa era de expans\u00e3o converteu a na\u00e7\u00e3o em um Estado industrializado contempor\u00e2neo e membro fundador da Comunidade Econ\u00f4mica Europeia, a antecessora da Uni\u00e3o Europeia.<\/p>\n<p>Atualmente, a It\u00e1lia \u00e9 vista como uma na\u00e7\u00e3o desenvolvida com consider\u00e1vel impacto mundial. Possui o nono maior PIB nominal do mundo e abriga o segundo maior setor industrial da Europa. A na\u00e7\u00e3o influencia significativamente quest\u00f5es regionais e globais, participando de iniciativas econ\u00f4micas, militares, culturais e diplom\u00e1ticas. A It\u00e1lia, como membro fundador da Uni\u00e3o Europeia, est\u00e1 profundamente imersa nas estruturas pol\u00edticas e econ\u00f4micas do continente. Participa ativamente de diversas organiza\u00e7\u00f5es internacionais, incluindo a OTAN, o G7 e o G20, demonstrando sua dedica\u00e7\u00e3o \u00e0 colabora\u00e7\u00e3o e ao crescimento globais.<\/p>","protected":false},"excerpt":{"rendered":"<p>A It\u00e1lia, localizada no sul e oeste da Europa, tem uma popula\u00e7\u00e3o de quase 60 milh\u00f5es de habitantes, o que a torna o terceiro estado-membro mais populoso da Uni\u00e3o Europeia. Esta pen\u00ednsula em forma de bota se projeta no Mar Mediterr\u00e2neo, com os magn\u00edficos Alpes delineando sua fronteira norte. O territ\u00f3rio do pa\u00eds abrange v\u00e1rias ilhas, incluindo a Sic\u00edlia e a Sardenha. A It\u00e1lia, com uma \u00e1rea de 301.340 quil\u00f4metros quadrados, \u00e9 o d\u00e9cimo maior pa\u00eds da Europa. Faz fronteira com a Fran\u00e7a, Su\u00ed\u00e7a, \u00c1ustria e Eslov\u00eania e inclui dois enclaves soberanos: a Cidade do Vaticano e San Marino. Roma, a capital e maior cidade, exemplifica a profunda hist\u00f3ria e a import\u00e2ncia cultural do pa\u00eds. Outros centros urbanos proeminentes s\u00e3o Mil\u00e3o, N\u00e1poles, Turim, Floren\u00e7a e Veneza, cada um aprimorando a paisagem multifacetada de arte, cultura e inova\u00e7\u00e3o da It\u00e1lia.<\/p>","protected":false},"author":1,"featured_media":2856,"parent":24078,"menu_order":0,"comment_status":"closed","ping_status":"closed","template":"elementor_theme","meta":{"_eb_attr":"","footnotes":""},"class_list":["post-11663","page","type-page","status-publish","has-post-thumbnail"],"_links":{"self":[{"href":"https:\/\/travelshelper.com\/pt\/wp-json\/wp\/v2\/pages\/11663","targetHints":{"allow":["GET"]}}],"collection":[{"href":"https:\/\/travelshelper.com\/pt\/wp-json\/wp\/v2\/pages"}],"about":[{"href":"https:\/\/travelshelper.com\/pt\/wp-json\/wp\/v2\/types\/page"}],"author":[{"embeddable":true,"href":"https:\/\/travelshelper.com\/pt\/wp-json\/wp\/v2\/users\/1"}],"replies":[{"embeddable":true,"href":"https:\/\/travelshelper.com\/pt\/wp-json\/wp\/v2\/comments?post=11663"}],"version-history":[{"count":0,"href":"https:\/\/travelshelper.com\/pt\/wp-json\/wp\/v2\/pages\/11663\/revisions"}],"up":[{"embeddable":true,"href":"https:\/\/travelshelper.com\/pt\/wp-json\/wp\/v2\/pages\/24078"}],"wp:featuredmedia":[{"embeddable":true,"href":"https:\/\/travelshelper.com\/pt\/wp-json\/wp\/v2\/media\/2856"}],"wp:attachment":[{"href":"https:\/\/travelshelper.com\/pt\/wp-json\/wp\/v2\/media?parent=11663"}],"curies":[{"name":"wp","href":"https:\/\/api.w.org\/{rel}","templated":true}]}}