{"id":11657,"date":"2024-09-13T15:30:46","date_gmt":"2024-09-13T15:30:46","guid":{"rendered":"https:\/\/travelshelper.com\/staging\/?page_id=11657"},"modified":"2026-03-12T16:14:43","modified_gmt":"2026-03-12T16:14:43","slug":"cork","status":"publish","type":"page","link":"https:\/\/travelshelper.com\/pt\/destinations\/europe\/ireland\/cork\/","title":{"rendered":"Corti\u00e7a"},"content":{"rendered":"<p>Cork, a &#034;Cidade Rebelde&#034;, \u00e9 a segunda maior cidade da Irlanda, com 224.004 habitantes segundo o censo de 2022, e abrange aproximadamente 37 quil\u00f4metros quadrados em uma ilha formada pelos canais g\u00eameos do Rio Lee. Situada no sudoeste da Irlanda como capital do Condado de Cork, Cork possui um dos maiores portos naturais do mundo, com seus cais e docas fluindo para o leste, em dire\u00e7\u00e3o ao Lago Mahon e ao Porto de Cork.<\/p>\n<p>Fundada no s\u00e9culo VI em torno de um mosteiro fundado por S\u00e3o Finbarr, a povoa\u00e7\u00e3o que se tornaria Cork \u2014 conhecida em irland\u00eas como Corcaigh, &#034;p\u00e2ntano&#034; \u2014 deve as suas origens ao delta f\u00e9rtil e naveg\u00e1vel do Lee. Os invasores vikings expandiram a cidade por volta de 915 d.C. e, em 1185, o Pr\u00edncipe Jo\u00e3o concedeu-lhe o foral, elevando-a \u00e0 categoria de cidade sob a coroa angevina. Um n\u00facleo medieval totalmente murado cresceu para povoar a estreita ilha entre os canais do Lee, v\u00e1rios dos quais foram posteriormente preenchidos para criar as atuais Rua de S\u00e3o Patr\u00edcio, South Mall e Grand Parade. Os canais restantes ainda abra\u00e7am o centro da cidade, cujo contorno em forma de flecha testemunha o seu passado ribeirinho.<\/p>\n<p>No s\u00e9culo XVII, Cork prosperou com o com\u00e9rcio mar\u00edtimo, embora o aumento do tamanho dos navios tenha impulsionado a atividade portu\u00e1ria rio abaixo, em dire\u00e7\u00e3o a Cobh. Sub\u00farbios pr\u00f3speros como Sunday&#039;s Well e Montenotte surgiram nas terras mais altas da margem norte, enquanto um campus universit\u00e1rio do s\u00e9culo XIX \u2014 o University College Cork \u2014 tomou forma na margem sul. As muralhas medievais da cidade sobrevivem apenas em fragmentos ao redor das ruas North e South Main, mas a consci\u00eancia do patrim\u00f4nio perdura em marcos como a Abadia Vermelha, a \u00fanica igreja medieval remanescente, e as catedrais g\u00eameas de St. Mary&#039;s (a Catedral Norte iniciada em 1808, torre adicionada na d\u00e9cada de 1860) e Saint Fin Barre&#039;s (constru\u00edda entre 1862 e 1879 sobre funda\u00e7\u00f5es anteriores, segundo projetos de William Burges).<\/p>\n<p>O temperamento pol\u00edtico de Cork lhe rendeu o ep\u00edteto de &#034;Cidade Rebelde&#034; por suas simpatias iorquinas durante a Guerra das Rosas e, posteriormente, por sua oposi\u00e7\u00e3o ao Tratado Anglo-Irland\u00eas na Guerra Civil, gerando refer\u00eancias populares a uma &#034;capital real&#034; e \u00e0 fict\u00edcia &#034;Rep\u00fablica Popular de Cork&#034; por meio da arte de rua local e camisetas. Seu esp\u00edrito independente \u00e9 acompanhado pelo orgulho pelas distintas tradi\u00e7\u00f5es gastron\u00f4micas locais \u2014 crubeens, tripas e drisheen, outrora servidos em restaurantes de meados do s\u00e9culo XX, como os de Katty Barry \u2014 e pelo centen\u00e1rio Mercado Ingl\u00eas, cujas barracas cobertas de peixes, carnes, produtos e queijos artesanais evocam a identidade de Cork como um porto comercial hist\u00f3rico. Mais recentemente, os armaz\u00e9ns das docas renasceram como o Mercado da Marina (inaugurado em setembro de 2020) e, em Ballintemple, o Mercado Negro (setembro de 2021), ambos mercados de alimentos internos que combinam vendedores locais com eventos ao vivo.<\/p>\n<p>O clima oce\u00e2nico da cidade \u00e9 caracterizado por temperaturas amenas, chuvas abundantes e variabilidade t\u00edpica da designa\u00e7\u00e3o K\u00f6ppen Cfb da Irlanda. A Zona de Resist\u00eancia 9b prevalece; geada ou neve s\u00e3o raras no centro da ilha de baixa altitude. A esta\u00e7\u00e3o climatol\u00f3gica do Aeroporto de Cork, a 153 m de altitude, a poucos quil\u00f4metros ao sul do n\u00facleo, registra precipita\u00e7\u00e3o m\u00e9dia anual de 1.239 mm, 218 dias de chuva (mais de 0,2 mm), 80 dos quais excedem 5 mm, juntamente com 6,5 dias de granizo e 9,5 de neve ou granizo (neve acumulada em apenas dois dias). A neblina cobre a cidade cerca de 97,8 manh\u00e3s por ano, predominantemente no inverno, mas Cork tamb\u00e9m est\u00e1 entre as cidades mais ensolaradas da Irlanda, com mais de quatro horas de sol por dia em m\u00e9dia e apenas 63,7 dias sem sol, principalmente no meio do inverno. Inunda\u00e7\u00f5es ocasionais ao longo do Lee ressaltam a rela\u00e7\u00e3o \u00edntima da cidade com seus cursos de \u00e1gua.<\/p>\n<p>A vida cultural em Cork pulsa com criatividade. A Escola de M\u00fasica de Cork e o Crawford College of Art and Design, juntamente com os componentes teatrais da UCC, alimentam um vibrante ecossistema art\u00edstico. A Companhia de Teatro de Corcadorca \u2014 antiga casa de Cillian Murphy \u2014 compartilha espa\u00e7o com o Instituto Nacional de Coreografia e Dan\u00e7a; o intimista Triskel Arts Centre e seu cinema independente; o espa\u00e7o de dan\u00e7a Firkin Crane; e treinamentos na Cork Academy of Dramatic Art, Montfort College of Performing Arts e Graffiti Theatre Company. Festivais anuais \u2014 o Cork Jazz Festival, o Cork Film Festival e o Live at the Marquee \u2014 atraem p\u00fablicos internacionais, enquanto o Everyman Palace Theatre e o Granary Theatre oferecem repert\u00f3rios durante todo o ano.<\/p>\n<p>As casas de shows t\u00eam capacidade para cinquenta a mil pessoas: a \u00d3pera de Cork, o The Everyman, o Cork Arts Theatre, o Cyprus Avenue, o Dali, o Triskel Christchurch, o The Roundy e o Coughlan&#039;s. Talentos locais incluem o RT\u00c9 Vanbrugh Quartet, as figuras do rock John Spillane e Rory Gallagher, as bandas seminais Five Go Down to the Sea?, Microdisney, The Frank and Walters, Sultans of Ping e Simple Kid, al\u00e9m dos cantores de \u00f3pera Cara O&#039;Sullivan, Mary Hegarty, Brendan Collins e Sam McElroy. C\u00edrculos liter\u00e1rios se unem em torno do Munster Literature Centre e do Triskel Arts Centre, homenageando os corkianos Frank O&#039;Connor e Se\u00e1n \u00d3 Faol\u00e1in, e apoiando vozes como Thomas McCarthy, Gerry Murphy e William Wall.<\/p>\n<p>Investimentos em infraestrutura cultural remodelaram a cidade: expans\u00f5es modernas da Galeria de Arte Municipal de Crawford, reformas da \u00d3pera no in\u00edcio do s\u00e9culo XXI, a Galeria Lewis Glucksman, inaugurada em 2004 na UCC \u2013 pr\u00e9-selecionada para o Pr\u00eamio Stirling do Reino Unido \u2013 e a conclus\u00e3o, em setembro de 2007, de um pr\u00e9dio da Escola de M\u00fasica, avaliado em \u20ac 60 milh\u00f5es. A sele\u00e7\u00e3o de Cork como Capital Europeia da Cultura em 2005 e sua inclus\u00e3o no Best in Travel 2010 da Lonely Planet \u2013 aclamada como &#034;sofisticada, vibrante e diversa&#034; \u2013 atestam sua import\u00e2ncia global.<\/p>\n<p>O patrim\u00f4nio arquitet\u00f4nico atravessa eras. A Rua St. Patrick \u2014 antigamente o canal do Lee \u2014 serpenteia sob arcadas e cal\u00e7ad\u00f5es, com seu t\u00e9rmino norte marcado por uma est\u00e1tua do Padre Mathew. Na Rua Oliver Plunkett fica o Correio Geral com sua fachada de calc\u00e1rio, situado no Teatro Real de 1760, reconstru\u00eddo por Pablo Fanque como um anfiteatro em 1850 antes de se tornar o atual GPO em 1877. A Grand Parade, uma avenida arborizada com escrit\u00f3rios e institui\u00e7\u00f5es financeiras, contrasta com os interiores de bancos georgianos do antigo South Mall, incluindo a bolsa de valores do Allied Irish Bank da d\u00e9cada de 1860. O horizonte moderno \u00e9 definido pelo County Hall \u2014 outrora o edif\u00edcio mais alto da Irlanda at\u00e9 ser superado pelo vizinho Elysian \u2014 e pela exc\u00eantrica escultura de bronze &#034;Cha e Miah&#034;. Do outro lado do Lee, o Hospital Psiqui\u00e1trico Nossa Senhora da era vitoriana renasceu como resid\u00eancias do Atkins Hall.<\/p>\n<p>Dominando o lado norte, a torre da igreja de Santa Ana, em Shandon \u2014 com suas fachadas de arenito vermelho e calc\u00e1rio branco, encimadas por um cata-vento salm\u00e3o de tr\u00eas metros e meio \u2014 \u00e9 o emblema da cidade. Pr\u00f3ximo dali, o Skiddy&#039;s Almshouse relembra a filantropia do s\u00e9culo XVIII. A Prefeitura de Cork, erguida na d\u00e9cada de 1930 como um gesto de reconcilia\u00e7\u00e3o com o governo do Reino Unido ap\u00f3s a &#034;Queima de Cork&#034; em 1920 pelos Black and Tans, suplantou o sal\u00e3o destru\u00eddo durante a Guerra da Independ\u00eancia. A arquitetura c\u00edvica continua com o tribunal da Washington Street e o Forte Elizabeth, enquanto marcos culturais abundam na Igreja de Cristo (hoje Centro de Artes Triskel), na Igreja Dominicana de Santa Maria, nos p\u00e1tios ribeirinhos da UCC, na antiga Pris\u00e3o Feminina em Sunday&#039;s Well e no hist\u00f3rico Mercado Ingl\u00eas, datado de 1786 (cujas origens remontam a 1610).<\/p>\n<p>Espa\u00e7os verdes enriquecem a vida urbana: a oeste do centro, o Parque Fitzgerald abriga o Museu P\u00fablico de Cork; o Parque Bishop Lucey preserva um trecho da muralha medieval; o lago de pesca conhecido como The Lough e os corredores Marina e Atlantic Pond na orla de Blackrock oferecem espa\u00e7o para corredores, remadores e ciclistas. Desde 2012, a cidade instalou ciclovias e biciclet\u00e1rios em sua paisagem urbana e, em 2014, An Rothar Nua lan\u00e7ou um programa de aluguel p\u00fablico de 330 bicicletas em 31 esta\u00e7\u00f5es de atraca\u00e7\u00e3o.<\/p>\n<p>A tradi\u00e7\u00e3o cervejeira de Cork perdura apesar do fechamento da cervejaria Beamish &amp; Crawford em 2009, cujas opera\u00e7\u00f5es foram transferidas para a Murphy&#039;s em Lady&#039;s Well (que agora tamb\u00e9m produz Heineken no pa\u00eds). A cervejaria Franciscan Well, fundada em 1998 e posteriormente adquirida pela Coors, continua a produ\u00e7\u00e3o artesanal.<\/p>\n<p>As conex\u00f5es de transporte ligam Cork \u00e0 Irlanda e al\u00e9m. O Aeroporto de Cork, o segundo mais movimentado do pa\u00eds, fica ao sul da cidade, oferecendo voos para mais de 45 destinos europeus. Os servi\u00e7os urbanos da Bus \u00c9ireann (linhas 201 a 226) conectam o centro a sub\u00farbios, shopping centers e campi universit\u00e1rios, enquanto duas rotas orbitais circulam o norte e o sul. Desde janeiro de 2019, a linha 220 oferece o primeiro \u00f4nibus 24 horas da Irlanda, ligando Ballincollig e Carrigaline de hora em hora, entre 1h30 e 5h30, e aumentando o n\u00famero de passageiros em 70% em seu primeiro ano. Em outubro de 2022, a Autoridade Nacional de Transporte iniciou consultas p\u00fablicas sobre o BusConnects para Cork, propondo uma d\u00fazia de corredores, port\u00f5es de \u00f4nibus, faixas de \u00f4nibus expandidas e um interc\u00e2mbio planejado no Hospital Universit\u00e1rio de Cork como parte de uma terceira rodada de consultas em novembro de 2023. \u00d4nibus de longa dist\u00e2ncia partem de Parnell Place para Killarney, Waterford, Athlone, Aeroporto de Shannon, Limerick, Galway e Dublin, complementados pelas operadoras privadas Irish Citylink, Aircoach e Dublin Coach.<\/p>\n<p>Os servi\u00e7os mar\u00edtimos incluem a balsa Cross River, entre Rushbrooke e Passage West, que facilita o tr\u00e1fego de passageiros sob o T\u00fanel Jack Lynch, e o servi\u00e7o de carros da Brittany Ferries, de Ringaskiddy a Roscoff, na Fran\u00e7a, passando pelo Porto de Cork, a dezesseis quil\u00f4metros a sudeste do centro. Melhorias rodovi\u00e1rias a partir da d\u00e9cada de 1980 \u2014 Cork South Link, viaduto South Ring, T\u00fanel Jack Lynch, viaduto Kinsale Road (2006), desvios da N20 e a reconstru\u00e7\u00e3o da Patrick Street, com foco em pedestres \u2014 acompanham a rodovia M8 para Dublin.<\/p>\n<p>As ferrovias j\u00e1 definiram o tecido de transportes de Cork, com oito esta\u00e7\u00f5es alimentando linhas locais e regionais. Hoje, a Esta\u00e7\u00e3o Kent continua sendo o centro das partidas hor\u00e1rias da Irish Rail para Dublin e das rotas InterCity para Killarney, Tralee, Limerick, Ennis e Galway, enquanto Little Island e Glounthaune atendem passageiros suburbanos e a linha Glounthaune\u2013Midleton, reaberta em 2009. Os bondes tradicionais \u2014 puxados por cavalos em 1872 e el\u00e9tricos de 1898 a 1931 \u2014 deram lugar a trilhos modernos.<\/p>\n<p>A popula\u00e7\u00e3o de Cork cresceu de 208.669 no censo de 2016 para 224.004 em 2022, ap\u00f3s extens\u00f5es de fronteiras que trouxeram cidades como Blarney para os limites da cidade, com a regi\u00e3o metropolitana de Cork agora ultrapassando 300.000 habitantes. Uma mistura de comunidades imigrantes enriquece o tecido social: poloneses, brit\u00e2nicos, lituanos, franceses, alem\u00e3es, indianos, nigerianos, h\u00fangaros, eslovacos e espanh\u00f3is contribuem para o car\u00e1ter cosmopolita da cidade. As mulheres superam ligeiramente os homens, refletindo as tend\u00eancias nacionais, mas com uma diferen\u00e7a menor.<\/p>\n<p>Por tr\u00e1s de sua reputa\u00e7\u00e3o de &#034;Cidade Rebelde&#034;, Cork continua sendo uma tape\u00e7aria urbana rica em camadas \u2014 ao mesmo tempo mosteiro medieval, fortaleza viking, porto comercial georgiano e capital cultural europeia moderna \u2014 cujo n\u00facleo insular recortado pelo rio e cais hist\u00f3ricos continuam a moldar uma cidade viva que olha para o mundo ao mesmo tempo em que preza sua heran\u00e7a ferozmente independente.<\/p>","protected":false},"excerpt":{"rendered":"<p>Cork \u00e9 a segunda maior cidade da Irlanda e o centro administrativo do Condado de Cork, com uma popula\u00e7\u00e3o de 224.004 habitantes, segundo o censo de 2022. Este din\u00e2mico centro metropolitano, localizado na prov\u00edncia de Munster, \u00e9 a terceira maior cidade da ilha da Irlanda. A topografia distinta da cidade \u00e9 caracterizada por seu n\u00facleo, localizado em uma ilha formada por dois canais do Rio Lee. Esses canais se encontram no extremo leste da cidade, onde uma extensa rede de cais e docas se estende at\u00e9 Lough Mahon e o Porto de Cork, reconhecido como um dos maiores portos naturais do mundo.<\/p>","protected":false},"author":1,"featured_media":3992,"parent":11622,"menu_order":0,"comment_status":"closed","ping_status":"closed","template":"elementor_theme","meta":{"_eb_attr":"","footnotes":""},"class_list":["post-11657","page","type-page","status-publish","has-post-thumbnail"],"_links":{"self":[{"href":"https:\/\/travelshelper.com\/pt\/wp-json\/wp\/v2\/pages\/11657","targetHints":{"allow":["GET"]}}],"collection":[{"href":"https:\/\/travelshelper.com\/pt\/wp-json\/wp\/v2\/pages"}],"about":[{"href":"https:\/\/travelshelper.com\/pt\/wp-json\/wp\/v2\/types\/page"}],"author":[{"embeddable":true,"href":"https:\/\/travelshelper.com\/pt\/wp-json\/wp\/v2\/users\/1"}],"replies":[{"embeddable":true,"href":"https:\/\/travelshelper.com\/pt\/wp-json\/wp\/v2\/comments?post=11657"}],"version-history":[{"count":0,"href":"https:\/\/travelshelper.com\/pt\/wp-json\/wp\/v2\/pages\/11657\/revisions"}],"up":[{"embeddable":true,"href":"https:\/\/travelshelper.com\/pt\/wp-json\/wp\/v2\/pages\/11622"}],"wp:featuredmedia":[{"embeddable":true,"href":"https:\/\/travelshelper.com\/pt\/wp-json\/wp\/v2\/media\/3992"}],"wp:attachment":[{"href":"https:\/\/travelshelper.com\/pt\/wp-json\/wp\/v2\/media?parent=11657"}],"curies":[{"name":"wp","href":"https:\/\/api.w.org\/{rel}","templated":true}]}}