{"id":11404,"date":"2024-09-12T22:08:35","date_gmt":"2024-09-12T22:08:35","guid":{"rendered":"https:\/\/travelshelper.com\/staging\/?page_id=11404"},"modified":"2026-03-12T15:56:36","modified_gmt":"2026-03-12T15:56:36","slug":"hungria","status":"publish","type":"page","link":"https:\/\/travelshelper.com\/pt\/destinations\/europe\/hungary\/","title":{"rendered":"Hungria"},"content":{"rendered":"<p>A Hungria \u00e9 uma rep\u00fablica sem litoral, com aproximadamente 9,6 milh\u00f5es de habitantes, que ocupa cerca de 93.000 quil\u00f4metros quadrados no cora\u00e7\u00e3o da Bacia dos C\u00e1rpatos, fazendo fronteira com sete pa\u00edses \u2014 Eslov\u00e1quia, Ucr\u00e2nia, Rom\u00eania, S\u00e9rvia, Cro\u00e1cia, Eslov\u00eania e \u00c1ustria \u2014, atrav\u00e9s dos quais os rios Dan\u00fabio e Tisza tra\u00e7am suas principais vias naveg\u00e1veis. Desde a funda\u00e7\u00e3o do principado dos magiares, sob \u00c1rp\u00e1d, no final do s\u00e9culo IX, at\u00e9 sua moderna democracia parlamentar e a ades\u00e3o \u00e0 Uni\u00e3o Europeia em 2004, a evolu\u00e7\u00e3o da Hungria foi moldada por sucessivas ondas de coloniza\u00e7\u00e3o, dom\u00ednio imperial e renascimento nacional.<\/p>\n<p>O relevo da Hungria \u00e9 predominantemente plano, com contornos definidos pela eleva\u00e7\u00e3o r\u00edtmica da Transdan\u00fabia, a oeste, e da vasta Grande Plan\u00edcie (Alf\u00f6ld), a leste. A Transdan\u00fabia estende-se desde a fronteira com a \u00c1ustria, atravessando os contrafortes ondulados dos Alpes Orientais (Alpokalja), as Montanhas Transdanubianas e as cordilheiras de Mecsek e Vill\u00e1ny, culminando em \u00cdrott-k\u0151 (882 m). Al\u00e9m do Tisza, a ampla extens\u00e3o da plan\u00edcie \u00e9 pontuada pelo sop\u00e9 dos C\u00e1rpatos ao norte, coroado por K\u00e9kes (1.014 m), o \u00e1pice da Hungria, enquanto o Lago Balaton \u2014 o maior lago de \u00e1gua doce da Europa Central \u2014 e as \u00e1guas termais de H\u00e9v\u00edz atestam a diversidade geol\u00f3gica da regi\u00e3o. O clima \u00e9 temperado continental, com temperaturas m\u00e9dias anuais pr\u00f3ximas a 9,7 \u00b0C e precipita\u00e7\u00e3o m\u00e9dia de 600 mm, sustentando um rico mosaico de florestas mistas da Pan\u00f4nia dentro da Regi\u00e3o Circumboreal do Reino Boreal.<\/p>\n<p>Os primeiros ocupantes conhecidos da bacia inclu\u00edam celtas, romanos, hunos, tribos germ\u00e2nicas, \u00e1varos e eslavos. As incurs\u00f5es magiares sob \u00c1lmos e \u00c1rp\u00e1d no final do s\u00e9culo IX consolidaram a bacia em um principado, codificado pela coroa\u00e7\u00e3o de Est\u00eav\u00e3o I como rei em 1000 d.C. e o estabelecimento de institui\u00e7\u00f5es crist\u00e3s que perduraram durante o Reino da Hungria medieval. No final da Idade M\u00e9dia, o reino havia amadurecido e se tornado uma pot\u00eancia centro-europeia, sua influ\u00eancia se estendendo aos B\u00e1lc\u00e3s e al\u00e9m. A conquista otomana, inaugurada pela derrota em Moh\u00e1cs em 1526 e a queda de Buda em 1541, bifurcou o reino em Hungria Real governada pelos Habsburgos, prov\u00edncias governadas pelos Otomanos e o Principado semiaut\u00f4nomo da Transilv\u00e2nia. O Tratado de Karlowitz de 1699 p\u00f4s fim ao dom\u00ednio otomano na bacia, reunindo a maioria dos territ\u00f3rios sob a hegemonia dos Habsburgos no s\u00e9culo XVIII.<\/p>\n<p>Rebeli\u00f5es dos s\u00e9culos XVII e XVIII \u2014 com destaque para a Guerra de Independ\u00eancia de R\u00e1k\u00f3czi (1703-1711) \u2014 culminaram no Compromisso Austro-H\u00fangaro de 1867, inaugurando uma monarquia dual cuja efloresc\u00eancia industrial e cultural marcou o fim do s\u00e9culo. O colapso da \u00c1ustria-Hungria ap\u00f3s a Primeira Guerra Mundial e o Tratado de Trianon de 1920 reduziram o reino em 71% de sua extens\u00e3o territorial hist\u00f3rica, causando um profundo deslocamento demogr\u00e1fico e econ\u00f4mico. Durante o per\u00edodo entreguerras, a administra\u00e7\u00e3o conservadora do regente Mikl\u00f3s Horthy buscou estabilidade em meio ao irredentismo territorial. O alinhamento da Hungria com o Eixo na Segunda Guerra Mundial desencadeou devasta\u00e7\u00e3o e ocupa\u00e7\u00e3o, seguidas pelo estabelecimento da Rep\u00fablica Popular H\u00fangara, apoiado pelos sovi\u00e9ticos. A revolta de 1956, embora reprimida, prenunciou uma liberaliza\u00e7\u00e3o gradual. A transi\u00e7\u00e3o pac\u00edfica de 1989-1990 instituiu uma rep\u00fablica parlamentar democr\u00e1tica, culminando na ades\u00e3o \u00e0 Uni\u00e3o Europeia em 2004 e na ades\u00e3o a Schengen em 2007.<\/p>\n<p>A economia contempor\u00e2nea \u00e9 classificada como de alta renda, sustentada por assist\u00eancia m\u00e9dica universal e ensino m\u00e9dio gratuito. Os servi\u00e7os representam mais de 60% do emprego, com a ind\u00fastria e a agricultura representando 30% e 7%, respectivamente, refletindo uma estrutura de trabalho p\u00f3s-industrial. O florim h\u00fangaro continua sendo a moeda nacional, enquanto a complexidade econ\u00f4mica ocupa o nono lugar globalmente. A infraestrutura \u00e9 extensa: uma moderna rede de rodovias liga Budapeste \u00e0s principais cidades; o Metr\u00f4 de Budapeste \u2014 datado de 1896 \u2014 continua sendo o segundo sistema subterr\u00e2neo mais antigo do mundo; e centros ferrovi\u00e1rios como Szolnok e Miskolc sustentam a conectividade dom\u00e9stica e transfronteiri\u00e7a. A partir de mar\u00e7o de 2024, a gratuidade das viagens ferrovi\u00e1rias ser\u00e1 estendida a cidad\u00e3os menores de quatorze anos e \u00e0queles com 65 anos ou mais.<\/p>\n<p>Administrativamente, a Hungria \u00e9 dividida em dezenove condados e na capital, Budapeste, que funciona de forma independente. Essas vinte entidades formam regi\u00f5es NUTS-3, subdivididas em 174 distritos, abrangendo 3.152 munic\u00edpios \u2014 346 cidades (incluindo vinte e tr\u00eas &#034;condados urbanos&#034;) e 2.806 vilas. A urbaniza\u00e7\u00e3o ultrapassa setenta por cento, com um quarto dos habitantes residindo na \u00e1rea metropolitana de Budapeste. Budapeste, por sua vez \u2014 abrangendo ambas as margens do Dan\u00fabio \u2014, imp\u00f5e primazia cultural e econ\u00f4mica, com seu anel de avenidas e monumentos cl\u00e1ssicos testemunhando legados barrocos, historicistas e art nouveau.<\/p>\n<p>A l\u00edngua h\u00fangara, membro da fam\u00edlia ur\u00e1lica fora da corrente principal indo-europeia, \u00e9 falada nativamente por noventa e nove por cento da popula\u00e7\u00e3o. Ingl\u00eas e alem\u00e3o representam as principais l\u00ednguas estrangeiras, enquanto as l\u00ednguas minorit\u00e1rias reconhecidas incluem arm\u00eanio, b\u00falgaro, croata, alem\u00e3o, grego, romeno, romani, russino, s\u00e9rvio, eslovaco, esloveno e ucraniano. Etnicamente, os magiares constituem mais de noventa por cento da popula\u00e7\u00e3o, com as comunidades romani, eslovaca e outras contribuindo para um tecido social historicamente diverso, atestado ainda mais pelos mais de dois milh\u00f5es de h\u00fangaros \u00e9tnicos que residem al\u00e9m das fronteiras atuais.<\/p>\n<p>O cristianismo moldou a identidade h\u00fangara por muito tempo. A ado\u00e7\u00e3o do cristianismo ocidental pelo Rei Est\u00eav\u00e3o I em 1000 d.C. consagrou o catolicismo como religi\u00e3o de Estado, e o Arcebispo de Esztergom emergiu como pr\u00edncipe-primaz. As tradi\u00e7\u00f5es luterana e calvinista ganharam for\u00e7a nos s\u00e9culos seguintes, particularmente nas regi\u00f5es orientais da Grande Plan\u00edcie. Hoje, a Hungria permanece em grande parte secular, com menos de 20% frequentando os cultos religiosos regularmente.<\/p>\n<p>O patrim\u00f4nio arquitet\u00f4nico abrange desde fortifica\u00e7\u00f5es medievais e mestres renascentistas at\u00e9 as inova\u00e7\u00f5es fin-de-si\u00e8cle de \u00d6d\u00f6n Lechner, cuja s\u00edntese de motivos asi\u00e1ticos e nacionais inaugurou uma distinta Art Nouveau h\u00fangara. Seus sucessores, incluindo K\u00e1roly K\u00f3s, Dezs\u0151 Zrumeczky e B\u00e9la Lajta, adaptaram correntes estrangeiras \u2014 a Sezession vienense, a Art Nouveau belga e francesa, o Jugendstil alem\u00e3o e influ\u00eancias inglesas e finlandesas \u2014 a um vocabul\u00e1rio idiossincr\u00e1tico evidente em edif\u00edcios c\u00edvicos e museus de artes aplicadas. O centro de Budapeste permanece predominantemente centen\u00e1rio, com suas fachadas de p\u00e9-direito alto ostentando medalhas esculpidas de eras passadas.<\/p>\n<p>A culin\u00e1ria h\u00fangara \u00e9 ancorada pela p\u00e1prica \u2014 introduzida no s\u00e9culo XVI \u2014 e pelo creme azedo espesso (tejf\u00f6l), que atenuam sabores intensos. Guly\u00e1s, em suas varia\u00e7\u00f5es de sopa ou ensopado, personifica a comida caseira da na\u00e7\u00e3o, enquanto paprikash de frango, p\u00f6rk\u00f6lt, hal\u00e1szl\u00e9 e prepara\u00e7\u00f5es nobres de foie gras atestam distin\u00e7\u00f5es regionais e de classe. Doces como torta Dobos, strudels, panqueca Gundel e bolinhos de ameixa pontuam o calend\u00e1rio culin\u00e1rio, com a cultura dos caf\u00e9s florescendo em cukr\u00e1szd\u00e1k (doces) e eszpressz\u00f3k (cafeterias). Pousadas tradicionais \u2014 cs\u00e1rd\u00e1k \u2014 e tavernas de vinho \u2014 boroz\u00f3k \u2014 preservam o conv\u00edvio rural, enquanto bistr\u00f4s urbanos e buf\u00e9ks self-service atendem \u00e0s exig\u00eancias modernas.<\/p>\n<p>O turismo, historicamente aquecido, atraiu 24,5 milh\u00f5es de visitantes internacionais em 2019, atra\u00eddos por locais considerados Patrim\u00f4nio Mundial da UNESCO, como as Margens do Dan\u00fabio e o Bairro do Castelo de Buda em Budapeste, a milenar Abadia Beneditina de Pannonhalma, o Parque Nacional de Hortob\u00e1gy com sua vasta puszta, as cavernas de Aggtelek, a necr\u00f3pole crist\u00e3 primitiva de P\u00e9cs e as regi\u00f5es vin\u00edcolas de Tokaj e Vill\u00e1ny. O Lago Balaton continua sendo o principal resort do interior da Europa Central, complementado por cidades termais como H\u00e9v\u00edz, Hajd\u00faszoboszl\u00f3 e Hark\u00e1ny. Fen\u00f4menos sazonais e culturais \u2014 desde o surgimento de ef\u00eameras (tiszavir\u00e1gz\u00e1s) em meados de junho ao longo do Tisza at\u00e9 o carnaval de Bus\u00f3j\u00e1r\u00e1s em fevereiro, em Moh\u00e1cs \u2014 destacam a intera\u00e7\u00e3o duradoura entre natureza, ritual e comunidade na Hungria.<\/p>\n<p>A Hungria participa de uma ampla gama de organiza\u00e7\u00f5es internacionais, incluindo as Na\u00e7\u00f5es Unidas, a OTAN, a Organiza\u00e7\u00e3o Mundial da Sa\u00fade, a Organiza\u00e7\u00e3o Mundial do Com\u00e9rcio, o Banco Mundial, o Banco Asi\u00e1tico de Investimento em Infraestrutura, o Conselho da Europa e o Grupo de Visegr\u00e1d, refletindo seu papel estrat\u00e9gico nos assuntos europeus. Dentro da Uni\u00e3o Europeia, a Hungria equilibra prerrogativas nacionais com governan\u00e7a coletiva, negociando estruturas fiscais e projetos de infraestrutura que sustentam sua moderniza\u00e7\u00e3o econ\u00f4mica.<\/p>\n<p>A jornada desta na\u00e7\u00e3o \u2014 desde o caldeir\u00e3o da pol\u00edtica medieval inicial at\u00e9 a dissolu\u00e7\u00e3o otomana, o dualismo dos Habsburgos, as revoltas do s\u00e9culo XX e o pluralismo p\u00f3s-1989 \u2014 imprimiu uma resili\u00eancia cultural evidente na l\u00edngua, nas artes, na arquitetura e nas institui\u00e7\u00f5es sociais. A Hungria de hoje navega entre a tradi\u00e7\u00e3o e a inova\u00e7\u00e3o, com suas cidades e plan\u00edcies testemunhando eloquentemente s\u00e9culos de continuidade em meio \u00e0 transforma\u00e7\u00e3o. Permanece, acima de tudo, um territ\u00f3rio onde a geologia, a hist\u00f3ria e a iniciativa humana convergem para moldar uma identidade europeia distinta.<\/p>","protected":false},"excerpt":{"rendered":"<p>Hungria, uma na\u00e7\u00e3o sem litoral na Europa Central, com uma profunda heran\u00e7a hist\u00f3rica e cultural. Localizada no centro da Bacia dos C\u00e1rpatos, a Hungria se estende por 93.030 quil\u00f4metros quadrados e faz fronteira com muitas na\u00e7\u00f5es vizinhas. A Eslov\u00e1quia est\u00e1 situada ao norte, enquanto a Ucr\u00e2nia faz fronteira a nordeste. A Rom\u00eania faz fronteira com a Hungria a leste e sudeste, e com a S\u00e9rvia ao sul. A fronteira sudoeste \u00e9 pr\u00f3xima \u00e0 Cro\u00e1cia e \u00e0 Eslov\u00eania, enquanto a \u00c1ustria est\u00e1 localizada a oeste.<\/p>","protected":false},"author":1,"featured_media":3550,"parent":24078,"menu_order":0,"comment_status":"closed","ping_status":"closed","template":"elementor_theme","meta":{"_eb_attr":"","footnotes":""},"class_list":["post-11404","page","type-page","status-publish","has-post-thumbnail"],"_links":{"self":[{"href":"https:\/\/travelshelper.com\/pt\/wp-json\/wp\/v2\/pages\/11404","targetHints":{"allow":["GET"]}}],"collection":[{"href":"https:\/\/travelshelper.com\/pt\/wp-json\/wp\/v2\/pages"}],"about":[{"href":"https:\/\/travelshelper.com\/pt\/wp-json\/wp\/v2\/types\/page"}],"author":[{"embeddable":true,"href":"https:\/\/travelshelper.com\/pt\/wp-json\/wp\/v2\/users\/1"}],"replies":[{"embeddable":true,"href":"https:\/\/travelshelper.com\/pt\/wp-json\/wp\/v2\/comments?post=11404"}],"version-history":[{"count":0,"href":"https:\/\/travelshelper.com\/pt\/wp-json\/wp\/v2\/pages\/11404\/revisions"}],"up":[{"embeddable":true,"href":"https:\/\/travelshelper.com\/pt\/wp-json\/wp\/v2\/pages\/24078"}],"wp:featuredmedia":[{"embeddable":true,"href":"https:\/\/travelshelper.com\/pt\/wp-json\/wp\/v2\/media\/3550"}],"wp:attachment":[{"href":"https:\/\/travelshelper.com\/pt\/wp-json\/wp\/v2\/media?parent=11404"}],"curies":[{"name":"wp","href":"https:\/\/api.w.org\/{rel}","templated":true}]}}