{"id":10632,"date":"2024-09-10T23:40:13","date_gmt":"2024-09-10T23:40:13","guid":{"rendered":"https:\/\/travelshelper.com\/staging\/?page_id=10632"},"modified":"2026-03-11T19:07:42","modified_gmt":"2026-03-11T19:07:42","slug":"sao-tome-e-principe","status":"publish","type":"page","link":"https:\/\/travelshelper.com\/pt\/destinations\/asia\/sao-tome-and-principe\/","title":{"rendered":"S\u00e3o Tom\u00e9 e Pr\u00edncipe"},"content":{"rendered":"<p>S\u00e3o Tom\u00e9 e Pr\u00edncipe ocupa uma modesta extens\u00e3o do Golfo da Guin\u00e9, na costa equatorial ocidental da \u00c1frica Central. Composto por duas ilhas principais \u2014 S\u00e3o Tom\u00e9 a sudoeste e Pr\u00edncipe a cerca de 150 quil\u00f4metros a nordeste \u2014, o pa\u00eds \u00e9 o segundo menor do continente em \u00e1rea e popula\u00e7\u00e3o, superado apenas pelas Seicheles. Embora seu relevo e sociedade possam parecer tranquilos hoje, a hist\u00f3ria das ilhas entrela\u00e7a convuls\u00f5es vulc\u00e2nicas, os traumas do imp\u00e9rio, comunidades resilientes e um amadurecimento gradual em uma das democracias mais est\u00e1veis \u200b\u200bda \u00c1frica.<\/p>\n\n\n\n<p>Ambas as ilhas pertencem \u00e0 cordilheira vulc\u00e2nica dos Camar\u00f5es, uma cadeia nascida da atividade tect\u00f4nica sob o Golfo da Guin\u00e9. H\u00e1 cerca de trinta milh\u00f5es de anos, erup\u00e7\u00f5es em alto-mar ao longo dessa fratura produziram funda\u00e7\u00f5es de basalto e fonolito, agora erodidas em solos ricos. S\u00e3o Tom\u00e9 se estende por cerca de cinquenta quil\u00f4metros de comprimento e trinta quil\u00f4metros de largura. Sua espinha dorsal de picos culmina no Pico de S\u00e3o Tom\u00e9, elevando-se a 2.024 metros acima do n\u00edvel do mar. Pr\u00edncipe, mais esbelta \u2014 trinta por seis quil\u00f4metros \u2014 atinge seu \u00e1pice no Pico de Pr\u00edncipe (948 metros). Um marcador equatorial corta a ilha de S\u00e3o Tom\u00e9 ao sul do Ilh\u00e9u das Rolas. Entre os marcos mais conhecidos est\u00e1 o Pico C\u00e3o Grande, um tamp\u00e3o vulc\u00e2nico escarpado que se eleva a mais de 300 metros acima das florestas circundantes, com seu cume em sintonia com a camada de nuvens.<\/p>\n\n\n\n<p>Posicionadas a cavalo sobre o equador, as ilhas experimentam um clima quente e \u00famido ao n\u00edvel do mar, com temperaturas m\u00e9dias anuais pr\u00f3ximas a 26 \u00b0C e flutua\u00e7\u00e3o di\u00e1ria limitada; as terras altas do interior desfrutam de noites mais frias e m\u00e9dias em torno de 20 \u00b0C. A precipita\u00e7\u00e3o varia dramaticamente - de cerca de 7.000 mil\u00edmetros em terras altas envoltas em nuvens a t\u00e3o pouco quanto 800 mil\u00edmetros nas terras baixas mais secas do norte - com chuvas tipicamente caindo entre outubro e maio. A vegeta\u00e7\u00e3o faz parte da ecoregi\u00e3o de florestas \u00famidas de plan\u00edcie de S\u00e3o Tom\u00e9, Pr\u00edncipe e Annob\u00f3n. Apesar de uma \u00e1rea de terra modesta, as ilhas abrigam uma lista impressionante de esp\u00e9cies end\u00eamicas: o \u00edbis de S\u00e3o Tom\u00e9, o menor do mundo de sua esp\u00e9cie; o beija-flor-gigante; e especialistas florestais como o fiscal de S\u00e3o Tom\u00e9. V\u00e1rias esp\u00e9cies de morcegos e o musaranho de S\u00e3o Tom\u00e9 representam os mam\u00edferos nativos esparsos. As \u00e1guas circundantes, mergulhando a dois mil metros, abrigam recifes de corais e servem como locais de reprodu\u00e7\u00e3o para tartarugas-de-pente.<\/p>\n\n\n\n<p>Antes do final do s\u00e9culo XV, a vida humana era inexistente. Os navegadores portugueses Jo\u00e3o de Santar\u00e9m e Pedro Escobar mapearam as ilhas em 1470, encontrando apenas floresta virgem. A coloniza\u00e7\u00e3o foi lenta at\u00e9 que o cultivo da cana-de-a\u00e7\u00facar, no s\u00e9culo XVI, atraiu trabalhadores for\u00e7ados do continente africano. Os solos vulc\u00e2nicos f\u00e9rteis das ilhas renderam colheitas abundantes, mas \u00e0 custa de uma economia \u2014 e uma sociedade \u2014 constru\u00eddas sobre a escravid\u00e3o. Nos s\u00e9culos XVII e XVIII, o caf\u00e9 e o cacau substitu\u00edram o a\u00e7\u00facar como principais produtos de exporta\u00e7\u00e3o. Planta\u00e7\u00f5es, ou ro\u00e7as, espalhavam-se pela paisagem; suas ru\u00ednas, agora recuperadas pela floresta ou restauradas como pousadas, ainda permanecem como lembran\u00e7as daquela \u00e9poca.<\/p>\n\n\n\n<p>Ao longo dos s\u00e9culos XIX e XX, ondas de agita\u00e7\u00e3o social pontuaram a ordem das planta\u00e7\u00f5es. Reivindica\u00e7\u00f5es por melhores condi\u00e7\u00f5es de vida e direitos trabalhistas romperam a fachada de prosperidade colonial. Em 12 de julho de 1975, uma transfer\u00eancia pac\u00edfica de poder estabeleceu a Rep\u00fablica Democr\u00e1tica de S\u00e3o Tom\u00e9 e Pr\u00edncipe. Desde ent\u00e3o, a na\u00e7\u00e3o manteve um sistema pol\u00edtico pluralista, passando por reformas democr\u00e1ticas j\u00e1 em 1990 e experimentando apenas uma breve interrup\u00e7\u00e3o em sua governan\u00e7a multipartid\u00e1ria.<\/p>\n\n\n\n<p>Em meados de 2018, a popula\u00e7\u00e3o era de aproximadamente 201.800 habitantes \u2014 mais de 193.000 em S\u00e3o Tom\u00e9 e cerca de 8.400 no Pr\u00edncipe. Quase todos os s\u00e3o-tomenses t\u00eam ra\u00edzes em ancestrais africanos ou em linhagens mistas luso-africanas; alguns milhares de colonos portugueses partiram ap\u00f3s a independ\u00eancia, enquanto refugiados de Angola chegaram na d\u00e9cada de 1970. As classifica\u00e7\u00f5es \u00e9tnicas incluem angolares (descendentes de escravos angolanos n\u00e1ufragos), forros (descendentes de libertos), servi\u00e7ais (trabalhadores contratados de toda a \u00c1frica portuguesa), tongas (filhos de servi\u00e7ais nascidos nas ilhas), bem como pequenas minorias europeias e asi\u00e1ticas.<\/p>\n\n\n\n<p>O portugu\u00eas \u00e9 a l\u00edngua oficial e nacional de facto, falado fluentemente por 98,4% da popula\u00e7\u00e3o. Os crioulos \u2014 forr\u00f3, principense, angolar, cabo-verdiano \u2014 refletem essa fus\u00e3o de culturas. O franc\u00eas e o ingl\u00eas aparecem como l\u00ednguas estrangeiras nas escolas. O cristianismo predomina, enquanto os costumes e ritmos locais \u2014 a \u00fassua, o socop\u00e9 e as batidas de d\u00eaxa \u2014 misturam influ\u00eancias de dan\u00e7a de sal\u00e3o europeias com percuss\u00e3o africana. Apresenta\u00e7\u00f5es dram\u00e1ticas como o tchiloli e o dan\u00e7o-congo preservam as tradi\u00e7\u00f5es festivas de contar hist\u00f3rias.<\/p>\n\n\n\n<p>S\u00e3o Tom\u00e9 e Pr\u00edncipe apresenta um \u00cdndice de Desenvolvimento Humano m\u00e9dio, superando muitos pa\u00edses subsaarianos. A universaliza\u00e7\u00e3o da escolaridade, o aumento da expectativa de vida (cerca de 70 anos), a redu\u00e7\u00e3o acentuada da mortalidade infantil e o amplo acesso a \u00e1gua encanada e eletricidade atestam o progresso social. As reformas governamentais desde 2015 facilitaram a cria\u00e7\u00e3o de empresas e o investimento estrangeiro. O n\u00famero de pequenas empresas aumentou, contribuindo para a redu\u00e7\u00e3o do desemprego e o aumento das exporta\u00e7\u00f5es \u2014 principalmente de cacau (95% das exporta\u00e7\u00f5es agr\u00edcolas), al\u00e9m de caf\u00e9, copra e palmiste. O processamento industrial moderado de produtos locais persiste, mas as atividades agr\u00edcolas e pesqueiras ainda dominam.<\/p>\n\n\n\n<p>A ind\u00fastria do turismo mostra-se promissora. Investidores constru\u00edram resorts de praia; melhorias na infraestrutura incluem a moderniza\u00e7\u00e3o dos portos de S\u00e3o Tom\u00e9 e Neves em 2014, a moderniza\u00e7\u00e3o do aeroporto internacional e a expans\u00e3o das redes de telefonia m\u00f3vel e internet. As autoridades preveem que o turismo gerido de forma respons\u00e1vel \u2013 com \u00eanfase na observa\u00e7\u00e3o de aves no Parque Nacional de Obo, caminhadas em cascatas, escaladas no Pico de S\u00e3o Tom\u00e9 e excurs\u00f5es mar\u00edtimas \u2013 diversificar\u00e1 as fontes de rendimento sem sacrificar a integridade ecol\u00f3gica.<\/p>\n\n\n\n<p>As liga\u00e7\u00f5es rodovi\u00e1rias entre ambas as ilhas s\u00e3o transit\u00e1veis \u200b\u200bpelos padr\u00f5es regionais, embora os condutores tenham de transitar por faixas estreitas e por perigos ocasionais. N\u00e3o existem caixas multibanco que aceitem cart\u00f5es estrangeiros; os visitantes trazem euros ou d\u00f3lares americanos, que podem trocar em bancos ou hot\u00e9is Pestana (este \u00faltimo com uma comiss\u00e3o de cerca de 5%). A moeda nacional, a nova dobra (s\u00edmbolo nDb, ISO STN), substituiu a antiga a uma taxa de 1.000 para 1 em 2018. As moedas circulam em c\u00eantimos e novas dobras, enquanto as notas variam entre 5 e 200 nDb. A importa\u00e7\u00e3o de moeda \u00e9 irrestrita, mas deve ser declarada; a exporta\u00e7\u00e3o \u00e9 limitada ao valor declarado.<\/p>\n\n\n\n<p>A culin\u00e1ria local se concentra em peixes \u2014 frequentemente servidos com fruta-p\u00e3o ou banana cozida \u2014 e uma abund\u00e2ncia de frutas tropicais: mam\u00e3o, manga, abacaxi, abacate e banana. Temperos picantes real\u00e7am os pratos do arquip\u00e9lago. Comunidades do interior complementam a prote\u00edna com b\u00fazios, grandes carac\u00f3is terrestres, enquanto fam\u00edlias costeiras coletam carac\u00f3is marinhos. Hot\u00e9is urbanos podem oferecer card\u00e1pios em estilo europeu com tarifas premium.<\/p>\n\n\n\n<p>Crimes violentos s\u00e3o raros; pequenos furtos e golpes direcionados a turistas surgiram com o crescimento do turismo. O tr\u00e2nsito rodovi\u00e1rio representa o maior perigo. Os perigos para a vida selvagem s\u00e3o m\u00ednimos, exceto para a naja-preta que habita o sul e o leste de S\u00e3o Tom\u00e9. Embora geralmente t\u00edmidas, essas cobras venenosas exigem vigil\u00e2ncia em trilhas na floresta. O ant\u00eddoto \u00e9 estocado em hospitais locais, e as mortes s\u00e3o incomuns se o tratamento ocorrer dentro de duas horas ap\u00f3s a picada.<\/p>\n\n\n\n<p>O Forte de S\u00e3o Sebasti\u00e3o, na cidade de S\u00e3o Tom\u00e9 \u2014 erguido em 1575 e reformado como museu nacional em 2006 \u2014 oferece uma janela para o passado complexo das ilhas. Outrora um imponente basti\u00e3o contra marinhas rivais, agora abriga artefatos que remontam ao primeiro contato europeu, passando pelas planta\u00e7\u00f5es coloniais, at\u00e9 a independ\u00eancia contempor\u00e2nea. As ro\u00e7as \u2014 algumas dilapidadas, outras transformadas em alojamentos acolhedores \u2014 convidam \u00e0 contempla\u00e7\u00e3o de vidas outrora limitadas pelo trabalho for\u00e7ado e agora definidas por uma autonomia renovada.<\/p>\n\n\n\n<p>Em sua forma compacta, S\u00e3o Tom\u00e9 e Pr\u00edncipe encapsula os paradoxos do esfor\u00e7o humano em um cen\u00e1rio de extraordin\u00e1ria riqueza natural. Solos vulc\u00e2nicos nutrem cacaueiros que sustentaram s\u00e9culos de imp\u00e9rio; popula\u00e7\u00f5es resilientes moldaram uma pol\u00edtica est\u00e1vel que oculta as feridas coloniais das ilhas. Viajantes e acad\u00eamicos encontram tanto a biodiversidade v\u00edvida quanto o eco da hist\u00f3ria sob as portas enferrujadas das planta\u00e7\u00f5es. Nessa mistura de contrastes gritantes \u2014 um \u00c9den f\u00e9rtil sombreado pelo passado \u2014 S\u00e3o Tom\u00e9 e Pr\u00edncipe se destaca como um testemunho da renova\u00e7\u00e3o e da intera\u00e7\u00e3o duradoura entre terra e pessoas.<\/p>","protected":false},"excerpt":{"rendered":"<p>Situada no Golfo da Guin\u00e9, na costa equatorial ocidental da \u00c1frica Central, encontra-se a encantadora rep\u00fablica insular de S\u00e3o Tom\u00e9 e Pr\u00edncipe. Oficialmente denominada Rep\u00fablica Democr\u00e1tica de S\u00e3o Tom\u00e9 e Pr\u00edncipe, esta pequena na\u00e7\u00e3o \u00e9 composta por duas ilhas principais e v\u00e1rias ilhotas menores. Cerca de 150 quil\u00f4metros separam as duas ilhas principais, S\u00e3o Tom\u00e9 e Pr\u00edncipe; S\u00e3o Tom\u00e9 \u00e9 a maior das duas.<\/p>","protected":false},"author":1,"featured_media":4441,"parent":24063,"menu_order":0,"comment_status":"closed","ping_status":"closed","template":"elementor_theme","meta":{"_eb_attr":"","footnotes":""},"class_list":["post-10632","page","type-page","status-publish","has-post-thumbnail"],"_links":{"self":[{"href":"https:\/\/travelshelper.com\/pt\/wp-json\/wp\/v2\/pages\/10632","targetHints":{"allow":["GET"]}}],"collection":[{"href":"https:\/\/travelshelper.com\/pt\/wp-json\/wp\/v2\/pages"}],"about":[{"href":"https:\/\/travelshelper.com\/pt\/wp-json\/wp\/v2\/types\/page"}],"author":[{"embeddable":true,"href":"https:\/\/travelshelper.com\/pt\/wp-json\/wp\/v2\/users\/1"}],"replies":[{"embeddable":true,"href":"https:\/\/travelshelper.com\/pt\/wp-json\/wp\/v2\/comments?post=10632"}],"version-history":[{"count":0,"href":"https:\/\/travelshelper.com\/pt\/wp-json\/wp\/v2\/pages\/10632\/revisions"}],"up":[{"embeddable":true,"href":"https:\/\/travelshelper.com\/pt\/wp-json\/wp\/v2\/pages\/24063"}],"wp:featuredmedia":[{"embeddable":true,"href":"https:\/\/travelshelper.com\/pt\/wp-json\/wp\/v2\/media\/4441"}],"wp:attachment":[{"href":"https:\/\/travelshelper.com\/pt\/wp-json\/wp\/v2\/media?parent=10632"}],"curies":[{"name":"wp","href":"https:\/\/api.w.org\/{rel}","templated":true}]}}