{"id":10220,"date":"2024-09-09T21:31:18","date_gmt":"2024-09-09T21:31:18","guid":{"rendered":"https:\/\/travelshelper.com\/staging\/?page_id=10220"},"modified":"2026-03-13T21:26:57","modified_gmt":"2026-03-13T21:26:57","slug":"alice-springs","status":"publish","type":"page","link":"https:\/\/travelshelper.com\/pt\/destinations\/australia-and-oceania\/australia\/alice-springs\/","title":{"rendered":"Alice Springs"},"content":{"rendered":"<p>Alice Springs \u00e9 uma pequena cidade no cora\u00e7\u00e3o da Austr\u00e1lia. Sua popula\u00e7\u00e3o \u00e9 de apenas 34.000 habitantes (30.628 em 2021, 33.990 em 2024). Cerca de um quinto dos moradores se identifica como abor\u00edgenes ou das Ilhas do Estreito de Torres. A economia da cidade reflete seu papel como um centro regional: o governo do Territ\u00f3rio do Norte \u00e9 o maior empregador (cerca de 8% dos empregos), e os servi\u00e7os de educa\u00e7\u00e3o e sa\u00fade empregam cerca de 7% da for\u00e7a de trabalho cada. O turismo tamb\u00e9m \u00e9 significativo (cerca de 4% dos empregos), j\u00e1 que Alice Springs fornece os principais servi\u00e7os para os visitantes do Red Centre. No geral, \u00e9 uma economia voltada para servi\u00e7os: varejo, hospitalidade e administra\u00e7\u00e3o p\u00fablica dominam. Apesar de sua localiza\u00e7\u00e3o remota, Alice oferece comodidades modernas: fica a uma altitude de cerca de 545 m, ent\u00e3o, embora os ver\u00f5es sejam extremamente quentes (at\u00e9 45 \u00b0C), as noites podem esfriar visivelmente, e geadas n\u00e3o s\u00e3o incomuns no inverno. A popula\u00e7\u00e3o aumenta um pouco quando ocorrem eventos, mas, em qualquer momento, Alice continua sendo uma pacata cidade do interior.<\/p>\n<p>Alice Springs est\u00e1 localizada quase no centro geogr\u00e1fico da Austr\u00e1lia. Situa-se no Territ\u00f3rio do Norte, ao longo do geralmente seco Rio Todd, um afluente do Finke (tamb\u00e9m chamado de Lhere Mparnte). A cidade \u00e9 aproximadamente equidistante de Darwin e Adelaide, a cerca de 1500 km de cada uma. Situa-se a cerca de 578 m de altitude, numa plan\u00edcie rodeada por colinas antigas. A oeste e a leste erguem-se as Cordilheiras MacDonnell, uma s\u00e9rie de colinas vermelho-ocre que emolduram a paisagem. Um dos miradouros famosos da cidade \u00e9 o Monte Anzac, que se ergue acima do centro. O clima \u00e9 des\u00e9rtico: os invernos s\u00e3o amenos a frios (as m\u00ednimas noturnas podem chegar a zero), enquanto os ver\u00f5es s\u00e3o muito quentes (\u00e9 comum que temperaturas acima de 40\u00b0C durante o dia sejam comuns). As chuvas s\u00e3o escassas (algumas centenas de mil\u00edmetros por ano, no m\u00e1ximo), ocorrendo principalmente em tempestades de ver\u00e3o. O terreno circundante \u2013 o cl\u00e1ssico deserto vermelho da Austr\u00e1lia Central \u2013 \u00e9 pontilhado por capim-espinifex, eucaliptos-fantasma, penhascos de cor ocre e po\u00e7os d&#039;\u00e1gua ef\u00eameros. O c\u00e9u \u00e9 grande e claro: Alice Springs tem uma m\u00e9dia de mais de 300 dias de sol por ano, o que torna o c\u00e9u noturno tamb\u00e9m espetacular.<\/p>\n<p>Muito antes da coloniza\u00e7\u00e3o europeia, a \u00e1rea ao redor de Alice Springs (conhecida como Mparntwe na l\u00edngua local, arrernte) foi lar de abor\u00edgenes por dezenas de milhares de anos. No final do s\u00e9culo XIX, ap\u00f3s exploradores mapearem o interior, a Linha Telegr\u00e1fica Overland foi constru\u00edda (conclu\u00edda em 1872). Alice Springs cresceu em torno de uma das esta\u00e7\u00f5es repetidoras dessa linha, que retransmitia mensagens entre Adelaide e Darwin. A esta\u00e7\u00e3o ficava perto de uma nascente permanente (da\u00ed o nome &#034;Alice Springs&#034;, nomeado por Charles Todd em homenagem \u00e0 sua esposa). O assentamento local era originalmente chamado de &#034;Stuart&#034;, em homenagem ao explorador John McDouall Stuart, mas foi oficialmente renomeado Alice Springs em 1933. A ferrovia chegou a Alice em 1929, conectando-a por ferrovia a Adelaide e trazendo um novo crescimento. Durante a Segunda Guerra Mundial, Alice Springs foi uma importante base de parada (seu centro ferrovi\u00e1rio e acampamentos serviam \u00e0s tropas que se deslocavam para o norte). Ap\u00f3s a guerra, a cidade retornou a um ritmo tranquilo, desenvolvendo gradualmente a infraestrutura e estabelecendo servi\u00e7os tur\u00edsticos. Datas importantes incluem a esta\u00e7\u00e3o de telegramas em 1872, a eleva\u00e7\u00e3o do Territ\u00f3rio do Norte \u00e0 condi\u00e7\u00e3o de estado em 1911 e a abertura da estrada (Stuart Highway) e da liga\u00e7\u00e3o ferrovi\u00e1ria que finalizou suas conex\u00f5es. Hoje, as origens de Alice s\u00e3o vis\u00edveis em seus edif\u00edcios hist\u00f3ricos, e sua hist\u00f3ria \u00e9 comemorada na Reserva Hist\u00f3rica da Antiga Esta\u00e7\u00e3o Telegr\u00e1fica.<\/p>\n<p>Alice Springs parece a alma do Outback australiano. As culturas abor\u00edgene e europeia se misturam aqui. O ingl\u00eas \u00e9 falado por quase todos, mas cerca de 21% dos moradores do munic\u00edpio de Alice Springs se identificam como abor\u00edgenes ou das Ilhas do Estreito de Torres, principalmente do povo Arrernte. A arte e a m\u00fasica abor\u00edgenes s\u00e3o proeminentes: galerias locais frequentemente exibem pinturas vibrantes com pontos e artefatos esculpidos. O ritmo de vida \u00e9 tranquilo; as pessoas se cumprimentam com um aceno de cabe\u00e7a ou um aperto de m\u00e3o, e fumar um cigarro na rua ou tomar ch\u00e1 em um caf\u00e9 pode facilmente se transformar em uma conversa mais longa. O clima seco do deserto promove a vida ao ar livre \u2013 as noites podem reunir fam\u00edlias ao redor de uma fogueira sob as estrelas. A cidade sedia alguns dos festivais mais peculiares da Austr\u00e1lia. Todo m\u00eas de julho, acontece a Camel Cup, onde camelos correm em uma pista no hip\u00f3dromo. Em agosto, o leito do rio Todd Mall sedia sua Regata anual Henley-on-Todd, onde &#034;barcos&#034; sobre rodas s\u00e3o conduzidos pelo leito seco do rio. Outros eventos (como o festival de luzes de Parrtjima e um festival de gorros) celebram tanto a arte ind\u00edgena quanto o kitsch da fronteira. Esses festivais, embora l\u00fadicos, refletem o esp\u00edrito local: voltado para a comunidade, criativo e resiliente. No dia a dia, os moradores locais podem estar usando coletes de alta visibilidade trabalhando na constru\u00e7\u00e3o civil ou chap\u00e9us de caub\u00f3i cuidando do gado. Os funcion\u00e1rios de servi\u00e7o costumam aprender algumas palavras em Arrernte como cortesia. Alice tem a hospitalidade de uma cidade pequena \u2013 todos eventualmente sabem o nome uns dos outros \u2013 combinada com uma saud\u00e1vel veia de individualismo e independ\u00eancia. \u00c0s vezes, ouve-se g\u00edrias locais \u00fanicas (\u201carvo\u201d para tarde, \u201cno dramas\u201d para sem problemas) e uma provoca\u00e7\u00e3o bem-humorada (camaradagem) que caracteriza a cultura informal australiana.<\/p>\n<p>Alice Springs oferece uma mistura de atra\u00e7\u00f5es culturais e paisagens selvagens. Na cidade, o Parque do Deserto de Alice Springs \u00e9 uma visita obrigat\u00f3ria. Este parque premiado abrange 1.300 hectares de habitat des\u00e9rtico e exibe plantas nativas, animais noturnos e a cultura abor\u00edgene. Os visitantes podem caminhar por ambientes des\u00e9rticos recriados, ver cangurus e emas de perto e assistir a um show di\u00e1rio de aves de rapina em voo livre. Perto dali fica a hist\u00f3rica Esta\u00e7\u00e3o Telegr\u00e1fica de Old Alice Springs, o local original do repetidor de 1872, que conta a hist\u00f3ria dos prim\u00f3rdios da vida no interior. Para vistas, Anzac Hill (acess\u00edvel por estrada) oferece um panorama do p\u00f4r do sol sobre a cidade e as serras ao redor.<\/p>\n<p>Fora da cidade, a natureza convida. A Cordilheira West MacDonnell fica a oeste de Alice Springs, uma s\u00e9rie de colinas escarpadas e desfiladeiros estreitos que brilham em vermelho ao nascer do sol. Visitar Simpsons Gap ou Standley Chasm proporciona a experi\u00eancia de caminhar entre imponentes pared\u00f5es rochosos que abrigam po\u00e7os d&#039;\u00e1gua permanentes. Mais a oeste, Ormiston Gorge e Glen Helen Gorge oferecem piscinas refrescantes em terreno seco. A leste, Emily e Jessie Gaps apresentam penhascos imponentes com arte rupestre abor\u00edgene. O pr\u00f3prio isolamento \u00e9 uma atra\u00e7\u00e3o: simplesmente dirigir pela Stuart Highway para o norte ou sul, saindo de Alice, \u00e9 um encontro com horizontes infinitos e (se o tempo estiver certo) vistas de cangurus ao amanhecer. Passeios fora da cidade para locais ic\u00f4nicos como Uluru-Kata Tjuta e Kings Canyon tamb\u00e9m partem de Alice Springs, tornando-a a base habitual para explorar as maravilhas do Red Centre. \u00c0 noite, o vasto c\u00e9u do Outback, livre de polui\u00e7\u00e3o luminosa, revela a Via L\u00e1ctea com uma clareza espetacular \u2013 uma lembran\u00e7a das culturas antigas que foram as primeiras a interpretar essas constela\u00e7\u00f5es.<\/p>\n<p>A melhor maneira de chegar a Alice Springs \u00e9 por via a\u00e9rea ou rodovi\u00e1ria. O Aeroporto de Alice Springs (ASP) tem voos regulares de e para Darwin, Adelaide e, \u00e0s vezes, Sydney ou Melbourne. Por estrada, a Stuart Highway segue para o norte at\u00e9 Darwin e para o sul at\u00e9 Adelaide; essas viagens levam muitas horas (ou dias) de carro. Uma vez na cidade, tudo \u00e9 bastante compacto: a maioria dos visitantes usa carros alugados ou \u00f4nibus de turismo. H\u00e1 uma pequena rede de \u00f4nibus locais, mas um carro \u00e9 recomendado. Os famosos camelos da cidade ainda s\u00e3o usados \u200b\u200bprincipalmente para passeios tur\u00edsticos, n\u00e3o como transporte.<\/p>\n<p>Os costumes locais s\u00e3o simples. A moeda \u00e9 o d\u00f3lar australiano e o ingl\u00eas \u00e9 universalmente usado. A etiqueta australiana padr\u00e3o se aplica: as pessoas geralmente s\u00e3o informais, mas educadas \u2013 usando o primeiro nome (ou &#034;Senhor\/Senhora&#034; em uma loja) e conversando amigavelmente. Seguran\u00e7a \u00e9 importante, mas lembre-se de que estamos no deserto: sempre leve \u00e1gua ao viajar, evite caminhar sozinho durante o calor do meio-dia e dirija com cuidado (animais selvagens podem aparecer nas estradas do interior ao anoitecer). Prote\u00e7\u00e3o solar (chap\u00e9u, protetor solar) e bastante \u00e1gua pot\u00e1vel s\u00e3o essenciais, pois o \u00edndice UV \u00e9 alto o ano todo. O respeito pela cultura abor\u00edgene \u00e9 importante (muitos propriet\u00e1rios tradicionais ainda vivem em Alice Springs e arredores); ao visitar s\u00edtios ind\u00edgenas, siga as orienta\u00e7\u00f5es locais. No geral, com prepara\u00e7\u00e3o adequada e senso de aventura, os visitantes encontrar\u00e3o em Alice Springs uma porta de entrada inesquec\u00edvel para o interior dram\u00e1tico da Austr\u00e1lia.<\/p>","protected":false},"excerpt":{"rendered":"<p>Localizada no Territ\u00f3rio do Norte da Austr\u00e1lia, Alice Springs, \u00e0s vezes conhecida como Mparntwe, na l\u00edngua arrernte oriental, \u00e9 uma cidade fascinante repleta de valor cultural. Depois de Darwin e Palmerston, esta cidade, estrategicamente localizada a uma dist\u00e2ncia quase igual de Adelaide e Darwin, forma o terceiro maior assentamento da regi\u00e3o. O agrimensor William Whitfield Mills dedicou esta cidade incomum a Alice, Lady Todd, esposa do pioneiro do tel\u00e9grafo, Sir Charles Todd.<\/p>","protected":false},"author":1,"featured_media":3256,"parent":9806,"menu_order":0,"comment_status":"closed","ping_status":"closed","template":"elementor_theme","meta":{"_eb_attr":"","footnotes":""},"class_list":["post-10220","page","type-page","status-publish","has-post-thumbnail"],"_links":{"self":[{"href":"https:\/\/travelshelper.com\/pt\/wp-json\/wp\/v2\/pages\/10220","targetHints":{"allow":["GET"]}}],"collection":[{"href":"https:\/\/travelshelper.com\/pt\/wp-json\/wp\/v2\/pages"}],"about":[{"href":"https:\/\/travelshelper.com\/pt\/wp-json\/wp\/v2\/types\/page"}],"author":[{"embeddable":true,"href":"https:\/\/travelshelper.com\/pt\/wp-json\/wp\/v2\/users\/1"}],"replies":[{"embeddable":true,"href":"https:\/\/travelshelper.com\/pt\/wp-json\/wp\/v2\/comments?post=10220"}],"version-history":[{"count":0,"href":"https:\/\/travelshelper.com\/pt\/wp-json\/wp\/v2\/pages\/10220\/revisions"}],"up":[{"embeddable":true,"href":"https:\/\/travelshelper.com\/pt\/wp-json\/wp\/v2\/pages\/9806"}],"wp:featuredmedia":[{"embeddable":true,"href":"https:\/\/travelshelper.com\/pt\/wp-json\/wp\/v2\/media\/3256"}],"wp:attachment":[{"href":"https:\/\/travelshelper.com\/pt\/wp-json\/wp\/v2\/media?parent=10220"}],"curies":[{"name":"wp","href":"https:\/\/api.w.org\/{rel}","templated":true}]}}