{"id":10166,"date":"2024-09-09T20:39:46","date_gmt":"2024-09-09T20:39:46","guid":{"rendered":"https:\/\/travelshelper.com\/staging\/?page_id=10166"},"modified":"2026-03-13T21:26:11","modified_gmt":"2026-03-13T21:26:11","slug":"byron-bay","status":"publish","type":"page","link":"https:\/\/travelshelper.com\/pt\/destinations\/australia-and-oceania\/australia\/byron-bay\/","title":{"rendered":"Byron Bay"},"content":{"rendered":"<p>O Farol de Cape Byron fica em um promont\u00f3rio na ponta da costa leste da Austr\u00e1lia, perto de Byron Bay. Esta cidade litor\u00e2nea tem um car\u00e1ter \u00fanico: descontra\u00edda, art\u00edstica e pitoresca. Byron Bay fica no extremo nordeste de Nova Gales do Sul, em terras abor\u00edgenes de Bundjalung. Fica a cerca de 772 km ao norte de Sydney e 165 km ao sul de Brisbane. O promont\u00f3rio (Cabo Byron) \u00e9 o ponto mais oriental da Austr\u00e1lia continental. Apesar de sua pequena popula\u00e7\u00e3o permanente (pouco mais de 6.300 pessoas em 2021), a fama de Byron vem de suas praias, cultura do surfe e clima alternativo. J\u00e1 foi um enclave de surfistas e hippies na d\u00e9cada de 1960, e essa heran\u00e7a perdura at\u00e9 hoje em sua forte \u00eanfase na natureza, ioga e comunidade. A economia local \u00e9 impulsionada pelo turismo, bem-estar, caf\u00e9s e ind\u00fastrias criativas. Com um clima subtropical, Byron desfruta de ver\u00f5es quentes e invernos amenos, e seu interior exuberante \u00e9 t\u00e3o atraente quanto o oceano. A identidade da cidade mistura uma atmosfera bo\u00eamia com um lado sofisticado, e atrai artistas, mochileiros e turistas abastados.<\/p>\n<p>Byron Bay \u00e9 uma comunidade pequena. O censo de 2021 estimou a popula\u00e7\u00e3o da cidade em cerca de 6.330 pessoas. O condado de Byron, mais amplo (que inclui cidades pr\u00f3ximas e fazendas no interior), tem mais moradores, mas Byron em si permanece com menos de 10.000 habitantes. A economia gira em torno do turismo e de servi\u00e7os de estilo de vida: mercados coloridos, caf\u00e9s org\u00e2nicos e organizadores de eventos s\u00e3o comuns. Byron tem a atmosfera de uma vila mais do que de uma cidade \u2013 as ruas t\u00eam vitrines intercaladas com palmeiras e pranchas de surfe. Muitos visitantes chegam de carro ou \u00f4nibus (o aeroporto principal mais pr\u00f3ximo da regi\u00e3o \u00e9 o Aeroporto de Gold Coast, a cerca de 45 minutos ao norte, ou o Aeroporto Ballina Byron Gateway, a 20 minutos a sudoeste). A cidade fica a uma altitude confort\u00e1vel de apenas algumas dezenas de metros acima do n\u00edvel do mar, mas \u00e9 cercada por colinas suaves e floresta tropical no interior. Em 2024, Byron era frequentemente citada como um dos mercados imobili\u00e1rios mais caros da Austr\u00e1lia, refletindo sua atratividade como um para\u00edso costeiro.<\/p>\n<p>Geograficamente, Byron Bay fica no extremo norte da costa de Nova Gales do Sul, bem ao lado da fronteira com Queensland. Situa-se em uma s\u00e9rie de praias ao redor do Cabo Byron. A Praia Principal fica em frente ao centro comercial; Wategos e Tallows s\u00e3o belas praias de surfe nas proximidades. A Praia do Farol circunda o promont\u00f3rio. Ao largo da costa fica Julian Rocks, uma reserva marinha com rica vida marinha. O interior a oeste \u00e9 verdejante floresta tropical subtropical (uma se\u00e7\u00e3o do Parque Nacional Nightcap), com as montanhas da Cordilheira MacPherson elevando-se a 1.100 m a apenas dezenas de quil\u00f4metros para o interior. O clima de Byron \u00e9 temperado quente a subtropical: os ver\u00f5es frequentemente ultrapassam 30 \u00b0C com alta umidade, enquanto os invernos s\u00e3o amenos (raramente abaixo de 10 \u00b0C). A chuva cai o ano todo, mas atinge o pico no final do ver\u00e3o (a regi\u00e3o pode ser afetada por sistemas de baixa press\u00e3o da costa leste e raramente por ciclones). A brisa mar\u00edtima geralmente mant\u00e9m as praias temperadas. O emblem\u00e1tico Farol de Cape Byron (constru\u00eddo em 1901) marca o extremo leste e oferece vistas para o Pac\u00edfico; em condi\u00e7\u00f5es de c\u00e9u limpo, \u00e9 poss\u00edvel avistar baleias migrat\u00f3rias no inverno ou a costa recuando para o norte e para o sul. A paisagem de Byron Bay, que mistura litoral e floresta tropical, a tornou um modelo de turismo com consci\u00eancia ecol\u00f3gica.<\/p>\n<p>Muito antes da chegada dos europeus, a \u00e1rea era habitada pelos povos Arakwal e Minjungbal, da na\u00e7\u00e3o Bundjalung. Eles chamavam a \u00e1rea de Cavvanbah (&#034;ponto de encontro&#034;). O capit\u00e3o James Cook passou por l\u00e1 em 1770 e batizou o cabo com o nome do capit\u00e3o da marinha brit\u00e2nica John Byron, mas a coloniza\u00e7\u00e3o demorou a se estabelecer. Os europeus come\u00e7aram a extrair madeira de cedro na d\u00e9cada de 1840 e constru\u00edram um p\u00eder em 1886 para o transporte mar\u00edtimo. Seguiram-se a produ\u00e7\u00e3o de leite e a\u00e7\u00facar. O famoso Farol do Cabo Byron foi constru\u00eddo em 1901 e automatizado em 1989, servindo como um guia vital para a navega\u00e7\u00e3o costeira. As d\u00e9cadas de 1960 e 1970 trouxeram uma onda diferente: surfistas, depois hippies, atra\u00eddos pelas ondas e pelo estilo de vida alternativo, transformaram Byron em um ponto de encontro da contracultura. Eventos como o Aquarius Music Festival (perto de Nimbin, 1973) consolidaram sua reputa\u00e7\u00e3o como um para\u00edso bo\u00eamio. Desde a d\u00e9cada de 1980, o turismo cresceu rapidamente. Byron modernizou-se, mas manteve sua veia criativa. Hoje, combina o charme de uma cidade litor\u00e2nea com um passado enraizado na ind\u00fastria e no idealismo.<\/p>\n<p>O car\u00e1ter local de Byron Bay \u00e9 notoriamente descontra\u00eddo e ecl\u00e9tico. Sua popula\u00e7\u00e3o inclui uma mistura de moradores locais de longa data, artistas e imigrantes das cidades. O ingl\u00eas australiano \u00e9 falado por todos, mas g\u00edrias e termos surfistas s\u00e3o comuns. Voc\u00ea ouvir\u00e1 pessoas falando sobre &#034;sunrise surf&#034; e &#034;loch&#034; (loch \u00e9 uma g\u00edria local para loja de bebidas), ou usando a sauda\u00e7\u00e3o descontra\u00edda &#034;How ya going, mate?&#034;. A cidade tem uma forte cena criativa e de bem-estar: est\u00fadios de ioga, terapeutas sonoros e galerias de arte se espalham pelas ruas. M\u00fasica de rua e apresenta\u00e7\u00f5es ao vivo acontecem todas as noites em muitos caf\u00e9s e bares. O traje \u00e9 casual: chinelos e bermudas s\u00e3o t\u00e3o aceit\u00e1veis \u200b\u200bem um restaurante quanto um vestido de ver\u00e3o. Byron tem um lado sofisticado \u2013 lojas de grife e restaurantes org\u00e2nicos \u2013 refletindo sua popularidade entre os turistas, mas nunca \u00e9 ostentosa.<\/p>\n<p>Festivais e mercados refor\u00e7am o esp\u00edrito da cidade. O Bluesfest, realizado toda P\u00e1scoa na vizinha Tyagarah, atrai dezenas de milhares de amantes da m\u00fasica de todo o mundo. O festival Splendour in the Grass (no meio do inverno) traz f\u00e3s de m\u00fasica e artes alternativas para o interior, nos arredores de Byron. Feiras comunit\u00e1rias semanais vendem artesanato, cristais e comidas locais. A cultura do surfe domina: surfistas de todas as idades se re\u00fanem nas praias de The Pass e Wategos ao amanhecer e ao anoitecer. A vida animal \u00e9 valorizada: \u00e9 comum ver cangurus ou papagaios-lorikeets na cidade. Em suma, Byron Bay parece quase uma vila costeira com influ\u00eancias internacionais \u2013 um lugar onde a cultura abor\u00edgene australiana, as correntes bo\u00eamias globais e a cultura praiana se misturam. Os visitantes notam a simpatia: lojistas e baristas costumam cumprimentar estranhos calorosamente, e compartilhar (uma prancha de surfe ou um prato de comida) parece natural. Apesar dos turistas, os moradores locais mant\u00eam, em sua maioria, uma mentalidade urbana: quando o \u00faltimo \u00f4nibus para casa sai \u00e0 noite, as pessoas preferem pegar uma carona com um estranho do que pegar um t\u00e1xi.<\/p>\n<p>O atrativo de Byron Bay \u00e9 sua beleza natural e atmosfera descontra\u00edda. O Farol de Cape Byron \u00e9 um destaque \u2013 uma caminhada de 4 km pela floresta da cidade at\u00e9 o farol oferece vistas panor\u00e2micas das praias e do oceano. Da plataforma do farol, \u00e9 poss\u00edvel avistar o nascer do sol sobre o Pac\u00edfico a leste \u2013 o primeiro nascer do sol na Austr\u00e1lia continental. As praias da cidade s\u00e3o as principais atra\u00e7\u00f5es: Main Beach (com sua areia branca e parque costeiro), Wategos (uma pequena ba\u00eda de areia para nadar) e Tallows (um ponto de surfe e reserva de aves). Muitos visitantes reservam um cruzeiro para observa\u00e7\u00e3o de baleias ou alugam caiaques para mergulhar com snorkel em Julian Rocks (recifes pr\u00f3ximos \u00e0 costa).<\/p>\n<p>Al\u00e9m das praias, o interior de Byron Bay \u00e9 rico em paisagens: as Cataratas Minyon, no Parque Nacional Nightcap, oferecem mergulho na selva, e as florestas tropicais pr\u00f3ximas s\u00e3o repletas de cachoeiras e mirantes. Est\u00fadios e jardins de artistas (como o Crystal Castle) contribuem para o atrativo. As acomoda\u00e7\u00f5es locais variam de cabanas de praia r\u00fasticas a resorts de luxo, mas mesmo estes \u00faltimos preservam a paisagem natural e o design ecol\u00f3gico. O nascer do sol di\u00e1rio na praia \u00e9 imperd\u00edvel para muitos, frequentemente frequentado por entusiastas de ioga e medita\u00e7\u00e3o. No lado social, o Boulevard Market (realizado no primeiro domingo de cada m\u00eas) apresenta artesanato e comida locais. No geral, as atra\u00e7\u00f5es imperd\u00edveis de Byron giram em torno da natureza e do relaxamento: observar a migra\u00e7\u00e3o das baleias (maio a outubro), fazer uma aula de surfe no The Pass e passear pelas animadas ruas da cidade ao entardecer.<\/p>\n<p>Byron Bay pode ser acessada por via terrestre ou a\u00e9rea. O aeroporto principal mais pr\u00f3ximo \u00e9 o Aeroporto de Gold Coast (OOL), a cerca de 45 minutos de carro ao norte (logo ap\u00f3s a fronteira com Queensland). Byron tamb\u00e9m possui seu pr\u00f3prio pequeno aeroporto (o Aeroporto Ballina Byron Gateway, BNK), a cerca de 20 km ao sul, com voos de Sydney, Melbourne e Melbourne. Por via terrestre, a Pacific Highway conecta Byron a Brisbane (165 km ao norte) e Sydney (cerca de 800 km ao sul). \u00d4nibus de longa dist\u00e2ncia circulam diariamente nos dois sentidos, ou voc\u00ea tamb\u00e9m pode alugar um carro.<\/p>\n<p>A cidade em si \u00e9 bem compacta. A maioria das atra\u00e7\u00f5es (praias, lojas) fica a uma curta dist\u00e2ncia a p\u00e9 ou de bicicleta do centro de Byron. H\u00e1 um micro-\u00f4nibus local (BYRON\u2022AT\u2022BUS) que atravessa a cidade e vai at\u00e9 a \u00e1rea da praia de Belongil. T\u00e1xis e servi\u00e7os de transporte compartilhado est\u00e3o dispon\u00edveis, mas s\u00e3o limitados. Para explorar a regi\u00e3o mais ampla (como o interior ou as praias ao redor), um carro \u00e9 \u00fatil. Dirige-se pelo lado esquerdo, e as dist\u00e2ncias em estradas rurais devem ser permitidas com uma margem de seguran\u00e7a (animais selvagens, como cangurus, podem aparecer nas estradas).<\/p>\n<p>A moeda legal na Austr\u00e1lia \u00e9 o d\u00f3lar australiano. Cart\u00f5es de cr\u00e9dito s\u00e3o amplamente aceitos, mas leve algum dinheiro em esp\u00e9cie em \u00e1reas remotas. A taxa de c\u00e2mbio local em Byron pode ter uma pequena sobretaxa. Como sempre na Austr\u00e1lia, leve chap\u00e9u e protetor solar \u2013 o \u00edndice UV \u00e9 forte sob o sol de ver\u00e3o de Byron. Ao nadar, preste aten\u00e7\u00e3o \u00e0s bandeiras dos salva-vidas nas praias patrulhadas (algumas praias t\u00eam ondas perigosas se voc\u00ea se afastar da praia principal). \u00c1guas-vivas (&#034;stingers&#034;) podem aparecer no ver\u00e3o; verifique se h\u00e1 avisos de stingers. O ingl\u00eas \u00e9 falado em todos os lugares; voc\u00ea pode ouvir frases locais como &#034;reckon&#034; (que significa &#034;suponha&#034;) ou g\u00edrias australianas, mas o ingl\u00eas australiano padr\u00e3o \u00e9 compreendido.<\/p>\n<p>Os moradores de Byron s\u00e3o muito tranquilos, mas educados. A etiqueta do surfe (n\u00e3o pegue a onda de ningu\u00e9m) \u00e9 uma pr\u00e1tica comum. O traje \u00e9 casual \u2013 roupas de praia s\u00e3o permitidas na rua principal. Levar sacolas ou garrafas reutiliz\u00e1veis \u200b\u200b\u00e9 bem-vindo, j\u00e1 que Byron tem uma forte cultura de reciclagem. N\u00e3o se espera gorjeta em restaurantes (os atendentes ganham um sal\u00e1rio justo) \u2013 arredondar a conta ou deixar troco \u00e9 uma cortesia modesta, se voc\u00ea desejar. O estacionamento na cidade pode ser escasso durante os per\u00edodos de maior movimento, ent\u00e3o considere caminhar ou andar de bicicleta. Por fim, lembre-se de que Byron Bay fica em terras sagradas abor\u00edgenes \u2013 procure locais culturais (como o s\u00edmbolo abor\u00edgene Arakwal na cidade) e trate-os com respeito. Com seu ritmo tranquilo e moradores amig\u00e1veis, visitar Byron Bay geralmente \u00e9 tranquilo; um sorriso caloroso e boas maneiras b\u00e1sicas s\u00e3o tudo o que voc\u00ea precisa para se sentir em casa.<\/p>","protected":false},"excerpt":{"rendered":"<p>Situada no extremo nordeste de Nova Gales do Sul, Austr\u00e1lia, Byron Bay, conhecida na l\u00edngua Minjungbal como Cavvanbah, \u00e9 uma charmosa cidade litor\u00e2nea. Aninhada na regi\u00e3o de Bundjalung, esta pequena cidade \u00e9 um ref\u00fagio para quem busca um estilo de vida tranquilo, diversidade cultural e beleza natural. Byron Bay, situada 772 quil\u00f4metros ao norte de Sydney e 165 quil\u00f4metros ao sul de Brisbane, oferece alguns dos cen\u00e1rios costeiros mais deslumbrantes da Austr\u00e1lia. Sua proximidade com o Cabo Byron, o ponto mais oriental da Austr\u00e1lia continental, acentua seu apelo, proporcionando vistas deslumbrantes e uma relev\u00e2ncia geogr\u00e1fica especial.<\/p>","protected":false},"author":1,"featured_media":2790,"parent":9806,"menu_order":0,"comment_status":"closed","ping_status":"closed","template":"elementor_theme","meta":{"_eb_attr":"","footnotes":""},"class_list":["post-10166","page","type-page","status-publish","has-post-thumbnail"],"_links":{"self":[{"href":"https:\/\/travelshelper.com\/pt\/wp-json\/wp\/v2\/pages\/10166","targetHints":{"allow":["GET"]}}],"collection":[{"href":"https:\/\/travelshelper.com\/pt\/wp-json\/wp\/v2\/pages"}],"about":[{"href":"https:\/\/travelshelper.com\/pt\/wp-json\/wp\/v2\/types\/page"}],"author":[{"embeddable":true,"href":"https:\/\/travelshelper.com\/pt\/wp-json\/wp\/v2\/users\/1"}],"replies":[{"embeddable":true,"href":"https:\/\/travelshelper.com\/pt\/wp-json\/wp\/v2\/comments?post=10166"}],"version-history":[{"count":0,"href":"https:\/\/travelshelper.com\/pt\/wp-json\/wp\/v2\/pages\/10166\/revisions"}],"up":[{"embeddable":true,"href":"https:\/\/travelshelper.com\/pt\/wp-json\/wp\/v2\/pages\/9806"}],"wp:featuredmedia":[{"embeddable":true,"href":"https:\/\/travelshelper.com\/pt\/wp-json\/wp\/v2\/media\/2790"}],"wp:attachment":[{"href":"https:\/\/travelshelper.com\/pt\/wp-json\/wp\/v2\/media?parent=10166"}],"curies":[{"name":"wp","href":"https:\/\/api.w.org\/{rel}","templated":true}]}}