{"id":10119,"date":"2024-09-09T19:24:20","date_gmt":"2024-09-09T19:24:20","guid":{"rendered":"https:\/\/travelshelper.com\/staging\/?page_id=10119"},"modified":"2026-03-13T21:44:12","modified_gmt":"2026-03-13T21:44:12","slug":"falls-creek","status":"publish","type":"page","link":"https:\/\/travelshelper.com\/pt\/destinations\/australia-and-oceania\/australia\/falls-creek\/","title":{"rendered":"Falls Creek"},"content":{"rendered":"<p>Falls Creek \u00e9 uma pequena vila alpina com uma comunidade permanente muito pequena. Na verdade, apenas cerca de 200 pessoas vivem l\u00e1 em tempo integral no ver\u00e3o, mas esse n\u00famero aumenta drasticamente a cada inverno: o resort pode receber at\u00e9 5.600 residentes na alta temporada. Esse aumento reflete os 4.500 leitos de acomoda\u00e7\u00e3o e alojamentos de inverno da vila. Consequentemente, sua economia \u00e9 impulsionada quase inteiramente pelo turismo. Um relat\u00f3rio do governo observa que Falls Creek &#034;contribui significativamente para a economia da regi\u00e3o&#034; e gera empregos sazonais substanciais. Em um ano t\u00edpico (pr\u00e9-pandemia), a receita total do turismo de Falls Creek era de cerca de AU$ 12 milh\u00f5es. H\u00e1 apenas uma pequena popula\u00e7\u00e3o permanente (incluindo os alunos de sua escola prim\u00e1ria, que funciona o ano todo), ent\u00e3o a economia local gira em torno de chal\u00e9s de esqui, restaurantes e acomoda\u00e7\u00f5es para aluguel. No auge do inverno, o resort fervilha com milhares de esquiadores e praticantes de snowboard; no ver\u00e3o, ele se acomoda em um ritmo mais tranquilo de praticantes de trilhas e mountain bike.<\/p>\n<p>Falls Creek fica nas profundezas dos Alpes Vitorianos, no sudeste da Austr\u00e1lia. A vila fica dentro do Parque Nacional Alpino, a aproximadamente 350 km a nordeste de Melbourne (cerca de 5 a 6 horas de carro). Ocupa um planalto elevado a cerca de 1.600 m acima do n\u00edvel do mar (altitude base 1.500 m, eleva\u00e7\u00e3o superior 1.780 m). A cidadezinha mais pr\u00f3xima \u00e9 Mount Beauty, a cerca de 30 km de dist\u00e2ncia. Geograficamente, Falls Creek faz parte da regi\u00e3o de Hume, em Victoria, e \u00e9 cercada por cadeias de montanhas escarpadas. Plan\u00edcies nevadas e florestas alpinas fazem fronteira com o resort. O clima \u00e9 frio e com neve por muitos meses: \u00e9 classificado como uma zona oce\u00e2nica\/subpolar fria, com ver\u00f5es curtos e frescos e invernos com muita neve. Falls Creek tem uma m\u00e9dia de cerca de quatro metros de neve a cada inverno, mantendo as pistas de esqui abertas normalmente de junho a setembro. Os dias de ver\u00e3o s\u00e3o amenos, geralmente claros e ensolarados, mas as noites ainda podem ser bem frescas. Resumindo, o cen\u00e1rio de Falls Creek \u00e9 um verdadeiro ambiente de alta montanha no continente australiano, com florestas de pinheiros e lagos congelados dando lugar a amplos campos de neve no inverno.<\/p>\n<p>As origens de Falls Creek remontam ao per\u00edodo p\u00f3s-guerra, em meados do s\u00e9culo XX. Ap\u00f3s a Segunda Guerra Mundial e a constru\u00e7\u00e3o do projeto hidrel\u00e9trico de Kiewa, turistas e militares come\u00e7aram a esquiar nas terras altas. Em 1948, engenheiros constru\u00edram ali a primeira cabana de esqui rudimentar. Um telef\u00e9rico foi instalado em 1951 e, em 1957, Falls Creek ostentava o primeiro telef\u00e9rico da Austr\u00e1lia. A &#034;vila&#034; cresceu lentamente: uma ag\u00eancia dos correios foi inaugurada em junho de 1958, marcando seu reconhecimento formal. Durante d\u00e9cadas, Falls Creek foi essencialmente uma regi\u00e3o de gado de ver\u00e3o, usada para pastagem durante os meses quentes. Isso mudou no in\u00edcio dos anos 2000, quando o pastoreio foi finalmente proibido para proteger o delicado ambiente alpino. Desde ent\u00e3o, o perfil do resort melhorou. Um ponto de virada significativo ocorreu em 2019, quando a operadora global de esqui Vail Resorts (conhecida por possuir Perisher em Nova Gales do Sul) comprou Falls Creek (com o Monte Hotham) por cerca de AU$ 174 milh\u00f5es. Hoje, embora Falls Creek tenha um clima de vila de esqui moderna, alguns vest\u00edgios antigos permanecem (por exemplo, um pequeno museu e as &#034;cabanas hist\u00f3ricas&#034; abaixo das encostas) que relembram seus dias pioneiros de cabanas e reboques de corda.<\/p>\n<p>A cultura de Falls Creek \u00e9 muito parecida com a de uma vila de esqui alpino. O idioma predominante \u00e9 o ingl\u00eas, e a comunidade \u00e9 predominantemente composta por australianos (geralmente vitorianos que trabalham como instrutores de esqui e funcion\u00e1rios do resort). O estilo de vida &#034;viciado em esqui&#034; \u00e9 temperado pela vida familiar \u2013 o resort tem at\u00e9 uma escola prim\u00e1ria aberta o ano todo. No inverno, o ritmo \u00e9 focado na montanha, mas \u00e0 noite a vida \u00e9 animada: o centro do resort tem bares e algumas casas noturnas para entreter esquiadores e snowboarders. Os visitantes frequentemente sentem uma atmosfera amig\u00e1vel e despretensiosa; australianos locais se misturam com visitantes internacionais que v\u00eam pela neve em p\u00f3. As tradi\u00e7\u00f5es da comunidade incluem celebra\u00e7\u00f5es de fim de ano e corridas de esqui. Dois eventos emblem\u00e1ticos ilustram essa atmosfera: o Kangaroo Hoppet, uma maratona de esqui cross-country de 42 km realizada todo m\u00eas de agosto, atraindo milhares de esquiadores da Austr\u00e1lia e do exterior. No in\u00edcio de setembro, o resort sedia o &#034;Stylewars&#034; \u2013 uma competi\u00e7\u00e3o de snowboard slopestyle que atrai praticantes australianos e internacionais aos seus parques de esqui. Ambos os eventos criam um burburinho festivo no resort. No ver\u00e3o, a atmosfera muda: fica bem tranquila, com os visitantes trocando esquis por botas de caminhada e bicicletas. No geral, Falls Creek parece uma comunidade montanhosa p\u00e9 no ch\u00e3o, com uma cultura voltada para atividades ao ar livre e uma temporada tur\u00edstica curta, por\u00e9m vibrante.<\/p>\n<p>De longe, a principal atra\u00e7\u00e3o de Falls Creek \u00e9 o seu terreno montanhoso. O resort possui cerca de 76 pistas de esqui servidas por 16 telef\u00e9ricos. Essas faixas de pistas preparadas (desde pistas suaves para iniciantes at\u00e9 pistas pretas \u00edngremes) atraem esquiadores de todos os n\u00edveis. No inverno, simplesmente esquiar ou praticar snowboard nas pistas de Falls Creek \u2013 que incluem uma trilha de 3 km chamada &#034;Wishing Well&#034; \u2013 \u00e9 a experi\u00eancia principal. Para muitos visitantes, \u00e9 disso que Falls Creek se trata. Nos meses de ver\u00e3o, as encostas congeladas se fundem em uma paisagem diferente: Falls Creek tornou-se conhecido por seu parque de mountain bike, que \u00e9 muito bem avaliado. O resort oferece dezenas de quil\u00f4metros de trilhas de bicicleta que serpenteiam pela floresta alpina. De fato, os folhetos oficiais dos resorts chamam Falls Creek de &#034;meca ao ar livre&#034; para esportes de ver\u00e3o, com oportunidades para caminhadas, corridas de trilha e ciclismo ao redor do Lago Rocky Valley e dos cumes pr\u00f3ximos. Outras atra\u00e7\u00f5es incluem as hist\u00f3ricas cabanas dos criadores de gado (como a Cabana de Wallace e a Cabana de Johanna) na base do Monte McKay \u2013 remanescentes da antiga era de pastagem, onde os visitantes podem voltar \u00e0 vida alpina de meados do s\u00e9culo XIX. Na pr\u00f3pria vila, o complexo Falls Creek Alpine Resort \u2013 um conjunto de hot\u00e9is, pousadas e lojas com acesso direto \u00e0s pistas de esqui \u2013 costuma ser o centro das atividades. As trilhas de cross-country locais (65 km de circuitos preparados ao redor da vila e dos picos pr\u00f3ximos) s\u00e3o de n\u00edvel internacional, por isso muitos visitantes experimentam esqui cross-country ou caminhadas na neve aqui. Em suma, os pontos tur\u00edsticos imperd\u00edveis de Falls Creek s\u00e3o seus pr\u00f3prios campos de neve no inverno e suas trilhas para caminhadas\/mountain bike no ver\u00e3o \u2013 essencialmente, a paisagem montanhosa \u00e9 a atra\u00e7\u00e3o.<\/p>\n<p>Chegar a Falls Creek exige algum planejamento. O aeroporto principal mais pr\u00f3ximo \u00e9 Albury (no sul de Nova Gales do Sul, a cerca de 130 km de dist\u00e2ncia), mas muitos visitantes voam para Melbourne (Aeroporto de Tullamarine) e depois dirigem ou pegam um \u00f4nibus para o resort. A viagem de carro de Melbourne leva cerca de 350 km (aproximadamente 5 a 6 horas de carro) pela Hume Freeway e pela Alpine Road. O acesso \u00e0 vila \u00e9 feito pela Bogong High Plains Road, a partir da cidade de Mount Beauty. \u00c9 importante ressaltar que essa estrada de alta montanha fica aberta o ano todo, mas no inverno os visitantes devem carregar e usar correntes de neve em condi\u00e7\u00f5es de gelo ou neve profunda. De fato, as estradas da vila em Falls Creek s\u00e3o totalmente livres de carros durante a maior parte da temporada de esqui (o resort informou que, no inverno de 2022, suas estradas da vila ficaram fechadas para ve\u00edculos por 93 dias), o que significa que as pessoas estacionam na base e esquiam ou caminham at\u00e9 a vila. Um \u00f4nibus gratuito opera em dias de gelo para ajudar a transportar as pessoas at\u00e9 os alojamentos. Dentro da vila, tudo \u00e9 acess\u00edvel a p\u00e9 ou esqui\u00e1vel. (Notavelmente, no ver\u00e3o, tanto a Bogong High Plains Road, partindo de Omeo, quanto a Bogong Road s\u00e3o populares entre os ciclistas, com eventos como o Peaks Challenge anual acontecendo na regi\u00e3o.) Dicas b\u00e1sicas para visitantes: Falls Creek usa d\u00f3lares australianos e o ingl\u00eas \u00e9 falado em todos os lugares. O c\u00f3digo de vestimenta no inverno \u00e9 roupas para atividades ao ar livre em camadas; no ver\u00e3o, pode ser fresco na colina \u00e0 noite. O bom senso na seguran\u00e7a na montanha se aplica: permane\u00e7a nas trilhas marcadas no inverno, observe as mudan\u00e7as clim\u00e1ticas e, durante o ver\u00e3o, use prote\u00e7\u00e3o solar. O servi\u00e7o de telefonia m\u00f3vel \u00e9 irregular nas altitudes mais elevadas, ent\u00e3o planeje com anteced\u00eancia. No geral, os visitantes devem estar cientes de que Falls Creek \u00e9 remoto e fica em altitudes elevadas \u2013 \u00e9 aconselh\u00e1vel reservar um tempo extra de viagem no inverno e se preparar para o frio.<\/p>","protected":false},"excerpt":{"rendered":"<p>Aninhado entre os magn\u00edficos Alpes Vitorianos, o Falls Creek Alpine Resort \u00e9 o melhor ref\u00fagio da Austr\u00e1lia para aventuras alpinas. Localizado na regi\u00e3o de Hume, no Parque Nacional Alpino, no nordeste de Victoria, este resort fica a aproximadamente 350 quil\u00f4metros de Melbourne; Mount Beauty \u00e9 a cidade mais pr\u00f3xima, a apenas 30 quil\u00f4metros. Elevando-se de 1.500 a 1.830 metros, o ponto mais alto do resort \u00e9 de 1.780 metros. Para quem busca desafios mais verticais, o pico vizinho do Monte McKay, com 1.842 metros, \u00e9 um convite e pode ser alcan\u00e7ado a partir do resort por snowcat.<\/p>","protected":false},"author":1,"featured_media":2902,"parent":9806,"menu_order":0,"comment_status":"closed","ping_status":"closed","template":"elementor_theme","meta":{"_eb_attr":"","footnotes":""},"class_list":["post-10119","page","type-page","status-publish","has-post-thumbnail"],"_links":{"self":[{"href":"https:\/\/travelshelper.com\/pt\/wp-json\/wp\/v2\/pages\/10119","targetHints":{"allow":["GET"]}}],"collection":[{"href":"https:\/\/travelshelper.com\/pt\/wp-json\/wp\/v2\/pages"}],"about":[{"href":"https:\/\/travelshelper.com\/pt\/wp-json\/wp\/v2\/types\/page"}],"author":[{"embeddable":true,"href":"https:\/\/travelshelper.com\/pt\/wp-json\/wp\/v2\/users\/1"}],"replies":[{"embeddable":true,"href":"https:\/\/travelshelper.com\/pt\/wp-json\/wp\/v2\/comments?post=10119"}],"version-history":[{"count":0,"href":"https:\/\/travelshelper.com\/pt\/wp-json\/wp\/v2\/pages\/10119\/revisions"}],"up":[{"embeddable":true,"href":"https:\/\/travelshelper.com\/pt\/wp-json\/wp\/v2\/pages\/9806"}],"wp:featuredmedia":[{"embeddable":true,"href":"https:\/\/travelshelper.com\/pt\/wp-json\/wp\/v2\/media\/2902"}],"wp:attachment":[{"href":"https:\/\/travelshelper.com\/pt\/wp-json\/wp\/v2\/media?parent=10119"}],"curies":[{"name":"wp","href":"https:\/\/api.w.org\/{rel}","templated":true}]}}