{"id":9831,"date":"2024-09-09T09:48:01","date_gmt":"2024-09-09T09:48:01","guid":{"rendered":"https:\/\/travelshelper.com\/staging\/?page_id=9831"},"modified":"2026-03-13T21:41:29","modified_gmt":"2026-03-13T21:41:29","slug":"perth","status":"publish","type":"page","link":"https:\/\/travelshelper.com\/pl\/destinations\/australia-and-oceania\/australia\/perth\/","title":{"rendered":"Perth"},"content":{"rendered":"<p>Perth, stolica Australii Zachodniej, le\u017cy w pobli\u017cu uj\u015bcia rzeki Swan na zachodnim wybrze\u017cu Australii. Miasto wybielonych s\u0142o\u0144cem bulwar\u00f3w i pachn\u0105cych ogrod\u00f3w eukaliptusowych rozci\u0105ga si\u0119 wzd\u0142u\u017c Oceanu Indyjskiego z tropikalnym klimatem z gor\u0105cymi latami i \u0142agodnymi zimami. W 2023 r. w Greater Perth mieszka\u0142o ponad 2,3 miliona ludzi, co czyni je czwart\u0105 co do wielko\u015bci metropoli\u0105 w Australii. Cz\u0119sto nazywane jest najbardziej odizolowanym du\u017cym miastem na \u015bwiecie \u2013 ponad 2000 km od ka\u017cdego wi\u0119kszego miasta \u2013 co nadaje Perth wyj\u0105tkowe, nieco wolniejsze tempo. Wie\u017cowce centralnej dzielnicy biznesowej wznosz\u0105 si\u0119 gwa\u0142townie z zielonej r\u00f3wniny Swan Coastal Plain, wspartej na wschodzie staro\u017cytnym Darling Scarp. Szerokie pla\u017ce (jak s\u0142ynna pla\u017ca Cottesloe) i spokojna rzeka Swan definiuj\u0105 krajobraz; Kings Park (ogromny ogr\u00f3d botaniczny w centrum miasta) oferuje ogromne po\u0142acie buszu tu\u017c przy miejskim centrum. Perth to miasto o czystych liniach i przestronne, a jego \u015bwiat\u0142o jest niezwykle przyjemne w niemal ci\u0105g\u0142ym s\u0142o\u0144cu.<\/p>\n<p>Obecnie populacja metropolitalna Perth przekracza 2,3 miliona, co odzwierciedla silny wzrost z migracji i rozkwitaj\u0105c\u0105 gospodark\u0119. Miasto jest wysoce wielokulturowe: oko\u0142o 45% mieszka\u0144c\u00f3w urodzi\u0142o si\u0119 za granic\u0105, a znacz\u0105ce spo\u0142eczno\u015bci pochodz\u0105 z Anglii, Indii, Chin, Nowej Zelandii i innych miejsc. Gospodarka Perth jest zdominowana przez g\u00f3rnictwo i zasoby (Australia Zachodnia zapewnia znaczn\u0105 cz\u0119\u015b\u0107 krajowego eksportu minera\u0142\u00f3w i LNG) oraz przez us\u0142ugi profesjonalne. Siedziby firm g\u00f3rniczych, \u017ceglugi, finans\u00f3w, technologii i edukacji zdobi\u0105 panoram\u0119 miasta. Perth regularnie plasuje si\u0119 w\u015br\u00f3d najbardziej \u201eprzyjaznych do \u017cycia\u201d miast na \u015bwiecie i jest klasyfikowane jako globalne miasto Alpha, cz\u0119\u015bciowo dzi\u0119ki wysokiemu PKB na mieszka\u0144ca. Turystyka jest r\u00f3wnie\u017c kluczowa: odwiedzaj\u0105cy gromadz\u0105 si\u0119, aby cieszy\u0107 si\u0119 nabrze\u017cem rzeki, pla\u017cami i winnicami pobliskiej Margaret River, a tak\u017ce atrakcjami miasta.<\/p>\n<p>Samo miasto jest stosunkowo rozleg\u0142e (oko\u0142o 6418 km\u00b2 ca\u0142kowitej powierzchni), z dobrze rozwini\u0119tym systemem transportu publicznego. Jego oficjalna historia si\u0119ga 1829 roku, kiedy kapitan James Stirling za\u0142o\u017cy\u0142 tutaj koloni\u0119 Swan River, ale prawdziwe korzenie Perth si\u0119gaj\u0105 dziesi\u0105tek tysi\u0119cy lat okupacji Aborygen\u00f3w Noongar na tym terenie. Obecnie miasto jest podzielone na 30 lokalnych obszar\u00f3w rz\u0105dowych z ponad 350 przedmie\u015bciami. Gospodarka Perth jest mniej wi\u0119cej zr\u00f3wnowa\u017cona mi\u0119dzy zasobami i us\u0142ugami; PKB stanu wyni\u00f3s\u0142 oko\u0142o 260 miliard\u00f3w dolar\u00f3w australijskich w 2019 roku (17,5% PKB Australii). G\u0142\u00f3wne ga\u0142\u0119zie przemys\u0142u to ruda \u017celaza, z\u0142oto, tlenek glinu i energia, a tak\u017ce produkcja, finanse i turystyka.<\/p>\n<p>Perth le\u017cy na zachodnim kra\u0144cu Australii, naprzeciwko Oceanu Indyjskiego. Na wschodzie znajduj\u0105 si\u0119 pag\u00f3rkowate wzg\u00f3rza Darling Range (lasy Jarrah i Marri). Szerszy region South West w Australii Zachodniej znany jest z buszu i winnic; na p\u00f3\u0142nocy le\u017cy rozleg\u0142a, sucha sawanna. Po\u0142o\u017cenie nadmorskie \u0142agodzi klimat Perth: lata mog\u0105 by\u0107 gor\u0105ce (dni do 35\u201340 \u00b0C), ale morskie bryzy cz\u0119sto ch\u0142odz\u0105 popo\u0142udnia. Zimowe minima spadaj\u0105 \u015brednio do oko\u0142o 8\u201310 \u00b0C. Deszcz ma tendencj\u0119 do padania zim\u0105 i wiosn\u0105 (roczne opady wynosz\u0105 oko\u0142o 731 mm). Rzeka Swan \u2013 cz\u0119sto ogl\u0105dana z Kings Park w Perth \u2013 wije si\u0119 przez miasto, zanim rozszerzy si\u0119 w port w Fremantle. Fremantle, tu\u017c w d\u00f3\u0142 rzeki, zachowuje historyczny klimat portu z budynkami z XIX wieku i t\u0119tni\u0105cym \u017cyciem rynkiem. Dalej w g\u0142\u0105b l\u0105du klimat szybko ust\u0119puje polom pszenicy, winnicom i buszu.<\/p>\n<p>Oddzielenie Perth od innych du\u017cych miast sprawia, \u017ce \u200b\u200bmiasto to sprawia wra\u017cenie przestrzeni granicznej. Jest oddalone o 3845 km od Sydney, 4238 km od Brisbane, a nawet dalej od Europy lub Azji drog\u0105 l\u0105dow\u0105. Mimo to le\u017cy mniej wi\u0119cej na tej samej szeroko\u015bci geograficznej co Casablanca w Maroku, co zapewnia d\u0142ugie letnie dni. Pomimo odleg\u0142o\u015bci Perth sprawia wra\u017cenie otwartego na zewn\u0105trz; port obs\u0142uguje du\u017cy handel mi\u0119dzynarodowy, a miasto utrzymuje bezpo\u015brednie loty do miejsc docelowych w Azji, na Bliskim Wschodzie, a nawet w Afryce.<\/p>\n<p>Historia Perth \u0142\u0105czy w sobie dziedzictwo tubylcze i kolonialn\u0105 przedsi\u0119biorczo\u015b\u0107. Obszar ten le\u017cy na ziemi przodk\u00f3w ludu Whadjuk Noongar, kt\u00f3ry nazywa\u0142 go Boorloo. Europejscy osadnicy przybyli w 1829 r. pod wodz\u0105 kapitana Stirlinga, zak\u0142adaj\u0105c koloni\u0119 Swan River. Wczesne lata by\u0142y chude, a osadnicy polegali na rolnictwie i pracy skaza\u0144c\u00f3w (od 1850 r.), aby zbudowa\u0107 miasto. Perth zosta\u0142o oficjalnie og\u0142oszone miastem w 1856 r., a jego losy znacznie si\u0119 poprawi\u0142y wraz z odkryciami z\u0142ota w Australii Zachodniej pod koniec XIX wieku \u2013 ta gor\u0105czka z\u0142ota nap\u0119dza\u0142a szybki wzrost populacji i bogactwa.<\/p>\n<p>W XX wieku Perth systematycznie si\u0119 modernizowa\u0142o. Du\u017ce projekty in\u017cynieryjne, takie jak tamy i nawadnianie, otworzy\u0142y tereny rolnicze, podczas gdy w po\u0142owie wieku migranci z Wielkiej Brytanii i Europy nape\u0142nili miasto nowymi kulturami. Powojenne Perth pozostawa\u0142o w pewnym stopniu odizolowane a\u017c do lat 60. i 70., kiedy to boom wydobywczy (na przyk\u0142ad ruda \u017celaza w Pilbara) przekszta\u0142ci\u0142 gospodark\u0119. W ostatnich dekadach Perth dojrza\u0142o do globalnie po\u0142\u0105czonego miasta. By\u0142o gospodarzem mi\u0119dzynarodowych wydarze\u0144, takich jak \u017ceglarstwo na Igrzyskach Olimpijskich 2000 i fina\u0142 Mistrzostw \u015awiata Kobiet FIFA 2023. Mimo to wiele historycznych dzielnic przetrwa\u0142o \u2013 Albany Highway i Guildford Road odzwierciedlaj\u0105 wczesne wzorce osadnicze, podczas gdy dzielnica portowa Fremantle zachowuje murarstwo z czas\u00f3w skaza\u0144c\u00f3w. Dzi\u015b tablice pami\u0105tkowe i niewielkie muzea upami\u0119tniaj\u0105 dziedzictwo plemienia Noongar, wczesn\u0105 eksploracj\u0119 (Cook wyl\u0105dowa\u0142 w Zatoce Botanicznej, a podr\u00f3\u017c Phillipa dotar\u0142a tutaj) oraz stopniow\u0105 ekspansj\u0119 miasta wzd\u0142u\u017c rzeki Swan.<\/p>\n<p>Mieszka\u0144cy Perth lubi\u0105 styl \u017cycia, kt\u00f3ry definiuje \u017cycie na \u015bwie\u017cym powietrzu, kultura i wygoda. Tempo \u017cycia jest cz\u0119sto opisywane jako bardziej zrelaksowane ni\u017c w stolicach Wschodu; rzadko s\u0142yszy si\u0119 o t\u0142umach w godzinach szczytu parali\u017cuj\u0105cych miasto. Miejscowi s\u0105 przyja\u017ani i nieformalni. Wchodz\u0105c do kawiarni, normalne jest powitanie baristy s\u0142owami \u201eHello\u201d lub \u201eG&#039;day\u201d i zapytanie o weekendowy surf. Kultura kawy jest silna \u2013 mieszka\u0144cy Perth powa\u017cnie traktuj\u0105 swoje flat white i avo\u2011on\u2011toast. Sport r\u00f3wnie\u017c jednoczy miasto, z \u017carliwym wsparciem dla futbolu australijskiego (zespo\u0142y AFL, takie jak West Coast Eagles i Fremantle Dockers, s\u0105 cz\u0119\u015bci\u0105 codziennych rozm\u00f3w).<\/p>\n<p>Angielski jest j\u0119zykiem codziennym, ale Perth jest wieloj\u0119zyczne. Wiele rodzin m\u00f3wi w domu po kanto\u0144sku, malajalam, w\u0142osku lub j\u0119zykach tubylczych. Kultura aboryge\u0144ska jest z dum\u0105 celebrowana; na przyk\u0142ad coroczny Festiwal Perth (p\u00f3\u017anym latem) cz\u0119sto obejmuje wydarzenia podkre\u015blaj\u0105ce historie i sztuk\u0119 Noongar. Festiwal Everlasting Kings Park we wrze\u015bniu przyci\u0105ga t\u0142umy wystawami i wycieczkami prezentuj\u0105cymi wyj\u0105tkowe kwiaty polne Australii Zachodniej. Gdzie indziej Midsumma Festival i Pride March odzwierciedlaj\u0105 spo\u0142eczno\u015b\u0107 LGBT Perth, podczas gdy wystawa Sculpture by the Sea na pla\u017cy Cottesloe (co roku w styczniu) zamienia wybrze\u017ce w galeri\u0119 na \u015bwie\u017cym powietrzu. Przez ca\u0142y rok odbywaj\u0105 si\u0119 wydarzenia spo\u0142eczno\u015bciowe wok\u00f3\u0142 Elizabeth Quay i Yagan Square, od targ\u00f3w rolniczych po noworoczne fajerwerki, podkre\u015blaj\u0105ce wsp\u00f3lnotowego, celebruj\u0105cego ducha.<\/p>\n<p>Sztuka i \u017cycie nocne skupiaj\u0105 si\u0119 w pobli\u017cu Northbridge i Mount Lawley, gdzie alejki sztuki ulicznej prowadz\u0105 do miejsc muzycznych i browar\u00f3w rzemie\u015blniczych. Z kolei przedmie\u015bcia s\u0105 ciche: wieczory mog\u0105 ko\u0144czy\u0107 si\u0119 grillowaniem na podw\u00f3rku lub p\u0142ywaniem na piasku o zachodzie s\u0142o\u0144ca. Tradycje stare i nowe wsp\u00f3\u0142istniej\u0105: mo\u017cna obejrze\u0107 mecz pi\u0142ki no\u017cnej Fremantle FC A\u2011League w telewizji, a nast\u0119pnie wyj\u015b\u0107 na zewn\u0105trz, aby pos\u0142ucha\u0107 muzyki didgeridoo na lokalnym festiwalu. W centrum miasta Perth szklane wie\u017cowce l\u015bni\u0105 na zabytkowym piaskowcu (np. Perth Mint, Town Hall), a parki, takie jak Kings Park, zapraszaj\u0105 do kontemplacji staro\u017cytnego krajobrazu. Og\u00f3lnie rzecz bior\u0105c, kultura Perth wydaje si\u0119 eklektyczna i niespieszna \u2013 kosmopolityczna, ale z wyra\u017an\u0105 go\u015bcinno\u015bci\u0105 Australii Zachodniej.<\/p>\n<p>Odwiedzaj\u0105cy Perth znajd\u0105 tu mn\u00f3stwo miejsc, kt\u00f3rych nie mo\u017cna przegapi\u0107. Kings Park i Ogr\u00f3d Botaniczny to odwieczny faworyt \u2013 jeden z najwi\u0119kszych park\u00f3w w centrum miasta. Jego \u015bcie\u017cka w\u015br\u00f3d koron drzew i wystawy kwiat\u00f3w polnych oferuj\u0105 panoramiczne widoki na panoram\u0119 miasta i rzek\u0119. Tu\u017c poni\u017cej, wybrze\u017ce Perth (South Perth foreshore lub Matilda Bay) pozwala odwiedzaj\u0105cym zanurzy\u0107 stopy w rzece Swan lub urz\u0105dzi\u0107 piknik pod rodzimymi drzewami gumowymi. Pla\u017ca Cottesloe z pomara\u0144czow\u0105 raf\u0105 wapienn\u0105 i molo znajduje si\u0119 niedaleko miasta i s\u0142ynie z p\u0142ywania i zachod\u00f3w s\u0142o\u0144ca.<\/p>\n<p>Do zabytk\u00f3w miasta zalicza si\u0119 Bell Tower (rze\u017abiona dzwonnica dla historycznych dzwon\u00f3w Perth) i zabytkowe budynki, takie jak Art Gallery of WA i WA Museum (Boola Bardip). Mi\u0142o\u015bnicy jedzenia rozkoszuj\u0105 si\u0119 targami rybnymi Fishermen&#039;s Co-op w Fremantle i \u015bwiatowej s\u0142awy wycieczk\u0105 do wi\u0119zienia Fremantle Prison (wpisanego na list\u0119 \u015bwiatowego dziedzictwa UNESCO). Atrakcj\u0105 s\u0105 r\u00f3wnie\u017c pobliskie winiarnie i browary rzemie\u015blnicze. W Perth Cultural Centre odbywaj\u0105 si\u0119 teatry, galerie i coroczny festiwal Fringe World. Nadmorski krajobraz Perth kontynuuje wyspa Rottnest (dost\u0119pna promem), odosobnione miejsce na morzu, s\u0142yn\u0105ce z kuok i nurkowania z rurk\u0105.<\/p>\n<p>Mi\u0142o\u015bnicy przyg\u00f3d mog\u0105 surfowa\u0107 na pla\u017cy Scarborough, p\u0142ywa\u0107 kajakiem po rzece Swan lub wspi\u0105\u0107 si\u0119 na prawie 100-metrow\u0105 wie\u017c\u0119 DNA King&#039;s Park, aby podziwia\u0107 widoki na miejskie sieci. Zim\u0105 wyj\u0105tkowym widokiem jest rzadkie przybycie wieloryb\u00f3w po\u0142udniowych do w\u00f3d Australii Zachodniej. Aby prze\u017cy\u0107 wzruszaj\u0105ce do\u015bwiadczenie tubylcze, odwied\u017a szlak Nyungar Njookenbooroo Dreaming Trail w Kings Park lub kolekcj\u0119 sztuki aboryge\u0144skiej w Galerii Sztuki Australii Zachodniej.<\/p>\n<p>Kr\u00f3tko m\u00f3wi\u0105c, Perth oferuje mieszank\u0119 miejskich i naturalnych atrakcji. Niezale\u017cnie od tego, czy spacerujesz pod po\u0142udniow\u0105 t\u0119cz\u0105 Perth (zimorodkiem), czy uprawiasz jogging wzd\u0142u\u017c rzeki o wschodzie s\u0142o\u0144ca, miasto wykorzystuje sw\u00f3j s\u0142oneczny klimat i port, aby stworzy\u0107 styl \u017cycia na \u015bwie\u017cym powietrzu \u015bwiatowej klasy. Jego g\u0142\u00f3wne atrakcje to nie tylko punkty zainteresowania, ale tak\u017ce przestrzenie spo\u0142eczne \u2013 parki, pla\u017ce, muzea i festiwale, gdzie lokalny charakter o\u017cywa.<\/p>\n<p>G\u0142\u00f3wnym lotniskiem Perth jest Perth Airport (Kingsford Smith International), dobrze skomunikowane globalnie i krajowo. Loty z Azji, Europy i wschodnich stan\u00f3w przylatuj\u0105 codziennie. Z lotniska do centrum miasta poci\u0105gi (Airport Line) kursuj\u0105 cz\u0119sto do centrum miasta (oko\u0142o 40 minut do Perth CBD). G\u0142\u00f3wne autostrady \u0142\u0105cz\u0105 Perth z innymi regionami Australii Zachodniej (na przyk\u0142ad Mitchell Freeway na p\u00f3\u0142noc do nadmorskich przedmie\u015b\u0107 lub Great Eastern Highway w kierunku pustyni).<\/p>\n<p>W obr\u0119bie miasta nowoczesna sie\u0107 kolejowa i autobusowa obejmuje wi\u0119kszo\u015b\u0107 obszar\u00f3w. Ma\u0142a siatka \u015br\u00f3dmiejska jest dost\u0119pna dla pieszych, szczeg\u00f3lnie wok\u00f3\u0142 Elizabeth Quay, CBD i Northbridge. Promy przecinaj\u0105 rzek\u0119 (do South Perth i Fremantle), a bezp\u0142atny autobus CAT okr\u0105\u017ca centralne obszary. Jazda samochodem jest prosta po lewej stronie, chocia\u017c podmiejskie rozproszenie mo\u017ce prowadzi\u0107 do d\u0142ugich dystans\u00f3w. Ruch jest og\u00f3lnie mniejszy ni\u017c w miastach wschodnich Australii, z wyj\u0105tkiem zat\u0142oczonych korytarzy w godzinach szczytu. Kierowcy powinni uwa\u017ca\u0107 na liczne ronda w Perth i okazjonalne kangury o \u015bwicie lub zmierzchu poza miastem.<\/p>\n<p>Perthers sprzedaje dolary australijskie (AUD) jak wsz\u0119dzie w Australii. Angielski wystarczy, ale kilka s\u0142\u00f3w z Noongar, takich jak <em>s\u0142oik<\/em> (ziemia) lub <em>zw\u0142oki<\/em> (bia\u0142e kakadu) pokazuj\u0105 lokalne dziedzictwo. Etykieta jest uprzejma i nieformalna: zazwyczaj macha si\u0119 do kierowc\u00f3w, m\u00f3wi \u201ecze\u015b\u0107\u201d sklepikarzom i czeka na przej\u015bciach dla pieszych, a\u017c ruch si\u0119 zatrzyma. Nie oczekuje si\u0119 napiwk\u00f3w, chocia\u017c drobne za dobr\u0105 obs\u0142ug\u0119 w restauracjach lub hotelach s\u0105 mile widziane. S\u0142o\u0144ce jest intensywne przez ca\u0142y rok; zaleca si\u0119 szerokie kapelusze i krem \u200b\u200bz filtrem SPF 50, nawet w pochmurne dni. Pod wzgl\u0119dem bezpiecze\u0144stwa Perth jest bardzo bezpieczne \u2013 wska\u017anik przest\u0119pczo\u015bci jest niski jak na miasto tej wielko\u015bci \u2013 ale nadal nale\u017cy zachowa\u0107 zdrowy rozs\u0105dek, je\u015bli chodzi o rzeczy osobiste w t\u0142umie lub podczas nocnych spacer\u00f3w w cichych miejscach. Podobnie jak w wi\u0119kszo\u015bci Australii, dzikie zwierz\u0119ta stanowi\u0105 mniejsze zagro\u017cenie w samym mie\u015bcie (cho\u0107 nale\u017cy uwa\u017ca\u0107 na w\u0119\u017ce i paj\u0105ki na obrze\u017cach buszu).<\/p>\n<p>Perth jest gospodarzem kilku \u015bwi\u0105t pa\u0144stwowych obchodzonych w ca\u0142ym stanie (np. Dzie\u0144 Australii Zachodniej w czerwcu). W te dni wiele firm zamyka si\u0119 lub otwiera p\u00f3\u017aniej, zw\u0142aszcza mniejsze sklepy. Australijczycy s\u0105 znani ze swojej skromno\u015bci: normy ubioru to pla\u017cowy casual latem (kostiumy k\u0105pielowe w ci\u0105gu dnia), ale smart casual gdzie indziej (nie ma potrzeby noszenia p\u0142aszczy i krawat\u00f3w, chyba \u017ce wybierasz si\u0119 do ekskluzywnych lokali). Krem z filtrem przeciws\u0142onecznym i nawodnienie s\u0105 kluczowe w suchym upale Perth; latem szukaj cienia oko\u0142o po\u0142udnia. Wreszcie, b\u0119d\u0105c w by\u0142ej brytyjskiej kolonii, kultura aboryge\u0144ska jest formalnie uznawana: na wydarzeniach mo\u017cna us\u0142ysze\u0107 przem\u00f3wienia Welcome to Country, a odwiedzaj\u0105cy powinni szanowa\u0107 \u015bwi\u0119te miejsca (fotografowanie jest tam cz\u0119sto zabronione).<\/p>\n<p>Podsumowuj\u0105c, Perth jest przyst\u0119pnym miastem. Po przyje\u017adzie aklimatyzacja jest tak prosta, jak osiedlenie si\u0119 na spacerze wzd\u0142u\u017c rzeki lub k\u0105piel w brzegu. Atmosfera jest przyjazna, a miejscowi zazwyczaj ch\u0119tnie dziel\u0105 si\u0119 wskaz\u00f3wkami na temat ukrytych zatoczek lub ulubionych kawiarni. Dzi\u0119ki po\u0142\u0105czeniu nowoczesnej \u0142atwo\u015bci i naturalnego pi\u0119kna Perth oferuje podr\u00f3\u017cnym zar\u00f3wno rytm t\u0119tni\u0105cego \u017cyciem miasta, jak i spok\u00f3j oceanu i buszu u jego progu.<\/p>","protected":false},"excerpt":{"rendered":"<p>Perth, nazywane Boorloo w j\u0119zyku Nyungar, jest stolic\u0105 Australii Zachodniej i czwartym pod wzgl\u0119dem liczby ludno\u015bci miastem w kraju. Greater Perth, z populacj\u0105 przekraczaj\u0105c\u0105 2,3 miliona do 2023 r., jest dynamiczn\u0105 metropoli\u0105 o znaczeniu historycznym, kulturalnym i ekonomicznym. Ukryty w South West Land Division Australii Zachodniej, region metropolitalny Perth przebiega przez r\u00f3wnin\u0119 przybrze\u017cn\u0105 Swan, otoczon\u0105 od wschodu przez Darling Scarp, a od zachodu przez Ocean Indyjski. Od pocz\u0105tk\u00f3w jako kolonii brytyjskiej nad rzek\u0105 Swan do obecnego statusu t\u0119tni\u0105cego \u017cyciem centrum metropolitalnego, wzrost i rozw\u00f3j Perth zosta\u0142y ukszta\u0142towane przez t\u0119 niezwyk\u0142\u0105 topografi\u0119.<\/p>","protected":false},"author":1,"featured_media":4621,"parent":9806,"menu_order":0,"comment_status":"closed","ping_status":"closed","template":"elementor_theme","meta":{"_eb_attr":"","footnotes":""},"class_list":["post-9831","page","type-page","status-publish","has-post-thumbnail"],"_links":{"self":[{"href":"https:\/\/travelshelper.com\/pl\/wp-json\/wp\/v2\/pages\/9831","targetHints":{"allow":["GET"]}}],"collection":[{"href":"https:\/\/travelshelper.com\/pl\/wp-json\/wp\/v2\/pages"}],"about":[{"href":"https:\/\/travelshelper.com\/pl\/wp-json\/wp\/v2\/types\/page"}],"author":[{"embeddable":true,"href":"https:\/\/travelshelper.com\/pl\/wp-json\/wp\/v2\/users\/1"}],"replies":[{"embeddable":true,"href":"https:\/\/travelshelper.com\/pl\/wp-json\/wp\/v2\/comments?post=9831"}],"version-history":[{"count":0,"href":"https:\/\/travelshelper.com\/pl\/wp-json\/wp\/v2\/pages\/9831\/revisions"}],"up":[{"embeddable":true,"href":"https:\/\/travelshelper.com\/pl\/wp-json\/wp\/v2\/pages\/9806"}],"wp:featuredmedia":[{"embeddable":true,"href":"https:\/\/travelshelper.com\/pl\/wp-json\/wp\/v2\/media\/4621"}],"wp:attachment":[{"href":"https:\/\/travelshelper.com\/pl\/wp-json\/wp\/v2\/media?parent=9831"}],"curies":[{"name":"wp","href":"https:\/\/api.w.org\/{rel}","templated":true}]}}