{"id":9806,"date":"2024-09-08T23:56:45","date_gmt":"2024-09-08T23:56:45","guid":{"rendered":"https:\/\/travelshelper.com\/staging\/?page_id=9806"},"modified":"2026-03-13T21:28:08","modified_gmt":"2026-03-13T21:28:08","slug":"australia","status":"publish","type":"page","link":"https:\/\/travelshelper.com\/pl\/destinations\/australia-and-oceania\/australia\/","title":{"rendered":"Australia"},"content":{"rendered":"<p>Australia rozci\u0105ga si\u0119 na ca\u0142y kontynent, jest miejscem wielkiej skali i \u017cywych sprzeczno\u015bci. O \u015bwicie piaskowcowy monolit Uluru (Ayers Rock) \u015bwieci w Czerwonym Centrum jako cichy \u015bwiadek staro\u017cytnej historii Australii. W tym wczesnym \u015bwietle ogromna pustka Outbacku rozci\u0105ga si\u0119 a\u017c po odleg\u0142y horyzont, sprawiaj\u0105c, \u017ce ska\u0142a wydaje si\u0119 ponadczasowa. Rzeczywi\u015bcie, Australia jest ogromna \u2013 ma oko\u0142o 7,69 miliona kilometr\u00f3w kwadratowych powierzchni \u2013 jednak jej oko\u0142o 28 milion\u00f3w ludzi skupia si\u0119 g\u0142\u00f3wnie na wybrze\u017cach, pozostawiaj\u0105c wewn\u0119trzne pustynie i zaro\u015bla prawie niezamieszkane. Pomimo swoich rozmiar\u00f3w pozostaje federaln\u0105 demokracj\u0105 parlamentarn\u0105 pod rz\u0105dami monarchii konstytucyjnej, a jej gospodarka jest nowoczesna i zamo\u017cna. Kraj ten cieszy si\u0119 wysoko rozwini\u0119t\u0105 gospodark\u0105 o wysokich dochodach i niezmiennie plasuje si\u0119 w czo\u0142\u00f3wce \u015bwiatowych wska\u017anik\u00f3w jako\u015bci \u017cycia.<\/p>\n<p>Populacja Australii wynosi oko\u0142o 28 milion\u00f3w. Pomimo bycia sz\u00f3stym co do wielko\u015bci krajem na \u015bwiecie pod wzgl\u0119dem powierzchni, ponad 95% ludzi mieszka w odleg\u0142o\u015bci oko\u0142o 100 km od wybrze\u017ca. Oznacza to, \u017ce wn\u0119trze jest prawie puste, co daje g\u0119sto\u015b\u0107 zaludnienia wynosz\u0105c\u0105 zaledwie oko\u0142o 3,5 osoby na km\u00b2 \u2013 jedn\u0105 z najni\u017cszych g\u0119sto\u015bci zaludnienia na Ziemi. Pod wzgl\u0119dem gospodarczym Australia jest wa\u017cnym graczem globalnym: bogata w zasoby i us\u0142ugi, jej doch\u00f3d na mieszka\u0144ca plasuje si\u0119 w\u015br\u00f3d najwy\u017cszych na \u015bwiecie. Angielski jest j\u0119zykiem podstawowym (de facto j\u0119zykiem narodowym), a oko\u0142o 72% Australijczyk\u00f3w m\u00f3wi w domu wy\u0142\u0105cznie po angielsku. Jest r\u00f3wnie\u017c wielokulturowy: oko\u0142o 30% mieszka\u0144c\u00f3w urodzi\u0142o si\u0119 za granic\u0105, co wnosi mieszank\u0119 pochodzenia etnicznego i j\u0119zykowego. Walut\u0105 jest dolar australijski (AUD), u\u017cywany w ca\u0142ym kraju. Stolic\u0105 jest Canberra, ale najwi\u0119kszymi miastami s\u0105 Sydney i Melbourne (ka\u017cde z nich liczy ponad pi\u0119\u0107 milion\u00f3w mieszka\u0144c\u00f3w). Kr\u00f3tko m\u00f3wi\u0105c, dzisiejsza Australia jest nowoczesna i bogata, z rozleg\u0142ymi niezabudowanymi przestrzeniami zestawionymi z g\u0119sto zaludnionymi nadmorskimi o\u015brodkami miejskimi.<\/p>\n<p>Australia zajmuje kontynent Australazji na po\u0142udniowym Pacyfiku. Le\u017cy na po\u0142udnie od Indonezji i Papui-Nowej Gwinei, otoczona oceanem \u2013 Oceanem Indyjskim na zachodzie, Pacyfikiem na wschodzie i Oceanem Po\u0142udniowym na po\u0142udniu. Wyspa Tasmania (z jej ch\u0142odnymi lasami) le\u017cy na po\u0142udniu. Teren kraju jest znany z p\u0142askiego terenu: jest to najbardziej p\u0142aski i najsuchszy zamieszkany kontynent. \u017badna cz\u0119\u015b\u0107 Australii nie wznosi si\u0119 wy\u017cej ni\u017c 2200 m, a tylko wzd\u0142u\u017c wschodniego marginesu (Wielkie G\u00f3ry Wododzia\u0142owe) g\u00f3ry biegn\u0105 ci\u0105g\u0142ym grzbietem. Gdzie indziej wzg\u00f3rza i wybrze\u017ca s\u0105 na og\u00f3\u0142 niskie. Wi\u0119kszo\u015b\u0107 wn\u0119trza jest sucha: oko\u0142o 70% Australii jest klasyfikowane jako suche lub p\u00f3\u0142pustynne, co czyni j\u0105 najsuchszym zamieszkanym kontynentem. \u015arednie opady wynosz\u0105 tylko oko\u0142o 470 mm\/rok w ca\u0142ym kraju. W rezultacie pustynie dominuj\u0105 w centrum i na zachodzie (Outback), podczas gdy obrze\u017ca ciesz\u0105 si\u0119 \u0142agodniejszymi warunkami. P\u00f3\u0142noc ma klimat tropikalny z gor\u0105cym, wilgotnym sezonem monsunowym latem; po\u0142udnie ma klimat umiarkowany z ciep\u0142ymi latami i ch\u0142odnymi zimami. Mo\u017cna do\u015bwiadczy\u0107 las\u00f3w deszczowych i tropikalnego upa\u0142u w Queensland, alpejskiego \u015bniegu na szczytach Tasmanii i czerwonej ziemi nagrzanej s\u0142o\u0144cem w centrum \u2013 wszystko w jednym kraju.<\/p>\n<p>Ludzie przybyli do Australii dziesi\u0105tki tysi\u0119cy lat temu. Aborygeni australijscy praktykowali \u0142owiectwo i rolnictwo w co najmniej 250 odr\u0119bnych grupach j\u0119zykowych w momencie kontaktu z Europejczykami. Ich kultura jest jednym z najstarszych nieprzerwanych spo\u0142ecze\u0144stw na \u015bwiecie, podtrzymuj\u0105cych tradycje i sztuk\u0119 Dreamtime przez tysi\u0105clecia. Eksploracja europejska dotar\u0142a do Australii w XVII wieku, a brytyjski kapitan James Cook ro\u015bci\u0142 sobie prawa do wschodniego wybrze\u017ca w 1770 roku. Pierwsz\u0105 sta\u0142\u0105 europejsk\u0105 osad\u0105 by\u0142a brytyjska kolonia karna w Sydney Cove w 1788 roku. W XIX wieku oddzielne kolonie (Nowa Po\u0142udniowa Walia, Wiktoria, Queensland itp.) ros\u0142y i rozszerza\u0142y si\u0119, nap\u0119dzane we\u0142n\u0105, gor\u0105czk\u0105 z\u0142ota i rolnictwem. Kluczowy punkt zwrotny nast\u0105pi\u0142 1 stycznia 1901 roku, kiedy sze\u015b\u0107 kolonii po\u0142\u0105czy\u0142o si\u0119, tworz\u0105c Wsp\u00f3lnot\u0119 Australijsk\u0105. Od tego momentu Australia stopniowo sta\u0142a si\u0119 samorz\u0105dnym pa\u0144stwem. (Wojny \u015bwiatowe, zmiany gospodarcze oraz fale imigracji w XX wieku to kolejne wa\u017cne rozdzia\u0142y historii, ale dat\u0119 za\u0142o\u017cenia pa\u0144stwa stanowi rok 1788, a dat\u0119 utworzenia federacji rok 1901.)<\/p>\n<p>Wsp\u00f3\u0142czesna kultura australijska \u0142\u0105czy surowe dziedzictwo australijskiego interioru z kosmopolitycznym \u017cyciem miejskim. J\u0119zyk angielski z australijskim akcentem jest de facto j\u0119zykiem narodowym; spis powszechny z 2021 r. odnotowa\u0142, \u017ce jest to jedyny j\u0119zyk u\u017cywany w domu przez oko\u0142o 72% os\u00f3b. Nie ma religii pa\u0144stwowej, a Australijczycy s\u0105 raczej nieformalni i wyluzowani. Prawie jeden na trzech Australijczyk\u00f3w urodzi\u0142 si\u0119 za granic\u0105, wi\u0119c fale imigracji sprawi\u0142y, \u017ce spo\u0142ecze\u0144stwo sta\u0142o si\u0119 bardzo wielokulturowe (spo\u0142eczno\u015bci z Azji, Europy, Bliskiego Wschodu i innych miejsc). Sport i rekreacja na \u015bwie\u017cym powietrzu s\u0105 wplecione w codzienne \u017cycie \u2013 czy to surfowanie o \u015bwicie, weekendowe grillowanie w porcie, czy te\u017c ceniona runda krykieta lub futbolu australijskiego. Jednocze\u015bnie istnieje silna \u015bwiadomo\u015b\u0107 kultury aboryge\u0144skiej: wielu Australijczyk\u00f3w celebruje rdzenn\u0105 sztuk\u0119, muzyk\u0119 i festiwale.<\/p>\n<p>Do znanych lokalnych tradycji w r\u00f3\u017cnych obszarach nale\u017c\u0105 rodeo i wy\u015bcigi w miasteczkach wiejskich, festiwale nadmorskie w miastach nadmorskich i wydarzenia w g\u00f3rach na po\u0142udniowym wschodzie. Na przyk\u0142ad Byron Bay (patrz poni\u017cej) jest znane ze swojego alternatywnego, bogatego w festiwale etosu, a Brisbane organizuje pe\u0142ne \u017cycia pokazy, takie jak targi rolnicze Ekka i fajerwerki Riverfire. W Alice Springs, dziwaczne wydarzenia Outback, takie jak Camel Cup (wy\u015bcig wielb\u0142\u0105d\u00f3w) i Henley-on-Todd (regaty na suchej rzece) przyci\u0105gaj\u0105 t\u0142umy. Og\u00f3lnie rzecz bior\u0105c, Australijczycy maj\u0105 reputacj\u0119 go\u015bcinno\u015bci i \u201etowarzysko\u015bci\u201d \u2013 nieznajomi mog\u0105 rozmawia\u0107 przy flat white lub ognisku outback bez pretensjonalno\u015bci. \u017bycie ma tendencj\u0119 do wolniejszego tempa na terenach wiejskich i bardziej ruchliwego w miastach, ale w ca\u0142ym kraju ludzie s\u0105 og\u00f3lnie otwarci, przyja\u017ani i odporni.<\/p>\n<p>Obowi\u0105zkowe atrakcje turystyczne Australii obejmuj\u0105 t\u0119tni\u0105ce \u017cyciem miasta i cuda natury. W Sydney, Sydney Opera House i Harbour Bridge wyznaczaj\u0105 lini\u0119 horyzontu. Opera House \u2013 arcydzie\u0142o architektury XX wieku wpisane na list\u0119 \u015bwiatowego dziedzictwa \u2013 zosta\u0142a uko\u0144czona w 1973 roku i jest mi\u0119dzynarodow\u0105 ikon\u0105. (Most uko\u0144czono w 1932 roku i oferuje przej\u015bcia dla pieszych z panoramicznym widokiem na port.) Wzd\u0142u\u017c wybrze\u017ca kusz\u0105 niezliczone pla\u017ce \u015bwiatowej klasy, od Bondi Beach w Sydney po fale surfingowe w Byron Bay. W g\u0142\u0119bi l\u0105du Wielka Rafa Koralowa \u2013 najwi\u0119ksza rafa koralowa na \u015bwiecie \u2013 rozci\u0105ga si\u0119 na ponad 2300 km wzd\u0142u\u017c wybrze\u017ca Queensland; zosta\u0142a wpisana na list\u0119 \u015bwiatowego dziedzictwa UNESCO w 1981 roku. Uluru\u2013Kata Tjuta w \u015brodkowej Australii (masywny czerwony monolit i pobliskie kopu\u0142y) s\u0105 \u015bwi\u0119te i budz\u0105 podziw; Uluru jest cz\u0119\u015bci\u0105 obiektu UNESCO, kt\u00f3ry podkre\u015bla jego znaczenie geologiczne i kulturowe. W Melbourne mo\u017cna odkrywa\u0107 kawiarnie przy alejkach i dzielnice artystyczne, a Great Ocean Road w Victorii oferuje rozleg\u0142e widoki na wybrze\u017ce. Daleko na p\u00f3\u0142nocy, w tropikach, las deszczowy Daintree i wodospady oferuj\u0105 staro\u017cytne krajobrazy d\u017cungli. I wsz\u0119dzie, gdzie Australijczycy \u015bwi\u0119tuj\u0105 dziko\u015b\u0107: Kangaroo Island (poza Australi\u0105 Po\u0142udniow\u0105) i parki Tasmanii ukazuj\u0105 wyj\u0105tkow\u0105 przyrod\u0119 i lasy. W stolicy Canberze, skarby narodowe wyznaczaj\u0105 Tr\u00f3jk\u0105t Parlamentarny: Parlament (uko\u0144czony w 1988 r.), Australian War Memorial, National Gallery i Australian National University przyci\u0105gaj\u0105 zwiedzaj\u0105cych. Og\u00f3lnie rzecz bior\u0105c, r\u00f3\u017cnorodno\u015b\u0107 kraju \u2013 od kulturowych rytm\u00f3w jego miast po spok\u00f3j Outbacku \u2013 oznacza, \u017ce \u200b\u200bka\u017cdy podr\u00f3\u017cnik znajdzie co\u015b niezapomnianego.<\/p>\n<p>G\u0142\u00f3wnymi mi\u0119dzynarodowymi bramami Australii s\u0105 g\u0142\u00f3wne lotniska w Sydney, Melbourne, Brisbane, Perth i Adelaide. Miasta \u0142\u0105cz\u0105 loty krajowe oraz dalekobie\u017cne autokary lub poci\u0105gi (takie jak Indian-Pacific lub Ghan). W obr\u0119bie miast transport publiczny jest r\u00f3\u017cny: na przyk\u0142ad Brisbane i Sydney maj\u0105 podmiejskie sieci kolejowe i promowe, podczas gdy Byron Bay ma tylko regionalne autobusy. Wsz\u0119dzie obowi\u0105zuje ruch lewostronny. Samoch\u00f3d to najlepszy spos\u00f3b na zwiedzanie odleg\u0142ych obszar\u00f3w, ale odleg\u0142o\u015bci s\u0105 ogromne \u2013 planuj z wyprzedzeniem, nape\u0142nij zbiornik i no\u015b wod\u0119 w Outbacku. U\u017cywane s\u0105 standardowe australijskie wtyczki (typ I) i pr\u0105d 230 V. Walut\u0105 narodow\u0105 jest dolar australijski (AUD). Angielski jest powszechnie u\u017cywany, a w sytuacjach biznesowych lub formalnych Australijczycy zazwyczaj witaj\u0105 si\u0119 mocnym u\u015bciskiem d\u0142oni; w sytuacjach nieformalnych powszechne s\u0105 imiona i \u201emate\u201d. Napiwki nie s\u0105 wymagane (niewielki napiwek za wyj\u0105tkow\u0105 obs\u0142ug\u0119 jest mile widziany, ale nieoczekiwany). Bezpiecze\u0144stwo w wodzie i ochrona przed s\u0142o\u0144cem s\u0105 wa\u017cne: po\u0142udniowy ocean mo\u017ce by\u0107 ch\u0142odny i wzburzony, podczas gdy p\u00f3\u0142nocne morze latem zawiera meduzy (\u201eparzyde\u0142kowce\u201d), wi\u0119c zwracaj uwag\u0119 na lokalne oznakowanie i u\u017cywaj krem\u00f3w przeciws\u0142onecznych. Og\u00f3lnie rzecz bior\u0105c, Australia jest bardzo bezpieczna dla podr\u00f3\u017cnych, ze wzgl\u0119du na niski wska\u017anik przest\u0119pczo\u015bci, ale odwiedzaj\u0105cy powinni przestrzega\u0107 lokalnych przepis\u00f3w (na przyk\u0142ad limit\u00f3w jazdy po spo\u017cyciu alkoholu i ochrony dzikiej przyrody). Mile widziane s\u0105 podstawowe uprzejmo\u015bci \u2013 takie jak m\u00f3wienie \u201ecze\u015b\u0107\u201d lub \u201edzi\u0119kuj\u0119\u201d, grzeczne ustawianie si\u0119 w kolejce i ust\u0119powanie pierwsze\u0144stwa pieszym. Przy podstawowym przygotowaniu poruszanie si\u0119 po Australii jest proste, a odwiedzaj\u0105cy mog\u0105 cieszy\u0107 si\u0119 bogatym i przyjaznym do\u015bwiadczeniem w tym ogromnym wyspiarskim pa\u0144stwie.<\/p>","protected":false},"excerpt":{"rendered":"<p>Officially the Commonwealth of Australia, Australia is a nation that enthralls with its rich history, dynamic culture, and large landscapes. It includes the mainland of Australia, the island state of Tasmania, and many smaller islands. Australia is a land of contrasts and diversity being the sixth-largest country in the world and the biggest nation by area in Oceania. Characterised by infertile soils, its geographical extent comprises some of the oldest, flattest, driest inhabited areas on Earth.<\/p>","protected":false},"author":1,"featured_media":3758,"parent":24105,"menu_order":0,"comment_status":"closed","ping_status":"closed","template":"elementor_theme","meta":{"_eb_attr":"","footnotes":""},"class_list":["post-9806","page","type-page","status-publish","has-post-thumbnail"],"_links":{"self":[{"href":"https:\/\/travelshelper.com\/pl\/wp-json\/wp\/v2\/pages\/9806","targetHints":{"allow":["GET"]}}],"collection":[{"href":"https:\/\/travelshelper.com\/pl\/wp-json\/wp\/v2\/pages"}],"about":[{"href":"https:\/\/travelshelper.com\/pl\/wp-json\/wp\/v2\/types\/page"}],"author":[{"embeddable":true,"href":"https:\/\/travelshelper.com\/pl\/wp-json\/wp\/v2\/users\/1"}],"replies":[{"embeddable":true,"href":"https:\/\/travelshelper.com\/pl\/wp-json\/wp\/v2\/comments?post=9806"}],"version-history":[{"count":0,"href":"https:\/\/travelshelper.com\/pl\/wp-json\/wp\/v2\/pages\/9806\/revisions"}],"up":[{"embeddable":true,"href":"https:\/\/travelshelper.com\/pl\/wp-json\/wp\/v2\/pages\/24105"}],"wp:featuredmedia":[{"embeddable":true,"href":"https:\/\/travelshelper.com\/pl\/wp-json\/wp\/v2\/media\/3758"}],"wp:attachment":[{"href":"https:\/\/travelshelper.com\/pl\/wp-json\/wp\/v2\/media?parent=9806"}],"curies":[{"name":"wp","href":"https:\/\/api.w.org\/{rel}","templated":true}]}}