{"id":9800,"date":"2024-09-08T23:47:48","date_gmt":"2024-09-08T23:47:48","guid":{"rendered":"https:\/\/travelshelper.com\/staging\/?page_id=9800"},"modified":"2026-03-13T22:57:40","modified_gmt":"2026-03-13T22:57:40","slug":"suva","status":"publish","type":"page","link":"https:\/\/travelshelper.com\/pl\/destinations\/australia-and-oceania\/fiji\/suva\/","title":{"rendered":"Suva"},"content":{"rendered":"<p>Suva jest zar\u00f3wno stolic\u0105, jak i najwi\u0119kszym miastem Fid\u017ci. Funkcjonuje jako centralny w\u0119ze\u0142 najwi\u0119kszego regionu metropolitalnego kraju i dzia\u0142a jako jego g\u0142\u00f3wny port. Suva, po\u0142o\u017cona na po\u0142udniowo-wschodnim wybrze\u017cu Viti Levu, najwi\u0119kszej wyspy Fid\u017ci, znajduje si\u0119 w prowincji Rewa w Dywizji Centralnej. Miasto to reprezentuje po\u0142\u0105czenie historycznego znaczenia i wsp\u00f3\u0142czesnej witalno\u015bci, ustanawiaj\u0105c je jako kluczowe miejsce na po\u0142udniowym Pacyfiku.<\/p>\n<p>Wyznaczenie Suvy na stolic\u0119 Fid\u017ci rozpocz\u0119\u0142o si\u0119 w 1877 r. po przeniesieniu jej z Levuki, kt\u00f3ra by\u0142a w\u00f3wczas g\u0142\u00f3wn\u0105 europejsk\u0105 osad\u0105 kolonialn\u0105. Ograniczenia geograficzne Levuki, po\u0142o\u017conej mi\u0119dzy stromymi g\u00f3rami a morzem, uczyni\u0142y ekspansj\u0119 niepraktyczn\u0105. W 1882 r. administracja zosta\u0142a oficjalnie przeniesiona do Suvy, co zapocz\u0105tkowa\u0142o jej rol\u0119 jako centrum zarz\u0105dzania i rozwoju na Fid\u017ci.<\/p>\n<p>Wed\u0142ug spisu ludno\u015bci z 2017 r. populacja Suvy wynosi\u0142a 93 970 os\u00f3b. Region metropolitalny wraz z jego autonomicznymi przedmie\u015bciami liczy\u0142 185 913 os\u00f3b. Populacja miejska, po dodaniu s\u0105siednich miast Lami, Nasinu i Nausori, osi\u0105ga oko\u0142o 330 000 os\u00f3b, co stanowi ponad jedn\u0105 trzeci\u0105 ca\u0142kowitej populacji Fid\u017ci. Kompleks miejski znany jako korytarz Suva-Nausori podkre\u015bla znaczenie Suvy jako centralnego w\u0119z\u0142a w ramach miejskich ram Fid\u017ci.<\/p>\n<p>Suva jest zar\u00f3wno politycznym centrum, jak i ekonomiczn\u0105 i kulturaln\u0105 stolic\u0105 Fid\u017ci. Miasto jest g\u0142\u00f3wn\u0105 lokalizacj\u0105 regionalnych siedzib licznych mi\u0119dzynarodowych korporacji, agencji i misji dyplomatycznych. Miasto wyr\u00f3\u017cnia si\u0119 \u017cywym krajobrazem artystycznym i scenicznym i zyskuje uznanie jako stolica mody Po\u0142udniowego Pacyfiku. Historyczne miejsca, kt\u00f3re podkre\u015blaj\u0105 kolonialne dziedzictwo Suvy, takie jak Suva City Carnegie Library i kompleks rz\u0105dowy, wzbogacaj\u0105 \u015brodowisko kulturalne miasta.<\/p>\n<p>Suva znajduje si\u0119 na pag\u00f3rkowatym p\u00f3\u0142wyspie otaczaj\u0105cym port, w s\u0105siedztwie zatoki Laucala i portu Suva. G\u00f3ry na p\u00f3\u0142nocy i zachodzie przecinaj\u0105 po\u0142udniowo-wschodnie pasaty, co powoduje sta\u0142y wilgotny klimat przez ca\u0142y rok. Pomimo blisko\u015bci oceanu, linia brzegowa Suvy charakteryzuje si\u0119 ro\u015blinno\u015bci\u0105 namorzynow\u0105, a najbli\u017csz\u0105 pla\u017c\u0105 jest Pacific Harbour. Wyj\u0105tkowy kontekst geograficzny wzmacnia atrakcyjno\u015b\u0107 i to\u017csamo\u015b\u0107 Suvy.<\/p>\n<p>Suva charakteryzuje si\u0119 zr\u00f3\u017cnicowanym sk\u0142adem kulturowym, sk\u0142adaj\u0105cym si\u0119 g\u0142\u00f3wnie z rdzennych mieszka\u0144c\u00f3w Fid\u017ci i Indo-Fid\u017ci. Miasto jest domem dla wielu mniejszo\u015bci etnicznych, takich jak Rotumanie, Lauanie, Europejczycy i Chi\u0144czycy. R\u00f3\u017cnorodno\u015b\u0107 j\u0119zykowa w Suva jest oczywista, a dominuj\u0105cymi j\u0119zykami s\u0105 angielski, fid\u017cyjski i fid\u017cyjski hindi.<\/p>\n<p>Miasto pe\u0142ni funkcj\u0119 wa\u017cnego o\u015brodka edukacyjnego, b\u0119d\u0105c siedzib\u0105 g\u0142\u00f3wnego kampusu University of the South Pacific (USP). Ta instytucja przyci\u0105ga student\u00f3w z r\u00f3\u017cnych region\u00f3w Pacyfiku, zwi\u0119kszaj\u0105c tym samym r\u00f3\u017cnorodno\u015b\u0107 kulturow\u0105 Suvy. Muzeum Fid\u017ci, znajduj\u0105ce si\u0119 w Thurston Gardens, zapewnia przegl\u0105d bogatej historii i kultury Fid\u017ci, zawieraj\u0105c najwi\u0119ksz\u0105 kolekcj\u0119 artefakt\u00f3w fid\u017cyjskich na \u015bwiecie.<\/p>\n<p>Powstanie wsp\u00f3\u0142czesnych centr\u00f3w handlowych, takich jak Suva Central Shopping Mall i TappooCity, kt\u00f3re nadaj\u0105 miastu nowoczesn\u0105 estetyk\u0119, charakteryzuje krajobraz miejski Suvy jako b\u0119d\u0105cy w stanie ci\u0105g\u0142ej ewolucji. Integracja tych inwestycji z tradycyjnymi obszarami handlowymi, takimi jak Cumming Street, tworzy zestawienie element\u00f3w historycznych i wsp\u00f3\u0142czesnych, przyczyniaj\u0105c si\u0119 do statusu Suvy jako dynamicznego i wyrafinowanego o\u015brodka miejskiego.<\/p>","protected":false},"excerpt":{"rendered":"<p>Suva jest zar\u00f3wno stolic\u0105, jak i najwi\u0119kszym miastem Fid\u017ci. Funkcjonuje jako centralny w\u0119ze\u0142 najwi\u0119kszego regionu metropolitalnego kraju i dzia\u0142a jako jego g\u0142\u00f3wny port. Suva, po\u0142o\u017cona na po\u0142udniowo-wschodnim wybrze\u017cu Viti Levu, najwi\u0119kszej wyspy Fid\u017ci, znajduje si\u0119 w prowincji Rewa w Dywizji Centralnej. Miasto to reprezentuje po\u0142\u0105czenie historycznego znaczenia i wsp\u00f3\u0142czesnej witalno\u015bci, ustanawiaj\u0105c je jako kluczowe miejsce na po\u0142udniowym Pacyfiku.<\/p>","protected":false},"author":1,"featured_media":3855,"parent":9785,"menu_order":0,"comment_status":"closed","ping_status":"closed","template":"elementor_theme","meta":{"_eb_attr":"","footnotes":""},"class_list":["post-9800","page","type-page","status-publish","has-post-thumbnail"],"_links":{"self":[{"href":"https:\/\/travelshelper.com\/pl\/wp-json\/wp\/v2\/pages\/9800","targetHints":{"allow":["GET"]}}],"collection":[{"href":"https:\/\/travelshelper.com\/pl\/wp-json\/wp\/v2\/pages"}],"about":[{"href":"https:\/\/travelshelper.com\/pl\/wp-json\/wp\/v2\/types\/page"}],"author":[{"embeddable":true,"href":"https:\/\/travelshelper.com\/pl\/wp-json\/wp\/v2\/users\/1"}],"replies":[{"embeddable":true,"href":"https:\/\/travelshelper.com\/pl\/wp-json\/wp\/v2\/comments?post=9800"}],"version-history":[{"count":0,"href":"https:\/\/travelshelper.com\/pl\/wp-json\/wp\/v2\/pages\/9800\/revisions"}],"up":[{"embeddable":true,"href":"https:\/\/travelshelper.com\/pl\/wp-json\/wp\/v2\/pages\/9785"}],"wp:featuredmedia":[{"embeddable":true,"href":"https:\/\/travelshelper.com\/pl\/wp-json\/wp\/v2\/media\/3855"}],"wp:attachment":[{"href":"https:\/\/travelshelper.com\/pl\/wp-json\/wp\/v2\/media?parent=9800"}],"curies":[{"name":"wp","href":"https:\/\/api.w.org\/{rel}","templated":true}]}}