{"id":9779,"date":"2024-09-08T23:26:08","date_gmt":"2024-09-08T23:26:08","guid":{"rendered":"https:\/\/travelshelper.com\/staging\/?page_id=9779"},"modified":"2026-03-13T23:07:55","modified_gmt":"2026-03-13T23:07:55","slug":"honiara","status":"publish","type":"page","link":"https:\/\/travelshelper.com\/pl\/destinations\/australia-and-oceania\/solomon-islands\/honiara\/","title":{"rendered":"Honiara"},"content":{"rendered":"<p>Honiara, t\u0119tni\u0105ca \u017cyciem stolica Wysp Salomona, znajduje si\u0119 na p\u00f3\u0142nocnym wybrze\u017cu Guadalcanal. G\u0142\u00f3wne miasto Wysp Salomona, Honiara, jest dobrze znane ze swojej bogatej przesz\u0142o\u015bci i zr\u00f3\u017cnicowanej kultury. Obecnie populacja wynosi 92 344. To energiczne miasto jest zbiorem aktywno\u015bci z unikalnym po\u0142\u0105czeniem warto\u015bci historycznej i nowoczesnej ekspansji.<\/p>\n<p>Strategicznie po\u0142o\u017cone wzd\u0142u\u017c Kukum Highway, Honiara jest \u0142atwo osi\u0105galna drog\u0105 lotnicz\u0105 i wodn\u0105. Wa\u017cne krajowe i mi\u0119dzynarodowe w\u0119z\u0142y transportowe umo\u017cliwiaj\u0105ce przep\u0142yw ludzi i produkt\u00f3w to Honiara International Airport i Point Cruz Seaport. Miasto, kt\u00f3re uzyska\u0142o status terytorium sto\u0142ecznego w 1983 r., szczyci si\u0119 obszarem metropolitalnym o powierzchni 22 kilometr\u00f3w kwadratowych. Obecnie Honiara jest stolic\u0105 prowincji Guadalcanal i posiada autonomi\u0119 prowincji.<\/p>\n<p>Wa\u017cne wydarzenia historyczne \u2014 zw\u0142aszcza II wojna \u015bwiatowa \u2014 nieodwracalnie ukszta\u0142towa\u0142y histori\u0119 Honiary. Podczas kampanii Guadalcanal, zw\u0142aszcza bitwy pod Henderson Field w 1942 r., wschodni obszar lotniska miasta by\u0142 wa\u017cnym miejscem. W tej walce bra\u0142y udzia\u0142 wojska ameryka\u0144skie i japo\u0144skie, zwyci\u0119zca by\u0142 pierwszy. B\u0119d\u0105c punktem zwrotnym, kt\u00f3ry ostatecznie doprowadzi\u0142 do triumfu aliant\u00f3w, zwyci\u0119stwo to by\u0142o kluczowe w rejonie Pacyfiku podczas wojny.<\/p>\n<p>Po wojnie rola Honiary uleg\u0142a zmianie, gdy w 1952 r. sta\u0142a si\u0119 now\u0105 siedzib\u0105 administracyjn\u0105 Protektoratu Brytyjskich Wysp Salomona. Budowa kilku budynk\u00f3w rz\u0105dowych podkre\u015bli\u0142a t\u0119 zmian\u0119 i przyspieszy\u0142a wzrost populacji oraz rozw\u00f3j gminy.<\/p>\n<p>Honiara pomimo swojej ekspansji musia\u0142a stawi\u0107 czo\u0142a wielu wyzwaniom, w tym niepokojom politycznym i przemocy etnicznej. Wczesne lata 2000. i p\u00f3\u017ane lata 90. by\u0142y do\u015b\u0107 burzliwe. Reprezentuj\u0105c na przemian etnicznych Malaita\u0144czyk\u00f3w i mieszka\u0144c\u00f3w Guadalcanalu, Malaita Eagle Force (MEF) i Isatabu Freedom Movement (IFM) stoczy\u0142y \u015bmiertelne bitwy po nieudanym zamachu stanu w czerwcu 2000 r. Chocia\u017c w pa\u017adzierniku 2000 r. zawarto pakt pokojowy, przemoc wybuch\u0142a ponownie w marcu 2002 r., w wyniku czego zgin\u0119\u0142o dw\u00f3ch nowozelandzkich dyplomat\u00f3w oraz wiele innych os\u00f3b.<\/p>\n<p>Sytuacja znacznie si\u0119 pogorszy\u0142a w lipcu 2003 r., dlatego rz\u0105d Wysp Salomona zwr\u00f3ci\u0142 si\u0119 do Regionalnej Misji Pomocy Wyspom Salomona (RAMSI) o pomoc w przywr\u00f3ceniu pokoju. Misja ta, w kt\u00f3rej uczestniczy\u0142o wiele pa\u0144stw Pacyfiku, a Australia by\u0142a liderem misji, mia\u0142a kluczowe znaczenie dla przywr\u00f3cenia stabilno\u015bci regionalnej.<\/p>\n<p>Po nominacji Snydera Riniego na premiera, Honiara prze\u017cy\u0142a kolejny okres wstrz\u0105s\u00f3w w 2006 r. Wybuch\u0142y zamieszki, niszcz\u0105c cz\u0119\u015bci Chinatown i pozbawiaj\u0105c dachu nad g\u0142ow\u0105 oko\u0142o 1000 chi\u0144skich mieszka\u0144c\u00f3w. Turystyka jest wa\u017cnym sektorem dla miasta i wysp; st\u0105d wydarzenia te mia\u0142y na nie du\u017cy wp\u0142yw.<\/p>\n<p>Wi\u0119kszo\u015b\u0107 budynk\u00f3w rz\u0105dowych i instytucji Wysp Salomona mie\u015bci si\u0119 w Honiara. Parlament Narodowy, Solomon Islands College of Higher Education i kampus Uniwersytetu Po\u0142udniowego Pacyfiku na Wyspach Salomona znajduj\u0105 si\u0119 w mie\u015bcie. Wa\u017cnymi atrakcjami kulturalnymi i handlowymi s\u0105 r\u00f3wnie\u017c muzeum narodowe i ruchliwy targ Honiara.<\/p>\n<p>Wschodnia Honiara, Centralna Honiara i Zachodnia Honiara to trzy okr\u0119gi wyborcze do parlamentu. Honiara ma trzy okr\u0119gi wyborcze: Spo\u015br\u00f3d sze\u015bciu w kraju, w kt\u00f3rych okr\u0119gi wyborcze obejmuj\u0105 ponad 10 000 os\u00f3b, okr\u0119gi te odzwierciedlaj\u0105 polityczne znaczenie miasta.<\/p>\n<p>Cho\u0107 reprezentowanych jest wiele innych religii, \u015brodowisko religijne Honiary jest zasadniczo chrze\u015bcija\u0144skie. Miasto jest mi\u0119dzy innymi siedzib\u0105 rzymskokatolickiej archidiecezji Honiary, Ko\u015bcio\u0142a Ewangelickiego M\u00f3rz Po\u0142udniowych, Zjednoczonego Ko\u015bcio\u0142a, Ko\u015bcio\u0142a Prowincji Melanezji (anglika\u0144skiego) i Ko\u015bcio\u0142a Adwentyst\u00f3w Dnia Si\u00f3dmego. Ta r\u00f3\u017cnorodno\u015b\u0107 odzwierciedla szersz\u0105 tkank\u0119 kulturow\u0105 Wysp Salomona, kt\u00f3ra \u0142\u0105czy w sobie aspekty nowoczesne i tradycyjne.<\/p>","protected":false},"excerpt":{"rendered":"<p>Honiara, t\u0119tni\u0105ca \u017cyciem stolica Wysp Salomona, znajduje si\u0119 na p\u00f3\u0142nocnym wybrze\u017cu Guadalcanal. G\u0142\u00f3wne miasto Wysp Salomona, Honiara, jest dobrze znane ze swojej bogatej przesz\u0142o\u015bci i zr\u00f3\u017cnicowanej kultury. Obecnie populacja wynosi 92 344. To energiczne miasto jest zbiorem aktywno\u015bci z unikalnym po\u0142\u0105czeniem warto\u015bci historycznej i nowoczesnej ekspansji.<\/p>","protected":false},"author":1,"featured_media":3238,"parent":9773,"menu_order":0,"comment_status":"closed","ping_status":"closed","template":"elementor_theme","meta":{"_eb_attr":"","footnotes":""},"class_list":["post-9779","page","type-page","status-publish","has-post-thumbnail"],"_links":{"self":[{"href":"https:\/\/travelshelper.com\/pl\/wp-json\/wp\/v2\/pages\/9779","targetHints":{"allow":["GET"]}}],"collection":[{"href":"https:\/\/travelshelper.com\/pl\/wp-json\/wp\/v2\/pages"}],"about":[{"href":"https:\/\/travelshelper.com\/pl\/wp-json\/wp\/v2\/types\/page"}],"author":[{"embeddable":true,"href":"https:\/\/travelshelper.com\/pl\/wp-json\/wp\/v2\/users\/1"}],"replies":[{"embeddable":true,"href":"https:\/\/travelshelper.com\/pl\/wp-json\/wp\/v2\/comments?post=9779"}],"version-history":[{"count":0,"href":"https:\/\/travelshelper.com\/pl\/wp-json\/wp\/v2\/pages\/9779\/revisions"}],"up":[{"embeddable":true,"href":"https:\/\/travelshelper.com\/pl\/wp-json\/wp\/v2\/pages\/9773"}],"wp:featuredmedia":[{"embeddable":true,"href":"https:\/\/travelshelper.com\/pl\/wp-json\/wp\/v2\/media\/3238"}],"wp:attachment":[{"href":"https:\/\/travelshelper.com\/pl\/wp-json\/wp\/v2\/media?parent=9779"}],"curies":[{"name":"wp","href":"https:\/\/api.w.org\/{rel}","templated":true}]}}