{"id":9773,"date":"2024-09-08T23:18:28","date_gmt":"2024-09-08T23:18:28","guid":{"rendered":"https:\/\/travelshelper.com\/staging\/?page_id=9773"},"modified":"2026-03-13T23:08:16","modified_gmt":"2026-03-13T23:08:16","slug":"wyspy-salomona","status":"publish","type":"page","link":"https:\/\/travelshelper.com\/pl\/destinations\/australia-and-oceania\/solomon-islands\/","title":{"rendered":"Wyspy Salomona"},"content":{"rendered":"<p>Wyspy Salomona, czasami nazywane Wyspami Salomona, to pi\u0119kny kraj po\u0142o\u017cony w sercu Melanezji, cz\u0119\u015bci wi\u0119kszego regionu Oceanii na p\u00f3\u0142nocny wsch\u00f3d od Australii. Sk\u0142adaj\u0105cy si\u0119 z 21 du\u017cych wysp o powierzchni ponad 100 kilometr\u00f3w kwadratowych ka\u017cda, ten archipelag obejmuje Guadalcanal, Malait\u0119, Makir\u0119 i Santa Isabel. Opr\u00f3cz tych rozleg\u0142ych mas l\u0105dowych, Wyspy Salomona s\u0105 otoczone przez oko\u0142o 900 mniejszych wysp, tworz\u0105c w ten spos\u00f3b bogat\u0105 i z\u0142o\u017con\u0105 mozaik\u0119 l\u0105du i morza. Od Papui-Nowej Gwinei na zachodzie, Australii na po\u0142udniowym zachodzie, Nowej Kaledonii i Vanuatu na po\u0142udniowym wschodzie, Fid\u017ci, Wallis i Futuny oraz Tuvalu na wschodzie, Wyspy Salomona s\u0105 geograficznie blisko wielu innych kraj\u00f3w. Nauru i Sfederowane Stany Mikronezji na p\u00f3\u0142nocy.<\/p>\n<p>O \u0142\u0105cznej powierzchni 28 896 kilometr\u00f3w kwadratowych (11 157 mil kwadratowych), Wyspy Salomona maj\u0105 populacj\u0119 734 887 os\u00f3b w po\u0142owie 2023 roku. Po\u0142o\u017cona na najwi\u0119kszej wyspie, Guadalcanal, Honiara, stolica, jest politycznym i gospodarczym centrum kraju. Nazwa \u201eWyspy Salomona\u201d opisuje ca\u0142y archipelag Wysp Salomona, kt\u00f3ry obejmuje Autonomiczny Region Bougainville, obecnie cz\u0119\u015b\u0107 Papui-Nowej Gwinei, ale nie obejmuje Wysp Santa Cruz.<\/p>\n<p>Mi\u0119dzy 30 000 a 28 800 p.n.e. ludzie zacz\u0119li zamieszkiwa\u0107 te wyspy; wiele fal migracji pomog\u0142o stworzy\u0107 mieszank\u0119 genetyczn\u0105, kt\u00f3ra definiuje dzisiejsz\u0105 populacj\u0119 tubylcz\u0105. W\u015br\u00f3d tych pierwszych imigrant\u00f3w byli ludzie Lapita, znani ze swoich unikalnych umiej\u0119tno\u015bci garncarskich i \u017ceglarskich, kt\u00f3rzy pomogli zdefiniowa\u0107 scen\u0119 kulturow\u0105 wysp.<\/p>\n<p>Hiszpa\u0144ski odkrywca \u00c1lvaro de Menda\u00f1a przyby\u0142 na Wyspy Salomona jako pierwszy w\u015br\u00f3d Europejczyk\u00f3w w 1568 roku. Menda\u00f1a nie nada\u0142 wyspom nazw; inni, kt\u00f3rzy pisali o jego odkryciu, zacz\u0119li nazywa\u0107 je \u201eWyspami Salomona\u201d. Menda\u00f1a uda\u0142 si\u0119 ponownie na wyspy w 1595 roku, a nast\u0119pnie w 1606 roku przyby\u0142a kolejna hiszpa\u0144ska wyprawa pod przewodnictwem portugalskiego nawigatora Pedro Fernandesa de Queir\u00f3sa.<\/p>\n<p>Wyspy mia\u0142y bardzo oczywiste znaczenie strategiczne podczas II wojny \u015bwiatowej. Trwaj\u0105ca od 1942 do 1945 roku kampania na Wyspach Salomona by\u0142a kluczowym zestawem star\u0107 mi\u0119dzy si\u0142ami alianckimi \u2014 g\u0142\u00f3wnie ze Stan\u00f3w Zjednoczonych i Imperium Brytyjskiego \u2014 a Cesarstwem Japonii. Szczeg\u00f3lnie bitwa o Guadalcanal by\u0142a punktem zwrotnym na teatrze dzia\u0142a\u0144 wojennych na Pacyfiku, poniewa\u017c zaci\u0119te walki podkre\u015bli\u0142y kluczowe znaczenie wysp w wojnie.<\/p>\n<p>Po\u0142udniowe Wyspy Salomona sta\u0142y si\u0119 brytyjskim protektoratem w czerwcu 1893 roku pod dow\u00f3dztwem kapitana Herberta Gibsona z HMS Curacoa. Era kolonialna rozpocz\u0119\u0142a si\u0119 tutaj i trwa\u0142a do po\u0142owy XX wieku. Zbli\u017caj\u0105c si\u0119 do samorz\u0105dno\u015bci, rz\u0105d brytyjski zmieni\u0142 oficjaln\u0105 nazw\u0119 z \u201eBrytyjskiego Protektoratu Wysp Salomona\u201d na \u201eWyspy Salomona\u201d w 1975 roku. Proces ten osi\u0105gn\u0105\u0142 punkt kulminacyjny w 1976 roku, kiedy wyspy uzyska\u0142y samorz\u0105dno\u015b\u0107; ostateczna niepodleg\u0142o\u015b\u0107 nast\u0105pi\u0142a w 1978 roku. Po uzyskaniu niepodleg\u0142o\u015bci nar\u00f3d przyj\u0105\u0142 nazw\u0119 \u201eWyspy Salomona\u201d, porzuci\u0142 okre\u015blony rodzajnik i sta\u0142 si\u0119 znany jako monarchia konstytucyjna.<\/p>\n<p>Wyspy Salomona uznaj\u0105 dzi\u015b Karola III za swojego kr\u00f3la; kr\u00f3l jest przedstawiany lokalnie przez gubernatora generalnego wybranego na podstawie rekomendacji premiera. Podczas gdy wyspy maj\u0105 w\u0142asn\u0105 to\u017csamo\u015b\u0107 narodow\u0105, te ramy polityczne uznaj\u0105 ich historyczne powi\u0105zania z Koron\u0105 Brytyjsk\u0105. Czerpi\u0105c z bogatej historii, r\u00f3\u017cnorodnych kultur i wa\u017cnego po\u0142o\u017cenia na Oceanie Spokojnym, Wyspy Salomona nadal stoj\u0105 przed wsp\u00f3\u0142czesnymi wyzwaniami i mo\u017cliwo\u015bciami.<\/p>","protected":false},"excerpt":{"rendered":"<p>Wyspy Salomona, czasami nazywane Wyspami Salomona, to pi\u0119kny kraj po\u0142o\u017cony w sercu Melanezji, cz\u0119\u015bci wi\u0119kszego regionu Oceanii na p\u00f3\u0142nocny wsch\u00f3d od Australii. Sk\u0142adaj\u0105cy si\u0119 z 21 du\u017cych wysp o powierzchni ponad 100 kilometr\u00f3w kwadratowych ka\u017cda, ten archipelag obejmuje Guadalcanal, Malait\u0119, Makir\u0119 i Santa Isabel. Opr\u00f3cz tych rozleg\u0142ych mas l\u0105dowych, Wyspy Salomona s\u0105 otoczone przez oko\u0142o 900 mniejszych wysp, tworz\u0105c w ten spos\u00f3b bogat\u0105 i z\u0142o\u017con\u0105 mozaik\u0119 l\u0105du i morza. Od Papui-Nowej Gwinei na zachodzie, Australii na po\u0142udniowym zachodzie, Nowej Kaledonii i Vanuatu na po\u0142udniowym wschodzie, Fid\u017ci, Wallis i Futuny oraz Tuvalu na wschodzie, Wyspy Salomona s\u0105 geograficznie blisko wielu innych kraj\u00f3w. Nauru i Sfederowane Stany Mikronezji na p\u00f3\u0142nocy.<\/p>","protected":false},"author":1,"featured_media":2859,"parent":24105,"menu_order":0,"comment_status":"closed","ping_status":"closed","template":"elementor_theme","meta":{"_eb_attr":"","footnotes":""},"class_list":["post-9773","page","type-page","status-publish","has-post-thumbnail"],"_links":{"self":[{"href":"https:\/\/travelshelper.com\/pl\/wp-json\/wp\/v2\/pages\/9773","targetHints":{"allow":["GET"]}}],"collection":[{"href":"https:\/\/travelshelper.com\/pl\/wp-json\/wp\/v2\/pages"}],"about":[{"href":"https:\/\/travelshelper.com\/pl\/wp-json\/wp\/v2\/types\/page"}],"author":[{"embeddable":true,"href":"https:\/\/travelshelper.com\/pl\/wp-json\/wp\/v2\/users\/1"}],"replies":[{"embeddable":true,"href":"https:\/\/travelshelper.com\/pl\/wp-json\/wp\/v2\/comments?post=9773"}],"version-history":[{"count":0,"href":"https:\/\/travelshelper.com\/pl\/wp-json\/wp\/v2\/pages\/9773\/revisions"}],"up":[{"embeddable":true,"href":"https:\/\/travelshelper.com\/pl\/wp-json\/wp\/v2\/pages\/24105"}],"wp:featuredmedia":[{"embeddable":true,"href":"https:\/\/travelshelper.com\/pl\/wp-json\/wp\/v2\/media\/2859"}],"wp:attachment":[{"href":"https:\/\/travelshelper.com\/pl\/wp-json\/wp\/v2\/media?parent=9773"}],"curies":[{"name":"wp","href":"https:\/\/api.w.org\/{rel}","templated":true}]}}