{"id":9739,"date":"2024-09-08T22:38:06","date_gmt":"2024-09-08T22:38:06","guid":{"rendered":"https:\/\/travelshelper.com\/staging\/?page_id=9739"},"modified":"2026-03-13T23:03:09","modified_gmt":"2026-03-13T23:03:09","slug":"treble-cone","status":"publish","type":"page","link":"https:\/\/travelshelper.com\/pl\/destinations\/australia-and-oceania\/new-zealand\/treble-cone\/","title":{"rendered":"Treble Cone"},"content":{"rendered":"<p>Treble Cone, najbli\u017cszy o\u015brodek narciarski energicznego serca W\u0101naki, jest dogodnie po\u0142o\u017cony, zaledwie kr\u00f3tki przejazd samochodem od uroczego miasta W\u0101naka, co przyci\u0105ga zar\u00f3wno mieszka\u0144c\u00f3w, jak i go\u015bci. Treble Cone, znany z niesamowitych widok\u00f3w na g\u00f3r\u0119 Aspiring\/Tititea i jezioro W\u0101naka, prezentuje wyj\u0105tkow\u0105 mieszank\u0119 naturalnego pi\u0119kna i trudnego terenu, kt\u00f3ra przyci\u0105ga narciarzy i snowboardzist\u00f3w o ka\u017cdym poziomie umiej\u0119tno\u015bci.<\/p>\n<p>Opr\u00f3cz tego, \u017ce jest najwi\u0119kszym terenem narciarskim na Wyspie Po\u0142udniowej Nowej Zelandii, Treble Cone ma najd\u0142u\u017cszy pionowy spadek w Queenstown Southern Lakes District. Obs\u0142uguj\u0105c zar\u00f3wno pocz\u0105tkuj\u0105cych, jak i \u015bredniozaawansowanych narciarzy, ten niesamowity pionowy spadek wynosz\u0105cy 700 metr\u00f3w oferuje jedne z najd\u0142u\u017cszych tras w okolicy, w tym 4-kilometrow\u0105 lini\u0119 High Street do Easy Rider. Pocz\u0105tkowo jako ma\u0142y klub, Treble Cone zosta\u0142 za\u0142o\u017cony w 1968 roku przez narciarzy Roda Aubreya, Murraya Raffillsa i Ralpha Markby&#039;ego. Przez lata rozwin\u0105\u0142 si\u0119 w \u015bwiatowej klasy o\u015brodek narciarski, znany z trudnego terenu i zapieraj\u0105cych dech w piersiach widok\u00f3w.<\/p>\n<p>Droga Treble Cone od ma\u0142ego pola klubowego do topowego o\u015brodka narciarskiego jest zdefiniowana przez ci\u0105g\u0142\u0105 innowacj\u0119 i udoskonalenie. Treble Cone zosta\u0142o zarejestrowane jako przedsi\u0119biorstwo publiczne w 1975 r. w celu sfinansowania wysokiej jako\u015bci drogi, budynku bazy i wypo\u017cyczalni nart, a tak\u017ce innej niezb\u0119dnej infrastruktury. Dzi\u0119ki pierwszej podw\u00f3jnej kolejce krzese\u0142kowej w Home Basin w 1983 r. i orczykowi w Saddle Basin w 1989 r., rozw\u00f3j ten przygotowa\u0142 grunt pod dalsz\u0105 ekspansj\u0119 w latach 80. i 90. G\u0142\u00f3wnym punktem zwrotnym by\u0142o otwarcie sta\u0142ych urz\u0105dze\u0144 do na\u015bnie\u017cania w 1991 r., gwarantuj\u0105cych niezawodn\u0105 pokryw\u0119 \u015bnie\u017cn\u0105 przez ca\u0142y sezon.<\/p>\n<p>Pierwszy szybki, od\u0142\u0105czany 6-osobowy wyci\u0105g krzese\u0142kowy w Nowej Zelandii zainstalowany w Home Basin by\u0142 znacz\u0105cym ulepszeniem w sezonie 1995\/96. Rozw\u00f3j ten wzmocni\u0142 ca\u0142e do\u015bwiadczenie narciarskie i zmieni\u0142 dost\u0119p. Dodatkowe zmiany obejmowa\u0142y nowe parkingi, rozbudow\u0119 budynku bazy i konstrukcj\u0119 stawu do na\u015bnie\u017cania.<\/p>\n<p>Rozleg\u0142e prace ziemne maj\u0105ce na celu ulepszenie terenu pocz\u0105tkowego i po\u015bredniego w Home i Saddle Basins zdefiniowa\u0142y lata 2000. Dzi\u0119ki bardziej rozleg\u0142ym przygotowanym trasom i bezp\u0142atnemu wyci\u0105gowi dla pocz\u0105tkuj\u0105cych w pobli\u017cu bazowych obiekt\u00f3w, inicjatywy te gwarantowa\u0142y, \u017ce Treble Cone b\u0119dzie mog\u0142o pomie\u015bci\u0107 szersze spektrum umiej\u0119tno\u015bci narciarskich. Skromny park terenowy i trasa dla dzieci jeszcze bardziej zwi\u0119kszy\u0142y atrakcyjno\u015b\u0107 o\u015brodka dla rodzin i niedo\u015bwiadczonych narciarzy.<\/p>\n<p>Infrastruktura Treble Cone zosta\u0142a wzmocniona jeszcze bardziej w 2005 r., kiedy zainstalowano nowy sta\u0142y wyci\u0105g krzese\u0142kowy w Saddle Basin i schronisko Ski Patrol na szczycie Six Seater. Inwestycje w technologie na\u015bnie\u017cania w 2006 i 2007 r. zagwarantowa\u0142y sta\u0142e opady \u015bniegu, co zwi\u0119kszy\u0142o niezawodno\u015b\u0107 sezonu narciarskiego.<\/p>\n<p>Treble Cone zintegrowa\u0142o now\u0105 technologi\u0119, aby upro\u015bci\u0107 jazd\u0119 na nartach. O\u015brodek zmieni\u0142 swoje systemy sprzeda\u017cy i bilet\u00f3w w 2011\/12 roku, wsp\u00f3\u0142pracuj\u0105c z Cardrona Ski Area, dodaj\u0105c wsp\u00f3lny karnet narciarski OnePassNZ. System RFID do \u015bledzenia wysoko\u015bci i liczby przejazd\u00f3w go\u015bci pozwala tym z przedp\u0142aconymi uprawnieniami dojecha\u0107 na nartach a\u017c do bramki.<\/p>\n<p>W grudniu 2019 r. Cardrona Alpine Resort przej\u0105\u0142 Treble Cone, otwieraj\u0105c tym samym nowy rozdzia\u0142 w przesz\u0142o\u015bci o\u015brodka. \u0141\u0105cz\u0105c marketing i dzia\u0142alno\u015b\u0107 obu o\u015brodk\u00f3w, plany zapewnienia bardziej zintegrowanych us\u0142ug i wybor\u00f3w maj\u0105 na celu popraw\u0119 ca\u0142o\u015bciowego do\u015bwiadczenia go\u015bci.<\/p>\n<p>Treble Cone to portal do jednych z najlepszych teren\u00f3w backcountry w okolicy, poza dobrze utrzymanymi szlakami. Treble Cone to punkt dost\u0119pu u\u017cywany przez t\u0119tni\u0105c\u0105 \u017cyciem spo\u0142eczno\u015b\u0107 narciarzy i snowboardzist\u00f3w backcountry wok\u00f3\u0142 Queenstown i W\u0101naka do eksploracji tych dziewiczych teren\u00f3w. Dla u\u017cytkownik\u00f3w backcountry o\u015brodek oferuje zni\u017ckowe karnety; Aspiring Guides organizuje wycieczki z przewodnikiem po tym wymagaj\u0105cym terenie.<\/p>\n<p>Mi\u0142o\u015bnicy sport\u00f3w zimowych znajd\u0105 Treble Cone w dogodnej lokalizacji w pobli\u017cu W\u0101naka i Queenstown. Do o\u015brodka mo\u017cna \u0142atwo dojecha\u0107 z W\u0101naka lub 90 minut jazdy samochodem z Queenstown. 35 minut jazdy samochodem Liczne \u015brodki transportu, w tym transfery typu door-to-door i loty z Queenstown, gwarantuj\u0105 go\u015bciom \u0142atwy dost\u0119p do stok\u00f3w w zimie.<\/p>\n<p>Treble Cone tradycyjnie wita r\u00f3wnie\u017c sporty letnie; otwiera sze\u015bcioosobowy wyci\u0105g krzese\u0142kowy do jazdy na rowerze g\u00f3rskim i pieszych w\u0119dr\u00f3wek. Chocia\u017c przygotowania do letnich aktywno\u015bci nie s\u0105 jeszcze gotowe, dziedzictwo o\u015brodka w zakresie organizacji wydarze\u0144, takich jak wy\u015bcig zjazdowy NZ Community Trust National Series, podkre\u015bla jego oddanie zaanga\u017cowaniu spo\u0142eczno\u015bci i zabawie na \u015bwie\u017cym powietrzu.<\/p>\n<table>\n<thead>\n<tr>\n<th>Kategoria<\/th>\n<th>Bli\u017csze dane<\/th>\n<\/tr>\n<\/thead>\n<tbody>\n<tr>\n<td>Lokalizacja<\/td>\n<td>Wanaka, Nowa Zelandia<\/td>\n<\/tr>\n<tr>\n<td>Wysoko\u015b\u0107 o\u015brodka<\/td>\n<td>1260 metr\u00f3w (4134 st\u00f3p)<\/td>\n<\/tr>\n<tr>\n<td>Sezon narciarski<\/td>\n<td>Koniec czerwca \u2013 pocz\u0105tek pa\u017adziernika<\/td>\n<\/tr>\n<tr>\n<td>Ceny karnet\u00f3w narciarskich<\/td>\n<td>R\u00f3\u017cni si\u0119 w zale\u017cno\u015bci od wieku i czasu trwania; sprawd\u017a oficjaln\u0105 stron\u0119<\/td>\n<\/tr>\n<tr>\n<td>Godziny otwarcia<\/td>\n<td>9:00 rano \u2013 4:00 po po\u0142udniu<\/td>\n<\/tr>\n<tr>\n<td>Liczba tras zjazdowych<\/td>\n<td>30+<\/td>\n<\/tr>\n<tr>\n<td>Ca\u0142kowita d\u0142ugo\u015b\u0107 trasy<\/td>\n<td>Oko\u0142o 550 hektar\u00f3w<\/td>\n<\/tr>\n<tr>\n<td>Najd\u0142u\u017cszy bieg<\/td>\n<td>4 kilometry (2,5 mili)<\/td>\n<\/tr>\n<tr>\n<td>\u0141atwe stoki<\/td>\n<td>10%<\/td>\n<\/tr>\n<tr>\n<td>Umiarkowane stoki<\/td>\n<td>45%<\/td>\n<\/tr>\n<tr>\n<td>Zaawansowane stoki<\/td>\n<td>45%<\/td>\n<\/tr>\n<tr>\n<td>Kierunki stok\u00f3w<\/td>\n<td>G\u0142\u00f3wnie zwr\u00f3cone na po\u0142udnie<\/td>\n<\/tr>\n<tr>\n<td>Nocne narciarstwo<\/td>\n<td>Niedost\u0119pne<\/td>\n<\/tr>\n<tr>\n<td>Wytwarzanie \u015bniegu<\/td>\n<td>Ograniczony<\/td>\n<\/tr>\n<tr>\n<td>\u0141\u0105czna liczba podniesie\u0144<\/td>\n<td>4<\/td>\n<\/tr>\n<tr>\n<td>Pojemno\u015b\u0107 pod g\u00f3r\u0119<\/td>\n<td>Oko\u0142o 6000 os\u00f3b na godzin\u0119<\/td>\n<\/tr>\n<tr>\n<td>Najwy\u017cszy podno\u015bnik<\/td>\n<td>1962 metr\u00f3w (6437 st\u00f3p)<\/td>\n<\/tr>\n<tr>\n<td>Gondole\/kolejki linowe<\/td>\n<td>Nic<\/td>\n<\/tr>\n<tr>\n<td>Wyci\u0105gi krzese\u0142kowe<\/td>\n<td>2<\/td>\n<\/tr>\n<tr>\n<td>Wyci\u0105gi orczykowe<\/td>\n<td>2<\/td>\n<\/tr>\n<tr>\n<td>Parki \u015bnie\u017cne<\/td>\n<td>1<\/td>\n<\/tr>\n<tr>\n<td>Wypo\u017cyczalnie nart<\/td>\n<td>Dost\u0119pny<\/td>\n<\/tr>\n<tr>\n<td>Po nartach<\/td>\n<td>Ograniczone; g\u0142\u00f3wnie w pobliskim Wanaka<\/td>\n<\/tr>\n<\/tbody>\n<\/table>\n<article>\n<\/article>","protected":false},"excerpt":{"rendered":"<p>Treble Cone, najbli\u017cszy o\u015brodek narciarski energicznego serca W\u0101naki, jest dogodnie po\u0142o\u017cony, zaledwie kr\u00f3tki przejazd samochodem od uroczego miasta W\u0101naka, co przyci\u0105ga zar\u00f3wno mieszka\u0144c\u00f3w, jak i go\u015bci. Treble Cone, znany z niesamowitych widok\u00f3w na g\u00f3r\u0119 Aspiring\/Tititea i jezioro W\u0101naka, prezentuje wyj\u0105tkow\u0105 mieszank\u0119 naturalnego pi\u0119kna i trudnego terenu, kt\u00f3ra przyci\u0105ga narciarzy i snowboardzist\u00f3w o ka\u017cdym poziomie umiej\u0119tno\u015bci.<\/p>","protected":false},"author":1,"featured_media":3918,"parent":9692,"menu_order":0,"comment_status":"closed","ping_status":"closed","template":"elementor_theme","meta":{"_eb_attr":"","footnotes":""},"class_list":["post-9739","page","type-page","status-publish","has-post-thumbnail"],"_links":{"self":[{"href":"https:\/\/travelshelper.com\/pl\/wp-json\/wp\/v2\/pages\/9739","targetHints":{"allow":["GET"]}}],"collection":[{"href":"https:\/\/travelshelper.com\/pl\/wp-json\/wp\/v2\/pages"}],"about":[{"href":"https:\/\/travelshelper.com\/pl\/wp-json\/wp\/v2\/types\/page"}],"author":[{"embeddable":true,"href":"https:\/\/travelshelper.com\/pl\/wp-json\/wp\/v2\/users\/1"}],"replies":[{"embeddable":true,"href":"https:\/\/travelshelper.com\/pl\/wp-json\/wp\/v2\/comments?post=9739"}],"version-history":[{"count":0,"href":"https:\/\/travelshelper.com\/pl\/wp-json\/wp\/v2\/pages\/9739\/revisions"}],"up":[{"embeddable":true,"href":"https:\/\/travelshelper.com\/pl\/wp-json\/wp\/v2\/pages\/9692"}],"wp:featuredmedia":[{"embeddable":true,"href":"https:\/\/travelshelper.com\/pl\/wp-json\/wp\/v2\/media\/3918"}],"wp:attachment":[{"href":"https:\/\/travelshelper.com\/pl\/wp-json\/wp\/v2\/media?parent=9739"}],"curies":[{"name":"wp","href":"https:\/\/api.w.org\/{rel}","templated":true}]}}