{"id":9692,"date":"2024-09-08T21:38:41","date_gmt":"2024-09-08T21:38:41","guid":{"rendered":"https:\/\/travelshelper.com\/staging\/?page_id=9692"},"modified":"2026-03-13T23:02:05","modified_gmt":"2026-03-13T23:02:05","slug":"nowa-zelandia","status":"publish","type":"page","link":"https:\/\/travelshelper.com\/pl\/destinations\/australia-and-oceania\/new-zealand\/","title":{"rendered":"Nowa Zelandia"},"content":{"rendered":"<p>Nowa Zelandia, nazywana w j\u0119zyku maoryskim Aotearoa, jest intryguj\u0105cym krajem wyspiarskim po\u0142o\u017conym w po\u0142udniowo-zachodniej cz\u0119\u015bci Oceanu Spokojnego. S\u0142ynie z zapieraj\u0105cych dech w piersiach krajobraz\u00f3w i g\u0142\u0119bokiego dziedzictwa kulturowego. Nowa Zelandia, sk\u0142adaj\u0105ca si\u0119 z dw\u00f3ch g\u0142\u00f3wnych mas l\u0105dowych \u2014 Wyspy P\u00f3\u0142nocnej (Te Ika-a-M\u0101ui) i Wyspy Po\u0142udniowej (Te Waipounamu) \u2014 oraz ponad 700 mniejszych wysp, zajmuje sz\u00f3ste miejsce pod wzgl\u0119dem wielko\u015bci kraju wyspiarskiego pod wzgl\u0119dem powierzchni. Po\u0142o\u017cona na wsch\u00f3d od Australii przez Morze Tasmana i na po\u0142udnie od Nowej Kaledonii, Fid\u017ci i Tonga, charakteryzuje si\u0119 zr\u00f3\u017cnicowanym krajobrazem naznaczonym wybitnymi szczytami g\u00f3rskimi, zw\u0142aszcza imponuj\u0105cymi Alpami Po\u0142udniowymi. Ta wyj\u0105tkowa geografia jest w wi\u0119kszo\u015bci wynikiem wypi\u0119trzenia tektonicznego i aktywno\u015bci wulkanicznej, kt\u00f3re rze\u017abi\u0142y teren przez miliony lat.<\/p>\n<p>Stolic\u0105 Nowej Zelandii jest Wellington, cho\u0107 Auckland jest najludniejszym miastem. Te obszary metropolitalne s\u0105 \u017cywymi o\u015brodkami kultury i handlu, uciele\u015bniaj\u0105cymi dynamiczn\u0105 i rozwijaj\u0105c\u0105 si\u0119 to\u017csamo\u015b\u0107 narodu. Pomimo wsp\u00f3\u0142czesnego statusu Nowa Zelandia by\u0142a ostatnim du\u017cym l\u0105dem zamieszkanym przez ludzi. W latach 1280\u20131350 polinezyjscy nawigatorzy zacz\u0119li zasiedla\u0107 wyspy, ostatecznie kultywuj\u0105c unikaln\u0105 kultur\u0119 maorysk\u0105, kt\u00f3ra nadal jest istotnym aspektem to\u017csamo\u015bci Nowej Zelandii.<\/p>\n<p>Europejskie odkrycie Nowej Zelandii rozpocz\u0119\u0142o si\u0119 w 1642 r. od holenderskiego awanturnika Abla Tasmana, kt\u00f3ry by\u0142 pierwszym Europejczykiem, kt\u00f3ry obserwowa\u0142 i dokumentowa\u0142 wyspy. Dopiero w 1769 r. kapitan James Cook, brytyjski odkrywca, przyby\u0142 i sporz\u0105dzi\u0142 map\u0119 Nowej Zelandii, u\u0142atwiaj\u0105c p\u00f3\u017aniejsze kontakty i ostateczn\u0105 kolonizacj\u0119. Traktat Waitangi, zawarty w 1840 r. mi\u0119dzy delegatami Zjednoczonego Kr\u00f3lestwa a wodzami Maorys\u00f3w, stanowi\u0142 kluczowy moment w historii Nowej Zelandii. Traktat ten ustanowi\u0142 podstawy brytyjskiej suwerenno\u015bci i utworzenia Kolonii Korony Nowej Zelandii w 1841 r. Nast\u0119pnie epoka ta charakteryzowa\u0142a si\u0119 sporami mi\u0119dzy administracj\u0105 kolonialn\u0105 a plemionami Maorys\u00f3w, co doprowadzi\u0142o do wyobcowania i zaw\u0142aszczenia znacznego terytorium Maorys\u00f3w.<\/p>\n<p>Post\u0119p Nowej Zelandii w kierunku niepodleg\u0142o\u015bci by\u0142 stopniowy. Uzyska\u0142a status dominium w 1907 r. i uzyska\u0142a pe\u0142n\u0105 formaln\u0105 niepodleg\u0142o\u015b\u0107 w 1947 r., utrzymuj\u0105c jednocze\u015bnie brytyjskiego monarch\u0119 jako g\u0142ow\u0119 pa\u0144stwa. Obecnie Nowa Zelandia jest dynamicznym i kosmopolitycznym krajem z populacj\u0105 oko\u0142o 5,25 miliona os\u00f3b. Przewa\u017caj\u0105ca populacja ma europejskie dziedzictwo, a rdzenni Maorysi stanowi\u0105 najwi\u0119ksz\u0105 grup\u0119 mniejszo\u015bciow\u0105, po kt\u00f3rej nast\u0105pi\u0142y mniejszo\u015bci azjatyckie i pasifika\u0144skie. Zr\u00f3\u017cnicowany krajobraz demograficzny jest widoczny w kulturze Nowej Zelandii, kt\u00f3ra w przewa\u017caj\u0105cej mierze wywodzi si\u0119 ze zwyczaj\u00f3w Maorys\u00f3w i wczesnych osadnik\u00f3w brytyjskich, wraz ze wsp\u00f3\u0142czesnymi wp\u0142ywami zwi\u0119kszonej imigracji.<\/p>\n<p>Nar\u00f3d uznaje trzy j\u0119zyki urz\u0119dowe: angielski, maoryski i nowozelandzki j\u0119zyk migowy, przy czym angielski jest j\u0119zykiem dominuj\u0105cym. Nowa Zelandia, jako rozwini\u0119ty nar\u00f3d, jest liderem w awansie spo\u0142ecznym. By\u0142 pierwszym narodem, kt\u00f3ry ustanowi\u0142 p\u0142ac\u0119 minimaln\u0105 i przyzna\u0142 prawo wyborcze kobietom. Kraj ten stale osi\u0105ga wysokie pozycje w \u015bwiatowych ocenach jako\u015bci \u017cycia i praw cz\u0142owieka, a tak\u017ce jest uznawany za kraj o jednym z najni\u017cszych poziom\u00f3w postrzeganej korupcji na \u015bwiecie. Niemniej jednak nadal zmaga si\u0119 ze strukturalnymi dysproporcjami, szczeg\u00f3lnie mi\u0119dzy demografi\u0105 maorysk\u0105 a europejsk\u0105.<\/p>\n<p>W latach 80. Nowa Zelandia przesz\u0142a znacz\u0105ce transformacje gospodarcze, przechodz\u0105c z gospodarki protekcjonistycznej do zliberalizowanej gospodarki wolnego handlu. Sektor us\u0142ug dominuje w gospodarce narodowej, a nast\u0119pnie w sektorze przemys\u0142owym i rolnictwie. Turystyka mi\u0119dzynarodowa stanowi istotne \u017ar\u00f3d\u0142o got\u00f3wki. Nowa Zelandia jest zaanga\u017cowanym uczestnikiem licznych organizacji mi\u0119dzynarodowych, takich jak Organizacja Narod\u00f3w Zjednoczonych, Wsp\u00f3lnota Narod\u00f3w, ANZUS i Azjatycko-Pacyficzna Wsp\u00f3\u0142praca Gospodarcza. Utrzymuje szczeg\u00f3lnie silne powi\u0105zania ze Stanami Zjednoczonymi, Wielk\u0105 Brytani\u0105 i innymi krajami Pacyfiku, obejmuj\u0105c charakterystyczn\u0105 to\u017csamo\u015b\u0107 \u201eTrans-Tasman\u201d dzielon\u0105 z Australi\u0105.<\/p>\n<p>Nowa Zelandia funkcjonuje w ramach systemu parlamentarnego charakteryzuj\u0105cego si\u0119 jednoizbowym parlamentem. Administracj\u0105 kieruje premier Christopher Luxon. Suwerenem kraju jest kr\u00f3l Karol III, lokalnie reprezentowany przez gubernatora generalnego Cindy Kiro. Nowa Zelandia jest podzielona na 11 rad regionalnych i 67 w\u0142adz terytorialnych w celu sprawowania w\u0142adzy lokalnej. Terytorium Nowej Zelandii obejmuje nie tylko jej g\u0142\u00f3wne wyspy, ale tak\u017ce Tokelau, Wyspy Cooka, Niue i Dependencj\u0119 Rossa na Antarktydzie.<\/p>","protected":false},"excerpt":{"rendered":"<p>Nowa Zelandia, nazywana w j\u0119zyku maoryskim Aotearoa, jest intryguj\u0105cym krajem wyspiarskim po\u0142o\u017conym w po\u0142udniowo-zachodniej cz\u0119\u015bci Oceanu Spokojnego. S\u0142ynie z zapieraj\u0105cych dech w piersiach krajobraz\u00f3w i g\u0142\u0119bokiego dziedzictwa kulturowego. Nowa Zelandia, sk\u0142adaj\u0105ca si\u0119 z dw\u00f3ch g\u0142\u00f3wnych mas l\u0105dowych \u2014 Wyspy P\u00f3\u0142nocnej (Te Ika-a-M\u0101ui) i Wyspy Po\u0142udniowej (Te Waipounamu) \u2014 oraz ponad 700 mniejszych wysp, zajmuje sz\u00f3ste miejsce pod wzgl\u0119dem wielko\u015bci kraju wyspiarskiego pod wzgl\u0119dem powierzchni. Po\u0142o\u017cona na wsch\u00f3d od Australii przez Morze Tasmana i na po\u0142udnie od Nowej Kaledonii, Fid\u017ci i Tonga, charakteryzuje si\u0119 zr\u00f3\u017cnicowanym krajobrazem naznaczonym wybitnymi szczytami g\u00f3rskimi, zw\u0142aszcza imponuj\u0105cymi Alpami Po\u0142udniowymi. Ta wyj\u0105tkowa geografia jest w wi\u0119kszo\u015bci wynikiem wypi\u0119trzenia tektonicznego i aktywno\u015bci wulkanicznej, kt\u00f3re rze\u017abi\u0142y teren przez miliony lat.<\/p>","protected":false},"author":1,"featured_media":4203,"parent":24105,"menu_order":0,"comment_status":"closed","ping_status":"closed","template":"elementor_theme","meta":{"_eb_attr":"","footnotes":""},"class_list":["post-9692","page","type-page","status-publish","has-post-thumbnail"],"_links":{"self":[{"href":"https:\/\/travelshelper.com\/pl\/wp-json\/wp\/v2\/pages\/9692","targetHints":{"allow":["GET"]}}],"collection":[{"href":"https:\/\/travelshelper.com\/pl\/wp-json\/wp\/v2\/pages"}],"about":[{"href":"https:\/\/travelshelper.com\/pl\/wp-json\/wp\/v2\/types\/page"}],"author":[{"embeddable":true,"href":"https:\/\/travelshelper.com\/pl\/wp-json\/wp\/v2\/users\/1"}],"replies":[{"embeddable":true,"href":"https:\/\/travelshelper.com\/pl\/wp-json\/wp\/v2\/comments?post=9692"}],"version-history":[{"count":0,"href":"https:\/\/travelshelper.com\/pl\/wp-json\/wp\/v2\/pages\/9692\/revisions"}],"up":[{"embeddable":true,"href":"https:\/\/travelshelper.com\/pl\/wp-json\/wp\/v2\/pages\/24105"}],"wp:featuredmedia":[{"embeddable":true,"href":"https:\/\/travelshelper.com\/pl\/wp-json\/wp\/v2\/media\/4203"}],"wp:attachment":[{"href":"https:\/\/travelshelper.com\/pl\/wp-json\/wp\/v2\/media?parent=9692"}],"curies":[{"name":"wp","href":"https:\/\/api.w.org\/{rel}","templated":true}]}}