{"id":9661,"date":"2024-09-08T21:01:07","date_gmt":"2024-09-08T21:01:07","guid":{"rendered":"https:\/\/travelshelper.com\/staging\/?page_id=9661"},"modified":"2026-03-13T23:10:04","modified_gmt":"2026-03-13T23:10:04","slug":"papua-nowa-gwinea","status":"publish","type":"page","link":"https:\/\/travelshelper.com\/pl\/destinations\/australia-and-oceania\/papua-new-guinea\/","title":{"rendered":"Papua-Nowa Gwinea"},"content":{"rendered":"<p>Intryguj\u0105cy nar\u00f3d, Papua-Nowa Gwinea, znany r\u00f3wnie\u017c jako Niezale\u017cne Pa\u0144stwo Papui-Nowej Gwinei, znajduje si\u0119 w Oceanii. Wraz ze wschodni\u0105 po\u0142ow\u0105 wyspy Nowa Gwinea obejmuje kilka wysp przybrze\u017cnych w Melanezji, obszarze po\u0142udniowo-zachodniego Oceanu Spokojnego na p\u00f3\u0142noc od Australii. Strategiczne po\u0142o\u017cenie Papui-Nowej Gwinei sprawia, \u017ce \u200b\u200bznajduje si\u0119 ona w pobli\u017cu kilku znacz\u0105cych s\u0105siad\u00f3w: Australii na po\u0142udniu, Wysp Salomona na wschodzie i Indonezji na zachodzie. Port Moresby, na po\u0142udniowym wybrze\u017cu, jest stolic\u0105 narodu i centrum jego polityki i biznesu.<\/p>\n<p>Trzeci co do wielko\u015bci wyspiarski kraj na \u015bwiecie, Papua-Nowa Gwinea, ma powierzchni\u0119 462 840 kilometr\u00f3w kwadratowych (178 700 mil kwadratowych). Od namorzyn\u00f3w i pla\u017c nadmorskich po strome wzg\u00f3rza i g\u0142\u0119bokie lasy deszczowe, wiele miejsc definiuje ten rozleg\u0142y obszar. Opr\u00f3cz prezentowania osza\u0142amiaj\u0105cych widok\u00f3w, topografia kraju jest kluczowa dla jego r\u00f3\u017cnorodno\u015bci biologicznej, a tak\u017ce dla r\u00f3\u017cnorodno\u015bci kulturowej.<\/p>\n<p>Wa\u017cne wydarzenia \u015bwiatowe i wp\u0142ywy kolonialne ukszta\u0142towa\u0142y histori\u0119 PNG jako kraju. W latach 80. XIX wieku Nowa Gwinea Niemiecka na p\u00f3\u0142nocy i Terytorium Brytyjskie Papui na po\u0142udniu oddzieli\u0142y kraj. Po I wojnie \u015bwiatowej ca\u0142e terytorium znalaz\u0142o si\u0119 pod kontrol\u0105 Australii po ustanowieniu Terytorium Nowej Gwinei jako misji Ligi Narod\u00f3w z niemieckiej kolonii. Nar\u00f3d, b\u0119d\u0105cy g\u0142\u00f3wnym polem bitwy, by\u0142 \u015bwiadkiem zaci\u0119tych walk, kt\u00f3re wp\u0142yn\u0119\u0142y na jego wsp\u00f3\u0142czesn\u0105 histori\u0119 podczas kampanii na Nowej Gwinei podczas II wojny \u015bwiatowej.<\/p>\n<p>Po uzyskaniu niepodleg\u0142o\u015bci w 1975 r. Papua-Nowa Gwinea sta\u0142a si\u0119 krajem Wsp\u00f3lnoty Narod\u00f3w pod rz\u0105dami El\u017cbiety II. Stanowisko to pozosta\u0142o a\u017c do jej \u015bmierci w 2022 r., kiedy to jej nast\u0119pc\u0105 zosta\u0142 Karol III. Ze wzgl\u0119du na kolonialn\u0105 przesz\u0142o\u015b\u0107 system polityczny i polityka zagraniczna kraju pokazuj\u0105, \u017ce kraj chce by\u0107 wa\u017cnym uczestnikiem wydarze\u0144 regionalnych i globalnych.<\/p>\n<p>Jedn\u0105 z najbardziej niezwyk\u0142ych cech Papui-Nowej Gwinei jest r\u00f3\u017cnorodno\u015b\u0107 j\u0119zykowa. Z 840 znanymi j\u0119zykami, w tym angielskim, ten kraj jest najbardziej zr\u00f3\u017cnicowany j\u0119zykowo na \u015bwiecie. Ta r\u00f3\u017cnorodno\u015b\u0107 j\u0119zykowa jest dowodem zar\u00f3wno r\u00f3\u017cnorodno\u015bci kulturowej kraju, jak i wytrwa\u0142o\u015bci jego rdzennej ludno\u015bci. Mimo r\u00f3\u017cnorodno\u015bci Papua-Nowa Gwinea jest nadal zasadniczo krajem wiejskim; zaledwie 13,25% populacji mieszka\u0142o w miastach w 2019 r. \u017bycie w tradycyjnych wioskach pomaga wi\u0119kszo\u015bci populacji zachowa\u0107 tradycyjny styl \u017cycia, kt\u00f3ry jest niezb\u0119dny dla ich struktury spo\u0142ecznej i to\u017csamo\u015bci.<\/p>\n<p>Pod wzgl\u0119dem liczby ludno\u015bci Papua-Nowa Gwinea mo\u017ce pochwali\u0107 si\u0119 najwi\u0119ksz\u0105 liczb\u0105 ludno\u015bci spo\u015br\u00f3d wszystkich wysp Pacyfiku. Prognozy na grudzie\u0144 2022 r. pokazuj\u0105, \u017ce populacja mo\u017ce by\u0107 bli\u017csza 17 milionom ni\u017c poprzednie szacunki rz\u0105du wynosz\u0105ce 9,4 miliona. Ta r\u00f3\u017cnica podkre\u015bla, jak trudno jest policzy\u0107 nar\u00f3d o tak zr\u00f3\u017cnicowanej i z\u0142o\u017conej topografii. Zarz\u0105dzanie zasobami i rozw\u00f3j s\u0105 w du\u017cym stopniu uzale\u017cnione od sposobu, w jaki populacja kraju ro\u015bnie i si\u0119 rozprzestrzenia.<\/p>\n<p>Ogromna obfito\u015b\u0107 zwierz\u0105t Papui-Nowej Gwinei to kolejna dobrze znana cecha. Niekt\u00f3re szacunki wskazuj\u0105, \u017ce zr\u00f3\u017cnicowane ekosystemy kraju s\u0105 domem dla wielu nieodkrytych gatunk\u00f3w ro\u015blin i zwierz\u0105t, co czyni je po\u017c\u0105danym miejscem do bada\u0144 biologicznych i program\u00f3w ochrony przyrody. To bogactwo naturalne jest zar\u00f3wno korzy\u015bci\u0105, jak i problemem, poniewa\u017c wymaga ostro\u017cnego zarz\u0105dzania, aby pogodzi\u0107 ochron\u0119 ekologiczn\u0105 ze wzrostem gospodarczym.<\/p>\n<p>Mi\u0119dzynarodowy Fundusz Walutowy ocenia gospodark\u0119 Papui-Nowej Gwinei jako rozwijaj\u0105c\u0105 si\u0119. Oko\u0142o czterdziestu procent os\u00f3b pracuje jako rolnicy na w\u0142asne potrzeby, zasadniczo poza systemem monetarnym. W szczeg\u00f3lno\u015bci uznaj\u0105c i broni\u0105c tego tradycyjnego sposobu \u017cycia, Konstytucja Papui-Nowej Gwinei podkre\u015bla warto\u015b\u0107 tradycyjnych wiosek i spo\u0142eczno\u015bci jako funkcjonalnych podmiot\u00f3w spo\u0142ecznych. To konstytucyjne uznanie podkre\u015bla znaczenie rdzennych struktur spo\u0142ecznych w ci\u0105g\u0142ym definiowaniu to\u017csamo\u015bci i rz\u0105du narodu.<\/p>\n<p>Na arenie mi\u0119dzynarodowej Papua-Nowa Gwinea aktywnie uczestniczy w kilku organizacjach regionalnych i mi\u0119dzynarodowych. Pocz\u0105tkowo pa\u0144stwo obserwator od 1976 r., z\u0142o\u017cy\u0142o wniosek o pe\u0142ne cz\u0142onkostwo w Stowarzyszeniu Narod\u00f3w Azji Po\u0142udniowo-Wschodniej (ASEAN). W\u015br\u00f3d pe\u0142nych cz\u0142onk\u00f3w uznanych przez Wsp\u00f3lnot\u0119 Pacyfiku, Forum Wysp Pacyfiku, Wsp\u00f3lnot\u0119 Narod\u00f3w i Organizacj\u0119 Narod\u00f3w Zjednoczonych znajduj\u0105 si\u0119 Te powi\u0105zania pokazuj\u0105, jak bardzo Papua-Nowa Gwinea jest zaanga\u017cowana we wsp\u00f3\u0142prac\u0119 regionaln\u0105 i jak bardzo chce wp\u0142ywa\u0107 na sprawy \u015bwiatowe.<\/p>","protected":false},"excerpt":{"rendered":"<p>Intryguj\u0105cy nar\u00f3d, Papua-Nowa Gwinea, znany r\u00f3wnie\u017c jako Niezale\u017cne Pa\u0144stwo Papui-Nowej Gwinei, znajduje si\u0119 w Oceanii. Wraz ze wschodni\u0105 po\u0142ow\u0105 wyspy Nowa Gwinea obejmuje kilka wysp przybrze\u017cnych w Melanezji, obszarze po\u0142udniowo-zachodniego Oceanu Spokojnego na p\u00f3\u0142noc od Australii. Strategiczne po\u0142o\u017cenie Papui-Nowej Gwinei sprawia, \u017ce \u200b\u200bznajduje si\u0119 ona w pobli\u017cu kilku znacz\u0105cych s\u0105siad\u00f3w: Australii na po\u0142udniu, Wysp Salomona na wschodzie i Indonezji na zachodzie. Port Moresby, na po\u0142udniowym wybrze\u017cu, jest stolic\u0105 narodu i centrum jego polityki i biznesu.<\/p>","protected":false},"author":1,"featured_media":3890,"parent":24105,"menu_order":0,"comment_status":"closed","ping_status":"closed","template":"elementor_theme","meta":{"_eb_attr":"","footnotes":""},"class_list":["post-9661","page","type-page","status-publish","has-post-thumbnail"],"_links":{"self":[{"href":"https:\/\/travelshelper.com\/pl\/wp-json\/wp\/v2\/pages\/9661","targetHints":{"allow":["GET"]}}],"collection":[{"href":"https:\/\/travelshelper.com\/pl\/wp-json\/wp\/v2\/pages"}],"about":[{"href":"https:\/\/travelshelper.com\/pl\/wp-json\/wp\/v2\/types\/page"}],"author":[{"embeddable":true,"href":"https:\/\/travelshelper.com\/pl\/wp-json\/wp\/v2\/users\/1"}],"replies":[{"embeddable":true,"href":"https:\/\/travelshelper.com\/pl\/wp-json\/wp\/v2\/comments?post=9661"}],"version-history":[{"count":0,"href":"https:\/\/travelshelper.com\/pl\/wp-json\/wp\/v2\/pages\/9661\/revisions"}],"up":[{"embeddable":true,"href":"https:\/\/travelshelper.com\/pl\/wp-json\/wp\/v2\/pages\/24105"}],"wp:featuredmedia":[{"embeddable":true,"href":"https:\/\/travelshelper.com\/pl\/wp-json\/wp\/v2\/media\/3890"}],"wp:attachment":[{"href":"https:\/\/travelshelper.com\/pl\/wp-json\/wp\/v2\/media?parent=9661"}],"curies":[{"name":"wp","href":"https:\/\/api.w.org\/{rel}","templated":true}]}}