{"id":9641,"date":"2024-09-08T20:35:23","date_gmt":"2024-09-08T20:35:23","guid":{"rendered":"https:\/\/travelshelper.com\/staging\/?page_id=9641"},"modified":"2026-03-13T23:10:46","modified_gmt":"2026-03-13T23:10:46","slug":"palau","status":"publish","type":"page","link":"https:\/\/travelshelper.com\/pl\/destinations\/australia-and-oceania\/palau\/","title":{"rendered":"Palau"},"content":{"rendered":"<p>Palau, oficjalnie znane jako Republika Palau, to urzekaj\u0105cy wyspiarski kraj po\u0142o\u017cony w podregionie Mikronezji w Oceanii, po\u0142o\u017conym na zachodnim Oceanie Spokojnym. Sk\u0142adaj\u0105ca si\u0119 z oko\u0142o 340 wysp, ta zaczarowana republika tworzy osza\u0142amiaj\u0105cy archipelag rozci\u0105gaj\u0105cy si\u0119 na zachodnim \u0142a\u0144cuchu Wysp Karoli\u0144skich z obszarami Sfederowanych Stan\u00f3w Mikronezji. Cho\u0107 ma\u0142e, Palau jest krajem pe\u0142nym naturalnego pi\u0119kna, historii i kultury.<\/p>\n<p>Z powierzchni\u0105 466 kilometr\u00f3w kwadratowych (180 mil kwadratowych) Palau jest czwartym najmniejszym krajem na \u015bwiecie. Cho\u0107 niewielkie pod wzgl\u0119dem powierzchni, wyspy maj\u0105 zr\u00f3\u017cnicowan\u0105 sceneri\u0119, od nieskazitelnych pla\u017c po bogate tropikalne lasy i \u017cywe rafy koralowe. Maj\u0105c t\u0119 \u200b\u200bsam\u0105 nazw\u0119, Koror jest najbardziej zaludnion\u0105 wysp\u0105 i miejscem po\u0142o\u017cenia najwi\u0119kszego miasta w kraju. W stanie Melekeok stolica, Ngerulmud, znajduje si\u0119 na najwi\u0119kszej wyspie, Babeldaob. Strategiczne po\u0142o\u017cenie Palau sprawia, \u017ce \u200b\u200bznajduje si\u0119 ono blisko licznych mi\u0119dzynarodowych granic morskich; dzieli je ze Sfederowanymi Stanami Mikronezji na wschodzie, Indonezj\u0105 na po\u0142udniu i Filipinami na p\u00f3\u0142nocnym zachodzie.<\/p>\n<p>Tak bogata i r\u00f3\u017cnorodna jak topografia Palau, jest jego historia. Pierwotnie skolonizowane przez imigrant\u00f3w z nadmorskiej Azji Po\u0142udniowo-Wschodniej oko\u0142o 3000 lat temu, wyspy Palau, charakterystyczna kulturowa mozaika, wywodzi si\u0119 z tej wczesnej spo\u0142eczno\u015bci. Dzi\u0119ki pracy czeskiego misjonarza Paula Kleina, kt\u00f3ry opisa\u0142 wyspy, opieraj\u0105c si\u0119 na opowie\u015bciach rozbitk\u00f3w z Palau, kt\u00f3rzy dotarli do filipi\u0144skiego brzegu na Samar, pojawi\u0142y si\u0119 one po raz pierwszy na europejskiej mapie.<\/p>\n<p>Palau do\u0142\u0105czy\u0142o do Hiszpa\u0144skich Indii Wschodnich w 1885 r., inicjuj\u0105c tym samym wp\u0142ywy europejskie. Jednak na mocy traktatu niemiecko-hiszpa\u0144skiego Niemcy kupi\u0142y wyspy od Hiszpanii po jej stracie w wojnie hiszpa\u0144sko-ameryka\u0144skiej w 1898 r. Przez ca\u0142y ten czas by\u0142y one przekazywane pod panowanie Nowej Gwinei Niemieckiej. Na mocy Mandatu M\u00f3rz Po\u0142udniowych Ligi Narod\u00f3w wyspy przesz\u0142y pod panowanie japo\u0144skie po I wojnie \u015bwiatowej.<\/p>\n<p>W zwi\u0105zku z intensywnymi starciami mi\u0119dzy si\u0142ami ameryka\u0144skimi i japo\u0144skimi w ramach kampanii na wyspach Mariana i Palau, II wojna \u015bwiatowa przynios\u0142a Palau powa\u017cne konflikty. Palau do\u0142\u0105czy\u0142o do zarz\u0105dzanego przez Stany Zjednoczone Terytorium Powierniczego Wysp Pacyfiku w 1947 r. podczas II wojny \u015bwiatowej. Palau w referendum w 1978 r. nie przy\u0142\u0105czy\u0142o si\u0119 do Sfederowanych Stan\u00f3w Mikronezji, uzyskuj\u0105c w ten spos\u00f3b pe\u0142n\u0105 suwerenno\u015b\u0107 w 1994 r. na mocy Paktu o Wolnym Stowarzyszeniu ze Stanami Zjednoczonymi w wyra\u017anym przesuni\u0119ciu w kierunku samostanowienia.<\/p>\n<p>Palau funkcjonuje obecnie jako republika prezydencka w wolnym stowarzyszeniu ze Stanami Zjednoczonymi. To powi\u0105zanie gwarantuje, \u017ce Stany Zjednoczone zapewniaj\u0105 obron\u0119, pieni\u0105dze i dost\u0119p do us\u0142ug socjalnych, tworz\u0105c w ten spos\u00f3b stabilne \u015brodowisko polityczne. Dwuizbowy Kongres Narodowy Palau ma ustanowion\u0105 w\u0142adz\u0119 ustawodawcz\u0105 i dlatego jest do\u015b\u0107 wa\u017cny w kszta\u0142towaniu polityki kraju.<\/p>\n<p>Ekonomicznie Palau opiera si\u0119 g\u0142\u00f3wnie na rybo\u0142\u00f3wstwie, rolnictwie na w\u0142asne potrzeby i turystyce. Zapieraj\u0105ce dech w piersiach pi\u0119kno natury wysp \u2014 w tym \u015bwiatowej klasy miejsca do nurkowania \u2014 przyci\u0105ga turyst\u00f3w z ca\u0142ego \u015bwiata. Odzwierciedlaj\u0105c warto\u015b\u0107 globalnych sojuszy w utrzymaniu gospodarki Palau, znaczna cz\u0119\u015b\u0107 jego produktu narodowego brutto (PNB) pochodzi z pomocy zagranicznej. Oficjaln\u0105 walut\u0105 jest dolar ameryka\u0144ski, co wzmacnia powi\u0105zania z gospodark\u0105 ameryka\u0144sk\u0105.<\/p>\n<p>W kulturze Palau jest mn\u00f3stwo element\u00f3w mikronezyjskich, melanezyjskich, azjatyckich i zachodnich. Etniczni Palauanie \u2014 kt\u00f3rzy maj\u0105 mieszane pochodzenie mikronezyjskie, melanezyjskie i austronezyjskie \u2014 stanowi\u0105 wi\u0119kszo\u015b\u0107 populacji. Scena j\u0119zykowa kraju r\u00f3wnie\u017c odzwierciedla t\u0119 r\u00f3\u017cnorodno\u015b\u0107 kultur. Oficjalnie angielski i palaua\u0144ski, cz\u0119\u015b\u0107 rodziny j\u0119zyk\u00f3w austronezyjskich, uznawane za j\u0119zyki regionalne obejmuj\u0105 r\u00f3wnie\u017c japo\u0144ski, sonsorolese i tobian, co podkre\u015bla kosmopolityczny charakter narodu.<\/p>","protected":false},"excerpt":{"rendered":"<p>Palau, oficjalnie znane jako Republika Palau, to urzekaj\u0105cy wyspiarski kraj po\u0142o\u017cony w podregionie Mikronezji w Oceanii, po\u0142o\u017conym na zachodnim Oceanie Spokojnym. Sk\u0142adaj\u0105ca si\u0119 z oko\u0142o 340 wysp, ta zaczarowana republika tworzy osza\u0142amiaj\u0105cy archipelag rozci\u0105gaj\u0105cy si\u0119 na zachodnim \u0142a\u0144cuchu Wysp Karoli\u0144skich z obszarami Sfederowanych Stan\u00f3w Mikronezji. Cho\u0107 ma\u0142e, Palau jest krajem pe\u0142nym naturalnego pi\u0119kna, historii i kultury.<\/p>","protected":false},"author":1,"featured_media":3589,"parent":24105,"menu_order":0,"comment_status":"closed","ping_status":"closed","template":"elementor_theme","meta":{"_eb_attr":"","footnotes":""},"class_list":["post-9641","page","type-page","status-publish","has-post-thumbnail"],"_links":{"self":[{"href":"https:\/\/travelshelper.com\/pl\/wp-json\/wp\/v2\/pages\/9641","targetHints":{"allow":["GET"]}}],"collection":[{"href":"https:\/\/travelshelper.com\/pl\/wp-json\/wp\/v2\/pages"}],"about":[{"href":"https:\/\/travelshelper.com\/pl\/wp-json\/wp\/v2\/types\/page"}],"author":[{"embeddable":true,"href":"https:\/\/travelshelper.com\/pl\/wp-json\/wp\/v2\/users\/1"}],"replies":[{"embeddable":true,"href":"https:\/\/travelshelper.com\/pl\/wp-json\/wp\/v2\/comments?post=9641"}],"version-history":[{"count":0,"href":"https:\/\/travelshelper.com\/pl\/wp-json\/wp\/v2\/pages\/9641\/revisions"}],"up":[{"embeddable":true,"href":"https:\/\/travelshelper.com\/pl\/wp-json\/wp\/v2\/pages\/24105"}],"wp:featuredmedia":[{"embeddable":true,"href":"https:\/\/travelshelper.com\/pl\/wp-json\/wp\/v2\/media\/3589"}],"wp:attachment":[{"href":"https:\/\/travelshelper.com\/pl\/wp-json\/wp\/v2\/media?parent=9641"}],"curies":[{"name":"wp","href":"https:\/\/api.w.org\/{rel}","templated":true}]}}