{"id":9629,"date":"2024-09-08T20:15:04","date_gmt":"2024-09-08T20:15:04","guid":{"rendered":"https:\/\/travelshelper.com\/staging\/?page_id=9629"},"modified":"2026-03-13T22:57:27","modified_gmt":"2026-03-13T22:57:27","slug":"kiribati","status":"publish","type":"page","link":"https:\/\/travelshelper.com\/pl\/destinations\/australia-and-oceania\/kiribati\/","title":{"rendered":"Kiribati"},"content":{"rendered":"<p>Oficjalnie Republika Kiribati, Kiribati znajduje si\u0119 w podregionie Mikronezji w Oceanii. Kiribati ma populacj\u0119 119 000 os\u00f3b wed\u0142ug spisu z 2020 r.; ponad po\u0142owa z nich mieszka na atolu Tarawa. Sk\u0142adaj\u0105cy si\u0119 z 32 atoli i jednej odizolowanej, podwy\u017cszonej wyspy koralowej, Banaba, kraj jest archipelagiem o powierzchni 811 kilometr\u00f3w kwadratowych (313 mil kwadratowych). Kiribati, ze swoim stosunkowo ma\u0142ym l\u0105dem, zajmuje du\u017cy obszar oceaniczny o powierzchni 3 441 810 kilometr\u00f3w kwadratowych (1 328 890 mil kwadratowych).<\/p>\n<p>B\u0119d\u0105c jedynym krajem na \u015bwiecie po\u0142o\u017conym na wszystkich czterech p\u00f3\u0142kulach \u2014 p\u00f3\u0142nocnej, po\u0142udniowej, zachodniej i wschodniej \u2014 Kiribati ma szczeg\u00f3ln\u0105 r\u00f3\u017cnic\u0119 topograficzn\u0105. Wynika to z jego rozci\u0105gni\u0119cia na 180. po\u0142udniku i r\u00f3wniku. Nietypowo okr\u0105\u017caj\u0105c Kiribati, Mi\u0119dzynarodowa Linia Zmiany Daty odbywa d\u0142ug\u0105 podr\u00f3\u017c na wsch\u00f3d, prawie do 150\u00b0W. Najbardziej wysuni\u0119te na wsch\u00f3d wyspy Kiribati, po\u0142udniowe Wyspy Linii, s\u0105 jednymi z pierwszych, kt\u00f3re widz\u0105 ka\u017cdy nowy dzie\u0144 na \u015bwiecie, o UTC+14, poniewa\u017c znajduj\u0105 si\u0119 w tej samej strefie czasowej co Wyspy Gilberta.<\/p>\n<p>Kiribati sta\u0142o si\u0119 niepodleg\u0142ym pa\u0144stwem, gdy oderwa\u0142o si\u0119 od Zjednoczonego Kr\u00f3lestwa w 1979 r. Sk\u0142adaj\u0105ce si\u0119 z wielu wysepek po\u0142\u0105czonych groblami, g\u0142\u00f3wne miasto, South Tarawa, jest najg\u0119\u015bciej zaludnionym miejscem w atolu Tarawa. Eksport fosforan\u00f3w w znacznym stopniu pom\u00f3g\u0142 gospodarce Kiribati przed uzyskaniem niepodleg\u0142o\u015bci, jednak zasoby te w\u0142a\u015bnie si\u0119 wyczerpa\u0142y. Obecnie gospodarka opiera si\u0119 g\u0142\u00f3wnie na rybo\u0142\u00f3wstwie i eksporcie kopry; pomoc mi\u0119dzynarodowa jest do\u015b\u0107 wa\u017cna, poniewa\u017c kraj ten nale\u017cy do najmniej rozwini\u0119tych na \u015bwiecie.<\/p>\n<p>W\u015br\u00f3d r\u00f3\u017cnych organizacji mi\u0119dzynarodowych, w kt\u00f3rych Kiribati aktywnie uczestniczy, znajduj\u0105 si\u0119: Wsp\u00f3lnota Pacyfiku, Wsp\u00f3lnota Narod\u00f3w, Mi\u0119dzynarodowy Fundusz Walutowy, Bank \u015awiatowy i Organizacja Pa\u0144stw Afryki, Karaib\u00f3w i Pacyfiku. W 1999 r. Kiribati sta\u0142o si\u0119 pe\u0142noprawnym cz\u0142onkiem ONZ. Kiribati jest szczeg\u00f3lnie wra\u017cliwe jako pa\u0144stwo wyspiarskie na skutki tsunami i zmiany klimatu. Zw\u0142aszcza jako cz\u0142onek Sojuszu Ma\u0142ych Pa\u0144stw Wyspiarskich, jego strategia dyplomatyczna koncentruje si\u0119 g\u0142\u00f3wnie na pokonywaniu tych przeszk\u00f3d.<\/p>\n<p>Trzy nieci\u0105g\u0142e tradycyjne podregiony geograficzne obejmuj\u0105 du\u017c\u0105 wy\u0142\u0105czn\u0105 stref\u0119 ekonomiczn\u0105 (EEZ) kraju: Banaba (obszar melanezyjsko-mikronezyjski), Wyspy Gilberta (Mikronezja) oraz Wyspy Line i Phoenix (Polinezja). Spo\u0142eczno\u015bci wyspiarskie sk\u0142adaj\u0105 si\u0119 z:<\/p>\n<ul>\n<li>Banaba: Odizolowana wyspa mi\u0119dzy Nauru a Wyspami Gilberta.<\/li>\n<li>Wyspy Gilberta: Sk\u0142adaj\u0105 si\u0119 z 16 atoli, po\u0142o\u017conych oko\u0142o 1500 kilometr\u00f3w (932 mile) na p\u00f3\u0142noc od Fid\u017ci.<\/li>\n<li>Wyspy Phoenix: Sk\u0142adaj\u0105 si\u0119 z 8 atoli i wysp koralowych, po\u0142o\u017conych oko\u0142o 1800 kilometr\u00f3w (1118 mil) na po\u0142udniowy wsch\u00f3d od Wysp Gilberta.<\/li>\n<li>Line Islands: Sk\u0142ada si\u0119 z 8 atoli i jednej rafy, znajduje si\u0119 oko\u0142o 3300 kilometr\u00f3w (2051 mil) na wsch\u00f3d od Wysp Gilberta.<\/li>\n<\/ul>\n<p>Air Kiribati i Coral Sun Airways z siedzib\u0105 na mi\u0119dzynarodowym lotnisku Bonriki w Tarawie obs\u0142uguj\u0105 g\u0142\u00f3wnie krajowe loty do Kiribati. Chocia\u017c Banaba i Wyspy Phoenix nie s\u0105 obs\u0142ugiwane przez te linie lotnicze, \u0142\u0105cz\u0105 one kilka wysp na Wyspach Gilberta i Line. Z mi\u0119dzynarodowego lotniska Cassidy na Kiritimati s\u0105 loty mi\u0119dzynarodowe; Fiji Airways lata do Nadi i Honolulu.<\/p>\n<p>Kiribati, cz\u0119sto nazywane I-Kiribati, historycznie zamieszkiwa\u0142o ma\u0142e osady na wyspach przybrze\u017cnych, kt\u00f3rych liczba waha\u0142a si\u0119 od 50 do 3000. Zazwyczaj do budowy dom\u00f3w u\u017cywa si\u0119 produkt\u00f3w z drzewa kokosowego i pandanowego. Wiele wysp jest zale\u017cnych od morza pod wzgl\u0119dem \u017cywno\u015bci i pieni\u0119dzy, poniewa\u017c regularne susze i z\u0142e warunki glebowe utrudniaj\u0105 upraw\u0119 na du\u017c\u0105 skal\u0119. Typowe \u017ar\u00f3d\u0142a utrzymania to \u017ceglarstwo i rybo\u0142\u00f3wstwo; farmy kopry zapewniaj\u0105 inne perspektywy zatrudnienia.<\/p>\n<p>Betio jest najwi\u0119kszym miastem w stolicy miejskiej Tarawy, gdzie ostatnio nast\u0105pi\u0142 znaczny nap\u0142yw ludno\u015bci. Od 17 921 w 1978 r. do prognozowanych 69 710 w 2024 r. populacja Po\u0142udniowej Tarawy wzros\u0142a. Etnicznie Oceanianie, podgrupa Austronezyjczyk\u00f3w, I-Kiribati maj\u0105 tysi\u0105cletni\u0105 histori\u0119 zamieszkania. Oko\u0142o XIV wieku Fid\u017ci, Samoa\u0144czycy i Tonga\u0144czycy najechali wyspy, przynosz\u0105c cechy j\u0119zyka polinezyjskiego, a tym samym r\u00f3\u017cnicuj\u0105c scen\u0119 etniczn\u0105. Mieszane ma\u0142\u017ce\u0144stwa mi\u0119dzy kilkoma grupami stworzy\u0142y lud o do\u015b\u0107 jednolitym wygl\u0105dzie i zwyczajach.<\/p>","protected":false},"excerpt":{"rendered":"<p>Oficjalnie Republika Kiribati, Kiribati znajduje si\u0119 w podregionie Mikronezji w Oceanii. Kiribati ma populacj\u0119 119 000 os\u00f3b wed\u0142ug spisu z 2020 r.; ponad po\u0142owa z nich mieszka na atolu Tarawa. Sk\u0142adaj\u0105cy si\u0119 z 32 atoli i jednej odizolowanej, podwy\u017cszonej wyspy koralowej, Banaba, kraj jest archipelagiem o powierzchni 811 kilometr\u00f3w kwadratowych (313 mil kwadratowych). Kiribati, ze swoim stosunkowo ma\u0142ym l\u0105dem, zajmuje du\u017cy obszar oceaniczny o powierzchni 3 441 810 kilometr\u00f3w kwadratowych (1 328 890 mil kwadratowych).<\/p>","protected":false},"author":1,"featured_media":4614,"parent":24105,"menu_order":0,"comment_status":"closed","ping_status":"closed","template":"elementor_theme","meta":{"_eb_attr":"","footnotes":""},"class_list":["post-9629","page","type-page","status-publish","has-post-thumbnail"],"_links":{"self":[{"href":"https:\/\/travelshelper.com\/pl\/wp-json\/wp\/v2\/pages\/9629","targetHints":{"allow":["GET"]}}],"collection":[{"href":"https:\/\/travelshelper.com\/pl\/wp-json\/wp\/v2\/pages"}],"about":[{"href":"https:\/\/travelshelper.com\/pl\/wp-json\/wp\/v2\/types\/page"}],"author":[{"embeddable":true,"href":"https:\/\/travelshelper.com\/pl\/wp-json\/wp\/v2\/users\/1"}],"replies":[{"embeddable":true,"href":"https:\/\/travelshelper.com\/pl\/wp-json\/wp\/v2\/comments?post=9629"}],"version-history":[{"count":0,"href":"https:\/\/travelshelper.com\/pl\/wp-json\/wp\/v2\/pages\/9629\/revisions"}],"up":[{"embeddable":true,"href":"https:\/\/travelshelper.com\/pl\/wp-json\/wp\/v2\/pages\/24105"}],"wp:featuredmedia":[{"embeddable":true,"href":"https:\/\/travelshelper.com\/pl\/wp-json\/wp\/v2\/media\/4614"}],"wp:attachment":[{"href":"https:\/\/travelshelper.com\/pl\/wp-json\/wp\/v2\/media?parent=9629"}],"curies":[{"name":"wp","href":"https:\/\/api.w.org\/{rel}","templated":true}]}}