{"id":9611,"date":"2024-09-08T19:59:37","date_gmt":"2024-09-08T19:59:37","guid":{"rendered":"https:\/\/travelshelper.com\/staging\/?page_id=9611"},"modified":"2026-03-13T22:56:56","modified_gmt":"2026-03-13T22:56:56","slug":"wyspy-marshalla","status":"publish","type":"page","link":"https:\/\/travelshelper.com\/pl\/destinations\/australia-and-oceania\/marshall-islands\/","title":{"rendered":"Wyspy Marshalla"},"content":{"rendered":"<p>Wyspy Marshalla, w j\u0119zyku marszalskim nazywane \u1e42aje\u1e37, oficjalnie znane jako Republika Wysp Marshalla (Aolep\u0101n Aor\u014dkin \u1e42aje\u1e37), to suwerenne pa\u0144stwo wyspiarskie po\u0142o\u017cone w regionie Mikronezji na p\u00f3\u0142nocno-zachodnim Oceanie Spokojnym. Po\u0142o\u017cone na zach\u00f3d od Mi\u0119dzynarodowej Linii Zmiany Daty i na p\u00f3\u0142noc od r\u00f3wnika, Wyspy Marshalla to wyj\u0105tkowy kraj o bogatej historii i unikalnych cechach geograficznych. Kraj sk\u0142ada si\u0119 z 29 atoli koralowych i pi\u0119ciu wysp, podzielonych na dwa \u0142a\u0144cuchy wysp: Ratak na wschodzie i Ralik na zachodzie. Warto zauwa\u017cy\u0107, \u017ce 97,87% terytorium kraju sk\u0142ada si\u0119 z wody, co czyni go suwerennym pa\u0144stwem o najwy\u017cszym stosunku wody do l\u0105du.<\/p>\n<p>Wyspy Marshalla maj\u0105 granice morskie z wieloma terytoriami i narodami: Wake Island na p\u00f3\u0142nocy, Kiribati na po\u0142udniowym wschodzie, Nauru na po\u0142udniu i Sfederowane Stany Mikronezji na zachodzie. Majuro, stolica i najwi\u0119ksze miasto, mie\u015bci oko\u0142o pi\u0119\u0107dziesi\u0105t procent populacji kraju, pe\u0142ni\u0105c funkcj\u0119 politycznego i gospodarczego centrum.<\/p>\n<p>Historia Wysp Marshalla jest zasadniczo zakorzeniona w austronezyjskiej migracji, kt\u00f3ra przyby\u0142a na wyspy ju\u017c w II tysi\u0105cleciu p.n.e. Pierwsi imigranci przywie\u017ali uprawy z Azji Po\u0142udniowo-Wschodniej, takie jak kokosy, ogromne taro bagienne i chlebowiec, a tak\u017ce udomowione dr\u00f3b, dzi\u0119ki czemu wyspy sta\u0142y si\u0119 na sta\u0142e zamieszka\u0142e. Kilka hiszpa\u0144skich wypraw dotar\u0142o na wyspy w po\u0142owie XVI wieku; jednak hiszpa\u0144skie galeony zazwyczaj \u017ceglowa\u0142y szlakiem Pacyfiku dalej na p\u00f3\u0142noc, omijaj\u0105c w ten spos\u00f3b Wyspy Marshalla.<\/p>\n<p>Wyspy zosta\u0142y nazwane na cze\u015b\u0107 brytyjskiego kapitana Johna Marshalla, kt\u00f3ry przeprowadzi\u0142 eksploracj\u0119 tego obszaru w 1788 roku. W latach 50. XIX wieku ameryka\u0144scy misjonarze protestanccy i zachodni interesy handlowe rozpocz\u0119\u0142y swoje przybycie, co oznacza\u0142o pocz\u0105tek znacznych wp\u0142yw\u00f3w zagranicznych. W latach 70. i 80. XIX wieku niemieccy handlarze kopr\u0105 dominowali w gospodarce, co doprowadzi\u0142o do aneksji Wysp Marshalla przez Cesarstwo Niemieckie jako protektoratu w 1885 roku. Podczas I wojny \u015bwiatowej Cesarstwo Japonii najecha\u0142o wyspy, kt\u00f3re nast\u0119pnie sta\u0142y si\u0119 cz\u0119\u015bci\u0105 Japo\u0144skiego Mandatu M\u00f3rz Po\u0142udniowych po wojnie. Po II wojnie \u015bwiatowej Stany Zjednoczone przej\u0119\u0142y w\u0142adz\u0119 i zarz\u0105dza\u0142y wyspami jako cz\u0119\u015bci\u0105 Terytorium Powierniczego Wysp Pacyfiku. W latach 1946\u20131958 Stany Zjednoczone przeprowadzi\u0142y 67 test\u00f3w nuklearnych na atolu Bikini i atolu Enewetak, co mia\u0142o g\u0142\u0119boki wp\u0142yw na wyspy.<\/p>\n<p>D\u0105\u017cenie do samorz\u0105dno\u015bci rozpocz\u0119\u0142o si\u0119 od ustanowienia Kongresu Mikronezji w 1965 r., kt\u00f3rego celem by\u0142o zwi\u0119kszenie autonomii wysp Pacyfiku. W maju 1979 r. Stany Zjednoczone uzna\u0142y konstytucj\u0119 Wysp Marshalla i jej prezydenta, Amat\u0119 Kabu\u0119, przyznaj\u0105c w ten spos\u00f3b niepodleg\u0142o\u015b\u0107 narodowi. Ca\u0142kowita suwerenno\u015b\u0107 zosta\u0142a osi\u0105gni\u0119ta na mocy Paktu o wolnym stowarzyszeniu ze Stanami Zjednoczonymi, kt\u00f3ry oferowa\u0142 obron\u0119, wsparcie finansowe i dost\u0119p do instytucji ameryka\u0144skich, takich jak Federal Communications Commission i United States Postal Service. Wyspy Marshalla s\u0105 cz\u0142onkiem Wsp\u00f3lnoty Pacyfiku od 1983 r. i sta\u0142y si\u0119 cz\u0142onkiem Organizacji Narod\u00f3w Zjednoczonych w 1991 r.<\/p>\n<p>Gospodarka Wysp Marshalla jest w przewa\u017caj\u0105cej mierze zorientowana na us\u0142ugi, uzupe\u0142niana rybo\u0142\u00f3wstwem i rolnictwem, przy czym znaczna pomoc finansowa ze Stan\u00f3w Zjednoczonych stanowi znaczn\u0105 cz\u0119\u015b\u0107 PKB. Pomoc finansowa udzielona przez Compact of Free Association, pierwotnie planowana do zako\u0144czenia w 2023 r., zosta\u0142a przed\u0142u\u017cona o kolejne 20 lat. Nar\u00f3d u\u017cywa dolara ameryka\u0144skiego jako swojej waluty i zadeklarowa\u0142 w 2018 r. zamiar wdro\u017cenia nowej kryptowaluty jako legalnego pieni\u0105dza.<\/p>\n<p>Populacja Wysp Marshalla sk\u0142ada si\u0119 g\u0142\u00f3wnie z os\u00f3b pochodzenia marshallskiego, obok mniejszych spo\u0142eczno\u015bci imigrant\u00f3w ze Stan\u00f3w Zjednoczonych, Chin, Filipin i innych wysp Pacyfiku. J\u0119zykami urz\u0119dowymi s\u0105 marshallese i angielski, uciele\u015bniaj\u0105c dziedzictwo kulturowe i historyczne powi\u0105zania narodu. Religia jest integraln\u0105 cz\u0119\u015bci\u0105 kultury, a prawie ca\u0142a populacja wyznaje jaki\u015b rodzaj systemu wierze\u0144. Przewa\u017caj\u0105cymi afiliacjami s\u0105 Zjednoczony Ko\u015bci\u00f3\u0142 Chrystusowy \u2013 Kongregacjonalny na Wyspach Marshalla lub Zbory Bo\u017ce.<\/p>","protected":false},"excerpt":{"rendered":"<p>Wyspy Marshalla, w j\u0119zyku marszalskim nazywane \u1e42aje\u1e37, oficjalnie znane jako Republika Wysp Marshalla (Aolep\u0101n Aor\u014dkin \u1e42aje\u1e37), to suwerenne pa\u0144stwo wyspiarskie po\u0142o\u017cone w regionie Mikronezji na p\u00f3\u0142nocno-zachodnim Oceanie Spokojnym. Po\u0142o\u017cone na zach\u00f3d od Mi\u0119dzynarodowej Linii Zmiany Daty i na p\u00f3\u0142noc od r\u00f3wnika, Wyspy Marshalla to wyj\u0105tkowy kraj o bogatej historii i unikalnych cechach geograficznych. Kraj sk\u0142ada si\u0119 z 29 atoli koralowych i pi\u0119ciu wysp, podzielonych na dwa \u0142a\u0144cuchy wysp: Ratak na wschodzie i Ralik na zachodzie. Warto zauwa\u017cy\u0107, \u017ce 97,87% terytorium kraju sk\u0142ada si\u0119 z wody, co czyni go suwerennym pa\u0144stwem o najwy\u017cszym stosunku wody do l\u0105du.<\/p>","protected":false},"author":1,"featured_media":3354,"parent":24105,"menu_order":0,"comment_status":"closed","ping_status":"closed","template":"elementor_theme","meta":{"_eb_attr":"","footnotes":""},"class_list":["post-9611","page","type-page","status-publish","has-post-thumbnail"],"_links":{"self":[{"href":"https:\/\/travelshelper.com\/pl\/wp-json\/wp\/v2\/pages\/9611","targetHints":{"allow":["GET"]}}],"collection":[{"href":"https:\/\/travelshelper.com\/pl\/wp-json\/wp\/v2\/pages"}],"about":[{"href":"https:\/\/travelshelper.com\/pl\/wp-json\/wp\/v2\/types\/page"}],"author":[{"embeddable":true,"href":"https:\/\/travelshelper.com\/pl\/wp-json\/wp\/v2\/users\/1"}],"replies":[{"embeddable":true,"href":"https:\/\/travelshelper.com\/pl\/wp-json\/wp\/v2\/comments?post=9611"}],"version-history":[{"count":0,"href":"https:\/\/travelshelper.com\/pl\/wp-json\/wp\/v2\/pages\/9611\/revisions"}],"up":[{"embeddable":true,"href":"https:\/\/travelshelper.com\/pl\/wp-json\/wp\/v2\/pages\/24105"}],"wp:featuredmedia":[{"embeddable":true,"href":"https:\/\/travelshelper.com\/pl\/wp-json\/wp\/v2\/media\/3354"}],"wp:attachment":[{"href":"https:\/\/travelshelper.com\/pl\/wp-json\/wp\/v2\/media?parent=9611"}],"curies":[{"name":"wp","href":"https:\/\/api.w.org\/{rel}","templated":true}]}}