{"id":9598,"date":"2024-09-08T19:45:06","date_gmt":"2024-09-08T19:45:06","guid":{"rendered":"https:\/\/travelshelper.com\/staging\/?page_id=9598"},"modified":"2026-03-13T22:54:30","modified_gmt":"2026-03-13T22:54:30","slug":"nauru","status":"publish","type":"page","link":"https:\/\/travelshelper.com\/pl\/destinations\/australia-and-oceania\/nauru\/","title":{"rendered":"Nauru"},"content":{"rendered":"<p>Nauru, oficjalnie znane jako Republika Nauru, jest ma\u0142ym krajem wyspiarskim i mikropa\u0144stwem po\u0142o\u017conym w Mikronezji, cz\u0119\u015bci rozleg\u0142ego regionu Oceanii na Centralnym Pacyfiku. Znane historycznie jako Pleasant Island, Nauru jest wyj\u0105tkowym krajem o bogatej historii i z\u0142o\u017conym krajobrazie spo\u0142eczno-ekonomicznym. Jego najbli\u017cszym s\u0105siadem jest wyspa Banaba w Kiribati, po\u0142o\u017cona oko\u0142o 300 kilometr\u00f3w (190 mil) na wsch\u00f3d. Geograficznie Nauru jest po\u0142o\u017cone na p\u00f3\u0142nocny zach\u00f3d od Tuvalu, 1300 kilometr\u00f3w (810 mil) na p\u00f3\u0142nocny wsch\u00f3d od Wysp Salomona, na wsch\u00f3d-p\u00f3\u0142nocny wsch\u00f3d od Papui-Nowej Gwinei, na po\u0142udniowy wsch\u00f3d od Sfederowanych Stan\u00f3w Mikronezji i na po\u0142udnie od Wysp Marshalla.<\/p>\n<p>Z ca\u0142kowit\u0105 powierzchni\u0105 l\u0105dow\u0105 wynosz\u0105c\u0105 zaledwie 21 kilometr\u00f3w kwadratowych (8,1 mil kwadratowych), Nauru wyr\u00f3\u017cnia si\u0119 jako trzeci najmniejszy kraj na \u015bwiecie, wi\u0119kszy jedynie od Watykanu i Monako. To czyni go najmniejsz\u0105 republik\u0105 i wyspiarskim pa\u0144stwem na \u015bwiecie, a tak\u017ce najmniejszym pa\u0144stwem cz\u0142onkowskim Wsp\u00f3lnoty Narod\u00f3w pod wzgl\u0119dem powierzchni. Pomimo niewielkich rozmiar\u00f3w, Nauru jest domem dla oko\u0142o 10 800 os\u00f3b, co plasuje je jako trzeci\u0105 najmniejsz\u0105 populacj\u0119 na \u015bwiecie, nie licz\u0105c kolonii lub terytori\u00f3w zamorskich. Jako cz\u0142onek Organizacji Narod\u00f3w Zjednoczonych, Wsp\u00f3lnoty Narod\u00f3w i Organizacji Pa\u0144stw Afryki, Karaib\u00f3w i Pacyfiku, Nauru odgrywa rol\u0119 w mi\u0119dzynarodowej dyplomacji i wsp\u00f3\u0142pracy.<\/p>\n<p>Historia Nauru si\u0119ga oko\u0142o 1000 r. p.n.e., kiedy to po raz pierwszy zasiedlili j\u0105 Mikronezyjczycy. Strategiczne po\u0142o\u017cenie i zasoby wyspy przyci\u0105gn\u0119\u0142y uwag\u0119 mocarstw kolonialnych, a pod koniec XIX wieku zosta\u0142a ona zaanektowana i uznana za koloni\u0119 przez Cesarstwo Niemieckie. Po I wojnie \u015bwiatowej Nauru sta\u0142o si\u0119 mandatem Ligi Narod\u00f3w, administrowanym przez Australi\u0119, Now\u0105 Zelandi\u0119 i Zjednoczone Kr\u00f3lestwo. Podczas II wojny \u015bwiatowej wojska japo\u0144skie zaj\u0119\u0142y Nauru, a wyspa zosta\u0142a omini\u0119ta przez post\u0119p aliant\u00f3w przez Pacyfik. Po wojnie Nauru przesz\u0142o pod opiek\u0119 Organizacji Narod\u00f3w Zjednoczonych, ostatecznie uzyskuj\u0105c niepodleg\u0142o\u015b\u0107 w 1968 r.<\/p>\n<p>W ostatnich dekadach relacje Nauru z Australi\u0105 by\u0142y szczeg\u00f3lnie znacz\u0105ce. Od 2001 r. kraj ten przyj\u0105\u0142 pomoc od rz\u0105du Australii w zamian za przyj\u0119cie Nauru Regional Processing Centre, australijskiego o\u015brodka zatrzyma\u0144 dla imigrant\u00f3w. Ta umowa by\u0142a kontrowersyjna i sk\u0142oni\u0142a niekt\u00f3rych do opisania Nauru jako pa\u0144stwa klienckiego Australii ze wzgl\u0119du na jego silne uzale\u017cnienie od australijskiego wsparcia.<\/p>\n<p>Gospodarka Nauru historycznie skupia\u0142a si\u0119 wok\u00f3\u0142 bogatych z\u0142\u00f3\u017c ska\u0142 fosforanowych, kt\u00f3re by\u0142y \u0142atwo dost\u0119pne dla g\u00f3rnictwa odkrywkowego. Przez ponad stulecie g\u00f3rnictwo fosforan\u00f3w stanowi\u0142o kr\u0119gos\u0142up gospodarki Nauru, zapewniaj\u0105c znaczne bogactwo i mo\u017cliwo\u015bci rozwoju. Jednak wp\u0142yw rozleg\u0142ego g\u00f3rnictwa na \u015brodowisko by\u0142 niszczycielski, prowadz\u0105c do powa\u017cnej degradacji ekologicznej. W latach 90. rezerwy fosforan\u00f3w zosta\u0142y w du\u017cej mierze wyczerpane, a pozosta\u0142e z\u0142o\u017ca nie s\u0105 ekonomicznie op\u0142acalne do wydobycia. Ta sytuacja sprawi\u0142a, \u017ce \u200b\u200bNauru zmaga si\u0119 z \u201ekl\u0105tw\u0105 zasob\u00f3w\u201d, gdzie zale\u017cno\u015b\u0107 od jednego zasobu naturalnego doprowadzi\u0142a do wyzwa\u0144 gospodarczych i szk\u00f3d dla \u015brodowiska.<\/p>\n<p>Aby zarz\u0105dza\u0107 bogactwem zgromadzonym z wydobycia fosforan\u00f3w, Nauru utworzy\u0142o fundusz powierniczy maj\u0105cy na celu zabezpieczenie finansowej przysz\u0142o\u015bci kraju po wyczerpaniu rezerw fosforan\u00f3w. Niestety, warto\u015b\u0107 tego funduszu powierniczego z czasem spad\u0142a, co doprowadzi\u0142o do niestabilno\u015bci gospodarczej. Pr\u00f3buj\u0105c zdywersyfikowa\u0107 \u017ar\u00f3d\u0142a dochod\u00f3w, Nauru na kr\u00f3tko sta\u0142o si\u0119 rajem podatkowym i centrum nielegalnego prania pieni\u0119dzy. Przedsi\u0119wzi\u0119cia te nie by\u0142y jednak trwa\u0142ymi, d\u0142ugoterminowymi rozwi\u0105zaniami problem\u00f3w gospodarczych kraju.<\/p>\n<p>Dzi\u015b Nauru stoi przed wyzwaniem odbudowy swojej gospodarki i \u015brodowiska, jednocze\u015bnie poruszaj\u0105c si\u0119 po skomplikowanych relacjach politycznych i historycznych spu\u015bciznach. Pomimo tych wyzwa\u0144, historia Nauru jest histori\u0105 odporno\u015bci i adaptacji, odzwierciedlaj\u0105c\u0105 szersz\u0105 dynamik\u0119 ma\u0142ych wyspiarskich narod\u00f3w w globalnym krajobrazie. Poniewa\u017c Nauru nadal poszukuje zr\u00f3wnowa\u017conych \u015bcie\u017cek rozwoju, pozostaje wyj\u0105tkowym i fascynuj\u0105cym studium w interakcji geografii, historii i ekonomii.<\/p>","protected":false},"excerpt":{"rendered":"<p>Nauru, oficjalnie znane jako Republika Nauru, jest ma\u0142ym krajem wyspiarskim i mikropa\u0144stwem po\u0142o\u017conym w Mikronezji, cz\u0119\u015bci rozleg\u0142ego regionu Oceanii na Centralnym Pacyfiku. Znane historycznie jako Pleasant Island, Nauru jest wyj\u0105tkowym krajem o bogatej historii i z\u0142o\u017conym krajobrazie spo\u0142eczno-ekonomicznym. Jego najbli\u017cszym s\u0105siadem jest wyspa Banaba w Kiribati, po\u0142o\u017cona oko\u0142o 300 kilometr\u00f3w (190 mil) na wsch\u00f3d. Geograficznie Nauru jest po\u0142o\u017cone na p\u00f3\u0142nocny zach\u00f3d od Tuvalu, 1300 kilometr\u00f3w (810 mil) na p\u00f3\u0142nocny wsch\u00f3d od Wysp Salomona, na wsch\u00f3d-p\u00f3\u0142nocny wsch\u00f3d od Papui-Nowej Gwinei, na po\u0142udniowy wsch\u00f3d od Sfederowanych Stan\u00f3w Mikronezji i na po\u0142udnie od Wysp Marshalla.<\/p>","protected":false},"author":1,"featured_media":3089,"parent":24105,"menu_order":0,"comment_status":"closed","ping_status":"closed","template":"elementor_theme","meta":{"_eb_attr":"","footnotes":""},"class_list":["post-9598","page","type-page","status-publish","has-post-thumbnail"],"_links":{"self":[{"href":"https:\/\/travelshelper.com\/pl\/wp-json\/wp\/v2\/pages\/9598","targetHints":{"allow":["GET"]}}],"collection":[{"href":"https:\/\/travelshelper.com\/pl\/wp-json\/wp\/v2\/pages"}],"about":[{"href":"https:\/\/travelshelper.com\/pl\/wp-json\/wp\/v2\/types\/page"}],"author":[{"embeddable":true,"href":"https:\/\/travelshelper.com\/pl\/wp-json\/wp\/v2\/users\/1"}],"replies":[{"embeddable":true,"href":"https:\/\/travelshelper.com\/pl\/wp-json\/wp\/v2\/comments?post=9598"}],"version-history":[{"count":0,"href":"https:\/\/travelshelper.com\/pl\/wp-json\/wp\/v2\/pages\/9598\/revisions"}],"up":[{"embeddable":true,"href":"https:\/\/travelshelper.com\/pl\/wp-json\/wp\/v2\/pages\/24105"}],"wp:featuredmedia":[{"embeddable":true,"href":"https:\/\/travelshelper.com\/pl\/wp-json\/wp\/v2\/media\/3089"}],"wp:attachment":[{"href":"https:\/\/travelshelper.com\/pl\/wp-json\/wp\/v2\/media?parent=9598"}],"curies":[{"name":"wp","href":"https:\/\/api.w.org\/{rel}","templated":true}]}}