{"id":9583,"date":"2024-09-08T19:33:00","date_gmt":"2024-09-08T19:33:00","guid":{"rendered":"https:\/\/travelshelper.com\/staging\/?page_id=9583"},"modified":"2026-03-13T23:17:37","modified_gmt":"2026-03-13T23:17:37","slug":"vanuatu","status":"publish","type":"page","link":"https:\/\/travelshelper.com\/pl\/destinations\/australia-and-oceania\/vanuatu\/","title":{"rendered":"Vanuatu"},"content":{"rendered":"<p>Vanuatu, oficjalnie nazywane Republik\u0105 Vanuatu, to intryguj\u0105cy kraj wyspiarski po\u0142o\u017cony w centralnej cz\u0119\u015bci Melanezji, na po\u0142udniowym Oceanie Spokojnym. 1750 kilometr\u00f3w (1090 mil) na wsch\u00f3d od p\u00f3\u0142nocnej Australii, 540 kilometr\u00f3w (340 mil) na p\u00f3\u0142nocny wsch\u00f3d od Nowej Kaledonii, na wsch\u00f3d od Nowej Gwinei, na po\u0142udniowy wsch\u00f3d od Wysp Salomona i na zach\u00f3d od Fid\u017ci, po\u0142o\u017cony jest ten archipelag, znany ze swoich wulkanicznych pocz\u0105tk\u00f3w. Unikalne po\u0142o\u017cenie geograficzne Vanuatu doprowadzi\u0142o do zbie\u017cno\u015bci wp\u0142yw\u00f3w kulturowych, definiuj\u0105c je jako wybitny kraj Pacyfiku.<\/p>\n<p>Historia Vanuatu jest \u015bci\u015ble zwi\u0105zana z ludem Melanezji, kt\u00f3ry jako pierwszy osiedli\u0142 si\u0119 na wyspach tysi\u0105ce lat temu. Wcze\u015bni imigranci przywie\u017ali wyrafinowane zwyczaje kulturowe i j\u0119zyki, kt\u00f3re przetrwa\u0142y przez lata. Pierwszy europejski kontakt z Vanuatu mia\u0142 miejsce w 1606 r., kiedy hiszpa\u0144ska ekspedycja uda\u0142a si\u0119 na najwi\u0119ksz\u0105 wysp\u0119, Esp\u00edritu Santo, pod dow\u00f3dztwem portugalskiego nawigatora Fernandesa de Queir\u00f3sa. Zainspirowany atrakcyjno\u015bci\u0105 i mo\u017cliwo\u015bciami wyspy, Queir\u00f3s ro\u015bci\u0142 sobie prawo do suwerenno\u015bci Hiszpanii nad archipelagiem jako cz\u0119\u015bci\u0105 kolonialnych Hiszpa\u0144skich Indii Wschodnich, wyznaczaj\u0105c w ten spos\u00f3b La Austrialia del Esp\u00edritu Santo. Chocia\u017c min\u0119\u0142y wieki, zanim pojawi\u0142y si\u0119 znacz\u0105ce dzia\u0142ania kolonialne, oznacza\u0142o to pocz\u0105tek europejskiej interakcji z tym obszarem.<\/p>\n<p>Pod koniec XIX wieku europejska interakcja z wyspami Pacyfiku \u2014 w tym z Vanuatu \u2014 ros\u0142a. Francja i Wielka Brytania ro\u015bci\u0142y sobie prawa do terytori\u00f3w archipelagu w latach 80. XIX wieku. Spotkanie interes\u00f3w doprowadzi\u0142o do powstania unikalnej struktury kolonialnej w 1906 roku, gdy oba narody zgodzi\u0142y si\u0119 wsp\u00f3lnie monitorowa\u0107 wyspy w ramach angielsko-francuskiego kondominium znanego jako Nowe Hebrydy. Poniewa\u017c dwie r\u00f3\u017cne pot\u0119gi kolonialne \u2014 ka\u017cda wyr\u00f3\u017cniaj\u0105ca si\u0119 unikalnym j\u0119zykiem, systemem prawnym i technikami administracyjnymi \u2014 musz\u0105 ze sob\u0105 wsp\u00f3\u0142pracowa\u0107, ten uk\u0142ad wyr\u00f3\u017cnia si\u0119 w historii kolonialnej. Okres kondomini\u00f3w wykaza\u0142 z\u0142o\u017con\u0105 i cz\u0119sto kontrowersyjn\u0105 struktur\u0119 zarz\u0105dzania, kt\u00f3ra ostatecznie ustanowi\u0142a podstawy wsp\u00f3\u0142czesnej sceny politycznej Vanuatu.<\/p>\n<p>Vanuatu nie by\u0142o wyj\u0105tkiem od tej regu\u0142y, a po\u0142owa XX wieku by\u0142a okresem wielkich wstrz\u0105s\u00f3w i zmian do\u015bwiadczanych na ca\u0142ym \u015bwiecie. Nap\u0119dzany rosn\u0105c\u0105 \u015bwiadomo\u015bci\u0105 to\u017csamo\u015bci narodowej i silnym pragnieniem samostanowienia, w latach 70. pojawi\u0142 si\u0119 ruch niepodleg\u0142o\u015bciowy. Podkre\u015blaj\u0105c zaanga\u017cowanie wyspiarzy w zdobywanie wolno\u015bci poprzez komunikacj\u0119 i wsp\u00f3\u0142prac\u0119, ruch wyra\u017anie koncentrowa\u0142 si\u0119 na pokojowych demonstracjach i negocjacjach. Po latach pracy wysi\u0142ki te zosta\u0142y urzeczywistnione w 1980 r. i powsta\u0142a Republika Vanuatu. Zmiana w kierunku niepodleg\u0142o\u015bci nast\u0105pi\u0142a do\u015b\u0107 naturalnie, pozwalaj\u0105c m\u0142odemu krajowi szybko ugruntowywa\u0107 swoj\u0105 pozycj\u0119 na arenie \u015bwiatowej.<\/p>\n<p>Vanuatu metodycznie wsp\u00f3\u0142dzia\u0142a ze spo\u0142eczno\u015bci\u0105 \u015bwiatow\u0105 od czasu uzyskania niepodleg\u0142o\u015bci, co potwierdza przynale\u017cno\u015b\u0107 do kilku znacz\u0105cych grup. Przyst\u0119puj\u0105c do Organizacji Narod\u00f3w Zjednoczonych, kraj udowodni\u0142 swoje zaanga\u017cowanie w pok\u00f3j \u015bwiatowy i projekty grupowe. B\u0119d\u0105c cz\u0119\u015bci\u0105 Wsp\u00f3lnoty Narod\u00f3w, Vanuatu utrzymuje silne wi\u0119zi z innymi by\u0142ymi koloniami brytyjskimi, wykorzystuj\u0105c ich wsp\u00f3lne dziedzictwo kulturowe i historyczne. Jego cz\u0142onkostwo w Organisation internationale de la Francophonie pokazuje r\u00f3wnie\u017c jego historyczne powi\u0105zania z kolonializmem francuskim i ci\u0105g\u0142y wp\u0142yw j\u0119zyka i kultury francuskiej. Vanuatu jest cz\u0142onkiem Pacific Islands Forum, regionalnego organu maj\u0105cego na celu promowanie wsp\u00f3\u0142pracy i rozwoju mi\u0119dzy krajami Wysp Pacyfiku.<\/p>\n<p>Jedn\u0105 z najbardziej niezwyk\u0142ych cech Vanuatu jest jego wielka r\u00f3\u017cnorodno\u015b\u0107 kulturowa. Maj\u0105c ponad 100 rodzimych j\u0119zyk\u00f3w, kraj ten nale\u017cy do najbardziej zr\u00f3\u017cnicowanych j\u0119zykowo narod\u00f3w na \u015bwiecie. Dynamiczny wachlarz praktyk kulturowych, obejmuj\u0105cy zar\u00f3wno staro\u017cytn\u0105 muzyk\u0119 i taniec, jak i wyj\u0105tkowe obrz\u0119dy i ceremonie, podkre\u015bla r\u00f3\u017cnorodno\u015b\u0107 j\u0119zykow\u0105. Z bogatymi lasami deszczowymi, nieskazitelnymi pla\u017cami i aktywnymi wulkanami, kt\u00f3re dodaj\u0105 szeregu niesamowitych miejsc i zr\u00f3\u017cnicowanych ekosystem\u00f3w, naturalne pi\u0119kno kraju stanowi mocny argument.<\/p>\n<p>Gospodarka Vanuatu opiera si\u0119 zasadniczo na us\u0142ugach finansowych offshore, turystyce i rolnictwie. Bogata gleba wulkaniczna u\u0142atwia upraw\u0119 r\u00f3\u017cnych ro\u015blin, w tym kawy, kakao i kokos\u00f3w \u2014 wszystkie te produkty s\u0105 wa\u017cnymi produktami eksportowymi. Odwiedzaj\u0105cy, kt\u00f3rych przyci\u0105ga niesamowite pi\u0119kno natury wysp, zr\u00f3\u017cnicowane dziedzictwo kulturowe oraz mo\u017cliwo\u015b\u0107 prze\u017cycia przygody i wypoczynku, nap\u0119dzaj\u0105 wzrost bran\u017cy turystycznej.<\/p>","protected":false},"excerpt":{"rendered":"<p>Vanuatu, oficjalnie nazywane Republik\u0105 Vanuatu, to intryguj\u0105cy kraj wyspiarski po\u0142o\u017cony w centralnej cz\u0119\u015bci Melanezji, na po\u0142udniowym Oceanie Spokojnym. 1750 kilometr\u00f3w (1090 mil) na wsch\u00f3d od p\u00f3\u0142nocnej Australii, 540 kilometr\u00f3w (340 mil) na p\u00f3\u0142nocny wsch\u00f3d od Nowej Kaledonii, na wsch\u00f3d od Nowej Gwinei, na po\u0142udniowy wsch\u00f3d od Wysp Salomona i na zach\u00f3d od Fid\u017ci, po\u0142o\u017cony jest ten archipelag, znany ze swoich wulkanicznych pocz\u0105tk\u00f3w. Unikalne po\u0142o\u017cenie geograficzne Vanuatu doprowadzi\u0142o do zbie\u017cno\u015bci wp\u0142yw\u00f3w kulturowych, definiuj\u0105c je jako wybitny kraj Pacyfiku.<\/p>","protected":false},"author":1,"featured_media":4267,"parent":24105,"menu_order":0,"comment_status":"closed","ping_status":"closed","template":"elementor_theme","meta":{"_eb_attr":"","footnotes":""},"class_list":["post-9583","page","type-page","status-publish","has-post-thumbnail"],"_links":{"self":[{"href":"https:\/\/travelshelper.com\/pl\/wp-json\/wp\/v2\/pages\/9583","targetHints":{"allow":["GET"]}}],"collection":[{"href":"https:\/\/travelshelper.com\/pl\/wp-json\/wp\/v2\/pages"}],"about":[{"href":"https:\/\/travelshelper.com\/pl\/wp-json\/wp\/v2\/types\/page"}],"author":[{"embeddable":true,"href":"https:\/\/travelshelper.com\/pl\/wp-json\/wp\/v2\/users\/1"}],"replies":[{"embeddable":true,"href":"https:\/\/travelshelper.com\/pl\/wp-json\/wp\/v2\/comments?post=9583"}],"version-history":[{"count":0,"href":"https:\/\/travelshelper.com\/pl\/wp-json\/wp\/v2\/pages\/9583\/revisions"}],"up":[{"embeddable":true,"href":"https:\/\/travelshelper.com\/pl\/wp-json\/wp\/v2\/pages\/24105"}],"wp:featuredmedia":[{"embeddable":true,"href":"https:\/\/travelshelper.com\/pl\/wp-json\/wp\/v2\/media\/4267"}],"wp:attachment":[{"href":"https:\/\/travelshelper.com\/pl\/wp-json\/wp\/v2\/media?parent=9583"}],"curies":[{"name":"wp","href":"https:\/\/api.w.org\/{rel}","templated":true}]}}